{"id":13676,"date":"2023-01-05T10:38:29","date_gmt":"2023-01-05T10:38:29","guid":{"rendered":"https:\/\/www.novotek.com\/ch\/hmi-scada\/"},"modified":"2025-09-30T15:01:47","modified_gmt":"2025-09-30T15:01:47","slug":"hmi-scada","status":"publish","type":"page","link":"https:\/\/www.novotek.com\/ch\/fr\/hmi-scada\/","title":{"rendered":"HMI \/ SCADA"},"content":{"rendered":"  <div class=\"hero\">\n    <div class=\"carousel hero-slider small\" data-flickity data-flickity-options='{\"prevNextButtons\": false}'>\n              <div class=\"carousel-cell\">\n          <div class=\"container\">\n            <div class=\"hero-content\">\n                              <h1>Tout sous contr\u00f4le avec HMI \/ SCADA<\/h1>\n<p>Un syst\u00e8me IHM\/SCADA vous donne une vue d&#8217;ensemble et un contr\u00f4le sur l&#8217;ensemble des installations de production et des processus.<\/p>\n              \n                          <\/div>\n          <\/div>\n\n          <img decoding=\"async\" width=\"1024\" height=\"427\" src=\"https:\/\/www.novotek.com\/ch\/wp-content\/uploads\/sites\/3\/HMISCADA_GEVernova_1920x800_-1-1024x427.jpg.webp\" class=\"hero-bg\" alt=\"Hero Img\" fetchpriority=\"high\" srcset=\"https:\/\/www.novotek.com\/ch\/wp-content\/uploads\/sites\/3\/HMISCADA_GEVernova_1920x800_-1-1024x427.jpg.webp 1024w, https:\/\/www.novotek.com\/ch\/wp-content\/uploads\/sites\/3\/HMISCADA_GEVernova_1920x800_-1-300x125.jpg.webp 300w, https:\/\/www.novotek.com\/ch\/wp-content\/uploads\/sites\/3\/HMISCADA_GEVernova_1920x800_-1-768x320.jpg.webp 768w, https:\/\/www.novotek.com\/ch\/wp-content\/uploads\/sites\/3\/HMISCADA_GEVernova_1920x800_-1-1536x640.jpg.webp 1536w, https:\/\/www.novotek.com\/ch\/wp-content\/uploads\/sites\/3\/HMISCADA_GEVernova_1920x800_-1-86x36.jpg.webp 86w, https:\/\/www.novotek.com\/ch\/wp-content\/uploads\/sites\/3\/HMISCADA_GEVernova_1920x800_-1-306x128.jpg.webp 306w, https:\/\/www.novotek.com\/ch\/wp-content\/uploads\/sites\/3\/HMISCADA_GEVernova_1920x800_-1-636x265.jpg.webp 636w, https:\/\/www.novotek.com\/ch\/wp-content\/uploads\/sites\/3\/HMISCADA_GEVernova_1920x800_-1-1632x680.jpg.webp 1632w, https:\/\/www.novotek.com\/ch\/wp-content\/uploads\/sites\/3\/HMISCADA_GEVernova_1920x800_-1.jpg 1920w\" sizes=\"(max-width: 1024px) 100vw, 1024px\" \/>                  <\/div>\n          <\/div>\n\n      <\/div>\n\n   \n\n\n<div class=\"container-md paragraph  \">\n<p>Surveillez, contr\u00f4lez et visualisez vos cycles de production avec le logiciel Proficy. En un coup d\u2019\u0153il, les utilisateurs savent ce qui est important ainsi que les bonnes mesures pour exploiter les installations de production en toute efficacit\u00e9 et de mani\u00e8re avantageuse.<\/p>\n<\/div>\n\n<div class=\"container-md spacer  \">\n<div style=\"height:50px\" aria-hidden=\"true\" class=\"wp-block-spacer\"><\/div>\n<\/div>\n\n<div class=\"container media-text  alignwide\">\n<div class=\"wp-block-media-text alignwide has-media-on-the-right is-stacked-on-mobile\" style=\"grid-template-columns:auto 35%\"><div class=\"wp-block-media-text__content\"><div class=\"container-md heading  \">\n<h2 class=\"wp-block-heading\" id=\"h-qu-est-ce-qu-une-hmi\">Qu\u2019est-ce qu\u2019une HMI&nbsp;?<\/h2>\n<\/div>\n\n<div class=\"container-md paragraph  \">\n<p>HMI vient de l\u2019anglais \u00ab&nbsp;<strong>H<\/strong>uman <strong>M<\/strong>achine <strong>I<\/strong>nterface&nbsp;\u00bb et d\u00e9signe l\u2019interface utilisateur entre l\u2019homme et la machine.&nbsp;En pratique, il s\u2019agit g\u00e9n\u00e9ralement d\u2019un \u00e9cran de PC avec souris, d\u2019un \u00e9cran tactile ou d\u2019une tablette, qui repr\u00e9sentent graphiquement les informations pour l\u2019utilisateur.<\/p>\n<\/div>\n\n<div class=\"container-md paragraph  \">\n<p>L\u2019Interface Homme Machine (HMI) est un terme g\u00e9n\u00e9rique pour une interface utilisateur graphique. Celle-ci permet non seulement d\u2019afficher, mais \u00e9galement d\u2019envoyer des instructions comme par ex. des valeurs de consigne ou des commandes On\/Off au sein de l\u2019installation.<\/p>\n<\/div><\/div><figure class=\"wp-block-media-text__media\"><img loading=\"lazy\" decoding=\"async\" width=\"300\" height=\"300\" src=\"https:\/\/www.novotek.com\/ch\/wp-content\/uploads\/sites\/3\/HMI-SCADA_vor_dem_operator_Novotek-300x300-1.jpg\" alt=\"\" class=\"wp-image-8526 size-full\" srcset=\"https:\/\/www.novotek.com\/ch\/wp-content\/uploads\/sites\/3\/HMI-SCADA_vor_dem_operator_Novotek-300x300-1.jpg 300w, https:\/\/www.novotek.com\/ch\/wp-content\/uploads\/sites\/3\/HMI-SCADA_vor_dem_operator_Novotek-300x300-1-150x150.jpg 150w\" sizes=\"auto, (max-width: 300px) 100vw, 300px\" \/><\/figure><\/div>\n<\/div>\n\n<div class=\"container-md spacer  \">\n<div style=\"height:50px\" aria-hidden=\"true\" class=\"wp-block-spacer\"><\/div>\n<\/div>\n\n<div class=\"container-md heading  \">\n<h2 class=\"wp-block-heading\" id=\"h-qu-est-ce-qu-une-scada\">Qu\u2019est-ce qu\u2019une SCADA&nbsp;?<\/h2>\n<\/div>\n\n<div class=\"container-md paragraph  \">\n<p>SCADA vient de l\u2019anglais \u00ab&nbsp;<strong>S<\/strong>upervisory <strong>C<\/strong>ontrol <strong>A<\/strong>nd <strong>D<\/strong>ata <strong>A<\/strong>cquisition&nbsp;\u00bb. Ces termes d\u00e9signent un syst\u00e8me d\u2019automatisation pour visualiser, contr\u00f4ler et g\u00e9rer les installations de production et les processus. Les SCADA contiennent toujours une interface utilisateur graphique et sont par cons\u00e9quent d\u00e9nomm\u00e9es HMI \/ SCADA.<\/p>\n<\/div>\n\n<div class=\"container-md paragraph  \">\n<p>Les HMI \/ SCADA sont aujourd\u2019hui indissociables des installations automatis\u00e9es. Elles surveillent le processus, enregistrent les donn\u00e9es et les \u00e9v\u00e9nements pertinents et g\u00e9n\u00e8rent des alarmes qui doivent \u00eatre acquitt\u00e9es par l\u2019utilisateur. D\u2019autres fonctions des SCADA sont la gestion des utilisateurs, la gestion des recettes, les tendances (diagrammes de courbes) ou encore des fonctionnalit\u00e9s sp\u00e9ciales qui peuvent g\u00e9n\u00e9ralement \u00eatre programm\u00e9es dans le module de script du serveur SCADA.<\/p>\n<\/div>\n\n<div class=\"container-md paragraph  \">\n<p>Un syst\u00e8me SCADA vous donne la vue d\u2019ensemble n\u00e9cessaire pour prendre des d\u00e9cisions qui optimisent la production. Un syst\u00e8me efficace peut garantir des \u00e9conomies cons\u00e9quentes de temps et d\u2019argent, entre autres en r\u00e9duisant la consommation d\u2019\u00e9nergie et en d\u00e9tectant imm\u00e9diatement les erreurs sur les machines et les installations.<\/p>\n<\/div>\n\n<div class=\"container-md spacer  \">\n<div style=\"height:50px\" aria-hidden=\"true\" class=\"wp-block-spacer\"><\/div>\n<\/div>\n\n<div class=\"container-md heading  \">\n<h2 class=\"wp-block-heading\" id=\"h-mise-en-oeuvre-dans-tous-les-secteurs-industriels\">Mise en \u0153uvre dans tous les secteurs industriels<\/h2>\n<\/div>\n\n<div class=\"container-md paragraph  \">\n<p>Les syst\u00e8mes SCADA se retrouvent aujourd\u2019hui dans la plupart des installations et syst\u00e8mes de production.&nbsp;Ils sont mis en \u0153uvre dans tous les secteurs, notamment&nbsp;:<\/p>\n<\/div>\n\n<div class=\"container-md list  \">\n<ul class=\"wp-block-list\"><div class=\"container-md list-item  \">\n<li>Domotique<\/li>\n<\/div>\n\n<div class=\"container-md list-item  \">\n<li>Infrastructure<\/li>\n<\/div>\n\n<div class=\"container-md list-item  \">\n<li>Chimie<\/li>\n<\/div>\n\n<div class=\"container-md list-item  \">\n<li>Production &amp; distribution d\u2019\u00e9nergie<\/li>\n<\/div>\n\n<div class=\"container-md list-item  \">\n<li>Pharmacie &amp; biotechnologie<\/li>\n<\/div>\n\n<div class=\"container-md list-item  \">\n<li>Produits alimentaires et boissons<\/li>\n<\/div>\n\n<div class=\"container-md list-item  \">\n<li>Papier et cellulose<\/li>\n<\/div>\n\n<div class=\"container-md list-item  \">\n<li>Production en processus et \u00e0 la pi\u00e8ce<\/li>\n<\/div>\n\n<div class=\"container-md list-item  \">\n<li>Eau et eaux us\u00e9es<\/li>\n<\/div><\/ul>\n<\/div>\n\n<div class=\"container-md paragraph  \">\n<p>Un syst\u00e8me SCADA est adapt\u00e9 aux exigences sp\u00e9cifiques du secteur ainsi qu\u2019aux besoins individuels des entreprises&nbsp;; il va des simples solutions autonomes aux grands syst\u00e8mes complexes avec plusieurs paires de serveurs redondantes et de nombreux clients.&nbsp;<\/p>\n<\/div>\n\n<div class=\"container-md paragraph  \">\n<p>Chaque jour, les solutions de Novotek surveillent et contr\u00f4lent des milliers d\u2019installations. Nos syst\u00e8mes SCADA sont des produits \u00ab&nbsp;Commercial off-the-shelf&nbsp;\u00bb (COTS) de&nbsp;<strong>GE Vernova<\/strong> qui peuvent \u00eatre adapt\u00e9s \u00e0 vos besoins sans programmation.&nbsp;<\/p>\n<\/div>\n\n<div class=\"container-md spacer  \">\n<div style=\"height:100px\" aria-hidden=\"true\" class=\"wp-block-spacer\"><\/div>\n<\/div>\n\n  <div class=\"slider-column-parent\">\n    <div class=\"container\">\n      <div class=\"slider-column-title\">Nos produits HMI \/ SCADA<\/div>\n\n      <div class=\"slider-column\">\n        <div class=\"slider-cell carousel-cell large\"><div class=\"column-box\">\n  \n      <div class=\"title\">\n      Proficy iFIX<\/br>GE Vernova    <\/div>\n  \n      <div class=\"text\">\n      <p>iFIX utilise les technologies les plus r\u00e9centes, qui offrent aux utilisateurs un aper\u00e7u plus rapide et une efficacit\u00e9 am\u00e9lior\u00e9e, tout en permettant aux int\u00e9grateurs de syst\u00e8mes de d\u00e9velopper rapidement des applications.<\/p>\n    <\/div>\n  \n      <a class=\"link\"  href=\"https:\/\/www.novotek.com\/ch\/fr\/hmi-scada\/proficy-ifix\/\" target=\"\">\n      Proficy iFIX    <\/a>\n  \n  <\/div>\n\n<\/div><div class=\"slider-cell carousel-cell large\"><div class=\"column-box\">\n  \n      <div class=\"title\">\n      Proficy CIMPLICITY<\/br>GE Vernova    <\/div>\n  \n      <div class=\"text\">\n      <p>En tant que syst\u00e8me HMI\/SCADA \u00e9prouv\u00e9 et \u00e9volutif, CIMPLICITY offre une v\u00e9ritable visualisation et un contr\u00f4le client-serveur, depuis les machines individuelles jusqu&#8217;aux sites d&#8217;usine dans le monde entier.<\/p>\n    <\/div>\n  \n      <a class=\"link\"  href=\"https:\/\/www.novotek.com\/ch\/fr\/hmi-scada\/proficy-cimplicity\/\" target=\"\">\n      Proficy CIMPLICITY    <\/a>\n  \n  <\/div>\n\n<\/div><div class=\"slider-cell carousel-cell large\"><div class=\"column-box\">\n  \n      <div class=\"title\">\n      Proficy Operations Hub<\/br>GE Vernova    <\/div>\n  \n      <div class=\"text\">\n      <p>Portail de visualisation et de tableau de bord &#8220;no-code&#8221; bas\u00e9 sur le web pour les donn\u00e9es OT et front-end pour toute la famille de logiciels Proficy. Le syst\u00e8me central pour l&#8217;ensemble de la visualisation et de l&#8217;utilisation des applications les plus diverses.<\/p>\n    <\/div>\n  \n      <a class=\"link\"  href=\"https:\/\/www.novotek.com\/ch\/fr\/hmi-scada\/proficy-operations-hub\/\" target=\"\">\n      Proficy Operations Hub    <\/a>\n  \n  <\/div>\n\n<\/div><div class=\"slider-cell carousel-cell large\"><div class=\"column-box\">\n  \n      <div class=\"title\">\n      Proficy Batch Execution<\/br>GE Vernova    <\/div>\n  \n      <div class=\"text\">\n      <p>Pour des processus de production flexibles et contr\u00f4l\u00e9s par recette sans programmation. Pour les industries telles que l&#8217;alimentaire, la pharmacie et la chimie.<\/p>\n    <\/div>\n  \n      <a class=\"link\"  href=\"https:\/\/www.novotek.com\/ch\/fr\/hmi-scada\/proficy-batch-execution\/\" target=\"\">\n      Proficy Batch Execution    <\/a>\n  \n  <\/div>\n\n<\/div>      <\/div>\n    <\/div>\n  <\/div>\n","protected":false},"excerpt":{"rendered":"<p>Tout est sous contr&ocirc;le&nbsp;! UN syst&egrave;me HMI\/SCDA vous donne une vue d&apos;ensemble et le contr&ocirc;le des installations de production et des processus complets.<\/p>\n","protected":false},"author":14,"featured_media":0,"parent":0,"menu_order":4,"comment_status":"closed","ping_status":"closed","template":"","meta":{"_acf_changed":false,"_relevanssi_hide_post":"","_relevanssi_pin_for_all":"","_relevanssi_pin_keywords":"","_relevanssi_unpin_keywords":"","_relevanssi_related_keywords":"","_relevanssi_related_include_ids":"","_relevanssi_related_exclude_ids":"","_relevanssi_related_no_append":"","_relevanssi_related_not_related":"","_relevanssi_related_posts":"12409,11774,13571,13569,12884,13565","_relevanssi_noindex_reason":"","content-type":"","footnotes":""},"class_list":["post-13676","page","type-page","status-publish","hentry"],"acf":[],"yoast_head":"<!-- This site is optimized with the Yoast SEO plugin v27.3 - https:\/\/yoast.com\/product\/yoast-seo-wordpress\/ -->\n<title>HMI \/ SCADA - Solutions pour tous les secteurs<\/title>\n<meta name=\"description\" content=\"Gardez une vue d&amp;apos;ensemble sur vos installations - localement ou dans Cloud - gr\u00e2ce aux solutions de visualisation \u00e9volutives de Novotek!\" \/>\n<meta name=\"robots\" content=\"index, follow, max-snippet:-1, max-image-preview:large, max-video-preview:-1\" \/>\n<link rel=\"canonical\" href=\"https:\/\/www.novotek.com\/ch\/fr\/hmi-scada\/\" \/>\n<meta property=\"og:locale\" content=\"fr_FR\" \/>\n<meta property=\"og:type\" content=\"article\" \/>\n<meta property=\"og:title\" content=\"HMI \/ SCADA - Solutions pour tous les secteurs\" \/>\n<meta property=\"og:description\" content=\"Gardez une vue d&amp;apos;ensemble sur vos installations - localement ou dans Cloud - gr\u00e2ce aux solutions de visualisation \u00e9volutives de Novotek!\" \/>\n<meta property=\"og:url\" content=\"https:\/\/www.novotek.com\/ch\/fr\/hmi-scada\/\" \/>\n<meta property=\"og:site_name\" content=\"Novotek CH\" \/>\n<meta property=\"article:modified_time\" content=\"2025-09-30T15:01:47+00:00\" \/>\n<meta property=\"og:image\" content=\"https:\/\/www.novotek.com\/ch\/wp-content\/uploads\/sites\/3\/HMISCADA_GEDigital_1920x800_.jpg.webp\" \/>\n\t<meta property=\"og:image:width\" content=\"1920\" \/>\n\t<meta property=\"og:image:height\" content=\"800\" \/>\n\t<meta property=\"og:image:type\" content=\"image\/jpeg\" \/>\n<meta name=\"twitter:card\" content=\"summary_large_image\" \/>\n<meta name=\"twitter:label1\" content=\"Est. reading time\" \/>\n\t<meta name=\"twitter:data1\" content=\"3 minutes\" \/>\n<script type=\"application\/ld+json\" class=\"yoast-schema-graph\">{\"@context\":\"https:\\\/\\\/schema.org\",\"@graph\":[{\"@type\":\"WebPage\",\"@id\":\"https:\\\/\\\/www.novotek.com\\\/ch\\\/fr\\\/hmi-scada\\\/\",\"url\":\"https:\\\/\\\/www.novotek.com\\\/ch\\\/fr\\\/hmi-scada\\\/\",\"name\":\"HMI \\\/ SCADA - Solutions pour tous les secteurs\",\"isPartOf\":{\"@id\":\"https:\\\/\\\/www.novotek.com\\\/ch\\\/#website\"},\"primaryImageOfPage\":{\"@id\":\"https:\\\/\\\/www.novotek.com\\\/ch\\\/fr\\\/hmi-scada\\\/#primaryimage\"},\"image\":{\"@id\":\"https:\\\/\\\/www.novotek.com\\\/ch\\\/fr\\\/hmi-scada\\\/#primaryimage\"},\"thumbnailUrl\":\"https:\\\/\\\/www.novotek.com\\\/ch\\\/wp-content\\\/uploads\\\/sites\\\/3\\\/HMI-SCADA_vor_dem_operator_Novotek-300x300-1.jpg\",\"datePublished\":\"2023-01-05T10:38:29+00:00\",\"dateModified\":\"2025-09-30T15:01:47+00:00\",\"description\":\"Gardez une vue d&apos;ensemble sur vos installations - localement ou dans Cloud - gr\u00e2ce aux solutions de visualisation \u00e9volutives de Novotek!\",\"breadcrumb\":{\"@id\":\"https:\\\/\\\/www.novotek.com\\\/ch\\\/fr\\\/hmi-scada\\\/#breadcrumb\"},\"inLanguage\":\"fr-CH\",\"potentialAction\":[{\"@type\":\"ReadAction\",\"target\":[\"https:\\\/\\\/www.novotek.com\\\/ch\\\/fr\\\/hmi-scada\\\/\"]}]},{\"@type\":\"ImageObject\",\"inLanguage\":\"fr-CH\",\"@id\":\"https:\\\/\\\/www.novotek.com\\\/ch\\\/fr\\\/hmi-scada\\\/#primaryimage\",\"url\":\"https:\\\/\\\/www.novotek.com\\\/ch\\\/wp-content\\\/uploads\\\/sites\\\/3\\\/HMI-SCADA_vor_dem_operator_Novotek-300x300-1.jpg\",\"contentUrl\":\"https:\\\/\\\/www.novotek.com\\\/ch\\\/wp-content\\\/uploads\\\/sites\\\/3\\\/HMI-SCADA_vor_dem_operator_Novotek-300x300-1.jpg\"},{\"@type\":\"BreadcrumbList\",\"@id\":\"https:\\\/\\\/www.novotek.com\\\/ch\\\/fr\\\/hmi-scada\\\/#breadcrumb\",\"itemListElement\":[{\"@type\":\"ListItem\",\"position\":1,\"name\":\"Home\",\"item\":\"https:\\\/\\\/www.novotek.com\\\/ch\\\/fr\\\/\"},{\"@type\":\"ListItem\",\"position\":2,\"name\":\"HMI \\\/ SCADA\"}]},{\"@type\":\"WebSite\",\"@id\":\"https:\\\/\\\/www.novotek.com\\\/ch\\\/#website\",\"url\":\"https:\\\/\\\/www.novotek.com\\\/ch\\\/\",\"name\":\"Novotek Switzerland AG\",\"description\":\"Connect - Digitalize - Optimize\",\"publisher\":{\"@id\":\"https:\\\/\\\/www.novotek.com\\\/ch\\\/#organization\"},\"potentialAction\":[{\"@type\":\"SearchAction\",\"target\":{\"@type\":\"EntryPoint\",\"urlTemplate\":\"https:\\\/\\\/www.novotek.com\\\/ch\\\/?s={search_term_string}\"},\"query-input\":{\"@type\":\"PropertyValueSpecification\",\"valueRequired\":true,\"valueName\":\"search_term_string\"}}],\"inLanguage\":\"fr-CH\"},{\"@type\":\"Organization\",\"@id\":\"https:\\\/\\\/www.novotek.com\\\/ch\\\/#organization\",\"name\":\"Novotek Switzerland AG\",\"url\":\"https:\\\/\\\/www.novotek.com\\\/ch\\\/\",\"logo\":{\"@type\":\"ImageObject\",\"inLanguage\":\"fr-CH\",\"@id\":\"https:\\\/\\\/www.novotek.com\\\/ch\\\/#\\\/schema\\\/logo\\\/image\\\/\",\"url\":\"https:\\\/\\\/www.novotek.com\\\/ch\\\/wp-content\\\/uploads\\\/sites\\\/3\\\/novotek-symbol-rgb-pos-white-border-512x512-1.png\",\"contentUrl\":\"https:\\\/\\\/www.novotek.com\\\/ch\\\/wp-content\\\/uploads\\\/sites\\\/3\\\/novotek-symbol-rgb-pos-white-border-512x512-1.png\",\"width\":512,\"height\":512,\"caption\":\"Novotek Switzerland AG\"},\"image\":{\"@id\":\"https:\\\/\\\/www.novotek.com\\\/ch\\\/#\\\/schema\\\/logo\\\/image\\\/\"}}]}<\/script>\n<!-- \/ Yoast SEO plugin. -->","yoast_head_json":{"title":"HMI \/ SCADA - Solutions pour tous les secteurs","description":"Gardez une vue d&apos;ensemble sur vos installations - localement ou dans Cloud - gr\u00e2ce aux solutions de visualisation \u00e9volutives de Novotek!","robots":{"index":"index","follow":"follow","max-snippet":"max-snippet:-1","max-image-preview":"max-image-preview:large","max-video-preview":"max-video-preview:-1"},"canonical":"https:\/\/www.novotek.com\/ch\/fr\/hmi-scada\/","og_locale":"fr_FR","og_type":"article","og_title":"HMI \/ SCADA - Solutions pour tous les secteurs","og_description":"Gardez une vue d&apos;ensemble sur vos installations - localement ou dans Cloud - gr\u00e2ce aux solutions de visualisation \u00e9volutives de Novotek!","og_url":"https:\/\/www.novotek.com\/ch\/fr\/hmi-scada\/","og_site_name":"Novotek CH","article_modified_time":"2025-09-30T15:01:47+00:00","og_image":[{"width":1920,"height":800,"url":"https:\/\/www.novotek.com\/ch\/wp-content\/uploads\/sites\/3\/HMISCADA_GEDigital_1920x800_.jpg.webp","type":"image\/jpeg"}],"twitter_card":"summary_large_image","twitter_misc":{"Est. reading time":"3 minutes"},"schema":{"@context":"https:\/\/schema.org","@graph":[{"@type":"WebPage","@id":"https:\/\/www.novotek.com\/ch\/fr\/hmi-scada\/","url":"https:\/\/www.novotek.com\/ch\/fr\/hmi-scada\/","name":"HMI \/ SCADA - Solutions pour tous les secteurs","isPartOf":{"@id":"https:\/\/www.novotek.com\/ch\/#website"},"primaryImageOfPage":{"@id":"https:\/\/www.novotek.com\/ch\/fr\/hmi-scada\/#primaryimage"},"image":{"@id":"https:\/\/www.novotek.com\/ch\/fr\/hmi-scada\/#primaryimage"},"thumbnailUrl":"https:\/\/www.novotek.com\/ch\/wp-content\/uploads\/sites\/3\/HMI-SCADA_vor_dem_operator_Novotek-300x300-1.jpg","datePublished":"2023-01-05T10:38:29+00:00","dateModified":"2025-09-30T15:01:47+00:00","description":"Gardez une vue d&apos;ensemble sur vos installations - localement ou dans Cloud - gr\u00e2ce aux solutions de visualisation \u00e9volutives de Novotek!","breadcrumb":{"@id":"https:\/\/www.novotek.com\/ch\/fr\/hmi-scada\/#breadcrumb"},"inLanguage":"fr-CH","potentialAction":[{"@type":"ReadAction","target":["https:\/\/www.novotek.com\/ch\/fr\/hmi-scada\/"]}]},{"@type":"ImageObject","inLanguage":"fr-CH","@id":"https:\/\/www.novotek.com\/ch\/fr\/hmi-scada\/#primaryimage","url":"https:\/\/www.novotek.com\/ch\/wp-content\/uploads\/sites\/3\/HMI-SCADA_vor_dem_operator_Novotek-300x300-1.jpg","contentUrl":"https:\/\/www.novotek.com\/ch\/wp-content\/uploads\/sites\/3\/HMI-SCADA_vor_dem_operator_Novotek-300x300-1.jpg"},{"@type":"BreadcrumbList","@id":"https:\/\/www.novotek.com\/ch\/fr\/hmi-scada\/#breadcrumb","itemListElement":[{"@type":"ListItem","position":1,"name":"Home","item":"https:\/\/www.novotek.com\/ch\/fr\/"},{"@type":"ListItem","position":2,"name":"HMI \/ SCADA"}]},{"@type":"WebSite","@id":"https:\/\/www.novotek.com\/ch\/#website","url":"https:\/\/www.novotek.com\/ch\/","name":"Novotek Switzerland AG","description":"Connect - Digitalize - Optimize","publisher":{"@id":"https:\/\/www.novotek.com\/ch\/#organization"},"potentialAction":[{"@type":"SearchAction","target":{"@type":"EntryPoint","urlTemplate":"https:\/\/www.novotek.com\/ch\/?s={search_term_string}"},"query-input":{"@type":"PropertyValueSpecification","valueRequired":true,"valueName":"search_term_string"}}],"inLanguage":"fr-CH"},{"@type":"Organization","@id":"https:\/\/www.novotek.com\/ch\/#organization","name":"Novotek Switzerland AG","url":"https:\/\/www.novotek.com\/ch\/","logo":{"@type":"ImageObject","inLanguage":"fr-CH","@id":"https:\/\/www.novotek.com\/ch\/#\/schema\/logo\/image\/","url":"https:\/\/www.novotek.com\/ch\/wp-content\/uploads\/sites\/3\/novotek-symbol-rgb-pos-white-border-512x512-1.png","contentUrl":"https:\/\/www.novotek.com\/ch\/wp-content\/uploads\/sites\/3\/novotek-symbol-rgb-pos-white-border-512x512-1.png","width":512,"height":512,"caption":"Novotek Switzerland AG"},"image":{"@id":"https:\/\/www.novotek.com\/ch\/#\/schema\/logo\/image\/"}}]}},"_links":{"self":[{"href":"https:\/\/www.novotek.com\/ch\/fr\/wp-json\/wp\/v2\/pages\/13676","targetHints":{"allow":["GET"]}}],"collection":[{"href":"https:\/\/www.novotek.com\/ch\/fr\/wp-json\/wp\/v2\/pages"}],"about":[{"href":"https:\/\/www.novotek.com\/ch\/fr\/wp-json\/wp\/v2\/types\/page"}],"author":[{"embeddable":true,"href":"https:\/\/www.novotek.com\/ch\/fr\/wp-json\/wp\/v2\/users\/14"}],"replies":[{"embeddable":true,"href":"https:\/\/www.novotek.com\/ch\/fr\/wp-json\/wp\/v2\/comments?post=13676"}],"version-history":[{"count":18,"href":"https:\/\/www.novotek.com\/ch\/fr\/wp-json\/wp\/v2\/pages\/13676\/revisions"}],"predecessor-version":[{"id":27951,"href":"https:\/\/www.novotek.com\/ch\/fr\/wp-json\/wp\/v2\/pages\/13676\/revisions\/27951"}],"wp:attachment":[{"href":"https:\/\/www.novotek.com\/ch\/fr\/wp-json\/wp\/v2\/media?parent=13676"}],"curies":[{"name":"wp","href":"https:\/\/api.w.org\/{rel}","templated":true}]}}