{"id":13683,"date":"2023-01-05T10:40:11","date_gmt":"2023-01-05T10:40:11","guid":{"rendered":"https:\/\/www.novotek.com\/ch\/smart-factory-mes\/proficy-manufacturing-data-cloud\/"},"modified":"2025-09-30T15:26:15","modified_gmt":"2025-09-30T15:26:15","slug":"proficy-manufacturing-data-cloud","status":"publish","type":"page","link":"https:\/\/www.novotek.com\/ch\/fr\/smart-factory-mes\/proficy-manufacturing-data-cloud\/","title":{"rendered":"Proficy Manufacturing Data Cloud"},"content":{"rendered":"  <div class=\"hero\">\n    <div class=\"carousel hero-slider small\" data-flickity data-flickity-options='{\"prevNextButtons\": false}'>\n              <div class=\"carousel-cell\">\n          <div class=\"container\">\n            <div class=\"hero-content\">\n                              <h1>Proficy Manufacturing Data Cloud<\/h1>\n<p>Consolidez et transformez vos donn\u00e9es de production \u00e0 l&#8217;\u00e9chelle de l&#8217;usine pour le stockage, l&#8217;\u00e9valuation et l&#8217;analyse dans le cloud.<\/p>\n              \n                          <\/div>\n          <\/div>\n\n          <img decoding=\"async\" width=\"1024\" height=\"427\" src=\"https:\/\/www.novotek.com\/ch\/wp-content\/uploads\/sites\/3\/2021\/Novotek_UK\/Solutions_and_Products\/VersaMax\/PLS_styresystemer_duotone_1980x800-1024x427.jpg\" class=\"hero-bg\" alt=\"Hero Img\" fetchpriority=\"high\" srcset=\"https:\/\/www.novotek.com\/ch\/wp-content\/uploads\/sites\/3\/2021\/Novotek_UK\/Solutions_and_Products\/VersaMax\/PLS_styresystemer_duotone_1980x800-1024x427.jpg 1024w, https:\/\/www.novotek.com\/ch\/wp-content\/uploads\/sites\/3\/2021\/Novotek_UK\/Solutions_and_Products\/VersaMax\/PLS_styresystemer_duotone_1980x800-300x125.jpg 300w, https:\/\/www.novotek.com\/ch\/wp-content\/uploads\/sites\/3\/2021\/Novotek_UK\/Solutions_and_Products\/VersaMax\/PLS_styresystemer_duotone_1980x800-768x320.jpg 768w, https:\/\/www.novotek.com\/ch\/wp-content\/uploads\/sites\/3\/2021\/Novotek_UK\/Solutions_and_Products\/VersaMax\/PLS_styresystemer_duotone_1980x800-1536x640.jpg 1536w, https:\/\/www.novotek.com\/ch\/wp-content\/uploads\/sites\/3\/2021\/Novotek_UK\/Solutions_and_Products\/VersaMax\/PLS_styresystemer_duotone_1980x800.jpg 1920w\" sizes=\"(max-width: 1024px) 100vw, 1024px\" \/>                  <\/div>\n          <\/div>\n\n      <\/div>\n\n   <div class=\"floating-breadcrumb\"><div class=\"container\"><span><span><a href=\"https:\/\/www.novotek.com\/ch\/fr\/\" class=\"breadcrumb-frontpage\">Home<\/a><\/span><\/span><\/div><\/div>\n\n\n<div class=\"container-md paragraph  \">\n<p>Proficy Manufacturing Data Cloud (Proficy MDC) fait partie de la suite Manufacturing Execution Systems de GE Vernova et vous permet d\u2019accro\u00eetre simplement et rapidement la plus-value en transmettant les donn\u00e9es de production de l\u2019entreprise en toute fiabilit\u00e9 au Cloud et en les Convertissant en un jeu de donn\u00e9es structur\u00e9.<\/p>\n<\/div>\n\n<div class=\"container-md paragraph  \">\n<p>Proficy MDC permet de consolider trois jeux de donn\u00e9es requis pour l\u2019optimisation des processus et les applications analytiques&nbsp;: les donn\u00e9es relatives aux installations, les donn\u00e9es ERP et les donn\u00e9es de production.<\/p>\n<\/div>\n\n<div class=\"container-md spacer  \">\n<div style=\"height:50px\" aria-hidden=\"true\" class=\"wp-block-spacer\"><\/div>\n<\/div>\n\n<div class=\"container-md image  \">\n<figure class=\"wp-block-image size-full\"><img loading=\"lazy\" decoding=\"async\" width=\"1024\" height=\"507\" src=\"https:\/\/www.novotek.com\/ch\/wp-content\/uploads\/sites\/3\/Novotek_Proficy_MDC-Illustration_NEW-1024x507-1.png\" alt=\"Graphique d\u2019aper\u00e7u Proficy Manufacturing Data Cloud\" class=\"wp-image-8732\" srcset=\"https:\/\/www.novotek.com\/ch\/wp-content\/uploads\/sites\/3\/Novotek_Proficy_MDC-Illustration_NEW-1024x507-1.png 1024w, https:\/\/www.novotek.com\/ch\/wp-content\/uploads\/sites\/3\/Novotek_Proficy_MDC-Illustration_NEW-1024x507-1-300x149.png 300w, https:\/\/www.novotek.com\/ch\/wp-content\/uploads\/sites\/3\/Novotek_Proficy_MDC-Illustration_NEW-1024x507-1-768x380.png 768w\" sizes=\"auto, (max-width: 1024px) 100vw, 1024px\" \/><\/figure>\n<\/div>\n\n<div class=\"container-md spacer  \">\n<div style=\"height:100px\" aria-hidden=\"true\" class=\"wp-block-spacer\"><\/div>\n<\/div>\n\n<div class=\"container media-text  alignwide\">\n<div class=\"wp-block-media-text alignwide is-stacked-on-mobile\" style=\"grid-template-columns:40% auto\"><figure class=\"wp-block-media-text__media\"><img loading=\"lazy\" decoding=\"async\" width=\"892\" height=\"484\" src=\"https:\/\/www.novotek.com\/ch\/wp-content\/uploads\/sites\/3\/MDC-2.png\" alt=\"Capture d\u2019\u00e9cran Manufacturing Data Cloud\" class=\"wp-image-8724 size-full\" srcset=\"https:\/\/www.novotek.com\/ch\/wp-content\/uploads\/sites\/3\/MDC-2.png 892w, https:\/\/www.novotek.com\/ch\/wp-content\/uploads\/sites\/3\/MDC-2-300x163.png 300w, https:\/\/www.novotek.com\/ch\/wp-content\/uploads\/sites\/3\/MDC-2-768x417.png 768w\" sizes=\"auto, (max-width: 892px) 100vw, 892px\" \/><\/figure><div class=\"wp-block-media-text__content\"><div class=\"container-md heading  \">\n<h2 class=\"wp-block-heading\" id=\"h-recueillez-les-donnees-provenant-de-plusieurs-emplacements\">Recueillez les donn\u00e9es provenant de plusieurs emplacements<\/h2>\n<\/div>\n\n<div class=\"container-md paragraph  \">\n<p>Proficy Manufacturing Data Cloud dispose de collecteurs de donn\u00e9es intelligents qui peuvent recueillir les donn\u00e9es par site afin de les envoyer vers le Cloud.&nbsp;Il est ainsi possible de restreindre le stockage des donn\u00e9es au niveau local tout en simplifiant la comparaison avec d\u2019autres sites au niveau du Cloud.<\/p>\n<\/div><\/div><\/div>\n<\/div>\n\n<div class=\"container-md spacer  \">\n<div style=\"height:50px\" aria-hidden=\"true\" class=\"wp-block-spacer\"><\/div>\n<\/div>\n\n<div class=\"container media-text  alignwide\">\n<div class=\"wp-block-media-text alignwide has-media-on-the-right is-stacked-on-mobile\" style=\"grid-template-columns:auto 40%\"><div class=\"wp-block-media-text__content\"><div class=\"container-md heading  \">\n<h2 class=\"wp-block-heading\" id=\"h-davantage-de-donnees-entrainent-egalement-davantage-d-informations\">Davantage de donn\u00e9es entra\u00eenent \u00e9galement davantage d\u2019informations<\/h2>\n<\/div>\n\n<div class=\"container-md paragraph  \">\n<p>Une comparaison des donn\u00e9es de plusieurs sites vous donne un meilleur aper\u00e7u tout en comparant les productions ou les cha\u00eenes de production entre elles.&nbsp;En disposant de diff\u00e9rents jeux de donn\u00e9es, il est plus simple d\u2019analyser les probl\u00e8mes et d\u2019en trouver rapidement la cause.<\/p>\n<\/div><\/div><figure class=\"wp-block-media-text__media\"><img loading=\"lazy\" decoding=\"async\" width=\"636\" height=\"301\" src=\"https:\/\/www.novotek.com\/ch\/wp-content\/uploads\/sites\/3\/MDC-3.png\" alt=\"Plusieurs installations dans le Manufacturing Data Cloud\" class=\"wp-image-8728 size-full\" srcset=\"https:\/\/www.novotek.com\/ch\/wp-content\/uploads\/sites\/3\/MDC-3.png 636w, https:\/\/www.novotek.com\/ch\/wp-content\/uploads\/sites\/3\/MDC-3-300x142.png 300w\" sizes=\"auto, (max-width: 636px) 100vw, 636px\" \/><\/figure><\/div>\n<\/div>\n\n<div class=\"container-md spacer  \">\n<div style=\"height:100px\" aria-hidden=\"true\" class=\"wp-block-spacer\"><\/div>\n<\/div>\n\n<div class=\"container-md spacer  \">\n<div style=\"height:30px\" aria-hidden=\"true\" class=\"wp-block-spacer\"><\/div>\n<\/div>\n\n<div class=\"container-md heading  \">\n<h3 class=\"wp-block-heading\" id=\"h-que-pouvez-vous-faire-avec-proficy-manufacturing-data-cloud\">Que pouvez-vous faire avec Proficy Manufacturing Data Cloud&nbsp;?<\/h3>\n<\/div>\n\n<div class=\"container-md list  \">\n<ul class=\"wp-block-list\"><div class=\"container-md list-item  \">\n<li>Regrouper les donn\u00e9es de production de plusieurs sites.<\/li>\n<\/div>\n\n<div class=\"container-md list-item  \">\n<li>Comparer les performances de plusieurs installations.<\/li>\n<\/div>\n\n<div class=\"container-md list-item  \">\n<li>analyser et r\u00e9soudre les probl\u00e8mes plus rapidement, car davantage de donn\u00e9es sont disponibles<\/li>\n<\/div>\n\n<div class=\"container-md list-item  \">\n<li>Cr\u00e9er un aper\u00e7u en temps r\u00e9el de la performance actuelle de tous les sites sur une carte.<\/li>\n<\/div>\n\n<div class=\"container-md list-item  \">\n<li>Zoom arri\u00e8re sur une page sp\u00e9cifique \u00e0 partir d&#8217;un aper\u00e7u pour obtenir des informations d\u00e9taill\u00e9es.<\/li>\n<\/div>\n\n<div class=\"container-md list-item  \">\n<li>Interface utilisateur enti\u00e8rement bas\u00e9e sur le web pour navigateur, tablette ou smartphone.<\/li>\n<\/div><\/ul>\n<\/div>\n\n<div class=\"container-md spacer  \">\n<div style=\"height:100px\" aria-hidden=\"true\" class=\"wp-block-spacer\"><\/div>\n<\/div>","protected":false},"excerpt":{"rendered":"<p>Proficy Manufacturing Data Cloud (Proficy MDC) fait partie de la suite Manufacturing Execution Systems de GE Vernova et vous permet d\u2019accro\u00eetre simplement et rapidement la plus-value en transmettant les donn\u00e9es de production de l\u2019entreprise en toute fiabilit\u00e9 au Cloud et en les Convertissant en un jeu de donn\u00e9es structur\u00e9. Proficy MDC permet de consolider trois [&hellip;]<\/p>\n","protected":false},"author":15,"featured_media":0,"parent":13649,"menu_order":4,"comment_status":"closed","ping_status":"closed","template":"","meta":{"_acf_changed":false,"_relevanssi_hide_post":"","_relevanssi_pin_for_all":"","_relevanssi_pin_keywords":"","_relevanssi_unpin_keywords":"","_relevanssi_related_keywords":"","_relevanssi_related_include_ids":"","_relevanssi_related_exclude_ids":"","_relevanssi_related_no_append":"","_relevanssi_related_not_related":"","_relevanssi_related_posts":"12409,10065,13219,13454,12849,6198","_relevanssi_noindex_reason":"","content-type":"","footnotes":""},"class_list":["post-13683","page","type-page","status-publish","hentry"],"acf":[],"yoast_head":"<!-- This site is optimized with the Yoast SEO plugin v27.4 - https:\/\/yoast.com\/product\/yoast-seo-wordpress\/ -->\n<title>Proficy Manufacturing Data Cloud - Novotek Switzerland<\/title>\n<meta name=\"description\" content=\"Consolidez et transformez vos donn\u00e9es de production \u00e0 l&#039;\u00e9chelle de l&#039;usine pour le stockage, l&#039;\u00e9valuation et l&#039;analyse dans le cloud.\" \/>\n<meta name=\"robots\" content=\"index, follow, max-snippet:-1, max-image-preview:large, max-video-preview:-1\" \/>\n<link rel=\"canonical\" href=\"https:\/\/www.novotek.com\/ch\/fr\/smart-factory-mes\/proficy-manufacturing-data-cloud\/\" \/>\n<meta property=\"og:locale\" content=\"fr_FR\" \/>\n<meta property=\"og:type\" content=\"article\" \/>\n<meta property=\"og:title\" content=\"Proficy Manufacturing Data Cloud - Novotek Switzerland\" \/>\n<meta property=\"og:description\" content=\"Consolidez et transformez vos donn\u00e9es de production \u00e0 l&#039;\u00e9chelle de l&#039;usine pour le stockage, l&#039;\u00e9valuation et l&#039;analyse dans le cloud.\" \/>\n<meta property=\"og:url\" content=\"https:\/\/www.novotek.com\/ch\/fr\/smart-factory-mes\/proficy-manufacturing-data-cloud\/\" \/>\n<meta property=\"og:site_name\" content=\"Novotek CH\" \/>\n<meta property=\"article:modified_time\" content=\"2025-09-30T15:26:15+00:00\" \/>\n<meta property=\"og:image\" content=\"https:\/\/www.novotek.com\/ch\/wp-content\/uploads\/sites\/3\/Novotek_Proficy_MDC-Illustration_NEW-1024x507-1.png\" \/>\n<meta name=\"twitter:card\" content=\"summary_large_image\" \/>\n<meta name=\"twitter:label1\" content=\"Est. reading time\" \/>\n\t<meta name=\"twitter:data1\" content=\"2 minutes\" \/>\n<script type=\"application\/ld+json\" class=\"yoast-schema-graph\">{\"@context\":\"https:\\\/\\\/schema.org\",\"@graph\":[{\"@type\":\"WebPage\",\"@id\":\"https:\\\/\\\/www.novotek.com\\\/ch\\\/fr\\\/smart-factory-mes\\\/proficy-manufacturing-data-cloud\\\/\",\"url\":\"https:\\\/\\\/www.novotek.com\\\/ch\\\/fr\\\/smart-factory-mes\\\/proficy-manufacturing-data-cloud\\\/\",\"name\":\"Proficy Manufacturing Data Cloud - Novotek Switzerland\",\"isPartOf\":{\"@id\":\"https:\\\/\\\/www.novotek.com\\\/ch\\\/#website\"},\"primaryImageOfPage\":{\"@id\":\"https:\\\/\\\/www.novotek.com\\\/ch\\\/fr\\\/smart-factory-mes\\\/proficy-manufacturing-data-cloud\\\/#primaryimage\"},\"image\":{\"@id\":\"https:\\\/\\\/www.novotek.com\\\/ch\\\/fr\\\/smart-factory-mes\\\/proficy-manufacturing-data-cloud\\\/#primaryimage\"},\"thumbnailUrl\":\"https:\\\/\\\/www.novotek.com\\\/ch\\\/wp-content\\\/uploads\\\/sites\\\/3\\\/Novotek_Proficy_MDC-Illustration_NEW-1024x507-1.png\",\"datePublished\":\"2023-01-05T10:40:11+00:00\",\"dateModified\":\"2025-09-30T15:26:15+00:00\",\"description\":\"Consolidez et transformez vos donn\u00e9es de production \u00e0 l'\u00e9chelle de l'usine pour le stockage, l'\u00e9valuation et l'analyse dans le cloud.\",\"breadcrumb\":{\"@id\":\"https:\\\/\\\/www.novotek.com\\\/ch\\\/fr\\\/smart-factory-mes\\\/proficy-manufacturing-data-cloud\\\/#breadcrumb\"},\"inLanguage\":\"fr-CH\",\"potentialAction\":[{\"@type\":\"ReadAction\",\"target\":[\"https:\\\/\\\/www.novotek.com\\\/ch\\\/fr\\\/smart-factory-mes\\\/proficy-manufacturing-data-cloud\\\/\"]}]},{\"@type\":\"ImageObject\",\"inLanguage\":\"fr-CH\",\"@id\":\"https:\\\/\\\/www.novotek.com\\\/ch\\\/fr\\\/smart-factory-mes\\\/proficy-manufacturing-data-cloud\\\/#primaryimage\",\"url\":\"https:\\\/\\\/www.novotek.com\\\/ch\\\/wp-content\\\/uploads\\\/sites\\\/3\\\/Novotek_Proficy_MDC-Illustration_NEW-1024x507-1.png\",\"contentUrl\":\"https:\\\/\\\/www.novotek.com\\\/ch\\\/wp-content\\\/uploads\\\/sites\\\/3\\\/Novotek_Proficy_MDC-Illustration_NEW-1024x507-1.png\"},{\"@type\":\"BreadcrumbList\",\"@id\":\"https:\\\/\\\/www.novotek.com\\\/ch\\\/fr\\\/smart-factory-mes\\\/proficy-manufacturing-data-cloud\\\/#breadcrumb\",\"itemListElement\":[{\"@type\":\"ListItem\",\"position\":1,\"name\":\"Home\",\"item\":\"https:\\\/\\\/www.novotek.com\\\/ch\\\/fr\\\/\"},{\"@type\":\"ListItem\",\"position\":2,\"name\":\"Smart Factory \\\/ MES\",\"item\":\"https:\\\/\\\/www.novotek.com\\\/ch\\\/fr\\\/smart-factory-mes\\\/\"},{\"@type\":\"ListItem\",\"position\":3,\"name\":\"Proficy Manufacturing Data Cloud\"}]},{\"@type\":\"WebSite\",\"@id\":\"https:\\\/\\\/www.novotek.com\\\/ch\\\/#website\",\"url\":\"https:\\\/\\\/www.novotek.com\\\/ch\\\/\",\"name\":\"Novotek Switzerland AG\",\"description\":\"Connect - Digitalize - Optimize\",\"publisher\":{\"@id\":\"https:\\\/\\\/www.novotek.com\\\/ch\\\/#organization\"},\"potentialAction\":[{\"@type\":\"SearchAction\",\"target\":{\"@type\":\"EntryPoint\",\"urlTemplate\":\"https:\\\/\\\/www.novotek.com\\\/ch\\\/?s={search_term_string}\"},\"query-input\":{\"@type\":\"PropertyValueSpecification\",\"valueRequired\":true,\"valueName\":\"search_term_string\"}}],\"inLanguage\":\"fr-CH\"},{\"@type\":\"Organization\",\"@id\":\"https:\\\/\\\/www.novotek.com\\\/ch\\\/#organization\",\"name\":\"Novotek Switzerland AG\",\"url\":\"https:\\\/\\\/www.novotek.com\\\/ch\\\/\",\"logo\":{\"@type\":\"ImageObject\",\"inLanguage\":\"fr-CH\",\"@id\":\"https:\\\/\\\/www.novotek.com\\\/ch\\\/#\\\/schema\\\/logo\\\/image\\\/\",\"url\":\"https:\\\/\\\/www.novotek.com\\\/ch\\\/wp-content\\\/uploads\\\/sites\\\/3\\\/novotek-symbol-rgb-pos-white-border-512x512-1.png\",\"contentUrl\":\"https:\\\/\\\/www.novotek.com\\\/ch\\\/wp-content\\\/uploads\\\/sites\\\/3\\\/novotek-symbol-rgb-pos-white-border-512x512-1.png\",\"width\":512,\"height\":512,\"caption\":\"Novotek Switzerland AG\"},\"image\":{\"@id\":\"https:\\\/\\\/www.novotek.com\\\/ch\\\/#\\\/schema\\\/logo\\\/image\\\/\"}}]}<\/script>\n<!-- \/ Yoast SEO plugin. -->","yoast_head_json":{"title":"Proficy Manufacturing Data Cloud - Novotek Switzerland","description":"Consolidez et transformez vos donn\u00e9es de production \u00e0 l'\u00e9chelle de l'usine pour le stockage, l'\u00e9valuation et l'analyse dans le cloud.","robots":{"index":"index","follow":"follow","max-snippet":"max-snippet:-1","max-image-preview":"max-image-preview:large","max-video-preview":"max-video-preview:-1"},"canonical":"https:\/\/www.novotek.com\/ch\/fr\/smart-factory-mes\/proficy-manufacturing-data-cloud\/","og_locale":"fr_FR","og_type":"article","og_title":"Proficy Manufacturing Data Cloud - Novotek Switzerland","og_description":"Consolidez et transformez vos donn\u00e9es de production \u00e0 l'\u00e9chelle de l'usine pour le stockage, l'\u00e9valuation et l'analyse dans le cloud.","og_url":"https:\/\/www.novotek.com\/ch\/fr\/smart-factory-mes\/proficy-manufacturing-data-cloud\/","og_site_name":"Novotek CH","article_modified_time":"2025-09-30T15:26:15+00:00","og_image":[{"url":"https:\/\/www.novotek.com\/ch\/wp-content\/uploads\/sites\/3\/Novotek_Proficy_MDC-Illustration_NEW-1024x507-1.png","type":"","width":"","height":""}],"twitter_card":"summary_large_image","twitter_misc":{"Est. reading time":"2 minutes"},"schema":{"@context":"https:\/\/schema.org","@graph":[{"@type":"WebPage","@id":"https:\/\/www.novotek.com\/ch\/fr\/smart-factory-mes\/proficy-manufacturing-data-cloud\/","url":"https:\/\/www.novotek.com\/ch\/fr\/smart-factory-mes\/proficy-manufacturing-data-cloud\/","name":"Proficy Manufacturing Data Cloud - Novotek Switzerland","isPartOf":{"@id":"https:\/\/www.novotek.com\/ch\/#website"},"primaryImageOfPage":{"@id":"https:\/\/www.novotek.com\/ch\/fr\/smart-factory-mes\/proficy-manufacturing-data-cloud\/#primaryimage"},"image":{"@id":"https:\/\/www.novotek.com\/ch\/fr\/smart-factory-mes\/proficy-manufacturing-data-cloud\/#primaryimage"},"thumbnailUrl":"https:\/\/www.novotek.com\/ch\/wp-content\/uploads\/sites\/3\/Novotek_Proficy_MDC-Illustration_NEW-1024x507-1.png","datePublished":"2023-01-05T10:40:11+00:00","dateModified":"2025-09-30T15:26:15+00:00","description":"Consolidez et transformez vos donn\u00e9es de production \u00e0 l'\u00e9chelle de l'usine pour le stockage, l'\u00e9valuation et l'analyse dans le cloud.","breadcrumb":{"@id":"https:\/\/www.novotek.com\/ch\/fr\/smart-factory-mes\/proficy-manufacturing-data-cloud\/#breadcrumb"},"inLanguage":"fr-CH","potentialAction":[{"@type":"ReadAction","target":["https:\/\/www.novotek.com\/ch\/fr\/smart-factory-mes\/proficy-manufacturing-data-cloud\/"]}]},{"@type":"ImageObject","inLanguage":"fr-CH","@id":"https:\/\/www.novotek.com\/ch\/fr\/smart-factory-mes\/proficy-manufacturing-data-cloud\/#primaryimage","url":"https:\/\/www.novotek.com\/ch\/wp-content\/uploads\/sites\/3\/Novotek_Proficy_MDC-Illustration_NEW-1024x507-1.png","contentUrl":"https:\/\/www.novotek.com\/ch\/wp-content\/uploads\/sites\/3\/Novotek_Proficy_MDC-Illustration_NEW-1024x507-1.png"},{"@type":"BreadcrumbList","@id":"https:\/\/www.novotek.com\/ch\/fr\/smart-factory-mes\/proficy-manufacturing-data-cloud\/#breadcrumb","itemListElement":[{"@type":"ListItem","position":1,"name":"Home","item":"https:\/\/www.novotek.com\/ch\/fr\/"},{"@type":"ListItem","position":2,"name":"Smart Factory \/ MES","item":"https:\/\/www.novotek.com\/ch\/fr\/smart-factory-mes\/"},{"@type":"ListItem","position":3,"name":"Proficy Manufacturing Data Cloud"}]},{"@type":"WebSite","@id":"https:\/\/www.novotek.com\/ch\/#website","url":"https:\/\/www.novotek.com\/ch\/","name":"Novotek Switzerland AG","description":"Connect - Digitalize - Optimize","publisher":{"@id":"https:\/\/www.novotek.com\/ch\/#organization"},"potentialAction":[{"@type":"SearchAction","target":{"@type":"EntryPoint","urlTemplate":"https:\/\/www.novotek.com\/ch\/?s={search_term_string}"},"query-input":{"@type":"PropertyValueSpecification","valueRequired":true,"valueName":"search_term_string"}}],"inLanguage":"fr-CH"},{"@type":"Organization","@id":"https:\/\/www.novotek.com\/ch\/#organization","name":"Novotek Switzerland AG","url":"https:\/\/www.novotek.com\/ch\/","logo":{"@type":"ImageObject","inLanguage":"fr-CH","@id":"https:\/\/www.novotek.com\/ch\/#\/schema\/logo\/image\/","url":"https:\/\/www.novotek.com\/ch\/wp-content\/uploads\/sites\/3\/novotek-symbol-rgb-pos-white-border-512x512-1.png","contentUrl":"https:\/\/www.novotek.com\/ch\/wp-content\/uploads\/sites\/3\/novotek-symbol-rgb-pos-white-border-512x512-1.png","width":512,"height":512,"caption":"Novotek Switzerland AG"},"image":{"@id":"https:\/\/www.novotek.com\/ch\/#\/schema\/logo\/image\/"}}]}},"_links":{"self":[{"href":"https:\/\/www.novotek.com\/ch\/fr\/wp-json\/wp\/v2\/pages\/13683","targetHints":{"allow":["GET"]}}],"collection":[{"href":"https:\/\/www.novotek.com\/ch\/fr\/wp-json\/wp\/v2\/pages"}],"about":[{"href":"https:\/\/www.novotek.com\/ch\/fr\/wp-json\/wp\/v2\/types\/page"}],"author":[{"embeddable":true,"href":"https:\/\/www.novotek.com\/ch\/fr\/wp-json\/wp\/v2\/users\/15"}],"replies":[{"embeddable":true,"href":"https:\/\/www.novotek.com\/ch\/fr\/wp-json\/wp\/v2\/comments?post=13683"}],"version-history":[{"count":8,"href":"https:\/\/www.novotek.com\/ch\/fr\/wp-json\/wp\/v2\/pages\/13683\/revisions"}],"predecessor-version":[{"id":27969,"href":"https:\/\/www.novotek.com\/ch\/fr\/wp-json\/wp\/v2\/pages\/13683\/revisions\/27969"}],"up":[{"embeddable":true,"href":"https:\/\/www.novotek.com\/ch\/fr\/wp-json\/wp\/v2\/pages\/13649"}],"wp:attachment":[{"href":"https:\/\/www.novotek.com\/ch\/fr\/wp-json\/wp\/v2\/media?parent=13683"}],"curies":[{"name":"wp","href":"https:\/\/api.w.org\/{rel}","templated":true}]}}