{"id":13688,"date":"2023-01-05T10:40:50","date_gmt":"2023-01-05T10:40:50","guid":{"rendered":"https:\/\/www.novotek.com\/ch\/dashboard-reporting\/dream-report-for-proficy\/"},"modified":"2025-10-21T15:24:00","modified_gmt":"2025-10-21T15:24:00","slug":"dream-report-for-proficy","status":"publish","type":"page","link":"https:\/\/www.novotek.com\/ch\/fr\/dashboard-reporting\/dream-report-for-proficy\/","title":{"rendered":"Dream Report for Proficy"},"content":{"rendered":"  <div class=\"hero\">\n    <div class=\"carousel hero-slider small\" data-flickity data-flickity-options='{\"prevNextButtons\": false}'>\n              <div class=\"carousel-cell\">\n          <div class=\"container\">\n            <div class=\"hero-content\">\n                              <h1>Dream Report for Proficy<\/h1>\n<p>Des rapports et des tableaux de bord pertinents am\u00e9liorent les performances de vos installations et vous aident \u00e0 atteindre des objectifs op\u00e9rationnels.<\/p>\n              \n                          <\/div>\n          <\/div>\n\n          <img decoding=\"async\" width=\"1024\" height=\"427\" src=\"https:\/\/www.novotek.com\/ch\/wp-content\/uploads\/sites\/3\/2021\/Novotek_UK\/Solutions_and_Products\/QuckPanel+\/Novotek_QuickPanel_duotone_1920x800-1024x427.jpg\" class=\"hero-bg\" alt=\"Hero Img\" fetchpriority=\"high\" srcset=\"https:\/\/www.novotek.com\/ch\/wp-content\/uploads\/sites\/3\/2021\/Novotek_UK\/Solutions_and_Products\/QuckPanel+\/Novotek_QuickPanel_duotone_1920x800-1024x427.jpg 1024w, https:\/\/www.novotek.com\/ch\/wp-content\/uploads\/sites\/3\/2021\/Novotek_UK\/Solutions_and_Products\/QuckPanel+\/Novotek_QuickPanel_duotone_1920x800-300x125.jpg 300w, https:\/\/www.novotek.com\/ch\/wp-content\/uploads\/sites\/3\/2021\/Novotek_UK\/Solutions_and_Products\/QuckPanel+\/Novotek_QuickPanel_duotone_1920x800-768x320.jpg 768w, https:\/\/www.novotek.com\/ch\/wp-content\/uploads\/sites\/3\/2021\/Novotek_UK\/Solutions_and_Products\/QuckPanel+\/Novotek_QuickPanel_duotone_1920x800-1536x640.jpg 1536w, https:\/\/www.novotek.com\/ch\/wp-content\/uploads\/sites\/3\/2021\/Novotek_UK\/Solutions_and_Products\/QuckPanel+\/Novotek_QuickPanel_duotone_1920x800.jpg 1920w\" sizes=\"(max-width: 1024px) 100vw, 1024px\" \/>                  <\/div>\n          <\/div>\n\n      <\/div>\n\n   <div class=\"floating-breadcrumb\"><div class=\"container\"><span><span><a href=\"https:\/\/www.novotek.com\/ch\/fr\/\" class=\"breadcrumb-frontpage\">Home<\/a><\/span><\/span><\/div><\/div>\n\n\n<div class=\"container-md paragraph  \">\n<p>Le puissant logiciel de cr\u00e9ation de rapports acc\u00e8de \u00e0 des archives et des bases de donn\u00e9es ouvertes et propri\u00e9taires pour r\u00e9diger des rapports professionnels sur base temporelle, en cas d\u2019\u00e9v\u00e9nement ou manuels et publier ensuite ces rapports.&nbsp;La solution propose une gestion des rapports et des tableaux de bord via un portail Web, ce qui permet d\u2019acc\u00e9der rapidement aux rapports g\u00e9n\u00e9r\u00e9s, d\u2019en cr\u00e9er de nouveaux et de cr\u00e9er des tableaux de bord interactifs et dynamiques sur base Web.<\/p>\n<\/div>\n\n<div class=\"container-md spacer  \">\n<div style=\"height:100px\" aria-hidden=\"true\" class=\"wp-block-spacer\"><\/div>\n<\/div>\n\n<div class=\"container media-text  alignwide\">\n<div class=\"wp-block-media-text alignwide is-stacked-on-mobile\" style=\"grid-template-columns:40% auto\"><figure class=\"wp-block-media-text__media\"><img loading=\"lazy\" decoding=\"async\" width=\"600\" height=\"351\" src=\"https:\/\/www.novotek.com\/ch\/wp-content\/uploads\/sites\/3\/dream-report-HMI-SCADA-GE-1-1792x1280-1.png\" alt=\"Dream Report\" class=\"wp-image-8619 size-full\" srcset=\"https:\/\/www.novotek.com\/ch\/wp-content\/uploads\/sites\/3\/dream-report-HMI-SCADA-GE-1-1792x1280-1.png 600w, https:\/\/www.novotek.com\/ch\/wp-content\/uploads\/sites\/3\/dream-report-HMI-SCADA-GE-1-1792x1280-1-300x176.png 300w\" sizes=\"auto, (max-width: 600px) 100vw, 600px\" \/><\/figure><div class=\"wp-block-media-text__content\"><div class=\"container-md heading  \">\n<h2 class=\"wp-block-heading\" id=\"h-l-intelligence-operationnelle-en-temps-reel\">L\u2019intelligence op\u00e9rationnelle en temps r\u00e9el<\/h2>\n<\/div>\n\n<div class=\"container-md list  \">\n<ul class=\"wp-block-list\"><div class=\"container-md list-item  \">\n<li>Am\u00e9liorer les performances, l&#8217;efficacit\u00e9 et les rapports de maintenance.<\/li>\n<\/div>\n\n<div class=\"container-md list-item  \">\n<li>G\u00e9n\u00e9rez des rapports selon un calendrier, par \u00e9v\u00e9nement ou manuellement.<\/li>\n<\/div>\n\n<div class=\"container-md list-item  \">\n<li>Cr\u00e9ez des rapports plus complets de mani\u00e8re simple et \u00e9conomique ; sans connaissances en programmation ou en informatique.<\/li>\n<\/div>\n\n<div class=\"container-md list-item  \">\n<li>Obtenez des informations pr\u00e9cieuses gr\u00e2ce aux fonctions de rapport et d&#8217;analyse des donn\u00e9es.<\/li>\n<\/div>\n\n<div class=\"container-md list-item  \">\n<li>Permet de g\u00e9n\u00e9rer des rapports de conformit\u00e9 plus rapidement gr\u00e2ce \u00e0 la flexibilit\u00e9 de la cr\u00e9ation et de la distribution de rapports.<\/li>\n<\/div><\/ul>\n<\/div><\/div><\/div>\n<\/div>\n\n<div class=\"container-md spacer  \">\n<div style=\"height:50px\" aria-hidden=\"true\" class=\"wp-block-spacer\"><\/div>\n<\/div>\n\n<div class=\"container-md heading  \">\n<h3 class=\"wp-block-heading\" id=\"h-caracteristiques\">Caract\u00e9ristiques<\/h3>\n<\/div>\n\n<div class=\"container-md list  \">\n<ul class=\"wp-block-list\"><div class=\"container-md list-item  \">\n<li>Objets de rapport d\u00e9finis par l&#8217;utilisateur, qu&#8217;ils peuvent utiliser dans les rapports et les rapports web.<\/li>\n<\/div>\n\n<div class=\"container-md list-item  \">\n<li>Le serveur OPC DA int\u00e9gr\u00e9 permet d&#8217;acc\u00e9der \u00e0 toutes les statistiques de Dream Report, aux pilotes MQTT et JSON pour la connectivit\u00e9 IOT.<\/li>\n<\/div>\n\n<div class=\"container-md list-item  \">\n<li>Format de rapport de sortie XML pour la g\u00e9n\u00e9ration de rapports.<\/li>\n<\/div>\n\n<div class=\"container-md list-item  \">\n<li>Calculateur de co\u00fbts pour d\u00e9finir des plans de travail ou des plans de d\u00e9compte des co\u00fbts.<\/li>\n<\/div>\n\n<div class=\"container-md list-item  \">\n<li>Signature \u00e9lectronique sur le portail web.<\/li>\n<\/div>\n\n<div class=\"container-md list-item  \">\n<li>G\u00e9n\u00e9rateur de rapports en temps r\u00e9el d\u00e9velopp\u00e9 pour les applications industrielles.<\/li>\n<\/div>\n\n<div class=\"container-md list-item  \">\n<li>Interface utilisateur configurable et multilingue pour les utilisateurs finaux.<\/li>\n<\/div>\n\n<div class=\"container-md list-item  \">\n<li>Connexion directe \u00e0 d&#8217;autres applications de GE Vernova : <strong><a href=\"https:\/\/www.novotek.com\/ch\/fr\/hmi-scada\/proficy-ifix\/\">iFIX<\/a><\/strong>, <strong><a href=\"https:\/\/www.novotek.com\/ch\/fr\/hmi-scada\/proficy-cimplicity\/\">CIMPLICITY,<\/a> <a href=\"https:\/\/www.novotek.com\/ch\/fr\/smart-factory-mes\/proficy-historian\/\">Proficy Historian<\/a><\/strong> ou SmartSignal Classic.<\/li>\n<\/div>\n\n<div class=\"container-md list-item  \">\n<li>Portail web pour l&#8217;affichage et l&#8217;interaction des rapports.<\/li>\n<\/div>\n\n<div class=\"container-md list-item  \">\n<li>technologie Secure-by-Design crypt\u00e9e et prot\u00e9g\u00e9e.<\/li>\n<\/div>\n\n<div class=\"container-md list-item  \">\n<li>Exportation facile des donn\u00e9es vers Microsoft Excel.<\/li>\n<\/div>\n\n<div class=\"container-md list-item  \">\n<li>Prend en charge des normes industrielles sup\u00e9rieures : OPC DA, OPC AE, OPC HDA, ODBC, OLE-DB, Modbus, SNMP, BACnet et plus encore<\/li>\n<\/div><\/ul>\n<\/div>\n\n<div class=\"container-md spacer  \">\n<div style=\"height:50px\" aria-hidden=\"true\" class=\"wp-block-spacer\"><\/div>\n<\/div>\n\n<div class=\"container media-text  alignwide\">\n<div class=\"wp-block-media-text alignwide has-media-on-the-right is-stacked-on-mobile\" style=\"grid-template-columns:auto 40%\"><div class=\"wp-block-media-text__content\"><div class=\"container-md paragraph  \">\n<p>Proficy Dream Report est fourni par GE Vernova, un des plus grands fournisseurs mondiaux de solutions pour l\u2019automatisation industrielle et la num\u00e9risation.<\/p>\n<\/div>\n\n<div class=\"container-md paragraph  \">\n<p>Nous vous aidons \u00e0 trouver la voie optimale pour l\u2019impl\u00e9mentation de la solution dans votre entreprise.&nbsp;<\/p>\n<\/div><\/div><figure class=\"wp-block-media-text__media\"><img loading=\"lazy\" decoding=\"async\" width=\"600\" height=\"522\" src=\"https:\/\/www.novotek.com\/ch\/wp-content\/uploads\/sites\/3\/software-requirements-dream-report-screenshot.png\" alt=\"Detail Dream Report\" class=\"wp-image-8635 size-full\" srcset=\"https:\/\/www.novotek.com\/ch\/wp-content\/uploads\/sites\/3\/software-requirements-dream-report-screenshot.png 600w, https:\/\/www.novotek.com\/ch\/wp-content\/uploads\/sites\/3\/software-requirements-dream-report-screenshot-300x261.png 300w\" sizes=\"auto, (max-width: 600px) 100vw, 600px\" \/><\/figure><\/div>\n<\/div>\n\n<div class=\"container-md spacer  \">\n<div style=\"height:100px\" aria-hidden=\"true\" class=\"wp-block-spacer\"><\/div>\n<\/div>","protected":false},"excerpt":{"rendered":"<p>Dream Report g\u00e9n\u00e8re des rapports et tableaux de bord pertinents, am\u00e9liorant ainsi les performances de vos installations.<\/p>\n","protected":false},"author":35,"featured_media":0,"parent":13645,"menu_order":2,"comment_status":"closed","ping_status":"closed","template":"","meta":{"_acf_changed":false,"_relevanssi_hide_post":"","_relevanssi_pin_for_all":"","_relevanssi_pin_keywords":"","_relevanssi_unpin_keywords":"","_relevanssi_related_keywords":"","_relevanssi_related_include_ids":"","_relevanssi_related_exclude_ids":"","_relevanssi_related_no_append":"","_relevanssi_related_not_related":"","_relevanssi_related_posts":"12409,10065,13219,6198,12307,13569","_relevanssi_noindex_reason":"","content-type":"","footnotes":""},"class_list":["post-13688","page","type-page","status-publish","hentry"],"acf":[],"yoast_head":"<!-- This site is optimized with the Yoast SEO plugin v27.4 - https:\/\/yoast.com\/product\/yoast-seo-wordpress\/ -->\n<title>Dream Report for Proficy - Novotek Switzerland<\/title>\n<meta name=\"description\" content=\"Des rapports et des tableaux de bord pertinents am\u00e9liorent les performances de vos installations et vous aident \u00e0 atteindre des objectifs op\u00e9rationnels.\" \/>\n<meta name=\"robots\" content=\"index, follow, max-snippet:-1, max-image-preview:large, max-video-preview:-1\" \/>\n<link rel=\"canonical\" href=\"https:\/\/www.novotek.com\/ch\/fr\/dashboard-reporting\/dream-report-for-proficy\/\" \/>\n<meta property=\"og:locale\" content=\"fr_FR\" \/>\n<meta property=\"og:type\" content=\"article\" \/>\n<meta property=\"og:title\" content=\"Dream Report for Proficy - Novotek Switzerland\" \/>\n<meta property=\"og:description\" content=\"Des rapports et des tableaux de bord pertinents am\u00e9liorent les performances de vos installations et vous aident \u00e0 atteindre des objectifs op\u00e9rationnels.\" \/>\n<meta property=\"og:url\" content=\"https:\/\/www.novotek.com\/ch\/fr\/dashboard-reporting\/dream-report-for-proficy\/\" \/>\n<meta property=\"og:site_name\" content=\"Novotek CH\" \/>\n<meta property=\"article:modified_time\" content=\"2025-10-21T15:24:00+00:00\" \/>\n<meta property=\"og:image\" content=\"https:\/\/www.novotek.com\/ch\/wp-content\/uploads\/sites\/3\/dream-report-HMI-SCADA-GE-1-1792x1280-1.png\" \/>\n<meta name=\"twitter:card\" content=\"summary_large_image\" \/>\n<meta name=\"twitter:label1\" content=\"Est. reading time\" \/>\n\t<meta name=\"twitter:data1\" content=\"3 minutes\" \/>\n<script type=\"application\/ld+json\" class=\"yoast-schema-graph\">{\"@context\":\"https:\\\/\\\/schema.org\",\"@graph\":[{\"@type\":\"WebPage\",\"@id\":\"https:\\\/\\\/www.novotek.com\\\/ch\\\/fr\\\/dashboard-reporting\\\/dream-report-for-proficy\\\/\",\"url\":\"https:\\\/\\\/www.novotek.com\\\/ch\\\/fr\\\/dashboard-reporting\\\/dream-report-for-proficy\\\/\",\"name\":\"Dream Report for Proficy - Novotek Switzerland\",\"isPartOf\":{\"@id\":\"https:\\\/\\\/www.novotek.com\\\/ch\\\/#website\"},\"primaryImageOfPage\":{\"@id\":\"https:\\\/\\\/www.novotek.com\\\/ch\\\/fr\\\/dashboard-reporting\\\/dream-report-for-proficy\\\/#primaryimage\"},\"image\":{\"@id\":\"https:\\\/\\\/www.novotek.com\\\/ch\\\/fr\\\/dashboard-reporting\\\/dream-report-for-proficy\\\/#primaryimage\"},\"thumbnailUrl\":\"https:\\\/\\\/www.novotek.com\\\/ch\\\/wp-content\\\/uploads\\\/sites\\\/3\\\/dream-report-HMI-SCADA-GE-1-1792x1280-1.png\",\"datePublished\":\"2023-01-05T10:40:50+00:00\",\"dateModified\":\"2025-10-21T15:24:00+00:00\",\"description\":\"Des rapports et des tableaux de bord pertinents am\u00e9liorent les performances de vos installations et vous aident \u00e0 atteindre des objectifs op\u00e9rationnels.\",\"breadcrumb\":{\"@id\":\"https:\\\/\\\/www.novotek.com\\\/ch\\\/fr\\\/dashboard-reporting\\\/dream-report-for-proficy\\\/#breadcrumb\"},\"inLanguage\":\"fr-CH\",\"potentialAction\":[{\"@type\":\"ReadAction\",\"target\":[\"https:\\\/\\\/www.novotek.com\\\/ch\\\/fr\\\/dashboard-reporting\\\/dream-report-for-proficy\\\/\"]}]},{\"@type\":\"ImageObject\",\"inLanguage\":\"fr-CH\",\"@id\":\"https:\\\/\\\/www.novotek.com\\\/ch\\\/fr\\\/dashboard-reporting\\\/dream-report-for-proficy\\\/#primaryimage\",\"url\":\"https:\\\/\\\/www.novotek.com\\\/ch\\\/wp-content\\\/uploads\\\/sites\\\/3\\\/dream-report-HMI-SCADA-GE-1-1792x1280-1.png\",\"contentUrl\":\"https:\\\/\\\/www.novotek.com\\\/ch\\\/wp-content\\\/uploads\\\/sites\\\/3\\\/dream-report-HMI-SCADA-GE-1-1792x1280-1.png\"},{\"@type\":\"BreadcrumbList\",\"@id\":\"https:\\\/\\\/www.novotek.com\\\/ch\\\/fr\\\/dashboard-reporting\\\/dream-report-for-proficy\\\/#breadcrumb\",\"itemListElement\":[{\"@type\":\"ListItem\",\"position\":1,\"name\":\"Home\",\"item\":\"https:\\\/\\\/www.novotek.com\\\/ch\\\/fr\\\/\"},{\"@type\":\"ListItem\",\"position\":2,\"name\":\"Dashboard Reporting\",\"item\":\"https:\\\/\\\/www.novotek.com\\\/ch\\\/fr\\\/dashboard-reporting\\\/\"},{\"@type\":\"ListItem\",\"position\":3,\"name\":\"Dream Report for Proficy\"}]},{\"@type\":\"WebSite\",\"@id\":\"https:\\\/\\\/www.novotek.com\\\/ch\\\/#website\",\"url\":\"https:\\\/\\\/www.novotek.com\\\/ch\\\/\",\"name\":\"Novotek Switzerland AG\",\"description\":\"Connect - Digitalize - Optimize\",\"publisher\":{\"@id\":\"https:\\\/\\\/www.novotek.com\\\/ch\\\/#organization\"},\"potentialAction\":[{\"@type\":\"SearchAction\",\"target\":{\"@type\":\"EntryPoint\",\"urlTemplate\":\"https:\\\/\\\/www.novotek.com\\\/ch\\\/?s={search_term_string}\"},\"query-input\":{\"@type\":\"PropertyValueSpecification\",\"valueRequired\":true,\"valueName\":\"search_term_string\"}}],\"inLanguage\":\"fr-CH\"},{\"@type\":\"Organization\",\"@id\":\"https:\\\/\\\/www.novotek.com\\\/ch\\\/#organization\",\"name\":\"Novotek Switzerland AG\",\"url\":\"https:\\\/\\\/www.novotek.com\\\/ch\\\/\",\"logo\":{\"@type\":\"ImageObject\",\"inLanguage\":\"fr-CH\",\"@id\":\"https:\\\/\\\/www.novotek.com\\\/ch\\\/#\\\/schema\\\/logo\\\/image\\\/\",\"url\":\"https:\\\/\\\/www.novotek.com\\\/ch\\\/wp-content\\\/uploads\\\/sites\\\/3\\\/novotek-symbol-rgb-pos-white-border-512x512-1.png\",\"contentUrl\":\"https:\\\/\\\/www.novotek.com\\\/ch\\\/wp-content\\\/uploads\\\/sites\\\/3\\\/novotek-symbol-rgb-pos-white-border-512x512-1.png\",\"width\":512,\"height\":512,\"caption\":\"Novotek Switzerland AG\"},\"image\":{\"@id\":\"https:\\\/\\\/www.novotek.com\\\/ch\\\/#\\\/schema\\\/logo\\\/image\\\/\"}}]}<\/script>\n<!-- \/ Yoast SEO plugin. -->","yoast_head_json":{"title":"Dream Report for Proficy - Novotek Switzerland","description":"Des rapports et des tableaux de bord pertinents am\u00e9liorent les performances de vos installations et vous aident \u00e0 atteindre des objectifs op\u00e9rationnels.","robots":{"index":"index","follow":"follow","max-snippet":"max-snippet:-1","max-image-preview":"max-image-preview:large","max-video-preview":"max-video-preview:-1"},"canonical":"https:\/\/www.novotek.com\/ch\/fr\/dashboard-reporting\/dream-report-for-proficy\/","og_locale":"fr_FR","og_type":"article","og_title":"Dream Report for Proficy - Novotek Switzerland","og_description":"Des rapports et des tableaux de bord pertinents am\u00e9liorent les performances de vos installations et vous aident \u00e0 atteindre des objectifs op\u00e9rationnels.","og_url":"https:\/\/www.novotek.com\/ch\/fr\/dashboard-reporting\/dream-report-for-proficy\/","og_site_name":"Novotek CH","article_modified_time":"2025-10-21T15:24:00+00:00","og_image":[{"url":"https:\/\/www.novotek.com\/ch\/wp-content\/uploads\/sites\/3\/dream-report-HMI-SCADA-GE-1-1792x1280-1.png","type":"","width":"","height":""}],"twitter_card":"summary_large_image","twitter_misc":{"Est. reading time":"3 minutes"},"schema":{"@context":"https:\/\/schema.org","@graph":[{"@type":"WebPage","@id":"https:\/\/www.novotek.com\/ch\/fr\/dashboard-reporting\/dream-report-for-proficy\/","url":"https:\/\/www.novotek.com\/ch\/fr\/dashboard-reporting\/dream-report-for-proficy\/","name":"Dream Report for Proficy - Novotek Switzerland","isPartOf":{"@id":"https:\/\/www.novotek.com\/ch\/#website"},"primaryImageOfPage":{"@id":"https:\/\/www.novotek.com\/ch\/fr\/dashboard-reporting\/dream-report-for-proficy\/#primaryimage"},"image":{"@id":"https:\/\/www.novotek.com\/ch\/fr\/dashboard-reporting\/dream-report-for-proficy\/#primaryimage"},"thumbnailUrl":"https:\/\/www.novotek.com\/ch\/wp-content\/uploads\/sites\/3\/dream-report-HMI-SCADA-GE-1-1792x1280-1.png","datePublished":"2023-01-05T10:40:50+00:00","dateModified":"2025-10-21T15:24:00+00:00","description":"Des rapports et des tableaux de bord pertinents am\u00e9liorent les performances de vos installations et vous aident \u00e0 atteindre des objectifs op\u00e9rationnels.","breadcrumb":{"@id":"https:\/\/www.novotek.com\/ch\/fr\/dashboard-reporting\/dream-report-for-proficy\/#breadcrumb"},"inLanguage":"fr-CH","potentialAction":[{"@type":"ReadAction","target":["https:\/\/www.novotek.com\/ch\/fr\/dashboard-reporting\/dream-report-for-proficy\/"]}]},{"@type":"ImageObject","inLanguage":"fr-CH","@id":"https:\/\/www.novotek.com\/ch\/fr\/dashboard-reporting\/dream-report-for-proficy\/#primaryimage","url":"https:\/\/www.novotek.com\/ch\/wp-content\/uploads\/sites\/3\/dream-report-HMI-SCADA-GE-1-1792x1280-1.png","contentUrl":"https:\/\/www.novotek.com\/ch\/wp-content\/uploads\/sites\/3\/dream-report-HMI-SCADA-GE-1-1792x1280-1.png"},{"@type":"BreadcrumbList","@id":"https:\/\/www.novotek.com\/ch\/fr\/dashboard-reporting\/dream-report-for-proficy\/#breadcrumb","itemListElement":[{"@type":"ListItem","position":1,"name":"Home","item":"https:\/\/www.novotek.com\/ch\/fr\/"},{"@type":"ListItem","position":2,"name":"Dashboard Reporting","item":"https:\/\/www.novotek.com\/ch\/fr\/dashboard-reporting\/"},{"@type":"ListItem","position":3,"name":"Dream Report for Proficy"}]},{"@type":"WebSite","@id":"https:\/\/www.novotek.com\/ch\/#website","url":"https:\/\/www.novotek.com\/ch\/","name":"Novotek Switzerland AG","description":"Connect - Digitalize - Optimize","publisher":{"@id":"https:\/\/www.novotek.com\/ch\/#organization"},"potentialAction":[{"@type":"SearchAction","target":{"@type":"EntryPoint","urlTemplate":"https:\/\/www.novotek.com\/ch\/?s={search_term_string}"},"query-input":{"@type":"PropertyValueSpecification","valueRequired":true,"valueName":"search_term_string"}}],"inLanguage":"fr-CH"},{"@type":"Organization","@id":"https:\/\/www.novotek.com\/ch\/#organization","name":"Novotek Switzerland AG","url":"https:\/\/www.novotek.com\/ch\/","logo":{"@type":"ImageObject","inLanguage":"fr-CH","@id":"https:\/\/www.novotek.com\/ch\/#\/schema\/logo\/image\/","url":"https:\/\/www.novotek.com\/ch\/wp-content\/uploads\/sites\/3\/novotek-symbol-rgb-pos-white-border-512x512-1.png","contentUrl":"https:\/\/www.novotek.com\/ch\/wp-content\/uploads\/sites\/3\/novotek-symbol-rgb-pos-white-border-512x512-1.png","width":512,"height":512,"caption":"Novotek Switzerland AG"},"image":{"@id":"https:\/\/www.novotek.com\/ch\/#\/schema\/logo\/image\/"}}]}},"_links":{"self":[{"href":"https:\/\/www.novotek.com\/ch\/fr\/wp-json\/wp\/v2\/pages\/13688","targetHints":{"allow":["GET"]}}],"collection":[{"href":"https:\/\/www.novotek.com\/ch\/fr\/wp-json\/wp\/v2\/pages"}],"about":[{"href":"https:\/\/www.novotek.com\/ch\/fr\/wp-json\/wp\/v2\/types\/page"}],"author":[{"embeddable":true,"href":"https:\/\/www.novotek.com\/ch\/fr\/wp-json\/wp\/v2\/users\/35"}],"replies":[{"embeddable":true,"href":"https:\/\/www.novotek.com\/ch\/fr\/wp-json\/wp\/v2\/comments?post=13688"}],"version-history":[{"count":8,"href":"https:\/\/www.novotek.com\/ch\/fr\/wp-json\/wp\/v2\/pages\/13688\/revisions"}],"predecessor-version":[{"id":28263,"href":"https:\/\/www.novotek.com\/ch\/fr\/wp-json\/wp\/v2\/pages\/13688\/revisions\/28263"}],"up":[{"embeddable":true,"href":"https:\/\/www.novotek.com\/ch\/fr\/wp-json\/wp\/v2\/pages\/13645"}],"wp:attachment":[{"href":"https:\/\/www.novotek.com\/ch\/fr\/wp-json\/wp\/v2\/media?parent=13688"}],"curies":[{"name":"wp","href":"https:\/\/api.w.org\/{rel}","templated":true}]}}