{"id":13698,"date":"2023-02-28T11:54:38","date_gmt":"2023-02-28T11:54:38","guid":{"rendered":"https:\/\/www.novotek.com\/ch\/?page_id=13698"},"modified":"2024-11-18T15:40:13","modified_gmt":"2024-11-18T15:40:13","slug":"prsentation-2","status":"publish","type":"page","link":"https:\/\/www.novotek.com\/ch\/fr\/prsentation-2\/","title":{"rendered":"Pr&eacute;sentation"},"content":{"rendered":"  <div class=\"hero\">\n    <div class=\"carousel hero-slider small\" data-flickity data-flickity-options='{\"prevNextButtons\": false}'>\n              <div class=\"carousel-cell\">\n          <div class=\"container\">\n            <div class=\"hero-content\">\n                              <h1>Pr\u00e9sentation<\/h1>\n<p>Novotek est une soci\u00e9t\u00e9 de solutions avanc\u00e9es d&#8217;informatique industrielle et d&#8217;automatisation qui fournit depuis plus de 35 ans du mat\u00e9riel et des logiciels de premier ordre \u00e0 un large \u00e9ventail de secteurs de fabrication, de processus et de production.<\/p>\n              \n                          <\/div>\n          <\/div>\n\n          <img decoding=\"async\" width=\"1024\" height=\"320\" src=\"https:\/\/www.novotek.com\/ch\/wp-content\/uploads\/sites\/3\/Careers_Novotek_1920x600-1024x320.jpg.webp\" class=\"hero-bg\" alt=\"Hero Img\" fetchpriority=\"high\" srcset=\"https:\/\/www.novotek.com\/ch\/wp-content\/uploads\/sites\/3\/Careers_Novotek_1920x600-1024x320.jpg.webp 1024w, https:\/\/www.novotek.com\/ch\/wp-content\/uploads\/sites\/3\/Careers_Novotek_1920x600-300x94.jpg.webp 300w, https:\/\/www.novotek.com\/ch\/wp-content\/uploads\/sites\/3\/Careers_Novotek_1920x600-768x240.jpg.webp 768w, https:\/\/www.novotek.com\/ch\/wp-content\/uploads\/sites\/3\/Careers_Novotek_1920x600-1536x480.jpg.webp 1536w, https:\/\/www.novotek.com\/ch\/wp-content\/uploads\/sites\/3\/Careers_Novotek_1920x600.jpg.webp 1920w\" sizes=\"(max-width: 1024px) 100vw, 1024px\" \/>                  <\/div>\n          <\/div>\n\n      <\/div>\n\n   \n\n\n<div class=\"container-md spacer  \">\n<div style=\"height:30px\" aria-hidden=\"true\" class=\"wp-block-spacer\"><\/div>\n<\/div>\n\n<div class=\"posts-columns \">\n  <div class=\"container\">\n  <div class=\"row\">\n    <div class=\"col-12 col-md-4\">\n<article class=\"basic \">\n    <div class=\"image\">\n      <a href=\"https:\/\/www.novotek.com\/ch\/fr\/news\/\">\n                  <img loading=\"lazy\" decoding=\"async\" width=\"1921\" height=\"721\" src=\"https:\/\/www.novotek.com\/ch\/wp-content\/uploads\/sites\/3\/2021\/Novotek_UK\/About_Novotek\/novotek-news-header-duplex-cyan.jpg\" class=\"attachment-post-thumbnail size-post-thumbnail wp-post-image\" alt=\"\" srcset=\"https:\/\/www.novotek.com\/ch\/wp-content\/uploads\/sites\/3\/2021\/Novotek_UK\/About_Novotek\/novotek-news-header-duplex-cyan.jpg 1921w, https:\/\/www.novotek.com\/ch\/wp-content\/uploads\/sites\/3\/2021\/Novotek_UK\/About_Novotek\/novotek-news-header-duplex-cyan-300x113.jpg 300w, https:\/\/www.novotek.com\/ch\/wp-content\/uploads\/sites\/3\/2021\/Novotek_UK\/About_Novotek\/novotek-news-header-duplex-cyan-1024x384.jpg 1024w, https:\/\/www.novotek.com\/ch\/wp-content\/uploads\/sites\/3\/2021\/Novotek_UK\/About_Novotek\/novotek-news-header-duplex-cyan-768x288.jpg 768w, https:\/\/www.novotek.com\/ch\/wp-content\/uploads\/sites\/3\/2021\/Novotek_UK\/About_Novotek\/novotek-news-header-duplex-cyan-1536x576.jpg 1536w\" sizes=\"auto, (max-width: 1921px) 100vw, 1921px\" \/>              <\/a>\n    <\/div>\n\n    <div>\n              <h4>News<\/h4>\n      \n              <p>News Les derni\u00e8res infos relatives aux mises \u00e0 jour des produits, aux manifestations \u00e0 venir et aux \u00e9v\u00e9nements du monde de l\u2019automatisation industrielle et de la num\u00e9risation.<\/p>\n      \n      <div>\n        <a href=\"https:\/\/www.novotek.com\/ch\/fr\/news\/\">\n          Lire plus        <\/a>\n      <\/div>\n    <\/div>\n<\/article>\n<\/div><div class=\"col-12 col-md-4\">\n<article class=\"basic \">\n    <div class=\"image\">\n      <a href=\"https:\/\/www.novotek.com\/ch\/fr\/prsentation\/nos-partenaires\/\">\n                  <img loading=\"lazy\" decoding=\"async\" width=\"1920\" height=\"800\" src=\"https:\/\/www.novotek.com\/ch\/wp-content\/uploads\/sites\/3\/novotek-partner-lieferanten.jpg.webp\" class=\"attachment-post-thumbnail size-post-thumbnail wp-post-image\" alt=\"\" srcset=\"https:\/\/www.novotek.com\/ch\/wp-content\/uploads\/sites\/3\/novotek-partner-lieferanten.jpg.webp 1920w, https:\/\/www.novotek.com\/ch\/wp-content\/uploads\/sites\/3\/novotek-partner-lieferanten-300x125.jpg.webp 300w, https:\/\/www.novotek.com\/ch\/wp-content\/uploads\/sites\/3\/novotek-partner-lieferanten-1024x427.jpg.webp 1024w, https:\/\/www.novotek.com\/ch\/wp-content\/uploads\/sites\/3\/novotek-partner-lieferanten-768x320.jpg.webp 768w, https:\/\/www.novotek.com\/ch\/wp-content\/uploads\/sites\/3\/novotek-partner-lieferanten-1536x640.jpg.webp 1536w\" sizes=\"auto, (max-width: 1920px) 100vw, 1920px\" \/>              <\/a>\n    <\/div>\n\n    <div>\n              <h4>Nos partenaires<\/h4>\n      \n              <p>En collaboration avec nos partenaires, nous fournissons des solutions industrielles bas\u00e9es sur des produits et des composants standard qui nous permettent de relever les d\u00e9fis du march\u00e9.<\/p>\n      \n      <div>\n        <a href=\"https:\/\/www.novotek.com\/ch\/fr\/prsentation\/nos-partenaires\/\">\n          Lire plus        <\/a>\n      <\/div>\n    <\/div>\n<\/article>\n<\/div><div class=\"col-12 col-md-4\">\n<article class=\"basic \">\n    <div class=\"image\">\n      <a href=\"https:\/\/www.novotek.com\/ch\/fr\/prsentation\/\">\n                  <img loading=\"lazy\" decoding=\"async\" width=\"1716\" height=\"1250\" src=\"https:\/\/www.novotek.com\/ch\/wp-content\/uploads\/sites\/3\/novotek-switzerland.jpg.webp\" class=\"attachment-post-thumbnail size-post-thumbnail wp-post-image\" alt=\"\" srcset=\"https:\/\/www.novotek.com\/ch\/wp-content\/uploads\/sites\/3\/novotek-switzerland.jpg.webp 1716w, https:\/\/www.novotek.com\/ch\/wp-content\/uploads\/sites\/3\/novotek-switzerland-300x219.jpg.webp 300w, https:\/\/www.novotek.com\/ch\/wp-content\/uploads\/sites\/3\/novotek-switzerland-1024x746.jpg.webp 1024w, https:\/\/www.novotek.com\/ch\/wp-content\/uploads\/sites\/3\/novotek-switzerland-768x559.jpg.webp 768w, https:\/\/www.novotek.com\/ch\/wp-content\/uploads\/sites\/3\/novotek-switzerland-1536x1119.jpg.webp 1536w\" sizes=\"auto, (max-width: 1716px) 100vw, 1716px\" \/>              <\/a>\n    <\/div>\n\n    <div>\n              <h4>Novotek Switzerland<\/h4>\n      \n              <p>Notre motivation est d&#8217;aider nos clients \u00e0 utiliser des produits et des solutions innovants pour connecter, num\u00e9riser et optimiser leurs processus industriels.<\/p>\n      \n      <div>\n        <a href=\"https:\/\/www.novotek.com\/ch\/fr\/prsentation\/\">\n          Lire plus        <\/a>\n      <\/div>\n    <\/div>\n<\/article>\n<\/div><div class=\"col-12 col-md-4\">\n<article class=\"basic \">\n    <div class=\"image\">\n      <a href=\"https:\/\/www.novotek.com\/ch\/fr\/prsentation-2\/calendrier-des-evenements\/\">\n                  <img loading=\"lazy\" decoding=\"async\" width=\"1920\" height=\"600\" src=\"https:\/\/www.novotek.com\/ch\/wp-content\/uploads\/sites\/3\/events-kalender-novotek-2023-1920x600-1.jpg.webp\" class=\"attachment-post-thumbnail size-post-thumbnail wp-post-image\" alt=\"\" srcset=\"https:\/\/www.novotek.com\/ch\/wp-content\/uploads\/sites\/3\/events-kalender-novotek-2023-1920x600-1.jpg.webp 1920w, https:\/\/www.novotek.com\/ch\/wp-content\/uploads\/sites\/3\/events-kalender-novotek-2023-1920x600-1-300x94.jpg.webp 300w, https:\/\/www.novotek.com\/ch\/wp-content\/uploads\/sites\/3\/events-kalender-novotek-2023-1920x600-1-1024x320.jpg.webp 1024w, https:\/\/www.novotek.com\/ch\/wp-content\/uploads\/sites\/3\/events-kalender-novotek-2023-1920x600-1-768x240.jpg.webp 768w, https:\/\/www.novotek.com\/ch\/wp-content\/uploads\/sites\/3\/events-kalender-novotek-2023-1920x600-1-1536x480.jpg.webp 1536w\" sizes=\"auto, (max-width: 1920px) 100vw, 1920px\" \/>              <\/a>\n    <\/div>\n\n    <div>\n              <h4>Calendrier des \u00e9v\u00e9nements<\/h4>\n      \n              <p>Novotek Switzerland organise r\u00e9guli\u00e8rement des \u00e9v\u00e9nements autour des th\u00e8mes de la connectivit\u00e9, de l&#8217;usine intelligente et de l&#8217;industrie 4.0. Nous sommes en outre pr\u00e9sents \u00e0 divers \u00e9v\u00e9nements et salons sur ces th\u00e8mes en Suisse.<\/p>\n      \n      <div>\n        <a href=\"https:\/\/www.novotek.com\/ch\/fr\/prsentation-2\/calendrier-des-evenements\/\">\n          Lire plus        <\/a>\n      <\/div>\n    <\/div>\n<\/article>\n<\/div><div class=\"col-12 col-md-4\">\n<article class=\"basic \">\n    <div class=\"image\">\n      <a href=\"https:\/\/www.novotek.com\/ch\/fr\/prsentation\/travailler-chez-nous\/\">\n                  <img loading=\"lazy\" decoding=\"async\" width=\"1920\" height=\"600\" src=\"https:\/\/www.novotek.com\/ch\/wp-content\/uploads\/sites\/3\/arbeite-bei-uns-novotek-1.jpg.webp\" class=\"attachment-post-thumbnail size-post-thumbnail wp-post-image\" alt=\"\" srcset=\"https:\/\/www.novotek.com\/ch\/wp-content\/uploads\/sites\/3\/arbeite-bei-uns-novotek-1.jpg.webp 1920w, https:\/\/www.novotek.com\/ch\/wp-content\/uploads\/sites\/3\/arbeite-bei-uns-novotek-1-300x94.jpg.webp 300w, https:\/\/www.novotek.com\/ch\/wp-content\/uploads\/sites\/3\/arbeite-bei-uns-novotek-1-1024x320.jpg.webp 1024w, https:\/\/www.novotek.com\/ch\/wp-content\/uploads\/sites\/3\/arbeite-bei-uns-novotek-1-768x240.jpg.webp 768w, https:\/\/www.novotek.com\/ch\/wp-content\/uploads\/sites\/3\/arbeite-bei-uns-novotek-1-1536x480.jpg.webp 1536w\" sizes=\"auto, (max-width: 1920px) 100vw, 1920px\" \/>              <\/a>\n    <\/div>\n\n    <div>\n              <h4>Travailler chez nous<\/h4>\n      \n              <p>L\u2019engagement et la loyaut\u00e9 de nos collaborateurs ont toujours \u00e9t\u00e9 au c\u0153ur de Novotek et constituent une condition pr\u00e9alable \u00e0 notre succ\u00e8s.<\/p>\n      \n      <div>\n        <a href=\"https:\/\/www.novotek.com\/ch\/fr\/prsentation\/travailler-chez-nous\/\">\n          Lire plus        <\/a>\n      <\/div>\n    <\/div>\n<\/article>\n<\/div><div class=\"col-12 col-md-4\">\n<article class=\"basic \">\n    <div class=\"image\">\n      <a href=\"https:\/\/www.novotek.com\/ch\/fr\/contactez-nous-2\/\">\n                  <img loading=\"lazy\" decoding=\"async\" width=\"1920\" height=\"800\" src=\"https:\/\/www.novotek.com\/ch\/wp-content\/uploads\/sites\/3\/Kontakt_oss_office_1920x800.jpg.webp\" class=\"attachment-post-thumbnail size-post-thumbnail wp-post-image\" alt=\"\" srcset=\"https:\/\/www.novotek.com\/ch\/wp-content\/uploads\/sites\/3\/Kontakt_oss_office_1920x800.jpg.webp 1920w, https:\/\/www.novotek.com\/ch\/wp-content\/uploads\/sites\/3\/Kontakt_oss_office_1920x800-300x125.jpg.webp 300w, https:\/\/www.novotek.com\/ch\/wp-content\/uploads\/sites\/3\/Kontakt_oss_office_1920x800-1024x427.jpg.webp 1024w, https:\/\/www.novotek.com\/ch\/wp-content\/uploads\/sites\/3\/Kontakt_oss_office_1920x800-768x320.jpg.webp 768w, https:\/\/www.novotek.com\/ch\/wp-content\/uploads\/sites\/3\/Kontakt_oss_office_1920x800-1536x640.jpg.webp 1536w\" sizes=\"auto, (max-width: 1920px) 100vw, 1920px\" \/>              <\/a>\n    <\/div>\n\n    <div>\n              <h4>Contactez-nous<\/h4>\n      \n              <p>Nous nous occupons de votre demande ! Nos commerciaux et techniciens, sp\u00e9cialistes des solutions industrielles, sont \u00e0 vos c\u00f4t\u00e9s pour optimiser votre production.<\/p>\n      \n      <div>\n        <a href=\"https:\/\/www.novotek.com\/ch\/fr\/contactez-nous-2\/\">\n          Lire plus        <\/a>\n      <\/div>\n    <\/div>\n<\/article>\n<\/div>  <\/div>\n\n  <\/div><\/div>\n","protected":false},"excerpt":{"rendered":"<p>Novotek est une soci\u00e9t\u00e9 de solutions avanc\u00e9es d&#8217;informatique et d&#8217;automatisation industrielles qui fournit depuis plus de 35 ans du mat\u00e9riel et des logiciels de premier ordre \u00e0 un large \u00e9ventail de secteurs de fabrication, de processus et de production.<\/p>\n","protected":false},"author":35,"featured_media":13911,"parent":0,"menu_order":6,"comment_status":"closed","ping_status":"closed","template":"","meta":{"_acf_changed":false,"_relevanssi_hide_post":"","_relevanssi_pin_for_all":"","_relevanssi_pin_keywords":"","_relevanssi_unpin_keywords":"","_relevanssi_related_keywords":"","_relevanssi_related_include_ids":"","_relevanssi_related_exclude_ids":"","_relevanssi_related_no_append":"","_relevanssi_related_not_related":"","_relevanssi_related_posts":"12409,13573,13571,12884,13567,13569","_relevanssi_noindex_reason":"","content-type":"","footnotes":""},"class_list":["post-13698","page","type-page","status-publish","has-post-thumbnail","hentry"],"acf":[],"yoast_head":"<!-- This site is optimized with the Yoast SEO plugin v27.4 - https:\/\/yoast.com\/product\/yoast-seo-wordpress\/ -->\n<title>Novotek Switzerland - Events, News &amp; mehr<\/title>\n<meta name=\"description\" content=\"L\u2019entreprise Novotek propose des solutions IT et d\u2019automatisation industrielles pour les secteurs de la fabrication, des processus et de la production.\" \/>\n<meta name=\"robots\" content=\"index, follow, max-snippet:-1, max-image-preview:large, max-video-preview:-1\" \/>\n<link rel=\"canonical\" href=\"https:\/\/www.novotek.com\/ch\/fr\/prsentation-2\/\" \/>\n<meta property=\"og:locale\" content=\"fr_FR\" \/>\n<meta property=\"og:type\" content=\"article\" \/>\n<meta property=\"og:title\" content=\"Novotek Switzerland - Events, News &amp; mehr\" \/>\n<meta property=\"og:description\" content=\"L\u2019entreprise Novotek propose des solutions IT et d\u2019automatisation industrielles pour les secteurs de la fabrication, des processus et de la production.\" \/>\n<meta property=\"og:url\" content=\"https:\/\/www.novotek.com\/ch\/fr\/prsentation-2\/\" \/>\n<meta property=\"og:site_name\" content=\"Novotek CH\" \/>\n<meta property=\"article:modified_time\" content=\"2024-11-18T15:40:13+00:00\" \/>\n<meta property=\"og:image\" content=\"https:\/\/www.novotek.com\/ch\/wp-content\/uploads\/sites\/3\/Careers_Novotek_1920x600.jpg.webp\" \/>\n\t<meta property=\"og:image:width\" content=\"1920\" \/>\n\t<meta property=\"og:image:height\" content=\"600\" \/>\n\t<meta property=\"og:image:type\" content=\"image\/jpeg\" \/>\n<meta name=\"twitter:card\" content=\"summary_large_image\" \/>\n<meta name=\"twitter:label1\" content=\"Est. reading time\" \/>\n\t<meta name=\"twitter:data1\" content=\"1 minute\" \/>\n<script type=\"application\/ld+json\" class=\"yoast-schema-graph\">{\"@context\":\"https:\\\/\\\/schema.org\",\"@graph\":[{\"@type\":\"WebPage\",\"@id\":\"https:\\\/\\\/www.novotek.com\\\/ch\\\/fr\\\/prsentation-2\\\/\",\"url\":\"https:\\\/\\\/www.novotek.com\\\/ch\\\/fr\\\/prsentation-2\\\/\",\"name\":\"Novotek Switzerland - Events, News & mehr\",\"isPartOf\":{\"@id\":\"https:\\\/\\\/www.novotek.com\\\/ch\\\/#website\"},\"primaryImageOfPage\":{\"@id\":\"https:\\\/\\\/www.novotek.com\\\/ch\\\/fr\\\/prsentation-2\\\/#primaryimage\"},\"image\":{\"@id\":\"https:\\\/\\\/www.novotek.com\\\/ch\\\/fr\\\/prsentation-2\\\/#primaryimage\"},\"thumbnailUrl\":\"https:\\\/\\\/www.novotek.com\\\/ch\\\/wp-content\\\/uploads\\\/sites\\\/3\\\/Careers_Novotek_1920x600.jpg.webp\",\"datePublished\":\"2023-02-28T11:54:38+00:00\",\"dateModified\":\"2024-11-18T15:40:13+00:00\",\"description\":\"L\u2019entreprise Novotek propose des solutions IT et d\u2019automatisation industrielles pour les secteurs de la fabrication, des processus et de la production.\",\"breadcrumb\":{\"@id\":\"https:\\\/\\\/www.novotek.com\\\/ch\\\/fr\\\/prsentation-2\\\/#breadcrumb\"},\"inLanguage\":\"fr-CH\",\"potentialAction\":[{\"@type\":\"ReadAction\",\"target\":[\"https:\\\/\\\/www.novotek.com\\\/ch\\\/fr\\\/prsentation-2\\\/\"]}]},{\"@type\":\"ImageObject\",\"inLanguage\":\"fr-CH\",\"@id\":\"https:\\\/\\\/www.novotek.com\\\/ch\\\/fr\\\/prsentation-2\\\/#primaryimage\",\"url\":\"https:\\\/\\\/www.novotek.com\\\/ch\\\/wp-content\\\/uploads\\\/sites\\\/3\\\/Careers_Novotek_1920x600.jpg.webp\",\"contentUrl\":\"https:\\\/\\\/www.novotek.com\\\/ch\\\/wp-content\\\/uploads\\\/sites\\\/3\\\/Careers_Novotek_1920x600.jpg.webp\",\"width\":1920,\"height\":600},{\"@type\":\"BreadcrumbList\",\"@id\":\"https:\\\/\\\/www.novotek.com\\\/ch\\\/fr\\\/prsentation-2\\\/#breadcrumb\",\"itemListElement\":[{\"@type\":\"ListItem\",\"position\":1,\"name\":\"Home\",\"item\":\"https:\\\/\\\/www.novotek.com\\\/ch\\\/fr\\\/\"},{\"@type\":\"ListItem\",\"position\":2,\"name\":\"Pr&eacute;sentation\"}]},{\"@type\":\"WebSite\",\"@id\":\"https:\\\/\\\/www.novotek.com\\\/ch\\\/#website\",\"url\":\"https:\\\/\\\/www.novotek.com\\\/ch\\\/\",\"name\":\"Novotek Switzerland AG\",\"description\":\"Connect - Digitalize - Optimize\",\"publisher\":{\"@id\":\"https:\\\/\\\/www.novotek.com\\\/ch\\\/#organization\"},\"potentialAction\":[{\"@type\":\"SearchAction\",\"target\":{\"@type\":\"EntryPoint\",\"urlTemplate\":\"https:\\\/\\\/www.novotek.com\\\/ch\\\/?s={search_term_string}\"},\"query-input\":{\"@type\":\"PropertyValueSpecification\",\"valueRequired\":true,\"valueName\":\"search_term_string\"}}],\"inLanguage\":\"fr-CH\"},{\"@type\":\"Organization\",\"@id\":\"https:\\\/\\\/www.novotek.com\\\/ch\\\/#organization\",\"name\":\"Novotek Switzerland AG\",\"url\":\"https:\\\/\\\/www.novotek.com\\\/ch\\\/\",\"logo\":{\"@type\":\"ImageObject\",\"inLanguage\":\"fr-CH\",\"@id\":\"https:\\\/\\\/www.novotek.com\\\/ch\\\/#\\\/schema\\\/logo\\\/image\\\/\",\"url\":\"https:\\\/\\\/www.novotek.com\\\/ch\\\/wp-content\\\/uploads\\\/sites\\\/3\\\/novotek-symbol-rgb-pos-white-border-512x512-1.png\",\"contentUrl\":\"https:\\\/\\\/www.novotek.com\\\/ch\\\/wp-content\\\/uploads\\\/sites\\\/3\\\/novotek-symbol-rgb-pos-white-border-512x512-1.png\",\"width\":512,\"height\":512,\"caption\":\"Novotek Switzerland AG\"},\"image\":{\"@id\":\"https:\\\/\\\/www.novotek.com\\\/ch\\\/#\\\/schema\\\/logo\\\/image\\\/\"}}]}<\/script>\n<!-- \/ Yoast SEO plugin. -->","yoast_head_json":{"title":"Novotek Switzerland - Events, News & mehr","description":"L\u2019entreprise Novotek propose des solutions IT et d\u2019automatisation industrielles pour les secteurs de la fabrication, des processus et de la production.","robots":{"index":"index","follow":"follow","max-snippet":"max-snippet:-1","max-image-preview":"max-image-preview:large","max-video-preview":"max-video-preview:-1"},"canonical":"https:\/\/www.novotek.com\/ch\/fr\/prsentation-2\/","og_locale":"fr_FR","og_type":"article","og_title":"Novotek Switzerland - Events, News & mehr","og_description":"L\u2019entreprise Novotek propose des solutions IT et d\u2019automatisation industrielles pour les secteurs de la fabrication, des processus et de la production.","og_url":"https:\/\/www.novotek.com\/ch\/fr\/prsentation-2\/","og_site_name":"Novotek CH","article_modified_time":"2024-11-18T15:40:13+00:00","og_image":[{"width":1920,"height":600,"url":"https:\/\/www.novotek.com\/ch\/wp-content\/uploads\/sites\/3\/Careers_Novotek_1920x600.jpg.webp","type":"image\/jpeg"}],"twitter_card":"summary_large_image","twitter_misc":{"Est. reading time":"1 minute"},"schema":{"@context":"https:\/\/schema.org","@graph":[{"@type":"WebPage","@id":"https:\/\/www.novotek.com\/ch\/fr\/prsentation-2\/","url":"https:\/\/www.novotek.com\/ch\/fr\/prsentation-2\/","name":"Novotek Switzerland - Events, News & mehr","isPartOf":{"@id":"https:\/\/www.novotek.com\/ch\/#website"},"primaryImageOfPage":{"@id":"https:\/\/www.novotek.com\/ch\/fr\/prsentation-2\/#primaryimage"},"image":{"@id":"https:\/\/www.novotek.com\/ch\/fr\/prsentation-2\/#primaryimage"},"thumbnailUrl":"https:\/\/www.novotek.com\/ch\/wp-content\/uploads\/sites\/3\/Careers_Novotek_1920x600.jpg.webp","datePublished":"2023-02-28T11:54:38+00:00","dateModified":"2024-11-18T15:40:13+00:00","description":"L\u2019entreprise Novotek propose des solutions IT et d\u2019automatisation industrielles pour les secteurs de la fabrication, des processus et de la production.","breadcrumb":{"@id":"https:\/\/www.novotek.com\/ch\/fr\/prsentation-2\/#breadcrumb"},"inLanguage":"fr-CH","potentialAction":[{"@type":"ReadAction","target":["https:\/\/www.novotek.com\/ch\/fr\/prsentation-2\/"]}]},{"@type":"ImageObject","inLanguage":"fr-CH","@id":"https:\/\/www.novotek.com\/ch\/fr\/prsentation-2\/#primaryimage","url":"https:\/\/www.novotek.com\/ch\/wp-content\/uploads\/sites\/3\/Careers_Novotek_1920x600.jpg.webp","contentUrl":"https:\/\/www.novotek.com\/ch\/wp-content\/uploads\/sites\/3\/Careers_Novotek_1920x600.jpg.webp","width":1920,"height":600},{"@type":"BreadcrumbList","@id":"https:\/\/www.novotek.com\/ch\/fr\/prsentation-2\/#breadcrumb","itemListElement":[{"@type":"ListItem","position":1,"name":"Home","item":"https:\/\/www.novotek.com\/ch\/fr\/"},{"@type":"ListItem","position":2,"name":"Pr&eacute;sentation"}]},{"@type":"WebSite","@id":"https:\/\/www.novotek.com\/ch\/#website","url":"https:\/\/www.novotek.com\/ch\/","name":"Novotek Switzerland AG","description":"Connect - Digitalize - Optimize","publisher":{"@id":"https:\/\/www.novotek.com\/ch\/#organization"},"potentialAction":[{"@type":"SearchAction","target":{"@type":"EntryPoint","urlTemplate":"https:\/\/www.novotek.com\/ch\/?s={search_term_string}"},"query-input":{"@type":"PropertyValueSpecification","valueRequired":true,"valueName":"search_term_string"}}],"inLanguage":"fr-CH"},{"@type":"Organization","@id":"https:\/\/www.novotek.com\/ch\/#organization","name":"Novotek Switzerland AG","url":"https:\/\/www.novotek.com\/ch\/","logo":{"@type":"ImageObject","inLanguage":"fr-CH","@id":"https:\/\/www.novotek.com\/ch\/#\/schema\/logo\/image\/","url":"https:\/\/www.novotek.com\/ch\/wp-content\/uploads\/sites\/3\/novotek-symbol-rgb-pos-white-border-512x512-1.png","contentUrl":"https:\/\/www.novotek.com\/ch\/wp-content\/uploads\/sites\/3\/novotek-symbol-rgb-pos-white-border-512x512-1.png","width":512,"height":512,"caption":"Novotek Switzerland AG"},"image":{"@id":"https:\/\/www.novotek.com\/ch\/#\/schema\/logo\/image\/"}}]}},"_links":{"self":[{"href":"https:\/\/www.novotek.com\/ch\/fr\/wp-json\/wp\/v2\/pages\/13698","targetHints":{"allow":["GET"]}}],"collection":[{"href":"https:\/\/www.novotek.com\/ch\/fr\/wp-json\/wp\/v2\/pages"}],"about":[{"href":"https:\/\/www.novotek.com\/ch\/fr\/wp-json\/wp\/v2\/types\/page"}],"author":[{"embeddable":true,"href":"https:\/\/www.novotek.com\/ch\/fr\/wp-json\/wp\/v2\/users\/35"}],"replies":[{"embeddable":true,"href":"https:\/\/www.novotek.com\/ch\/fr\/wp-json\/wp\/v2\/comments?post=13698"}],"version-history":[{"count":14,"href":"https:\/\/www.novotek.com\/ch\/fr\/wp-json\/wp\/v2\/pages\/13698\/revisions"}],"predecessor-version":[{"id":20449,"href":"https:\/\/www.novotek.com\/ch\/fr\/wp-json\/wp\/v2\/pages\/13698\/revisions\/20449"}],"wp:featuredmedia":[{"embeddable":true,"href":"https:\/\/www.novotek.com\/ch\/fr\/wp-json\/wp\/v2\/media\/13911"}],"wp:attachment":[{"href":"https:\/\/www.novotek.com\/ch\/fr\/wp-json\/wp\/v2\/media?parent=13698"}],"curies":[{"name":"wp","href":"https:\/\/api.w.org\/{rel}","templated":true}]}}