{"id":14895,"date":"2023-02-14T14:58:49","date_gmt":"2023-02-14T14:58:49","guid":{"rendered":"https:\/\/www.novotek.com\/ch\/solutions-et-produits\/"},"modified":"2023-02-27T10:37:54","modified_gmt":"2023-02-27T10:37:54","slug":"solutions-et-produits","status":"publish","type":"page","link":"https:\/\/www.novotek.com\/ch\/fr\/solutions-et-produits\/","title":{"rendered":"Solutions &amp; Produits"},"content":{"rendered":"  <div class=\"hero\">\n    <div class=\"carousel hero-slider small\" data-flickity data-flickity-options='{\"prevNextButtons\": false}'>\n              <div class=\"carousel-cell\">\n          <div class=\"container\">\n            <div class=\"hero-content\">\n                              <h1>Solutions et Produits<\/h1>\n<p>Une gamme compl\u00e8te de solutions bas\u00e9es sur des produits standard ayant fait leurs preuves \u00e0 plusieurs reprises pour la visualisation, le contr\u00f4le, la num\u00e9risation et l&#8217;optimisation de votre processus de production.<\/p>\n              \n                          <\/div>\n          <\/div>\n\n          <img decoding=\"async\" width=\"1024\" height=\"427\" src=\"https:\/\/www.novotek.com\/ch\/wp-content\/uploads\/sites\/3\/Novotek_solutions_and_products_header_1920x800px_NEW-1024x427.jpg.webp\" class=\"hero-bg\" alt=\"Hero Img\" fetchpriority=\"high\" srcset=\"https:\/\/www.novotek.com\/ch\/wp-content\/uploads\/sites\/3\/Novotek_solutions_and_products_header_1920x800px_NEW-1024x427.jpg.webp 1024w, https:\/\/www.novotek.com\/ch\/wp-content\/uploads\/sites\/3\/Novotek_solutions_and_products_header_1920x800px_NEW-300x125.jpg.webp 300w, https:\/\/www.novotek.com\/ch\/wp-content\/uploads\/sites\/3\/Novotek_solutions_and_products_header_1920x800px_NEW-768x320.jpg.webp 768w, https:\/\/www.novotek.com\/ch\/wp-content\/uploads\/sites\/3\/Novotek_solutions_and_products_header_1920x800px_NEW-1536x640.jpg.webp 1536w, https:\/\/www.novotek.com\/ch\/wp-content\/uploads\/sites\/3\/Novotek_solutions_and_products_header_1920x800px_NEW.jpg.webp 1920w\" sizes=\"(max-width: 1024px) 100vw, 1024px\" \/>                  <\/div>\n          <\/div>\n\n      <\/div>\n\n   \n\n\n<div class=\"container-md spacer  \">\n<div style=\"height:30px\" aria-hidden=\"true\" class=\"wp-block-spacer\"><\/div>\n<\/div>\n\n<div class=\"posts-columns \">\n  <div class=\"container\">\n  <div class=\"row\">\n    <div class=\"col-12 col-md-4\">\n<article class=\"basic \">\n    <div class=\"image\">\n      <a href=\"https:\/\/www.novotek.com\/ch\/fr\/connectivit\/\">\n                  <img loading=\"lazy\" decoding=\"async\" width=\"1920\" height=\"800\" src=\"https:\/\/www.novotek.com\/ch\/wp-content\/uploads\/sites\/3\/Novotek_Industrial_IoT_header_1920x800px_NEW.jpg.webp\" class=\"attachment-post-thumbnail size-post-thumbnail wp-post-image\" alt=\"Konnektivit\u00e4t\" srcset=\"https:\/\/www.novotek.com\/ch\/wp-content\/uploads\/sites\/3\/Novotek_Industrial_IoT_header_1920x800px_NEW.jpg.webp 1920w, https:\/\/www.novotek.com\/ch\/wp-content\/uploads\/sites\/3\/Novotek_Industrial_IoT_header_1920x800px_NEW-300x125.jpg.webp 300w, https:\/\/www.novotek.com\/ch\/wp-content\/uploads\/sites\/3\/Novotek_Industrial_IoT_header_1920x800px_NEW-1024x427.jpg.webp 1024w, https:\/\/www.novotek.com\/ch\/wp-content\/uploads\/sites\/3\/Novotek_Industrial_IoT_header_1920x800px_NEW-768x320.jpg.webp 768w, https:\/\/www.novotek.com\/ch\/wp-content\/uploads\/sites\/3\/Novotek_Industrial_IoT_header_1920x800px_NEW-1536x640.jpg.webp 1536w\" sizes=\"auto, (max-width: 1920px) 100vw, 1920px\" \/>              <\/a>\n    <\/div>\n\n    <div>\n              <h4>Connectivit&eacute;<\/h4>\n      \n              <p>Des donn\u00e9es correctes et des connexions robustes constituent la base de toute num\u00e9risation r\u00e9ussie. Nos produits standard permettent de relier les syst\u00e8mes OT &#8211; IT et de Cloud.<\/p>\n      \n      <div>\n        <a href=\"https:\/\/www.novotek.com\/ch\/fr\/connectivit\/\">\n          Lire plus        <\/a>\n      <\/div>\n    <\/div>\n<\/article>\n<\/div><div class=\"col-12 col-md-4\">\n<article class=\"basic \">\n    <div class=\"image\">\n      <a href=\"https:\/\/www.novotek.com\/ch\/fr\/collecte-de-donnes\/\">\n                  <img loading=\"lazy\" decoding=\"async\" width=\"1920\" height=\"800\" src=\"https:\/\/www.novotek.com\/ch\/wp-content\/uploads\/sites\/3\/Produktionsdatenerfassung_1920x800px.jpg.webp\" class=\"attachment-post-thumbnail size-post-thumbnail wp-post-image\" alt=\"Datenerfassung\" srcset=\"https:\/\/www.novotek.com\/ch\/wp-content\/uploads\/sites\/3\/Produktionsdatenerfassung_1920x800px.jpg.webp 1920w, https:\/\/www.novotek.com\/ch\/wp-content\/uploads\/sites\/3\/Produktionsdatenerfassung_1920x800px-300x125.jpg.webp 300w, https:\/\/www.novotek.com\/ch\/wp-content\/uploads\/sites\/3\/Produktionsdatenerfassung_1920x800px-1024x427.jpg.webp 1024w, https:\/\/www.novotek.com\/ch\/wp-content\/uploads\/sites\/3\/Produktionsdatenerfassung_1920x800px-768x320.jpg.webp 768w, https:\/\/www.novotek.com\/ch\/wp-content\/uploads\/sites\/3\/Produktionsdatenerfassung_1920x800px-1536x640.jpg.webp 1536w\" sizes=\"auto, (max-width: 1920px) 100vw, 1920px\" \/>              <\/a>\n    <\/div>\n\n    <div>\n              <h4>Collecte de donn&eacute;es<\/h4>\n      \n              <p>Transformez vos donn&eacute;es en connaissances&nbsp;! Les donn&eacute;es de processus enregistr&eacute;es forment la base des certificats de qualit&eacute;, des &eacute;valuations et des analyses fond&eacute;es.<\/p>\n      \n      <div>\n        <a href=\"https:\/\/www.novotek.com\/ch\/fr\/collecte-de-donnes\/\">\n          Lire plus        <\/a>\n      <\/div>\n    <\/div>\n<\/article>\n<\/div><div class=\"col-12 col-md-4\">\n<article class=\"basic \">\n    <div class=\"image\">\n      <a href=\"https:\/\/www.novotek.com\/ch\/fr\/dashboard-reporting\/\">\n                  <img loading=\"lazy\" decoding=\"async\" width=\"1024\" height=\"684\" src=\"https:\/\/www.novotek.com\/ch\/wp-content\/uploads\/sites\/3\/Data_collection_duotone_1200x800-1024x684-1.jpg.webp\" class=\"attachment-post-thumbnail size-post-thumbnail wp-post-image\" alt=\"Dashboard Reporting\" srcset=\"https:\/\/www.novotek.com\/ch\/wp-content\/uploads\/sites\/3\/Data_collection_duotone_1200x800-1024x684-1.jpg.webp 1024w, https:\/\/www.novotek.com\/ch\/wp-content\/uploads\/sites\/3\/Data_collection_duotone_1200x800-1024x684-1-300x200.jpg.webp 300w, https:\/\/www.novotek.com\/ch\/wp-content\/uploads\/sites\/3\/Data_collection_duotone_1200x800-1024x684-1-768x513.jpg.webp 768w\" sizes=\"auto, (max-width: 1024px) 100vw, 1024px\" \/>              <\/a>\n    <\/div>\n\n    <div>\n              <h4>Dashboard Reporting<\/h4>\n      \n              <p>Business Intelligence &#8211; Les informations et les analyses vous aident \u00e0 documenter et \u00e0 optimiser vos processus. Avec des informations pertinentes au bon moment, vous prenez des d\u00e9cisions importantes de mani\u00e8re efficace et cibl\u00e9e.<\/p>\n      \n      <div>\n        <a href=\"https:\/\/www.novotek.com\/ch\/fr\/dashboard-reporting\/\">\n          Lire plus        <\/a>\n      <\/div>\n    <\/div>\n<\/article>\n<\/div><div class=\"col-12 col-md-4\">\n<article class=\"basic \">\n    <div class=\"image\">\n      <a href=\"https:\/\/www.novotek.com\/ch\/fr\/smart-factory-mes\/\">\n                  <img loading=\"lazy\" decoding=\"async\" width=\"1920\" height=\"800\" src=\"https:\/\/www.novotek.com\/ch\/wp-content\/uploads\/sites\/3\/Novotek_MES_tank_duotone_1920x800.jpg.webp\" class=\"attachment-post-thumbnail size-post-thumbnail wp-post-image\" alt=\"Smart Factory\" srcset=\"https:\/\/www.novotek.com\/ch\/wp-content\/uploads\/sites\/3\/Novotek_MES_tank_duotone_1920x800.jpg.webp 1920w, https:\/\/www.novotek.com\/ch\/wp-content\/uploads\/sites\/3\/Novotek_MES_tank_duotone_1920x800-300x125.jpg.webp 300w, https:\/\/www.novotek.com\/ch\/wp-content\/uploads\/sites\/3\/Novotek_MES_tank_duotone_1920x800-1024x427.jpg.webp 1024w, https:\/\/www.novotek.com\/ch\/wp-content\/uploads\/sites\/3\/Novotek_MES_tank_duotone_1920x800-768x320.jpg.webp 768w, https:\/\/www.novotek.com\/ch\/wp-content\/uploads\/sites\/3\/Novotek_MES_tank_duotone_1920x800-1536x640.jpg.webp 1536w\" sizes=\"auto, (max-width: 1920px) 100vw, 1920px\" \/>              <\/a>\n    <\/div>\n\n    <div>\n              <h4>Smart Factory \/ MES<\/h4>\n      \n              <p>Le syst\u00e8me de gestion de la production pour les entreprises en r\u00e9seau. Les solutions MES vous donnent un aper\u00e7u complet et un meilleur contr\u00f4le de l&#8217;ensemble de la production.<\/p>\n      \n      <div>\n        <a href=\"https:\/\/www.novotek.com\/ch\/fr\/smart-factory-mes\/\">\n          Lire plus        <\/a>\n      <\/div>\n    <\/div>\n<\/article>\n<\/div><div class=\"col-12 col-md-4\">\n<article class=\"basic \">\n    <div class=\"image\">\n      <a href=\"https:\/\/www.novotek.com\/ch\/fr\/gestion-des-versions\/\">\n                  <img loading=\"lazy\" decoding=\"async\" width=\"1920\" height=\"800\" src=\"https:\/\/www.novotek.com\/ch\/wp-content\/uploads\/sites\/3\/Wiring_header_1920x800.jpg.webp\" class=\"attachment-post-thumbnail size-post-thumbnail wp-post-image\" alt=\"Versionierung\" srcset=\"https:\/\/www.novotek.com\/ch\/wp-content\/uploads\/sites\/3\/Wiring_header_1920x800.jpg.webp 1920w, https:\/\/www.novotek.com\/ch\/wp-content\/uploads\/sites\/3\/Wiring_header_1920x800-300x125.jpg.webp 300w, https:\/\/www.novotek.com\/ch\/wp-content\/uploads\/sites\/3\/Wiring_header_1920x800-1024x427.jpg.webp 1024w, https:\/\/www.novotek.com\/ch\/wp-content\/uploads\/sites\/3\/Wiring_header_1920x800-768x320.jpg.webp 768w, https:\/\/www.novotek.com\/ch\/wp-content\/uploads\/sites\/3\/Wiring_header_1920x800-1536x640.jpg.webp 1536w\" sizes=\"auto, (max-width: 1920px) 100vw, 1920px\" \/>              <\/a>\n    <\/div>\n\n    <div>\n              <h4>Gestion des versions<\/h4>\n      \n              <p>La transparence totale dans la production&nbsp;!&nbsp; Avec un contr&ocirc;le optimal des versions, vous avez &agrave; tout moment les changements et les risques de vos syst&egrave;mes de commande sous les yeux et &eacute;vitez ainsi les temps d&apos;arr&ecirc;t co&ucirc;teux.<\/p>\n      \n      <div>\n        <a href=\"https:\/\/www.novotek.com\/ch\/fr\/gestion-des-versions\/\">\n          Lire plus        <\/a>\n      <\/div>\n    <\/div>\n<\/article>\n<\/div><div class=\"col-12 col-md-4\">\n<article class=\"basic \">\n    <div class=\"image\">\n      <a href=\"https:\/\/www.novotek.com\/ch\/fr\/industry-analytics\/\">\n                  <img loading=\"lazy\" decoding=\"async\" width=\"1920\" height=\"800\" src=\"https:\/\/www.novotek.com\/ch\/wp-content\/uploads\/sites\/3\/2021\/Novotek_UK\/Solutions_and_Products\/Analytics\/Novotek_solutions_Analytics_header_1920x800px.jpg\" class=\"attachment-post-thumbnail size-post-thumbnail wp-post-image\" alt=\"\" srcset=\"https:\/\/www.novotek.com\/ch\/wp-content\/uploads\/sites\/3\/2021\/Novotek_UK\/Solutions_and_Products\/Analytics\/Novotek_solutions_Analytics_header_1920x800px.jpg 1920w, https:\/\/www.novotek.com\/ch\/wp-content\/uploads\/sites\/3\/2021\/Novotek_UK\/Solutions_and_Products\/Analytics\/Novotek_solutions_Analytics_header_1920x800px-300x125.jpg 300w, https:\/\/www.novotek.com\/ch\/wp-content\/uploads\/sites\/3\/2021\/Novotek_UK\/Solutions_and_Products\/Analytics\/Novotek_solutions_Analytics_header_1920x800px-1024x427.jpg 1024w, https:\/\/www.novotek.com\/ch\/wp-content\/uploads\/sites\/3\/2021\/Novotek_UK\/Solutions_and_Products\/Analytics\/Novotek_solutions_Analytics_header_1920x800px-768x320.jpg 768w, https:\/\/www.novotek.com\/ch\/wp-content\/uploads\/sites\/3\/2021\/Novotek_UK\/Solutions_and_Products\/Analytics\/Novotek_solutions_Analytics_header_1920x800px-1536x640.jpg 1536w\" sizes=\"auto, (max-width: 1920px) 100vw, 1920px\" \/>              <\/a>\n    <\/div>\n\n    <div>\n              <h4>Industry Analytics<\/h4>\n      \n              <p>Analytics est un des principaux acc&eacute;l&eacute;rateurs de la num&eacute;risation. La d&eacute;tection de mod&egrave;les et de tendances dans les donn&eacute;es historiques combin&eacute;e avec les bons algorithmes permet de faire des pr&eacute;visions pour am&eacute;liorer les processus et optimiser les installations industrielles.<\/p>\n      \n      <div>\n        <a href=\"https:\/\/www.novotek.com\/ch\/fr\/industry-analytics\/\">\n          Lire plus        <\/a>\n      <\/div>\n    <\/div>\n<\/article>\n<\/div><div class=\"col-12 col-md-4\">\n<article class=\"basic \">\n    <div class=\"image\">\n      <a href=\"https:\/\/www.novotek.com\/ch\/fr\/hmi-scada\/\">\n              <\/a>\n    <\/div>\n\n    <div>\n              <h4>HMI \/ SCADA<\/h4>\n      \n              <p>Tout est sous contr&ocirc;le&nbsp;! UN syst&egrave;me HMI\/SCDA vous donne une vue d&apos;ensemble et le contr&ocirc;le des installations de production et des processus complets.<\/p>\n      \n      <div>\n        <a href=\"https:\/\/www.novotek.com\/ch\/fr\/hmi-scada\/\">\n          Lire plus        <\/a>\n      <\/div>\n    <\/div>\n<\/article>\n<\/div><div class=\"col-12 col-md-4\">\n<article class=\"basic \">\n    <div class=\"image\">\n      <a href=\"https:\/\/www.novotek.com\/ch\/fr\/materiel-industriel\/\">\n                  <img loading=\"lazy\" decoding=\"async\" width=\"1920\" height=\"800\" src=\"https:\/\/www.novotek.com\/ch\/wp-content\/uploads\/sites\/3\/Novotek_industriehardware_duotone_1920x800.jpg.webp\" class=\"attachment-post-thumbnail size-post-thumbnail wp-post-image\" alt=\"Industriehardware\" srcset=\"https:\/\/www.novotek.com\/ch\/wp-content\/uploads\/sites\/3\/Novotek_industriehardware_duotone_1920x800.jpg.webp 1920w, https:\/\/www.novotek.com\/ch\/wp-content\/uploads\/sites\/3\/Novotek_industriehardware_duotone_1920x800-300x125.jpg.webp 300w, https:\/\/www.novotek.com\/ch\/wp-content\/uploads\/sites\/3\/Novotek_industriehardware_duotone_1920x800-1024x427.jpg.webp 1024w, https:\/\/www.novotek.com\/ch\/wp-content\/uploads\/sites\/3\/Novotek_industriehardware_duotone_1920x800-768x320.jpg.webp 768w, https:\/\/www.novotek.com\/ch\/wp-content\/uploads\/sites\/3\/Novotek_industriehardware_duotone_1920x800-1536x640.jpg.webp 1536w\" sizes=\"auto, (max-width: 1920px) 100vw, 1920px\" \/>              <\/a>\n    <\/div>\n\n    <div>\n              <h4>Mat\u00e9riel industriel<\/h4>\n      \n              <p>O\u00f9 que vous en soyez dans votre processus de num\u00e9risation, le choix du mat\u00e9riel ad\u00e9quat est toujours d&#8217;une importance capitale. D&#8217;une part, il doit s&#8217;int\u00e9grer parfaitement \u00e0 l&#8217;infrastructure existante et, d&#8217;autre part, il doit \u00eatre en mesure d&#8217;\u00e9voluer avec les activit\u00e9s futures de l&#8217;entreprise.<\/p>\n      \n      <div>\n        <a href=\"https:\/\/www.novotek.com\/ch\/fr\/materiel-industriel\/\">\n          Lire plus        <\/a>\n      <\/div>\n    <\/div>\n<\/article>\n<\/div>  <\/div>\n\n  <\/div><\/div>\n\n\n<div class=\"container-md spacer  \">\n<div style=\"height:50px\" aria-hidden=\"true\" class=\"wp-block-spacer\"><\/div>\n<\/div>\n\n<div class=\"cta-block\">\n  <div class=\"container\">\n          <h2>Nous vous en dirons plus avec plaisir !<\/h2>\n    \n          <div><p>Profitez de notre expertise et obtenez chez nous plus d&#8217;informations sur la<br \/>\ntransformation num\u00e9rique, l&#8217;automatisation ou l&#8217;informatique industrielle.<\/p>\n<\/div>\n    \n          <a class=\"btn btn-primary\" href=\"https:\/\/www.novotek.com\/ch\/kontakt\/\">Contactez-nous<\/a>\n      <\/div>\n<\/div>\n","protected":false},"excerpt":{"rendered":"<p>Une gamme compl\u00e8te de solutions bas\u00e9es sur des produits standard pour contr\u00f4ler, num\u00e9riser et optimiser votre processus de production.<\/p>\n","protected":false},"author":35,"featured_media":0,"parent":0,"menu_order":2,"comment_status":"closed","ping_status":"closed","template":"","meta":{"_acf_changed":false,"_relevanssi_hide_post":"","_relevanssi_pin_for_all":"","_relevanssi_pin_keywords":"","_relevanssi_unpin_keywords":"","_relevanssi_related_keywords":"","_relevanssi_related_include_ids":"","_relevanssi_related_exclude_ids":"","_relevanssi_related_no_append":"","_relevanssi_related_not_related":"","_relevanssi_related_posts":"12884,13567,13569,13571,13573,13565","_relevanssi_noindex_reason":"","content-type":"","footnotes":""},"class_list":["post-14895","page","type-page","status-publish","hentry"],"acf":[],"yoast_head":"<!-- This site is optimized with the Yoast SEO plugin v27.5 - https:\/\/yoast.com\/product\/yoast-seo-wordpress\/ -->\n<title>Solutions &amp; Produits - Novotek Switzerland<\/title>\n<meta name=\"description\" content=\"Notre offre de solutions se base sur des produits standard \u00e9prouv\u00e9s pour la visualisation, la commande, la num\u00e9risation et l&#039;optimisation de vos processus.\" \/>\n<meta name=\"robots\" content=\"index, follow, max-snippet:-1, max-image-preview:large, max-video-preview:-1\" \/>\n<link rel=\"canonical\" href=\"https:\/\/www.novotek.com\/ch\/fr\/solutions-et-produits\/\" \/>\n<meta property=\"og:locale\" content=\"fr_FR\" \/>\n<meta property=\"og:type\" content=\"article\" \/>\n<meta property=\"og:title\" content=\"Solutions &amp; Produits - Novotek Switzerland\" \/>\n<meta property=\"og:description\" content=\"Notre offre de solutions se base sur des produits standard \u00e9prouv\u00e9s pour la visualisation, la commande, la num\u00e9risation et l&#039;optimisation de vos processus.\" \/>\n<meta property=\"og:url\" content=\"https:\/\/www.novotek.com\/ch\/fr\/solutions-et-produits\/\" \/>\n<meta property=\"og:site_name\" content=\"Novotek CH\" \/>\n<meta property=\"article:modified_time\" content=\"2023-02-27T10:37:54+00:00\" \/>\n<meta name=\"twitter:card\" content=\"summary_large_image\" \/>\n<script type=\"application\/ld+json\" class=\"yoast-schema-graph\">{\"@context\":\"https:\\\/\\\/schema.org\",\"@graph\":[{\"@type\":\"WebPage\",\"@id\":\"https:\\\/\\\/www.novotek.com\\\/ch\\\/fr\\\/solutions-et-produits\\\/\",\"url\":\"https:\\\/\\\/www.novotek.com\\\/ch\\\/fr\\\/solutions-et-produits\\\/\",\"name\":\"Solutions &amp; Produits - Novotek Switzerland\",\"isPartOf\":{\"@id\":\"https:\\\/\\\/www.novotek.com\\\/ch\\\/#website\"},\"datePublished\":\"2023-02-14T14:58:49+00:00\",\"dateModified\":\"2023-02-27T10:37:54+00:00\",\"description\":\"Notre offre de solutions se base sur des produits standard \u00e9prouv\u00e9s pour la visualisation, la commande, la num\u00e9risation et l'optimisation de vos processus.\",\"breadcrumb\":{\"@id\":\"https:\\\/\\\/www.novotek.com\\\/ch\\\/fr\\\/solutions-et-produits\\\/#breadcrumb\"},\"inLanguage\":\"fr-CH\",\"potentialAction\":[{\"@type\":\"ReadAction\",\"target\":[\"https:\\\/\\\/www.novotek.com\\\/ch\\\/fr\\\/solutions-et-produits\\\/\"]}]},{\"@type\":\"BreadcrumbList\",\"@id\":\"https:\\\/\\\/www.novotek.com\\\/ch\\\/fr\\\/solutions-et-produits\\\/#breadcrumb\",\"itemListElement\":[{\"@type\":\"ListItem\",\"position\":1,\"name\":\"Home\",\"item\":\"https:\\\/\\\/www.novotek.com\\\/ch\\\/fr\\\/\"},{\"@type\":\"ListItem\",\"position\":2,\"name\":\"Solutions &amp; Produits\"}]},{\"@type\":\"WebSite\",\"@id\":\"https:\\\/\\\/www.novotek.com\\\/ch\\\/#website\",\"url\":\"https:\\\/\\\/www.novotek.com\\\/ch\\\/\",\"name\":\"Novotek Switzerland AG\",\"description\":\"Connect - Digitalize - Optimize\",\"publisher\":{\"@id\":\"https:\\\/\\\/www.novotek.com\\\/ch\\\/#organization\"},\"potentialAction\":[{\"@type\":\"SearchAction\",\"target\":{\"@type\":\"EntryPoint\",\"urlTemplate\":\"https:\\\/\\\/www.novotek.com\\\/ch\\\/?s={search_term_string}\"},\"query-input\":{\"@type\":\"PropertyValueSpecification\",\"valueRequired\":true,\"valueName\":\"search_term_string\"}}],\"inLanguage\":\"fr-CH\"},{\"@type\":\"Organization\",\"@id\":\"https:\\\/\\\/www.novotek.com\\\/ch\\\/#organization\",\"name\":\"Novotek Switzerland AG\",\"url\":\"https:\\\/\\\/www.novotek.com\\\/ch\\\/\",\"logo\":{\"@type\":\"ImageObject\",\"inLanguage\":\"fr-CH\",\"@id\":\"https:\\\/\\\/www.novotek.com\\\/ch\\\/#\\\/schema\\\/logo\\\/image\\\/\",\"url\":\"https:\\\/\\\/www.novotek.com\\\/ch\\\/wp-content\\\/uploads\\\/sites\\\/3\\\/novotek-symbol-rgb-pos-white-border-512x512-1.png\",\"contentUrl\":\"https:\\\/\\\/www.novotek.com\\\/ch\\\/wp-content\\\/uploads\\\/sites\\\/3\\\/novotek-symbol-rgb-pos-white-border-512x512-1.png\",\"width\":512,\"height\":512,\"caption\":\"Novotek Switzerland AG\"},\"image\":{\"@id\":\"https:\\\/\\\/www.novotek.com\\\/ch\\\/#\\\/schema\\\/logo\\\/image\\\/\"}}]}<\/script>\n<!-- \/ Yoast SEO plugin. -->","yoast_head_json":{"title":"Solutions &amp; Produits - Novotek Switzerland","description":"Notre offre de solutions se base sur des produits standard \u00e9prouv\u00e9s pour la visualisation, la commande, la num\u00e9risation et l'optimisation de vos processus.","robots":{"index":"index","follow":"follow","max-snippet":"max-snippet:-1","max-image-preview":"max-image-preview:large","max-video-preview":"max-video-preview:-1"},"canonical":"https:\/\/www.novotek.com\/ch\/fr\/solutions-et-produits\/","og_locale":"fr_FR","og_type":"article","og_title":"Solutions &amp; Produits - Novotek Switzerland","og_description":"Notre offre de solutions se base sur des produits standard \u00e9prouv\u00e9s pour la visualisation, la commande, la num\u00e9risation et l'optimisation de vos processus.","og_url":"https:\/\/www.novotek.com\/ch\/fr\/solutions-et-produits\/","og_site_name":"Novotek CH","article_modified_time":"2023-02-27T10:37:54+00:00","twitter_card":"summary_large_image","schema":{"@context":"https:\/\/schema.org","@graph":[{"@type":"WebPage","@id":"https:\/\/www.novotek.com\/ch\/fr\/solutions-et-produits\/","url":"https:\/\/www.novotek.com\/ch\/fr\/solutions-et-produits\/","name":"Solutions &amp; Produits - Novotek Switzerland","isPartOf":{"@id":"https:\/\/www.novotek.com\/ch\/#website"},"datePublished":"2023-02-14T14:58:49+00:00","dateModified":"2023-02-27T10:37:54+00:00","description":"Notre offre de solutions se base sur des produits standard \u00e9prouv\u00e9s pour la visualisation, la commande, la num\u00e9risation et l'optimisation de vos processus.","breadcrumb":{"@id":"https:\/\/www.novotek.com\/ch\/fr\/solutions-et-produits\/#breadcrumb"},"inLanguage":"fr-CH","potentialAction":[{"@type":"ReadAction","target":["https:\/\/www.novotek.com\/ch\/fr\/solutions-et-produits\/"]}]},{"@type":"BreadcrumbList","@id":"https:\/\/www.novotek.com\/ch\/fr\/solutions-et-produits\/#breadcrumb","itemListElement":[{"@type":"ListItem","position":1,"name":"Home","item":"https:\/\/www.novotek.com\/ch\/fr\/"},{"@type":"ListItem","position":2,"name":"Solutions &amp; Produits"}]},{"@type":"WebSite","@id":"https:\/\/www.novotek.com\/ch\/#website","url":"https:\/\/www.novotek.com\/ch\/","name":"Novotek Switzerland AG","description":"Connect - Digitalize - Optimize","publisher":{"@id":"https:\/\/www.novotek.com\/ch\/#organization"},"potentialAction":[{"@type":"SearchAction","target":{"@type":"EntryPoint","urlTemplate":"https:\/\/www.novotek.com\/ch\/?s={search_term_string}"},"query-input":{"@type":"PropertyValueSpecification","valueRequired":true,"valueName":"search_term_string"}}],"inLanguage":"fr-CH"},{"@type":"Organization","@id":"https:\/\/www.novotek.com\/ch\/#organization","name":"Novotek Switzerland AG","url":"https:\/\/www.novotek.com\/ch\/","logo":{"@type":"ImageObject","inLanguage":"fr-CH","@id":"https:\/\/www.novotek.com\/ch\/#\/schema\/logo\/image\/","url":"https:\/\/www.novotek.com\/ch\/wp-content\/uploads\/sites\/3\/novotek-symbol-rgb-pos-white-border-512x512-1.png","contentUrl":"https:\/\/www.novotek.com\/ch\/wp-content\/uploads\/sites\/3\/novotek-symbol-rgb-pos-white-border-512x512-1.png","width":512,"height":512,"caption":"Novotek Switzerland AG"},"image":{"@id":"https:\/\/www.novotek.com\/ch\/#\/schema\/logo\/image\/"}}]}},"_links":{"self":[{"href":"https:\/\/www.novotek.com\/ch\/fr\/wp-json\/wp\/v2\/pages\/14895","targetHints":{"allow":["GET"]}}],"collection":[{"href":"https:\/\/www.novotek.com\/ch\/fr\/wp-json\/wp\/v2\/pages"}],"about":[{"href":"https:\/\/www.novotek.com\/ch\/fr\/wp-json\/wp\/v2\/types\/page"}],"author":[{"embeddable":true,"href":"https:\/\/www.novotek.com\/ch\/fr\/wp-json\/wp\/v2\/users\/35"}],"replies":[{"embeddable":true,"href":"https:\/\/www.novotek.com\/ch\/fr\/wp-json\/wp\/v2\/comments?post=14895"}],"version-history":[{"count":4,"href":"https:\/\/www.novotek.com\/ch\/fr\/wp-json\/wp\/v2\/pages\/14895\/revisions"}],"predecessor-version":[{"id":15411,"href":"https:\/\/www.novotek.com\/ch\/fr\/wp-json\/wp\/v2\/pages\/14895\/revisions\/15411"}],"wp:attachment":[{"href":"https:\/\/www.novotek.com\/ch\/fr\/wp-json\/wp\/v2\/media?parent=14895"}],"curies":[{"name":"wp","href":"https:\/\/api.w.org\/{rel}","templated":true}]}}