{"id":15007,"date":"2023-02-16T12:07:23","date_gmt":"2023-02-16T12:07:23","guid":{"rendered":"https:\/\/www.novotek.com\/ch\/materiel-industriel\/"},"modified":"2023-06-22T07:42:08","modified_gmt":"2023-06-22T07:42:08","slug":"materiel-industriel","status":"publish","type":"page","link":"https:\/\/www.novotek.com\/ch\/fr\/materiel-industriel\/","title":{"rendered":"Mat\u00e9riel industriel"},"content":{"rendered":"  <div class=\"hero\">\n    <div class=\"carousel hero-slider small\" data-flickity data-flickity-options='{\"prevNextButtons\": false}'>\n              <div class=\"carousel-cell\">\n          <div class=\"container\">\n            <div class=\"hero-content\">\n                              <h1>Mat\u00e9riel industriel<\/h1>\n<p><strong>Des solutions d&#8217;automatisation robustes\u00a0<\/strong><br \/>\nO\u00f9 que vous en soyez dans votre processus de num\u00e9risation, le choix du mat\u00e9riel appropri\u00e9 est toujours essentiel. D&#8217;une part, il doit s&#8217;int\u00e9grer parfaitement \u00e0 l&#8217;infrastructure existante, d&#8217;autre part, il doit \u00eatre capable d&#8217;\u00e9voluer avec les activit\u00e9s futures de l&#8217;entreprise.<\/p>\n              \n                          <\/div>\n          <\/div>\n\n          <img decoding=\"async\" width=\"1024\" height=\"427\" src=\"https:\/\/www.novotek.com\/ch\/wp-content\/uploads\/sites\/3\/Novotek_industriehardware_duotone_1920x800-1024x427.jpg.webp\" class=\"hero-bg\" alt=\"Hero Img\" fetchpriority=\"high\" srcset=\"https:\/\/www.novotek.com\/ch\/wp-content\/uploads\/sites\/3\/Novotek_industriehardware_duotone_1920x800-1024x427.jpg.webp 1024w, https:\/\/www.novotek.com\/ch\/wp-content\/uploads\/sites\/3\/Novotek_industriehardware_duotone_1920x800-300x125.jpg.webp 300w, https:\/\/www.novotek.com\/ch\/wp-content\/uploads\/sites\/3\/Novotek_industriehardware_duotone_1920x800-768x320.jpg.webp 768w, https:\/\/www.novotek.com\/ch\/wp-content\/uploads\/sites\/3\/Novotek_industriehardware_duotone_1920x800-1536x640.jpg.webp 1536w, https:\/\/www.novotek.com\/ch\/wp-content\/uploads\/sites\/3\/Novotek_industriehardware_duotone_1920x800.jpg.webp 1920w\" sizes=\"(max-width: 1024px) 100vw, 1024px\" \/>                  <\/div>\n          <\/div>\n\n      <\/div>\n\n   \n\n\n<div class=\"container-md paragraph  \">\n<p>Les installations industrielles actuelles exigent de leurs machines et composants une grande fiabilit\u00e9 et une communication de donn\u00e9es continue.&nbsp;La solution d&#8217;automatisation avanc\u00e9e doit \u00eatre en mesure de garantir une disponibilit\u00e9 et des performances maximales et d&#8217;\u00e9viter totalement les pannes, m\u00eame dans des environnements industriels difficiles. Dans l&#8217;automatisation moderne, il est \u00e9galement important de choisir un syst\u00e8me de commande qui s&#8217;int\u00e8gre parfaitement dans l&#8217;infrastructure existante et qui peut \u00e9voluer en fonction des exigences actuelles et futures.&nbsp;<\/p>\n<\/div>\n\n<div class=\"container-md spacer  \">\n<div style=\"height:100px\" aria-hidden=\"true\" class=\"wp-block-spacer\"><\/div>\n<\/div>\n\n<div class=\"container media-text  \">\n<div class=\"wp-block-media-text alignwide is-stacked-on-mobile\" style=\"grid-template-columns:40% auto\"><figure class=\"wp-block-media-text__media\"><img loading=\"lazy\" decoding=\"async\" width=\"728\" height=\"504\" src=\"https:\/\/www.novotek.com\/ch\/wp-content\/uploads\/sites\/3\/Emerson-RX3I-uebersicht-e1661236515159.jpg\" alt=\"Aper\u00e7u de l'Emerson RX3I\" class=\"wp-image-10432 size-full\" srcset=\"https:\/\/www.novotek.com\/ch\/wp-content\/uploads\/sites\/3\/Emerson-RX3I-uebersicht-e1661236515159.jpg 728w, https:\/\/www.novotek.com\/ch\/wp-content\/uploads\/sites\/3\/Emerson-RX3I-uebersicht-e1661236515159-300x208.jpg 300w\" sizes=\"auto, (max-width: 728px) 100vw, 728px\" \/><\/figure><div class=\"wp-block-media-text__content\"><div class=\"container-md heading  \">\n<h2 class=\"wp-block-heading\" id=\"h-systemes-de-commande-puissants-evolutifs-et-robustes\">Syst\u00e8mes de commande puissants, \u00e9volutifs et robustes<\/h2>\n<\/div>\n\n<div class=\"container-md paragraph  \">\n<p>En tant que distributeur agr\u00e9\u00e9 d&#8217;Emerson Automation Solutions, nous proposons un large choix d&#8217;automates, de panneaux et de PC industriels. Gr\u00e2ce \u00e0 l&#8217;architecture modulaire et ouverte, vous pouvez configurer les syst\u00e8mes selon vos besoins. Emerson vous permet aussi bien une int\u00e9gration simple du syst\u00e8me, des mises \u00e0 niveau performantes que des possibilit\u00e9s d&#8217;extension in\u00e9gal\u00e9es. Optimisez votre production, am\u00e9liorez la connectivit\u00e9 et augmentez votre productivit\u00e9.<\/p>\n<\/div><\/div><\/div>\n<\/div>\n\n<div class=\"container-md spacer  \">\n<div style=\"height:50px\" aria-hidden=\"true\" class=\"wp-block-spacer\"><\/div>\n<\/div>\n\n<div class=\"container media-text  \">\n<div class=\"wp-block-media-text alignwide has-media-on-the-right is-stacked-on-mobile\" style=\"grid-template-columns:auto 40%\"><div class=\"wp-block-media-text__content\"><div class=\"container-md heading  \">\n<h2 class=\"wp-block-heading\" id=\"h-pac-machine-edition-la-plateforme-de-programmation-complete\">PAC Machine Edition,\nla plateforme de programmation compl\u00e8te<\/h2>\n<\/div>\n\n<div class=\"container-md paragraph  \">\n<p>PAC Machine Edition est l&#8217;environnement de programmation et de configuration unique pour tous les syst\u00e8mes de commande et de visualisation (HMI) d&#8217;Emerson. Un environnement unique garantit une continuit\u00e9 et une compatibilit\u00e9 maximales des donn\u00e9es et de leur adressage dans le syst\u00e8me. Des fonctions telles que &#8220;Drag &amp; Drop&#8221;, ActiveX, la fonction d&#8217;aide dynamique et les outils de diagnostic standard font de la programmation un jeu d&#8217;enfant. PAC Machine Edition est synonyme de r\u00e9duction de l&#8217;effort de programmation, d&#8217;optimisation de la reconnaissance et d&#8217;optimisation de l&#8217;int\u00e9grit\u00e9 des donn\u00e9es.  <\/p>\n<\/div><\/div><figure class=\"wp-block-media-text__media\"><img loading=\"lazy\" decoding=\"async\" width=\"1024\" height=\"683\" src=\"https:\/\/www.novotek.com\/ch\/wp-content\/uploads\/sites\/3\/MachineEdition_mockup2_1200x800-1024x683-1.png\" alt=\"PAC MachineEdition\" class=\"wp-image-10447 size-full\" srcset=\"https:\/\/www.novotek.com\/ch\/wp-content\/uploads\/sites\/3\/MachineEdition_mockup2_1200x800-1024x683-1.png 1024w, https:\/\/www.novotek.com\/ch\/wp-content\/uploads\/sites\/3\/MachineEdition_mockup2_1200x800-1024x683-1-300x200.png 300w, https:\/\/www.novotek.com\/ch\/wp-content\/uploads\/sites\/3\/MachineEdition_mockup2_1200x800-1024x683-1-768x512.png 768w\" sizes=\"auto, (max-width: 1024px) 100vw, 1024px\" \/><\/figure><\/div>\n<\/div>\n\n<div class=\"container-md spacer  \">\n<div style=\"height:50px\" aria-hidden=\"true\" class=\"wp-block-spacer\"><\/div>\n<\/div>\n\n<div class=\"container-md heading  \">\n<h2 class=\"wp-block-heading\" id=\"h-de-l-atelier-de-production-a-la-salle-de-controle\">De l&#8217;atelier de production \u00e0 la salle de contr\u00f4le <\/h2>\n<\/div>\n\n<div class=\"container-md paragraph  \">\n<p>Nous vous soutenons avec une gamme compl\u00e8te de solutions industrielles pour un niveau d&#8217;automatisation \u00e9lev\u00e9 garanti. Gr\u00e2ce \u00e0 notre longue exp\u00e9rience et au soutien mondial d&#8217;Emerson, nous trouvons la solution qui convient \u00e0 votre entreprise.&nbsp;<\/p>\n<\/div>\n\n<div class=\"container-md spacer  \">\n<div style=\"height:100px\" aria-hidden=\"true\" class=\"wp-block-spacer\"><\/div>\n<\/div>\n\n  <div class=\"slider-column-parent\">\n    <div class=\"container\">\n      <div class=\"slider-column-title\">Notre offre de mat\u00e9riel pour le contr\u00f4le des processus industriels<\/div>\n\n      <div class=\"slider-column\">\n        <div class=\"slider-cell carousel-cell large\"><div class=\"column-box\">\n  \n      <div class=\"title\">\n      IPC, panneaux Web &amp; \u00e9crans d&#8217;affichage    <\/div>\n  \n      <div class=\"text\">\n      <p>Nous fournissons des ordinateurs industriels puissants d&#8217;Emerson, sp\u00e9cialement con\u00e7us pour les environnements de production.<\/p>\n    <\/div>\n  \n      <a class=\"link\"  href=\"https:\/\/www.novotek.com\/ch\/fr\/materiel-industriel\/ipc-webpanel-displays\/\" target=\"\">\n      IPC, panneaux Web &amp; \u00e9crans d&#8217;affichage    <\/a>\n  \n  <\/div>\n\n<\/div><div class=\"slider-cell carousel-cell large\"><div class=\"column-box\">\n  \n      <div class=\"title\">\n      PACSystems \/ PLC    <\/div>\n  \n      <div class=\"text\">\n      <p>Un syst\u00e8me de contr\u00f4le complet qui r\u00e9pond aux besoins d&#8217;automatisation et de contr\u00f4le de votre entreprise.<\/p>\n    <\/div>\n  \n      <a class=\"link\"  href=\"https:\/\/www.novotek.com\/ch\/fr\/materiel-industriel\/pacsystems-plc\/\" target=\"\">\n      PACSystems \/ PLC    <\/a>\n  \n  <\/div>\n\n<\/div><div class=\"slider-cell carousel-cell large\"><div class=\"column-box\">\n  \n      <div class=\"title\">\n      Syst\u00e8mes d&#8217;E\/S    <\/div>\n  \n      <div class=\"text\">\n      <p>En tant que solution compacte et distribu\u00e9e, RSTi est facile \u00e0 configurer, \u00e0 g\u00e9rer et \u00e0 mettre \u00e0 jour.<\/p>\n    <\/div>\n  \n      <a class=\"link\"  href=\"https:\/\/www.novotek.com\/ch\/fr\/materiel-industriel\/systmes-e-s\/\" target=\"\">\n      Syst\u00e8mes d&#8217;E\/S    <\/a>\n  \n  <\/div>\n\n<\/div>      <\/div>\n    <\/div>\n  <\/div>\n","protected":false},"excerpt":{"rendered":"<p>O\u00f9 que vous en soyez dans votre processus de num\u00e9risation, le choix du mat\u00e9riel ad\u00e9quat est toujours d&#8217;une importance capitale. D&#8217;une part, il doit s&#8217;int\u00e9grer parfaitement \u00e0 l&#8217;infrastructure existante et, d&#8217;autre part, il doit \u00eatre en mesure d&#8217;\u00e9voluer avec les activit\u00e9s futures de l&#8217;entreprise.<\/p>\n","protected":false},"author":15,"featured_media":12510,"parent":0,"menu_order":9,"comment_status":"closed","ping_status":"closed","template":"","meta":{"_acf_changed":false,"_relevanssi_hide_post":"","_relevanssi_pin_for_all":"","_relevanssi_pin_keywords":"","_relevanssi_unpin_keywords":"","_relevanssi_related_keywords":"","_relevanssi_related_include_ids":"","_relevanssi_related_exclude_ids":"","_relevanssi_related_no_append":"","_relevanssi_related_not_related":"","_relevanssi_related_posts":"12884,13565,13571,13573,13567,13569","_relevanssi_noindex_reason":"","content-type":"","footnotes":""},"class_list":["post-15007","page","type-page","status-publish","has-post-thumbnail","hentry"],"acf":[],"yoast_head":"<!-- This site is optimized with the Yoast SEO plugin v27.4 - https:\/\/yoast.com\/product\/yoast-seo-wordpress\/ -->\n<title>Mat\u00e9riel industriel - Novotek Switzerland<\/title>\n<meta name=\"description\" content=\"O\u00f9 que vous en soyez dans votre processus de num\u00e9risation, le choix du mat\u00e9riel ad\u00e9quat est toujours d&#039;une importance capitale.\" \/>\n<meta name=\"robots\" content=\"index, follow, max-snippet:-1, max-image-preview:large, max-video-preview:-1\" \/>\n<link rel=\"canonical\" href=\"https:\/\/www.novotek.com\/ch\/fr\/materiel-industriel\/\" \/>\n<meta property=\"og:locale\" content=\"fr_FR\" \/>\n<meta property=\"og:type\" content=\"article\" \/>\n<meta property=\"og:title\" content=\"Mat\u00e9riel industriel - Novotek Switzerland\" \/>\n<meta property=\"og:description\" content=\"O\u00f9 que vous en soyez dans votre processus de num\u00e9risation, le choix du mat\u00e9riel ad\u00e9quat est toujours d&#039;une importance capitale.\" \/>\n<meta property=\"og:url\" content=\"https:\/\/www.novotek.com\/ch\/fr\/materiel-industriel\/\" \/>\n<meta property=\"og:site_name\" content=\"Novotek CH\" \/>\n<meta property=\"article:modified_time\" content=\"2023-06-22T07:42:08+00:00\" \/>\n<meta property=\"og:image\" content=\"https:\/\/www.novotek.com\/ch\/wp-content\/uploads\/sites\/3\/Novotek_industriehardware_duotone_1920x800.jpg\" \/>\n\t<meta property=\"og:image:width\" content=\"1920\" \/>\n\t<meta property=\"og:image:height\" content=\"800\" \/>\n\t<meta property=\"og:image:type\" content=\"image\/jpeg\" \/>\n<meta name=\"twitter:card\" content=\"summary_large_image\" \/>\n<meta name=\"twitter:label1\" content=\"Est. reading time\" \/>\n\t<meta name=\"twitter:data1\" content=\"2 minutes\" \/>\n<script type=\"application\/ld+json\" class=\"yoast-schema-graph\">{\"@context\":\"https:\\\/\\\/schema.org\",\"@graph\":[{\"@type\":\"WebPage\",\"@id\":\"https:\\\/\\\/www.novotek.com\\\/ch\\\/fr\\\/materiel-industriel\\\/\",\"url\":\"https:\\\/\\\/www.novotek.com\\\/ch\\\/fr\\\/materiel-industriel\\\/\",\"name\":\"Mat\u00e9riel industriel - Novotek Switzerland\",\"isPartOf\":{\"@id\":\"https:\\\/\\\/www.novotek.com\\\/ch\\\/#website\"},\"primaryImageOfPage\":{\"@id\":\"https:\\\/\\\/www.novotek.com\\\/ch\\\/fr\\\/materiel-industriel\\\/#primaryimage\"},\"image\":{\"@id\":\"https:\\\/\\\/www.novotek.com\\\/ch\\\/fr\\\/materiel-industriel\\\/#primaryimage\"},\"thumbnailUrl\":\"https:\\\/\\\/www.novotek.com\\\/ch\\\/wp-content\\\/uploads\\\/sites\\\/3\\\/Novotek_industriehardware_duotone_1920x800.jpg.webp\",\"datePublished\":\"2023-02-16T12:07:23+00:00\",\"dateModified\":\"2023-06-22T07:42:08+00:00\",\"description\":\"O\u00f9 que vous en soyez dans votre processus de num\u00e9risation, le choix du mat\u00e9riel ad\u00e9quat est toujours d'une importance capitale.\",\"breadcrumb\":{\"@id\":\"https:\\\/\\\/www.novotek.com\\\/ch\\\/fr\\\/materiel-industriel\\\/#breadcrumb\"},\"inLanguage\":\"fr-CH\",\"potentialAction\":[{\"@type\":\"ReadAction\",\"target\":[\"https:\\\/\\\/www.novotek.com\\\/ch\\\/fr\\\/materiel-industriel\\\/\"]}]},{\"@type\":\"ImageObject\",\"inLanguage\":\"fr-CH\",\"@id\":\"https:\\\/\\\/www.novotek.com\\\/ch\\\/fr\\\/materiel-industriel\\\/#primaryimage\",\"url\":\"https:\\\/\\\/www.novotek.com\\\/ch\\\/wp-content\\\/uploads\\\/sites\\\/3\\\/Novotek_industriehardware_duotone_1920x800.jpg.webp\",\"contentUrl\":\"https:\\\/\\\/www.novotek.com\\\/ch\\\/wp-content\\\/uploads\\\/sites\\\/3\\\/Novotek_industriehardware_duotone_1920x800.jpg.webp\",\"width\":1920,\"height\":800,\"caption\":\"Industriehardware\"},{\"@type\":\"BreadcrumbList\",\"@id\":\"https:\\\/\\\/www.novotek.com\\\/ch\\\/fr\\\/materiel-industriel\\\/#breadcrumb\",\"itemListElement\":[{\"@type\":\"ListItem\",\"position\":1,\"name\":\"Home\",\"item\":\"https:\\\/\\\/www.novotek.com\\\/ch\\\/fr\\\/\"},{\"@type\":\"ListItem\",\"position\":2,\"name\":\"Mat\u00e9riel industriel\"}]},{\"@type\":\"WebSite\",\"@id\":\"https:\\\/\\\/www.novotek.com\\\/ch\\\/#website\",\"url\":\"https:\\\/\\\/www.novotek.com\\\/ch\\\/\",\"name\":\"Novotek Switzerland AG\",\"description\":\"Connect - Digitalize - Optimize\",\"publisher\":{\"@id\":\"https:\\\/\\\/www.novotek.com\\\/ch\\\/#organization\"},\"potentialAction\":[{\"@type\":\"SearchAction\",\"target\":{\"@type\":\"EntryPoint\",\"urlTemplate\":\"https:\\\/\\\/www.novotek.com\\\/ch\\\/?s={search_term_string}\"},\"query-input\":{\"@type\":\"PropertyValueSpecification\",\"valueRequired\":true,\"valueName\":\"search_term_string\"}}],\"inLanguage\":\"fr-CH\"},{\"@type\":\"Organization\",\"@id\":\"https:\\\/\\\/www.novotek.com\\\/ch\\\/#organization\",\"name\":\"Novotek Switzerland AG\",\"url\":\"https:\\\/\\\/www.novotek.com\\\/ch\\\/\",\"logo\":{\"@type\":\"ImageObject\",\"inLanguage\":\"fr-CH\",\"@id\":\"https:\\\/\\\/www.novotek.com\\\/ch\\\/#\\\/schema\\\/logo\\\/image\\\/\",\"url\":\"https:\\\/\\\/www.novotek.com\\\/ch\\\/wp-content\\\/uploads\\\/sites\\\/3\\\/novotek-symbol-rgb-pos-white-border-512x512-1.png\",\"contentUrl\":\"https:\\\/\\\/www.novotek.com\\\/ch\\\/wp-content\\\/uploads\\\/sites\\\/3\\\/novotek-symbol-rgb-pos-white-border-512x512-1.png\",\"width\":512,\"height\":512,\"caption\":\"Novotek Switzerland AG\"},\"image\":{\"@id\":\"https:\\\/\\\/www.novotek.com\\\/ch\\\/#\\\/schema\\\/logo\\\/image\\\/\"}}]}<\/script>\n<!-- \/ Yoast SEO plugin. -->","yoast_head_json":{"title":"Mat\u00e9riel industriel - Novotek Switzerland","description":"O\u00f9 que vous en soyez dans votre processus de num\u00e9risation, le choix du mat\u00e9riel ad\u00e9quat est toujours d'une importance capitale.","robots":{"index":"index","follow":"follow","max-snippet":"max-snippet:-1","max-image-preview":"max-image-preview:large","max-video-preview":"max-video-preview:-1"},"canonical":"https:\/\/www.novotek.com\/ch\/fr\/materiel-industriel\/","og_locale":"fr_FR","og_type":"article","og_title":"Mat\u00e9riel industriel - Novotek Switzerland","og_description":"O\u00f9 que vous en soyez dans votre processus de num\u00e9risation, le choix du mat\u00e9riel ad\u00e9quat est toujours d'une importance capitale.","og_url":"https:\/\/www.novotek.com\/ch\/fr\/materiel-industriel\/","og_site_name":"Novotek CH","article_modified_time":"2023-06-22T07:42:08+00:00","og_image":[{"width":1920,"height":800,"url":"https:\/\/www.novotek.com\/ch\/wp-content\/uploads\/sites\/3\/Novotek_industriehardware_duotone_1920x800.jpg","type":"image\/jpeg"}],"twitter_card":"summary_large_image","twitter_misc":{"Est. reading time":"2 minutes"},"schema":{"@context":"https:\/\/schema.org","@graph":[{"@type":"WebPage","@id":"https:\/\/www.novotek.com\/ch\/fr\/materiel-industriel\/","url":"https:\/\/www.novotek.com\/ch\/fr\/materiel-industriel\/","name":"Mat\u00e9riel industriel - Novotek Switzerland","isPartOf":{"@id":"https:\/\/www.novotek.com\/ch\/#website"},"primaryImageOfPage":{"@id":"https:\/\/www.novotek.com\/ch\/fr\/materiel-industriel\/#primaryimage"},"image":{"@id":"https:\/\/www.novotek.com\/ch\/fr\/materiel-industriel\/#primaryimage"},"thumbnailUrl":"https:\/\/www.novotek.com\/ch\/wp-content\/uploads\/sites\/3\/Novotek_industriehardware_duotone_1920x800.jpg.webp","datePublished":"2023-02-16T12:07:23+00:00","dateModified":"2023-06-22T07:42:08+00:00","description":"O\u00f9 que vous en soyez dans votre processus de num\u00e9risation, le choix du mat\u00e9riel ad\u00e9quat est toujours d'une importance capitale.","breadcrumb":{"@id":"https:\/\/www.novotek.com\/ch\/fr\/materiel-industriel\/#breadcrumb"},"inLanguage":"fr-CH","potentialAction":[{"@type":"ReadAction","target":["https:\/\/www.novotek.com\/ch\/fr\/materiel-industriel\/"]}]},{"@type":"ImageObject","inLanguage":"fr-CH","@id":"https:\/\/www.novotek.com\/ch\/fr\/materiel-industriel\/#primaryimage","url":"https:\/\/www.novotek.com\/ch\/wp-content\/uploads\/sites\/3\/Novotek_industriehardware_duotone_1920x800.jpg.webp","contentUrl":"https:\/\/www.novotek.com\/ch\/wp-content\/uploads\/sites\/3\/Novotek_industriehardware_duotone_1920x800.jpg.webp","width":1920,"height":800,"caption":"Industriehardware"},{"@type":"BreadcrumbList","@id":"https:\/\/www.novotek.com\/ch\/fr\/materiel-industriel\/#breadcrumb","itemListElement":[{"@type":"ListItem","position":1,"name":"Home","item":"https:\/\/www.novotek.com\/ch\/fr\/"},{"@type":"ListItem","position":2,"name":"Mat\u00e9riel industriel"}]},{"@type":"WebSite","@id":"https:\/\/www.novotek.com\/ch\/#website","url":"https:\/\/www.novotek.com\/ch\/","name":"Novotek Switzerland AG","description":"Connect - Digitalize - Optimize","publisher":{"@id":"https:\/\/www.novotek.com\/ch\/#organization"},"potentialAction":[{"@type":"SearchAction","target":{"@type":"EntryPoint","urlTemplate":"https:\/\/www.novotek.com\/ch\/?s={search_term_string}"},"query-input":{"@type":"PropertyValueSpecification","valueRequired":true,"valueName":"search_term_string"}}],"inLanguage":"fr-CH"},{"@type":"Organization","@id":"https:\/\/www.novotek.com\/ch\/#organization","name":"Novotek Switzerland AG","url":"https:\/\/www.novotek.com\/ch\/","logo":{"@type":"ImageObject","inLanguage":"fr-CH","@id":"https:\/\/www.novotek.com\/ch\/#\/schema\/logo\/image\/","url":"https:\/\/www.novotek.com\/ch\/wp-content\/uploads\/sites\/3\/novotek-symbol-rgb-pos-white-border-512x512-1.png","contentUrl":"https:\/\/www.novotek.com\/ch\/wp-content\/uploads\/sites\/3\/novotek-symbol-rgb-pos-white-border-512x512-1.png","width":512,"height":512,"caption":"Novotek Switzerland AG"},"image":{"@id":"https:\/\/www.novotek.com\/ch\/#\/schema\/logo\/image\/"}}]}},"_links":{"self":[{"href":"https:\/\/www.novotek.com\/ch\/fr\/wp-json\/wp\/v2\/pages\/15007","targetHints":{"allow":["GET"]}}],"collection":[{"href":"https:\/\/www.novotek.com\/ch\/fr\/wp-json\/wp\/v2\/pages"}],"about":[{"href":"https:\/\/www.novotek.com\/ch\/fr\/wp-json\/wp\/v2\/types\/page"}],"author":[{"embeddable":true,"href":"https:\/\/www.novotek.com\/ch\/fr\/wp-json\/wp\/v2\/users\/15"}],"replies":[{"embeddable":true,"href":"https:\/\/www.novotek.com\/ch\/fr\/wp-json\/wp\/v2\/comments?post=15007"}],"version-history":[{"count":9,"href":"https:\/\/www.novotek.com\/ch\/fr\/wp-json\/wp\/v2\/pages\/15007\/revisions"}],"predecessor-version":[{"id":17017,"href":"https:\/\/www.novotek.com\/ch\/fr\/wp-json\/wp\/v2\/pages\/15007\/revisions\/17017"}],"wp:featuredmedia":[{"embeddable":true,"href":"https:\/\/www.novotek.com\/ch\/fr\/wp-json\/wp\/v2\/media\/12510"}],"wp:attachment":[{"href":"https:\/\/www.novotek.com\/ch\/fr\/wp-json\/wp\/v2\/media?parent=15007"}],"curies":[{"name":"wp","href":"https:\/\/api.w.org\/{rel}","templated":true}]}}