{"id":15170,"date":"2023-02-21T16:22:10","date_gmt":"2023-02-21T16:22:10","guid":{"rendered":"https:\/\/www.novotek.com\/ch\/calendrier-des-evenements\/"},"modified":"2025-11-07T14:10:22","modified_gmt":"2025-11-07T14:10:22","slug":"calendrier-des-evenements","status":"publish","type":"page","link":"https:\/\/www.novotek.com\/ch\/fr\/prsentation-2\/calendrier-des-evenements\/","title":{"rendered":"Calendrier des \u00e9v\u00e9nements"},"content":{"rendered":"  <div class=\"hero\">\n    <div class=\"carousel hero-slider small\" data-flickity data-flickity-options='{\"prevNextButtons\": false}'>\n              <div class=\"carousel-cell\">\n          <div class=\"container\">\n            <div class=\"hero-content\">\n                              <h1>Eventkalender Novotek Switzerland<\/h1>\n<p>Die Novotek Switzerland organisiert regelm\u00e4ssig Events rund um die Themen Konnektivit\u00e4t, Smart Factory und Industrie 4.0. Zudem sind wir an diversen Anl\u00e4ssen und Messen zu diesen Themen in der Schweiz pr\u00e4sent.<\/p>\n              \n                          <\/div>\n          <\/div>\n\n          <img decoding=\"async\" width=\"1024\" height=\"320\" src=\"https:\/\/www.novotek.com\/ch\/wp-content\/uploads\/sites\/3\/events-kalender-novotek-day-1920x600-1-1024x320.jpg.webp\" class=\"hero-bg\" alt=\"Hero Img\" fetchpriority=\"high\" srcset=\"https:\/\/www.novotek.com\/ch\/wp-content\/uploads\/sites\/3\/events-kalender-novotek-day-1920x600-1-1024x320.jpg.webp 1024w, https:\/\/www.novotek.com\/ch\/wp-content\/uploads\/sites\/3\/events-kalender-novotek-day-1920x600-1-300x94.jpg.webp 300w, https:\/\/www.novotek.com\/ch\/wp-content\/uploads\/sites\/3\/events-kalender-novotek-day-1920x600-1-768x240.jpg.webp 768w, https:\/\/www.novotek.com\/ch\/wp-content\/uploads\/sites\/3\/events-kalender-novotek-day-1920x600-1-1536x480.jpg.webp 1536w, https:\/\/www.novotek.com\/ch\/wp-content\/uploads\/sites\/3\/events-kalender-novotek-day-1920x600-1.jpg.webp 1920w\" sizes=\"(max-width: 1024px) 100vw, 1024px\" \/>                  <\/div>\n          <\/div>\n\n      <\/div>\n\n   \n\n\n<div class=\"container-md cover  alignfull\">\n<div class=\"wp-block-cover alignfull is-light\" style=\"margin-top:0;padding-top:5vw;padding-right:5vw;padding-bottom:5vw;padding-left:5vw;min-height:365px;aspect-ratio:unset;\"><span aria-hidden=\"true\" class=\"wp-block-cover__background has-novotek-white-background-color has-background-dim-100 has-background-dim\"><\/span><div class=\"wp-block-cover__inner-container is-layout-flow wp-block-cover-is-layout-flow\"><div class=\"container-md heading  \">\n<h2 class=\"wp-block-heading\">\u00c9v\u00e9nements actuels<\/h2>\n<\/div>\n\n<div class=\"posts-columns \">\n  <div class=\"container\">\n  <div class=\"row\">\n      <\/div>\n\n  <\/div><\/div>\n<\/div><\/div>\n<\/div>","protected":false},"excerpt":{"rendered":"<p>Novotek Switzerland organise r\u00e9guli\u00e8rement des \u00e9v\u00e9nements autour des th\u00e8mes de la connectivit\u00e9, de l&#8217;usine intelligente et de l&#8217;industrie 4.0. Nous sommes en outre pr\u00e9sents \u00e0 divers \u00e9v\u00e9nements et salons sur ces th\u00e8mes en Suisse.<\/p>\n","protected":false},"author":35,"featured_media":14228,"parent":13698,"menu_order":0,"comment_status":"closed","ping_status":"closed","template":"","meta":{"_acf_changed":false,"_relevanssi_hide_post":"","_relevanssi_pin_for_all":"","_relevanssi_pin_keywords":"","_relevanssi_unpin_keywords":"","_relevanssi_related_keywords":"","_relevanssi_related_include_ids":"","_relevanssi_related_exclude_ids":"","_relevanssi_related_no_append":"","_relevanssi_related_not_related":"","_relevanssi_related_posts":"13565,11774,13219,13567,13567,13565","_relevanssi_noindex_reason":"","content-type":"","footnotes":""},"class_list":["post-15170","page","type-page","status-publish","has-post-thumbnail","hentry"],"acf":[],"yoast_head":"<!-- This site is optimized with the Yoast SEO plugin v27.4 - https:\/\/yoast.com\/product\/yoast-seo-wordpress\/ -->\n<title>Calendrier des \u00e9v\u00e9nements - Novotek Switzerland<\/title>\n<meta name=\"description\" content=\"Nous organisons r\u00e9guli\u00e8rement des \u00e9v\u00e9nements autour des th\u00e8mes de la connectivit\u00e9, de la smart factory et de l&#039;industrie 4.0.\" \/>\n<meta name=\"robots\" content=\"noindex, follow\" \/>\n<meta property=\"og:locale\" content=\"fr_FR\" \/>\n<meta property=\"og:type\" content=\"article\" \/>\n<meta property=\"og:title\" content=\"Calendrier des \u00e9v\u00e9nements - Novotek Switzerland\" \/>\n<meta property=\"og:description\" content=\"Nous organisons r\u00e9guli\u00e8rement des \u00e9v\u00e9nements autour des th\u00e8mes de la connectivit\u00e9, de la smart factory et de l&#039;industrie 4.0.\" \/>\n<meta property=\"og:url\" content=\"https:\/\/www.novotek.com\/ch\/fr\/prsentation-2\/calendrier-des-evenements\/\" \/>\n<meta property=\"og:site_name\" content=\"Novotek CH\" \/>\n<meta property=\"article:modified_time\" content=\"2025-11-07T14:10:22+00:00\" \/>\n<meta property=\"og:image\" content=\"https:\/\/www.novotek.com\/ch\/wp-content\/uploads\/sites\/3\/events-kalender-novotek-2023-1920x600-1.jpg.webp\" \/>\n\t<meta property=\"og:image:width\" content=\"1920\" \/>\n\t<meta property=\"og:image:height\" content=\"600\" \/>\n\t<meta property=\"og:image:type\" content=\"image\/jpeg\" \/>\n<meta name=\"twitter:card\" content=\"summary_large_image\" \/>\n<meta name=\"twitter:label1\" content=\"Est. reading time\" \/>\n\t<meta name=\"twitter:data1\" content=\"1 minute\" \/>\n<script type=\"application\/ld+json\" class=\"yoast-schema-graph\">{\"@context\":\"https:\\\/\\\/schema.org\",\"@graph\":[{\"@type\":\"WebPage\",\"@id\":\"https:\\\/\\\/www.novotek.com\\\/ch\\\/fr\\\/prsentation-2\\\/calendrier-des-evenements\\\/\",\"url\":\"https:\\\/\\\/www.novotek.com\\\/ch\\\/fr\\\/prsentation-2\\\/calendrier-des-evenements\\\/\",\"name\":\"Calendrier des \u00e9v\u00e9nements - Novotek Switzerland\",\"isPartOf\":{\"@id\":\"https:\\\/\\\/www.novotek.com\\\/ch\\\/#website\"},\"primaryImageOfPage\":{\"@id\":\"https:\\\/\\\/www.novotek.com\\\/ch\\\/fr\\\/prsentation-2\\\/calendrier-des-evenements\\\/#primaryimage\"},\"image\":{\"@id\":\"https:\\\/\\\/www.novotek.com\\\/ch\\\/fr\\\/prsentation-2\\\/calendrier-des-evenements\\\/#primaryimage\"},\"thumbnailUrl\":\"https:\\\/\\\/www.novotek.com\\\/ch\\\/wp-content\\\/uploads\\\/sites\\\/3\\\/events-kalender-novotek-2023-1920x600-1.jpg.webp\",\"datePublished\":\"2023-02-21T16:22:10+00:00\",\"dateModified\":\"2025-11-07T14:10:22+00:00\",\"description\":\"Nous organisons r\u00e9guli\u00e8rement des \u00e9v\u00e9nements autour des th\u00e8mes de la connectivit\u00e9, de la smart factory et de l'industrie 4.0.\",\"breadcrumb\":{\"@id\":\"https:\\\/\\\/www.novotek.com\\\/ch\\\/fr\\\/prsentation-2\\\/calendrier-des-evenements\\\/#breadcrumb\"},\"inLanguage\":\"fr-CH\",\"potentialAction\":[{\"@type\":\"ReadAction\",\"target\":[\"https:\\\/\\\/www.novotek.com\\\/ch\\\/fr\\\/prsentation-2\\\/calendrier-des-evenements\\\/\"]}]},{\"@type\":\"ImageObject\",\"inLanguage\":\"fr-CH\",\"@id\":\"https:\\\/\\\/www.novotek.com\\\/ch\\\/fr\\\/prsentation-2\\\/calendrier-des-evenements\\\/#primaryimage\",\"url\":\"https:\\\/\\\/www.novotek.com\\\/ch\\\/wp-content\\\/uploads\\\/sites\\\/3\\\/events-kalender-novotek-2023-1920x600-1.jpg.webp\",\"contentUrl\":\"https:\\\/\\\/www.novotek.com\\\/ch\\\/wp-content\\\/uploads\\\/sites\\\/3\\\/events-kalender-novotek-2023-1920x600-1.jpg.webp\",\"width\":1920,\"height\":600},{\"@type\":\"BreadcrumbList\",\"@id\":\"https:\\\/\\\/www.novotek.com\\\/ch\\\/fr\\\/prsentation-2\\\/calendrier-des-evenements\\\/#breadcrumb\",\"itemListElement\":[{\"@type\":\"ListItem\",\"position\":1,\"name\":\"Home\",\"item\":\"https:\\\/\\\/www.novotek.com\\\/ch\\\/fr\\\/\"},{\"@type\":\"ListItem\",\"position\":2,\"name\":\"Pr&eacute;sentation\",\"item\":\"https:\\\/\\\/www.novotek.com\\\/ch\\\/fr\\\/prsentation-2\\\/\"},{\"@type\":\"ListItem\",\"position\":3,\"name\":\"Calendrier des \u00e9v\u00e9nements\"}]},{\"@type\":\"WebSite\",\"@id\":\"https:\\\/\\\/www.novotek.com\\\/ch\\\/#website\",\"url\":\"https:\\\/\\\/www.novotek.com\\\/ch\\\/\",\"name\":\"Novotek Switzerland AG\",\"description\":\"Connect - Digitalize - Optimize\",\"publisher\":{\"@id\":\"https:\\\/\\\/www.novotek.com\\\/ch\\\/#organization\"},\"potentialAction\":[{\"@type\":\"SearchAction\",\"target\":{\"@type\":\"EntryPoint\",\"urlTemplate\":\"https:\\\/\\\/www.novotek.com\\\/ch\\\/?s={search_term_string}\"},\"query-input\":{\"@type\":\"PropertyValueSpecification\",\"valueRequired\":true,\"valueName\":\"search_term_string\"}}],\"inLanguage\":\"fr-CH\"},{\"@type\":\"Organization\",\"@id\":\"https:\\\/\\\/www.novotek.com\\\/ch\\\/#organization\",\"name\":\"Novotek Switzerland AG\",\"url\":\"https:\\\/\\\/www.novotek.com\\\/ch\\\/\",\"logo\":{\"@type\":\"ImageObject\",\"inLanguage\":\"fr-CH\",\"@id\":\"https:\\\/\\\/www.novotek.com\\\/ch\\\/#\\\/schema\\\/logo\\\/image\\\/\",\"url\":\"https:\\\/\\\/www.novotek.com\\\/ch\\\/wp-content\\\/uploads\\\/sites\\\/3\\\/novotek-symbol-rgb-pos-white-border-512x512-1.png\",\"contentUrl\":\"https:\\\/\\\/www.novotek.com\\\/ch\\\/wp-content\\\/uploads\\\/sites\\\/3\\\/novotek-symbol-rgb-pos-white-border-512x512-1.png\",\"width\":512,\"height\":512,\"caption\":\"Novotek Switzerland AG\"},\"image\":{\"@id\":\"https:\\\/\\\/www.novotek.com\\\/ch\\\/#\\\/schema\\\/logo\\\/image\\\/\"}}]}<\/script>\n<!-- \/ Yoast SEO plugin. -->","yoast_head_json":{"title":"Calendrier des \u00e9v\u00e9nements - Novotek Switzerland","description":"Nous organisons r\u00e9guli\u00e8rement des \u00e9v\u00e9nements autour des th\u00e8mes de la connectivit\u00e9, de la smart factory et de l'industrie 4.0.","robots":{"index":"noindex","follow":"follow"},"og_locale":"fr_FR","og_type":"article","og_title":"Calendrier des \u00e9v\u00e9nements - Novotek Switzerland","og_description":"Nous organisons r\u00e9guli\u00e8rement des \u00e9v\u00e9nements autour des th\u00e8mes de la connectivit\u00e9, de la smart factory et de l'industrie 4.0.","og_url":"https:\/\/www.novotek.com\/ch\/fr\/prsentation-2\/calendrier-des-evenements\/","og_site_name":"Novotek CH","article_modified_time":"2025-11-07T14:10:22+00:00","og_image":[{"width":1920,"height":600,"url":"https:\/\/www.novotek.com\/ch\/wp-content\/uploads\/sites\/3\/events-kalender-novotek-2023-1920x600-1.jpg.webp","type":"image\/jpeg"}],"twitter_card":"summary_large_image","twitter_misc":{"Est. reading time":"1 minute"},"schema":{"@context":"https:\/\/schema.org","@graph":[{"@type":"WebPage","@id":"https:\/\/www.novotek.com\/ch\/fr\/prsentation-2\/calendrier-des-evenements\/","url":"https:\/\/www.novotek.com\/ch\/fr\/prsentation-2\/calendrier-des-evenements\/","name":"Calendrier des \u00e9v\u00e9nements - Novotek Switzerland","isPartOf":{"@id":"https:\/\/www.novotek.com\/ch\/#website"},"primaryImageOfPage":{"@id":"https:\/\/www.novotek.com\/ch\/fr\/prsentation-2\/calendrier-des-evenements\/#primaryimage"},"image":{"@id":"https:\/\/www.novotek.com\/ch\/fr\/prsentation-2\/calendrier-des-evenements\/#primaryimage"},"thumbnailUrl":"https:\/\/www.novotek.com\/ch\/wp-content\/uploads\/sites\/3\/events-kalender-novotek-2023-1920x600-1.jpg.webp","datePublished":"2023-02-21T16:22:10+00:00","dateModified":"2025-11-07T14:10:22+00:00","description":"Nous organisons r\u00e9guli\u00e8rement des \u00e9v\u00e9nements autour des th\u00e8mes de la connectivit\u00e9, de la smart factory et de l'industrie 4.0.","breadcrumb":{"@id":"https:\/\/www.novotek.com\/ch\/fr\/prsentation-2\/calendrier-des-evenements\/#breadcrumb"},"inLanguage":"fr-CH","potentialAction":[{"@type":"ReadAction","target":["https:\/\/www.novotek.com\/ch\/fr\/prsentation-2\/calendrier-des-evenements\/"]}]},{"@type":"ImageObject","inLanguage":"fr-CH","@id":"https:\/\/www.novotek.com\/ch\/fr\/prsentation-2\/calendrier-des-evenements\/#primaryimage","url":"https:\/\/www.novotek.com\/ch\/wp-content\/uploads\/sites\/3\/events-kalender-novotek-2023-1920x600-1.jpg.webp","contentUrl":"https:\/\/www.novotek.com\/ch\/wp-content\/uploads\/sites\/3\/events-kalender-novotek-2023-1920x600-1.jpg.webp","width":1920,"height":600},{"@type":"BreadcrumbList","@id":"https:\/\/www.novotek.com\/ch\/fr\/prsentation-2\/calendrier-des-evenements\/#breadcrumb","itemListElement":[{"@type":"ListItem","position":1,"name":"Home","item":"https:\/\/www.novotek.com\/ch\/fr\/"},{"@type":"ListItem","position":2,"name":"Pr&eacute;sentation","item":"https:\/\/www.novotek.com\/ch\/fr\/prsentation-2\/"},{"@type":"ListItem","position":3,"name":"Calendrier des \u00e9v\u00e9nements"}]},{"@type":"WebSite","@id":"https:\/\/www.novotek.com\/ch\/#website","url":"https:\/\/www.novotek.com\/ch\/","name":"Novotek Switzerland AG","description":"Connect - Digitalize - Optimize","publisher":{"@id":"https:\/\/www.novotek.com\/ch\/#organization"},"potentialAction":[{"@type":"SearchAction","target":{"@type":"EntryPoint","urlTemplate":"https:\/\/www.novotek.com\/ch\/?s={search_term_string}"},"query-input":{"@type":"PropertyValueSpecification","valueRequired":true,"valueName":"search_term_string"}}],"inLanguage":"fr-CH"},{"@type":"Organization","@id":"https:\/\/www.novotek.com\/ch\/#organization","name":"Novotek Switzerland AG","url":"https:\/\/www.novotek.com\/ch\/","logo":{"@type":"ImageObject","inLanguage":"fr-CH","@id":"https:\/\/www.novotek.com\/ch\/#\/schema\/logo\/image\/","url":"https:\/\/www.novotek.com\/ch\/wp-content\/uploads\/sites\/3\/novotek-symbol-rgb-pos-white-border-512x512-1.png","contentUrl":"https:\/\/www.novotek.com\/ch\/wp-content\/uploads\/sites\/3\/novotek-symbol-rgb-pos-white-border-512x512-1.png","width":512,"height":512,"caption":"Novotek Switzerland AG"},"image":{"@id":"https:\/\/www.novotek.com\/ch\/#\/schema\/logo\/image\/"}}]}},"_links":{"self":[{"href":"https:\/\/www.novotek.com\/ch\/fr\/wp-json\/wp\/v2\/pages\/15170","targetHints":{"allow":["GET"]}}],"collection":[{"href":"https:\/\/www.novotek.com\/ch\/fr\/wp-json\/wp\/v2\/pages"}],"about":[{"href":"https:\/\/www.novotek.com\/ch\/fr\/wp-json\/wp\/v2\/types\/page"}],"author":[{"embeddable":true,"href":"https:\/\/www.novotek.com\/ch\/fr\/wp-json\/wp\/v2\/users\/35"}],"replies":[{"embeddable":true,"href":"https:\/\/www.novotek.com\/ch\/fr\/wp-json\/wp\/v2\/comments?post=15170"}],"version-history":[{"count":38,"href":"https:\/\/www.novotek.com\/ch\/fr\/wp-json\/wp\/v2\/pages\/15170\/revisions"}],"predecessor-version":[{"id":28460,"href":"https:\/\/www.novotek.com\/ch\/fr\/wp-json\/wp\/v2\/pages\/15170\/revisions\/28460"}],"up":[{"embeddable":true,"href":"https:\/\/www.novotek.com\/ch\/fr\/wp-json\/wp\/v2\/pages\/13698"}],"wp:featuredmedia":[{"embeddable":true,"href":"https:\/\/www.novotek.com\/ch\/fr\/wp-json\/wp\/v2\/media\/14228"}],"wp:attachment":[{"href":"https:\/\/www.novotek.com\/ch\/fr\/wp-json\/wp\/v2\/media?parent=15170"}],"curies":[{"name":"wp","href":"https:\/\/api.w.org\/{rel}","templated":true}]}}