{"id":15236,"date":"2023-02-24T14:23:30","date_gmt":"2023-02-24T14:23:30","guid":{"rendered":"https:\/\/www.novotek.com\/ch\/industrie\/autres-secteurs\/"},"modified":"2023-03-30T14:19:56","modified_gmt":"2023-03-30T14:19:56","slug":"autres-secteurs","status":"publish","type":"page","link":"https:\/\/www.novotek.com\/ch\/fr\/industrie\/autres-secteurs\/","title":{"rendered":"Autres secteurs"},"content":{"rendered":"  <div class=\"hero\">\n    <div class=\"carousel hero-slider small\" data-flickity data-flickity-options='{\"prevNextButtons\": false}'>\n              <div class=\"carousel-cell\">\n          <div class=\"container\">\n            <div class=\"hero-content\">\n                              <h1>Weitere Branchen<\/h1>\n<p>Im Laufe von 35 Jahren haben wir bei Novotek L\u00f6sungen entwickelt, die speziell auf eine Vielzahl unterschiedlicher Branchen abgestimmt sind. Wir haben die Expertise, die f\u00fcr die Planung, Umsetzung und Integration digitaler Projekte zur Operational Excellence den entscheidenden Input liefern kann.<\/p>\n              \n                          <\/div>\n          <\/div>\n\n          <img decoding=\"async\" width=\"1024\" height=\"655\" src=\"https:\/\/www.novotek.com\/ch\/wp-content\/uploads\/sites\/3\/2021\/Novotek_UK\/Industries\/Manufacturing\/Novotek_manufacturing_duplex_cyan-e1629983469674-1024x655.jpg\" class=\"hero-bg\" alt=\"Hero Img\" fetchpriority=\"high\" srcset=\"https:\/\/www.novotek.com\/ch\/wp-content\/uploads\/sites\/3\/2021\/Novotek_UK\/Industries\/Manufacturing\/Novotek_manufacturing_duplex_cyan-e1629983469674-1024x655.jpg 1024w, https:\/\/www.novotek.com\/ch\/wp-content\/uploads\/sites\/3\/2021\/Novotek_UK\/Industries\/Manufacturing\/Novotek_manufacturing_duplex_cyan-e1629983469674-300x192.jpg 300w, https:\/\/www.novotek.com\/ch\/wp-content\/uploads\/sites\/3\/2021\/Novotek_UK\/Industries\/Manufacturing\/Novotek_manufacturing_duplex_cyan-e1629983469674-768x491.jpg 768w, https:\/\/www.novotek.com\/ch\/wp-content\/uploads\/sites\/3\/2021\/Novotek_UK\/Industries\/Manufacturing\/Novotek_manufacturing_duplex_cyan-e1629983469674.jpg 1247w\" sizes=\"(max-width: 1024px) 100vw, 1024px\" \/>                  <\/div>\n          <\/div>\n\n      <\/div>\n\n   \n<div class=\"container-md paragraph  \">\n<p>Notre objectif est de fournir des solutions qui r\u00e9pondent aux exigences de votre secteur. Pour ce faire, nous vous proposons des solutions pour la gestion des donn\u00e9es, la surveillance des processus ou encore leur optimisation. Mais notre package \u00e0 succ\u00e8s comprend \u00e9galement des prestations de service fondamentales comme la formation et l\u2019assistance.<\/p>\n<\/div><div class=\"container-md paragraph  \">\n<p>Avec nos solutions, vous b\u00e9n\u00e9ficiez \u00e0 tout moment d\u2019une vue d\u2019ensemble sur la production, l\u2019installation et\/ou les \u00e9quipements et pouvez prendre des d\u00e9cisions bas\u00e9es sur les bonnes informations.<\/p>\n<\/div><div class=\"container-md spacer  \">\n<div style=\"height:20px\" aria-hidden=\"true\" class=\"wp-block-spacer\"><\/div>\n<\/div><div class=\"container media-text  \">\n<div class=\"wp-block-media-text alignwide is-stacked-on-mobile is-vertically-aligned-center\" style=\"grid-template-columns:40% auto\"><figure class=\"wp-block-media-text__media\"><img loading=\"lazy\" decoding=\"async\" width=\"800\" height=\"600\" src=\"https:\/\/www.novotek.com\/ch\/wp-content\/uploads\/sites\/3\/Novotek_infrastructure_1920x600px_NEW-2.jpg\" alt=\"\" class=\"wp-image-9352 size-full\" srcset=\"https:\/\/www.novotek.com\/ch\/wp-content\/uploads\/sites\/3\/Novotek_infrastructure_1920x600px_NEW-2.jpg 800w, https:\/\/www.novotek.com\/ch\/wp-content\/uploads\/sites\/3\/Novotek_infrastructure_1920x600px_NEW-2-300x225.jpg 300w, https:\/\/www.novotek.com\/ch\/wp-content\/uploads\/sites\/3\/Novotek_infrastructure_1920x600px_NEW-2-768x576.jpg 768w\" sizes=\"auto, (max-width: 800px) 100vw, 800px\" \/><\/figure><div class=\"wp-block-media-text__content\"><div class=\"container-md heading  \">\n<h2 class=\"wp-block-heading\">Infrastructure<\/h2>\n<\/div>\n\n<div class=\"container-md paragraph  \">\n<p>Dans le domaine de la num\u00e9risation des infrastructures, nous vous proposons des syst\u00e8mes qui pilotent et surveillent les tunnels, les ponts, la circulation routi\u00e8re et la circulation ferroviaire. Notre exp\u00e9rience en num\u00e9risation combin\u00e9e aux solides connaissances du secteur de nos partenaires vous garantit:<\/p>\n<\/div>\n\n<div class=\"container-md list  \">\n<ul class=\"wp-block-list\"><li>D\u00e9bit et efficacit\u00e9 accrus<\/li><li>Frais de mat\u00e9riaux r\u00e9duits au minimum<\/li><li>Grande fiabilit\u00e9 et d\u00e9lais minimes<\/li><\/ul>\n<\/div>\n\n<div class=\"container-md paragraph  \">\n<p>Nos solutions de commande et d\u2019automatisation reposent sur la fiabilit\u00e9 \u00e9prouv\u00e9e d\u2019un syst\u00e8me r\u00e9put\u00e9 sur le march\u00e9 et sur des fonctions avanc\u00e9es sp\u00e9cifiques au secteur, lesquelles optimisent le diagnostic \u00e0 distance tout en permettant la maintenance pr\u00e9dictive de vos installations.<\/p>\n<\/div>\n\n<div class=\"container-md paragraph  \">\n<p>Pour r\u00e9sumer, Novotek apporte toute sa comp\u00e9tence en applications et processus pour d\u00e9velopper des solutions de commande qui vous aident \u00e0 r\u00e9duire les co\u00fbts de maintenance, de mat\u00e9riel et de main-d\u2019\u0153uvre.<\/p>\n<\/div><\/div><\/div>\n<\/div><div class=\"container-md spacer  \">\n<div style=\"height:20px\" aria-hidden=\"true\" class=\"wp-block-spacer\"><\/div>\n<\/div><div class=\"container media-text  \">\n<div class=\"wp-block-media-text alignwide has-media-on-the-right is-stacked-on-mobile\" style=\"grid-template-columns:auto 40%\"><figure class=\"wp-block-media-text__media\"><img loading=\"lazy\" decoding=\"async\" width=\"800\" height=\"600\" src=\"https:\/\/www.novotek.com\/ch\/wp-content\/uploads\/sites\/3\/Milling.jpg\" alt=\"\" class=\"wp-image-9018 size-full\" srcset=\"https:\/\/www.novotek.com\/ch\/wp-content\/uploads\/sites\/3\/Milling.jpg 800w, https:\/\/www.novotek.com\/ch\/wp-content\/uploads\/sites\/3\/Milling-300x225.jpg 300w, https:\/\/www.novotek.com\/ch\/wp-content\/uploads\/sites\/3\/Milling-768x576.jpg 768w\" sizes=\"auto, (max-width: 800px) 100vw, 800px\" \/><\/figure><div class=\"wp-block-media-text__content\"><div class=\"container-md heading  \">\n<h2 class=\"wp-block-heading\">Fabrication discr\u00e8te<\/h2>\n<\/div>\n\n<div class=\"container-md paragraph  \">\n<p>L\u2019automatisation et la num\u00e9risation de la fabrication discr\u00e8te couvrent des processus de fabrication continus dans des secteurs comme par ex. l\u2019industrie automobile, la fabrication de composants en plastique ou les composants \u00e9lectroniques. Les nombreux projets nous ont permis d\u2019optimiser nos solutions, entre autres la num\u00e9risation des processus de production, le routage pour les t\u00e2ches d\u2019assemblage, ainsi que la fonctionnalit\u00e9 MES qui garantit une tra\u00e7abilit\u00e9 et un suivi complets de la production.<\/p>\n<\/div>\n\n<div class=\"container-md paragraph  \">\n<p>Les logiciels de planification comme par ex. \u00a0<a href=\"https:\/\/www.novotek.com\/ch\/fr\/smart-factory-mes\/rob-ex-scheduler\/\"><strong>ROB-EX Scheduler<\/strong><\/a> vous aident en outre \u00e0 honorer vos d\u00e9lais, \u00e0 planifier vos processus de fabrication plus efficacement et \u00e0 r\u00e9agir rapidement aux changements des conditions ext\u00e9rieures.<\/p>\n<\/div><\/div><\/div>\n<\/div><div class=\"container-md spacer  \">\n<div style=\"height:20px\" aria-hidden=\"true\" class=\"wp-block-spacer\"><\/div>\n<\/div><div class=\"container media-text  \">\n<div class=\"wp-block-media-text alignwide is-stacked-on-mobile is-vertically-aligned-top\" style=\"grid-template-columns:40% auto\"><figure class=\"wp-block-media-text__media\"><img loading=\"lazy\" decoding=\"async\" width=\"800\" height=\"600\" src=\"https:\/\/www.novotek.com\/ch\/wp-content\/uploads\/sites\/3\/Manufacturing_1.jpg\" alt=\"\" class=\"wp-image-9022 size-full\" srcset=\"https:\/\/www.novotek.com\/ch\/wp-content\/uploads\/sites\/3\/Manufacturing_1.jpg 800w, https:\/\/www.novotek.com\/ch\/wp-content\/uploads\/sites\/3\/Manufacturing_1-300x225.jpg 300w, https:\/\/www.novotek.com\/ch\/wp-content\/uploads\/sites\/3\/Manufacturing_1-768x576.jpg 768w\" sizes=\"auto, (max-width: 800px) 100vw, 800px\" \/><\/figure><div class=\"wp-block-media-text__content\"><div class=\"container-md heading  \">\n<h2 class=\"wp-block-heading\">Construction m\u00e9canique<\/h2>\n<\/div>\n\n<div class=\"container-md paragraph  \">\n<p>Novotek aide les constructeurs de machines et les \u00e9quipementiers \u00e0 profiter d\u2019avantages concurrentiels par le biais d\u2019une diff\u00e9renciation de leurs produits.<\/p>\n<\/div>\n\n<div class=\"container-md paragraph  \">\n<p>Nous vous aidons \u00e0 tirer profit de votre avantage:<\/p>\n<\/div>\n\n<div class=\"container-md list  \">\n<ul class=\"wp-block-list\"><li>Restez \u00e0 la pointe de la technologie et optimisez ainsi votre fiabilit\u00e9 et vos performances.<\/li><li>Construisez des machines qui ne consomment que peu d\u2019\u00e9nergie et pr\u00e9sentent du coup un co\u00fbt total de propri\u00e9t\u00e9 (TCO) plus faible.<\/li><li>Surveillez vos installations \u00e0 distance afin de d\u00e9tecter si celles-ci fonctionnent en dehors de leurs param\u00e8tres d\u2019exploitation.<\/li><\/ul>\n<\/div><\/div><\/div>\n<\/div><div class=\"container-md spacer  \">\n<div style=\"height:50px\" aria-hidden=\"true\" class=\"wp-block-spacer\"><\/div>\n<\/div>","protected":false},"excerpt":{"rendered":"<p>Au cours des 35 derni\u00e8res ann\u00e9es, Novotek a d\u00e9velopp\u00e9 des solutions sp\u00e9cialement adapt\u00e9es \u00e0 un grand nombre de secteurs diff\u00e9rents. Nous avons l&#8217;expertise qui est particuli\u00e8rement importante pour votre entreprise.<\/p>\n","protected":false},"author":15,"featured_media":5661,"parent":13545,"menu_order":10,"comment_status":"closed","ping_status":"closed","template":"","meta":{"_acf_changed":false,"_relevanssi_hide_post":"","_relevanssi_pin_for_all":"","_relevanssi_pin_keywords":"","_relevanssi_unpin_keywords":"","_relevanssi_related_keywords":"","_relevanssi_related_include_ids":"","_relevanssi_related_exclude_ids":"","_relevanssi_related_no_append":"","_relevanssi_related_not_related":"","_relevanssi_related_posts":"","_relevanssi_noindex_reason":"","content-type":"","footnotes":""},"class_list":["post-15236","page","type-page","status-publish","has-post-thumbnail","hentry"],"acf":[],"yoast_head":"<!-- This site is optimized with the Yoast SEO plugin v27.4 - https:\/\/yoast.com\/product\/yoast-seo-wordpress\/ -->\n<title>Autres secteurs - Novotek CH<\/title>\n<meta name=\"description\" content=\"Au cours des 35 derni\u00e8res ann\u00e9es, Novotek a d\u00e9velopp\u00e9 des solutions sp\u00e9cialement adapt\u00e9es \u00e0 un grand nombre de secteurs.\" \/>\n<meta name=\"robots\" content=\"index, follow, max-snippet:-1, max-image-preview:large, max-video-preview:-1\" \/>\n<link rel=\"canonical\" href=\"https:\/\/www.novotek.com\/ch\/fr\/industrie\/autres-secteurs\/\" \/>\n<meta property=\"og:locale\" content=\"fr_FR\" \/>\n<meta property=\"og:type\" content=\"article\" \/>\n<meta property=\"og:title\" content=\"Autres secteurs - Novotek CH\" \/>\n<meta property=\"og:description\" content=\"Au cours des 35 derni\u00e8res ann\u00e9es, Novotek a d\u00e9velopp\u00e9 des solutions sp\u00e9cialement adapt\u00e9es \u00e0 un grand nombre de secteurs.\" \/>\n<meta property=\"og:url\" content=\"https:\/\/www.novotek.com\/ch\/fr\/industrie\/autres-secteurs\/\" \/>\n<meta property=\"og:site_name\" content=\"Novotek CH\" \/>\n<meta property=\"article:modified_time\" content=\"2023-03-30T14:19:56+00:00\" \/>\n<meta property=\"og:image\" content=\"https:\/\/www.novotek.com\/ch\/wp-content\/uploads\/sites\/3\/2021\/Novotek_UK\/Industries\/Manufacturing\/Novotek_manufacturing_duplex_cyan-e1629983469674.jpg\" \/>\n\t<meta property=\"og:image:width\" content=\"1247\" \/>\n\t<meta property=\"og:image:height\" content=\"798\" \/>\n\t<meta property=\"og:image:type\" content=\"image\/jpeg\" \/>\n<meta name=\"twitter:card\" content=\"summary_large_image\" \/>\n<meta name=\"twitter:label1\" content=\"Est. reading time\" \/>\n\t<meta name=\"twitter:data1\" content=\"2 minutes\" \/>\n<script type=\"application\/ld+json\" class=\"yoast-schema-graph\">{\"@context\":\"https:\\\/\\\/schema.org\",\"@graph\":[{\"@type\":\"WebPage\",\"@id\":\"https:\\\/\\\/www.novotek.com\\\/ch\\\/fr\\\/industrie\\\/autres-secteurs\\\/\",\"url\":\"https:\\\/\\\/www.novotek.com\\\/ch\\\/fr\\\/industrie\\\/autres-secteurs\\\/\",\"name\":\"Autres secteurs - Novotek CH\",\"isPartOf\":{\"@id\":\"https:\\\/\\\/www.novotek.com\\\/ch\\\/#website\"},\"primaryImageOfPage\":{\"@id\":\"https:\\\/\\\/www.novotek.com\\\/ch\\\/fr\\\/industrie\\\/autres-secteurs\\\/#primaryimage\"},\"image\":{\"@id\":\"https:\\\/\\\/www.novotek.com\\\/ch\\\/fr\\\/industrie\\\/autres-secteurs\\\/#primaryimage\"},\"thumbnailUrl\":\"https:\\\/\\\/www.novotek.com\\\/ch\\\/wp-content\\\/uploads\\\/sites\\\/3\\\/2021\\\/Novotek_UK\\\/Industries\\\/Manufacturing\\\/Novotek_manufacturing_duplex_cyan-e1629983469674.jpg\",\"datePublished\":\"2023-02-24T14:23:30+00:00\",\"dateModified\":\"2023-03-30T14:19:56+00:00\",\"description\":\"Au cours des 35 derni\u00e8res ann\u00e9es, Novotek a d\u00e9velopp\u00e9 des solutions sp\u00e9cialement adapt\u00e9es \u00e0 un grand nombre de secteurs.\",\"breadcrumb\":{\"@id\":\"https:\\\/\\\/www.novotek.com\\\/ch\\\/fr\\\/industrie\\\/autres-secteurs\\\/#breadcrumb\"},\"inLanguage\":\"fr-CH\",\"potentialAction\":[{\"@type\":\"ReadAction\",\"target\":[\"https:\\\/\\\/www.novotek.com\\\/ch\\\/fr\\\/industrie\\\/autres-secteurs\\\/\"]}]},{\"@type\":\"ImageObject\",\"inLanguage\":\"fr-CH\",\"@id\":\"https:\\\/\\\/www.novotek.com\\\/ch\\\/fr\\\/industrie\\\/autres-secteurs\\\/#primaryimage\",\"url\":\"https:\\\/\\\/www.novotek.com\\\/ch\\\/wp-content\\\/uploads\\\/sites\\\/3\\\/2021\\\/Novotek_UK\\\/Industries\\\/Manufacturing\\\/Novotek_manufacturing_duplex_cyan-e1629983469674.jpg\",\"contentUrl\":\"https:\\\/\\\/www.novotek.com\\\/ch\\\/wp-content\\\/uploads\\\/sites\\\/3\\\/2021\\\/Novotek_UK\\\/Industries\\\/Manufacturing\\\/Novotek_manufacturing_duplex_cyan-e1629983469674.jpg\",\"width\":1247,\"height\":798},{\"@type\":\"BreadcrumbList\",\"@id\":\"https:\\\/\\\/www.novotek.com\\\/ch\\\/fr\\\/industrie\\\/autres-secteurs\\\/#breadcrumb\",\"itemListElement\":[{\"@type\":\"ListItem\",\"position\":1,\"name\":\"Home\",\"item\":\"https:\\\/\\\/www.novotek.com\\\/ch\\\/fr\\\/\"},{\"@type\":\"ListItem\",\"position\":2,\"name\":\"Industrie\",\"item\":\"https:\\\/\\\/www.novotek.com\\\/ch\\\/fr\\\/industrie\\\/\"},{\"@type\":\"ListItem\",\"position\":3,\"name\":\"Autres secteurs\"}]},{\"@type\":\"WebSite\",\"@id\":\"https:\\\/\\\/www.novotek.com\\\/ch\\\/#website\",\"url\":\"https:\\\/\\\/www.novotek.com\\\/ch\\\/\",\"name\":\"Novotek Switzerland AG\",\"description\":\"Connect - Digitalize - Optimize\",\"publisher\":{\"@id\":\"https:\\\/\\\/www.novotek.com\\\/ch\\\/#organization\"},\"potentialAction\":[{\"@type\":\"SearchAction\",\"target\":{\"@type\":\"EntryPoint\",\"urlTemplate\":\"https:\\\/\\\/www.novotek.com\\\/ch\\\/?s={search_term_string}\"},\"query-input\":{\"@type\":\"PropertyValueSpecification\",\"valueRequired\":true,\"valueName\":\"search_term_string\"}}],\"inLanguage\":\"fr-CH\"},{\"@type\":\"Organization\",\"@id\":\"https:\\\/\\\/www.novotek.com\\\/ch\\\/#organization\",\"name\":\"Novotek Switzerland AG\",\"url\":\"https:\\\/\\\/www.novotek.com\\\/ch\\\/\",\"logo\":{\"@type\":\"ImageObject\",\"inLanguage\":\"fr-CH\",\"@id\":\"https:\\\/\\\/www.novotek.com\\\/ch\\\/#\\\/schema\\\/logo\\\/image\\\/\",\"url\":\"https:\\\/\\\/www.novotek.com\\\/ch\\\/wp-content\\\/uploads\\\/sites\\\/3\\\/novotek-symbol-rgb-pos-white-border-512x512-1.png\",\"contentUrl\":\"https:\\\/\\\/www.novotek.com\\\/ch\\\/wp-content\\\/uploads\\\/sites\\\/3\\\/novotek-symbol-rgb-pos-white-border-512x512-1.png\",\"width\":512,\"height\":512,\"caption\":\"Novotek Switzerland AG\"},\"image\":{\"@id\":\"https:\\\/\\\/www.novotek.com\\\/ch\\\/#\\\/schema\\\/logo\\\/image\\\/\"}}]}<\/script>\n<!-- \/ Yoast SEO plugin. -->","yoast_head_json":{"title":"Autres secteurs - Novotek CH","description":"Au cours des 35 derni\u00e8res ann\u00e9es, Novotek a d\u00e9velopp\u00e9 des solutions sp\u00e9cialement adapt\u00e9es \u00e0 un grand nombre de secteurs.","robots":{"index":"index","follow":"follow","max-snippet":"max-snippet:-1","max-image-preview":"max-image-preview:large","max-video-preview":"max-video-preview:-1"},"canonical":"https:\/\/www.novotek.com\/ch\/fr\/industrie\/autres-secteurs\/","og_locale":"fr_FR","og_type":"article","og_title":"Autres secteurs - Novotek CH","og_description":"Au cours des 35 derni\u00e8res ann\u00e9es, Novotek a d\u00e9velopp\u00e9 des solutions sp\u00e9cialement adapt\u00e9es \u00e0 un grand nombre de secteurs.","og_url":"https:\/\/www.novotek.com\/ch\/fr\/industrie\/autres-secteurs\/","og_site_name":"Novotek CH","article_modified_time":"2023-03-30T14:19:56+00:00","og_image":[{"width":1247,"height":798,"url":"https:\/\/www.novotek.com\/ch\/wp-content\/uploads\/sites\/3\/2021\/Novotek_UK\/Industries\/Manufacturing\/Novotek_manufacturing_duplex_cyan-e1629983469674.jpg","type":"image\/jpeg"}],"twitter_card":"summary_large_image","twitter_misc":{"Est. reading time":"2 minutes"},"schema":{"@context":"https:\/\/schema.org","@graph":[{"@type":"WebPage","@id":"https:\/\/www.novotek.com\/ch\/fr\/industrie\/autres-secteurs\/","url":"https:\/\/www.novotek.com\/ch\/fr\/industrie\/autres-secteurs\/","name":"Autres secteurs - Novotek CH","isPartOf":{"@id":"https:\/\/www.novotek.com\/ch\/#website"},"primaryImageOfPage":{"@id":"https:\/\/www.novotek.com\/ch\/fr\/industrie\/autres-secteurs\/#primaryimage"},"image":{"@id":"https:\/\/www.novotek.com\/ch\/fr\/industrie\/autres-secteurs\/#primaryimage"},"thumbnailUrl":"https:\/\/www.novotek.com\/ch\/wp-content\/uploads\/sites\/3\/2021\/Novotek_UK\/Industries\/Manufacturing\/Novotek_manufacturing_duplex_cyan-e1629983469674.jpg","datePublished":"2023-02-24T14:23:30+00:00","dateModified":"2023-03-30T14:19:56+00:00","description":"Au cours des 35 derni\u00e8res ann\u00e9es, Novotek a d\u00e9velopp\u00e9 des solutions sp\u00e9cialement adapt\u00e9es \u00e0 un grand nombre de secteurs.","breadcrumb":{"@id":"https:\/\/www.novotek.com\/ch\/fr\/industrie\/autres-secteurs\/#breadcrumb"},"inLanguage":"fr-CH","potentialAction":[{"@type":"ReadAction","target":["https:\/\/www.novotek.com\/ch\/fr\/industrie\/autres-secteurs\/"]}]},{"@type":"ImageObject","inLanguage":"fr-CH","@id":"https:\/\/www.novotek.com\/ch\/fr\/industrie\/autres-secteurs\/#primaryimage","url":"https:\/\/www.novotek.com\/ch\/wp-content\/uploads\/sites\/3\/2021\/Novotek_UK\/Industries\/Manufacturing\/Novotek_manufacturing_duplex_cyan-e1629983469674.jpg","contentUrl":"https:\/\/www.novotek.com\/ch\/wp-content\/uploads\/sites\/3\/2021\/Novotek_UK\/Industries\/Manufacturing\/Novotek_manufacturing_duplex_cyan-e1629983469674.jpg","width":1247,"height":798},{"@type":"BreadcrumbList","@id":"https:\/\/www.novotek.com\/ch\/fr\/industrie\/autres-secteurs\/#breadcrumb","itemListElement":[{"@type":"ListItem","position":1,"name":"Home","item":"https:\/\/www.novotek.com\/ch\/fr\/"},{"@type":"ListItem","position":2,"name":"Industrie","item":"https:\/\/www.novotek.com\/ch\/fr\/industrie\/"},{"@type":"ListItem","position":3,"name":"Autres secteurs"}]},{"@type":"WebSite","@id":"https:\/\/www.novotek.com\/ch\/#website","url":"https:\/\/www.novotek.com\/ch\/","name":"Novotek Switzerland AG","description":"Connect - Digitalize - Optimize","publisher":{"@id":"https:\/\/www.novotek.com\/ch\/#organization"},"potentialAction":[{"@type":"SearchAction","target":{"@type":"EntryPoint","urlTemplate":"https:\/\/www.novotek.com\/ch\/?s={search_term_string}"},"query-input":{"@type":"PropertyValueSpecification","valueRequired":true,"valueName":"search_term_string"}}],"inLanguage":"fr-CH"},{"@type":"Organization","@id":"https:\/\/www.novotek.com\/ch\/#organization","name":"Novotek Switzerland AG","url":"https:\/\/www.novotek.com\/ch\/","logo":{"@type":"ImageObject","inLanguage":"fr-CH","@id":"https:\/\/www.novotek.com\/ch\/#\/schema\/logo\/image\/","url":"https:\/\/www.novotek.com\/ch\/wp-content\/uploads\/sites\/3\/novotek-symbol-rgb-pos-white-border-512x512-1.png","contentUrl":"https:\/\/www.novotek.com\/ch\/wp-content\/uploads\/sites\/3\/novotek-symbol-rgb-pos-white-border-512x512-1.png","width":512,"height":512,"caption":"Novotek Switzerland AG"},"image":{"@id":"https:\/\/www.novotek.com\/ch\/#\/schema\/logo\/image\/"}}]}},"_links":{"self":[{"href":"https:\/\/www.novotek.com\/ch\/fr\/wp-json\/wp\/v2\/pages\/15236","targetHints":{"allow":["GET"]}}],"collection":[{"href":"https:\/\/www.novotek.com\/ch\/fr\/wp-json\/wp\/v2\/pages"}],"about":[{"href":"https:\/\/www.novotek.com\/ch\/fr\/wp-json\/wp\/v2\/types\/page"}],"author":[{"embeddable":true,"href":"https:\/\/www.novotek.com\/ch\/fr\/wp-json\/wp\/v2\/users\/15"}],"replies":[{"embeddable":true,"href":"https:\/\/www.novotek.com\/ch\/fr\/wp-json\/wp\/v2\/comments?post=15236"}],"version-history":[{"count":3,"href":"https:\/\/www.novotek.com\/ch\/fr\/wp-json\/wp\/v2\/pages\/15236\/revisions"}],"predecessor-version":[{"id":15960,"href":"https:\/\/www.novotek.com\/ch\/fr\/wp-json\/wp\/v2\/pages\/15236\/revisions\/15960"}],"up":[{"embeddable":true,"href":"https:\/\/www.novotek.com\/ch\/fr\/wp-json\/wp\/v2\/pages\/13545"}],"wp:featuredmedia":[{"embeddable":true,"href":"https:\/\/www.novotek.com\/ch\/fr\/wp-json\/wp\/v2\/media\/5661"}],"wp:attachment":[{"href":"https:\/\/www.novotek.com\/ch\/fr\/wp-json\/wp\/v2\/media?parent=15236"}],"curies":[{"name":"wp","href":"https:\/\/api.w.org\/{rel}","templated":true}]}}