{"id":15703,"date":"2023-03-17T14:30:01","date_gmt":"2023-03-17T14:30:01","guid":{"rendered":"https:\/\/www.novotek.com\/ch\/collecte-de-donnes\/acron\/"},"modified":"2025-10-21T14:51:47","modified_gmt":"2025-10-21T14:51:47","slug":"acron","status":"publish","type":"page","link":"https:\/\/www.novotek.com\/ch\/fr\/collecte-de-donnes\/acron\/","title":{"rendered":"ACRON"},"content":{"rendered":"  <div class=\"hero\">\n    <div class=\"carousel hero-slider small\" data-flickity data-flickity-options='{\"prevNextButtons\": false}'>\n              <div class=\"carousel-cell\">\n          <div class=\"container\">\n            <div class=\"hero-content\">\n                              <h1>ACRON<\/h1>\n<p>Collecte, archivage et \u00e9valuation efficaces des donn\u00e9es d\u2019exploitation et des donn\u00e9es \u00e9nerg\u00e9tiques.<\/p>\n              \n                          <\/div>\n          <\/div>\n\n          <img decoding=\"async\" width=\"1024\" height=\"427\" src=\"https:\/\/www.novotek.com\/ch\/wp-content\/uploads\/sites\/3\/Idus_Uddevalla_Energi_NEW-1024x427.jpg.webp\" class=\"hero-bg\" alt=\"Hero Img\" fetchpriority=\"high\" srcset=\"https:\/\/www.novotek.com\/ch\/wp-content\/uploads\/sites\/3\/Idus_Uddevalla_Energi_NEW-1024x427.jpg.webp 1024w, https:\/\/www.novotek.com\/ch\/wp-content\/uploads\/sites\/3\/Idus_Uddevalla_Energi_NEW-300x125.jpg.webp 300w, https:\/\/www.novotek.com\/ch\/wp-content\/uploads\/sites\/3\/Idus_Uddevalla_Energi_NEW-768x320.jpg.webp 768w, https:\/\/www.novotek.com\/ch\/wp-content\/uploads\/sites\/3\/Idus_Uddevalla_Energi_NEW-1536x640.jpg.webp 1536w, https:\/\/www.novotek.com\/ch\/wp-content\/uploads\/sites\/3\/Idus_Uddevalla_Energi_NEW.jpg.webp 1920w\" sizes=\"(max-width: 1024px) 100vw, 1024px\" \/>                  <\/div>\n          <\/div>\n\n      <\/div>\n\n   \n\n\n<div class=\"container-md heading  \">\n<h2 class=\"wp-block-heading\" id=\"h-la-solution-d-archivage-d-evaluation-de-reporting\">La solution d&#8217;archivage, d&#8217;\u00e9valuation &amp; de reporting<\/h2>\n<\/div>\n\n<div class=\"container-md paragraph  \">\n<p>La solution ACRON vous permet de rassembler efficacement toutes les donn\u00e9es et les informations de vos installations et de cr\u00e9er ainsi la base pour des processus d\u2019\u00e9valuation et d\u2019analyse solides. Gr\u00e2ce \u00e0 la vaste gamme de fonctionnalit\u00e9s, vous analysez et optimisez vos installations et vos processus d\u2019exploitation de mani\u00e8re pr\u00e9cise, s\u00fbre et d\u00e9taill\u00e9e. En outre, la solution ACRON vous permet \u00e9galement d\u2019\u00e9tablir l\u2019ensemble de vos \u00e9valuations et rapports.<\/p>\n<\/div>\n\n<div class=\"container-md spacer  \">\n<div style=\"height:50px\" aria-hidden=\"true\" class=\"wp-block-spacer\"><\/div>\n<\/div>\n\n<div class=\"container-md heading  \">\n<h3 class=\"wp-block-heading\" id=\"h-les-possibilites-d-applications\">Les possibilit\u00e9s d\u2019applications<\/h3>\n<\/div>\n\n<div class=\"container-md paragraph  \">\n<p>La solution ACRON est un produit ne d\u00e9pendant d\u2019aucun fabricant qui, de par sa conception, peut \u00eatre utilis\u00e9 dans presque toutes les branches d\u2019activit\u00e9. La solution ACRON permet d\u2019\u00e9tablir quasiment tous les rapports et \u00e9valuations, de sorte que le produit peut \u00eatre utilis\u00e9 pour un large \u00e9ventail d\u2019applications. Gr\u00e2ce \u00e0 son \u00e9volutivit\u00e9, \u00e0 son architecture client \/ serveur et \u00e0 la s\u00e9curit\u00e9 des donn\u00e9es, la solution ACRON r\u00e9pond \u00e0 la plupart des exigences de ce segment de produits.<\/p>\n<\/div>\n\n<div class=\"container-md spacer  \">\n<div style=\"height:100px\" aria-hidden=\"true\" class=\"wp-block-spacer\"><\/div>\n<\/div>\n\n<div class=\"container media-text  \">\n<div class=\"wp-block-media-text alignwide has-media-on-the-right is-stacked-on-mobile is-vertically-aligned-center\"><div class=\"wp-block-media-text__content\"><div class=\"container-md heading  \">\n<h3 class=\"wp-block-heading\" id=\"h-la-philosophie\">La philosophie<\/h3>\n<\/div>\n\n<div class=\"container-md paragraph  \">\n<p>La solution ACRON se distingue par son utilisation intuitive, sa flexibilit\u00e9 et la rapidit\u00e9 de sa configuration. D&#8217;autres avantages sont l&#8217;architecture client\/serveur, la s\u00e9curit\u00e9 \u00e9lev\u00e9e des donn\u00e9es et de l&#8217;exploitation ainsi que l&#8217;\u00e9volutivit\u00e9. Cela s\u2019accompagne d\u2019une grande disponibilit\u00e9 et d\u2019un tr\u00e8s bon rapport qualit\u00e9-prix. En sa qualit\u00e9 de produit ne d\u00e9pendant d\u2019aucun fabricant et gr\u00e2ce \u00e0 sa conception universelle, la solution ACRON peut \u00eatre utilis\u00e9e dans presque toutes les branches d\u2019activit\u00e9. Des connexions \u00e0 diff\u00e9rents syst\u00e8mes SCADA, ainsi qu\u2019un grand nombre d\u2019interfaces sont disponibles.<\/p>\n<\/div><\/div><figure class=\"wp-block-media-text__media\"><img loading=\"lazy\" decoding=\"async\" width=\"850\" height=\"583\" src=\"https:\/\/www.novotek.com\/ch\/wp-content\/uploads\/sites\/3\/Uebersicht-Acron.jpg\" alt=\"\" class=\"wp-image-11184 size-full\" srcset=\"https:\/\/www.novotek.com\/ch\/wp-content\/uploads\/sites\/3\/Uebersicht-Acron.jpg 850w, https:\/\/www.novotek.com\/ch\/wp-content\/uploads\/sites\/3\/Uebersicht-Acron-300x206.jpg 300w, https:\/\/www.novotek.com\/ch\/wp-content\/uploads\/sites\/3\/Uebersicht-Acron-768x527.jpg 768w\" sizes=\"auto, (max-width: 850px) 100vw, 850px\" \/><\/figure><\/div>\n<\/div>\n\n<div class=\"container-md spacer  \">\n<div style=\"height:50px\" aria-hidden=\"true\" class=\"wp-block-spacer\"><\/div>\n<\/div>\n\n<div class=\"container-md heading  \">\n<h3 class=\"wp-block-heading\" id=\"h-interfaces-de-communication-ouvertes\">Interfaces de communication ouvertes<\/h3>\n<\/div>\n\n<div class=\"container-md paragraph  \">\n<p>Des connexions \u00e9tendues aux syst\u00e8mes de contr\u00f4le, OPC, ODBC, CSV, et de nombreux protocoles PLC sp\u00e9cifiques aux fabricants, sont disponibles pour assurer la collecte des donn\u00e9es. Les donn\u00e9es ACRON proprement dites sont accessibles via les standards ODBC et OPC UA HDA.<\/p>\n<\/div>\n\n<div class=\"container-md spacer  \">\n<div style=\"height:50px\" aria-hidden=\"true\" class=\"wp-block-spacer\"><\/div>\n<\/div>\n\n<div class=\"container-md heading  \">\n<h3 class=\"wp-block-heading\" id=\"h-fournisseurs-de-donnees-certifies\">Fournisseurs de donn\u00e9es certifi\u00e9s<\/h3>\n<\/div>\n\n<div class=\"container-md paragraph  \">\n<p>Plus de 20 connexions directes aux syst\u00e8mes HMI \/ SCADA et aux syst\u00e8mes de contr\u00f4le sont r\u00e9alis\u00e9es de plus en plus fr\u00e9quemment via des interfaces certifi\u00e9es (par exemple, iFIX, WinCC\/PCS7, Zenon, InTouch et autres).<\/p>\n<\/div>\n\n<div class=\"container-md spacer  \">\n<div style=\"height:100px\" aria-hidden=\"true\" class=\"wp-block-spacer\"><\/div>\n<\/div>\n\n<div class=\"container-md heading  \">\n<h3 class=\"wp-block-heading\" id=\"h-avantages\">Avantages<\/h3>\n<\/div>\n\n<div class=\"container-md list  \">\n<ul class=\"wp-block-list\"><div class=\"container-md list-item  \">\n<li>Solution \u00ab tout-en-un \u00bb : enregistrement, agr\u00e9gation, analyse et \u00e9tablissement de rapports au sein d\u2019un seul et m\u00eame syst\u00e8me<\/li>\n<\/div>\n\n<div class=\"container-md list-item  \">\n<li>Facile \u00e0 apprendre et \u00e0 utiliser<\/li>\n<\/div>\n\n<div class=\"container-md list-item  \">\n<li>Interfaces ouvertes<\/li>\n<\/div>\n\n<div class=\"container-md list-item  \">\n<li>Fonctionnalit\u00e9 \u00ab Store &amp; Forward \u00bb dans tous les fournisseurs de donn\u00e9es pour \u00e9viter les pertes de donn\u00e9es<\/li>\n<\/div>\n\n<div class=\"container-md list-item  \">\n<li>Possibilit\u00e9 de redondance \u00e9conomique (sauvegarde en miroir des donn\u00e9es)<\/li>\n<\/div>\n\n<div class=\"container-md list-item  \">\n<li>Agr\u00e9gation de donn\u00e9es dans des intervalles de temps configurables (par exemple, heures, jours, mois, etc.)<\/li>\n<\/div>\n\n<div class=\"container-md list-item  \">\n<li>Possibilit\u00e9 d\u2019effectuer des calculs complexes<\/li>\n<\/div>\n\n<div class=\"container-md list-item  \">\n<li>Manipulation sophistiqu\u00e9e des compteurs (en cas de changement de compteur, de d\u00e9bordement, etc.)<\/li>\n<\/div>\n\n<div class=\"container-md list-item  \">\n<li>Disponible en \u00e9dition pharmaceutique<\/li>\n<\/div>\n\n<div class=\"container-md list-item  \">\n<li>Respect des directives l\u00e9gales pour les branches d\u2019activit\u00e9 les plus diverses\r\n(par exemple EN ISO 50001, DWA M260, A216, <strong>21 CFR Part 11<\/strong>, TA Abfall (instruction technique relative aux d\u00e9chets), EKVO, etc.)<\/li>\n<\/div><\/ul>\n<\/div>\n\n<div class=\"container-md spacer  \">\n<div style=\"height:50px\" aria-hidden=\"true\" class=\"wp-block-spacer\"><\/div>\n<\/div>\n\n  <div class=\"slider-column-parent\">\n    <div class=\"container\">\n      <div class=\"slider-column-title\">Plus d\u2019informations sur la solution ACRON<\/div>\n\n      <div class=\"slider-column\">\n        <div class=\"slider-cell carousel-cell large\"><div class=\"column-box\">\n      <div class=\"icon \">\n      <img loading=\"lazy\" decoding=\"async\" width=\"150\" height=\"150\" src=\"https:\/\/www.novotek.com\/ch\/wp-content\/uploads\/sites\/3\/Icon_DataSheet-150x150.png.webp\" class=\"attachment-thumbnail size-thumbnail\" alt=\"\" srcset=\"https:\/\/www.novotek.com\/ch\/wp-content\/uploads\/sites\/3\/Icon_DataSheet-150x150.png.webp 150w, https:\/\/www.novotek.com\/ch\/wp-content\/uploads\/sites\/3\/Icon_DataSheet-300x300.png.webp 300w, https:\/\/www.novotek.com\/ch\/wp-content\/uploads\/sites\/3\/Icon_DataSheet.png 500w\" sizes=\"auto, (max-width: 150px) 100vw, 150px\" \/>    <\/div>\n  \n      <div class=\"title\">\n      Fiche de donn\u00e9es    <\/div>\n  \n      <div class=\"text\">\n      <p><strong>Historian, analyse, rapports<\/strong><br \/>\nObtenir des informations \u00e0 partir des donn\u00e9es<\/p>\n    <\/div>\n  \n      <a class=\"link\"  href=\"https:\/\/www.novotek.com\/ch\/wp-content\/uploads\/sites\/3\/acron-de-1.pdf\" target=\"_blank\">\n      Fiche de donn\u00e9es    <\/a>\n  \n  <\/div>\n\n<\/div>      <\/div>\n    <\/div>\n  <\/div>\n\n\n<div class=\"cta-block\">\n  <div class=\"container\">\n          <h2><\/br>Avez-vous des questions?<\/h2>\n    \n          <div><p>Nous vous en dirons plus sur ACRON<br \/>\net comment vous pouvez utiliser cette solution intelligente<br \/>\navec succ\u00e8s dans votre installation.<\/p>\n<\/div>\n    \n          <a class=\"btn btn-primary\" href=\"https:\/\/www.novotek.com\/ch\/fr\/contactez-nous\/\">Contactez-nous<\/a>\n      <\/div>\n<\/div>\n","protected":false},"excerpt":{"rendered":"<p>Une solution pour l\u2019archivage et l\u2019analyse des donn\u00e9es op\u00e9rationnelles agr\u00e9g\u00e9es \u2013 id\u00e9ale pour les rapports, la tra\u00e7abilit\u00e9 et la documentation \u00e0 long terme dans l\u2019environnement de production.<\/p>\n","protected":false},"author":35,"featured_media":0,"parent":13635,"menu_order":3,"comment_status":"closed","ping_status":"closed","template":"","meta":{"_acf_changed":false,"_relevanssi_hide_post":"","_relevanssi_pin_for_all":"","_relevanssi_pin_keywords":"","_relevanssi_unpin_keywords":"","_relevanssi_related_keywords":"","_relevanssi_related_include_ids":"","_relevanssi_related_exclude_ids":"","_relevanssi_related_no_append":"","_relevanssi_related_not_related":"","_relevanssi_related_posts":"13569,13565,13567,15439,13571,12884","_relevanssi_noindex_reason":"","content-type":"","footnotes":""},"class_list":["post-15703","page","type-page","status-publish","hentry"],"acf":[],"yoast_head":"<!-- This site is optimized with the Yoast SEO plugin v27.4 - https:\/\/yoast.com\/product\/yoast-seo-wordpress\/ -->\n<title>ACRON - Novotek CH<\/title>\n<meta name=\"description\" content=\"Collecte, archivage et \u00e9valuation efficaces des donn\u00e9es d\u2019exploitation et des donn\u00e9es \u00e9nerg\u00e9tiques.\" \/>\n<meta name=\"robots\" content=\"index, follow, max-snippet:-1, max-image-preview:large, max-video-preview:-1\" \/>\n<link rel=\"canonical\" href=\"https:\/\/www.novotek.com\/ch\/fr\/collecte-de-donnes\/acron\/\" \/>\n<meta property=\"og:locale\" content=\"fr_FR\" \/>\n<meta property=\"og:type\" content=\"article\" \/>\n<meta property=\"og:title\" content=\"ACRON - Novotek CH\" \/>\n<meta property=\"og:description\" content=\"Collecte, archivage et \u00e9valuation efficaces des donn\u00e9es d\u2019exploitation et des donn\u00e9es \u00e9nerg\u00e9tiques.\" \/>\n<meta property=\"og:url\" content=\"https:\/\/www.novotek.com\/ch\/fr\/collecte-de-donnes\/acron\/\" \/>\n<meta property=\"og:site_name\" content=\"Novotek CH\" \/>\n<meta property=\"article:modified_time\" content=\"2025-10-21T14:51:47+00:00\" \/>\n<meta property=\"og:image\" content=\"https:\/\/www.novotek.com\/ch\/wp-content\/uploads\/sites\/3\/Uebersicht-Acron.jpg\" \/>\n<meta name=\"twitter:card\" content=\"summary_large_image\" \/>\n<meta name=\"twitter:label1\" content=\"Est. reading time\" \/>\n\t<meta name=\"twitter:data1\" content=\"3 minutes\" \/>\n<script type=\"application\/ld+json\" class=\"yoast-schema-graph\">{\"@context\":\"https:\\\/\\\/schema.org\",\"@graph\":[{\"@type\":\"WebPage\",\"@id\":\"https:\\\/\\\/www.novotek.com\\\/ch\\\/fr\\\/collecte-de-donnes\\\/acron\\\/\",\"url\":\"https:\\\/\\\/www.novotek.com\\\/ch\\\/fr\\\/collecte-de-donnes\\\/acron\\\/\",\"name\":\"ACRON - Novotek CH\",\"isPartOf\":{\"@id\":\"https:\\\/\\\/www.novotek.com\\\/ch\\\/#website\"},\"primaryImageOfPage\":{\"@id\":\"https:\\\/\\\/www.novotek.com\\\/ch\\\/fr\\\/collecte-de-donnes\\\/acron\\\/#primaryimage\"},\"image\":{\"@id\":\"https:\\\/\\\/www.novotek.com\\\/ch\\\/fr\\\/collecte-de-donnes\\\/acron\\\/#primaryimage\"},\"thumbnailUrl\":\"https:\\\/\\\/www.novotek.com\\\/ch\\\/wp-content\\\/uploads\\\/sites\\\/3\\\/Uebersicht-Acron.jpg\",\"datePublished\":\"2023-03-17T14:30:01+00:00\",\"dateModified\":\"2025-10-21T14:51:47+00:00\",\"description\":\"Collecte, archivage et \u00e9valuation efficaces des donn\u00e9es d\u2019exploitation et des donn\u00e9es \u00e9nerg\u00e9tiques.\",\"breadcrumb\":{\"@id\":\"https:\\\/\\\/www.novotek.com\\\/ch\\\/fr\\\/collecte-de-donnes\\\/acron\\\/#breadcrumb\"},\"inLanguage\":\"fr-CH\",\"potentialAction\":[{\"@type\":\"ReadAction\",\"target\":[\"https:\\\/\\\/www.novotek.com\\\/ch\\\/fr\\\/collecte-de-donnes\\\/acron\\\/\"]}]},{\"@type\":\"ImageObject\",\"inLanguage\":\"fr-CH\",\"@id\":\"https:\\\/\\\/www.novotek.com\\\/ch\\\/fr\\\/collecte-de-donnes\\\/acron\\\/#primaryimage\",\"url\":\"https:\\\/\\\/www.novotek.com\\\/ch\\\/wp-content\\\/uploads\\\/sites\\\/3\\\/Uebersicht-Acron.jpg\",\"contentUrl\":\"https:\\\/\\\/www.novotek.com\\\/ch\\\/wp-content\\\/uploads\\\/sites\\\/3\\\/Uebersicht-Acron.jpg\"},{\"@type\":\"BreadcrumbList\",\"@id\":\"https:\\\/\\\/www.novotek.com\\\/ch\\\/fr\\\/collecte-de-donnes\\\/acron\\\/#breadcrumb\",\"itemListElement\":[{\"@type\":\"ListItem\",\"position\":1,\"name\":\"Home\",\"item\":\"https:\\\/\\\/www.novotek.com\\\/ch\\\/fr\\\/\"},{\"@type\":\"ListItem\",\"position\":2,\"name\":\"Collecte de donn&eacute;es\",\"item\":\"https:\\\/\\\/www.novotek.com\\\/ch\\\/fr\\\/collecte-de-donnes\\\/\"},{\"@type\":\"ListItem\",\"position\":3,\"name\":\"ACRON\"}]},{\"@type\":\"WebSite\",\"@id\":\"https:\\\/\\\/www.novotek.com\\\/ch\\\/#website\",\"url\":\"https:\\\/\\\/www.novotek.com\\\/ch\\\/\",\"name\":\"Novotek Switzerland AG\",\"description\":\"Connect - Digitalize - Optimize\",\"publisher\":{\"@id\":\"https:\\\/\\\/www.novotek.com\\\/ch\\\/#organization\"},\"potentialAction\":[{\"@type\":\"SearchAction\",\"target\":{\"@type\":\"EntryPoint\",\"urlTemplate\":\"https:\\\/\\\/www.novotek.com\\\/ch\\\/?s={search_term_string}\"},\"query-input\":{\"@type\":\"PropertyValueSpecification\",\"valueRequired\":true,\"valueName\":\"search_term_string\"}}],\"inLanguage\":\"fr-CH\"},{\"@type\":\"Organization\",\"@id\":\"https:\\\/\\\/www.novotek.com\\\/ch\\\/#organization\",\"name\":\"Novotek Switzerland AG\",\"url\":\"https:\\\/\\\/www.novotek.com\\\/ch\\\/\",\"logo\":{\"@type\":\"ImageObject\",\"inLanguage\":\"fr-CH\",\"@id\":\"https:\\\/\\\/www.novotek.com\\\/ch\\\/#\\\/schema\\\/logo\\\/image\\\/\",\"url\":\"https:\\\/\\\/www.novotek.com\\\/ch\\\/wp-content\\\/uploads\\\/sites\\\/3\\\/novotek-symbol-rgb-pos-white-border-512x512-1.png\",\"contentUrl\":\"https:\\\/\\\/www.novotek.com\\\/ch\\\/wp-content\\\/uploads\\\/sites\\\/3\\\/novotek-symbol-rgb-pos-white-border-512x512-1.png\",\"width\":512,\"height\":512,\"caption\":\"Novotek Switzerland AG\"},\"image\":{\"@id\":\"https:\\\/\\\/www.novotek.com\\\/ch\\\/#\\\/schema\\\/logo\\\/image\\\/\"}}]}<\/script>\n<!-- \/ Yoast SEO plugin. -->","yoast_head_json":{"title":"ACRON - Novotek CH","description":"Collecte, archivage et \u00e9valuation efficaces des donn\u00e9es d\u2019exploitation et des donn\u00e9es \u00e9nerg\u00e9tiques.","robots":{"index":"index","follow":"follow","max-snippet":"max-snippet:-1","max-image-preview":"max-image-preview:large","max-video-preview":"max-video-preview:-1"},"canonical":"https:\/\/www.novotek.com\/ch\/fr\/collecte-de-donnes\/acron\/","og_locale":"fr_FR","og_type":"article","og_title":"ACRON - Novotek CH","og_description":"Collecte, archivage et \u00e9valuation efficaces des donn\u00e9es d\u2019exploitation et des donn\u00e9es \u00e9nerg\u00e9tiques.","og_url":"https:\/\/www.novotek.com\/ch\/fr\/collecte-de-donnes\/acron\/","og_site_name":"Novotek CH","article_modified_time":"2025-10-21T14:51:47+00:00","og_image":[{"url":"https:\/\/www.novotek.com\/ch\/wp-content\/uploads\/sites\/3\/Uebersicht-Acron.jpg","type":"","width":"","height":""}],"twitter_card":"summary_large_image","twitter_misc":{"Est. reading time":"3 minutes"},"schema":{"@context":"https:\/\/schema.org","@graph":[{"@type":"WebPage","@id":"https:\/\/www.novotek.com\/ch\/fr\/collecte-de-donnes\/acron\/","url":"https:\/\/www.novotek.com\/ch\/fr\/collecte-de-donnes\/acron\/","name":"ACRON - Novotek CH","isPartOf":{"@id":"https:\/\/www.novotek.com\/ch\/#website"},"primaryImageOfPage":{"@id":"https:\/\/www.novotek.com\/ch\/fr\/collecte-de-donnes\/acron\/#primaryimage"},"image":{"@id":"https:\/\/www.novotek.com\/ch\/fr\/collecte-de-donnes\/acron\/#primaryimage"},"thumbnailUrl":"https:\/\/www.novotek.com\/ch\/wp-content\/uploads\/sites\/3\/Uebersicht-Acron.jpg","datePublished":"2023-03-17T14:30:01+00:00","dateModified":"2025-10-21T14:51:47+00:00","description":"Collecte, archivage et \u00e9valuation efficaces des donn\u00e9es d\u2019exploitation et des donn\u00e9es \u00e9nerg\u00e9tiques.","breadcrumb":{"@id":"https:\/\/www.novotek.com\/ch\/fr\/collecte-de-donnes\/acron\/#breadcrumb"},"inLanguage":"fr-CH","potentialAction":[{"@type":"ReadAction","target":["https:\/\/www.novotek.com\/ch\/fr\/collecte-de-donnes\/acron\/"]}]},{"@type":"ImageObject","inLanguage":"fr-CH","@id":"https:\/\/www.novotek.com\/ch\/fr\/collecte-de-donnes\/acron\/#primaryimage","url":"https:\/\/www.novotek.com\/ch\/wp-content\/uploads\/sites\/3\/Uebersicht-Acron.jpg","contentUrl":"https:\/\/www.novotek.com\/ch\/wp-content\/uploads\/sites\/3\/Uebersicht-Acron.jpg"},{"@type":"BreadcrumbList","@id":"https:\/\/www.novotek.com\/ch\/fr\/collecte-de-donnes\/acron\/#breadcrumb","itemListElement":[{"@type":"ListItem","position":1,"name":"Home","item":"https:\/\/www.novotek.com\/ch\/fr\/"},{"@type":"ListItem","position":2,"name":"Collecte de donn&eacute;es","item":"https:\/\/www.novotek.com\/ch\/fr\/collecte-de-donnes\/"},{"@type":"ListItem","position":3,"name":"ACRON"}]},{"@type":"WebSite","@id":"https:\/\/www.novotek.com\/ch\/#website","url":"https:\/\/www.novotek.com\/ch\/","name":"Novotek Switzerland AG","description":"Connect - Digitalize - Optimize","publisher":{"@id":"https:\/\/www.novotek.com\/ch\/#organization"},"potentialAction":[{"@type":"SearchAction","target":{"@type":"EntryPoint","urlTemplate":"https:\/\/www.novotek.com\/ch\/?s={search_term_string}"},"query-input":{"@type":"PropertyValueSpecification","valueRequired":true,"valueName":"search_term_string"}}],"inLanguage":"fr-CH"},{"@type":"Organization","@id":"https:\/\/www.novotek.com\/ch\/#organization","name":"Novotek Switzerland AG","url":"https:\/\/www.novotek.com\/ch\/","logo":{"@type":"ImageObject","inLanguage":"fr-CH","@id":"https:\/\/www.novotek.com\/ch\/#\/schema\/logo\/image\/","url":"https:\/\/www.novotek.com\/ch\/wp-content\/uploads\/sites\/3\/novotek-symbol-rgb-pos-white-border-512x512-1.png","contentUrl":"https:\/\/www.novotek.com\/ch\/wp-content\/uploads\/sites\/3\/novotek-symbol-rgb-pos-white-border-512x512-1.png","width":512,"height":512,"caption":"Novotek Switzerland AG"},"image":{"@id":"https:\/\/www.novotek.com\/ch\/#\/schema\/logo\/image\/"}}]}},"_links":{"self":[{"href":"https:\/\/www.novotek.com\/ch\/fr\/wp-json\/wp\/v2\/pages\/15703","targetHints":{"allow":["GET"]}}],"collection":[{"href":"https:\/\/www.novotek.com\/ch\/fr\/wp-json\/wp\/v2\/pages"}],"about":[{"href":"https:\/\/www.novotek.com\/ch\/fr\/wp-json\/wp\/v2\/types\/page"}],"author":[{"embeddable":true,"href":"https:\/\/www.novotek.com\/ch\/fr\/wp-json\/wp\/v2\/users\/35"}],"replies":[{"embeddable":true,"href":"https:\/\/www.novotek.com\/ch\/fr\/wp-json\/wp\/v2\/comments?post=15703"}],"version-history":[{"count":4,"href":"https:\/\/www.novotek.com\/ch\/fr\/wp-json\/wp\/v2\/pages\/15703\/revisions"}],"predecessor-version":[{"id":28213,"href":"https:\/\/www.novotek.com\/ch\/fr\/wp-json\/wp\/v2\/pages\/15703\/revisions\/28213"}],"up":[{"embeddable":true,"href":"https:\/\/www.novotek.com\/ch\/fr\/wp-json\/wp\/v2\/pages\/13635"}],"wp:attachment":[{"href":"https:\/\/www.novotek.com\/ch\/fr\/wp-json\/wp\/v2\/media?parent=15703"}],"curies":[{"name":"wp","href":"https:\/\/api.w.org\/{rel}","templated":true}]}}