{"id":15708,"date":"2023-03-17T14:54:22","date_gmt":"2023-03-17T14:54:22","guid":{"rendered":"https:\/\/www.novotek.com\/ch\/prsentation\/travailler-chez-nous\/"},"modified":"2025-05-19T12:45:00","modified_gmt":"2025-05-19T12:45:00","slug":"travailler-chez-nous","status":"publish","type":"page","link":"https:\/\/www.novotek.com\/ch\/fr\/prsentation\/travailler-chez-nous\/","title":{"rendered":"Travailler chez nous"},"content":{"rendered":"  <div class=\"hero\">\n    <div class=\"carousel hero-slider small\" data-flickity data-flickity-options='{\"prevNextButtons\": false}'>\n              <div class=\"carousel-cell\">\n          <div class=\"container\">\n            <div class=\"hero-content\">\n                              <h1>Travailler chez nous<\/h1>\n<p>D\u00e9couvre de pr\u00e8s le monde fascinant de la num\u00e9risation et de l&#8217;industrie 4.0 en \u00e9changeant quotidiennement avec nos clients et en contribuant \u00e0 rendre les entreprises industrielles plus efficaces.<\/p>\n              \n                          <\/div>\n          <\/div>\n\n          <img decoding=\"async\" width=\"1024\" height=\"320\" src=\"https:\/\/www.novotek.com\/ch\/wp-content\/uploads\/sites\/3\/arbeite-bei-uns-novotek-1-1024x320.jpg.webp\" class=\"hero-bg\" alt=\"Hero Img\" fetchpriority=\"high\" srcset=\"https:\/\/www.novotek.com\/ch\/wp-content\/uploads\/sites\/3\/arbeite-bei-uns-novotek-1-1024x320.jpg.webp 1024w, https:\/\/www.novotek.com\/ch\/wp-content\/uploads\/sites\/3\/arbeite-bei-uns-novotek-1-300x94.jpg.webp 300w, https:\/\/www.novotek.com\/ch\/wp-content\/uploads\/sites\/3\/arbeite-bei-uns-novotek-1-768x240.jpg.webp 768w, https:\/\/www.novotek.com\/ch\/wp-content\/uploads\/sites\/3\/arbeite-bei-uns-novotek-1-1536x480.jpg.webp 1536w, https:\/\/www.novotek.com\/ch\/wp-content\/uploads\/sites\/3\/arbeite-bei-uns-novotek-1.jpg.webp 1920w\" sizes=\"(max-width: 1024px) 100vw, 1024px\" \/>                  <\/div>\n          <\/div>\n\n      <\/div>\n\n   \n\n\n<div class=\"container-md quote  \">\n<blockquote class=\"wp-block-quote is-layout-flow wp-block-quote-is-layout-flow\"><div class=\"container-md heading  \">\n<h3 class=\"wp-block-heading\">Chez nous, tu participes activement \u00e0 la conception de l&#8217;avenir des processus et installations de fabrication intelligents.<\/h3>\n<\/div><\/blockquote>\n<\/div>\n\n<div class=\"container-md group  \">\n<div class=\"wp-block-group\"><div class=\"wp-block-group__inner-container is-layout-constrained wp-block-group-is-layout-constrained\"><div class=\"container-md paragraph  \">\n<p>Depuis plus de 35 ans, nous fournissons des solutions innovantes et des produits prim\u00e9s aux entreprises de production, leur permettant ainsi de mettre en r\u00e9seau, de num\u00e9riser et d&#8217;optimiser leurs processus de production. Pour y parvenir, nous travaillons avec des fabricants internationaux de premier plan.<\/p>\n<\/div>\n\n<div class=\"container-md paragraph  \">\n<p>Novotek Switzerland emploie 8 personnes et a son si\u00e8ge \u00e0 Soleure. Nous faisons partie du groupe su\u00e9dois Novotek qui compte environ 180 collaborateurs et des filiales dans tous les pays scandinaves, en Grande-Bretagne et au Benelux.<\/p>\n<\/div>\n\n<div class=\"container-md spacer  \">\n<div style=\"height:20px\" aria-hidden=\"true\" class=\"wp-block-spacer\"><\/div>\n<\/div>\n\n<div class=\"container-md heading  \">\n<h2 class=\"wp-block-heading\">Notre c\u0153ur bat pour les donn\u00e9es industrielles<\/h2>\n<\/div>\n\n<div class=\"container-md paragraph  \">\n<p>Les th\u00e8mes tels que Smart Factory, Industrial DataOps, Connectivity et Versioning sont nos domaines de pr\u00e9dilection. Nos clients sont confront\u00e9s quotidiennement aux d\u00e9fis li\u00e9s \u00e0 l&#8217;utilisation des donn\u00e9es qu&#8217;ils collectent et nous aimons leur proposer des solutions sur mesure. Peu importe o\u00f9 nos clients se trouvent dans leur processus de num\u00e9risation, ils trouveront chez nous la solution adapt\u00e9e \u00e0 leur prochaine \u00e9tape.<\/p>\n<\/div>\n\n<div class=\"container-md spacer  \">\n<div style=\"height:30px\" aria-hidden=\"true\" class=\"wp-block-spacer\"><\/div>\n<\/div>\n\n<div class=\"container-md heading  \">\n<h2 class=\"wp-block-heading\">Tu partages notre enthousiasme pour la technologie et l&#8217;automatisation dans l&#8217;industrie ?<\/h2>\n<\/div>\n\n<div class=\"container-md paragraph  \">\n<p>Dans notre environnement de travail passionnant, les collaborateurs ont la possibilit\u00e9 d&#8217;utiliser leurs comp\u00e9tences de mani\u00e8re pratique et de mettre en \u0153uvre des id\u00e9es innovantes. Nous leur offrons la possibilit\u00e9 d&#8217;exploiter leur potentiel et de se d\u00e9velopper en permanence.<\/p>\n<\/div>\n\n<div class=\"container-md paragraph  \">\n<p>Rejoins notre \u00e9quipe et participe activement \u00e0 la construction de l&#8217;avenir de la production industrielle.<\/p>\n<\/div><\/div>\n<\/div><\/div>\n\n<div class=\"container-md spacer  \">\n<div style=\"height:50px\" aria-hidden=\"true\" class=\"wp-block-spacer\"><\/div>\n<\/div>\n\n<div class=\"container-md heading  \">\n<h2 class=\"wp-block-heading\" id=\"h-aktuelle-stellen\">Postes actuels<\/h2>\n<\/div>\n\n<div class=\"container-md spacer  \">\n<div style=\"height:30px\" aria-hidden=\"true\" class=\"wp-block-spacer\"><\/div>\n<\/div>\n\n<div class=\"container-md paragraph  \">\n<p>Actuellement, nous n&#8217;avons pas de poste \u00e0 pourvoir.<\/p>\n<\/div>\n\n<div class=\"posts-columns \">\n  <div class=\"container\">\n  <div class=\"row\">\n      <\/div>\n\n  <\/div><\/div>\n\n\n<div class=\"container-md spacer  \">\n<div style=\"height:50px\" aria-hidden=\"true\" class=\"wp-block-spacer\"><\/div>\n<\/div>\n\n<div class=\"container-md heading  \">\n<h2 class=\"wp-block-heading\">Rien de correspondant ?<\/h2>\n<\/div>\n\n<div class=\"container-md paragraph  \">\n<p>Vous pouvez, \u00e0 tout moment, nous faire parvenir votre candidature spontan\u00e9e ou encore postuler pour un stage en tant qu\u2019\u00e9tudiant(e).<\/p>\n<\/div>\n\n<div class=\"container-md paragraph  \">\n<p><strong>Remo Ingold<\/strong><br>Managing Director<\/p>\n<\/div>\n\n<div class=\"container-md paragraph  \">\n<p><a href=\"mailto:remo.ingold@novotek.com\">remo.ingold@novotek.com<\/a><\/p>\n<\/div>\n\n<div class=\"container-md spacer  \">\n<div style=\"height:50px\" aria-hidden=\"true\" class=\"wp-block-spacer\"><\/div>\n<\/div>","protected":false},"excerpt":{"rendered":"<p>L\u2019engagement et la loyaut\u00e9 de nos collaborateurs ont toujours \u00e9t\u00e9 au c\u0153ur de Novotek et constituent une condition pr\u00e9alable \u00e0 notre succ\u00e8s.<\/p>\n","protected":false},"author":35,"featured_media":16809,"parent":13559,"menu_order":4,"comment_status":"closed","ping_status":"closed","template":"","meta":{"_acf_changed":false,"_relevanssi_hide_post":"","_relevanssi_pin_for_all":"","_relevanssi_pin_keywords":"","_relevanssi_unpin_keywords":"","_relevanssi_related_keywords":"","_relevanssi_related_include_ids":"","_relevanssi_related_exclude_ids":"","_relevanssi_related_no_append":"","_relevanssi_related_not_related":"","_relevanssi_related_posts":"13567,15439,13573,13567,15710,13571","_relevanssi_noindex_reason":"","content-type":"","footnotes":""},"class_list":["post-15708","page","type-page","status-publish","has-post-thumbnail","hentry"],"acf":[],"yoast_head":"<!-- This site is optimized with the Yoast SEO plugin v27.4 - https:\/\/yoast.com\/product\/yoast-seo-wordpress\/ -->\n<title>Travailler chez nous - Novotek Switzerland<\/title>\n<meta name=\"description\" content=\"L\u2019engagement et la loyaut\u00e9 de nos collaborateurs ont toujours \u00e9t\u00e9 au c\u0153ur de Novotek et constituent une condition pr\u00e9alable \u00e0 notre succ\u00e8s.\" \/>\n<meta name=\"robots\" content=\"index, follow, max-snippet:-1, max-image-preview:large, max-video-preview:-1\" \/>\n<link rel=\"canonical\" href=\"https:\/\/www.novotek.com\/ch\/fr\/prsentation\/travailler-chez-nous\/\" \/>\n<meta property=\"og:locale\" content=\"fr_FR\" \/>\n<meta property=\"og:type\" content=\"article\" \/>\n<meta property=\"og:title\" content=\"Travailler chez nous - Novotek Switzerland\" \/>\n<meta property=\"og:description\" content=\"L\u2019engagement et la loyaut\u00e9 de nos collaborateurs ont toujours \u00e9t\u00e9 au c\u0153ur de Novotek et constituent une condition pr\u00e9alable \u00e0 notre succ\u00e8s.\" \/>\n<meta property=\"og:url\" content=\"https:\/\/www.novotek.com\/ch\/fr\/prsentation\/travailler-chez-nous\/\" \/>\n<meta property=\"og:site_name\" content=\"Novotek CH\" \/>\n<meta property=\"article:modified_time\" content=\"2025-05-19T12:45:00+00:00\" \/>\n<meta property=\"og:image\" content=\"https:\/\/www.novotek.com\/ch\/wp-content\/uploads\/sites\/3\/arbeite-bei-uns-novotek-1.jpg.webp\" \/>\n\t<meta property=\"og:image:width\" content=\"1920\" \/>\n\t<meta property=\"og:image:height\" content=\"600\" \/>\n\t<meta property=\"og:image:type\" content=\"image\/jpeg\" \/>\n<meta name=\"twitter:card\" content=\"summary_large_image\" \/>\n<meta name=\"twitter:label1\" content=\"Est. reading time\" \/>\n\t<meta name=\"twitter:data1\" content=\"2 minutes\" \/>\n<script type=\"application\/ld+json\" class=\"yoast-schema-graph\">{\"@context\":\"https:\\\/\\\/schema.org\",\"@graph\":[{\"@type\":\"WebPage\",\"@id\":\"https:\\\/\\\/www.novotek.com\\\/ch\\\/fr\\\/prsentation\\\/travailler-chez-nous\\\/\",\"url\":\"https:\\\/\\\/www.novotek.com\\\/ch\\\/fr\\\/prsentation\\\/travailler-chez-nous\\\/\",\"name\":\"Travailler chez nous - Novotek Switzerland\",\"isPartOf\":{\"@id\":\"https:\\\/\\\/www.novotek.com\\\/ch\\\/#website\"},\"primaryImageOfPage\":{\"@id\":\"https:\\\/\\\/www.novotek.com\\\/ch\\\/fr\\\/prsentation\\\/travailler-chez-nous\\\/#primaryimage\"},\"image\":{\"@id\":\"https:\\\/\\\/www.novotek.com\\\/ch\\\/fr\\\/prsentation\\\/travailler-chez-nous\\\/#primaryimage\"},\"thumbnailUrl\":\"https:\\\/\\\/www.novotek.com\\\/ch\\\/wp-content\\\/uploads\\\/sites\\\/3\\\/arbeite-bei-uns-novotek-1.jpg.webp\",\"datePublished\":\"2023-03-17T14:54:22+00:00\",\"dateModified\":\"2025-05-19T12:45:00+00:00\",\"description\":\"L\u2019engagement et la loyaut\u00e9 de nos collaborateurs ont toujours \u00e9t\u00e9 au c\u0153ur de Novotek et constituent une condition pr\u00e9alable \u00e0 notre succ\u00e8s.\",\"breadcrumb\":{\"@id\":\"https:\\\/\\\/www.novotek.com\\\/ch\\\/fr\\\/prsentation\\\/travailler-chez-nous\\\/#breadcrumb\"},\"inLanguage\":\"fr-CH\",\"potentialAction\":[{\"@type\":\"ReadAction\",\"target\":[\"https:\\\/\\\/www.novotek.com\\\/ch\\\/fr\\\/prsentation\\\/travailler-chez-nous\\\/\"]}]},{\"@type\":\"ImageObject\",\"inLanguage\":\"fr-CH\",\"@id\":\"https:\\\/\\\/www.novotek.com\\\/ch\\\/fr\\\/prsentation\\\/travailler-chez-nous\\\/#primaryimage\",\"url\":\"https:\\\/\\\/www.novotek.com\\\/ch\\\/wp-content\\\/uploads\\\/sites\\\/3\\\/arbeite-bei-uns-novotek-1.jpg.webp\",\"contentUrl\":\"https:\\\/\\\/www.novotek.com\\\/ch\\\/wp-content\\\/uploads\\\/sites\\\/3\\\/arbeite-bei-uns-novotek-1.jpg.webp\",\"width\":1920,\"height\":600},{\"@type\":\"BreadcrumbList\",\"@id\":\"https:\\\/\\\/www.novotek.com\\\/ch\\\/fr\\\/prsentation\\\/travailler-chez-nous\\\/#breadcrumb\",\"itemListElement\":[{\"@type\":\"ListItem\",\"position\":1,\"name\":\"Home\",\"item\":\"https:\\\/\\\/www.novotek.com\\\/ch\\\/fr\\\/\"},{\"@type\":\"ListItem\",\"position\":2,\"name\":\"Novotek Switzerland\",\"item\":\"https:\\\/\\\/www.novotek.com\\\/ch\\\/fr\\\/prsentation\\\/\"},{\"@type\":\"ListItem\",\"position\":3,\"name\":\"Travailler chez nous\"}]},{\"@type\":\"WebSite\",\"@id\":\"https:\\\/\\\/www.novotek.com\\\/ch\\\/#website\",\"url\":\"https:\\\/\\\/www.novotek.com\\\/ch\\\/\",\"name\":\"Novotek Switzerland AG\",\"description\":\"Connect - Digitalize - Optimize\",\"publisher\":{\"@id\":\"https:\\\/\\\/www.novotek.com\\\/ch\\\/#organization\"},\"potentialAction\":[{\"@type\":\"SearchAction\",\"target\":{\"@type\":\"EntryPoint\",\"urlTemplate\":\"https:\\\/\\\/www.novotek.com\\\/ch\\\/?s={search_term_string}\"},\"query-input\":{\"@type\":\"PropertyValueSpecification\",\"valueRequired\":true,\"valueName\":\"search_term_string\"}}],\"inLanguage\":\"fr-CH\"},{\"@type\":\"Organization\",\"@id\":\"https:\\\/\\\/www.novotek.com\\\/ch\\\/#organization\",\"name\":\"Novotek Switzerland AG\",\"url\":\"https:\\\/\\\/www.novotek.com\\\/ch\\\/\",\"logo\":{\"@type\":\"ImageObject\",\"inLanguage\":\"fr-CH\",\"@id\":\"https:\\\/\\\/www.novotek.com\\\/ch\\\/#\\\/schema\\\/logo\\\/image\\\/\",\"url\":\"https:\\\/\\\/www.novotek.com\\\/ch\\\/wp-content\\\/uploads\\\/sites\\\/3\\\/novotek-symbol-rgb-pos-white-border-512x512-1.png\",\"contentUrl\":\"https:\\\/\\\/www.novotek.com\\\/ch\\\/wp-content\\\/uploads\\\/sites\\\/3\\\/novotek-symbol-rgb-pos-white-border-512x512-1.png\",\"width\":512,\"height\":512,\"caption\":\"Novotek Switzerland AG\"},\"image\":{\"@id\":\"https:\\\/\\\/www.novotek.com\\\/ch\\\/#\\\/schema\\\/logo\\\/image\\\/\"}}]}<\/script>\n<!-- \/ Yoast SEO plugin. -->","yoast_head_json":{"title":"Travailler chez nous - Novotek Switzerland","description":"L\u2019engagement et la loyaut\u00e9 de nos collaborateurs ont toujours \u00e9t\u00e9 au c\u0153ur de Novotek et constituent une condition pr\u00e9alable \u00e0 notre succ\u00e8s.","robots":{"index":"index","follow":"follow","max-snippet":"max-snippet:-1","max-image-preview":"max-image-preview:large","max-video-preview":"max-video-preview:-1"},"canonical":"https:\/\/www.novotek.com\/ch\/fr\/prsentation\/travailler-chez-nous\/","og_locale":"fr_FR","og_type":"article","og_title":"Travailler chez nous - Novotek Switzerland","og_description":"L\u2019engagement et la loyaut\u00e9 de nos collaborateurs ont toujours \u00e9t\u00e9 au c\u0153ur de Novotek et constituent une condition pr\u00e9alable \u00e0 notre succ\u00e8s.","og_url":"https:\/\/www.novotek.com\/ch\/fr\/prsentation\/travailler-chez-nous\/","og_site_name":"Novotek CH","article_modified_time":"2025-05-19T12:45:00+00:00","og_image":[{"width":1920,"height":600,"url":"https:\/\/www.novotek.com\/ch\/wp-content\/uploads\/sites\/3\/arbeite-bei-uns-novotek-1.jpg.webp","type":"image\/jpeg"}],"twitter_card":"summary_large_image","twitter_misc":{"Est. reading time":"2 minutes"},"schema":{"@context":"https:\/\/schema.org","@graph":[{"@type":"WebPage","@id":"https:\/\/www.novotek.com\/ch\/fr\/prsentation\/travailler-chez-nous\/","url":"https:\/\/www.novotek.com\/ch\/fr\/prsentation\/travailler-chez-nous\/","name":"Travailler chez nous - Novotek Switzerland","isPartOf":{"@id":"https:\/\/www.novotek.com\/ch\/#website"},"primaryImageOfPage":{"@id":"https:\/\/www.novotek.com\/ch\/fr\/prsentation\/travailler-chez-nous\/#primaryimage"},"image":{"@id":"https:\/\/www.novotek.com\/ch\/fr\/prsentation\/travailler-chez-nous\/#primaryimage"},"thumbnailUrl":"https:\/\/www.novotek.com\/ch\/wp-content\/uploads\/sites\/3\/arbeite-bei-uns-novotek-1.jpg.webp","datePublished":"2023-03-17T14:54:22+00:00","dateModified":"2025-05-19T12:45:00+00:00","description":"L\u2019engagement et la loyaut\u00e9 de nos collaborateurs ont toujours \u00e9t\u00e9 au c\u0153ur de Novotek et constituent une condition pr\u00e9alable \u00e0 notre succ\u00e8s.","breadcrumb":{"@id":"https:\/\/www.novotek.com\/ch\/fr\/prsentation\/travailler-chez-nous\/#breadcrumb"},"inLanguage":"fr-CH","potentialAction":[{"@type":"ReadAction","target":["https:\/\/www.novotek.com\/ch\/fr\/prsentation\/travailler-chez-nous\/"]}]},{"@type":"ImageObject","inLanguage":"fr-CH","@id":"https:\/\/www.novotek.com\/ch\/fr\/prsentation\/travailler-chez-nous\/#primaryimage","url":"https:\/\/www.novotek.com\/ch\/wp-content\/uploads\/sites\/3\/arbeite-bei-uns-novotek-1.jpg.webp","contentUrl":"https:\/\/www.novotek.com\/ch\/wp-content\/uploads\/sites\/3\/arbeite-bei-uns-novotek-1.jpg.webp","width":1920,"height":600},{"@type":"BreadcrumbList","@id":"https:\/\/www.novotek.com\/ch\/fr\/prsentation\/travailler-chez-nous\/#breadcrumb","itemListElement":[{"@type":"ListItem","position":1,"name":"Home","item":"https:\/\/www.novotek.com\/ch\/fr\/"},{"@type":"ListItem","position":2,"name":"Novotek Switzerland","item":"https:\/\/www.novotek.com\/ch\/fr\/prsentation\/"},{"@type":"ListItem","position":3,"name":"Travailler chez nous"}]},{"@type":"WebSite","@id":"https:\/\/www.novotek.com\/ch\/#website","url":"https:\/\/www.novotek.com\/ch\/","name":"Novotek Switzerland AG","description":"Connect - Digitalize - Optimize","publisher":{"@id":"https:\/\/www.novotek.com\/ch\/#organization"},"potentialAction":[{"@type":"SearchAction","target":{"@type":"EntryPoint","urlTemplate":"https:\/\/www.novotek.com\/ch\/?s={search_term_string}"},"query-input":{"@type":"PropertyValueSpecification","valueRequired":true,"valueName":"search_term_string"}}],"inLanguage":"fr-CH"},{"@type":"Organization","@id":"https:\/\/www.novotek.com\/ch\/#organization","name":"Novotek Switzerland AG","url":"https:\/\/www.novotek.com\/ch\/","logo":{"@type":"ImageObject","inLanguage":"fr-CH","@id":"https:\/\/www.novotek.com\/ch\/#\/schema\/logo\/image\/","url":"https:\/\/www.novotek.com\/ch\/wp-content\/uploads\/sites\/3\/novotek-symbol-rgb-pos-white-border-512x512-1.png","contentUrl":"https:\/\/www.novotek.com\/ch\/wp-content\/uploads\/sites\/3\/novotek-symbol-rgb-pos-white-border-512x512-1.png","width":512,"height":512,"caption":"Novotek Switzerland AG"},"image":{"@id":"https:\/\/www.novotek.com\/ch\/#\/schema\/logo\/image\/"}}]}},"_links":{"self":[{"href":"https:\/\/www.novotek.com\/ch\/fr\/wp-json\/wp\/v2\/pages\/15708","targetHints":{"allow":["GET"]}}],"collection":[{"href":"https:\/\/www.novotek.com\/ch\/fr\/wp-json\/wp\/v2\/pages"}],"about":[{"href":"https:\/\/www.novotek.com\/ch\/fr\/wp-json\/wp\/v2\/types\/page"}],"author":[{"embeddable":true,"href":"https:\/\/www.novotek.com\/ch\/fr\/wp-json\/wp\/v2\/users\/35"}],"replies":[{"embeddable":true,"href":"https:\/\/www.novotek.com\/ch\/fr\/wp-json\/wp\/v2\/comments?post=15708"}],"version-history":[{"count":11,"href":"https:\/\/www.novotek.com\/ch\/fr\/wp-json\/wp\/v2\/pages\/15708\/revisions"}],"predecessor-version":[{"id":26053,"href":"https:\/\/www.novotek.com\/ch\/fr\/wp-json\/wp\/v2\/pages\/15708\/revisions\/26053"}],"up":[{"embeddable":true,"href":"https:\/\/www.novotek.com\/ch\/fr\/wp-json\/wp\/v2\/pages\/13559"}],"wp:featuredmedia":[{"embeddable":true,"href":"https:\/\/www.novotek.com\/ch\/fr\/wp-json\/wp\/v2\/media\/16809"}],"wp:attachment":[{"href":"https:\/\/www.novotek.com\/ch\/fr\/wp-json\/wp\/v2\/media?parent=15708"}],"curies":[{"name":"wp","href":"https:\/\/api.w.org\/{rel}","templated":true}]}}