{"id":15940,"date":"2023-03-30T13:36:49","date_gmt":"2023-03-30T13:36:49","guid":{"rendered":"https:\/\/www.novotek.com\/ch\/connectivit\/cogent-datahub\/"},"modified":"2023-03-30T13:39:57","modified_gmt":"2023-03-30T13:39:57","slug":"cogent-datahub","status":"publish","type":"page","link":"https:\/\/www.novotek.com\/ch\/fr\/connectivit\/cogent-datahub\/","title":{"rendered":"Cogent DataHub"},"content":{"rendered":"  <div class=\"hero\">\n    <div class=\"carousel hero-slider small\" data-flickity data-flickity-options='{\"prevNextButtons\": false}'>\n              <div class=\"carousel-cell\">\n          <div class=\"container\">\n            <div class=\"hero-content\">\n                              <h1><span class=\"EOP SCXW60802968 BCX9\" data-ccp-props=\"{&quot;201341983&quot;:0,&quot;335559740&quot;:259}\">Cogent DataHub <\/span><\/h1>\n<p>Cogent DataHub est un intergiciel, qui \u00e9tablit des connexions entre syst\u00e8mes \u00e0 l\u2019aide de protocoles standard, tels qu\u2019OPC, Modbus, MQTT ou ODBC. Il a \u00e9t\u00e9 sp\u00e9cialement con\u00e7u pour une mise en r\u00e9seau s\u00e9curis\u00e9e avec des ports de pare-feu ferm\u00e9s et pour des redondances de serveurs OPC.<\/p>\n              \n                          <\/div>\n          <\/div>\n\n          <img decoding=\"async\" width=\"1024\" height=\"682\" src=\"https:\/\/www.novotek.com\/ch\/wp-content\/uploads\/sites\/3\/global-network-concept-photo-1024x682.jpg.webp\" class=\"hero-bg\" alt=\"Hero Img\" fetchpriority=\"high\" srcset=\"https:\/\/www.novotek.com\/ch\/wp-content\/uploads\/sites\/3\/global-network-concept-photo-1024x682.jpg.webp 1024w, https:\/\/www.novotek.com\/ch\/wp-content\/uploads\/sites\/3\/global-network-concept-photo-300x200.jpg.webp 300w, https:\/\/www.novotek.com\/ch\/wp-content\/uploads\/sites\/3\/global-network-concept-photo-768x511.jpg.webp 768w, https:\/\/www.novotek.com\/ch\/wp-content\/uploads\/sites\/3\/global-network-concept-photo.jpg.webp 1256w\" sizes=\"(max-width: 1024px) 100vw, 1024px\" \/>                  <\/div>\n          <\/div>\n\n      <\/div>\n\n   \n\n\n<div class=\"container-md paragraph  \">\n<p>Avec l\u2019intergiciel Cogent DataHub, acc\u00e9dez de mani\u00e8re rapide, fiable et s\u00e9curis\u00e9e, \u00e0 des donn\u00e9es pr\u00e9cieuses issues de processus industriels ou de syst\u00e8mes embarqu\u00e9s. L\u2019intergiciel prend en charge diff\u00e9rents protocoles de communication, l\u2019archivage de donn\u00e9es historiques, et il offre en outre la possibilit\u00e9 d\u2019une redondance. Le langage de script int\u00e9gr\u00e9 et l\u2019API gratuite r\u00e9pondent \u00e0 pratiquement toutes les exigences de connectivit\u00e9 des donn\u00e9es en temps r\u00e9el.<\/p>\n<\/div>\n\n<div class=\"container-md embed  \">\n<figure class=\"wp-block-embed is-type-video is-provider-youtube wp-block-embed-youtube wp-embed-aspect-16-9 wp-has-aspect-ratio\"><div class=\"wp-block-embed__wrapper\">\n<iframe loading=\"lazy\" title=\"Skkynet DataHub IoT Gateway\" width=\"1440\" height=\"810\" src=\"https:\/\/www.youtube.com\/embed\/5g7NaIw9pyg?start=21&#038;feature=oembed\" frameborder=\"0\" allow=\"accelerometer; autoplay; clipboard-write; encrypted-media; gyroscope; picture-in-picture; web-share\" allowfullscreen><\/iframe>\n<\/div><\/figure>\n<\/div>\n\n<div class=\"container-md spacer  \">\n<div style=\"height:30px\" aria-hidden=\"true\" class=\"wp-block-spacer\"><\/div>\n<\/div>\n\n<div class=\"container-md heading  \">\n<h2 class=\"wp-block-heading\" id=\"al-meer-dan-20-jaar-ervaring-in-veilige-communicatie\">Communication s\u00e9curis\u00e9e en temps r\u00e9el, transparente et bidirectionnelle<\/h2>\n<\/div>\n\n<div class=\"container-md paragraph  \">\n<p>Pour envoyer et recevoir des donn\u00e9es en temps r\u00e9el via un LAN, un WAN ou via Internet, l\u2019intergiciel Cogent DataHub utilise le protocole de transfert DataHub (DHTP). Bas\u00e9 \u00e0 l\u2019origine sur HTTP, le protocole DHTP prend \u00e9galement en charge les protocoles SSL et WebSocket. Depuis plus de 20 ans, le protocole est en constant perfectionnement.<\/p>\n<\/div>\n\n<div class=\"container-md paragraph  \">\n<p>Vous pouvez ainsi \u00e9tablir des connexions bidirectionnelles en temps r\u00e9el vers OPC UA ou vers des clients et des serveurs classiques.<\/p>\n<\/div>\n\n<div class=\"wp-block-image\"><div class=\"container-md image  aligncenter\">\n<figure class=\"aligncenter size-full\"><img loading=\"lazy\" decoding=\"async\" width=\"600\" height=\"600\" src=\"https:\/\/www.novotek.com\/ch\/wp-content\/uploads\/sites\/3\/cogent-datahub-600x600-1.jpg\" alt=\"Diagramme Cogent DataHub\" class=\"wp-image-10236\" srcset=\"https:\/\/www.novotek.com\/ch\/wp-content\/uploads\/sites\/3\/cogent-datahub-600x600-1.jpg 600w, https:\/\/www.novotek.com\/ch\/wp-content\/uploads\/sites\/3\/cogent-datahub-600x600-1-300x300.jpg 300w, https:\/\/www.novotek.com\/ch\/wp-content\/uploads\/sites\/3\/cogent-datahub-600x600-1-150x150.jpg 150w\" sizes=\"auto, (max-width: 600px) 100vw, 600px\" \/><\/figure>\n<\/div><\/div>\n\n<div class=\"container-md paragraph  \">\n<p>Avec la capacit\u00e9 de traiter plus de 50 000 modifications de points de donn\u00e9es par seconde, dot\u00e9 d\u2019un puissant outil de script pour l\u2019adaptation et la prise en charge de plusieurs langues, le Cogent DataHub pose de nouveaux jalons sur le plan de la flexibilit\u00e9 et de la convivialit\u00e9.<\/p>\n<\/div>\n\n<div class=\"container-md spacer  \">\n<div style=\"height:35px\" aria-hidden=\"true\" class=\"wp-block-spacer\"><\/div>\n<\/div>\n\n<div class=\"container media-text  \">\n<div class=\"wp-block-media-text alignwide has-media-on-the-right is-stacked-on-mobile\" style=\"grid-template-columns:auto 40%\"><div class=\"wp-block-media-text__content\"><div class=\"container-md heading  \">\n<h3 class=\"wp-block-heading\">DataHub IoT Gateway<\/h3>\n<\/div>\n\n<div class=\"container-md paragraph  \">\n<p>La passerelle DataHub IoT Gateway\u2122 transf\u00e8re des donn\u00e9es industrielles OPC UA et OPC DA en temps r\u00e9el directement vers un Manufacturing Execution System (MES), des clouds d\u2019p\u00e9riph\u00e9riques ou des plateformes d\u2019analyse de big data. Elle connecte des clients et des serveurs OPC UA et OPC DA (Classic) \u00e0 n\u2019importe quel courtier MQTT, y compris Azure, Google et Amazon IoT.<\/p>\n<\/div><\/div><figure class=\"wp-block-media-text__media\"><img loading=\"lazy\" decoding=\"async\" width=\"609\" height=\"375\" src=\"https:\/\/www.novotek.com\/ch\/wp-content\/uploads\/sites\/3\/Cogent-DataHub-IoT-Gateway-e1661153162576.jpg\" alt=\"Cogent-DataHub IoT Gateway\" class=\"wp-image-10258 size-full\" srcset=\"https:\/\/www.novotek.com\/ch\/wp-content\/uploads\/sites\/3\/Cogent-DataHub-IoT-Gateway-e1661153162576.jpg 609w, https:\/\/www.novotek.com\/ch\/wp-content\/uploads\/sites\/3\/Cogent-DataHub-IoT-Gateway-e1661153162576-300x185.jpg 300w\" sizes=\"auto, (max-width: 609px) 100vw, 609px\" \/><\/figure><\/div>\n<\/div>\n\n<div class=\"container-md spacer  \">\n<div style=\"height:50px\" aria-hidden=\"true\" class=\"wp-block-spacer\"><\/div>\n<\/div>\n\n<div class=\"container-md heading  \">\n<h3 class=\"wp-block-heading\">DataHub OPC Gateway pour les donn\u00e9es (DA) et les alarmes et \u00e9v\u00e9nements (A&amp;E)<\/h3>\n<\/div>\n\n<div class=\"container-md image  \">\n<figure class=\"wp-block-image size-full is-resized\"><img loading=\"lazy\" decoding=\"async\" src=\"https:\/\/www.novotek.com\/ch\/wp-content\/uploads\/sites\/3\/Cogent-DataHub-OPC-Gateway-e1661153184391.png\" alt=\"Cogent-DataHub-OPC-Gateway\" class=\"wp-image-10262\" width=\"402\" height=\"140\" srcset=\"https:\/\/www.novotek.com\/ch\/wp-content\/uploads\/sites\/3\/Cogent-DataHub-OPC-Gateway-e1661153184391.png 803w, https:\/\/www.novotek.com\/ch\/wp-content\/uploads\/sites\/3\/Cogent-DataHub-OPC-Gateway-e1661153184391-300x104.png 300w, https:\/\/www.novotek.com\/ch\/wp-content\/uploads\/sites\/3\/Cogent-DataHub-OPC-Gateway-e1661153184391-768x267.png 768w\" sizes=\"auto, (max-width: 402px) 100vw, 402px\" \/><\/figure>\n<\/div>\n\n<div class=\"container-md paragraph  \">\n<p>Pour convertir du Classic OPC DA ou OPC A&amp;E en OPC UA ou inversement. L\u2019un des principaux avantages de l\u2019utilisation de la passerelle DataHub OPC Gateway est que le mod\u00e8le de donn\u00e9es demeure intact, contrairement aux autres passerelles UA\/DA. La hi\u00e9rarchie compl\u00e8te des donn\u00e9es est repr\u00e9sent\u00e9e de mani\u00e8re fid\u00e8le \u00e0 l\u2019original.<\/p>\n<\/div>\n\n<div class=\"container-md spacer  \">\n<div style=\"height:50px\" aria-hidden=\"true\" class=\"wp-block-spacer\"><\/div>\n<\/div>\n\n<div class=\"container-md heading  \">\n<h3 class=\"wp-block-heading\">DataHub Tunneling<\/h3>\n<\/div>\n\n<div class=\"container-md image  \">\n<figure class=\"wp-block-image size-full is-resized\"><img loading=\"lazy\" decoding=\"async\" src=\"https:\/\/www.novotek.com\/ch\/wp-content\/uploads\/sites\/3\/Cogent-DataHub-Tunneling-e1661159073921.png\" alt=\"Cogent-DataHub-Tunneling\" class=\"wp-image-10266\" width=\"385\" height=\"142\" srcset=\"https:\/\/www.novotek.com\/ch\/wp-content\/uploads\/sites\/3\/Cogent-DataHub-Tunneling-e1661159073921.png 769w, https:\/\/www.novotek.com\/ch\/wp-content\/uploads\/sites\/3\/Cogent-DataHub-Tunneling-e1661159073921-300x110.png 300w\" sizes=\"auto, (max-width: 385px) 100vw, 385px\" \/><\/figure>\n<\/div>\n\n<div class=\"container-md paragraph  \">\n<p>L\u2019intergiciel Cogent DataHub est une solution unique en son genre, qui diffuse des donn\u00e9es de processus en toute s\u00e9curit\u00e9, sans avoir \u00e0 ouvrir de ports de pare-feu. Vous pouvez ainsi envoyer des donn\u00e9es, de mani\u00e8re transparente et s\u00e9curis\u00e9e, depuis l\u2019usine ou depuis une machine vers une autre application. Le moyen le plus simple, le plus fiable et le plus s\u00fbr pour une mise en r\u00e9seau OPC DA. Il n\u2019y a aucun probl\u00e8me de DCOM, aucun d\u00e9passement de temps, l\u2019intergiciel prend en charge les proxys et peut \u00e9galement \u00eatre configur\u00e9 comme proxy pour plus de s\u00e9curit\u00e9.<\/p>\n<\/div>\n\n<div class=\"container-md spacer  \">\n<div style=\"height:50px\" aria-hidden=\"true\" class=\"wp-block-spacer\"><\/div>\n<\/div>\n\n<div class=\"container-md heading  \">\n<h3 class=\"wp-block-heading\">DataHub Logger<\/h3>\n<\/div>\n\n<div class=\"container-md image  \">\n<figure class=\"wp-block-image size-full is-resized\"><img loading=\"lazy\" decoding=\"async\" src=\"https:\/\/www.novotek.com\/ch\/wp-content\/uploads\/sites\/3\/Cogent-DataHub_Logger-e1661166048457.png\" alt=\"Cogent-DataHub_Logger\" class=\"wp-image-10270\" width=\"398\" height=\"103\" srcset=\"https:\/\/www.novotek.com\/ch\/wp-content\/uploads\/sites\/3\/Cogent-DataHub_Logger-e1661166048457.png 795w, https:\/\/www.novotek.com\/ch\/wp-content\/uploads\/sites\/3\/Cogent-DataHub_Logger-e1661166048457-300x77.png 300w, https:\/\/www.novotek.com\/ch\/wp-content\/uploads\/sites\/3\/Cogent-DataHub_Logger-e1661166048457-768x198.png 768w\" sizes=\"auto, (max-width: 398px) 100vw, 398px\" \/><\/figure>\n<\/div>\n\n<div class=\"container-md paragraph  \">\n<p>Pour enregistrer ou r\u00e9cup\u00e9rer vos donn\u00e9es OPC dans SQL, MySQL, Oracle ou toute autre base de donn\u00e9es compatible ODBC.<\/p>\n<\/div>\n\n<div class=\"container-md spacer  \">\n<div style=\"height:16px\" aria-hidden=\"true\" class=\"wp-block-spacer\"><\/div>\n<\/div>\n\n<div class=\"container-md paragraph  aligncenter\">\n<p class=\"has-text-align-center\"><a href=\"https:\/\/cogentdatahub.com\/\"><strong>Vous trouverez de plus amples informations \u00e0 ce sujet sur le site Internet de Cogent DataHub<\/strong><\/a>.<\/p>\n<\/div>\n\n<div class=\"container-md spacer  \">\n<div style=\"height:100px\" aria-hidden=\"true\" class=\"wp-block-spacer\"><\/div>\n<\/div>","protected":false},"excerpt":{"rendered":"<p>Avec l\u2019intergiciel Cogent DataHub, acc\u00e9dez de mani\u00e8re rapide, fiable et s\u00e9curis\u00e9e, \u00e0 des donn\u00e9es pr\u00e9cieuses issues de processus industriels ou de syst\u00e8mes embarqu\u00e9s. L\u2019intergiciel prend en charge diff\u00e9rents protocoles de communication, l\u2019archivage de donn\u00e9es historiques, et il offre en outre la possibilit\u00e9 d\u2019une redondance. Le langage de script int\u00e9gr\u00e9 et l\u2019API gratuite r\u00e9pondent \u00e0 pratiquement [&hellip;]<\/p>\n","protected":false},"author":14,"featured_media":0,"parent":13633,"menu_order":3,"comment_status":"closed","ping_status":"closed","template":"","meta":{"_acf_changed":false,"_relevanssi_hide_post":"","_relevanssi_pin_for_all":"","_relevanssi_pin_keywords":"","_relevanssi_unpin_keywords":"","_relevanssi_related_keywords":"","_relevanssi_related_include_ids":"","_relevanssi_related_exclude_ids":"","_relevanssi_related_no_append":"","_relevanssi_related_not_related":"","_relevanssi_related_posts":"13571,13573,13567,13565,15710,15439","_relevanssi_noindex_reason":"","content-type":"","footnotes":""},"class_list":["post-15940","page","type-page","status-publish","hentry"],"acf":[],"yoast_head":"<!-- This site is optimized with the Yoast SEO plugin v27.4 - https:\/\/yoast.com\/product\/yoast-seo-wordpress\/ -->\n<title>Cogent DataHub - Novotek CH<\/title>\n<meta name=\"description\" content=\"DataHub est un intergiciel, qui permet d\u2019\u00e9tablir des connexions s\u00e9curis\u00e9es en temps r\u00e9el \u00e0 l\u2019aide de protocoles standard, tels qu\u2019OPC, Modbus, MQTT ou autres.\" \/>\n<meta name=\"robots\" content=\"index, follow, max-snippet:-1, max-image-preview:large, max-video-preview:-1\" \/>\n<link rel=\"canonical\" href=\"https:\/\/www.novotek.com\/ch\/fr\/connectivit\/cogent-datahub\/\" \/>\n<meta property=\"og:locale\" content=\"fr_FR\" \/>\n<meta property=\"og:type\" content=\"article\" \/>\n<meta property=\"og:title\" content=\"Cogent DataHub - Novotek CH\" \/>\n<meta property=\"og:description\" content=\"DataHub est un intergiciel, qui permet d\u2019\u00e9tablir des connexions s\u00e9curis\u00e9es en temps r\u00e9el \u00e0 l\u2019aide de protocoles standard, tels qu\u2019OPC, Modbus, MQTT ou autres.\" \/>\n<meta property=\"og:url\" content=\"https:\/\/www.novotek.com\/ch\/fr\/connectivit\/cogent-datahub\/\" \/>\n<meta property=\"og:site_name\" content=\"Novotek CH\" \/>\n<meta property=\"article:modified_time\" content=\"2023-03-30T13:39:57+00:00\" \/>\n<meta property=\"og:image\" content=\"https:\/\/www.novotek.com\/ch\/wp-content\/uploads\/sites\/3\/cogent-datahub-600x600-1.jpg\" \/>\n<meta name=\"twitter:card\" content=\"summary_large_image\" \/>\n<meta name=\"twitter:label1\" content=\"Est. reading time\" \/>\n\t<meta name=\"twitter:data1\" content=\"4 minutes\" \/>\n<script type=\"application\/ld+json\" class=\"yoast-schema-graph\">{\"@context\":\"https:\\\/\\\/schema.org\",\"@graph\":[{\"@type\":\"WebPage\",\"@id\":\"https:\\\/\\\/www.novotek.com\\\/ch\\\/fr\\\/connectivit\\\/cogent-datahub\\\/\",\"url\":\"https:\\\/\\\/www.novotek.com\\\/ch\\\/fr\\\/connectivit\\\/cogent-datahub\\\/\",\"name\":\"Cogent DataHub - Novotek CH\",\"isPartOf\":{\"@id\":\"https:\\\/\\\/www.novotek.com\\\/ch\\\/#website\"},\"primaryImageOfPage\":{\"@id\":\"https:\\\/\\\/www.novotek.com\\\/ch\\\/fr\\\/connectivit\\\/cogent-datahub\\\/#primaryimage\"},\"image\":{\"@id\":\"https:\\\/\\\/www.novotek.com\\\/ch\\\/fr\\\/connectivit\\\/cogent-datahub\\\/#primaryimage\"},\"thumbnailUrl\":\"https:\\\/\\\/www.novotek.com\\\/ch\\\/wp-content\\\/uploads\\\/sites\\\/3\\\/cogent-datahub-600x600-1.jpg\",\"datePublished\":\"2023-03-30T13:36:49+00:00\",\"dateModified\":\"2023-03-30T13:39:57+00:00\",\"description\":\"DataHub est un intergiciel, qui permet d\u2019\u00e9tablir des connexions s\u00e9curis\u00e9es en temps r\u00e9el \u00e0 l\u2019aide de protocoles standard, tels qu\u2019OPC, Modbus, MQTT ou autres.\",\"breadcrumb\":{\"@id\":\"https:\\\/\\\/www.novotek.com\\\/ch\\\/fr\\\/connectivit\\\/cogent-datahub\\\/#breadcrumb\"},\"inLanguage\":\"fr-CH\",\"potentialAction\":[{\"@type\":\"ReadAction\",\"target\":[\"https:\\\/\\\/www.novotek.com\\\/ch\\\/fr\\\/connectivit\\\/cogent-datahub\\\/\"]}]},{\"@type\":\"ImageObject\",\"inLanguage\":\"fr-CH\",\"@id\":\"https:\\\/\\\/www.novotek.com\\\/ch\\\/fr\\\/connectivit\\\/cogent-datahub\\\/#primaryimage\",\"url\":\"https:\\\/\\\/www.novotek.com\\\/ch\\\/wp-content\\\/uploads\\\/sites\\\/3\\\/cogent-datahub-600x600-1.jpg\",\"contentUrl\":\"https:\\\/\\\/www.novotek.com\\\/ch\\\/wp-content\\\/uploads\\\/sites\\\/3\\\/cogent-datahub-600x600-1.jpg\"},{\"@type\":\"BreadcrumbList\",\"@id\":\"https:\\\/\\\/www.novotek.com\\\/ch\\\/fr\\\/connectivit\\\/cogent-datahub\\\/#breadcrumb\",\"itemListElement\":[{\"@type\":\"ListItem\",\"position\":1,\"name\":\"Home\",\"item\":\"https:\\\/\\\/www.novotek.com\\\/ch\\\/fr\\\/\"},{\"@type\":\"ListItem\",\"position\":2,\"name\":\"Connectivit&eacute;\",\"item\":\"https:\\\/\\\/www.novotek.com\\\/ch\\\/fr\\\/connectivit\\\/\"},{\"@type\":\"ListItem\",\"position\":3,\"name\":\"Cogent DataHub\"}]},{\"@type\":\"WebSite\",\"@id\":\"https:\\\/\\\/www.novotek.com\\\/ch\\\/#website\",\"url\":\"https:\\\/\\\/www.novotek.com\\\/ch\\\/\",\"name\":\"Novotek Switzerland AG\",\"description\":\"Connect - Digitalize - Optimize\",\"publisher\":{\"@id\":\"https:\\\/\\\/www.novotek.com\\\/ch\\\/#organization\"},\"potentialAction\":[{\"@type\":\"SearchAction\",\"target\":{\"@type\":\"EntryPoint\",\"urlTemplate\":\"https:\\\/\\\/www.novotek.com\\\/ch\\\/?s={search_term_string}\"},\"query-input\":{\"@type\":\"PropertyValueSpecification\",\"valueRequired\":true,\"valueName\":\"search_term_string\"}}],\"inLanguage\":\"fr-CH\"},{\"@type\":\"Organization\",\"@id\":\"https:\\\/\\\/www.novotek.com\\\/ch\\\/#organization\",\"name\":\"Novotek Switzerland AG\",\"url\":\"https:\\\/\\\/www.novotek.com\\\/ch\\\/\",\"logo\":{\"@type\":\"ImageObject\",\"inLanguage\":\"fr-CH\",\"@id\":\"https:\\\/\\\/www.novotek.com\\\/ch\\\/#\\\/schema\\\/logo\\\/image\\\/\",\"url\":\"https:\\\/\\\/www.novotek.com\\\/ch\\\/wp-content\\\/uploads\\\/sites\\\/3\\\/novotek-symbol-rgb-pos-white-border-512x512-1.png\",\"contentUrl\":\"https:\\\/\\\/www.novotek.com\\\/ch\\\/wp-content\\\/uploads\\\/sites\\\/3\\\/novotek-symbol-rgb-pos-white-border-512x512-1.png\",\"width\":512,\"height\":512,\"caption\":\"Novotek Switzerland AG\"},\"image\":{\"@id\":\"https:\\\/\\\/www.novotek.com\\\/ch\\\/#\\\/schema\\\/logo\\\/image\\\/\"}}]}<\/script>\n<!-- \/ Yoast SEO plugin. -->","yoast_head_json":{"title":"Cogent DataHub - Novotek CH","description":"DataHub est un intergiciel, qui permet d\u2019\u00e9tablir des connexions s\u00e9curis\u00e9es en temps r\u00e9el \u00e0 l\u2019aide de protocoles standard, tels qu\u2019OPC, Modbus, MQTT ou autres.","robots":{"index":"index","follow":"follow","max-snippet":"max-snippet:-1","max-image-preview":"max-image-preview:large","max-video-preview":"max-video-preview:-1"},"canonical":"https:\/\/www.novotek.com\/ch\/fr\/connectivit\/cogent-datahub\/","og_locale":"fr_FR","og_type":"article","og_title":"Cogent DataHub - Novotek CH","og_description":"DataHub est un intergiciel, qui permet d\u2019\u00e9tablir des connexions s\u00e9curis\u00e9es en temps r\u00e9el \u00e0 l\u2019aide de protocoles standard, tels qu\u2019OPC, Modbus, MQTT ou autres.","og_url":"https:\/\/www.novotek.com\/ch\/fr\/connectivit\/cogent-datahub\/","og_site_name":"Novotek CH","article_modified_time":"2023-03-30T13:39:57+00:00","og_image":[{"url":"https:\/\/www.novotek.com\/ch\/wp-content\/uploads\/sites\/3\/cogent-datahub-600x600-1.jpg","type":"","width":"","height":""}],"twitter_card":"summary_large_image","twitter_misc":{"Est. reading time":"4 minutes"},"schema":{"@context":"https:\/\/schema.org","@graph":[{"@type":"WebPage","@id":"https:\/\/www.novotek.com\/ch\/fr\/connectivit\/cogent-datahub\/","url":"https:\/\/www.novotek.com\/ch\/fr\/connectivit\/cogent-datahub\/","name":"Cogent DataHub - Novotek CH","isPartOf":{"@id":"https:\/\/www.novotek.com\/ch\/#website"},"primaryImageOfPage":{"@id":"https:\/\/www.novotek.com\/ch\/fr\/connectivit\/cogent-datahub\/#primaryimage"},"image":{"@id":"https:\/\/www.novotek.com\/ch\/fr\/connectivit\/cogent-datahub\/#primaryimage"},"thumbnailUrl":"https:\/\/www.novotek.com\/ch\/wp-content\/uploads\/sites\/3\/cogent-datahub-600x600-1.jpg","datePublished":"2023-03-30T13:36:49+00:00","dateModified":"2023-03-30T13:39:57+00:00","description":"DataHub est un intergiciel, qui permet d\u2019\u00e9tablir des connexions s\u00e9curis\u00e9es en temps r\u00e9el \u00e0 l\u2019aide de protocoles standard, tels qu\u2019OPC, Modbus, MQTT ou autres.","breadcrumb":{"@id":"https:\/\/www.novotek.com\/ch\/fr\/connectivit\/cogent-datahub\/#breadcrumb"},"inLanguage":"fr-CH","potentialAction":[{"@type":"ReadAction","target":["https:\/\/www.novotek.com\/ch\/fr\/connectivit\/cogent-datahub\/"]}]},{"@type":"ImageObject","inLanguage":"fr-CH","@id":"https:\/\/www.novotek.com\/ch\/fr\/connectivit\/cogent-datahub\/#primaryimage","url":"https:\/\/www.novotek.com\/ch\/wp-content\/uploads\/sites\/3\/cogent-datahub-600x600-1.jpg","contentUrl":"https:\/\/www.novotek.com\/ch\/wp-content\/uploads\/sites\/3\/cogent-datahub-600x600-1.jpg"},{"@type":"BreadcrumbList","@id":"https:\/\/www.novotek.com\/ch\/fr\/connectivit\/cogent-datahub\/#breadcrumb","itemListElement":[{"@type":"ListItem","position":1,"name":"Home","item":"https:\/\/www.novotek.com\/ch\/fr\/"},{"@type":"ListItem","position":2,"name":"Connectivit&eacute;","item":"https:\/\/www.novotek.com\/ch\/fr\/connectivit\/"},{"@type":"ListItem","position":3,"name":"Cogent DataHub"}]},{"@type":"WebSite","@id":"https:\/\/www.novotek.com\/ch\/#website","url":"https:\/\/www.novotek.com\/ch\/","name":"Novotek Switzerland AG","description":"Connect - Digitalize - Optimize","publisher":{"@id":"https:\/\/www.novotek.com\/ch\/#organization"},"potentialAction":[{"@type":"SearchAction","target":{"@type":"EntryPoint","urlTemplate":"https:\/\/www.novotek.com\/ch\/?s={search_term_string}"},"query-input":{"@type":"PropertyValueSpecification","valueRequired":true,"valueName":"search_term_string"}}],"inLanguage":"fr-CH"},{"@type":"Organization","@id":"https:\/\/www.novotek.com\/ch\/#organization","name":"Novotek Switzerland AG","url":"https:\/\/www.novotek.com\/ch\/","logo":{"@type":"ImageObject","inLanguage":"fr-CH","@id":"https:\/\/www.novotek.com\/ch\/#\/schema\/logo\/image\/","url":"https:\/\/www.novotek.com\/ch\/wp-content\/uploads\/sites\/3\/novotek-symbol-rgb-pos-white-border-512x512-1.png","contentUrl":"https:\/\/www.novotek.com\/ch\/wp-content\/uploads\/sites\/3\/novotek-symbol-rgb-pos-white-border-512x512-1.png","width":512,"height":512,"caption":"Novotek Switzerland AG"},"image":{"@id":"https:\/\/www.novotek.com\/ch\/#\/schema\/logo\/image\/"}}]}},"_links":{"self":[{"href":"https:\/\/www.novotek.com\/ch\/fr\/wp-json\/wp\/v2\/pages\/15940","targetHints":{"allow":["GET"]}}],"collection":[{"href":"https:\/\/www.novotek.com\/ch\/fr\/wp-json\/wp\/v2\/pages"}],"about":[{"href":"https:\/\/www.novotek.com\/ch\/fr\/wp-json\/wp\/v2\/types\/page"}],"author":[{"embeddable":true,"href":"https:\/\/www.novotek.com\/ch\/fr\/wp-json\/wp\/v2\/users\/14"}],"replies":[{"embeddable":true,"href":"https:\/\/www.novotek.com\/ch\/fr\/wp-json\/wp\/v2\/comments?post=15940"}],"version-history":[{"count":3,"href":"https:\/\/www.novotek.com\/ch\/fr\/wp-json\/wp\/v2\/pages\/15940\/revisions"}],"predecessor-version":[{"id":15944,"href":"https:\/\/www.novotek.com\/ch\/fr\/wp-json\/wp\/v2\/pages\/15940\/revisions\/15944"}],"up":[{"embeddable":true,"href":"https:\/\/www.novotek.com\/ch\/fr\/wp-json\/wp\/v2\/pages\/13633"}],"wp:attachment":[{"href":"https:\/\/www.novotek.com\/ch\/fr\/wp-json\/wp\/v2\/media?parent=15940"}],"curies":[{"name":"wp","href":"https:\/\/api.w.org\/{rel}","templated":true}]}}