{"id":17253,"date":"2023-07-25T12:55:06","date_gmt":"2023-07-25T12:55:06","guid":{"rendered":"https:\/\/www.novotek.com\/ch\/gestion-des-versions\/octoplant\/no-fatalism-in-manufacturing\/"},"modified":"2023-07-25T13:01:20","modified_gmt":"2023-07-25T13:01:20","slug":"no-fatalism-in-manufacturing","status":"publish","type":"page","link":"https:\/\/www.novotek.com\/ch\/fr\/gestion-des-versions\/octoplant\/no-fatalism-in-manufacturing\/","title":{"rendered":"NO FATALISM IN MANUFACTURING"},"content":{"rendered":"<div class=\"container-md group  alignfull\">\n<div class=\"wp-block-group alignfull\"><div class=\"wp-block-group__inner-container is-layout-flow wp-block-group-is-layout-flow\"><div class=\"container-md columns  \">\n<div class=\"wp-block-columns is-layout-flex wp-container-core-columns-is-layout-9d6595d7 wp-block-columns-is-layout-flex\"><div class=\"container-md column  \">\n<div class=\"wp-block-column is-layout-flow wp-block-column-is-layout-flow\" style=\"flex-basis:650px\"><div class=\"container-md spacer  \">\n<div style=\"height:20px\" aria-hidden=\"true\" class=\"wp-block-spacer\"><\/div>\n<\/div>\n\n<div class=\"container-md heading  \">\n<h1 class=\"wp-block-heading has-text-color has-extra-small-font-size\" style=\"color:#000000\">NO FATALISM IN MANUFACTURING<\/h1>\n<\/div>\n\n<div class=\"container-md spacer  \">\n<div style=\"height:50px\" aria-hidden=\"true\" class=\"wp-block-spacer\"><\/div>\n<\/div>\n\n<div class=\"container-md paragraph  \">\n<p>Les temps dans la production automatis\u00e9e sont marqu\u00e9s par des turbulences. C&#8217;est pourquoi les experts d&#8217;AUVESY-MDT se sont mis \u00e0 la recherche de v\u00e9rit\u00e9s statistiques actuelles en collaboration avec l&#8217;\u00e9quipe de recherche de Statista. Les r\u00e9sultats sont r\u00e9sum\u00e9s dans le livre blanc &#8220;Pas de fatalisme dans la production&#8221;. Il est destin\u00e9 \u00e0 aider les d\u00e9cideurs \u00e0 d\u00e9finir leurs priorit\u00e9s strat\u00e9giques.<\/p>\n<\/div>\n\n<div class=\"container-md spacer  \">\n<div style=\"height:30px\" aria-hidden=\"true\" class=\"wp-block-spacer\"><\/div>\n<\/div>\n\n<div class=\"container-md paragraph  \">\n<p>Pour \u00eatre bien arm\u00e9 en cas de crise, il ne doit pas toujours s&#8217;agir de projets informatiques gigantesques. L&#8217;important est et reste d&#8217;identifier pr\u00e9cis\u00e9ment o\u00f9 se situent les d\u00e9fis concrets.<\/p>\n<\/div>\n\n<div class=\"container-md paragraph  \">\n<p>Utilisez \u00e9galement toutes les informations du livre blanc pour vous pr\u00e9parer aux discussions internes \u00e0 l&#8217;entreprise.<\/p>\n<\/div>\n\n<div class=\"container-md spacer  \">\n<div style=\"height:30px\" aria-hidden=\"true\" class=\"wp-block-spacer\"><\/div>\n<\/div>\n\n<div class=\"container-md image  \">\n<figure class=\"wp-block-image size-full\"><img loading=\"lazy\" decoding=\"async\" width=\"900\" height=\"521\" src=\"https:\/\/www.novotek.com\/ch\/wp-content\/uploads\/sites\/3\/kein-fatalismus-produktion.jpg\" alt=\"\" class=\"wp-image-14871\" srcset=\"https:\/\/www.novotek.com\/ch\/wp-content\/uploads\/sites\/3\/kein-fatalismus-produktion.jpg 900w, https:\/\/www.novotek.com\/ch\/wp-content\/uploads\/sites\/3\/kein-fatalismus-produktion-300x174.jpg 300w, https:\/\/www.novotek.com\/ch\/wp-content\/uploads\/sites\/3\/kein-fatalismus-produktion-768x445.jpg 768w\" sizes=\"auto, (max-width: 900px) 100vw, 900px\" \/><\/figure>\n<\/div>\n\n<div class=\"container-md spacer  \">\n<div style=\"height:50px\" aria-hidden=\"true\" class=\"wp-block-spacer\"><\/div>\n<\/div><\/div>\n<\/div>\n\n<div class=\"container-md column  \">\n<div class=\"wp-block-column is-layout-flow wp-block-column-is-layout-flow\" style=\"flex-basis:30px\"><\/div>\n<\/div>\n\n<div class=\"container-md column  \">\n<div class=\"wp-block-column is-layout-flow wp-block-column-is-layout-flow\" style=\"flex-basis:450px\"><div class=\"container-md spacer  \">\n<div style=\"height:150px\" aria-hidden=\"true\" class=\"wp-block-spacer\"><\/div>\n<\/div>\n\n<div class=\"container-md heading  \">\n<h2 class=\"wp-block-heading has-medium-font-size\" id=\"h-livre-blanc-gratuit-remplir-le-formulaire-et-le-telecharger\">Livre blanc gratuit : remplir le formulaire et le t\u00e9l\u00e9charger<\/h2>\n<\/div>\n\n<div class=\"container-md spacer  \">\n<div style=\"height:20px\" aria-hidden=\"true\" class=\"wp-block-spacer\"><\/div>\n<\/div>\n\n<div class=\"container-md hubspot-form-block  \">\n<div class=\"wp-block-leadin-hubspot-form-block\">\n\t\t\t\t\t\t<script>\n\t\t\t\t\t\t\twindow.hsFormsOnReady = window.hsFormsOnReady || [];\n\t\t\t\t\t\t\twindow.hsFormsOnReady.push(()=>{\n\t\t\t\t\t\t\t\thbspt.forms.create({\n\t\t\t\t\t\t\t\t\tportalId: 1877088,\n\t\t\t\t\t\t\t\t\tformId: \"41cc775a-7f4e-4f50-ae3c-c5ffc1b00a82\",\n\t\t\t\t\t\t\t\t\ttarget: \"#hbspt-form-1777652454000-6143358012\",\n\t\t\t\t\t\t\t\t\tregion: \"na1\",\n\t\t\t\t\t\t\t\t\t\n\t\t\t\t\t\t\t})});\n\t\t\t\t\t\t<\/script>\n\t\t\t\t\t\t<div class=\"hbspt-form\" id=\"hbspt-form-1777652454000-6143358012\"><\/div><\/div>\n<\/div>\n\n<div class=\"container-md spacer  \">\n<div style=\"height:30px\" aria-hidden=\"true\" class=\"wp-block-spacer\"><\/div>\n<\/div>\n\n<div class=\"container-md list  \">\n<ul class=\"wp-block-list\"><div class=\"container-md list-item  \">\n<li>10 pages<\/li>\n<\/div>\n\n<div class=\"container-md list-item  \">\n<li>allemand\/anglais<\/li>\n<\/div>\n\n<div class=\"container-md list-item  \">\n<li><em>Auteur: AUVESY-MDT &amp; statista<\/em><\/li>\n<\/div><\/ul>\n<\/div><\/div>\n<\/div><\/div>\n<\/div><\/div>\n<\/div><\/div>","protected":false},"excerpt":{"rendered":"<p>Les temps dans la production automatis\u00e9e sont marqu\u00e9s par des turbulences. C&#8217;est pourquoi les experts d&#8217;AUVESY-MDT se sont mis en qu\u00eate de v\u00e9rit\u00e9s statistiques actuelles en collaboration avec l&#8217;\u00e9quipe de recherche de Statista.<\/p>\n","protected":false},"author":35,"featured_media":14873,"parent":13653,"menu_order":0,"comment_status":"closed","ping_status":"closed","template":"","meta":{"_acf_changed":false,"_relevanssi_hide_post":"","_relevanssi_pin_for_all":"","_relevanssi_pin_keywords":"","_relevanssi_unpin_keywords":"","_relevanssi_related_keywords":"","_relevanssi_related_include_ids":"","_relevanssi_related_exclude_ids":"","_relevanssi_related_no_append":"","_relevanssi_related_not_related":"","_relevanssi_related_posts":"10065,12409,15710,15439,16073,16946","_relevanssi_noindex_reason":"","content-type":"","footnotes":""},"class_list":["post-17253","page","type-page","status-publish","has-post-thumbnail","hentry"],"acf":[],"yoast_head":"<!-- This site is optimized with the Yoast SEO plugin v27.5 - https:\/\/yoast.com\/product\/yoast-seo-wordpress\/ -->\n<title>NO FATALISM IN MANUFACTURING - Novotek Switzerland<\/title>\n<meta name=\"description\" content=\"Les temps dans la production automatis\u00e9e sont marqu\u00e9s par des turbulences. Le livre blanc se base sur les statistiques d&#039;AUVESY-MDT &amp; Statista.\" \/>\n<meta name=\"robots\" content=\"index, follow, max-snippet:-1, max-image-preview:large, max-video-preview:-1\" \/>\n<link rel=\"canonical\" href=\"https:\/\/www.novotek.com\/ch\/fr\/gestion-des-versions\/octoplant\/no-fatalism-in-manufacturing\/\" \/>\n<meta property=\"og:locale\" content=\"fr_FR\" \/>\n<meta property=\"og:type\" content=\"article\" \/>\n<meta property=\"og:title\" content=\"NO FATALISM IN MANUFACTURING - Novotek Switzerland\" \/>\n<meta property=\"og:description\" content=\"Les temps dans la production automatis\u00e9e sont marqu\u00e9s par des turbulences. Le livre blanc se base sur les statistiques d&#039;AUVESY-MDT &amp; Statista.\" \/>\n<meta property=\"og:url\" content=\"https:\/\/www.novotek.com\/ch\/fr\/gestion-des-versions\/octoplant\/no-fatalism-in-manufacturing\/\" \/>\n<meta property=\"og:site_name\" content=\"Novotek CH\" \/>\n<meta property=\"article:modified_time\" content=\"2023-07-25T13:01:20+00:00\" \/>\n<meta property=\"og:image\" content=\"https:\/\/www.novotek.com\/ch\/wp-content\/uploads\/sites\/3\/kein-fatalismus-produktion.jpg\" \/>\n\t<meta property=\"og:image:width\" content=\"900\" \/>\n\t<meta property=\"og:image:height\" content=\"521\" \/>\n\t<meta property=\"og:image:type\" content=\"image\/jpeg\" \/>\n<meta name=\"twitter:card\" content=\"summary_large_image\" \/>\n<meta name=\"twitter:label1\" content=\"Est. reading time\" \/>\n\t<meta name=\"twitter:data1\" content=\"1 minute\" \/>\n<script type=\"application\/ld+json\" class=\"yoast-schema-graph\">{\"@context\":\"https:\\\/\\\/schema.org\",\"@graph\":[{\"@type\":\"WebPage\",\"@id\":\"https:\\\/\\\/www.novotek.com\\\/ch\\\/fr\\\/gestion-des-versions\\\/octoplant\\\/no-fatalism-in-manufacturing\\\/\",\"url\":\"https:\\\/\\\/www.novotek.com\\\/ch\\\/fr\\\/gestion-des-versions\\\/octoplant\\\/no-fatalism-in-manufacturing\\\/\",\"name\":\"NO FATALISM IN MANUFACTURING - Novotek Switzerland\",\"isPartOf\":{\"@id\":\"https:\\\/\\\/www.novotek.com\\\/ch\\\/#website\"},\"primaryImageOfPage\":{\"@id\":\"https:\\\/\\\/www.novotek.com\\\/ch\\\/fr\\\/gestion-des-versions\\\/octoplant\\\/no-fatalism-in-manufacturing\\\/#primaryimage\"},\"image\":{\"@id\":\"https:\\\/\\\/www.novotek.com\\\/ch\\\/fr\\\/gestion-des-versions\\\/octoplant\\\/no-fatalism-in-manufacturing\\\/#primaryimage\"},\"thumbnailUrl\":\"https:\\\/\\\/www.novotek.com\\\/ch\\\/wp-content\\\/uploads\\\/sites\\\/3\\\/kein-fatalismus-produktion.jpg.webp\",\"datePublished\":\"2023-07-25T12:55:06+00:00\",\"dateModified\":\"2023-07-25T13:01:20+00:00\",\"description\":\"Les temps dans la production automatis\u00e9e sont marqu\u00e9s par des turbulences. Le livre blanc se base sur les statistiques d'AUVESY-MDT & Statista.\",\"breadcrumb\":{\"@id\":\"https:\\\/\\\/www.novotek.com\\\/ch\\\/fr\\\/gestion-des-versions\\\/octoplant\\\/no-fatalism-in-manufacturing\\\/#breadcrumb\"},\"inLanguage\":\"fr-CH\",\"potentialAction\":[{\"@type\":\"ReadAction\",\"target\":[\"https:\\\/\\\/www.novotek.com\\\/ch\\\/fr\\\/gestion-des-versions\\\/octoplant\\\/no-fatalism-in-manufacturing\\\/\"]}]},{\"@type\":\"ImageObject\",\"inLanguage\":\"fr-CH\",\"@id\":\"https:\\\/\\\/www.novotek.com\\\/ch\\\/fr\\\/gestion-des-versions\\\/octoplant\\\/no-fatalism-in-manufacturing\\\/#primaryimage\",\"url\":\"https:\\\/\\\/www.novotek.com\\\/ch\\\/wp-content\\\/uploads\\\/sites\\\/3\\\/kein-fatalismus-produktion.jpg.webp\",\"contentUrl\":\"https:\\\/\\\/www.novotek.com\\\/ch\\\/wp-content\\\/uploads\\\/sites\\\/3\\\/kein-fatalismus-produktion.jpg.webp\",\"width\":900,\"height\":521},{\"@type\":\"BreadcrumbList\",\"@id\":\"https:\\\/\\\/www.novotek.com\\\/ch\\\/fr\\\/gestion-des-versions\\\/octoplant\\\/no-fatalism-in-manufacturing\\\/#breadcrumb\",\"itemListElement\":[{\"@type\":\"ListItem\",\"position\":1,\"name\":\"Home\",\"item\":\"https:\\\/\\\/www.novotek.com\\\/ch\\\/fr\\\/\"},{\"@type\":\"ListItem\",\"position\":2,\"name\":\"Gestion des versions\",\"item\":\"https:\\\/\\\/www.novotek.com\\\/ch\\\/fr\\\/gestion-des-versions\\\/\"},{\"@type\":\"ListItem\",\"position\":3,\"name\":\"Octoplant AMDT\",\"item\":\"https:\\\/\\\/www.novotek.com\\\/ch\\\/fr\\\/gestion-des-versions\\\/octoplant\\\/\"},{\"@type\":\"ListItem\",\"position\":4,\"name\":\"NO FATALISM IN MANUFACTURING\"}]},{\"@type\":\"WebSite\",\"@id\":\"https:\\\/\\\/www.novotek.com\\\/ch\\\/#website\",\"url\":\"https:\\\/\\\/www.novotek.com\\\/ch\\\/\",\"name\":\"Novotek Switzerland AG\",\"description\":\"Connect - Digitalize - Optimize\",\"publisher\":{\"@id\":\"https:\\\/\\\/www.novotek.com\\\/ch\\\/#organization\"},\"potentialAction\":[{\"@type\":\"SearchAction\",\"target\":{\"@type\":\"EntryPoint\",\"urlTemplate\":\"https:\\\/\\\/www.novotek.com\\\/ch\\\/?s={search_term_string}\"},\"query-input\":{\"@type\":\"PropertyValueSpecification\",\"valueRequired\":true,\"valueName\":\"search_term_string\"}}],\"inLanguage\":\"fr-CH\"},{\"@type\":\"Organization\",\"@id\":\"https:\\\/\\\/www.novotek.com\\\/ch\\\/#organization\",\"name\":\"Novotek Switzerland AG\",\"url\":\"https:\\\/\\\/www.novotek.com\\\/ch\\\/\",\"logo\":{\"@type\":\"ImageObject\",\"inLanguage\":\"fr-CH\",\"@id\":\"https:\\\/\\\/www.novotek.com\\\/ch\\\/#\\\/schema\\\/logo\\\/image\\\/\",\"url\":\"https:\\\/\\\/www.novotek.com\\\/ch\\\/wp-content\\\/uploads\\\/sites\\\/3\\\/novotek-symbol-rgb-pos-white-border-512x512-1.png\",\"contentUrl\":\"https:\\\/\\\/www.novotek.com\\\/ch\\\/wp-content\\\/uploads\\\/sites\\\/3\\\/novotek-symbol-rgb-pos-white-border-512x512-1.png\",\"width\":512,\"height\":512,\"caption\":\"Novotek Switzerland AG\"},\"image\":{\"@id\":\"https:\\\/\\\/www.novotek.com\\\/ch\\\/#\\\/schema\\\/logo\\\/image\\\/\"}}]}<\/script>\n<!-- \/ Yoast SEO plugin. -->","yoast_head_json":{"title":"NO FATALISM IN MANUFACTURING - Novotek Switzerland","description":"Les temps dans la production automatis\u00e9e sont marqu\u00e9s par des turbulences. Le livre blanc se base sur les statistiques d'AUVESY-MDT & Statista.","robots":{"index":"index","follow":"follow","max-snippet":"max-snippet:-1","max-image-preview":"max-image-preview:large","max-video-preview":"max-video-preview:-1"},"canonical":"https:\/\/www.novotek.com\/ch\/fr\/gestion-des-versions\/octoplant\/no-fatalism-in-manufacturing\/","og_locale":"fr_FR","og_type":"article","og_title":"NO FATALISM IN MANUFACTURING - Novotek Switzerland","og_description":"Les temps dans la production automatis\u00e9e sont marqu\u00e9s par des turbulences. Le livre blanc se base sur les statistiques d'AUVESY-MDT & Statista.","og_url":"https:\/\/www.novotek.com\/ch\/fr\/gestion-des-versions\/octoplant\/no-fatalism-in-manufacturing\/","og_site_name":"Novotek CH","article_modified_time":"2023-07-25T13:01:20+00:00","og_image":[{"width":900,"height":521,"url":"https:\/\/www.novotek.com\/ch\/wp-content\/uploads\/sites\/3\/kein-fatalismus-produktion.jpg","type":"image\/jpeg"}],"twitter_card":"summary_large_image","twitter_misc":{"Est. reading time":"1 minute"},"schema":{"@context":"https:\/\/schema.org","@graph":[{"@type":"WebPage","@id":"https:\/\/www.novotek.com\/ch\/fr\/gestion-des-versions\/octoplant\/no-fatalism-in-manufacturing\/","url":"https:\/\/www.novotek.com\/ch\/fr\/gestion-des-versions\/octoplant\/no-fatalism-in-manufacturing\/","name":"NO FATALISM IN MANUFACTURING - Novotek Switzerland","isPartOf":{"@id":"https:\/\/www.novotek.com\/ch\/#website"},"primaryImageOfPage":{"@id":"https:\/\/www.novotek.com\/ch\/fr\/gestion-des-versions\/octoplant\/no-fatalism-in-manufacturing\/#primaryimage"},"image":{"@id":"https:\/\/www.novotek.com\/ch\/fr\/gestion-des-versions\/octoplant\/no-fatalism-in-manufacturing\/#primaryimage"},"thumbnailUrl":"https:\/\/www.novotek.com\/ch\/wp-content\/uploads\/sites\/3\/kein-fatalismus-produktion.jpg.webp","datePublished":"2023-07-25T12:55:06+00:00","dateModified":"2023-07-25T13:01:20+00:00","description":"Les temps dans la production automatis\u00e9e sont marqu\u00e9s par des turbulences. Le livre blanc se base sur les statistiques d'AUVESY-MDT & Statista.","breadcrumb":{"@id":"https:\/\/www.novotek.com\/ch\/fr\/gestion-des-versions\/octoplant\/no-fatalism-in-manufacturing\/#breadcrumb"},"inLanguage":"fr-CH","potentialAction":[{"@type":"ReadAction","target":["https:\/\/www.novotek.com\/ch\/fr\/gestion-des-versions\/octoplant\/no-fatalism-in-manufacturing\/"]}]},{"@type":"ImageObject","inLanguage":"fr-CH","@id":"https:\/\/www.novotek.com\/ch\/fr\/gestion-des-versions\/octoplant\/no-fatalism-in-manufacturing\/#primaryimage","url":"https:\/\/www.novotek.com\/ch\/wp-content\/uploads\/sites\/3\/kein-fatalismus-produktion.jpg.webp","contentUrl":"https:\/\/www.novotek.com\/ch\/wp-content\/uploads\/sites\/3\/kein-fatalismus-produktion.jpg.webp","width":900,"height":521},{"@type":"BreadcrumbList","@id":"https:\/\/www.novotek.com\/ch\/fr\/gestion-des-versions\/octoplant\/no-fatalism-in-manufacturing\/#breadcrumb","itemListElement":[{"@type":"ListItem","position":1,"name":"Home","item":"https:\/\/www.novotek.com\/ch\/fr\/"},{"@type":"ListItem","position":2,"name":"Gestion des versions","item":"https:\/\/www.novotek.com\/ch\/fr\/gestion-des-versions\/"},{"@type":"ListItem","position":3,"name":"Octoplant AMDT","item":"https:\/\/www.novotek.com\/ch\/fr\/gestion-des-versions\/octoplant\/"},{"@type":"ListItem","position":4,"name":"NO FATALISM IN MANUFACTURING"}]},{"@type":"WebSite","@id":"https:\/\/www.novotek.com\/ch\/#website","url":"https:\/\/www.novotek.com\/ch\/","name":"Novotek Switzerland AG","description":"Connect - Digitalize - Optimize","publisher":{"@id":"https:\/\/www.novotek.com\/ch\/#organization"},"potentialAction":[{"@type":"SearchAction","target":{"@type":"EntryPoint","urlTemplate":"https:\/\/www.novotek.com\/ch\/?s={search_term_string}"},"query-input":{"@type":"PropertyValueSpecification","valueRequired":true,"valueName":"search_term_string"}}],"inLanguage":"fr-CH"},{"@type":"Organization","@id":"https:\/\/www.novotek.com\/ch\/#organization","name":"Novotek Switzerland AG","url":"https:\/\/www.novotek.com\/ch\/","logo":{"@type":"ImageObject","inLanguage":"fr-CH","@id":"https:\/\/www.novotek.com\/ch\/#\/schema\/logo\/image\/","url":"https:\/\/www.novotek.com\/ch\/wp-content\/uploads\/sites\/3\/novotek-symbol-rgb-pos-white-border-512x512-1.png","contentUrl":"https:\/\/www.novotek.com\/ch\/wp-content\/uploads\/sites\/3\/novotek-symbol-rgb-pos-white-border-512x512-1.png","width":512,"height":512,"caption":"Novotek Switzerland AG"},"image":{"@id":"https:\/\/www.novotek.com\/ch\/#\/schema\/logo\/image\/"}}]}},"_links":{"self":[{"href":"https:\/\/www.novotek.com\/ch\/fr\/wp-json\/wp\/v2\/pages\/17253","targetHints":{"allow":["GET"]}}],"collection":[{"href":"https:\/\/www.novotek.com\/ch\/fr\/wp-json\/wp\/v2\/pages"}],"about":[{"href":"https:\/\/www.novotek.com\/ch\/fr\/wp-json\/wp\/v2\/types\/page"}],"author":[{"embeddable":true,"href":"https:\/\/www.novotek.com\/ch\/fr\/wp-json\/wp\/v2\/users\/35"}],"replies":[{"embeddable":true,"href":"https:\/\/www.novotek.com\/ch\/fr\/wp-json\/wp\/v2\/comments?post=17253"}],"version-history":[{"count":4,"href":"https:\/\/www.novotek.com\/ch\/fr\/wp-json\/wp\/v2\/pages\/17253\/revisions"}],"predecessor-version":[{"id":17263,"href":"https:\/\/www.novotek.com\/ch\/fr\/wp-json\/wp\/v2\/pages\/17253\/revisions\/17263"}],"up":[{"embeddable":true,"href":"https:\/\/www.novotek.com\/ch\/fr\/wp-json\/wp\/v2\/pages\/13653"}],"wp:featuredmedia":[{"embeddable":true,"href":"https:\/\/www.novotek.com\/ch\/fr\/wp-json\/wp\/v2\/media\/14873"}],"wp:attachment":[{"href":"https:\/\/www.novotek.com\/ch\/fr\/wp-json\/wp\/v2\/media?parent=17253"}],"curies":[{"name":"wp","href":"https:\/\/api.w.org\/{rel}","templated":true}]}}