{"id":21076,"date":"2024-06-21T11:07:43","date_gmt":"2024-06-21T11:07:43","guid":{"rendered":"https:\/\/www.novotek.com\/ch\/nous-vous-remercions-pour-votre-message\/"},"modified":"2024-06-21T11:41:41","modified_gmt":"2024-06-21T11:41:41","slug":"danke","status":"publish","type":"page","link":"https:\/\/www.novotek.com\/ch\/fr\/danke\/","title":{"rendered":"Nous vous remercions pour votre message."},"content":{"rendered":"<div class=\"container-md spacer  \">\n<div style=\"height:100px\" aria-hidden=\"true\" class=\"wp-block-spacer\"><\/div>\n<\/div>\n\n<div class=\"container media-text  alignwide\">\n<div class=\"wp-block-media-text alignwide has-media-on-the-right is-stacked-on-mobile is-vertically-aligned-top\" style=\"grid-template-columns:auto 20%\"><div class=\"wp-block-media-text__content\"><div class=\"container-md heading  \">\n<h1 class=\"wp-block-heading\">Nous vous remercions pour votre message.<\/h1>\n<\/div>\n\n<div class=\"container-md paragraph  \">\n<p>Nous sommes heureux que vous souhaitiez nous contacter et nous vous r\u00e9pondrons d\u00e8s que possible.<\/p>\n<\/div><\/div><figure class=\"wp-block-media-text__media\"><img loading=\"lazy\" decoding=\"async\" width=\"500\" height=\"500\" src=\"https:\/\/www.novotek.com\/ch\/wp-content\/uploads\/sites\/3\/mail-erhalten-icon.png\" alt=\"\" class=\"wp-image-21055 size-full\" srcset=\"https:\/\/www.novotek.com\/ch\/wp-content\/uploads\/sites\/3\/mail-erhalten-icon.png 500w, https:\/\/www.novotek.com\/ch\/wp-content\/uploads\/sites\/3\/mail-erhalten-icon-300x300.png 300w, https:\/\/www.novotek.com\/ch\/wp-content\/uploads\/sites\/3\/mail-erhalten-icon-150x150.png 150w, https:\/\/www.novotek.com\/ch\/wp-content\/uploads\/sites\/3\/mail-erhalten-icon-86x86.png 86w, https:\/\/www.novotek.com\/ch\/wp-content\/uploads\/sites\/3\/mail-erhalten-icon-306x306.png 306w\" sizes=\"auto, (max-width: 500px) 100vw, 500px\" \/><\/figure><\/div>\n<\/div>\n\n<div class=\"container-md spacer  \">\n<div style=\"height:100px\" aria-hidden=\"true\" class=\"wp-block-spacer\"><\/div>\n<\/div>\n\n<div class=\"container-md heading  alignwide\">\n<h4 class=\"wp-block-heading alignwide\">En attendant, faites plus ample connaissance avec nous sur LinkedIn.<\/h4>\n<\/div>\n\n<div class=\"container-md columns  alignwide\">\n<div class=\"wp-block-columns alignwide is-layout-flex wp-container-core-columns-is-layout-9d6595d7 wp-block-columns-is-layout-flex\"><div class=\"container-md column  \">\n<div class=\"wp-block-column is-layout-flow wp-block-column-is-layout-flow\"><div class=\"wp-block-image\"><div class=\"container-md image  aligncenter\">\n<figure class=\"aligncenter size-full is-resized\"><img loading=\"lazy\" decoding=\"async\" width=\"2250\" height=\"2250\" src=\"https:\/\/www.novotek.com\/ch\/wp-content\/uploads\/sites\/3\/Circular_picture_on_speakers-Remo-Ingold-Novotek.jpg.webp\" alt=\"\" class=\"wp-image-18521\" style=\"object-fit:cover;width:120px;height:120px\" srcset=\"https:\/\/www.novotek.com\/ch\/wp-content\/uploads\/sites\/3\/Circular_picture_on_speakers-Remo-Ingold-Novotek.jpg 2250w, https:\/\/www.novotek.com\/ch\/wp-content\/uploads\/sites\/3\/Circular_picture_on_speakers-Remo-Ingold-Novotek-300x300.jpg 300w, https:\/\/www.novotek.com\/ch\/wp-content\/uploads\/sites\/3\/Circular_picture_on_speakers-Remo-Ingold-Novotek-1024x1024.jpg 1024w, https:\/\/www.novotek.com\/ch\/wp-content\/uploads\/sites\/3\/Circular_picture_on_speakers-Remo-Ingold-Novotek-150x150.jpg 150w, https:\/\/www.novotek.com\/ch\/wp-content\/uploads\/sites\/3\/Circular_picture_on_speakers-Remo-Ingold-Novotek-768x768.jpg 768w, https:\/\/www.novotek.com\/ch\/wp-content\/uploads\/sites\/3\/Circular_picture_on_speakers-Remo-Ingold-Novotek-1536x1536.jpg 1536w, https:\/\/www.novotek.com\/ch\/wp-content\/uploads\/sites\/3\/Circular_picture_on_speakers-Remo-Ingold-Novotek-2048x2048.jpg 2048w\" sizes=\"auto, (max-width: 2250px) 100vw, 2250px\" \/><\/figure>\n<\/div><\/div>\n\n<div class=\"container-md paragraph  aligncenter\">\n<p class=\"has-text-align-center has-text-color has-link-color wp-elements-e66379814388222dac76637c90c778d7\" style=\"color:#ab192d\"><a href=\"https:\/\/www.linkedin.com\/in\/remo-ingold\/\" target=\"_blank\" rel=\"noreferrer noopener\"><strong>LinkedIn   &gt;<\/strong><\/a><\/p>\n<\/div>\n\n<div class=\"container-md paragraph  aligncenter\">\n<p class=\"has-text-align-center\"><strong>Remo Ingold<\/strong><br><em>Managing Director<\/em><\/p>\n<\/div><\/div>\n<\/div>\n\n<div class=\"container-md column  \">\n<div class=\"wp-block-column is-layout-flow wp-block-column-is-layout-flow\"><div class=\"wp-block-image\"><div class=\"container-md image  aligncenter\">\n<figure class=\"aligncenter size-full is-resized\"><img loading=\"lazy\" decoding=\"async\" width=\"2250\" height=\"2250\" src=\"https:\/\/www.novotek.com\/ch\/wp-content\/uploads\/sites\/3\/Circular_picture_on_speakers-Patrik-Zeder-Novotek.jpg\" alt=\"\" class=\"wp-image-18525\" style=\"object-fit:cover;width:120px;height:120px\" srcset=\"https:\/\/www.novotek.com\/ch\/wp-content\/uploads\/sites\/3\/Circular_picture_on_speakers-Patrik-Zeder-Novotek.jpg 2250w, https:\/\/www.novotek.com\/ch\/wp-content\/uploads\/sites\/3\/Circular_picture_on_speakers-Patrik-Zeder-Novotek-300x300.jpg 300w, https:\/\/www.novotek.com\/ch\/wp-content\/uploads\/sites\/3\/Circular_picture_on_speakers-Patrik-Zeder-Novotek-1024x1024.jpg 1024w, https:\/\/www.novotek.com\/ch\/wp-content\/uploads\/sites\/3\/Circular_picture_on_speakers-Patrik-Zeder-Novotek-150x150.jpg 150w, https:\/\/www.novotek.com\/ch\/wp-content\/uploads\/sites\/3\/Circular_picture_on_speakers-Patrik-Zeder-Novotek-768x768.jpg 768w, https:\/\/www.novotek.com\/ch\/wp-content\/uploads\/sites\/3\/Circular_picture_on_speakers-Patrik-Zeder-Novotek-1536x1536.jpg 1536w, https:\/\/www.novotek.com\/ch\/wp-content\/uploads\/sites\/3\/Circular_picture_on_speakers-Patrik-Zeder-Novotek-2048x2048.jpg 2048w\" sizes=\"auto, (max-width: 2250px) 100vw, 2250px\" \/><\/figure>\n<\/div><\/div>\n\n<div class=\"container-md paragraph  aligncenter\">\n<p class=\"has-text-align-center has-text-color has-link-color wp-elements-9c4e374e78486baf20d182e6f522a56e\" style=\"color:#ab192d\"><a href=\"https:\/\/www.linkedin.com\/in\/patrikzeder\/\" target=\"_blank\" rel=\"noreferrer noopener\"><strong>LinkedIn   &gt;<\/strong><\/a><\/p>\n<\/div>\n\n<div class=\"container-md paragraph  aligncenter\">\n<p class=\"has-text-align-center\"><strong>Patrik Zeder<\/strong><br><em>Sales Manager<\/em><\/p>\n<\/div><\/div>\n<\/div>\n\n<div class=\"container-md column  \">\n<div class=\"wp-block-column is-layout-flow wp-block-column-is-layout-flow\"><div class=\"wp-block-image\"><div class=\"container-md image  aligncenter\">\n<figure class=\"aligncenter size-full is-resized\"><img loading=\"lazy\" decoding=\"async\" width=\"2250\" height=\"2250\" src=\"https:\/\/www.novotek.com\/ch\/wp-content\/uploads\/sites\/3\/Circular_picture_on_speakers-Lauro-Favaro-Novotek.jpg.webp\" alt=\"\" class=\"wp-image-21022\" style=\"object-fit:cover;width:120px;height:120px\" srcset=\"https:\/\/www.novotek.com\/ch\/wp-content\/uploads\/sites\/3\/Circular_picture_on_speakers-Lauro-Favaro-Novotek.jpg 2250w, https:\/\/www.novotek.com\/ch\/wp-content\/uploads\/sites\/3\/Circular_picture_on_speakers-Lauro-Favaro-Novotek-300x300.jpg 300w, https:\/\/www.novotek.com\/ch\/wp-content\/uploads\/sites\/3\/Circular_picture_on_speakers-Lauro-Favaro-Novotek-1024x1024.jpg 1024w, https:\/\/www.novotek.com\/ch\/wp-content\/uploads\/sites\/3\/Circular_picture_on_speakers-Lauro-Favaro-Novotek-150x150.jpg 150w, https:\/\/www.novotek.com\/ch\/wp-content\/uploads\/sites\/3\/Circular_picture_on_speakers-Lauro-Favaro-Novotek-768x768.jpg 768w, https:\/\/www.novotek.com\/ch\/wp-content\/uploads\/sites\/3\/Circular_picture_on_speakers-Lauro-Favaro-Novotek-1536x1536.jpg 1536w, https:\/\/www.novotek.com\/ch\/wp-content\/uploads\/sites\/3\/Circular_picture_on_speakers-Lauro-Favaro-Novotek-2048x2048.jpg 2048w, https:\/\/www.novotek.com\/ch\/wp-content\/uploads\/sites\/3\/Circular_picture_on_speakers-Lauro-Favaro-Novotek-86x86.jpg 86w, https:\/\/www.novotek.com\/ch\/wp-content\/uploads\/sites\/3\/Circular_picture_on_speakers-Lauro-Favaro-Novotek-306x306.jpg 306w, https:\/\/www.novotek.com\/ch\/wp-content\/uploads\/sites\/3\/Circular_picture_on_speakers-Lauro-Favaro-Novotek-636x636.jpg 636w, https:\/\/www.novotek.com\/ch\/wp-content\/uploads\/sites\/3\/Circular_picture_on_speakers-Lauro-Favaro-Novotek-1632x1632.jpg 1632w\" sizes=\"auto, (max-width: 2250px) 100vw, 2250px\" \/><\/figure>\n<\/div><\/div>\n\n<div class=\"container-md paragraph  aligncenter\">\n<p class=\"has-text-align-center has-text-color has-link-color wp-elements-5c92a16a609d96c133bb4f43161442c5\" style=\"color:#ab192d\"><a href=\"https:\/\/www.linkedin.com\/in\/lauro-favaro-69529621a\/\" target=\"_blank\" rel=\"noreferrer noopener\"><strong>LinkedIn   &gt;<\/strong><\/a><\/p>\n<\/div>\n\n<div class=\"container-md paragraph  aligncenter\">\n<p class=\"has-text-align-center\"><strong>Lauro Favaro<\/strong><br><em>Technology Solution Consultant<\/em><\/p>\n<\/div><\/div>\n<\/div>\n\n<div class=\"container-md column  \">\n<div class=\"wp-block-column is-layout-flow wp-block-column-is-layout-flow\"><div class=\"wp-block-image\"><div class=\"container-md image  aligncenter\">\n<figure class=\"aligncenter size-full is-resized\"><img loading=\"lazy\" decoding=\"async\" width=\"2250\" height=\"2250\" src=\"https:\/\/www.novotek.com\/ch\/wp-content\/uploads\/sites\/3\/Circular_picture_on_speakers-Hamza-Caliskan-Novotek.jpg\" alt=\"\" class=\"wp-image-21028\" style=\"object-fit:cover;width:120px;height:120px\" srcset=\"https:\/\/www.novotek.com\/ch\/wp-content\/uploads\/sites\/3\/Circular_picture_on_speakers-Hamza-Caliskan-Novotek.jpg 2250w, https:\/\/www.novotek.com\/ch\/wp-content\/uploads\/sites\/3\/Circular_picture_on_speakers-Hamza-Caliskan-Novotek-300x300.jpg 300w, https:\/\/www.novotek.com\/ch\/wp-content\/uploads\/sites\/3\/Circular_picture_on_speakers-Hamza-Caliskan-Novotek-1024x1024.jpg 1024w, https:\/\/www.novotek.com\/ch\/wp-content\/uploads\/sites\/3\/Circular_picture_on_speakers-Hamza-Caliskan-Novotek-150x150.jpg 150w, https:\/\/www.novotek.com\/ch\/wp-content\/uploads\/sites\/3\/Circular_picture_on_speakers-Hamza-Caliskan-Novotek-768x768.jpg 768w, https:\/\/www.novotek.com\/ch\/wp-content\/uploads\/sites\/3\/Circular_picture_on_speakers-Hamza-Caliskan-Novotek-1536x1536.jpg 1536w, https:\/\/www.novotek.com\/ch\/wp-content\/uploads\/sites\/3\/Circular_picture_on_speakers-Hamza-Caliskan-Novotek-2048x2048.jpg 2048w, https:\/\/www.novotek.com\/ch\/wp-content\/uploads\/sites\/3\/Circular_picture_on_speakers-Hamza-Caliskan-Novotek-86x86.jpg 86w, https:\/\/www.novotek.com\/ch\/wp-content\/uploads\/sites\/3\/Circular_picture_on_speakers-Hamza-Caliskan-Novotek-306x306.jpg 306w, https:\/\/www.novotek.com\/ch\/wp-content\/uploads\/sites\/3\/Circular_picture_on_speakers-Hamza-Caliskan-Novotek-636x636.jpg 636w, https:\/\/www.novotek.com\/ch\/wp-content\/uploads\/sites\/3\/Circular_picture_on_speakers-Hamza-Caliskan-Novotek-1632x1632.jpg 1632w\" sizes=\"auto, (max-width: 2250px) 100vw, 2250px\" \/><\/figure>\n<\/div><\/div>\n\n<div class=\"container-md paragraph  aligncenter\">\n<p class=\"has-text-align-center has-text-color has-link-color wp-elements-bb4b187d716cfc7a6302245528b48781\" style=\"color:#ab192d\"><a href=\"https:\/\/www.linkedin.com\/in\/hamza-caliskan-749b8521a\/\" target=\"_blank\" rel=\"noreferrer noopener\"><strong>LinkedIn   &gt;<\/strong><\/a><\/p>\n<\/div>\n\n<div class=\"container-md paragraph  aligncenter\">\n<p class=\"has-text-align-center\"><strong>Hamza Caliskan<\/strong><br><em>Inside Sales &amp; Operations<\/em><\/p>\n<\/div><\/div>\n<\/div>\n\n<div class=\"container-md column  \">\n<div class=\"wp-block-column is-layout-flow wp-block-column-is-layout-flow\"><div class=\"wp-block-image\"><div class=\"container-md image  aligncenter\">\n<figure class=\"aligncenter size-full is-resized\"><img loading=\"lazy\" decoding=\"async\" width=\"2250\" height=\"2250\" src=\"https:\/\/www.novotek.com\/ch\/wp-content\/uploads\/sites\/3\/Circular_picture_on_speakers_Karin-Rau.jpg\" alt=\"\" class=\"wp-image-21032\" style=\"object-fit:cover;width:120px;height:120px\" srcset=\"https:\/\/www.novotek.com\/ch\/wp-content\/uploads\/sites\/3\/Circular_picture_on_speakers_Karin-Rau.jpg 2250w, https:\/\/www.novotek.com\/ch\/wp-content\/uploads\/sites\/3\/Circular_picture_on_speakers_Karin-Rau-300x300.jpg 300w, https:\/\/www.novotek.com\/ch\/wp-content\/uploads\/sites\/3\/Circular_picture_on_speakers_Karin-Rau-1024x1024.jpg 1024w, https:\/\/www.novotek.com\/ch\/wp-content\/uploads\/sites\/3\/Circular_picture_on_speakers_Karin-Rau-150x150.jpg 150w, https:\/\/www.novotek.com\/ch\/wp-content\/uploads\/sites\/3\/Circular_picture_on_speakers_Karin-Rau-768x768.jpg 768w, https:\/\/www.novotek.com\/ch\/wp-content\/uploads\/sites\/3\/Circular_picture_on_speakers_Karin-Rau-1536x1536.jpg 1536w, https:\/\/www.novotek.com\/ch\/wp-content\/uploads\/sites\/3\/Circular_picture_on_speakers_Karin-Rau-2048x2048.jpg 2048w, https:\/\/www.novotek.com\/ch\/wp-content\/uploads\/sites\/3\/Circular_picture_on_speakers_Karin-Rau-86x86.jpg 86w, https:\/\/www.novotek.com\/ch\/wp-content\/uploads\/sites\/3\/Circular_picture_on_speakers_Karin-Rau-306x306.jpg 306w, https:\/\/www.novotek.com\/ch\/wp-content\/uploads\/sites\/3\/Circular_picture_on_speakers_Karin-Rau-636x636.jpg 636w, https:\/\/www.novotek.com\/ch\/wp-content\/uploads\/sites\/3\/Circular_picture_on_speakers_Karin-Rau-1632x1632.jpg 1632w\" sizes=\"auto, (max-width: 2250px) 100vw, 2250px\" \/><\/figure>\n<\/div><\/div>\n\n<div class=\"container-md paragraph  aligncenter\">\n<p class=\"has-text-align-center has-text-color has-link-color wp-elements-fc4802b08f0f5deafa7b3a076cddf4c1\" style=\"color:#ab192d\"><a href=\"https:\/\/www.linkedin.com\/in\/karin-rau-8a6b201b3\/\" target=\"_blank\" rel=\"noreferrer noopener\"><strong>LinkedIn   &gt;<\/strong><\/a><\/p>\n<\/div>\n\n<div class=\"container-md paragraph  aligncenter\">\n<p class=\"has-text-align-center\"><strong>Karin Rau<\/strong><br><em>Marketing<\/em><\/p>\n<\/div><\/div>\n<\/div>\n\n<div class=\"container-md column  \">\n<div class=\"wp-block-column is-layout-flow wp-block-column-is-layout-flow\" style=\"flex-basis:1px\"><\/div>\n<\/div><\/div>\n<\/div>\n\n<div class=\"container-md spacer  \">\n<div style=\"height:100px\" aria-hidden=\"true\" class=\"wp-block-spacer\"><\/div>\n<\/div>\n\n  <div class=\"slider-column-parent\">\n    <div class=\"container\">\n      <div class=\"slider-column-title\">Novotek Switzerland<\/div>\n\n      <div class=\"slider-column\">\n        <div class=\"slider-cell carousel-cell large\"><div class=\"column-box\">\n  \n      <div class=\"title\">\n      Comment nous trouver    <\/div>\n  \n      <div class=\"text\">\n      <p><!-- wp:heading --><\/p>\n<p><strong>Novotek Switzerland AG<br \/>\n<\/strong>Glutz-Blotzheim-Strasse 3<br \/>\n4500 Solothurn<\/p>\n<p><!-- \/wp:paragraph --> <!-- wp:paragraph --><\/p>\n<p>Email: <a href=\"mailto:info@novotek.ch\">info@novotek.ch<\/a><br \/>\n<a href=\"tel:01135312400\">Tel: +41 58 255 32 32<\/a><\/p>\n<p><img loading=\"lazy\" decoding=\"async\" class=\"alignnone wp-image-11597 size-full\" src=\"https:\/\/www.novotek.com\/ch\/wp-content\/uploads\/sites\/3\/transparent.png\" alt=\"\" width=\"300\" height=\"9\" \/><\/p>\n<p><!-- \/wp:paragraph --><\/p>\n    <\/div>\n  \n  \n  <\/div>\n\n<\/div><div class=\"slider-cell carousel-cell large\"><div class=\"column-box\">\n  \n      <div class=\"title\">\n      Demande technique    <\/div>\n  \n      <div class=\"text\">\n      <p>Nous proposons une assistance technique pour tous nos produits et solutions. Qu&#8217;il s&#8217;agisse de conseils avant l&#8217;achat, de tests ou apr\u00e8s la mise en service, nos sp\u00e9cialistes produits se feront un plaisir de vous aider.<\/p>\n    <\/div>\n  \n      <a class=\"link\"  href=\"https:\/\/www.novotek.com\/ch\/fr\/prestations-de-service\/assistance-technique\/demande-dassistance\/\" target=\"\">\n      Demande d&#8217;assistance    <\/a>\n  \n  <\/div>\n\n<\/div><div class=\"slider-cell carousel-cell large\"><div class=\"column-box\">\n  \n      <div class=\"title\">\n      Calendrier des \u00e9v\u00e9nements    <\/div>\n  \n      <div class=\"text\">\n      <p>Jetez un coup d&#8217;\u0153il sur les \u00e9v\u00e9nements que Novotek organise r\u00e9guli\u00e8rement sur des th\u00e8mes tels que la connectivit\u00e9, la s\u00e9curit\u00e9 OT et l&#8217;industrie 4.0. Nous nous r\u00e9jouissons de votre visite.<\/p>\n    <\/div>\n  \n      <a class=\"link\"  href=\"https:\/\/www.novotek.com\/ch\/fr\/prsentation-2\/calendrier-des-evenements\/\" target=\"\">\n      Calendrier des \u00e9v\u00e9nements    <\/a>\n  \n  <\/div>\n\n<\/div>      <\/div>\n    <\/div>\n  <\/div>\n","protected":false},"excerpt":{"rendered":"<p>Nous vous remercions pour votre message. Nous sommes heureux que vous souhaitiez nous contacter et nous vous r\u00e9pondrons d\u00e8s que possible. En attendant, faites plus ample connaissance avec nous sur LinkedIn. LinkedIn &gt; Remo IngoldManaging Director LinkedIn &gt; Patrik ZederSales Manager LinkedIn &gt; Lauro FavaroTechnology Solution Consultant LinkedIn &gt; Hamza CaliskanInside Sales &amp; Operations LinkedIn [&hellip;]<\/p>\n","protected":false},"author":5,"featured_media":0,"parent":0,"menu_order":0,"comment_status":"closed","ping_status":"closed","template":"","meta":{"_acf_changed":false,"_relevanssi_hide_post":"","_relevanssi_pin_for_all":"","_relevanssi_pin_keywords":"","_relevanssi_unpin_keywords":"","_relevanssi_related_keywords":"","_relevanssi_related_include_ids":"","_relevanssi_related_exclude_ids":"","_relevanssi_related_no_append":"","_relevanssi_related_not_related":"","_relevanssi_related_posts":"13567,13569,18465,17967,16073,17545","_relevanssi_noindex_reason":"","content-type":"","footnotes":""},"class_list":["post-21076","page","type-page","status-publish","hentry"],"acf":[],"yoast_head":"<!-- This site is optimized with the Yoast SEO plugin v27.4 - https:\/\/yoast.com\/product\/yoast-seo-wordpress\/ -->\n<title>Nous vous remercions pour votre message. - Novotek CH<\/title>\n<meta name=\"robots\" content=\"index, follow, max-snippet:-1, max-image-preview:large, max-video-preview:-1\" \/>\n<link rel=\"canonical\" href=\"https:\/\/www.novotek.com\/ch\/fr\/danke\/\" \/>\n<meta property=\"og:locale\" content=\"fr_FR\" \/>\n<meta property=\"og:type\" content=\"article\" \/>\n<meta property=\"og:title\" content=\"Nous vous remercions pour votre message. - Novotek CH\" \/>\n<meta property=\"og:description\" content=\"Nous vous remercions pour votre message. Nous sommes heureux que vous souhaitiez nous contacter et nous vous r\u00e9pondrons d\u00e8s que possible. En attendant, faites plus ample connaissance avec nous sur LinkedIn. LinkedIn &gt; Remo IngoldManaging Director LinkedIn &gt; Patrik ZederSales Manager LinkedIn &gt; Lauro FavaroTechnology Solution Consultant LinkedIn &gt; Hamza CaliskanInside Sales &amp; Operations LinkedIn [&hellip;]\" \/>\n<meta property=\"og:url\" content=\"https:\/\/www.novotek.com\/ch\/fr\/danke\/\" \/>\n<meta property=\"og:site_name\" content=\"Novotek CH\" \/>\n<meta property=\"article:modified_time\" content=\"2024-06-21T11:41:41+00:00\" \/>\n<meta property=\"og:image\" content=\"https:\/\/www.novotek.com\/ch\/wp-content\/uploads\/sites\/3\/mail-erhalten-icon.png\" \/>\n<meta name=\"twitter:card\" content=\"summary_large_image\" \/>\n<meta name=\"twitter:label1\" content=\"Est. reading time\" \/>\n\t<meta name=\"twitter:data1\" content=\"2 minutes\" \/>\n<script type=\"application\/ld+json\" class=\"yoast-schema-graph\">{\"@context\":\"https:\\\/\\\/schema.org\",\"@graph\":[{\"@type\":\"WebPage\",\"@id\":\"https:\\\/\\\/www.novotek.com\\\/ch\\\/fr\\\/danke\\\/\",\"url\":\"https:\\\/\\\/www.novotek.com\\\/ch\\\/fr\\\/danke\\\/\",\"name\":\"Nous vous remercions pour votre message. - Novotek CH\",\"isPartOf\":{\"@id\":\"https:\\\/\\\/www.novotek.com\\\/ch\\\/#website\"},\"primaryImageOfPage\":{\"@id\":\"https:\\\/\\\/www.novotek.com\\\/ch\\\/fr\\\/danke\\\/#primaryimage\"},\"image\":{\"@id\":\"https:\\\/\\\/www.novotek.com\\\/ch\\\/fr\\\/danke\\\/#primaryimage\"},\"thumbnailUrl\":\"https:\\\/\\\/www.novotek.com\\\/ch\\\/wp-content\\\/uploads\\\/sites\\\/3\\\/mail-erhalten-icon.png\",\"datePublished\":\"2024-06-21T11:07:43+00:00\",\"dateModified\":\"2024-06-21T11:41:41+00:00\",\"breadcrumb\":{\"@id\":\"https:\\\/\\\/www.novotek.com\\\/ch\\\/fr\\\/danke\\\/#breadcrumb\"},\"inLanguage\":\"fr-CH\",\"potentialAction\":[{\"@type\":\"ReadAction\",\"target\":[\"https:\\\/\\\/www.novotek.com\\\/ch\\\/fr\\\/danke\\\/\"]}]},{\"@type\":\"ImageObject\",\"inLanguage\":\"fr-CH\",\"@id\":\"https:\\\/\\\/www.novotek.com\\\/ch\\\/fr\\\/danke\\\/#primaryimage\",\"url\":\"https:\\\/\\\/www.novotek.com\\\/ch\\\/wp-content\\\/uploads\\\/sites\\\/3\\\/mail-erhalten-icon.png\",\"contentUrl\":\"https:\\\/\\\/www.novotek.com\\\/ch\\\/wp-content\\\/uploads\\\/sites\\\/3\\\/mail-erhalten-icon.png\"},{\"@type\":\"BreadcrumbList\",\"@id\":\"https:\\\/\\\/www.novotek.com\\\/ch\\\/fr\\\/danke\\\/#breadcrumb\",\"itemListElement\":[{\"@type\":\"ListItem\",\"position\":1,\"name\":\"Home\",\"item\":\"https:\\\/\\\/www.novotek.com\\\/ch\\\/fr\\\/\"},{\"@type\":\"ListItem\",\"position\":2,\"name\":\"Nous vous remercions pour votre message.\"}]},{\"@type\":\"WebSite\",\"@id\":\"https:\\\/\\\/www.novotek.com\\\/ch\\\/#website\",\"url\":\"https:\\\/\\\/www.novotek.com\\\/ch\\\/\",\"name\":\"Novotek Switzerland AG\",\"description\":\"Connect - Digitalize - Optimize\",\"publisher\":{\"@id\":\"https:\\\/\\\/www.novotek.com\\\/ch\\\/#organization\"},\"potentialAction\":[{\"@type\":\"SearchAction\",\"target\":{\"@type\":\"EntryPoint\",\"urlTemplate\":\"https:\\\/\\\/www.novotek.com\\\/ch\\\/?s={search_term_string}\"},\"query-input\":{\"@type\":\"PropertyValueSpecification\",\"valueRequired\":true,\"valueName\":\"search_term_string\"}}],\"inLanguage\":\"fr-CH\"},{\"@type\":\"Organization\",\"@id\":\"https:\\\/\\\/www.novotek.com\\\/ch\\\/#organization\",\"name\":\"Novotek Switzerland AG\",\"url\":\"https:\\\/\\\/www.novotek.com\\\/ch\\\/\",\"logo\":{\"@type\":\"ImageObject\",\"inLanguage\":\"fr-CH\",\"@id\":\"https:\\\/\\\/www.novotek.com\\\/ch\\\/#\\\/schema\\\/logo\\\/image\\\/\",\"url\":\"https:\\\/\\\/www.novotek.com\\\/ch\\\/wp-content\\\/uploads\\\/sites\\\/3\\\/novotek-symbol-rgb-pos-white-border-512x512-1.png\",\"contentUrl\":\"https:\\\/\\\/www.novotek.com\\\/ch\\\/wp-content\\\/uploads\\\/sites\\\/3\\\/novotek-symbol-rgb-pos-white-border-512x512-1.png\",\"width\":512,\"height\":512,\"caption\":\"Novotek Switzerland AG\"},\"image\":{\"@id\":\"https:\\\/\\\/www.novotek.com\\\/ch\\\/#\\\/schema\\\/logo\\\/image\\\/\"}}]}<\/script>\n<!-- \/ Yoast SEO plugin. -->","yoast_head_json":{"title":"Nous vous remercions pour votre message. - Novotek CH","robots":{"index":"index","follow":"follow","max-snippet":"max-snippet:-1","max-image-preview":"max-image-preview:large","max-video-preview":"max-video-preview:-1"},"canonical":"https:\/\/www.novotek.com\/ch\/fr\/danke\/","og_locale":"fr_FR","og_type":"article","og_title":"Nous vous remercions pour votre message. - Novotek CH","og_description":"Nous vous remercions pour votre message. Nous sommes heureux que vous souhaitiez nous contacter et nous vous r\u00e9pondrons d\u00e8s que possible. En attendant, faites plus ample connaissance avec nous sur LinkedIn. LinkedIn &gt; Remo IngoldManaging Director LinkedIn &gt; Patrik ZederSales Manager LinkedIn &gt; Lauro FavaroTechnology Solution Consultant LinkedIn &gt; Hamza CaliskanInside Sales &amp; Operations LinkedIn [&hellip;]","og_url":"https:\/\/www.novotek.com\/ch\/fr\/danke\/","og_site_name":"Novotek CH","article_modified_time":"2024-06-21T11:41:41+00:00","og_image":[{"url":"https:\/\/www.novotek.com\/ch\/wp-content\/uploads\/sites\/3\/mail-erhalten-icon.png","type":"","width":"","height":""}],"twitter_card":"summary_large_image","twitter_misc":{"Est. reading time":"2 minutes"},"schema":{"@context":"https:\/\/schema.org","@graph":[{"@type":"WebPage","@id":"https:\/\/www.novotek.com\/ch\/fr\/danke\/","url":"https:\/\/www.novotek.com\/ch\/fr\/danke\/","name":"Nous vous remercions pour votre message. - Novotek CH","isPartOf":{"@id":"https:\/\/www.novotek.com\/ch\/#website"},"primaryImageOfPage":{"@id":"https:\/\/www.novotek.com\/ch\/fr\/danke\/#primaryimage"},"image":{"@id":"https:\/\/www.novotek.com\/ch\/fr\/danke\/#primaryimage"},"thumbnailUrl":"https:\/\/www.novotek.com\/ch\/wp-content\/uploads\/sites\/3\/mail-erhalten-icon.png","datePublished":"2024-06-21T11:07:43+00:00","dateModified":"2024-06-21T11:41:41+00:00","breadcrumb":{"@id":"https:\/\/www.novotek.com\/ch\/fr\/danke\/#breadcrumb"},"inLanguage":"fr-CH","potentialAction":[{"@type":"ReadAction","target":["https:\/\/www.novotek.com\/ch\/fr\/danke\/"]}]},{"@type":"ImageObject","inLanguage":"fr-CH","@id":"https:\/\/www.novotek.com\/ch\/fr\/danke\/#primaryimage","url":"https:\/\/www.novotek.com\/ch\/wp-content\/uploads\/sites\/3\/mail-erhalten-icon.png","contentUrl":"https:\/\/www.novotek.com\/ch\/wp-content\/uploads\/sites\/3\/mail-erhalten-icon.png"},{"@type":"BreadcrumbList","@id":"https:\/\/www.novotek.com\/ch\/fr\/danke\/#breadcrumb","itemListElement":[{"@type":"ListItem","position":1,"name":"Home","item":"https:\/\/www.novotek.com\/ch\/fr\/"},{"@type":"ListItem","position":2,"name":"Nous vous remercions pour votre message."}]},{"@type":"WebSite","@id":"https:\/\/www.novotek.com\/ch\/#website","url":"https:\/\/www.novotek.com\/ch\/","name":"Novotek Switzerland AG","description":"Connect - Digitalize - Optimize","publisher":{"@id":"https:\/\/www.novotek.com\/ch\/#organization"},"potentialAction":[{"@type":"SearchAction","target":{"@type":"EntryPoint","urlTemplate":"https:\/\/www.novotek.com\/ch\/?s={search_term_string}"},"query-input":{"@type":"PropertyValueSpecification","valueRequired":true,"valueName":"search_term_string"}}],"inLanguage":"fr-CH"},{"@type":"Organization","@id":"https:\/\/www.novotek.com\/ch\/#organization","name":"Novotek Switzerland AG","url":"https:\/\/www.novotek.com\/ch\/","logo":{"@type":"ImageObject","inLanguage":"fr-CH","@id":"https:\/\/www.novotek.com\/ch\/#\/schema\/logo\/image\/","url":"https:\/\/www.novotek.com\/ch\/wp-content\/uploads\/sites\/3\/novotek-symbol-rgb-pos-white-border-512x512-1.png","contentUrl":"https:\/\/www.novotek.com\/ch\/wp-content\/uploads\/sites\/3\/novotek-symbol-rgb-pos-white-border-512x512-1.png","width":512,"height":512,"caption":"Novotek Switzerland AG"},"image":{"@id":"https:\/\/www.novotek.com\/ch\/#\/schema\/logo\/image\/"}}]}},"_links":{"self":[{"href":"https:\/\/www.novotek.com\/ch\/fr\/wp-json\/wp\/v2\/pages\/21076","targetHints":{"allow":["GET"]}}],"collection":[{"href":"https:\/\/www.novotek.com\/ch\/fr\/wp-json\/wp\/v2\/pages"}],"about":[{"href":"https:\/\/www.novotek.com\/ch\/fr\/wp-json\/wp\/v2\/types\/page"}],"author":[{"embeddable":true,"href":"https:\/\/www.novotek.com\/ch\/fr\/wp-json\/wp\/v2\/users\/5"}],"replies":[{"embeddable":true,"href":"https:\/\/www.novotek.com\/ch\/fr\/wp-json\/wp\/v2\/comments?post=21076"}],"version-history":[{"count":2,"href":"https:\/\/www.novotek.com\/ch\/fr\/wp-json\/wp\/v2\/pages\/21076\/revisions"}],"predecessor-version":[{"id":21079,"href":"https:\/\/www.novotek.com\/ch\/fr\/wp-json\/wp\/v2\/pages\/21076\/revisions\/21079"}],"wp:attachment":[{"href":"https:\/\/www.novotek.com\/ch\/fr\/wp-json\/wp\/v2\/media?parent=21076"}],"curies":[{"name":"wp","href":"https:\/\/api.w.org\/{rel}","templated":true}]}}