{"id":21088,"date":"2024-06-21T11:38:59","date_gmt":"2024-06-21T11:38:59","guid":{"rendered":"https:\/\/www.novotek.com\/ch\/une-erreur-est-survenue\/"},"modified":"2026-01-09T10:17:29","modified_gmt":"2026-01-09T10:17:29","slug":"fehler","status":"publish","type":"page","link":"https:\/\/www.novotek.com\/ch\/fr\/fehler\/","title":{"rendered":"Une erreur est survenue"},"content":{"rendered":"<div class=\"container-md spacer  \">\n<div style=\"height:100px\" aria-hidden=\"true\" class=\"wp-block-spacer\"><\/div>\n<\/div><div class=\"container-md heading  \">\n<h1 class=\"wp-block-heading\">Oups ! Quelque chose a mal tourn\u00e9&#8230;<\/h1>\n<\/div><div class=\"container-md paragraph  \">\n<p>Nous sommes d\u00e9sol\u00e9s, mais votre demande n&#8217;a pas pu \u00eatre transmise.<\/p>\n<\/div><div class=\"container-md spacer  \">\n<div style=\"height:50px\" aria-hidden=\"true\" class=\"wp-block-spacer\"><\/div>\n<\/div><div class=\"container-md heading  \">\n<h3 class=\"wp-block-heading\">Que pouvez-vous faire ?<\/h3>\n<\/div><div class=\"container-md list  \">\n<ul class=\"wp-block-list\"><div class=\"container-md list-item  \">\n<li><strong>Actualisez la page<\/strong> et remplissez \u00e0 nouveau le formulaire.<\/li>\n<\/div>\n\n<div class=\"container-md list-item  \">\n<li><strong>Adressez-vous directement au service comp\u00e9tent<\/strong> pour votre demande. Vous trouverez les adresses ci-dessous.<\/li>\n<\/div><\/ul>\n<\/div><div class=\"container-md paragraph  \">\n<p>Nous vous remercions de votre compr\u00e9hension.<\/p>\n<\/div><div class=\"container-md paragraph  \">\n<p><a href=\"https:\/\/www.novotek.com\/ch\/fr\/\"><strong>Retour \u00e0 la page d&#8217;accueil<\/strong><\/a><\/p>\n<\/div><div class=\"container-md spacer  \">\n<div style=\"height:100px\" aria-hidden=\"true\" class=\"wp-block-spacer\"><\/div>\n<\/div><div class=\"container-md heading  \">\n<h4 class=\"wp-block-heading\">Questions concernant les commandes :<\/h4>\n<\/div><div class=\"container-md paragraph  \">\n<p><a href=\"mailto:orders.switzerland@novotek.com\" target=\"_blank\" rel=\"noreferrer noopener\">orders.switzerland@novotek.com<\/a> <\/p>\n<\/div><div class=\"container-md heading  \">\n<h4 class=\"wp-block-heading\">Questions sur les produits et les questions g\u00e9n\u00e9rales de distribution :<\/h4>\n<\/div><div class=\"container-md paragraph  \">\n<p><a href=\"mailto:sales.switzerland@novotek.com\" target=\"_blank\" rel=\"noreferrer noopener\">sales.switzerland@novotek.com<\/a> <\/p>\n<\/div><div class=\"container-md heading  \">\n<h4 class=\"wp-block-heading\">Questions g\u00e9n\u00e9rales :<\/h4>\n<\/div><div class=\"container-md paragraph  \">\n<p><a href=\"mailto:info.switzerland@novotek.com\" target=\"_blank\" rel=\"noreferrer noopener\">info.switzerland@novotek.com<\/a> <\/p>\n<\/div><div class=\"container-md spacer  \">\n<div style=\"height:100px\" aria-hidden=\"true\" class=\"wp-block-spacer\"><\/div>\n<\/div>","protected":false},"excerpt":{"rendered":"<p>Oups ! Quelque chose a mal tourn\u00e9&#8230; Nous sommes d\u00e9sol\u00e9s, mais votre demande n&#8217;a pas pu \u00eatre transmise. Que pouvez-vous faire ? Nous vous remercions de votre compr\u00e9hension. Retour \u00e0 la page d&#8217;accueil Questions concernant les commandes : orders.switzerland@novotek.com Questions sur les produits et les questions g\u00e9n\u00e9rales de distribution : sales.switzerland@novotek.com Questions g\u00e9n\u00e9rales : info.switzerland@novotek.com<\/p>\n","protected":false},"author":5,"featured_media":0,"parent":0,"menu_order":0,"comment_status":"closed","ping_status":"closed","template":"","meta":{"_acf_changed":false,"_relevanssi_hide_post":"","_relevanssi_pin_for_all":"","_relevanssi_pin_keywords":"","_relevanssi_unpin_keywords":"","_relevanssi_related_keywords":"","_relevanssi_related_include_ids":"","_relevanssi_related_exclude_ids":"","_relevanssi_related_no_append":"","_relevanssi_related_not_related":"","_relevanssi_related_posts":"12884,15439,17348,18047,19377,13571","_relevanssi_noindex_reason":"","content-type":"","footnotes":""},"class_list":["post-21088","page","type-page","status-publish","hentry"],"acf":[],"yoast_head":"<!-- This site is optimized with the Yoast SEO plugin v27.4 - https:\/\/yoast.com\/product\/yoast-seo-wordpress\/ -->\n<title>Une erreur est survenue - Novotek CH<\/title>\n<meta name=\"robots\" content=\"index, follow, max-snippet:-1, max-image-preview:large, max-video-preview:-1\" \/>\n<link rel=\"canonical\" href=\"https:\/\/www.novotek.com\/ch\/fr\/fehler\/\" \/>\n<meta property=\"og:locale\" content=\"fr_FR\" \/>\n<meta property=\"og:type\" content=\"article\" \/>\n<meta property=\"og:title\" content=\"Une erreur est survenue - Novotek CH\" \/>\n<meta property=\"og:description\" content=\"Oups ! Quelque chose a mal tourn\u00e9&#8230; Nous sommes d\u00e9sol\u00e9s, mais votre demande n&#8217;a pas pu \u00eatre transmise. Que pouvez-vous faire ? Nous vous remercions de votre compr\u00e9hension. Retour \u00e0 la page d&#8217;accueil Questions concernant les commandes : orders.switzerland@novotek.com Questions sur les produits et les questions g\u00e9n\u00e9rales de distribution : sales.switzerland@novotek.com Questions g\u00e9n\u00e9rales : info.switzerland@novotek.com\" \/>\n<meta property=\"og:url\" content=\"https:\/\/www.novotek.com\/ch\/fr\/fehler\/\" \/>\n<meta property=\"og:site_name\" content=\"Novotek CH\" \/>\n<meta property=\"article:modified_time\" content=\"2026-01-09T10:17:29+00:00\" \/>\n<meta name=\"twitter:card\" content=\"summary_large_image\" \/>\n<meta name=\"twitter:label1\" content=\"Est. reading time\" \/>\n\t<meta name=\"twitter:data1\" content=\"1 minute\" \/>\n<script type=\"application\/ld+json\" class=\"yoast-schema-graph\">{\"@context\":\"https:\\\/\\\/schema.org\",\"@graph\":[{\"@type\":\"WebPage\",\"@id\":\"https:\\\/\\\/www.novotek.com\\\/ch\\\/fr\\\/fehler\\\/\",\"url\":\"https:\\\/\\\/www.novotek.com\\\/ch\\\/fr\\\/fehler\\\/\",\"name\":\"Une erreur est survenue - Novotek CH\",\"isPartOf\":{\"@id\":\"https:\\\/\\\/www.novotek.com\\\/ch\\\/#website\"},\"datePublished\":\"2024-06-21T11:38:59+00:00\",\"dateModified\":\"2026-01-09T10:17:29+00:00\",\"breadcrumb\":{\"@id\":\"https:\\\/\\\/www.novotek.com\\\/ch\\\/fr\\\/fehler\\\/#breadcrumb\"},\"inLanguage\":\"fr-CH\",\"potentialAction\":[{\"@type\":\"ReadAction\",\"target\":[\"https:\\\/\\\/www.novotek.com\\\/ch\\\/fr\\\/fehler\\\/\"]}]},{\"@type\":\"BreadcrumbList\",\"@id\":\"https:\\\/\\\/www.novotek.com\\\/ch\\\/fr\\\/fehler\\\/#breadcrumb\",\"itemListElement\":[{\"@type\":\"ListItem\",\"position\":1,\"name\":\"Home\",\"item\":\"https:\\\/\\\/www.novotek.com\\\/ch\\\/fr\\\/\"},{\"@type\":\"ListItem\",\"position\":2,\"name\":\"Une erreur est survenue\"}]},{\"@type\":\"WebSite\",\"@id\":\"https:\\\/\\\/www.novotek.com\\\/ch\\\/#website\",\"url\":\"https:\\\/\\\/www.novotek.com\\\/ch\\\/\",\"name\":\"Novotek Switzerland AG\",\"description\":\"Connect - Digitalize - Optimize\",\"publisher\":{\"@id\":\"https:\\\/\\\/www.novotek.com\\\/ch\\\/#organization\"},\"potentialAction\":[{\"@type\":\"SearchAction\",\"target\":{\"@type\":\"EntryPoint\",\"urlTemplate\":\"https:\\\/\\\/www.novotek.com\\\/ch\\\/?s={search_term_string}\"},\"query-input\":{\"@type\":\"PropertyValueSpecification\",\"valueRequired\":true,\"valueName\":\"search_term_string\"}}],\"inLanguage\":\"fr-CH\"},{\"@type\":\"Organization\",\"@id\":\"https:\\\/\\\/www.novotek.com\\\/ch\\\/#organization\",\"name\":\"Novotek Switzerland AG\",\"url\":\"https:\\\/\\\/www.novotek.com\\\/ch\\\/\",\"logo\":{\"@type\":\"ImageObject\",\"inLanguage\":\"fr-CH\",\"@id\":\"https:\\\/\\\/www.novotek.com\\\/ch\\\/#\\\/schema\\\/logo\\\/image\\\/\",\"url\":\"https:\\\/\\\/www.novotek.com\\\/ch\\\/wp-content\\\/uploads\\\/sites\\\/3\\\/novotek-symbol-rgb-pos-white-border-512x512-1.png\",\"contentUrl\":\"https:\\\/\\\/www.novotek.com\\\/ch\\\/wp-content\\\/uploads\\\/sites\\\/3\\\/novotek-symbol-rgb-pos-white-border-512x512-1.png\",\"width\":512,\"height\":512,\"caption\":\"Novotek Switzerland AG\"},\"image\":{\"@id\":\"https:\\\/\\\/www.novotek.com\\\/ch\\\/#\\\/schema\\\/logo\\\/image\\\/\"}}]}<\/script>\n<!-- \/ Yoast SEO plugin. -->","yoast_head_json":{"title":"Une erreur est survenue - Novotek CH","robots":{"index":"index","follow":"follow","max-snippet":"max-snippet:-1","max-image-preview":"max-image-preview:large","max-video-preview":"max-video-preview:-1"},"canonical":"https:\/\/www.novotek.com\/ch\/fr\/fehler\/","og_locale":"fr_FR","og_type":"article","og_title":"Une erreur est survenue - Novotek CH","og_description":"Oups ! Quelque chose a mal tourn\u00e9&#8230; Nous sommes d\u00e9sol\u00e9s, mais votre demande n&#8217;a pas pu \u00eatre transmise. Que pouvez-vous faire ? Nous vous remercions de votre compr\u00e9hension. Retour \u00e0 la page d&#8217;accueil Questions concernant les commandes : orders.switzerland@novotek.com Questions sur les produits et les questions g\u00e9n\u00e9rales de distribution : sales.switzerland@novotek.com Questions g\u00e9n\u00e9rales : info.switzerland@novotek.com","og_url":"https:\/\/www.novotek.com\/ch\/fr\/fehler\/","og_site_name":"Novotek CH","article_modified_time":"2026-01-09T10:17:29+00:00","twitter_card":"summary_large_image","twitter_misc":{"Est. reading time":"1 minute"},"schema":{"@context":"https:\/\/schema.org","@graph":[{"@type":"WebPage","@id":"https:\/\/www.novotek.com\/ch\/fr\/fehler\/","url":"https:\/\/www.novotek.com\/ch\/fr\/fehler\/","name":"Une erreur est survenue - Novotek CH","isPartOf":{"@id":"https:\/\/www.novotek.com\/ch\/#website"},"datePublished":"2024-06-21T11:38:59+00:00","dateModified":"2026-01-09T10:17:29+00:00","breadcrumb":{"@id":"https:\/\/www.novotek.com\/ch\/fr\/fehler\/#breadcrumb"},"inLanguage":"fr-CH","potentialAction":[{"@type":"ReadAction","target":["https:\/\/www.novotek.com\/ch\/fr\/fehler\/"]}]},{"@type":"BreadcrumbList","@id":"https:\/\/www.novotek.com\/ch\/fr\/fehler\/#breadcrumb","itemListElement":[{"@type":"ListItem","position":1,"name":"Home","item":"https:\/\/www.novotek.com\/ch\/fr\/"},{"@type":"ListItem","position":2,"name":"Une erreur est survenue"}]},{"@type":"WebSite","@id":"https:\/\/www.novotek.com\/ch\/#website","url":"https:\/\/www.novotek.com\/ch\/","name":"Novotek Switzerland AG","description":"Connect - Digitalize - Optimize","publisher":{"@id":"https:\/\/www.novotek.com\/ch\/#organization"},"potentialAction":[{"@type":"SearchAction","target":{"@type":"EntryPoint","urlTemplate":"https:\/\/www.novotek.com\/ch\/?s={search_term_string}"},"query-input":{"@type":"PropertyValueSpecification","valueRequired":true,"valueName":"search_term_string"}}],"inLanguage":"fr-CH"},{"@type":"Organization","@id":"https:\/\/www.novotek.com\/ch\/#organization","name":"Novotek Switzerland AG","url":"https:\/\/www.novotek.com\/ch\/","logo":{"@type":"ImageObject","inLanguage":"fr-CH","@id":"https:\/\/www.novotek.com\/ch\/#\/schema\/logo\/image\/","url":"https:\/\/www.novotek.com\/ch\/wp-content\/uploads\/sites\/3\/novotek-symbol-rgb-pos-white-border-512x512-1.png","contentUrl":"https:\/\/www.novotek.com\/ch\/wp-content\/uploads\/sites\/3\/novotek-symbol-rgb-pos-white-border-512x512-1.png","width":512,"height":512,"caption":"Novotek Switzerland AG"},"image":{"@id":"https:\/\/www.novotek.com\/ch\/#\/schema\/logo\/image\/"}}]}},"_links":{"self":[{"href":"https:\/\/www.novotek.com\/ch\/fr\/wp-json\/wp\/v2\/pages\/21088","targetHints":{"allow":["GET"]}}],"collection":[{"href":"https:\/\/www.novotek.com\/ch\/fr\/wp-json\/wp\/v2\/pages"}],"about":[{"href":"https:\/\/www.novotek.com\/ch\/fr\/wp-json\/wp\/v2\/types\/page"}],"author":[{"embeddable":true,"href":"https:\/\/www.novotek.com\/ch\/fr\/wp-json\/wp\/v2\/users\/5"}],"replies":[{"embeddable":true,"href":"https:\/\/www.novotek.com\/ch\/fr\/wp-json\/wp\/v2\/comments?post=21088"}],"version-history":[{"count":2,"href":"https:\/\/www.novotek.com\/ch\/fr\/wp-json\/wp\/v2\/pages\/21088\/revisions"}],"predecessor-version":[{"id":29432,"href":"https:\/\/www.novotek.com\/ch\/fr\/wp-json\/wp\/v2\/pages\/21088\/revisions\/29432"}],"wp:attachment":[{"href":"https:\/\/www.novotek.com\/ch\/fr\/wp-json\/wp\/v2\/media?parent=21088"}],"curies":[{"name":"wp","href":"https:\/\/api.w.org\/{rel}","templated":true}]}}