{"id":26169,"date":"2025-05-26T11:43:57","date_gmt":"2025-05-26T11:43:57","guid":{"rendered":"https:\/\/www.novotek.com\/ch\/materiel-industriel\/edge-devices\/"},"modified":"2025-10-21T13:45:10","modified_gmt":"2025-10-21T13:45:10","slug":"edge-devices","status":"publish","type":"page","link":"https:\/\/www.novotek.com\/ch\/fr\/materiel-industriel\/edge-devices\/","title":{"rendered":"Edge Devices"},"content":{"rendered":"  <div class=\"hero\">\n    <div class=\"carousel hero-slider small\" data-flickity data-flickity-options='{\"prevNextButtons\": false}'>\n              <div class=\"carousel-cell\">\n          <div class=\"container\">\n            <div class=\"hero-content\">\n                              <h1>Edge Devices<\/h1>\n<p><strong><span class=\"field-value \"><span class=\"field-entry detail-inhalt\">Solutions industrielles d&#8217;edge computing et de contr\u00f4le<br \/>\n<\/span><\/span><\/strong><span class=\"field-value \"><span class=\"field-entry detail-inhalt\">L&#8217;un des premiers grands d\u00e9fis de la num\u00e9risation est la connexion des appareils, des machines et des installations au cloud.<\/span><\/span><\/p>\n              \n                          <\/div>\n          <\/div>\n\n          <img decoding=\"async\" width=\"1024\" height=\"293\" src=\"https:\/\/www.novotek.com\/ch\/wp-content\/uploads\/sites\/3\/edge-devices-1024x293.jpg.webp\" class=\"hero-bg\" alt=\"Hero Img\" fetchpriority=\"high\" srcset=\"https:\/\/www.novotek.com\/ch\/wp-content\/uploads\/sites\/3\/edge-devices-1024x293.jpg.webp 1024w, https:\/\/www.novotek.com\/ch\/wp-content\/uploads\/sites\/3\/edge-devices-300x86.jpg.webp 300w, https:\/\/www.novotek.com\/ch\/wp-content\/uploads\/sites\/3\/edge-devices-768x220.jpg.webp 768w, https:\/\/www.novotek.com\/ch\/wp-content\/uploads\/sites\/3\/edge-devices-1536x440.jpg.webp 1536w, https:\/\/www.novotek.com\/ch\/wp-content\/uploads\/sites\/3\/edge-devices-86x25.jpg.webp 86w, https:\/\/www.novotek.com\/ch\/wp-content\/uploads\/sites\/3\/edge-devices-306x88.jpg.webp 306w, https:\/\/www.novotek.com\/ch\/wp-content\/uploads\/sites\/3\/edge-devices-636x182.jpg.webp 636w, https:\/\/www.novotek.com\/ch\/wp-content\/uploads\/sites\/3\/edge-devices-1632x468.jpg.webp 1632w, https:\/\/www.novotek.com\/ch\/wp-content\/uploads\/sites\/3\/edge-devices.jpg.webp 1920w\" sizes=\"(max-width: 1024px) 100vw, 1024px\" \/>                  <\/div>\n          <\/div>\n\n      <\/div>\n\n   \n\n\n<div class=\"container-md spacer  \">\n<div style=\"height:20px\" aria-hidden=\"true\" class=\"wp-block-spacer\"><\/div>\n<\/div>\n\n<div class=\"container-md group  alignwide\">\n<div class=\"wp-block-group alignwide\"><div class=\"wp-block-group__inner-container is-layout-constrained wp-block-group-is-layout-constrained\"><div class=\"container-md heading  \">\n<h2 class=\"wp-block-heading\">Analysez les probl\u00e8mes et r\u00e9solvez-les \u00e0 l&#8217;endroit o\u00f9 ils se produisent : Directement sur votre machine.<\/h2>\n<\/div>\n\n<div class=\"container-md paragraph  \">\n<p>Tous les capteurs d&#8217;une entreprise collectent des donn\u00e9es volumineuses et vous aident \u00e0 r\u00e9duire les temps d&#8217;arr\u00eat. Faites des pr\u00e9visions pr\u00e9cises et soutenez ainsi la maintenance de vos machines. Ma\u00eetriser le big data est une t\u00e2che difficile &#8211; jusqu&#8217;\u00e0 ce que vous le transf\u00e9riez sur un appareil de p\u00e9riph\u00e9rie.  <\/p>\n<\/div>\n\n<div class=\"container-md paragraph  \">\n<p>Les appareils Edge d&#8217;Exor et d&#8217;Emerson transforment des donn\u00e9es volumineuses pr\u00e9cieuses et complexes en &#8220;petites donn\u00e9es&#8221; rentables et g\u00e9rables. Tout probl\u00e8me devient imm\u00e9diatement visible. Ce que vous identifiez plus facilement, vous pouvez aussi le r\u00e9soudre plus facilement.  <\/p>\n<\/div><\/div>\n<\/div><\/div>\n\n<div class=\"container-md spacer  \">\n<div style=\"height:100px\" aria-hidden=\"true\" class=\"wp-block-spacer\"><\/div>\n<\/div>\n\n<div class=\"container media-text  alignwide\">\n<div class=\"wp-block-media-text alignwide has-media-on-the-right is-stacked-on-mobile\" style=\"grid-template-columns:auto 40%\"><div class=\"wp-block-media-text__content\"><div class=\"container-md heading  \">\n<h2 class=\"wp-block-heading\">eXware + MicroEdge<\/h2>\n<\/div>\n\n<div class=\"container-md paragraph  \">\n<p>Pour les responsables informatiques et OT qui souhaitent assurer un flux de donn\u00e9es fluide dans des environnements complexes, les passerelles IoT d&#8217;EXOR permettent d&#8217;int\u00e9grer des dispositifs avec des technologies web avanc\u00e9es qui garantissent une connectivit\u00e9, une s\u00e9curit\u00e9 et une efficacit\u00e9 sans pr\u00e9c\u00e9dent.<\/p>\n<\/div>\n\n<div class=\"container-md spacer  \">\n<div style=\"height:25px\" aria-hidden=\"true\" class=\"wp-block-spacer\"><\/div>\n<\/div>\n\n<div class=\"container-md buttons  \">\n<div class=\"wp-block-buttons is-content-justification-space-between is-nowrap is-layout-flex wp-container-core-buttons-is-layout-5a589469 wp-block-buttons-is-layout-flex\"><div class=\"container-md button  \">\n<div class=\"wp-block-button\"><a class=\"wp-block-button__link has-novotek-white-color has-text-color has-background has-link-color wp-element-button\" href=\"https:\/\/www.exorint.com\/de\/produkte\/hardware\/serie\/exware\" style=\"background-color:#e70029\" target=\"_blank\" rel=\"noreferrer noopener\">eXware<\/a><\/div>\n<\/div>\n\n<div class=\"container-md button  \">\n<div class=\"wp-block-button\"><a class=\"wp-block-button__link has-novotek-white-color has-text-color has-background has-link-color wp-element-button\" href=\"https:\/\/www.exorint.com\/de\/produkte\/hardware\/serie\/microedge\" style=\"background-color:#e70029\" target=\"_blank\" rel=\"noreferrer noopener\">MicroEdge<\/a><\/div>\n<\/div><\/div>\n<\/div><\/div><figure class=\"wp-block-media-text__media\"><img loading=\"lazy\" decoding=\"async\" width=\"599\" height=\"661\" src=\"https:\/\/www.novotek.com\/ch\/wp-content\/uploads\/sites\/3\/eXware.png\" alt=\"\" class=\"wp-image-26059 size-full\" srcset=\"https:\/\/www.novotek.com\/ch\/wp-content\/uploads\/sites\/3\/eXware.png 599w, https:\/\/www.novotek.com\/ch\/wp-content\/uploads\/sites\/3\/eXware-272x300.png 272w, https:\/\/www.novotek.com\/ch\/wp-content\/uploads\/sites\/3\/eXware-78x86.png 78w, https:\/\/www.novotek.com\/ch\/wp-content\/uploads\/sites\/3\/eXware-306x338.png 306w\" sizes=\"auto, (max-width: 599px) 100vw, 599px\" \/><\/figure><\/div>\n<\/div>\n\n<div class=\"container-md spacer  \">\n<div style=\"height:100px\" aria-hidden=\"true\" class=\"wp-block-spacer\"><\/div>\n<\/div>\n\n<div class=\"container media-text  alignwide\">\n<div class=\"wp-block-media-text alignwide is-stacked-on-mobile\" style=\"grid-template-columns:40% auto\"><figure class=\"wp-block-media-text__media\"><img loading=\"lazy\" decoding=\"async\" width=\"422\" height=\"222\" src=\"https:\/\/www.novotek.com\/ch\/wp-content\/uploads\/sites\/3\/Icon-Rxi2-BP-1.png\" alt=\"\" class=\"wp-image-26064 size-full\" srcset=\"https:\/\/www.novotek.com\/ch\/wp-content\/uploads\/sites\/3\/Icon-Rxi2-BP-1.png 422w, https:\/\/www.novotek.com\/ch\/wp-content\/uploads\/sites\/3\/Icon-Rxi2-BP-1-300x158.png 300w, https:\/\/www.novotek.com\/ch\/wp-content\/uploads\/sites\/3\/Icon-Rxi2-BP-1-86x45.png 86w, https:\/\/www.novotek.com\/ch\/wp-content\/uploads\/sites\/3\/Icon-Rxi2-BP-1-306x161.png 306w\" sizes=\"auto, (max-width: 422px) 100vw, 422px\" \/><\/figure><div class=\"wp-block-media-text__content\"><div class=\"container-md heading  \">\n<h2 class=\"wp-block-heading\">Box PCs<\/h2>\n<\/div>\n\n<div class=\"container-md paragraph  \">\n<p>Vous trouverez ici des IPC en bo\u00eetier sans ventilateur pour un montage direct dans l&#8217;armoire \u00e9lectrique. Gr\u00e2ce aux diff\u00e9rentes classes de puissance et interfaces, les appareils conviennent parfaitement comme passerelle IoT, mat\u00e9riel d&#8217;intelligence artificielle, plateforme de visualisation et de contr\u00f4le, &#8230; <\/p>\n<\/div>\n\n<div class=\"container-md spacer  \">\n<div style=\"height:25px\" aria-hidden=\"true\" class=\"wp-block-spacer\"><\/div>\n<\/div>\n\n<div class=\"container-md buttons  \">\n<div class=\"wp-block-buttons is-content-justification-space-between is-nowrap is-layout-flex wp-container-core-buttons-is-layout-5a589469 wp-block-buttons-is-layout-flex\"><div class=\"container-md button  \">\n<div class=\"wp-block-button\"><a class=\"wp-block-button__link has-novotek-white-color has-text-color has-background has-link-color wp-element-button\" href=\"https:\/\/www.emerson.com\/catalog\/SearchDisplay?storeId=20151&amp;catalogId=20051&amp;langId=-3&amp;locale=de-de&amp;searchTerm=rxi2-bp&amp;cmBusinessSegmentId=&amp;wcsBusinessSegmentId=&amp;cmFacetId=&amp;cmTabSelected=&amp;fetchFacets=true#facet:&amp;partsFacet:&amp;modelsFacet:&amp;facetLimit:&amp;searchTerm:rxi2-bp&amp;partsSearchTerm:&amp;modelsSearchTerm:&amp;productBeginIndex:0&amp;partsBeginIndex:0&amp;modelsBeginIndex:0&amp;orderBy:&amp;partsOrderBy:&amp;modelsOrderBy:&amp;pageView:grid&amp;minPrice:&amp;maxPrice:&amp;pageSize:&amp;facetRange:&amp;\" style=\"background-color:#e70029\" target=\"_blank\" rel=\"noreferrer noopener\">RXi2-BP IPC<\/a><\/div>\n<\/div>\n\n<div class=\"container-md button  \">\n<div class=\"wp-block-button\"><a class=\"wp-block-button__link has-novotek-white-color has-text-color has-background has-link-color wp-element-button\" href=\"https:\/\/www.emerson.com\/catalog\/SearchDisplay?storeId=20151&amp;catalogId=20051&amp;langId=-3&amp;locale=de-de&amp;searchTerm=rxi2-xp&amp;cmBusinessSegmentId=&amp;wcsBusinessSegmentId=&amp;cmFacetId=&amp;cmTabSelected=&amp;fetchFacets=true#facet:&amp;partsFacet:&amp;modelsFacet:&amp;facetLimit:&amp;searchTerm:rxi2-xp&amp;partsSearchTerm:&amp;modelsSearchTerm:&amp;productBeginIndex:0&amp;partsBeginIndex:0&amp;modelsBeginIndex:0&amp;orderBy:&amp;partsOrderBy:&amp;modelsOrderBy:&amp;pageView:grid&amp;minPrice:&amp;maxPrice:&amp;pageSize:&amp;facetRange:&amp;\" style=\"background-color:#e70029\" target=\"_blank\" rel=\"noreferrer noopener\">RXi2-XP IPC<\/a><\/div>\n<\/div>\n\n<div class=\"container-md button  \">\n<div class=\"wp-block-button\"><a class=\"wp-block-button__link has-novotek-white-color has-text-color has-background has-link-color wp-element-button\" href=\"https:\/\/www.emerson.com\/catalog\/SearchDisplay?storeId=20151&amp;catalogId=20051&amp;langId=-3&amp;locale=de-de&amp;searchTerm=rxi2-up&amp;cmBusinessSegmentId=&amp;wcsBusinessSegmentId=&amp;cmFacetId=&amp;cmTabSelected=&amp;fetchFacets=true#facet:&amp;partsFacet:&amp;modelsFacet:&amp;facetLimit:&amp;searchTerm:rxi2-up&amp;partsSearchTerm:&amp;modelsSearchTerm:&amp;productBeginIndex:0&amp;partsBeginIndex:0&amp;modelsBeginIndex:0&amp;orderBy:&amp;partsOrderBy:&amp;modelsOrderBy:&amp;pageView:grid&amp;minPrice:&amp;maxPrice:&amp;pageSize:&amp;facetRange:&amp;\" style=\"background-color:#e70029\" target=\"_blank\" rel=\"noreferrer noopener\">RXi2-UP IPC<\/a><\/div>\n<\/div><\/div>\n<\/div><\/div><\/div>\n<\/div>\n\n<div class=\"container-md spacer  \">\n<div style=\"height:100px\" aria-hidden=\"true\" class=\"wp-block-spacer\"><\/div>\n<\/div>\n\n<div class=\"container media-text  alignwide\">\n<div class=\"wp-block-media-text alignwide has-media-on-the-right is-stacked-on-mobile\" style=\"grid-template-columns:auto 40%\"><div class=\"wp-block-media-text__content\"><div class=\"container-md heading  \">\n<h2 class=\"wp-block-heading\">JMobile<\/h2>\n<\/div>\n\n<div class=\"container-md paragraph  \">\n<p>JMobile r\u00e9unit la connectivit\u00e9, la gestion des appareils, la gestion des processus et la visualisation des donn\u00e9es dans un logiciel facile \u00e0 prendre en main.<\/p>\n<\/div>\n\n<div class=\"container-md paragraph  \">\n<p>\u2714 Prise en charge des principaux protocoles de bus de terrain et de communication<br>\u2714 Interface moderne avec SVG+HTML5 et int\u00e9gration facile de logiciels tiers de premier plan<br>\u2714 Multiplateforme (Linux, Windows) avec acc\u00e8s \u00e0 distance gratuit<\/p>\n<\/div>\n\n<div class=\"container-md paragraph  \">\n<p><strong> JMobile &#8211; le logiciel de visualisation intelligent d&#8217;Exor<\/strong><\/p>\n<\/div>\n\n<div class=\"container-md spacer  \">\n<div style=\"height:25px\" aria-hidden=\"true\" class=\"wp-block-spacer\"><\/div>\n<\/div>\n\n<div class=\"container-md buttons  \">\n<div class=\"wp-block-buttons is-layout-flex wp-block-buttons-is-layout-flex\"><div class=\"container-md button  \">\n<div class=\"wp-block-button\"><a class=\"wp-block-button__link has-novotek-white-color has-text-color has-background has-link-color wp-element-button\" href=\"https:\/\/www.exorint.com\/de\/produkte\/software\/jmobile\" style=\"background-color:#e70029\" target=\"_blank\" rel=\"noreferrer noopener\">JMobile<\/a><\/div>\n<\/div><\/div>\n<\/div><\/div><figure class=\"wp-block-media-text__media\"><img loading=\"lazy\" decoding=\"async\" width=\"700\" height=\"298\" src=\"https:\/\/www.novotek.com\/ch\/wp-content\/uploads\/sites\/3\/JMobile-Highlights.png\" alt=\"\" class=\"wp-image-26161 size-full\" srcset=\"https:\/\/www.novotek.com\/ch\/wp-content\/uploads\/sites\/3\/JMobile-Highlights.png 700w, https:\/\/www.novotek.com\/ch\/wp-content\/uploads\/sites\/3\/JMobile-Highlights-300x128.png 300w, https:\/\/www.novotek.com\/ch\/wp-content\/uploads\/sites\/3\/JMobile-Highlights-86x37.png 86w, https:\/\/www.novotek.com\/ch\/wp-content\/uploads\/sites\/3\/JMobile-Highlights-306x130.png 306w, https:\/\/www.novotek.com\/ch\/wp-content\/uploads\/sites\/3\/JMobile-Highlights-636x271.png 636w\" sizes=\"auto, (max-width: 700px) 100vw, 700px\" \/><\/figure><\/div>\n<\/div>\n\n<div class=\"container-md spacer  \">\n<div style=\"height:100px\" aria-hidden=\"true\" class=\"wp-block-spacer\"><\/div>\n<\/div>\n\n<div class=\"container media-text  alignwide\">\n<div class=\"wp-block-media-text alignwide is-stacked-on-mobile\" style=\"grid-template-columns:40% auto\"><figure class=\"wp-block-media-text__media\"><img loading=\"lazy\" decoding=\"async\" width=\"555\" height=\"555\" src=\"https:\/\/www.novotek.com\/ch\/wp-content\/uploads\/sites\/3\/PACEdge.png\" alt=\"\" class=\"wp-image-26154 size-full\" srcset=\"https:\/\/www.novotek.com\/ch\/wp-content\/uploads\/sites\/3\/PACEdge.png 555w, https:\/\/www.novotek.com\/ch\/wp-content\/uploads\/sites\/3\/PACEdge-300x300.png 300w, https:\/\/www.novotek.com\/ch\/wp-content\/uploads\/sites\/3\/PACEdge-150x150.png 150w, https:\/\/www.novotek.com\/ch\/wp-content\/uploads\/sites\/3\/PACEdge-86x86.png 86w, https:\/\/www.novotek.com\/ch\/wp-content\/uploads\/sites\/3\/PACEdge-306x306.png 306w\" sizes=\"auto, (max-width: 555px) 100vw, 555px\" \/><\/figure><div class=\"wp-block-media-text__content\"><div class=\"container-md heading  \">\n<h2 class=\"wp-block-heading\">PACEdge<\/h2>\n<\/div>\n\n<div class=\"container-md paragraph  \">\n<p>La pile logicielle PAC-Edge est un progiciel pr\u00e9configur\u00e9 et durci, ind\u00e9pendant de tout syst\u00e8me, qui permet de d\u00e9velopper facilement et rapidement votre solution IIoT.<\/p>\n<\/div>\n\n<div class=\"container-md spacer  \">\n<div style=\"height:25px\" aria-hidden=\"true\" class=\"wp-block-spacer\"><\/div>\n<\/div>\n\n<div class=\"container-md buttons  \">\n<div class=\"wp-block-buttons is-layout-flex wp-block-buttons-is-layout-flex\"><div class=\"container-md button  \">\n<div class=\"wp-block-button\"><a class=\"wp-block-button__link has-novotek-white-color has-text-color has-background has-link-color wp-element-button\" href=\"https:\/\/www.emerson.com\/de-de\/catalog\/emerson-pacedgecore\" style=\"background-color:#e70029\" target=\"_blank\" rel=\"noreferrer noopener\">PACEdge<\/a><\/div>\n<\/div><\/div>\n<\/div><\/div><\/div>\n<\/div>\n\n<div class=\"container-md spacer  \">\n<div style=\"height:100px\" aria-hidden=\"true\" class=\"wp-block-spacer\"><\/div>\n<\/div>","protected":false},"excerpt":{"rendered":"<p>L\u2019un des premiers grands d\u00e9fis de la num\u00e9risation consiste \u00e0 connecter les \u00e9quipements, machines et installations au cloud.<\/p>\n","protected":false},"author":35,"featured_media":0,"parent":15007,"menu_order":5,"comment_status":"closed","ping_status":"closed","template":"","meta":{"_acf_changed":false,"_relevanssi_hide_post":"","_relevanssi_pin_for_all":"","_relevanssi_pin_keywords":"","_relevanssi_unpin_keywords":"","_relevanssi_related_keywords":"","_relevanssi_related_include_ids":"","_relevanssi_related_exclude_ids":"","_relevanssi_related_no_append":"","_relevanssi_related_not_related":"","_relevanssi_related_posts":"","_relevanssi_noindex_reason":"","content-type":"","footnotes":""},"class_list":["post-26169","page","type-page","status-publish","hentry"],"acf":[],"yoast_head":"<!-- This site is optimized with the Yoast SEO plugin v27.4 - https:\/\/yoast.com\/product\/yoast-seo-wordpress\/ -->\n<title>Edge Devices f\u00fcr Industrieprozesse - Novotek Switzerland<\/title>\n<meta name=\"description\" content=\"Les appareils Edge d&#039;Exor et d&#039;Emerson rendent les Big Data g\u00e9rables - pour plus d&#039;efficacit\u00e9 et des processus acc\u00e9l\u00e9r\u00e9s.\" \/>\n<meta name=\"robots\" content=\"index, follow, max-snippet:-1, max-image-preview:large, max-video-preview:-1\" \/>\n<link rel=\"canonical\" href=\"https:\/\/www.novotek.com\/ch\/fr\/materiel-industriel\/edge-devices\/\" \/>\n<meta property=\"og:locale\" content=\"fr_FR\" \/>\n<meta property=\"og:type\" content=\"article\" \/>\n<meta property=\"og:title\" content=\"Edge Devices f\u00fcr Industrieprozesse - Novotek Switzerland\" \/>\n<meta property=\"og:description\" content=\"Les appareils Edge d&#039;Exor et d&#039;Emerson rendent les Big Data g\u00e9rables - pour plus d&#039;efficacit\u00e9 et des processus acc\u00e9l\u00e9r\u00e9s.\" \/>\n<meta property=\"og:url\" content=\"https:\/\/www.novotek.com\/ch\/fr\/materiel-industriel\/edge-devices\/\" \/>\n<meta property=\"og:site_name\" content=\"Novotek CH\" \/>\n<meta property=\"article:modified_time\" content=\"2025-10-21T13:45:10+00:00\" \/>\n<meta property=\"og:image\" content=\"https:\/\/www.novotek.com\/ch\/wp-content\/uploads\/sites\/3\/eXware.png\" \/>\n<meta name=\"twitter:card\" content=\"summary_large_image\" \/>\n<meta name=\"twitter:label1\" content=\"Est. reading time\" \/>\n\t<meta name=\"twitter:data1\" content=\"3 minutes\" \/>\n<script type=\"application\/ld+json\" class=\"yoast-schema-graph\">{\"@context\":\"https:\\\/\\\/schema.org\",\"@graph\":[{\"@type\":\"WebPage\",\"@id\":\"https:\\\/\\\/www.novotek.com\\\/ch\\\/fr\\\/materiel-industriel\\\/edge-devices\\\/\",\"url\":\"https:\\\/\\\/www.novotek.com\\\/ch\\\/fr\\\/materiel-industriel\\\/edge-devices\\\/\",\"name\":\"Edge Devices f\u00fcr Industrieprozesse - Novotek Switzerland\",\"isPartOf\":{\"@id\":\"https:\\\/\\\/www.novotek.com\\\/ch\\\/#website\"},\"primaryImageOfPage\":{\"@id\":\"https:\\\/\\\/www.novotek.com\\\/ch\\\/fr\\\/materiel-industriel\\\/edge-devices\\\/#primaryimage\"},\"image\":{\"@id\":\"https:\\\/\\\/www.novotek.com\\\/ch\\\/fr\\\/materiel-industriel\\\/edge-devices\\\/#primaryimage\"},\"thumbnailUrl\":\"https:\\\/\\\/www.novotek.com\\\/ch\\\/wp-content\\\/uploads\\\/sites\\\/3\\\/eXware.png\",\"datePublished\":\"2025-05-26T11:43:57+00:00\",\"dateModified\":\"2025-10-21T13:45:10+00:00\",\"description\":\"Les appareils Edge d'Exor et d'Emerson rendent les Big Data g\u00e9rables - pour plus d'efficacit\u00e9 et des processus acc\u00e9l\u00e9r\u00e9s.\",\"breadcrumb\":{\"@id\":\"https:\\\/\\\/www.novotek.com\\\/ch\\\/fr\\\/materiel-industriel\\\/edge-devices\\\/#breadcrumb\"},\"inLanguage\":\"fr-CH\",\"potentialAction\":[{\"@type\":\"ReadAction\",\"target\":[\"https:\\\/\\\/www.novotek.com\\\/ch\\\/fr\\\/materiel-industriel\\\/edge-devices\\\/\"]}]},{\"@type\":\"ImageObject\",\"inLanguage\":\"fr-CH\",\"@id\":\"https:\\\/\\\/www.novotek.com\\\/ch\\\/fr\\\/materiel-industriel\\\/edge-devices\\\/#primaryimage\",\"url\":\"https:\\\/\\\/www.novotek.com\\\/ch\\\/wp-content\\\/uploads\\\/sites\\\/3\\\/eXware.png\",\"contentUrl\":\"https:\\\/\\\/www.novotek.com\\\/ch\\\/wp-content\\\/uploads\\\/sites\\\/3\\\/eXware.png\"},{\"@type\":\"BreadcrumbList\",\"@id\":\"https:\\\/\\\/www.novotek.com\\\/ch\\\/fr\\\/materiel-industriel\\\/edge-devices\\\/#breadcrumb\",\"itemListElement\":[{\"@type\":\"ListItem\",\"position\":1,\"name\":\"Home\",\"item\":\"https:\\\/\\\/www.novotek.com\\\/ch\\\/fr\\\/\"},{\"@type\":\"ListItem\",\"position\":2,\"name\":\"Mat\u00e9riel industriel\",\"item\":\"https:\\\/\\\/www.novotek.com\\\/ch\\\/fr\\\/materiel-industriel\\\/\"},{\"@type\":\"ListItem\",\"position\":3,\"name\":\"Edge Devices\"}]},{\"@type\":\"WebSite\",\"@id\":\"https:\\\/\\\/www.novotek.com\\\/ch\\\/#website\",\"url\":\"https:\\\/\\\/www.novotek.com\\\/ch\\\/\",\"name\":\"Novotek Switzerland AG\",\"description\":\"Connect - Digitalize - Optimize\",\"publisher\":{\"@id\":\"https:\\\/\\\/www.novotek.com\\\/ch\\\/#organization\"},\"potentialAction\":[{\"@type\":\"SearchAction\",\"target\":{\"@type\":\"EntryPoint\",\"urlTemplate\":\"https:\\\/\\\/www.novotek.com\\\/ch\\\/?s={search_term_string}\"},\"query-input\":{\"@type\":\"PropertyValueSpecification\",\"valueRequired\":true,\"valueName\":\"search_term_string\"}}],\"inLanguage\":\"fr-CH\"},{\"@type\":\"Organization\",\"@id\":\"https:\\\/\\\/www.novotek.com\\\/ch\\\/#organization\",\"name\":\"Novotek Switzerland AG\",\"url\":\"https:\\\/\\\/www.novotek.com\\\/ch\\\/\",\"logo\":{\"@type\":\"ImageObject\",\"inLanguage\":\"fr-CH\",\"@id\":\"https:\\\/\\\/www.novotek.com\\\/ch\\\/#\\\/schema\\\/logo\\\/image\\\/\",\"url\":\"https:\\\/\\\/www.novotek.com\\\/ch\\\/wp-content\\\/uploads\\\/sites\\\/3\\\/novotek-symbol-rgb-pos-white-border-512x512-1.png\",\"contentUrl\":\"https:\\\/\\\/www.novotek.com\\\/ch\\\/wp-content\\\/uploads\\\/sites\\\/3\\\/novotek-symbol-rgb-pos-white-border-512x512-1.png\",\"width\":512,\"height\":512,\"caption\":\"Novotek Switzerland AG\"},\"image\":{\"@id\":\"https:\\\/\\\/www.novotek.com\\\/ch\\\/#\\\/schema\\\/logo\\\/image\\\/\"}}]}<\/script>\n<!-- \/ Yoast SEO plugin. -->","yoast_head_json":{"title":"Edge Devices f\u00fcr Industrieprozesse - Novotek Switzerland","description":"Les appareils Edge d'Exor et d'Emerson rendent les Big Data g\u00e9rables - pour plus d'efficacit\u00e9 et des processus acc\u00e9l\u00e9r\u00e9s.","robots":{"index":"index","follow":"follow","max-snippet":"max-snippet:-1","max-image-preview":"max-image-preview:large","max-video-preview":"max-video-preview:-1"},"canonical":"https:\/\/www.novotek.com\/ch\/fr\/materiel-industriel\/edge-devices\/","og_locale":"fr_FR","og_type":"article","og_title":"Edge Devices f\u00fcr Industrieprozesse - Novotek Switzerland","og_description":"Les appareils Edge d'Exor et d'Emerson rendent les Big Data g\u00e9rables - pour plus d'efficacit\u00e9 et des processus acc\u00e9l\u00e9r\u00e9s.","og_url":"https:\/\/www.novotek.com\/ch\/fr\/materiel-industriel\/edge-devices\/","og_site_name":"Novotek CH","article_modified_time":"2025-10-21T13:45:10+00:00","og_image":[{"url":"https:\/\/www.novotek.com\/ch\/wp-content\/uploads\/sites\/3\/eXware.png","type":"","width":"","height":""}],"twitter_card":"summary_large_image","twitter_misc":{"Est. reading time":"3 minutes"},"schema":{"@context":"https:\/\/schema.org","@graph":[{"@type":"WebPage","@id":"https:\/\/www.novotek.com\/ch\/fr\/materiel-industriel\/edge-devices\/","url":"https:\/\/www.novotek.com\/ch\/fr\/materiel-industriel\/edge-devices\/","name":"Edge Devices f\u00fcr Industrieprozesse - Novotek Switzerland","isPartOf":{"@id":"https:\/\/www.novotek.com\/ch\/#website"},"primaryImageOfPage":{"@id":"https:\/\/www.novotek.com\/ch\/fr\/materiel-industriel\/edge-devices\/#primaryimage"},"image":{"@id":"https:\/\/www.novotek.com\/ch\/fr\/materiel-industriel\/edge-devices\/#primaryimage"},"thumbnailUrl":"https:\/\/www.novotek.com\/ch\/wp-content\/uploads\/sites\/3\/eXware.png","datePublished":"2025-05-26T11:43:57+00:00","dateModified":"2025-10-21T13:45:10+00:00","description":"Les appareils Edge d'Exor et d'Emerson rendent les Big Data g\u00e9rables - pour plus d'efficacit\u00e9 et des processus acc\u00e9l\u00e9r\u00e9s.","breadcrumb":{"@id":"https:\/\/www.novotek.com\/ch\/fr\/materiel-industriel\/edge-devices\/#breadcrumb"},"inLanguage":"fr-CH","potentialAction":[{"@type":"ReadAction","target":["https:\/\/www.novotek.com\/ch\/fr\/materiel-industriel\/edge-devices\/"]}]},{"@type":"ImageObject","inLanguage":"fr-CH","@id":"https:\/\/www.novotek.com\/ch\/fr\/materiel-industriel\/edge-devices\/#primaryimage","url":"https:\/\/www.novotek.com\/ch\/wp-content\/uploads\/sites\/3\/eXware.png","contentUrl":"https:\/\/www.novotek.com\/ch\/wp-content\/uploads\/sites\/3\/eXware.png"},{"@type":"BreadcrumbList","@id":"https:\/\/www.novotek.com\/ch\/fr\/materiel-industriel\/edge-devices\/#breadcrumb","itemListElement":[{"@type":"ListItem","position":1,"name":"Home","item":"https:\/\/www.novotek.com\/ch\/fr\/"},{"@type":"ListItem","position":2,"name":"Mat\u00e9riel industriel","item":"https:\/\/www.novotek.com\/ch\/fr\/materiel-industriel\/"},{"@type":"ListItem","position":3,"name":"Edge Devices"}]},{"@type":"WebSite","@id":"https:\/\/www.novotek.com\/ch\/#website","url":"https:\/\/www.novotek.com\/ch\/","name":"Novotek Switzerland AG","description":"Connect - Digitalize - Optimize","publisher":{"@id":"https:\/\/www.novotek.com\/ch\/#organization"},"potentialAction":[{"@type":"SearchAction","target":{"@type":"EntryPoint","urlTemplate":"https:\/\/www.novotek.com\/ch\/?s={search_term_string}"},"query-input":{"@type":"PropertyValueSpecification","valueRequired":true,"valueName":"search_term_string"}}],"inLanguage":"fr-CH"},{"@type":"Organization","@id":"https:\/\/www.novotek.com\/ch\/#organization","name":"Novotek Switzerland AG","url":"https:\/\/www.novotek.com\/ch\/","logo":{"@type":"ImageObject","inLanguage":"fr-CH","@id":"https:\/\/www.novotek.com\/ch\/#\/schema\/logo\/image\/","url":"https:\/\/www.novotek.com\/ch\/wp-content\/uploads\/sites\/3\/novotek-symbol-rgb-pos-white-border-512x512-1.png","contentUrl":"https:\/\/www.novotek.com\/ch\/wp-content\/uploads\/sites\/3\/novotek-symbol-rgb-pos-white-border-512x512-1.png","width":512,"height":512,"caption":"Novotek Switzerland AG"},"image":{"@id":"https:\/\/www.novotek.com\/ch\/#\/schema\/logo\/image\/"}}]}},"_links":{"self":[{"href":"https:\/\/www.novotek.com\/ch\/fr\/wp-json\/wp\/v2\/pages\/26169","targetHints":{"allow":["GET"]}}],"collection":[{"href":"https:\/\/www.novotek.com\/ch\/fr\/wp-json\/wp\/v2\/pages"}],"about":[{"href":"https:\/\/www.novotek.com\/ch\/fr\/wp-json\/wp\/v2\/types\/page"}],"author":[{"embeddable":true,"href":"https:\/\/www.novotek.com\/ch\/fr\/wp-json\/wp\/v2\/users\/35"}],"replies":[{"embeddable":true,"href":"https:\/\/www.novotek.com\/ch\/fr\/wp-json\/wp\/v2\/comments?post=26169"}],"version-history":[{"count":3,"href":"https:\/\/www.novotek.com\/ch\/fr\/wp-json\/wp\/v2\/pages\/26169\/revisions"}],"predecessor-version":[{"id":28179,"href":"https:\/\/www.novotek.com\/ch\/fr\/wp-json\/wp\/v2\/pages\/26169\/revisions\/28179"}],"up":[{"embeddable":true,"href":"https:\/\/www.novotek.com\/ch\/fr\/wp-json\/wp\/v2\/pages\/15007"}],"wp:attachment":[{"href":"https:\/\/www.novotek.com\/ch\/fr\/wp-json\/wp\/v2\/media?parent=26169"}],"curies":[{"name":"wp","href":"https:\/\/api.w.org\/{rel}","templated":true}]}}