{"id":26945,"date":"2025-06-26T14:14:15","date_gmt":"2025-06-26T14:14:15","guid":{"rendered":"https:\/\/www.novotek.com\/ch\/materiel-industriel\/jmobile\/"},"modified":"2025-10-21T15:26:19","modified_gmt":"2025-10-21T15:26:19","slug":"jmobile","status":"publish","type":"page","link":"https:\/\/www.novotek.com\/ch\/fr\/materiel-industriel\/jmobile\/","title":{"rendered":"JMobile"},"content":{"rendered":"  <div class=\"hero\">\n    <div class=\"carousel hero-slider small\" data-flickity data-flickity-options='{\"prevNextButtons\": false}'>\n              <div class=\"carousel-cell\">\n          <div class=\"container\">\n            <div class=\"hero-content\">\n                              <h1>JMobile &#8211; Logiciel de visualisation<\/h1>\n<p>En un seul logiciel facile \u00e0 prendre en main, JMobile d&#8217;Exor couvre la connectivit\u00e9, la gestion des appareils, la gestion des processus et la visualisation des donn\u00e9es, \u00e0 un prix d\u00e9fiant toute concurrence !<\/p>\n              \n                          <\/div>\n          <\/div>\n\n          <img decoding=\"async\" width=\"1024\" height=\"293\" src=\"https:\/\/www.novotek.com\/ch\/wp-content\/uploads\/sites\/3\/Visualize-1024x293.jpg.webp\" class=\"hero-bg\" alt=\"Hero Img\" fetchpriority=\"high\" srcset=\"https:\/\/www.novotek.com\/ch\/wp-content\/uploads\/sites\/3\/Visualize-1024x293.jpg.webp 1024w, https:\/\/www.novotek.com\/ch\/wp-content\/uploads\/sites\/3\/Visualize-300x86.jpg.webp 300w, https:\/\/www.novotek.com\/ch\/wp-content\/uploads\/sites\/3\/Visualize-768x220.jpg.webp 768w, https:\/\/www.novotek.com\/ch\/wp-content\/uploads\/sites\/3\/Visualize-1536x440.jpg.webp 1536w, https:\/\/www.novotek.com\/ch\/wp-content\/uploads\/sites\/3\/Visualize-86x25.jpg.webp 86w, https:\/\/www.novotek.com\/ch\/wp-content\/uploads\/sites\/3\/Visualize-306x88.jpg.webp 306w, https:\/\/www.novotek.com\/ch\/wp-content\/uploads\/sites\/3\/Visualize-636x182.jpg.webp 636w, https:\/\/www.novotek.com\/ch\/wp-content\/uploads\/sites\/3\/Visualize-1632x468.jpg.webp 1632w, https:\/\/www.novotek.com\/ch\/wp-content\/uploads\/sites\/3\/Visualize.jpg.webp 1920w\" sizes=\"(max-width: 1024px) 100vw, 1024px\" \/>                  <\/div>\n          <\/div>\n\n      <\/div>\n\n   \n\n\n<div class=\"container-md spacer  \">\n<div style=\"height:20px\" aria-hidden=\"true\" class=\"wp-block-spacer\"><\/div>\n<\/div>\n\n<div class=\"container-md heading  \">\n<h2 class=\"wp-block-heading\">Principes directeurs du d\u00e9veloppement<\/h2>\n<\/div>\n\n<div class=\"container-md paragraph  \">\n<p>JMobile a \u00e9t\u00e9 d\u00e9velopp\u00e9 selon trois principes, qui seront \u00e9galement pris en compte dans la suite du d\u00e9veloppement :<\/p>\n<\/div>\n\n<div class=\"container-md list  \">\n<ul class=\"wp-block-list\"><div class=\"container-md list-item  \">\n<li>Ouverture aux principaux protocoles de bus de terrain et de communication<\/li>\n<\/div>\n\n<div class=\"container-md list-item  \">\n<li>Utilisation de technologies ouvertes et reconnues sur le march\u00e9, telles que HTML5, SVG, XML, &#8230;<\/li>\n<\/div>\n\n<div class=\"container-md list-item  \">\n<li>Int\u00e9gration simple et s\u00fbre d&#8217;une s\u00e9lection de logiciels tiers leaders sur le march\u00e9<\/li>\n<\/div><\/ul>\n<\/div>\n\n<div class=\"container-md spacer  \">\n<div style=\"height:100px\" aria-hidden=\"true\" class=\"wp-block-spacer\"><\/div>\n<\/div>\n\n<div class=\"container-md heading  \">\n<h2 class=\"wp-block-heading\">Aper\u00e7u<\/h2>\n<\/div>\n\n<div class=\"container-md paragraph  \">\n<p>JMobile permet de communiquer avec tous les automates, E\/S, capteurs et appareils de mouvement via les principaux protocoles tels que PROFINET, EtherCAT, POWERLINK, EtherNet\/IP, Modbus et bien d&#8217;autres. Gr\u00e2ce au standard OPC UA tr\u00e8s robuste (\u00e9galement TSN), les donn\u00e9es peuvent \u00eatre partag\u00e9es de mani\u00e8re transparente avec d&#8217;autres r\u00e9seaux ou des niveaux d&#8217;automatisation sup\u00e9rieurs. <\/p>\n<\/div>\n\n<div class=\"container-md image  \">\n<figure class=\"wp-block-image size-full\"><img loading=\"lazy\" decoding=\"async\" width=\"945\" height=\"702\" src=\"https:\/\/www.novotek.com\/ch\/wp-content\/uploads\/sites\/3\/JMobile-Ueberblick.png\" alt=\"\" class=\"wp-image-26900\" srcset=\"https:\/\/www.novotek.com\/ch\/wp-content\/uploads\/sites\/3\/JMobile-Ueberblick.png 945w, https:\/\/www.novotek.com\/ch\/wp-content\/uploads\/sites\/3\/JMobile-Ueberblick-300x223.png 300w, https:\/\/www.novotek.com\/ch\/wp-content\/uploads\/sites\/3\/JMobile-Ueberblick-768x571.png 768w, https:\/\/www.novotek.com\/ch\/wp-content\/uploads\/sites\/3\/JMobile-Ueberblick-86x64.png 86w, https:\/\/www.novotek.com\/ch\/wp-content\/uploads\/sites\/3\/JMobile-Ueberblick-306x227.png 306w, https:\/\/www.novotek.com\/ch\/wp-content\/uploads\/sites\/3\/JMobile-Ueberblick-636x472.png 636w\" sizes=\"auto, (max-width: 945px) 100vw, 945px\" \/><\/figure>\n<\/div>\n\n<div class=\"container-md paragraph  \">\n<p>JMobile a \u00e9t\u00e9 d\u00e9velopp\u00e9 en \u00e9troite collaboration avec les clients et est aussi continuellement d\u00e9velopp\u00e9 avec des partenaires. La facilit\u00e9 de mise en \u0153uvre et l&#8217;utilisation d&#8217;\u00e9l\u00e9ments graphiques convaincants et modernes, int\u00e9gr\u00e9s dans la vaste biblioth\u00e8que, permettent de d\u00e9velopper rapidement et de mani\u00e8re unique des syst\u00e8mes de commande intuitifs. <\/p>\n<\/div>\n\n<div class=\"container-md spacer  \">\n<div style=\"height:100px\" aria-hidden=\"true\" class=\"wp-block-spacer\"><\/div>\n<\/div>\n\n<div class=\"container-md heading  \">\n<h2 class=\"wp-block-heading\" id=\"h-eine-leistungsstarke-losung-mit-vielen-funktionen\">Highlights<\/h2>\n<\/div>\n\n<div class=\"container-md list  \">\n<ul class=\"wp-block-list\"><div class=\"container-md list-item  \">\n<li>Grande facilit\u00e9 d&#8217;utilisation<\/li>\n<\/div>\n\n<div class=\"container-md list-item  \">\n<li>Une galerie de widgets &#8220;plats&#8221; \u00e0 la pointe de la technologie<\/li>\n<\/div>\n\n<div class=\"container-md list-item  \">\n<li>Connexion \u00e0 la base de donn\u00e9es int\u00e9gr\u00e9e<\/li>\n<\/div>\n\n<div class=\"container-md list-item  \">\n<li>Du shopfloor au cloud\/big data<\/li>\n<\/div>\n\n<div class=\"container-md list-item  \">\n<li>Interface SVG+HTML5<\/li>\n<\/div>\n\n<div class=\"container-md list-item  \">\n<li>Alarmes avec alerte correspondante<\/li>\n<\/div>\n\n<div class=\"container-md list-item  \">\n<li>Scripting efficace avec JavaScript<\/li>\n<\/div>\n\n<div class=\"container-md list-item  \">\n<li>Plus de 200 protocoles de communication int\u00e9gr\u00e9s pour communiquer avec n&#8217;importe quel syst\u00e8me<\/li>\n<\/div>\n\n<div class=\"container-md list-item  \">\n<li>Runtime pour diff\u00e9rentes plates-formes : Linux, Windows, &#8230;<\/li>\n<\/div>\n\n<div class=\"container-md list-item  \">\n<li>Multilinguisme<\/li>\n<\/div>\n\n<div class=\"container-md list-item  \">\n<li>Gestion des utilisateurs<\/li>\n<\/div>\n\n<div class=\"container-md list-item  \">\n<li>Reporting<\/li>\n<\/div>\n\n<div class=\"container-md list-item  \">\n<li>Audit Trail<\/li>\n<\/div>\n\n<div class=\"container-md list-item  \">\n<li>Zeitplaner<\/li>\n<\/div>\n\n<div class=\"container-md list-item  \">\n<li>Envoi de SMS et d&#8217;e-mails<\/li>\n<\/div>\n\n<div class=\"container-md list-item  \">\n<li>Connectivit\u00e9 int\u00e9gr\u00e9e aux syst\u00e8mes de cloud (MQTT)<\/li>\n<\/div>\n\n<div class=\"container-md list-item  \">\n<li>Serveur et client OPC UA<\/li>\n<\/div>\n\n<div class=\"container-md list-item  \">\n<li>Acc\u00e8s \u00e0 distance gratuit (clients Windows et Linux)<\/li>\n<\/div><\/ul>\n<\/div>\n\n<div class=\"container-md spacer  \">\n<div style=\"height:25px\" aria-hidden=\"true\" class=\"wp-block-spacer\"><\/div>\n<\/div>\n\n<div class=\"container-md image  \">\n<figure class=\"wp-block-image size-full\"><img loading=\"lazy\" decoding=\"async\" width=\"700\" height=\"298\" src=\"https:\/\/www.novotek.com\/ch\/wp-content\/uploads\/sites\/3\/JMobile-Highlights.png\" alt=\"\" class=\"wp-image-26161\" srcset=\"https:\/\/www.novotek.com\/ch\/wp-content\/uploads\/sites\/3\/JMobile-Highlights.png 700w, https:\/\/www.novotek.com\/ch\/wp-content\/uploads\/sites\/3\/JMobile-Highlights-300x128.png 300w, https:\/\/www.novotek.com\/ch\/wp-content\/uploads\/sites\/3\/JMobile-Highlights-86x37.png 86w, https:\/\/www.novotek.com\/ch\/wp-content\/uploads\/sites\/3\/JMobile-Highlights-306x130.png 306w, https:\/\/www.novotek.com\/ch\/wp-content\/uploads\/sites\/3\/JMobile-Highlights-636x271.png 636w\" sizes=\"auto, (max-width: 700px) 100vw, 700px\" \/><\/figure>\n<\/div>\n\n<div class=\"container-md spacer  \">\n<div style=\"height:100px\" aria-hidden=\"true\" class=\"wp-block-spacer\"><\/div>\n<\/div>\n\n<div class=\"container-md heading  \">\n<h2 class=\"wp-block-heading\" id=\"h-eine-leistungsstarke-losung-mit-vielen-funktionen\">Nouveaut\u00e9s et am\u00e9liorations de la version 4.5 SP1<\/h2>\n<\/div>\n\n<div class=\"container-md list  \">\n<ul class=\"wp-block-list\"><div class=\"container-md list-item  \">\n<li>Galerie de widgets enti\u00e8rement repens\u00e9e avec fonction de recherche<\/li>\n<\/div>\n\n<div class=\"container-md list-item  \">\n<li>Nouvelles pages de tableau de bord pour faciliter le d\u00e9veloppement d&#8217;applications Responsive Design<\/li>\n<\/div>\n\n<div class=\"container-md list-item  \">\n<li>Prise en charge native de la connexion aux bases de donn\u00e9es SQL<\/li>\n<\/div>\n\n<div class=\"container-md list-item  \">\n<li>Chiffrement des projets pour prot\u00e9ger votre propri\u00e9t\u00e9 intellectuelle<\/li>\n<\/div>\n\n<div class=\"container-md list-item  \">\n<li>Am\u00e9lioration de Cyber Security (microprogrammes sign\u00e9s, projets sign\u00e9s)<\/li>\n<\/div>\n\n<div class=\"container-md list-item  \">\n<li>Widget &#8220;en pile&#8221; pour faciliter le d\u00e9veloppement en cas de composants superpos\u00e9s<\/li>\n<\/div>\n\n<div class=\"container-md list-item  \">\n<li>Widgets d&#8217;onglets et de barres d&#8217;outils avec contr\u00f4le gestuel int\u00e9gr\u00e9<\/li>\n<\/div>\n\n<div class=\"container-md list-item  \">\n<li>Widget code QR<\/li>\n<\/div>\n\n<div class=\"container-md list-item  \">\n<li>Widgets tendance remani\u00e9s avec commande gestuelle int\u00e9gr\u00e9e et nouvelles fonctions<\/li>\n<\/div>\n\n<div class=\"container-md list-item  \">\n<li>Nouveau widget pour navigateur<\/li>\n<\/div>\n\n<div class=\"container-md list-item  \">\n<li>Aide en ligne bas\u00e9e sur le web avec une fonction de recherche am\u00e9lior\u00e9e<\/li>\n<\/div>\n\n<div class=\"container-md list-item  \">\n<li>Am\u00e9lioration de la gestion des recettes<\/li>\n<\/div>\n\n<div class=\"container-md list-item  \">\n<li>Fonction multilingue am\u00e9lior\u00e9e<\/li>\n<\/div>\n\n<div class=\"container-md list-item  \">\n<li>Nouvelles fonctionnalit\u00e9s comme le widget RTSP et le protocole Codesys-Secure<\/li>\n<\/div><\/ul>\n<\/div>\n\n<div class=\"container-md spacer  \">\n<div style=\"height:100px\" aria-hidden=\"true\" class=\"wp-block-spacer\"><\/div>\n<\/div>\n\n<div class=\"container-md heading  \">\n<h3 class=\"wp-block-heading\">Plus d&#8217;informations <\/h3>\n<\/div>\n\n<div class=\"container-md spacer  \">\n<div style=\"height:30px\" aria-hidden=\"true\" class=\"wp-block-spacer\"><\/div>\n<\/div>\n\n<div class=\"container-md buttons  \">\n<div class=\"wp-block-buttons is-horizontal is-content-justification-center is-nowrap is-layout-flex wp-container-core-buttons-is-layout-fc65f29c wp-block-buttons-is-layout-flex\"><div class=\"container-md button  \">\n<div class=\"wp-block-button\"><a class=\"wp-block-button__link has-novotek-white-color has-text-color has-background has-link-color wp-element-button\" href=\"https:\/\/www.exorint.com\/de\/produkte\/software\/jmobile\" style=\"background-color:#ab192d\" target=\"_blank\" rel=\"noreferrer noopener\">JMobile Exor<\/a><\/div>\n<\/div>\n\n<div class=\"container-md button  \">\n<div class=\"wp-block-button\"><a class=\"wp-block-button__link has-novotek-white-color has-text-color has-background has-link-color wp-element-button\" href=\"https:\/\/www.novotek.com\/at\/wp-content\/uploads\/sites\/13\/exor-produktkatalog_22.pdf\" style=\"background-color:#ab192d\" target=\"_blank\" rel=\"noreferrer noopener\">Catalogue de produits Exor<\/a><\/div>\n<\/div>\n\n<div class=\"container-md button  \">\n<div class=\"wp-block-button\"><a class=\"wp-block-button__link has-novotek-white-color has-text-color has-background has-link-color wp-element-button\" href=\"https:\/\/www.novotek.com\/at\/wp-content\/uploads\/sites\/13\/JMobile-Studio-4.5-User-Manual.pdf\" style=\"background-color:#ab192d\" target=\"_blank\" rel=\"noreferrer noopener\">User Manual<\/a><\/div>\n<\/div>\n\n<div class=\"container-md button  \">\n<div class=\"wp-block-button\"><a class=\"wp-block-button__link has-novotek-white-color has-text-color has-background has-link-color wp-element-button\" href=\"https:\/\/www.novotek.com\/at\/wp-content\/uploads\/sites\/13\/UserManual_JMobile_Protocols.pdf\" style=\"background-color:#ab192d\" target=\"_blank\" rel=\"noreferrer noopener\">Protokollliste<\/a><\/div>\n<\/div>\n\n<div class=\"container-md button  \">\n<div class=\"wp-block-button\"><a class=\"wp-block-button__link has-novotek-white-color has-text-color has-background has-link-color wp-element-button\" href=\"https:\/\/www.exorint.com\/support\/jmobile-v45-video-features\" style=\"background-color:#ab192d\" target=\"_blank\" rel=\"noreferrer noopener\">Vid\u00e9os<\/a><\/div>\n<\/div><\/div>\n<\/div>\n\n<div class=\"container-md spacer  \">\n<div style=\"height:100px\" aria-hidden=\"true\" class=\"wp-block-spacer\"><\/div>\n<\/div>","protected":false},"excerpt":{"rendered":"<p>Avec un seul logiciel facile \u00e0 ma\u00eetriser, JMobile d\u2019Exor couvre la connectivit\u00e9, la gestion des appareils, la gestion des processus et la visualisation des donn\u00e9es.<\/p>\n","protected":false},"author":35,"featured_media":0,"parent":15007,"menu_order":0,"comment_status":"closed","ping_status":"closed","template":"","meta":{"_acf_changed":false,"_relevanssi_hide_post":"","_relevanssi_pin_for_all":"","_relevanssi_pin_keywords":"","_relevanssi_unpin_keywords":"","_relevanssi_related_keywords":"","_relevanssi_related_include_ids":"","_relevanssi_related_exclude_ids":"","_relevanssi_related_no_append":"","_relevanssi_related_not_related":"","_relevanssi_related_posts":"","_relevanssi_noindex_reason":"","content-type":"","footnotes":""},"class_list":["post-26945","page","type-page","status-publish","hentry"],"acf":[],"yoast_head":"<!-- This site is optimized with the Yoast SEO plugin v27.4 - https:\/\/yoast.com\/product\/yoast-seo-wordpress\/ -->\n<title>JMobile - le logiciel de visualisation - Novotek CH<\/title>\n<meta name=\"description\" content=\"Tout est sous contr\u00f4le avec JMobile d&#039;Exor : Mettre en r\u00e9seau, g\u00e9rer, visualiser - puissant et \u00e0 un prix imbattable.\" \/>\n<meta name=\"robots\" content=\"index, follow, max-snippet:-1, max-image-preview:large, max-video-preview:-1\" \/>\n<link rel=\"canonical\" href=\"https:\/\/www.novotek.com\/ch\/fr\/materiel-industriel\/jmobile\/\" \/>\n<meta property=\"og:locale\" content=\"fr_FR\" \/>\n<meta property=\"og:type\" content=\"article\" \/>\n<meta property=\"og:title\" content=\"JMobile - le logiciel de visualisation - Novotek CH\" \/>\n<meta property=\"og:description\" content=\"Tout est sous contr\u00f4le avec JMobile d&#039;Exor : Mettre en r\u00e9seau, g\u00e9rer, visualiser - puissant et \u00e0 un prix imbattable.\" \/>\n<meta property=\"og:url\" content=\"https:\/\/www.novotek.com\/ch\/fr\/materiel-industriel\/jmobile\/\" \/>\n<meta property=\"og:site_name\" content=\"Novotek CH\" \/>\n<meta property=\"article:modified_time\" content=\"2025-10-21T15:26:19+00:00\" \/>\n<meta property=\"og:image\" content=\"https:\/\/www.novotek.com\/ch\/wp-content\/uploads\/sites\/3\/JMobile-Ueberblick.png\" \/>\n<meta name=\"twitter:card\" content=\"summary_large_image\" \/>\n<meta name=\"twitter:label1\" content=\"Est. reading time\" \/>\n\t<meta name=\"twitter:data1\" content=\"3 minutes\" \/>\n<script type=\"application\/ld+json\" class=\"yoast-schema-graph\">{\"@context\":\"https:\\\/\\\/schema.org\",\"@graph\":[{\"@type\":\"WebPage\",\"@id\":\"https:\\\/\\\/www.novotek.com\\\/ch\\\/fr\\\/materiel-industriel\\\/jmobile\\\/\",\"url\":\"https:\\\/\\\/www.novotek.com\\\/ch\\\/fr\\\/materiel-industriel\\\/jmobile\\\/\",\"name\":\"JMobile - le logiciel de visualisation - Novotek CH\",\"isPartOf\":{\"@id\":\"https:\\\/\\\/www.novotek.com\\\/ch\\\/#website\"},\"primaryImageOfPage\":{\"@id\":\"https:\\\/\\\/www.novotek.com\\\/ch\\\/fr\\\/materiel-industriel\\\/jmobile\\\/#primaryimage\"},\"image\":{\"@id\":\"https:\\\/\\\/www.novotek.com\\\/ch\\\/fr\\\/materiel-industriel\\\/jmobile\\\/#primaryimage\"},\"thumbnailUrl\":\"https:\\\/\\\/www.novotek.com\\\/ch\\\/wp-content\\\/uploads\\\/sites\\\/3\\\/JMobile-Ueberblick.png\",\"datePublished\":\"2025-06-26T14:14:15+00:00\",\"dateModified\":\"2025-10-21T15:26:19+00:00\",\"description\":\"Tout est sous contr\u00f4le avec JMobile d'Exor : Mettre en r\u00e9seau, g\u00e9rer, visualiser - puissant et \u00e0 un prix imbattable.\",\"breadcrumb\":{\"@id\":\"https:\\\/\\\/www.novotek.com\\\/ch\\\/fr\\\/materiel-industriel\\\/jmobile\\\/#breadcrumb\"},\"inLanguage\":\"fr-CH\",\"potentialAction\":[{\"@type\":\"ReadAction\",\"target\":[\"https:\\\/\\\/www.novotek.com\\\/ch\\\/fr\\\/materiel-industriel\\\/jmobile\\\/\"]}]},{\"@type\":\"ImageObject\",\"inLanguage\":\"fr-CH\",\"@id\":\"https:\\\/\\\/www.novotek.com\\\/ch\\\/fr\\\/materiel-industriel\\\/jmobile\\\/#primaryimage\",\"url\":\"https:\\\/\\\/www.novotek.com\\\/ch\\\/wp-content\\\/uploads\\\/sites\\\/3\\\/JMobile-Ueberblick.png\",\"contentUrl\":\"https:\\\/\\\/www.novotek.com\\\/ch\\\/wp-content\\\/uploads\\\/sites\\\/3\\\/JMobile-Ueberblick.png\"},{\"@type\":\"BreadcrumbList\",\"@id\":\"https:\\\/\\\/www.novotek.com\\\/ch\\\/fr\\\/materiel-industriel\\\/jmobile\\\/#breadcrumb\",\"itemListElement\":[{\"@type\":\"ListItem\",\"position\":1,\"name\":\"Home\",\"item\":\"https:\\\/\\\/www.novotek.com\\\/ch\\\/fr\\\/\"},{\"@type\":\"ListItem\",\"position\":2,\"name\":\"Mat\u00e9riel industriel\",\"item\":\"https:\\\/\\\/www.novotek.com\\\/ch\\\/fr\\\/materiel-industriel\\\/\"},{\"@type\":\"ListItem\",\"position\":3,\"name\":\"JMobile\"}]},{\"@type\":\"WebSite\",\"@id\":\"https:\\\/\\\/www.novotek.com\\\/ch\\\/#website\",\"url\":\"https:\\\/\\\/www.novotek.com\\\/ch\\\/\",\"name\":\"Novotek Switzerland AG\",\"description\":\"Connect - Digitalize - Optimize\",\"publisher\":{\"@id\":\"https:\\\/\\\/www.novotek.com\\\/ch\\\/#organization\"},\"potentialAction\":[{\"@type\":\"SearchAction\",\"target\":{\"@type\":\"EntryPoint\",\"urlTemplate\":\"https:\\\/\\\/www.novotek.com\\\/ch\\\/?s={search_term_string}\"},\"query-input\":{\"@type\":\"PropertyValueSpecification\",\"valueRequired\":true,\"valueName\":\"search_term_string\"}}],\"inLanguage\":\"fr-CH\"},{\"@type\":\"Organization\",\"@id\":\"https:\\\/\\\/www.novotek.com\\\/ch\\\/#organization\",\"name\":\"Novotek Switzerland AG\",\"url\":\"https:\\\/\\\/www.novotek.com\\\/ch\\\/\",\"logo\":{\"@type\":\"ImageObject\",\"inLanguage\":\"fr-CH\",\"@id\":\"https:\\\/\\\/www.novotek.com\\\/ch\\\/#\\\/schema\\\/logo\\\/image\\\/\",\"url\":\"https:\\\/\\\/www.novotek.com\\\/ch\\\/wp-content\\\/uploads\\\/sites\\\/3\\\/novotek-symbol-rgb-pos-white-border-512x512-1.png\",\"contentUrl\":\"https:\\\/\\\/www.novotek.com\\\/ch\\\/wp-content\\\/uploads\\\/sites\\\/3\\\/novotek-symbol-rgb-pos-white-border-512x512-1.png\",\"width\":512,\"height\":512,\"caption\":\"Novotek Switzerland AG\"},\"image\":{\"@id\":\"https:\\\/\\\/www.novotek.com\\\/ch\\\/#\\\/schema\\\/logo\\\/image\\\/\"}}]}<\/script>\n<!-- \/ Yoast SEO plugin. -->","yoast_head_json":{"title":"JMobile - le logiciel de visualisation - Novotek CH","description":"Tout est sous contr\u00f4le avec JMobile d'Exor : Mettre en r\u00e9seau, g\u00e9rer, visualiser - puissant et \u00e0 un prix imbattable.","robots":{"index":"index","follow":"follow","max-snippet":"max-snippet:-1","max-image-preview":"max-image-preview:large","max-video-preview":"max-video-preview:-1"},"canonical":"https:\/\/www.novotek.com\/ch\/fr\/materiel-industriel\/jmobile\/","og_locale":"fr_FR","og_type":"article","og_title":"JMobile - le logiciel de visualisation - Novotek CH","og_description":"Tout est sous contr\u00f4le avec JMobile d'Exor : Mettre en r\u00e9seau, g\u00e9rer, visualiser - puissant et \u00e0 un prix imbattable.","og_url":"https:\/\/www.novotek.com\/ch\/fr\/materiel-industriel\/jmobile\/","og_site_name":"Novotek CH","article_modified_time":"2025-10-21T15:26:19+00:00","og_image":[{"url":"https:\/\/www.novotek.com\/ch\/wp-content\/uploads\/sites\/3\/JMobile-Ueberblick.png","type":"","width":"","height":""}],"twitter_card":"summary_large_image","twitter_misc":{"Est. reading time":"3 minutes"},"schema":{"@context":"https:\/\/schema.org","@graph":[{"@type":"WebPage","@id":"https:\/\/www.novotek.com\/ch\/fr\/materiel-industriel\/jmobile\/","url":"https:\/\/www.novotek.com\/ch\/fr\/materiel-industriel\/jmobile\/","name":"JMobile - le logiciel de visualisation - Novotek CH","isPartOf":{"@id":"https:\/\/www.novotek.com\/ch\/#website"},"primaryImageOfPage":{"@id":"https:\/\/www.novotek.com\/ch\/fr\/materiel-industriel\/jmobile\/#primaryimage"},"image":{"@id":"https:\/\/www.novotek.com\/ch\/fr\/materiel-industriel\/jmobile\/#primaryimage"},"thumbnailUrl":"https:\/\/www.novotek.com\/ch\/wp-content\/uploads\/sites\/3\/JMobile-Ueberblick.png","datePublished":"2025-06-26T14:14:15+00:00","dateModified":"2025-10-21T15:26:19+00:00","description":"Tout est sous contr\u00f4le avec JMobile d'Exor : Mettre en r\u00e9seau, g\u00e9rer, visualiser - puissant et \u00e0 un prix imbattable.","breadcrumb":{"@id":"https:\/\/www.novotek.com\/ch\/fr\/materiel-industriel\/jmobile\/#breadcrumb"},"inLanguage":"fr-CH","potentialAction":[{"@type":"ReadAction","target":["https:\/\/www.novotek.com\/ch\/fr\/materiel-industriel\/jmobile\/"]}]},{"@type":"ImageObject","inLanguage":"fr-CH","@id":"https:\/\/www.novotek.com\/ch\/fr\/materiel-industriel\/jmobile\/#primaryimage","url":"https:\/\/www.novotek.com\/ch\/wp-content\/uploads\/sites\/3\/JMobile-Ueberblick.png","contentUrl":"https:\/\/www.novotek.com\/ch\/wp-content\/uploads\/sites\/3\/JMobile-Ueberblick.png"},{"@type":"BreadcrumbList","@id":"https:\/\/www.novotek.com\/ch\/fr\/materiel-industriel\/jmobile\/#breadcrumb","itemListElement":[{"@type":"ListItem","position":1,"name":"Home","item":"https:\/\/www.novotek.com\/ch\/fr\/"},{"@type":"ListItem","position":2,"name":"Mat\u00e9riel industriel","item":"https:\/\/www.novotek.com\/ch\/fr\/materiel-industriel\/"},{"@type":"ListItem","position":3,"name":"JMobile"}]},{"@type":"WebSite","@id":"https:\/\/www.novotek.com\/ch\/#website","url":"https:\/\/www.novotek.com\/ch\/","name":"Novotek Switzerland AG","description":"Connect - Digitalize - Optimize","publisher":{"@id":"https:\/\/www.novotek.com\/ch\/#organization"},"potentialAction":[{"@type":"SearchAction","target":{"@type":"EntryPoint","urlTemplate":"https:\/\/www.novotek.com\/ch\/?s={search_term_string}"},"query-input":{"@type":"PropertyValueSpecification","valueRequired":true,"valueName":"search_term_string"}}],"inLanguage":"fr-CH"},{"@type":"Organization","@id":"https:\/\/www.novotek.com\/ch\/#organization","name":"Novotek Switzerland AG","url":"https:\/\/www.novotek.com\/ch\/","logo":{"@type":"ImageObject","inLanguage":"fr-CH","@id":"https:\/\/www.novotek.com\/ch\/#\/schema\/logo\/image\/","url":"https:\/\/www.novotek.com\/ch\/wp-content\/uploads\/sites\/3\/novotek-symbol-rgb-pos-white-border-512x512-1.png","contentUrl":"https:\/\/www.novotek.com\/ch\/wp-content\/uploads\/sites\/3\/novotek-symbol-rgb-pos-white-border-512x512-1.png","width":512,"height":512,"caption":"Novotek Switzerland AG"},"image":{"@id":"https:\/\/www.novotek.com\/ch\/#\/schema\/logo\/image\/"}}]}},"_links":{"self":[{"href":"https:\/\/www.novotek.com\/ch\/fr\/wp-json\/wp\/v2\/pages\/26945","targetHints":{"allow":["GET"]}}],"collection":[{"href":"https:\/\/www.novotek.com\/ch\/fr\/wp-json\/wp\/v2\/pages"}],"about":[{"href":"https:\/\/www.novotek.com\/ch\/fr\/wp-json\/wp\/v2\/types\/page"}],"author":[{"embeddable":true,"href":"https:\/\/www.novotek.com\/ch\/fr\/wp-json\/wp\/v2\/users\/35"}],"replies":[{"embeddable":true,"href":"https:\/\/www.novotek.com\/ch\/fr\/wp-json\/wp\/v2\/comments?post=26945"}],"version-history":[{"count":3,"href":"https:\/\/www.novotek.com\/ch\/fr\/wp-json\/wp\/v2\/pages\/26945\/revisions"}],"predecessor-version":[{"id":28273,"href":"https:\/\/www.novotek.com\/ch\/fr\/wp-json\/wp\/v2\/pages\/26945\/revisions\/28273"}],"up":[{"embeddable":true,"href":"https:\/\/www.novotek.com\/ch\/fr\/wp-json\/wp\/v2\/pages\/15007"}],"wp:attachment":[{"href":"https:\/\/www.novotek.com\/ch\/fr\/wp-json\/wp\/v2\/media?parent=26945"}],"curies":[{"name":"wp","href":"https:\/\/api.w.org\/{rel}","templated":true}]}}