{"id":26965,"date":"2025-06-27T09:35:13","date_gmt":"2025-06-27T09:35:13","guid":{"rendered":"https:\/\/www.novotek.com\/ch\/?page_id=26965"},"modified":"2025-06-27T09:35:15","modified_gmt":"2025-06-27T09:35:15","slug":"corvina-d-exor","status":"publish","type":"page","link":"https:\/\/www.novotek.com\/ch\/fr\/connectivit\/corvina-d-exor\/","title":{"rendered":"Corvina d&#8217; Exor"},"content":{"rendered":"  <div class=\"hero\">\n    <div class=\"carousel hero-slider small\" data-flickity data-flickity-options='{\"prevNextButtons\": false}'>\n              <div class=\"carousel-cell\">\n          <div class=\"container\">\n            <div class=\"hero-content\">\n                              <h2>Corvina<\/h2>\n<h2 id=\"h-emerson\" class=\"wp-block-heading\">Exor International<\/h2>\n<p>Connectez, surveillez et contr\u00f4lez votre parc de machines de mani\u00e8re centralis\u00e9e. Vous b\u00e9n\u00e9ficiez d&#8217;une combinaison puissante d&#8217;acc\u00e8s VPN en nuage s\u00e9curis\u00e9 et de gestion des appareils en p\u00e9riph\u00e9rie pour les environnements de production modernes.<\/p>\n              \n                          <\/div>\n          <\/div>\n\n          <img decoding=\"async\" width=\"1024\" height=\"293\" src=\"https:\/\/www.novotek.com\/ch\/wp-content\/uploads\/sites\/3\/corvina-1-1024x293.jpg.webp\" class=\"hero-bg\" alt=\"Hero Img\" fetchpriority=\"high\" srcset=\"https:\/\/www.novotek.com\/ch\/wp-content\/uploads\/sites\/3\/corvina-1-1024x293.jpg.webp 1024w, https:\/\/www.novotek.com\/ch\/wp-content\/uploads\/sites\/3\/corvina-1-300x86.jpg.webp 300w, https:\/\/www.novotek.com\/ch\/wp-content\/uploads\/sites\/3\/corvina-1-768x220.jpg.webp 768w, https:\/\/www.novotek.com\/ch\/wp-content\/uploads\/sites\/3\/corvina-1-1536x440.jpg.webp 1536w, https:\/\/www.novotek.com\/ch\/wp-content\/uploads\/sites\/3\/corvina-1-86x25.jpg.webp 86w, https:\/\/www.novotek.com\/ch\/wp-content\/uploads\/sites\/3\/corvina-1-306x88.jpg.webp 306w, https:\/\/www.novotek.com\/ch\/wp-content\/uploads\/sites\/3\/corvina-1-636x182.jpg.webp 636w, https:\/\/www.novotek.com\/ch\/wp-content\/uploads\/sites\/3\/corvina-1-1632x468.jpg.webp 1632w, https:\/\/www.novotek.com\/ch\/wp-content\/uploads\/sites\/3\/corvina-1.jpg.webp 1920w\" sizes=\"(max-width: 1024px) 100vw, 1024px\" \/>                  <\/div>\n          <\/div>\n\n      <\/div>\n\n   \n\n\n<div class=\"container-md heading  \">\n<h1 class=\"wp-block-heading\">Corvina num\u00e9rise l&#8217;acc\u00e8s aux machines et met votre production en r\u00e9seau<\/h1>\n<\/div>\n\n<div class=\"container-md paragraph  \">\n<p>La puissante plateforme IIoT pour les applications industrielles, qui vous permet d&#8217;acc\u00e9der aux machines et aux commandes dans le monde entier, de g\u00e9rer les appareils de mani\u00e8re centralis\u00e9e et d&#8217;int\u00e9grer les donn\u00e9es OT en toute s\u00e9curit\u00e9. Elle combine une t\u00e9l\u00e9maintenance s\u00e9curis\u00e9e, une gestion \u00e9volutive des p\u00e9riph\u00e9ries et une connectivit\u00e9 moderne des donn\u00e9es &#8211; pour une efficacit\u00e9, une transparence et un contr\u00f4le accrus de votre production. Que vous soyez constructeur de machines ou exploitant d&#8217;installations complexes.  <\/p>\n<\/div>\n\n<div class=\"container-md spacer  \">\n<div style=\"height:100px\" aria-hidden=\"true\" class=\"wp-block-spacer\"><\/div>\n<\/div>\n\n<div class=\"container media-text  alignwide\">\n<div class=\"wp-block-media-text alignwide has-media-on-the-right is-stacked-on-mobile is-vertically-aligned-top\" style=\"grid-template-columns:auto 40%\"><div class=\"wp-block-media-text__content\"><div class=\"container-md heading  \">\n<h2 class=\"wp-block-heading\">Corvina Cloud VPN<\/h2>\n<\/div>\n\n<div class=\"container-md paragraph  \">\n<p>La solution de t\u00e9l\u00e9maintenance s\u00e9curis\u00e9e bas\u00e9e sur OpenVPN et SSL, qui vous permet de g\u00e9rer et d&#8217;entretenir \u00e0 distance tous vos appareils via un portail central.<\/p>\n<\/div>\n\n<div class=\"container-md spacer  \">\n<div style=\"height:30px\" aria-hidden=\"true\" class=\"wp-block-spacer\"><\/div>\n<\/div>\n\n<div class=\"container-md buttons  \">\n<div class=\"wp-block-buttons is-layout-flex wp-block-buttons-is-layout-flex\"><div class=\"container-md button  \">\n<div class=\"wp-block-button\"><a class=\"wp-block-button__link has-novotek-white-color has-novotek-red-background-color has-text-color has-background has-link-color wp-element-button\" href=\"https:\/\/corvina.io\/de\/x-platform\/vpn-remote-access\" target=\"_blank\" rel=\"noreferrer noopener\">Corvina Cloud VPN<\/a><\/div>\n<\/div><\/div>\n<\/div><\/div><figure class=\"wp-block-media-text__media\"><img loading=\"lazy\" decoding=\"async\" width=\"700\" height=\"402\" src=\"https:\/\/www.novotek.com\/ch\/wp-content\/uploads\/sites\/3\/corvina-cloud.png\" alt=\"\" class=\"wp-image-26818 size-full\" srcset=\"https:\/\/www.novotek.com\/ch\/wp-content\/uploads\/sites\/3\/corvina-cloud.png 700w, https:\/\/www.novotek.com\/ch\/wp-content\/uploads\/sites\/3\/corvina-cloud-300x172.png 300w, https:\/\/www.novotek.com\/ch\/wp-content\/uploads\/sites\/3\/corvina-cloud-86x49.png 86w, https:\/\/www.novotek.com\/ch\/wp-content\/uploads\/sites\/3\/corvina-cloud-306x176.png 306w, https:\/\/www.novotek.com\/ch\/wp-content\/uploads\/sites\/3\/corvina-cloud-636x365.png 636w\" sizes=\"auto, (max-width: 700px) 100vw, 700px\" \/><\/figure><\/div>\n<\/div>\n\n<div class=\"container-md spacer  \">\n<div style=\"height:100px\" aria-hidden=\"true\" class=\"wp-block-spacer\"><\/div>\n<\/div>\n\n<div class=\"container media-text  alignwide\">\n<div class=\"wp-block-media-text alignwide is-stacked-on-mobile is-vertically-aligned-top\" style=\"grid-template-columns:40% auto\"><figure class=\"wp-block-media-text__media\"><img loading=\"lazy\" decoding=\"async\" width=\"768\" height=\"452\" src=\"https:\/\/www.novotek.com\/ch\/wp-content\/uploads\/sites\/3\/Corvina-Edge-Manager-768x452-1.png\" alt=\"\" class=\"wp-image-26822 size-full\" srcset=\"https:\/\/www.novotek.com\/ch\/wp-content\/uploads\/sites\/3\/Corvina-Edge-Manager-768x452-1.png 768w, https:\/\/www.novotek.com\/ch\/wp-content\/uploads\/sites\/3\/Corvina-Edge-Manager-768x452-1-300x177.png 300w, https:\/\/www.novotek.com\/ch\/wp-content\/uploads\/sites\/3\/Corvina-Edge-Manager-768x452-1-86x51.png 86w, https:\/\/www.novotek.com\/ch\/wp-content\/uploads\/sites\/3\/Corvina-Edge-Manager-768x452-1-306x180.png 306w, https:\/\/www.novotek.com\/ch\/wp-content\/uploads\/sites\/3\/Corvina-Edge-Manager-768x452-1-636x374.png 636w\" sizes=\"auto, (max-width: 768px) 100vw, 768px\" \/><\/figure><div class=\"wp-block-media-text__content\"><div class=\"container-md heading  \">\n<h2 class=\"wp-block-heading\">Corvina Edge Manager<\/h2>\n<\/div>\n\n<div class=\"container-md paragraph  \">\n<p>R\u00e9volutionner la gestion des p\u00e9riph\u00e9riques de p\u00e9riph\u00e9rie. L&#8217;avenir de la gestion des flottes de machines industrielles et des mises \u00e0 jour OTA commence maintenant ! <\/p>\n<\/div>\n\n<div class=\"container-md spacer  \">\n<div style=\"height:30px\" aria-hidden=\"true\" class=\"wp-block-spacer\"><\/div>\n<\/div>\n\n<div class=\"container-md buttons  \">\n<div class=\"wp-block-buttons is-layout-flex wp-block-buttons-is-layout-flex\"><div class=\"container-md button  \">\n<div class=\"wp-block-button\"><a class=\"wp-block-button__link has-novotek-white-color has-novotek-red-background-color has-text-color has-background has-link-color wp-element-button\" href=\"https:\/\/corvina.io\/de\/corvina-edge-manager\" target=\"_blank\" rel=\"noreferrer noopener\">Corvina Edge Manager<\/a><\/div>\n<\/div><\/div>\n<\/div><\/div><\/div>\n<\/div>\n\n<div class=\"container-md spacer  \">\n<div style=\"height:100px\" aria-hidden=\"true\" class=\"wp-block-spacer\"><\/div>\n<\/div>","protected":false},"excerpt":{"rendered":"<p>Cette puissante plateforme permet d&#8217;acc\u00e9der aux machines et aux commandes dans le monde entier, de g\u00e9rer les appareils de mani\u00e8re centralis\u00e9e et d&#8217;int\u00e9grer les donn\u00e9es OT en toute s\u00e9curit\u00e9.<\/p>\n","protected":false},"author":35,"featured_media":0,"parent":13633,"menu_order":0,"comment_status":"closed","ping_status":"closed","template":"","meta":{"_acf_changed":false,"_relevanssi_hide_post":"","_relevanssi_pin_for_all":"","_relevanssi_pin_keywords":"","_relevanssi_unpin_keywords":"","_relevanssi_related_keywords":"","_relevanssi_related_include_ids":"","_relevanssi_related_exclude_ids":"","_relevanssi_related_no_append":"","_relevanssi_related_not_related":"","_relevanssi_related_posts":"","_relevanssi_noindex_reason":"","content-type":"","footnotes":""},"class_list":["post-26965","page","type-page","status-publish","hentry"],"acf":[],"yoast_head":"<!-- This site is optimized with the Yoast SEO plugin v27.4 - https:\/\/yoast.com\/product\/yoast-seo-wordpress\/ -->\n<title>Corvina d&#039; Exor - Novotek CH<\/title>\n<meta name=\"description\" content=\"Corvina, la puissante plateforme permet l&#039;acc\u00e8s \u00e0 distance, la gestion des appareils et l&#039;int\u00e9gration s\u00e9curis\u00e9e des donn\u00e9es OT dans le monde entier.\" \/>\n<meta name=\"robots\" content=\"index, follow, max-snippet:-1, max-image-preview:large, max-video-preview:-1\" \/>\n<link rel=\"canonical\" href=\"https:\/\/www.novotek.com\/ch\/fr\/connectivit\/corvina-d-exor\/\" \/>\n<meta property=\"og:locale\" content=\"fr_FR\" \/>\n<meta property=\"og:type\" content=\"article\" \/>\n<meta property=\"og:title\" content=\"Corvina d&#039; Exor - Novotek CH\" \/>\n<meta property=\"og:description\" content=\"Corvina, la puissante plateforme permet l&#039;acc\u00e8s \u00e0 distance, la gestion des appareils et l&#039;int\u00e9gration s\u00e9curis\u00e9e des donn\u00e9es OT dans le monde entier.\" \/>\n<meta property=\"og:url\" content=\"https:\/\/www.novotek.com\/ch\/fr\/connectivit\/corvina-d-exor\/\" \/>\n<meta property=\"og:site_name\" content=\"Novotek CH\" \/>\n<meta property=\"article:modified_time\" content=\"2025-06-27T09:35:15+00:00\" \/>\n<meta property=\"og:image\" content=\"https:\/\/www.novotek.com\/ch\/wp-content\/uploads\/sites\/3\/corvina-cloud.png\" \/>\n<meta name=\"twitter:card\" content=\"summary_large_image\" \/>\n<meta name=\"twitter:label1\" content=\"Est. reading time\" \/>\n\t<meta name=\"twitter:data1\" content=\"2 minutes\" \/>\n<script type=\"application\/ld+json\" class=\"yoast-schema-graph\">{\"@context\":\"https:\\\/\\\/schema.org\",\"@graph\":[{\"@type\":\"WebPage\",\"@id\":\"https:\\\/\\\/www.novotek.com\\\/ch\\\/fr\\\/connectivit\\\/corvina-d-exor\\\/\",\"url\":\"https:\\\/\\\/www.novotek.com\\\/ch\\\/fr\\\/connectivit\\\/corvina-d-exor\\\/\",\"name\":\"Corvina d' Exor - Novotek CH\",\"isPartOf\":{\"@id\":\"https:\\\/\\\/www.novotek.com\\\/ch\\\/#website\"},\"primaryImageOfPage\":{\"@id\":\"https:\\\/\\\/www.novotek.com\\\/ch\\\/fr\\\/connectivit\\\/corvina-d-exor\\\/#primaryimage\"},\"image\":{\"@id\":\"https:\\\/\\\/www.novotek.com\\\/ch\\\/fr\\\/connectivit\\\/corvina-d-exor\\\/#primaryimage\"},\"thumbnailUrl\":\"https:\\\/\\\/www.novotek.com\\\/ch\\\/wp-content\\\/uploads\\\/sites\\\/3\\\/corvina-cloud.png\",\"datePublished\":\"2025-06-27T09:35:13+00:00\",\"dateModified\":\"2025-06-27T09:35:15+00:00\",\"description\":\"Corvina, la puissante plateforme permet l'acc\u00e8s \u00e0 distance, la gestion des appareils et l'int\u00e9gration s\u00e9curis\u00e9e des donn\u00e9es OT dans le monde entier.\",\"breadcrumb\":{\"@id\":\"https:\\\/\\\/www.novotek.com\\\/ch\\\/fr\\\/connectivit\\\/corvina-d-exor\\\/#breadcrumb\"},\"inLanguage\":\"fr-CH\",\"potentialAction\":[{\"@type\":\"ReadAction\",\"target\":[\"https:\\\/\\\/www.novotek.com\\\/ch\\\/fr\\\/connectivit\\\/corvina-d-exor\\\/\"]}]},{\"@type\":\"ImageObject\",\"inLanguage\":\"fr-CH\",\"@id\":\"https:\\\/\\\/www.novotek.com\\\/ch\\\/fr\\\/connectivit\\\/corvina-d-exor\\\/#primaryimage\",\"url\":\"https:\\\/\\\/www.novotek.com\\\/ch\\\/wp-content\\\/uploads\\\/sites\\\/3\\\/corvina-cloud.png\",\"contentUrl\":\"https:\\\/\\\/www.novotek.com\\\/ch\\\/wp-content\\\/uploads\\\/sites\\\/3\\\/corvina-cloud.png\"},{\"@type\":\"BreadcrumbList\",\"@id\":\"https:\\\/\\\/www.novotek.com\\\/ch\\\/fr\\\/connectivit\\\/corvina-d-exor\\\/#breadcrumb\",\"itemListElement\":[{\"@type\":\"ListItem\",\"position\":1,\"name\":\"Home\",\"item\":\"https:\\\/\\\/www.novotek.com\\\/ch\\\/fr\\\/\"},{\"@type\":\"ListItem\",\"position\":2,\"name\":\"Connectivit&eacute;\",\"item\":\"https:\\\/\\\/www.novotek.com\\\/ch\\\/fr\\\/connectivit\\\/\"},{\"@type\":\"ListItem\",\"position\":3,\"name\":\"Corvina d&rsquo; Exor\"}]},{\"@type\":\"WebSite\",\"@id\":\"https:\\\/\\\/www.novotek.com\\\/ch\\\/#website\",\"url\":\"https:\\\/\\\/www.novotek.com\\\/ch\\\/\",\"name\":\"Novotek Switzerland AG\",\"description\":\"Connect - Digitalize - Optimize\",\"publisher\":{\"@id\":\"https:\\\/\\\/www.novotek.com\\\/ch\\\/#organization\"},\"potentialAction\":[{\"@type\":\"SearchAction\",\"target\":{\"@type\":\"EntryPoint\",\"urlTemplate\":\"https:\\\/\\\/www.novotek.com\\\/ch\\\/?s={search_term_string}\"},\"query-input\":{\"@type\":\"PropertyValueSpecification\",\"valueRequired\":true,\"valueName\":\"search_term_string\"}}],\"inLanguage\":\"fr-CH\"},{\"@type\":\"Organization\",\"@id\":\"https:\\\/\\\/www.novotek.com\\\/ch\\\/#organization\",\"name\":\"Novotek Switzerland AG\",\"url\":\"https:\\\/\\\/www.novotek.com\\\/ch\\\/\",\"logo\":{\"@type\":\"ImageObject\",\"inLanguage\":\"fr-CH\",\"@id\":\"https:\\\/\\\/www.novotek.com\\\/ch\\\/#\\\/schema\\\/logo\\\/image\\\/\",\"url\":\"https:\\\/\\\/www.novotek.com\\\/ch\\\/wp-content\\\/uploads\\\/sites\\\/3\\\/novotek-symbol-rgb-pos-white-border-512x512-1.png\",\"contentUrl\":\"https:\\\/\\\/www.novotek.com\\\/ch\\\/wp-content\\\/uploads\\\/sites\\\/3\\\/novotek-symbol-rgb-pos-white-border-512x512-1.png\",\"width\":512,\"height\":512,\"caption\":\"Novotek Switzerland AG\"},\"image\":{\"@id\":\"https:\\\/\\\/www.novotek.com\\\/ch\\\/#\\\/schema\\\/logo\\\/image\\\/\"}}]}<\/script>\n<!-- \/ Yoast SEO plugin. -->","yoast_head_json":{"title":"Corvina d' Exor - Novotek CH","description":"Corvina, la puissante plateforme permet l'acc\u00e8s \u00e0 distance, la gestion des appareils et l'int\u00e9gration s\u00e9curis\u00e9e des donn\u00e9es OT dans le monde entier.","robots":{"index":"index","follow":"follow","max-snippet":"max-snippet:-1","max-image-preview":"max-image-preview:large","max-video-preview":"max-video-preview:-1"},"canonical":"https:\/\/www.novotek.com\/ch\/fr\/connectivit\/corvina-d-exor\/","og_locale":"fr_FR","og_type":"article","og_title":"Corvina d' Exor - Novotek CH","og_description":"Corvina, la puissante plateforme permet l'acc\u00e8s \u00e0 distance, la gestion des appareils et l'int\u00e9gration s\u00e9curis\u00e9e des donn\u00e9es OT dans le monde entier.","og_url":"https:\/\/www.novotek.com\/ch\/fr\/connectivit\/corvina-d-exor\/","og_site_name":"Novotek CH","article_modified_time":"2025-06-27T09:35:15+00:00","og_image":[{"url":"https:\/\/www.novotek.com\/ch\/wp-content\/uploads\/sites\/3\/corvina-cloud.png","type":"","width":"","height":""}],"twitter_card":"summary_large_image","twitter_misc":{"Est. reading time":"2 minutes"},"schema":{"@context":"https:\/\/schema.org","@graph":[{"@type":"WebPage","@id":"https:\/\/www.novotek.com\/ch\/fr\/connectivit\/corvina-d-exor\/","url":"https:\/\/www.novotek.com\/ch\/fr\/connectivit\/corvina-d-exor\/","name":"Corvina d' Exor - Novotek CH","isPartOf":{"@id":"https:\/\/www.novotek.com\/ch\/#website"},"primaryImageOfPage":{"@id":"https:\/\/www.novotek.com\/ch\/fr\/connectivit\/corvina-d-exor\/#primaryimage"},"image":{"@id":"https:\/\/www.novotek.com\/ch\/fr\/connectivit\/corvina-d-exor\/#primaryimage"},"thumbnailUrl":"https:\/\/www.novotek.com\/ch\/wp-content\/uploads\/sites\/3\/corvina-cloud.png","datePublished":"2025-06-27T09:35:13+00:00","dateModified":"2025-06-27T09:35:15+00:00","description":"Corvina, la puissante plateforme permet l'acc\u00e8s \u00e0 distance, la gestion des appareils et l'int\u00e9gration s\u00e9curis\u00e9e des donn\u00e9es OT dans le monde entier.","breadcrumb":{"@id":"https:\/\/www.novotek.com\/ch\/fr\/connectivit\/corvina-d-exor\/#breadcrumb"},"inLanguage":"fr-CH","potentialAction":[{"@type":"ReadAction","target":["https:\/\/www.novotek.com\/ch\/fr\/connectivit\/corvina-d-exor\/"]}]},{"@type":"ImageObject","inLanguage":"fr-CH","@id":"https:\/\/www.novotek.com\/ch\/fr\/connectivit\/corvina-d-exor\/#primaryimage","url":"https:\/\/www.novotek.com\/ch\/wp-content\/uploads\/sites\/3\/corvina-cloud.png","contentUrl":"https:\/\/www.novotek.com\/ch\/wp-content\/uploads\/sites\/3\/corvina-cloud.png"},{"@type":"BreadcrumbList","@id":"https:\/\/www.novotek.com\/ch\/fr\/connectivit\/corvina-d-exor\/#breadcrumb","itemListElement":[{"@type":"ListItem","position":1,"name":"Home","item":"https:\/\/www.novotek.com\/ch\/fr\/"},{"@type":"ListItem","position":2,"name":"Connectivit&eacute;","item":"https:\/\/www.novotek.com\/ch\/fr\/connectivit\/"},{"@type":"ListItem","position":3,"name":"Corvina d&rsquo; Exor"}]},{"@type":"WebSite","@id":"https:\/\/www.novotek.com\/ch\/#website","url":"https:\/\/www.novotek.com\/ch\/","name":"Novotek Switzerland AG","description":"Connect - Digitalize - Optimize","publisher":{"@id":"https:\/\/www.novotek.com\/ch\/#organization"},"potentialAction":[{"@type":"SearchAction","target":{"@type":"EntryPoint","urlTemplate":"https:\/\/www.novotek.com\/ch\/?s={search_term_string}"},"query-input":{"@type":"PropertyValueSpecification","valueRequired":true,"valueName":"search_term_string"}}],"inLanguage":"fr-CH"},{"@type":"Organization","@id":"https:\/\/www.novotek.com\/ch\/#organization","name":"Novotek Switzerland AG","url":"https:\/\/www.novotek.com\/ch\/","logo":{"@type":"ImageObject","inLanguage":"fr-CH","@id":"https:\/\/www.novotek.com\/ch\/#\/schema\/logo\/image\/","url":"https:\/\/www.novotek.com\/ch\/wp-content\/uploads\/sites\/3\/novotek-symbol-rgb-pos-white-border-512x512-1.png","contentUrl":"https:\/\/www.novotek.com\/ch\/wp-content\/uploads\/sites\/3\/novotek-symbol-rgb-pos-white-border-512x512-1.png","width":512,"height":512,"caption":"Novotek Switzerland AG"},"image":{"@id":"https:\/\/www.novotek.com\/ch\/#\/schema\/logo\/image\/"}}]}},"_links":{"self":[{"href":"https:\/\/www.novotek.com\/ch\/fr\/wp-json\/wp\/v2\/pages\/26965","targetHints":{"allow":["GET"]}}],"collection":[{"href":"https:\/\/www.novotek.com\/ch\/fr\/wp-json\/wp\/v2\/pages"}],"about":[{"href":"https:\/\/www.novotek.com\/ch\/fr\/wp-json\/wp\/v2\/types\/page"}],"author":[{"embeddable":true,"href":"https:\/\/www.novotek.com\/ch\/fr\/wp-json\/wp\/v2\/users\/35"}],"replies":[{"embeddable":true,"href":"https:\/\/www.novotek.com\/ch\/fr\/wp-json\/wp\/v2\/comments?post=26965"}],"version-history":[{"count":2,"href":"https:\/\/www.novotek.com\/ch\/fr\/wp-json\/wp\/v2\/pages\/26965\/revisions"}],"predecessor-version":[{"id":26969,"href":"https:\/\/www.novotek.com\/ch\/fr\/wp-json\/wp\/v2\/pages\/26965\/revisions\/26969"}],"up":[{"embeddable":true,"href":"https:\/\/www.novotek.com\/ch\/fr\/wp-json\/wp\/v2\/pages\/13633"}],"wp:attachment":[{"href":"https:\/\/www.novotek.com\/ch\/fr\/wp-json\/wp\/v2\/media?parent=26965"}],"curies":[{"name":"wp","href":"https:\/\/api.w.org\/{rel}","templated":true}]}}