{"id":10233,"date":"2022-08-19T14:36:21","date_gmt":"2022-08-19T14:36:21","guid":{"rendered":"http:\/\/ch.novotek-multi.dev4.mildmedia-dev.eu\/?page_id=10233"},"modified":"2023-12-07T14:42:46","modified_gmt":"2023-12-07T14:42:46","slug":"cogent-datahub","status":"publish","type":"page","link":"https:\/\/www.novotek.com\/ch\/ot-it-cloud-konnektivitaet-dataops\/cogent-datahub\/","title":{"rendered":"Cogent DataHub"},"content":{"rendered":"  <div class=\"hero\">\n    <div class=\"carousel hero-slider small\" data-flickity data-flickity-options='{\"prevNextButtons\": false}'>\n              <div class=\"carousel-cell\">\n          <div class=\"container\">\n            <div class=\"hero-content\">\n                              <h1><span class=\"EOP SCXW60802968 BCX9\" data-ccp-props=\"{&quot;201341983&quot;:0,&quot;335559740&quot;:259}\">Cogent DataHub &#8211; schnell, einfach &amp; zuverl\u00e4ssig<\/span><\/h1>\n<p>Cogent DataHub ist eine Middleware, welche mit Standardprotokollen wie OPC, Modbus, MQTT und ODBC Verbindungen zwischen Systemen herstellt. Speziell f\u00fcr das sichere Networking mit geschlossenen Firewall-Ports und f\u00fcr OPC Server Redundanzen.<\/p>\n              \n                          <\/div>\n          <\/div>\n\n          <img decoding=\"async\" width=\"1024\" height=\"682\" src=\"https:\/\/www.novotek.com\/ch\/wp-content\/uploads\/sites\/3\/global-network-concept-photo-1024x682.jpg.webp\" class=\"hero-bg\" alt=\"Hero Img\" fetchpriority=\"high\" srcset=\"https:\/\/www.novotek.com\/ch\/wp-content\/uploads\/sites\/3\/global-network-concept-photo-1024x682.jpg.webp 1024w, https:\/\/www.novotek.com\/ch\/wp-content\/uploads\/sites\/3\/global-network-concept-photo-300x200.jpg.webp 300w, https:\/\/www.novotek.com\/ch\/wp-content\/uploads\/sites\/3\/global-network-concept-photo-768x511.jpg.webp 768w, https:\/\/www.novotek.com\/ch\/wp-content\/uploads\/sites\/3\/global-network-concept-photo.jpg.webp 1256w\" sizes=\"(max-width: 1024px) 100vw, 1024px\" \/>                  <\/div>\n          <\/div>\n\n      <\/div>\n\n   \n\n\n<div class=\"container-md paragraph  \">\n<p>Greifen Sie mit dem Cogent DataHub schnell, zuverl\u00e4ssig und sicher auf wertvolle Daten aus industriellen Prozessen oder embedded Systemen zu. Die Middleware unterst\u00fctzt dabei verschiedene Kommunikationsprotokolle, die Archivierung von historischen Daten und bietet zus\u00e4tzlich die M\u00f6glichkeit einer Redundanz. Die integrierte Skriptsprache wie auch die kostenlose API erf\u00fcllen praktisch alle Anforderungen an die Echtzeit-Datenkonnektivit\u00e4t.<\/p>\n<\/div>\n\n<div class=\"container-md embed  \">\n<figure class=\"wp-block-embed is-type-video is-provider-youtube wp-block-embed-youtube wp-embed-aspect-16-9 wp-has-aspect-ratio\"><div class=\"wp-block-embed__wrapper\">\n<iframe loading=\"lazy\" title=\"Skkynet DataHub IoT Gateway\" width=\"1440\" height=\"810\" src=\"https:\/\/www.youtube.com\/embed\/5g7NaIw9pyg?start=21&#038;feature=oembed\" frameborder=\"0\" allow=\"accelerometer; autoplay; clipboard-write; encrypted-media; gyroscope; picture-in-picture; web-share\" allowfullscreen><\/iframe>\n<\/div><\/figure>\n<\/div>\n\n<div class=\"container-md spacer  \">\n<div style=\"height:30px\" aria-hidden=\"true\" class=\"wp-block-spacer\"><\/div>\n<\/div>\n\n<div class=\"container-md heading  \">\n<h2 class=\"wp-block-heading\" id=\"al-meer-dan-20-jaar-ervaring-in-veilige-communicatie\">Sichere Kommunikation in Echtzeit, transparent und bidirektional<\/h2>\n<\/div>\n\n<div class=\"container-md paragraph  \">\n<p>Um Daten in Echtzeit \u00fcber LAN, WAN oder das Internet zu senden und zu empfangen, verwendet der Cogent Datahub das DataHub Transfer Protocol (DHTP).&nbsp;Urspr\u00fcnglich auf HTTP aufgebaut, unterst\u00fctzt DHTP zus\u00e4tzlich SSL- und WebSocket-Protokolle.&nbsp;Seit \u00fcber 20 Jahren wird das Protokoll kontinuierlich weiterentwickelt. <\/p>\n<\/div>\n\n<div class=\"container-md paragraph  \">\n<p>So erstellen Sie in Echtzeit bidirektionale Verbindungen zu OPC UA und klassischen Clients und Servern.<\/p>\n<\/div>\n\n<div class=\"wp-block-image\"><div class=\"container-md image  aligncenter\">\n<figure class=\"aligncenter size-full\"><img loading=\"lazy\" decoding=\"async\" width=\"600\" height=\"600\" src=\"https:\/\/www.novotek.com\/ch\/wp-content\/uploads\/sites\/3\/cogent-datahub-600x600-1.jpg\" alt=\"Diagramm Cogent DataHub\" class=\"wp-image-10236\" srcset=\"https:\/\/www.novotek.com\/ch\/wp-content\/uploads\/sites\/3\/cogent-datahub-600x600-1.jpg 600w, https:\/\/www.novotek.com\/ch\/wp-content\/uploads\/sites\/3\/cogent-datahub-600x600-1-300x300.jpg 300w, https:\/\/www.novotek.com\/ch\/wp-content\/uploads\/sites\/3\/cogent-datahub-600x600-1-150x150.jpg 150w\" sizes=\"auto, (max-width: 600px) 100vw, 600px\" \/><\/figure>\n<\/div><\/div>\n\n<div class=\"container-md paragraph  \">\n<p>Mit der F\u00e4higkeit, mehr als 50.000 Datenpunkt\u00e4nderungen pro Sekunde zu verarbeiten, einem leistungsstarken Skript-Tool zur Anpassung und Unterst\u00fctzung f\u00fcr mehrere Sprachen, setzt der Cogent DataHub neue Massst\u00e4be in Bezug auf Flexibilit\u00e4t und Benutzerfreundlichkeit.<\/p>\n<\/div>\n\n<div class=\"container-md spacer  \">\n<div style=\"height:35px\" aria-hidden=\"true\" class=\"wp-block-spacer\"><\/div>\n<\/div>\n\n<div class=\"container media-text  alignwide\">\n<div class=\"wp-block-media-text alignwide has-media-on-the-right is-stacked-on-mobile\" style=\"grid-template-columns:auto 40%\"><div class=\"wp-block-media-text__content\"><div class=\"container-md heading  \">\n<h3 class=\"wp-block-heading\">DataHub IoT Gateway<\/h3>\n<\/div>\n\n<div class=\"container-md paragraph  \">\n<p>Das DataHub IoT Gateway \u2122 \u00fcbertr\u00e4gt Echtzeit-OPC UA- und OPC DA-Industriedaten direkt in Manufacturing Execution Systems (MES), Ger\u00e4te-Clouds und Big Data-Analyseplattformen. Verbindet OPC UA- und OPC DA (Classic) -Clients und -Server mit jedem MQTT-Broker, einschliesslich Azure, Google und Amazon IoT.<\/p>\n<\/div><\/div><figure class=\"wp-block-media-text__media\"><img loading=\"lazy\" decoding=\"async\" width=\"609\" height=\"375\" src=\"https:\/\/www.novotek.com\/ch\/wp-content\/uploads\/sites\/3\/Cogent-DataHub-IoT-Gateway-e1661153162576.jpg\" alt=\"Cogent-DataHub-IoT-Gateway\" class=\"wp-image-10258 size-full\" srcset=\"https:\/\/www.novotek.com\/ch\/wp-content\/uploads\/sites\/3\/Cogent-DataHub-IoT-Gateway-e1661153162576.jpg 609w, https:\/\/www.novotek.com\/ch\/wp-content\/uploads\/sites\/3\/Cogent-DataHub-IoT-Gateway-e1661153162576-300x185.jpg 300w\" sizes=\"auto, (max-width: 609px) 100vw, 609px\" \/><\/figure><\/div>\n<\/div>\n\n<div class=\"container-md spacer  \">\n<div style=\"height:50px\" aria-hidden=\"true\" class=\"wp-block-spacer\"><\/div>\n<\/div>\n\n<div class=\"container-md heading  \">\n<h3 class=\"wp-block-heading\">DataHub OPC Gateway f\u00fcr Daten (DA) und Alarm &amp; Event&nbsp;(A&amp;E)<\/h3>\n<\/div>\n\n<div class=\"container-md image  \">\n<figure class=\"wp-block-image size-full is-resized\"><img loading=\"lazy\" decoding=\"async\" width=\"803\" height=\"279\" src=\"https:\/\/www.novotek.com\/ch\/wp-content\/uploads\/sites\/3\/Cogent-DataHub-OPC-Gateway-e1661153184391.png\" alt=\"Cogent-DataHub-OPC-Gateway\" class=\"wp-image-10262\" style=\"width:402px;height:140px\" srcset=\"https:\/\/www.novotek.com\/ch\/wp-content\/uploads\/sites\/3\/Cogent-DataHub-OPC-Gateway-e1661153184391.png 803w, https:\/\/www.novotek.com\/ch\/wp-content\/uploads\/sites\/3\/Cogent-DataHub-OPC-Gateway-e1661153184391-300x104.png 300w, https:\/\/www.novotek.com\/ch\/wp-content\/uploads\/sites\/3\/Cogent-DataHub-OPC-Gateway-e1661153184391-768x267.png 768w\" sizes=\"auto, (max-width: 803px) 100vw, 803px\" \/><\/figure>\n<\/div>\n\n<div class=\"container-md paragraph  \">\n<p>Konvertieren Sie Classic OPC DA oder OPC A&amp;E in OPC UA oder umgekehrt. Ein entscheidender Vorteil bei der Verwendung des DataHub OPC Gateway ist, dass das Datenmodell im Gegensatz zu anderen UA\/DA-Gateways intakt bleibt. Die vollst\u00e4ndige Datenhierarchie wird originalgetreu dargestellt.<\/p>\n<\/div>\n\n<div class=\"container-md spacer  \">\n<div style=\"height:50px\" aria-hidden=\"true\" class=\"wp-block-spacer\"><\/div>\n<\/div>\n\n<div class=\"container-md heading  \">\n<h3 class=\"wp-block-heading\">DataHub Tunneling<\/h3>\n<\/div>\n\n<div class=\"container-md image  \">\n<figure class=\"wp-block-image size-full is-resized\"><img loading=\"lazy\" decoding=\"async\" width=\"769\" height=\"283\" src=\"https:\/\/www.novotek.com\/ch\/wp-content\/uploads\/sites\/3\/Cogent-DataHub-Tunneling-e1661159073921.png\" alt=\"Cogent-DataHub-Tunneling\" class=\"wp-image-10266\" style=\"width:385px;height:142px\" srcset=\"https:\/\/www.novotek.com\/ch\/wp-content\/uploads\/sites\/3\/Cogent-DataHub-Tunneling-e1661159073921.png 769w, https:\/\/www.novotek.com\/ch\/wp-content\/uploads\/sites\/3\/Cogent-DataHub-Tunneling-e1661159073921-300x110.png 300w\" sizes=\"auto, (max-width: 769px) 100vw, 769px\" \/><\/figure>\n<\/div>\n\n<div class=\"container-md paragraph  \">\n<p>Cogent Datahub ist eine einzigartige L\u00f6sung, welche Prozessdaten sicher streamt, ohne Firewall-Ports zu \u00f6ffnen.&nbsp;So senden Sie Daten sicher und transparent vom Werk oder von einer Maschine an eine andere Anwendung. Der einfachste, zuverl\u00e4ssigste und sicherste Weg, um OPC DA zu vernetzen. Keine DCOM-Probleme, keine Zeit\u00fcberschreitungen, unterst\u00fctzt Proxys und kann f\u00fcr mehr Sicherheit als Proxy konfiguriert werden.&nbsp;<\/p>\n<\/div>\n\n<div class=\"container-md spacer  \">\n<div style=\"height:50px\" aria-hidden=\"true\" class=\"wp-block-spacer\"><\/div>\n<\/div>\n\n<div class=\"container-md heading  \">\n<h3 class=\"wp-block-heading\">DataHub Logger<\/h3>\n<\/div>\n\n<div class=\"container-md image  \">\n<figure class=\"wp-block-image size-full is-resized\"><img loading=\"lazy\" decoding=\"async\" width=\"795\" height=\"205\" src=\"https:\/\/www.novotek.com\/ch\/wp-content\/uploads\/sites\/3\/Cogent-DataHub_Logger-e1661166048457.png\" alt=\"Cogent-DataHub_Logger\" class=\"wp-image-10270\" style=\"width:398px;height:103px\" srcset=\"https:\/\/www.novotek.com\/ch\/wp-content\/uploads\/sites\/3\/Cogent-DataHub_Logger-e1661166048457.png 795w, https:\/\/www.novotek.com\/ch\/wp-content\/uploads\/sites\/3\/Cogent-DataHub_Logger-e1661166048457-300x77.png 300w, https:\/\/www.novotek.com\/ch\/wp-content\/uploads\/sites\/3\/Cogent-DataHub_Logger-e1661166048457-768x198.png 768w\" sizes=\"auto, (max-width: 795px) 100vw, 795px\" \/><\/figure>\n<\/div>\n\n<div class=\"container-md paragraph  \">\n<p>Protokollieren Sie Ihre OPC-Daten in SQL, MySQL, Oracle oder einer anderen ODBC-kompatiblen Datenbank und fragen Sie auch Daten von diesen ab.<\/p>\n<\/div>\n\n<div class=\"container-md spacer  \">\n<div style=\"height:16px\" aria-hidden=\"true\" class=\"wp-block-spacer\"><\/div>\n<\/div>\n\n<div class=\"container-md paragraph  aligncenter\">\n<p class=\"has-text-align-center\"><a href=\"https:\/\/cogentdatahub.com\/\" target=\"_blank\" rel=\"noreferrer noopener\"><strong>Weitere Informationen dazu finden Sie auf der Website vom Cogent DataHub<\/strong><\/a>.<\/p>\n<\/div>\n\n<div class=\"container-md spacer  \">\n<div style=\"height:100px\" aria-hidden=\"true\" class=\"wp-block-spacer\"><\/div>\n<\/div>","protected":false},"excerpt":{"rendered":"<p>Greifen Sie mit dem Cogent DataHub schnell, zuverl\u00e4ssig und sicher auf wertvolle Daten aus industriellen Prozessen oder embedded Systemen zu. Die Middleware unterst\u00fctzt dabei verschiedene Kommunikationsprotokolle, die Archivierung von historischen Daten und bietet zus\u00e4tzlich die M\u00f6glichkeit einer Redundanz. Die integrierte Skriptsprache wie auch die kostenlose API erf\u00fcllen praktisch alle Anforderungen an die Echtzeit-Datenkonnektivit\u00e4t. Sichere Kommunikation [&hellip;]<\/p>\n","protected":false},"author":14,"featured_media":0,"parent":8187,"menu_order":3,"comment_status":"closed","ping_status":"closed","template":"","meta":{"_acf_changed":false,"_relevanssi_hide_post":"","_relevanssi_pin_for_all":"","_relevanssi_pin_keywords":"","_relevanssi_unpin_keywords":"","_relevanssi_related_keywords":"","_relevanssi_related_include_ids":"","_relevanssi_related_exclude_ids":"","_relevanssi_related_no_append":"","_relevanssi_related_not_related":"","_relevanssi_related_posts":"6233,3216,3220,3208,3195,6214","_relevanssi_noindex_reason":"","content-type":"","footnotes":""},"class_list":["post-10233","page","type-page","status-publish","hentry"],"acf":[],"yoast_head":"<!-- This site is optimized with the Yoast SEO plugin v27.4 - https:\/\/yoast.com\/product\/yoast-seo-wordpress\/ -->\n<title>Cogent DataHub - Novotek CH<\/title>\n<meta name=\"description\" content=\"DataHub ist eine Middleware, welche mit Standardprotokollen wie OPC, Modbus, MQTT und weiteren, sichere Verbindungen in Echtzeit erm\u00f6glicht\" \/>\n<meta name=\"robots\" content=\"index, follow, max-snippet:-1, max-image-preview:large, max-video-preview:-1\" \/>\n<link rel=\"canonical\" href=\"https:\/\/www.novotek.com\/ch\/ot-it-cloud-konnektivitaet-dataops\/cogent-datahub\/\" \/>\n<meta property=\"og:locale\" content=\"de_DE\" \/>\n<meta property=\"og:type\" content=\"article\" \/>\n<meta property=\"og:title\" content=\"Cogent DataHub - Novotek CH\" \/>\n<meta property=\"og:description\" content=\"DataHub ist eine Middleware, welche mit Standardprotokollen wie OPC, Modbus, MQTT und weiteren, sichere Verbindungen in Echtzeit erm\u00f6glicht\" \/>\n<meta property=\"og:url\" content=\"https:\/\/www.novotek.com\/ch\/ot-it-cloud-konnektivitaet-dataops\/cogent-datahub\/\" \/>\n<meta property=\"og:site_name\" content=\"Novotek CH\" \/>\n<meta property=\"article:modified_time\" content=\"2023-12-07T14:42:46+00:00\" \/>\n<meta property=\"og:image\" content=\"https:\/\/www.novotek.com\/ch\/wp-content\/uploads\/sites\/3\/cogent-datahub-600x600-1.jpg\" \/>\n<meta name=\"twitter:card\" content=\"summary_large_image\" \/>\n<meta name=\"twitter:label1\" content=\"Gesch\u00e4tzte Lesezeit\" \/>\n\t<meta name=\"twitter:data1\" content=\"3\u00a0Minuten\" \/>\n<script type=\"application\/ld+json\" class=\"yoast-schema-graph\">{\"@context\":\"https:\\\/\\\/schema.org\",\"@graph\":[{\"@type\":\"WebPage\",\"@id\":\"https:\\\/\\\/www.novotek.com\\\/ch\\\/ot-it-cloud-konnektivitaet-dataops\\\/cogent-datahub\\\/\",\"url\":\"https:\\\/\\\/www.novotek.com\\\/ch\\\/ot-it-cloud-konnektivitaet-dataops\\\/cogent-datahub\\\/\",\"name\":\"Cogent DataHub - Novotek CH\",\"isPartOf\":{\"@id\":\"https:\\\/\\\/www.novotek.com\\\/ch\\\/#website\"},\"primaryImageOfPage\":{\"@id\":\"https:\\\/\\\/www.novotek.com\\\/ch\\\/ot-it-cloud-konnektivitaet-dataops\\\/cogent-datahub\\\/#primaryimage\"},\"image\":{\"@id\":\"https:\\\/\\\/www.novotek.com\\\/ch\\\/ot-it-cloud-konnektivitaet-dataops\\\/cogent-datahub\\\/#primaryimage\"},\"thumbnailUrl\":\"https:\\\/\\\/www.novotek.com\\\/ch\\\/wp-content\\\/uploads\\\/sites\\\/3\\\/cogent-datahub-600x600-1.jpg\",\"datePublished\":\"2022-08-19T14:36:21+00:00\",\"dateModified\":\"2023-12-07T14:42:46+00:00\",\"description\":\"DataHub ist eine Middleware, welche mit Standardprotokollen wie OPC, Modbus, MQTT und weiteren, sichere Verbindungen in Echtzeit erm\u00f6glicht\",\"breadcrumb\":{\"@id\":\"https:\\\/\\\/www.novotek.com\\\/ch\\\/ot-it-cloud-konnektivitaet-dataops\\\/cogent-datahub\\\/#breadcrumb\"},\"inLanguage\":\"de-CH\",\"potentialAction\":[{\"@type\":\"ReadAction\",\"target\":[\"https:\\\/\\\/www.novotek.com\\\/ch\\\/ot-it-cloud-konnektivitaet-dataops\\\/cogent-datahub\\\/\"]}]},{\"@type\":\"ImageObject\",\"inLanguage\":\"de-CH\",\"@id\":\"https:\\\/\\\/www.novotek.com\\\/ch\\\/ot-it-cloud-konnektivitaet-dataops\\\/cogent-datahub\\\/#primaryimage\",\"url\":\"https:\\\/\\\/www.novotek.com\\\/ch\\\/wp-content\\\/uploads\\\/sites\\\/3\\\/cogent-datahub-600x600-1.jpg.webp\",\"contentUrl\":\"https:\\\/\\\/www.novotek.com\\\/ch\\\/wp-content\\\/uploads\\\/sites\\\/3\\\/cogent-datahub-600x600-1.jpg.webp\",\"width\":600,\"height\":600,\"caption\":\"Diagramm Cogent DataHub\"},{\"@type\":\"BreadcrumbList\",\"@id\":\"https:\\\/\\\/www.novotek.com\\\/ch\\\/ot-it-cloud-konnektivitaet-dataops\\\/cogent-datahub\\\/#breadcrumb\",\"itemListElement\":[{\"@type\":\"ListItem\",\"position\":1,\"name\":\"Home\",\"item\":\"https:\\\/\\\/www.novotek.com\\\/ch\\\/\"},{\"@type\":\"ListItem\",\"position\":2,\"name\":\"Konnektivit\u00e4t\",\"item\":\"https:\\\/\\\/www.novotek.com\\\/ch\\\/ot-it-cloud-konnektivitaet-dataops\\\/\"},{\"@type\":\"ListItem\",\"position\":3,\"name\":\"Cogent DataHub\"}]},{\"@type\":\"WebSite\",\"@id\":\"https:\\\/\\\/www.novotek.com\\\/ch\\\/#website\",\"url\":\"https:\\\/\\\/www.novotek.com\\\/ch\\\/\",\"name\":\"Novotek Switzerland AG\",\"description\":\"Connect - Digitalize - Optimize\",\"publisher\":{\"@id\":\"https:\\\/\\\/www.novotek.com\\\/ch\\\/#organization\"},\"potentialAction\":[{\"@type\":\"SearchAction\",\"target\":{\"@type\":\"EntryPoint\",\"urlTemplate\":\"https:\\\/\\\/www.novotek.com\\\/ch\\\/?s={search_term_string}\"},\"query-input\":{\"@type\":\"PropertyValueSpecification\",\"valueRequired\":true,\"valueName\":\"search_term_string\"}}],\"inLanguage\":\"de-CH\"},{\"@type\":\"Organization\",\"@id\":\"https:\\\/\\\/www.novotek.com\\\/ch\\\/#organization\",\"name\":\"Novotek Switzerland AG\",\"url\":\"https:\\\/\\\/www.novotek.com\\\/ch\\\/\",\"logo\":{\"@type\":\"ImageObject\",\"inLanguage\":\"de-CH\",\"@id\":\"https:\\\/\\\/www.novotek.com\\\/ch\\\/#\\\/schema\\\/logo\\\/image\\\/\",\"url\":\"https:\\\/\\\/www.novotek.com\\\/ch\\\/wp-content\\\/uploads\\\/sites\\\/3\\\/novotek-symbol-rgb-pos-white-border-512x512-1.png\",\"contentUrl\":\"https:\\\/\\\/www.novotek.com\\\/ch\\\/wp-content\\\/uploads\\\/sites\\\/3\\\/novotek-symbol-rgb-pos-white-border-512x512-1.png\",\"width\":512,\"height\":512,\"caption\":\"Novotek Switzerland AG\"},\"image\":{\"@id\":\"https:\\\/\\\/www.novotek.com\\\/ch\\\/#\\\/schema\\\/logo\\\/image\\\/\"}}]}<\/script>\n<!-- \/ Yoast SEO plugin. -->","yoast_head_json":{"title":"Cogent DataHub - Novotek CH","description":"DataHub ist eine Middleware, welche mit Standardprotokollen wie OPC, Modbus, MQTT und weiteren, sichere Verbindungen in Echtzeit erm\u00f6glicht","robots":{"index":"index","follow":"follow","max-snippet":"max-snippet:-1","max-image-preview":"max-image-preview:large","max-video-preview":"max-video-preview:-1"},"canonical":"https:\/\/www.novotek.com\/ch\/ot-it-cloud-konnektivitaet-dataops\/cogent-datahub\/","og_locale":"de_DE","og_type":"article","og_title":"Cogent DataHub - Novotek CH","og_description":"DataHub ist eine Middleware, welche mit Standardprotokollen wie OPC, Modbus, MQTT und weiteren, sichere Verbindungen in Echtzeit erm\u00f6glicht","og_url":"https:\/\/www.novotek.com\/ch\/ot-it-cloud-konnektivitaet-dataops\/cogent-datahub\/","og_site_name":"Novotek CH","article_modified_time":"2023-12-07T14:42:46+00:00","og_image":[{"url":"https:\/\/www.novotek.com\/ch\/wp-content\/uploads\/sites\/3\/cogent-datahub-600x600-1.jpg","type":"","width":"","height":""}],"twitter_card":"summary_large_image","twitter_misc":{"Gesch\u00e4tzte Lesezeit":"3\u00a0Minuten"},"schema":{"@context":"https:\/\/schema.org","@graph":[{"@type":"WebPage","@id":"https:\/\/www.novotek.com\/ch\/ot-it-cloud-konnektivitaet-dataops\/cogent-datahub\/","url":"https:\/\/www.novotek.com\/ch\/ot-it-cloud-konnektivitaet-dataops\/cogent-datahub\/","name":"Cogent DataHub - Novotek CH","isPartOf":{"@id":"https:\/\/www.novotek.com\/ch\/#website"},"primaryImageOfPage":{"@id":"https:\/\/www.novotek.com\/ch\/ot-it-cloud-konnektivitaet-dataops\/cogent-datahub\/#primaryimage"},"image":{"@id":"https:\/\/www.novotek.com\/ch\/ot-it-cloud-konnektivitaet-dataops\/cogent-datahub\/#primaryimage"},"thumbnailUrl":"https:\/\/www.novotek.com\/ch\/wp-content\/uploads\/sites\/3\/cogent-datahub-600x600-1.jpg","datePublished":"2022-08-19T14:36:21+00:00","dateModified":"2023-12-07T14:42:46+00:00","description":"DataHub ist eine Middleware, welche mit Standardprotokollen wie OPC, Modbus, MQTT und weiteren, sichere Verbindungen in Echtzeit erm\u00f6glicht","breadcrumb":{"@id":"https:\/\/www.novotek.com\/ch\/ot-it-cloud-konnektivitaet-dataops\/cogent-datahub\/#breadcrumb"},"inLanguage":"de-CH","potentialAction":[{"@type":"ReadAction","target":["https:\/\/www.novotek.com\/ch\/ot-it-cloud-konnektivitaet-dataops\/cogent-datahub\/"]}]},{"@type":"ImageObject","inLanguage":"de-CH","@id":"https:\/\/www.novotek.com\/ch\/ot-it-cloud-konnektivitaet-dataops\/cogent-datahub\/#primaryimage","url":"https:\/\/www.novotek.com\/ch\/wp-content\/uploads\/sites\/3\/cogent-datahub-600x600-1.jpg.webp","contentUrl":"https:\/\/www.novotek.com\/ch\/wp-content\/uploads\/sites\/3\/cogent-datahub-600x600-1.jpg.webp","width":600,"height":600,"caption":"Diagramm Cogent DataHub"},{"@type":"BreadcrumbList","@id":"https:\/\/www.novotek.com\/ch\/ot-it-cloud-konnektivitaet-dataops\/cogent-datahub\/#breadcrumb","itemListElement":[{"@type":"ListItem","position":1,"name":"Home","item":"https:\/\/www.novotek.com\/ch\/"},{"@type":"ListItem","position":2,"name":"Konnektivit\u00e4t","item":"https:\/\/www.novotek.com\/ch\/ot-it-cloud-konnektivitaet-dataops\/"},{"@type":"ListItem","position":3,"name":"Cogent DataHub"}]},{"@type":"WebSite","@id":"https:\/\/www.novotek.com\/ch\/#website","url":"https:\/\/www.novotek.com\/ch\/","name":"Novotek Switzerland AG","description":"Connect - Digitalize - Optimize","publisher":{"@id":"https:\/\/www.novotek.com\/ch\/#organization"},"potentialAction":[{"@type":"SearchAction","target":{"@type":"EntryPoint","urlTemplate":"https:\/\/www.novotek.com\/ch\/?s={search_term_string}"},"query-input":{"@type":"PropertyValueSpecification","valueRequired":true,"valueName":"search_term_string"}}],"inLanguage":"de-CH"},{"@type":"Organization","@id":"https:\/\/www.novotek.com\/ch\/#organization","name":"Novotek Switzerland AG","url":"https:\/\/www.novotek.com\/ch\/","logo":{"@type":"ImageObject","inLanguage":"de-CH","@id":"https:\/\/www.novotek.com\/ch\/#\/schema\/logo\/image\/","url":"https:\/\/www.novotek.com\/ch\/wp-content\/uploads\/sites\/3\/novotek-symbol-rgb-pos-white-border-512x512-1.png","contentUrl":"https:\/\/www.novotek.com\/ch\/wp-content\/uploads\/sites\/3\/novotek-symbol-rgb-pos-white-border-512x512-1.png","width":512,"height":512,"caption":"Novotek Switzerland AG"},"image":{"@id":"https:\/\/www.novotek.com\/ch\/#\/schema\/logo\/image\/"}}]}},"_links":{"self":[{"href":"https:\/\/www.novotek.com\/ch\/wp-json\/wp\/v2\/pages\/10233","targetHints":{"allow":["GET"]}}],"collection":[{"href":"https:\/\/www.novotek.com\/ch\/wp-json\/wp\/v2\/pages"}],"about":[{"href":"https:\/\/www.novotek.com\/ch\/wp-json\/wp\/v2\/types\/page"}],"author":[{"embeddable":true,"href":"https:\/\/www.novotek.com\/ch\/wp-json\/wp\/v2\/users\/14"}],"replies":[{"embeddable":true,"href":"https:\/\/www.novotek.com\/ch\/wp-json\/wp\/v2\/comments?post=10233"}],"version-history":[{"count":36,"href":"https:\/\/www.novotek.com\/ch\/wp-json\/wp\/v2\/pages\/10233\/revisions"}],"predecessor-version":[{"id":19185,"href":"https:\/\/www.novotek.com\/ch\/wp-json\/wp\/v2\/pages\/10233\/revisions\/19185"}],"up":[{"embeddable":true,"href":"https:\/\/www.novotek.com\/ch\/wp-json\/wp\/v2\/pages\/8187"}],"wp:attachment":[{"href":"https:\/\/www.novotek.com\/ch\/wp-json\/wp\/v2\/media?parent=10233"}],"curies":[{"name":"wp","href":"https:\/\/api.w.org\/{rel}","templated":true}]}}