{"id":13354,"date":"2023-01-12T13:48:40","date_gmt":"2023-01-12T13:48:40","guid":{"rendered":"https:\/\/www.novotek.com\/ch\/?page_id=13354"},"modified":"2026-04-14T06:41:38","modified_gmt":"2026-04-14T06:41:38","slug":"eventkalender","status":"publish","type":"page","link":"https:\/\/www.novotek.com\/ch\/novotek-switzerland\/eventkalender\/","title":{"rendered":"Eventkalender"},"content":{"rendered":"  <div class=\"hero\">\n    <div class=\"carousel hero-slider small\" data-flickity data-flickity-options='{\"prevNextButtons\": false}'>\n              <div class=\"carousel-cell\">\n          <div class=\"container\">\n            <div class=\"hero-content\">\n                              <h1>Eventkalender Novotek Switzerland<\/h1>\n<p>Die Novotek Switzerland organisiert regelm\u00e4ssig Events rund um die Themen Konnektivit\u00e4t, Smart Factory und Industrie 4.0. Zudem sind wir an diversen Anl\u00e4ssen und Messen zu diesen Themen in der Schweiz pr\u00e4sent.<\/p>\n              \n                          <\/div>\n          <\/div>\n\n          <img decoding=\"async\" width=\"1024\" height=\"320\" src=\"https:\/\/www.novotek.com\/ch\/wp-content\/uploads\/sites\/3\/events-kalender-novotek-day-1920x600-1-1024x320.jpg.webp\" class=\"hero-bg\" alt=\"Hero Img\" fetchpriority=\"high\" srcset=\"https:\/\/www.novotek.com\/ch\/wp-content\/uploads\/sites\/3\/events-kalender-novotek-day-1920x600-1-1024x320.jpg.webp 1024w, https:\/\/www.novotek.com\/ch\/wp-content\/uploads\/sites\/3\/events-kalender-novotek-day-1920x600-1-300x94.jpg.webp 300w, https:\/\/www.novotek.com\/ch\/wp-content\/uploads\/sites\/3\/events-kalender-novotek-day-1920x600-1-768x240.jpg.webp 768w, https:\/\/www.novotek.com\/ch\/wp-content\/uploads\/sites\/3\/events-kalender-novotek-day-1920x600-1-1536x480.jpg.webp 1536w, https:\/\/www.novotek.com\/ch\/wp-content\/uploads\/sites\/3\/events-kalender-novotek-day-1920x600-1.jpg.webp 1920w\" sizes=\"(max-width: 1024px) 100vw, 1024px\" \/>                  <\/div>\n          <\/div>\n\n      <\/div>\n\n   \n\n\n<div class=\"container-md cover  alignfull\">\n<div class=\"wp-block-cover alignfull is-light\" style=\"margin-top:0;padding-top:5vw;padding-right:5vw;padding-bottom:5vw;padding-left:5vw;min-height:150px;aspect-ratio:unset;\"><span aria-hidden=\"true\" class=\"wp-block-cover__background has-novotek-white-background-color has-background-dim-100 has-background-dim\"><\/span><div class=\"wp-block-cover__inner-container is-layout-flow wp-block-cover-is-layout-flow\"><div class=\"container-md heading  \">\n<h2 class=\"wp-block-heading\">Aktuelle Events<\/h2>\n<\/div>\n\n<div class=\"posts-columns \">\n  <div class=\"container\">\n  <div class=\"row\">\n      <\/div>\n\n  <\/div><\/div>\n<\/div><\/div>\n<\/div>\n\n<div class=\"posts-columns \">\n  <div class=\"container\">\n  <div class=\"row\">\n    <div class=\"col-12 col-md-4\">\n<article class=\"basic \">\n    <div class=\"image\">\n      <a href=\"https:\/\/www.novotek.com\/ch\/news\/produktionsdaten-cloud-analytics-ki\/\">\n                  <img loading=\"lazy\" decoding=\"async\" width=\"306\" height=\"234\" src=\"https:\/\/www.novotek.com\/ch\/wp-content\/uploads\/sites\/3\/website-unlock-industrial-data_392x300-306x234.jpg.webp\" class=\"attachment-sm size-sm\" alt=\"\" srcset=\"https:\/\/www.novotek.com\/ch\/wp-content\/uploads\/sites\/3\/website-unlock-industrial-data_392x300-306x234.jpg.webp 306w, https:\/\/www.novotek.com\/ch\/wp-content\/uploads\/sites\/3\/website-unlock-industrial-data_392x300-300x230.jpg.webp 300w, https:\/\/www.novotek.com\/ch\/wp-content\/uploads\/sites\/3\/website-unlock-industrial-data_392x300-1024x784.jpg.webp 1024w, https:\/\/www.novotek.com\/ch\/wp-content\/uploads\/sites\/3\/website-unlock-industrial-data_392x300-768x588.jpg.webp 768w, https:\/\/www.novotek.com\/ch\/wp-content\/uploads\/sites\/3\/website-unlock-industrial-data_392x300-1536x1176.jpg.webp 1536w, https:\/\/www.novotek.com\/ch\/wp-content\/uploads\/sites\/3\/website-unlock-industrial-data_392x300-86x66.jpg.webp 86w, https:\/\/www.novotek.com\/ch\/wp-content\/uploads\/sites\/3\/website-unlock-industrial-data_392x300-636x487.jpg.webp 636w, https:\/\/www.novotek.com\/ch\/wp-content\/uploads\/sites\/3\/website-unlock-industrial-data_392x300.jpg.webp 1633w\" sizes=\"auto, (max-width: 306px) 100vw, 306px\" \/>              <\/a>\n    <\/div>\n\n    <div>\n              <h4>Industrial Data Webinar-Reihe<\/h4>\n      \n              <p>Webinar-Reihe: Machen Sie Produktionsdaten system\u00fcbergreifend nutzbar von der Maschine bis in die Cloud.<\/p>\n      \n      <div>\n        <a href=\"https:\/\/www.novotek.com\/ch\/news\/produktionsdaten-cloud-analytics-ki\/\">\n          weiterlesen        <\/a>\n      <\/div>\n    <\/div>\n<\/article>\n<\/div>  <\/div>\n\n  <\/div><\/div>\n","protected":false},"excerpt":{"rendered":"<p>Die Novotek Switzerland organisiert regelm\u00e4ssig Events rund um die Themen Konnektivit\u00e4t, Smart Factory und Industrie 4.0. Zudem sind wir an diversen Anl\u00e4ssen und Messen zu diesen Themen in der Schweiz pr\u00e4sent.<\/p>\n","protected":false},"author":35,"featured_media":14226,"parent":13696,"menu_order":0,"comment_status":"closed","ping_status":"closed","template":"","meta":{"_acf_changed":false,"_relevanssi_hide_post":"","_relevanssi_pin_for_all":"","_relevanssi_pin_keywords":"","_relevanssi_unpin_keywords":"","_relevanssi_related_keywords":"","_relevanssi_related_include_ids":"","_relevanssi_related_exclude_ids":"","_relevanssi_related_no_append":"","_relevanssi_related_not_related":"","_relevanssi_related_posts":"4907,12096,6182,10065,13219,6233","_relevanssi_noindex_reason":"Yoast SEO","content-type":"","footnotes":""},"class_list":["post-13354","page","type-page","status-publish","has-post-thumbnail","hentry"],"acf":[],"yoast_head":"<!-- This site is optimized with the Yoast SEO plugin v27.4 - https:\/\/yoast.com\/product\/yoast-seo-wordpress\/ -->\n<title>Eventkalender - Novotek Switzerland<\/title>\n<meta name=\"description\" content=\"Wir veranstalten regelm\u00e4ssig Veranstaltungen rund um die Themen Konnektivit\u00e4t, Smart Factory und Industrie 4.0.\" \/>\n<meta name=\"robots\" content=\"noindex, follow\" \/>\n<meta property=\"og:locale\" content=\"de_DE\" \/>\n<meta property=\"og:type\" content=\"article\" \/>\n<meta property=\"og:title\" content=\"Eventkalender - Novotek Switzerland\" \/>\n<meta property=\"og:description\" content=\"Wir veranstalten regelm\u00e4ssig Veranstaltungen rund um die Themen Konnektivit\u00e4t, Smart Factory und Industrie 4.0.\" \/>\n<meta property=\"og:url\" content=\"https:\/\/www.novotek.com\/ch\/novotek-switzerland\/eventkalender\/\" \/>\n<meta property=\"og:site_name\" content=\"Novotek CH\" \/>\n<meta property=\"article:modified_time\" content=\"2026-04-14T06:41:38+00:00\" \/>\n<meta property=\"og:image\" content=\"https:\/\/www.novotek.com\/ch\/wp-content\/uploads\/sites\/3\/events-kalender-novotek-2023-1920x600-1.jpg.webp\" \/>\n\t<meta property=\"og:image:width\" content=\"1920\" \/>\n\t<meta property=\"og:image:height\" content=\"600\" \/>\n\t<meta property=\"og:image:type\" content=\"image\/jpeg\" \/>\n<meta name=\"twitter:card\" content=\"summary_large_image\" \/>\n<meta name=\"twitter:label1\" content=\"Gesch\u00e4tzte Lesezeit\" \/>\n\t<meta name=\"twitter:data1\" content=\"1\u00a0Minute\" \/>\n<script type=\"application\/ld+json\" class=\"yoast-schema-graph\">{\"@context\":\"https:\\\/\\\/schema.org\",\"@graph\":[{\"@type\":\"WebPage\",\"@id\":\"https:\\\/\\\/www.novotek.com\\\/ch\\\/novotek-switzerland\\\/eventkalender\\\/\",\"url\":\"https:\\\/\\\/www.novotek.com\\\/ch\\\/novotek-switzerland\\\/eventkalender\\\/\",\"name\":\"Eventkalender - Novotek Switzerland\",\"isPartOf\":{\"@id\":\"https:\\\/\\\/www.novotek.com\\\/ch\\\/#website\"},\"primaryImageOfPage\":{\"@id\":\"https:\\\/\\\/www.novotek.com\\\/ch\\\/novotek-switzerland\\\/eventkalender\\\/#primaryimage\"},\"image\":{\"@id\":\"https:\\\/\\\/www.novotek.com\\\/ch\\\/novotek-switzerland\\\/eventkalender\\\/#primaryimage\"},\"thumbnailUrl\":\"https:\\\/\\\/www.novotek.com\\\/ch\\\/wp-content\\\/uploads\\\/sites\\\/3\\\/events-kalender-novotek-2023-1920x600-1.jpg.webp\",\"datePublished\":\"2023-01-12T13:48:40+00:00\",\"dateModified\":\"2026-04-14T06:41:38+00:00\",\"description\":\"Wir veranstalten regelm\u00e4ssig Veranstaltungen rund um die Themen Konnektivit\u00e4t, Smart Factory und Industrie 4.0.\",\"breadcrumb\":{\"@id\":\"https:\\\/\\\/www.novotek.com\\\/ch\\\/novotek-switzerland\\\/eventkalender\\\/#breadcrumb\"},\"inLanguage\":\"de-CH\",\"potentialAction\":[{\"@type\":\"ReadAction\",\"target\":[\"https:\\\/\\\/www.novotek.com\\\/ch\\\/novotek-switzerland\\\/eventkalender\\\/\"]}]},{\"@type\":\"ImageObject\",\"inLanguage\":\"de-CH\",\"@id\":\"https:\\\/\\\/www.novotek.com\\\/ch\\\/novotek-switzerland\\\/eventkalender\\\/#primaryimage\",\"url\":\"https:\\\/\\\/www.novotek.com\\\/ch\\\/wp-content\\\/uploads\\\/sites\\\/3\\\/events-kalender-novotek-2023-1920x600-1.jpg.webp\",\"contentUrl\":\"https:\\\/\\\/www.novotek.com\\\/ch\\\/wp-content\\\/uploads\\\/sites\\\/3\\\/events-kalender-novotek-2023-1920x600-1.jpg.webp\",\"width\":1920,\"height\":600},{\"@type\":\"BreadcrumbList\",\"@id\":\"https:\\\/\\\/www.novotek.com\\\/ch\\\/novotek-switzerland\\\/eventkalender\\\/#breadcrumb\",\"itemListElement\":[{\"@type\":\"ListItem\",\"position\":1,\"name\":\"Home\",\"item\":\"https:\\\/\\\/www.novotek.com\\\/ch\\\/\"},{\"@type\":\"ListItem\",\"position\":2,\"name\":\"\u00dcber uns\",\"item\":\"https:\\\/\\\/www.novotek.com\\\/ch\\\/novotek-switzerland\\\/\"},{\"@type\":\"ListItem\",\"position\":3,\"name\":\"Eventkalender\"}]},{\"@type\":\"WebSite\",\"@id\":\"https:\\\/\\\/www.novotek.com\\\/ch\\\/#website\",\"url\":\"https:\\\/\\\/www.novotek.com\\\/ch\\\/\",\"name\":\"Novotek Switzerland AG\",\"description\":\"Connect - Digitalize - Optimize\",\"publisher\":{\"@id\":\"https:\\\/\\\/www.novotek.com\\\/ch\\\/#organization\"},\"potentialAction\":[{\"@type\":\"SearchAction\",\"target\":{\"@type\":\"EntryPoint\",\"urlTemplate\":\"https:\\\/\\\/www.novotek.com\\\/ch\\\/?s={search_term_string}\"},\"query-input\":{\"@type\":\"PropertyValueSpecification\",\"valueRequired\":true,\"valueName\":\"search_term_string\"}}],\"inLanguage\":\"de-CH\"},{\"@type\":\"Organization\",\"@id\":\"https:\\\/\\\/www.novotek.com\\\/ch\\\/#organization\",\"name\":\"Novotek Switzerland AG\",\"url\":\"https:\\\/\\\/www.novotek.com\\\/ch\\\/\",\"logo\":{\"@type\":\"ImageObject\",\"inLanguage\":\"de-CH\",\"@id\":\"https:\\\/\\\/www.novotek.com\\\/ch\\\/#\\\/schema\\\/logo\\\/image\\\/\",\"url\":\"https:\\\/\\\/www.novotek.com\\\/ch\\\/wp-content\\\/uploads\\\/sites\\\/3\\\/novotek-symbol-rgb-pos-white-border-512x512-1.png\",\"contentUrl\":\"https:\\\/\\\/www.novotek.com\\\/ch\\\/wp-content\\\/uploads\\\/sites\\\/3\\\/novotek-symbol-rgb-pos-white-border-512x512-1.png\",\"width\":512,\"height\":512,\"caption\":\"Novotek Switzerland AG\"},\"image\":{\"@id\":\"https:\\\/\\\/www.novotek.com\\\/ch\\\/#\\\/schema\\\/logo\\\/image\\\/\"}}]}<\/script>\n<!-- \/ Yoast SEO plugin. -->","yoast_head_json":{"title":"Eventkalender - Novotek Switzerland","description":"Wir veranstalten regelm\u00e4ssig Veranstaltungen rund um die Themen Konnektivit\u00e4t, Smart Factory und Industrie 4.0.","robots":{"index":"noindex","follow":"follow"},"og_locale":"de_DE","og_type":"article","og_title":"Eventkalender - Novotek Switzerland","og_description":"Wir veranstalten regelm\u00e4ssig Veranstaltungen rund um die Themen Konnektivit\u00e4t, Smart Factory und Industrie 4.0.","og_url":"https:\/\/www.novotek.com\/ch\/novotek-switzerland\/eventkalender\/","og_site_name":"Novotek CH","article_modified_time":"2026-04-14T06:41:38+00:00","og_image":[{"width":1920,"height":600,"url":"https:\/\/www.novotek.com\/ch\/wp-content\/uploads\/sites\/3\/events-kalender-novotek-2023-1920x600-1.jpg.webp","type":"image\/jpeg"}],"twitter_card":"summary_large_image","twitter_misc":{"Gesch\u00e4tzte Lesezeit":"1\u00a0Minute"},"schema":{"@context":"https:\/\/schema.org","@graph":[{"@type":"WebPage","@id":"https:\/\/www.novotek.com\/ch\/novotek-switzerland\/eventkalender\/","url":"https:\/\/www.novotek.com\/ch\/novotek-switzerland\/eventkalender\/","name":"Eventkalender - Novotek Switzerland","isPartOf":{"@id":"https:\/\/www.novotek.com\/ch\/#website"},"primaryImageOfPage":{"@id":"https:\/\/www.novotek.com\/ch\/novotek-switzerland\/eventkalender\/#primaryimage"},"image":{"@id":"https:\/\/www.novotek.com\/ch\/novotek-switzerland\/eventkalender\/#primaryimage"},"thumbnailUrl":"https:\/\/www.novotek.com\/ch\/wp-content\/uploads\/sites\/3\/events-kalender-novotek-2023-1920x600-1.jpg.webp","datePublished":"2023-01-12T13:48:40+00:00","dateModified":"2026-04-14T06:41:38+00:00","description":"Wir veranstalten regelm\u00e4ssig Veranstaltungen rund um die Themen Konnektivit\u00e4t, Smart Factory und Industrie 4.0.","breadcrumb":{"@id":"https:\/\/www.novotek.com\/ch\/novotek-switzerland\/eventkalender\/#breadcrumb"},"inLanguage":"de-CH","potentialAction":[{"@type":"ReadAction","target":["https:\/\/www.novotek.com\/ch\/novotek-switzerland\/eventkalender\/"]}]},{"@type":"ImageObject","inLanguage":"de-CH","@id":"https:\/\/www.novotek.com\/ch\/novotek-switzerland\/eventkalender\/#primaryimage","url":"https:\/\/www.novotek.com\/ch\/wp-content\/uploads\/sites\/3\/events-kalender-novotek-2023-1920x600-1.jpg.webp","contentUrl":"https:\/\/www.novotek.com\/ch\/wp-content\/uploads\/sites\/3\/events-kalender-novotek-2023-1920x600-1.jpg.webp","width":1920,"height":600},{"@type":"BreadcrumbList","@id":"https:\/\/www.novotek.com\/ch\/novotek-switzerland\/eventkalender\/#breadcrumb","itemListElement":[{"@type":"ListItem","position":1,"name":"Home","item":"https:\/\/www.novotek.com\/ch\/"},{"@type":"ListItem","position":2,"name":"\u00dcber uns","item":"https:\/\/www.novotek.com\/ch\/novotek-switzerland\/"},{"@type":"ListItem","position":3,"name":"Eventkalender"}]},{"@type":"WebSite","@id":"https:\/\/www.novotek.com\/ch\/#website","url":"https:\/\/www.novotek.com\/ch\/","name":"Novotek Switzerland AG","description":"Connect - Digitalize - Optimize","publisher":{"@id":"https:\/\/www.novotek.com\/ch\/#organization"},"potentialAction":[{"@type":"SearchAction","target":{"@type":"EntryPoint","urlTemplate":"https:\/\/www.novotek.com\/ch\/?s={search_term_string}"},"query-input":{"@type":"PropertyValueSpecification","valueRequired":true,"valueName":"search_term_string"}}],"inLanguage":"de-CH"},{"@type":"Organization","@id":"https:\/\/www.novotek.com\/ch\/#organization","name":"Novotek Switzerland AG","url":"https:\/\/www.novotek.com\/ch\/","logo":{"@type":"ImageObject","inLanguage":"de-CH","@id":"https:\/\/www.novotek.com\/ch\/#\/schema\/logo\/image\/","url":"https:\/\/www.novotek.com\/ch\/wp-content\/uploads\/sites\/3\/novotek-symbol-rgb-pos-white-border-512x512-1.png","contentUrl":"https:\/\/www.novotek.com\/ch\/wp-content\/uploads\/sites\/3\/novotek-symbol-rgb-pos-white-border-512x512-1.png","width":512,"height":512,"caption":"Novotek Switzerland AG"},"image":{"@id":"https:\/\/www.novotek.com\/ch\/#\/schema\/logo\/image\/"}}]}},"_links":{"self":[{"href":"https:\/\/www.novotek.com\/ch\/wp-json\/wp\/v2\/pages\/13354","targetHints":{"allow":["GET"]}}],"collection":[{"href":"https:\/\/www.novotek.com\/ch\/wp-json\/wp\/v2\/pages"}],"about":[{"href":"https:\/\/www.novotek.com\/ch\/wp-json\/wp\/v2\/types\/page"}],"author":[{"embeddable":true,"href":"https:\/\/www.novotek.com\/ch\/wp-json\/wp\/v2\/users\/35"}],"replies":[{"embeddable":true,"href":"https:\/\/www.novotek.com\/ch\/wp-json\/wp\/v2\/comments?post=13354"}],"version-history":[{"count":240,"href":"https:\/\/www.novotek.com\/ch\/wp-json\/wp\/v2\/pages\/13354\/revisions"}],"predecessor-version":[{"id":30390,"href":"https:\/\/www.novotek.com\/ch\/wp-json\/wp\/v2\/pages\/13354\/revisions\/30390"}],"up":[{"embeddable":true,"href":"https:\/\/www.novotek.com\/ch\/wp-json\/wp\/v2\/pages\/13696"}],"wp:featuredmedia":[{"embeddable":true,"href":"https:\/\/www.novotek.com\/ch\/wp-json\/wp\/v2\/media\/14226"}],"wp:attachment":[{"href":"https:\/\/www.novotek.com\/ch\/wp-json\/wp\/v2\/media?parent=13354"}],"curies":[{"name":"wp","href":"https:\/\/api.w.org\/{rel}","templated":true}]}}