{"id":13696,"date":"2023-01-05T14:18:42","date_gmt":"2023-01-05T14:18:42","guid":{"rendered":"https:\/\/www.novotek.com\/ch\/?page_id=13696"},"modified":"2023-02-16T12:59:18","modified_gmt":"2023-02-16T12:59:18","slug":"novotek-switzerland","status":"publish","type":"page","link":"https:\/\/www.novotek.com\/ch\/novotek-switzerland\/","title":{"rendered":"\u00dcber uns"},"content":{"rendered":"  <div class=\"hero\">\n    <div class=\"carousel hero-slider small\" data-flickity data-flickity-options='{\"prevNextButtons\": false}'>\n              <div class=\"carousel-cell\">\n          <div class=\"container\">\n            <div class=\"hero-content\">\n                              <h1>\u00dcber uns<\/h1>\n<p>Novotek ist ein Unternehmen f\u00fcr fortschrittliche industrielle IT- und Automatisierungsl\u00f6sungen, das seit mehr als 35 Jahren erstklassige Hardware und Software f\u00fcr eine Reihe von Fertigungs-, Prozess- und Produktionssektoren anbietet.<\/p>\n              \n                          <\/div>\n          <\/div>\n\n          <img decoding=\"async\" width=\"1024\" height=\"320\" src=\"https:\/\/www.novotek.com\/ch\/wp-content\/uploads\/sites\/3\/Careers_Novotek_1920x600-1024x320.jpg.webp\" class=\"hero-bg\" alt=\"Hero Img\" fetchpriority=\"high\" srcset=\"https:\/\/www.novotek.com\/ch\/wp-content\/uploads\/sites\/3\/Careers_Novotek_1920x600-1024x320.jpg.webp 1024w, https:\/\/www.novotek.com\/ch\/wp-content\/uploads\/sites\/3\/Careers_Novotek_1920x600-300x94.jpg.webp 300w, https:\/\/www.novotek.com\/ch\/wp-content\/uploads\/sites\/3\/Careers_Novotek_1920x600-768x240.jpg.webp 768w, https:\/\/www.novotek.com\/ch\/wp-content\/uploads\/sites\/3\/Careers_Novotek_1920x600-1536x480.jpg.webp 1536w, https:\/\/www.novotek.com\/ch\/wp-content\/uploads\/sites\/3\/Careers_Novotek_1920x600.jpg.webp 1920w\" sizes=\"(max-width: 1024px) 100vw, 1024px\" \/>                  <\/div>\n          <\/div>\n\n      <\/div>\n\n   \n\n\n<div class=\"container-md spacer  \">\n<div style=\"height:30px\" aria-hidden=\"true\" class=\"wp-block-spacer\"><\/div>\n<\/div>\n\n<div class=\"posts-columns \">\n  <div class=\"container\">\n  <div class=\"row\">\n    <div class=\"col-12 col-md-4\">\n<article class=\"basic \">\n    <div class=\"image\">\n      <a href=\"https:\/\/www.novotek.com\/ch\/ueber-uns\/\">\n                  <img loading=\"lazy\" decoding=\"async\" width=\"1716\" height=\"1250\" src=\"https:\/\/www.novotek.com\/ch\/wp-content\/uploads\/sites\/3\/novotek-switzerland.jpg.webp\" class=\"attachment-post-thumbnail size-post-thumbnail wp-post-image\" alt=\"\" srcset=\"https:\/\/www.novotek.com\/ch\/wp-content\/uploads\/sites\/3\/novotek-switzerland.jpg.webp 1716w, https:\/\/www.novotek.com\/ch\/wp-content\/uploads\/sites\/3\/novotek-switzerland-300x219.jpg.webp 300w, https:\/\/www.novotek.com\/ch\/wp-content\/uploads\/sites\/3\/novotek-switzerland-1024x746.jpg.webp 1024w, https:\/\/www.novotek.com\/ch\/wp-content\/uploads\/sites\/3\/novotek-switzerland-768x559.jpg.webp 768w, https:\/\/www.novotek.com\/ch\/wp-content\/uploads\/sites\/3\/novotek-switzerland-1536x1119.jpg.webp 1536w\" sizes=\"auto, (max-width: 1716px) 100vw, 1716px\" \/>              <\/a>\n    <\/div>\n\n    <div>\n              <h4>Novotek Switzerland<\/h4>\n      \n              <p>Unser Antrieb ist es, unseren Kunden dabei zu helfen, innovative Produkte und L\u00f6sungen einzusetzen, um ihre industriellen Prozesse zu verbinden, zu digitalisieren und zu optimieren.<\/p>\n      \n      <div>\n        <a href=\"https:\/\/www.novotek.com\/ch\/ueber-uns\/\">\n          weiterlesen        <\/a>\n      <\/div>\n    <\/div>\n<\/article>\n<\/div><div class=\"col-12 col-md-4\">\n<article class=\"basic \">\n    <div class=\"image\">\n      <a href=\"https:\/\/www.novotek.com\/ch\/novotek-switzerland\/eventkalender\/\">\n                  <img loading=\"lazy\" decoding=\"async\" width=\"1920\" height=\"600\" src=\"https:\/\/www.novotek.com\/ch\/wp-content\/uploads\/sites\/3\/events-kalender-novotek-2023-1920x600-1.jpg.webp\" class=\"attachment-post-thumbnail size-post-thumbnail wp-post-image\" alt=\"\" srcset=\"https:\/\/www.novotek.com\/ch\/wp-content\/uploads\/sites\/3\/events-kalender-novotek-2023-1920x600-1.jpg.webp 1920w, https:\/\/www.novotek.com\/ch\/wp-content\/uploads\/sites\/3\/events-kalender-novotek-2023-1920x600-1-300x94.jpg.webp 300w, https:\/\/www.novotek.com\/ch\/wp-content\/uploads\/sites\/3\/events-kalender-novotek-2023-1920x600-1-1024x320.jpg.webp 1024w, https:\/\/www.novotek.com\/ch\/wp-content\/uploads\/sites\/3\/events-kalender-novotek-2023-1920x600-1-768x240.jpg.webp 768w, https:\/\/www.novotek.com\/ch\/wp-content\/uploads\/sites\/3\/events-kalender-novotek-2023-1920x600-1-1536x480.jpg.webp 1536w\" sizes=\"auto, (max-width: 1920px) 100vw, 1920px\" \/>              <\/a>\n    <\/div>\n\n    <div>\n              <h4>Eventkalender<\/h4>\n      \n              <p>Die Novotek Switzerland organisiert regelm\u00e4ssig Events rund um die Themen Konnektivit\u00e4t, Smart Factory und Industrie 4.0. Zudem sind wir an diversen Anl\u00e4ssen und Messen zu diesen Themen in der Schweiz pr\u00e4sent.<\/p>\n      \n      <div>\n        <a href=\"https:\/\/www.novotek.com\/ch\/novotek-switzerland\/eventkalender\/\">\n          weiterlesen        <\/a>\n      <\/div>\n    <\/div>\n<\/article>\n<\/div><div class=\"col-12 col-md-4\">\n<article class=\"basic \">\n    <div class=\"image\">\n      <a href=\"https:\/\/www.novotek.com\/ch\/news\/\">\n                  <img loading=\"lazy\" decoding=\"async\" width=\"1921\" height=\"721\" src=\"https:\/\/www.novotek.com\/ch\/wp-content\/uploads\/sites\/3\/2021\/Novotek_UK\/About_Novotek\/novotek-news-header-duplex-cyan.jpg\" class=\"attachment-post-thumbnail size-post-thumbnail wp-post-image\" alt=\"Novotek NEWS\" srcset=\"https:\/\/www.novotek.com\/ch\/wp-content\/uploads\/sites\/3\/2021\/Novotek_UK\/About_Novotek\/novotek-news-header-duplex-cyan.jpg 1921w, https:\/\/www.novotek.com\/ch\/wp-content\/uploads\/sites\/3\/2021\/Novotek_UK\/About_Novotek\/novotek-news-header-duplex-cyan-300x113.jpg 300w, https:\/\/www.novotek.com\/ch\/wp-content\/uploads\/sites\/3\/2021\/Novotek_UK\/About_Novotek\/novotek-news-header-duplex-cyan-1024x384.jpg 1024w, https:\/\/www.novotek.com\/ch\/wp-content\/uploads\/sites\/3\/2021\/Novotek_UK\/About_Novotek\/novotek-news-header-duplex-cyan-768x288.jpg 768w, https:\/\/www.novotek.com\/ch\/wp-content\/uploads\/sites\/3\/2021\/Novotek_UK\/About_Novotek\/novotek-news-header-duplex-cyan-1536x576.jpg 1536w\" sizes=\"auto, (max-width: 1921px) 100vw, 1921px\" \/>              <\/a>\n    <\/div>\n\n    <div>\n              <h4>News<\/h4>\n      \n              <p>Bleiben Sie informiert und erfahren Sie in unseren News mehr \u00fcber Produktaktualisierungen, anstehende Veranstaltungen und Ereignisse.<\/p>\n      \n      <div>\n        <a href=\"https:\/\/www.novotek.com\/ch\/news\/\">\n          weiterlesen        <\/a>\n      <\/div>\n    <\/div>\n<\/article>\n<\/div><div class=\"col-12 col-md-4\">\n<article class=\"basic \">\n    <div class=\"image\">\n      <a href=\"https:\/\/www.novotek.com\/ch\/ueber-uns\/unsere-partner\/\">\n                  <img loading=\"lazy\" decoding=\"async\" width=\"1920\" height=\"800\" src=\"https:\/\/www.novotek.com\/ch\/wp-content\/uploads\/sites\/3\/novotek-partner-lieferanten.jpg.webp\" class=\"attachment-post-thumbnail size-post-thumbnail wp-post-image\" alt=\"\" srcset=\"https:\/\/www.novotek.com\/ch\/wp-content\/uploads\/sites\/3\/novotek-partner-lieferanten.jpg.webp 1920w, https:\/\/www.novotek.com\/ch\/wp-content\/uploads\/sites\/3\/novotek-partner-lieferanten-300x125.jpg.webp 300w, https:\/\/www.novotek.com\/ch\/wp-content\/uploads\/sites\/3\/novotek-partner-lieferanten-1024x427.jpg.webp 1024w, https:\/\/www.novotek.com\/ch\/wp-content\/uploads\/sites\/3\/novotek-partner-lieferanten-768x320.jpg.webp 768w, https:\/\/www.novotek.com\/ch\/wp-content\/uploads\/sites\/3\/novotek-partner-lieferanten-1536x640.jpg.webp 1536w\" sizes=\"auto, (max-width: 1920px) 100vw, 1920px\" \/>              <\/a>\n    <\/div>\n\n    <div>\n              <h4>Unsere Systemlieferanten<\/h4>\n      \n              <p>Gemeinsam mit unseren Partnern liefern wir industrielle L\u00f6sungen auf der Grundlage von Standardprodukten und -komponenten, mit denen wir den Herausforderungen des Marktes begegnen.<\/p>\n      \n      <div>\n        <a href=\"https:\/\/www.novotek.com\/ch\/ueber-uns\/unsere-partner\/\">\n          weiterlesen        <\/a>\n      <\/div>\n    <\/div>\n<\/article>\n<\/div><div class=\"col-12 col-md-4\">\n<article class=\"basic \">\n    <div class=\"image\">\n      <a href=\"https:\/\/www.novotek.com\/ch\/ueber-uns\/arbeite-mit-uns\/\">\n                  <img loading=\"lazy\" decoding=\"async\" width=\"1920\" height=\"600\" src=\"https:\/\/www.novotek.com\/ch\/wp-content\/uploads\/sites\/3\/arbeite-bei-uns-novotek-1.jpg.webp\" class=\"attachment-post-thumbnail size-post-thumbnail wp-post-image\" alt=\"\" srcset=\"https:\/\/www.novotek.com\/ch\/wp-content\/uploads\/sites\/3\/arbeite-bei-uns-novotek-1.jpg.webp 1920w, https:\/\/www.novotek.com\/ch\/wp-content\/uploads\/sites\/3\/arbeite-bei-uns-novotek-1-300x94.jpg.webp 300w, https:\/\/www.novotek.com\/ch\/wp-content\/uploads\/sites\/3\/arbeite-bei-uns-novotek-1-1024x320.jpg.webp 1024w, https:\/\/www.novotek.com\/ch\/wp-content\/uploads\/sites\/3\/arbeite-bei-uns-novotek-1-768x240.jpg.webp 768w, https:\/\/www.novotek.com\/ch\/wp-content\/uploads\/sites\/3\/arbeite-bei-uns-novotek-1-1536x480.jpg.webp 1536w\" sizes=\"auto, (max-width: 1920px) 100vw, 1920px\" \/>              <\/a>\n    <\/div>\n\n    <div>\n              <h4>Arbeite bei uns<\/h4>\n      \n              <p>Das Engagement und die Loyalit\u00e4t unserer Mitarbeiter sind f\u00fcr die Novotek seit jeher von zentraler Bedeutung und eine Voraussetzung f\u00fcr unseren Erfolg.\u00a0<\/p>\n      \n      <div>\n        <a href=\"https:\/\/www.novotek.com\/ch\/ueber-uns\/arbeite-mit-uns\/\">\n          weiterlesen        <\/a>\n      <\/div>\n    <\/div>\n<\/article>\n<\/div><div class=\"col-12 col-md-4\">\n<article class=\"basic \">\n    <div class=\"image\">\n      <a href=\"https:\/\/www.novotek.com\/ch\/kontakt\/\">\n                  <img loading=\"lazy\" decoding=\"async\" width=\"1920\" height=\"800\" src=\"https:\/\/www.novotek.com\/ch\/wp-content\/uploads\/sites\/3\/Kontakt_oss_office_1920x800.jpg.webp\" class=\"attachment-post-thumbnail size-post-thumbnail wp-post-image\" alt=\"\" srcset=\"https:\/\/www.novotek.com\/ch\/wp-content\/uploads\/sites\/3\/Kontakt_oss_office_1920x800.jpg.webp 1920w, https:\/\/www.novotek.com\/ch\/wp-content\/uploads\/sites\/3\/Kontakt_oss_office_1920x800-300x125.jpg.webp 300w, https:\/\/www.novotek.com\/ch\/wp-content\/uploads\/sites\/3\/Kontakt_oss_office_1920x800-1024x427.jpg.webp 1024w, https:\/\/www.novotek.com\/ch\/wp-content\/uploads\/sites\/3\/Kontakt_oss_office_1920x800-768x320.jpg.webp 768w, https:\/\/www.novotek.com\/ch\/wp-content\/uploads\/sites\/3\/Kontakt_oss_office_1920x800-1536x640.jpg.webp 1536w\" sizes=\"auto, (max-width: 1920px) 100vw, 1920px\" \/>              <\/a>\n    <\/div>\n\n    <div>\n              <h4>Kontaktieren Sie uns<\/h4>\n      \n              <p>Wir k\u00fcmmern uns um Ihr Anliegen! Unsere Vertriebsmitarbeiter und Techniker sind Spezialisten f\u00fcr industrielle L\u00f6sungen und stehen Ihnen zur Seite, wenn es um die Optimierung Ihrer Produktion geht.<\/p>\n      \n      <div>\n        <a href=\"https:\/\/www.novotek.com\/ch\/kontakt\/\">\n          weiterlesen        <\/a>\n      <\/div>\n    <\/div>\n<\/article>\n<\/div>  <\/div>\n\n  <\/div><\/div>\n","protected":false},"excerpt":{"rendered":"<p>Novotek ist ein Unternehmen f\u00fcr fortschrittliche industrielle IT- und Automatisierungsl\u00f6sungen, das seit mehr als 35 Jahren erstklassige Hardware und Software f\u00fcr eine Reihe von Fertigungs-, Prozess- und Produktionssektoren anbietet.<\/p>\n","protected":false},"author":35,"featured_media":13909,"parent":0,"menu_order":6,"comment_status":"closed","ping_status":"closed","template":"","meta":{"_acf_changed":false,"_relevanssi_hide_post":"","_relevanssi_pin_for_all":"","_relevanssi_pin_keywords":"","_relevanssi_unpin_keywords":"","_relevanssi_related_keywords":"","_relevanssi_related_include_ids":"","_relevanssi_related_exclude_ids":"","_relevanssi_related_no_append":"","_relevanssi_related_not_related":"","_relevanssi_related_posts":"3195,3220,3208,3208,3200,3195","_relevanssi_noindex_reason":"","content-type":"","footnotes":""},"class_list":["post-13696","page","type-page","status-publish","has-post-thumbnail","hentry"],"acf":[],"yoast_head":"<!-- This site is optimized with the Yoast SEO plugin v27.4 - https:\/\/yoast.com\/product\/yoast-seo-wordpress\/ -->\n<title>Novotek Switzerland AG<\/title>\n<meta name=\"description\" content=\"Novotek steht f\u00fcr fortschrittliche industrielle IT- und Automatisierungsl\u00f6sungen - wir bieten sowohl Hard- wie auch Software.\" \/>\n<meta name=\"robots\" content=\"index, follow, max-snippet:-1, max-image-preview:large, max-video-preview:-1\" \/>\n<link rel=\"canonical\" href=\"https:\/\/www.novotek.com\/ch\/novotek-switzerland\/\" \/>\n<meta property=\"og:locale\" content=\"de_DE\" \/>\n<meta property=\"og:type\" content=\"article\" \/>\n<meta property=\"og:title\" content=\"Novotek Switzerland AG\" \/>\n<meta property=\"og:description\" content=\"Novotek steht f\u00fcr fortschrittliche industrielle IT- und Automatisierungsl\u00f6sungen - wir bieten sowohl Hard- wie auch Software.\" \/>\n<meta property=\"og:url\" content=\"https:\/\/www.novotek.com\/ch\/novotek-switzerland\/\" \/>\n<meta property=\"og:site_name\" content=\"Novotek CH\" \/>\n<meta property=\"article:modified_time\" content=\"2023-02-16T12:59:18+00:00\" \/>\n<meta property=\"og:image\" content=\"https:\/\/www.novotek.com\/ch\/wp-content\/uploads\/sites\/3\/Careers_Novotek_1920x600.jpg\" \/>\n\t<meta property=\"og:image:width\" content=\"1920\" \/>\n\t<meta property=\"og:image:height\" content=\"600\" \/>\n\t<meta property=\"og:image:type\" content=\"image\/jpeg\" \/>\n<meta name=\"twitter:card\" content=\"summary_large_image\" \/>\n<script type=\"application\/ld+json\" class=\"yoast-schema-graph\">{\"@context\":\"https:\\\/\\\/schema.org\",\"@graph\":[{\"@type\":\"WebPage\",\"@id\":\"https:\\\/\\\/www.novotek.com\\\/ch\\\/novotek-switzerland\\\/\",\"url\":\"https:\\\/\\\/www.novotek.com\\\/ch\\\/novotek-switzerland\\\/\",\"name\":\"Novotek Switzerland AG\",\"isPartOf\":{\"@id\":\"https:\\\/\\\/www.novotek.com\\\/ch\\\/#website\"},\"primaryImageOfPage\":{\"@id\":\"https:\\\/\\\/www.novotek.com\\\/ch\\\/novotek-switzerland\\\/#primaryimage\"},\"image\":{\"@id\":\"https:\\\/\\\/www.novotek.com\\\/ch\\\/novotek-switzerland\\\/#primaryimage\"},\"thumbnailUrl\":\"https:\\\/\\\/www.novotek.com\\\/ch\\\/wp-content\\\/uploads\\\/sites\\\/3\\\/Careers_Novotek_1920x600.jpg.webp\",\"datePublished\":\"2023-01-05T14:18:42+00:00\",\"dateModified\":\"2023-02-16T12:59:18+00:00\",\"description\":\"Novotek steht f\u00fcr fortschrittliche industrielle IT- und Automatisierungsl\u00f6sungen - wir bieten sowohl Hard- wie auch Software.\",\"breadcrumb\":{\"@id\":\"https:\\\/\\\/www.novotek.com\\\/ch\\\/novotek-switzerland\\\/#breadcrumb\"},\"inLanguage\":\"de-CH\",\"potentialAction\":[{\"@type\":\"ReadAction\",\"target\":[\"https:\\\/\\\/www.novotek.com\\\/ch\\\/novotek-switzerland\\\/\"]}]},{\"@type\":\"ImageObject\",\"inLanguage\":\"de-CH\",\"@id\":\"https:\\\/\\\/www.novotek.com\\\/ch\\\/novotek-switzerland\\\/#primaryimage\",\"url\":\"https:\\\/\\\/www.novotek.com\\\/ch\\\/wp-content\\\/uploads\\\/sites\\\/3\\\/Careers_Novotek_1920x600.jpg.webp\",\"contentUrl\":\"https:\\\/\\\/www.novotek.com\\\/ch\\\/wp-content\\\/uploads\\\/sites\\\/3\\\/Careers_Novotek_1920x600.jpg.webp\",\"width\":1920,\"height\":600},{\"@type\":\"BreadcrumbList\",\"@id\":\"https:\\\/\\\/www.novotek.com\\\/ch\\\/novotek-switzerland\\\/#breadcrumb\",\"itemListElement\":[{\"@type\":\"ListItem\",\"position\":1,\"name\":\"Home\",\"item\":\"https:\\\/\\\/www.novotek.com\\\/ch\\\/\"},{\"@type\":\"ListItem\",\"position\":2,\"name\":\"\u00dcber uns\"}]},{\"@type\":\"WebSite\",\"@id\":\"https:\\\/\\\/www.novotek.com\\\/ch\\\/#website\",\"url\":\"https:\\\/\\\/www.novotek.com\\\/ch\\\/\",\"name\":\"Novotek Switzerland AG\",\"description\":\"Connect - Digitalize - Optimize\",\"publisher\":{\"@id\":\"https:\\\/\\\/www.novotek.com\\\/ch\\\/#organization\"},\"potentialAction\":[{\"@type\":\"SearchAction\",\"target\":{\"@type\":\"EntryPoint\",\"urlTemplate\":\"https:\\\/\\\/www.novotek.com\\\/ch\\\/?s={search_term_string}\"},\"query-input\":{\"@type\":\"PropertyValueSpecification\",\"valueRequired\":true,\"valueName\":\"search_term_string\"}}],\"inLanguage\":\"de-CH\"},{\"@type\":\"Organization\",\"@id\":\"https:\\\/\\\/www.novotek.com\\\/ch\\\/#organization\",\"name\":\"Novotek Switzerland AG\",\"url\":\"https:\\\/\\\/www.novotek.com\\\/ch\\\/\",\"logo\":{\"@type\":\"ImageObject\",\"inLanguage\":\"de-CH\",\"@id\":\"https:\\\/\\\/www.novotek.com\\\/ch\\\/#\\\/schema\\\/logo\\\/image\\\/\",\"url\":\"https:\\\/\\\/www.novotek.com\\\/ch\\\/wp-content\\\/uploads\\\/sites\\\/3\\\/novotek-symbol-rgb-pos-white-border-512x512-1.png\",\"contentUrl\":\"https:\\\/\\\/www.novotek.com\\\/ch\\\/wp-content\\\/uploads\\\/sites\\\/3\\\/novotek-symbol-rgb-pos-white-border-512x512-1.png\",\"width\":512,\"height\":512,\"caption\":\"Novotek Switzerland AG\"},\"image\":{\"@id\":\"https:\\\/\\\/www.novotek.com\\\/ch\\\/#\\\/schema\\\/logo\\\/image\\\/\"}}]}<\/script>\n<!-- \/ Yoast SEO plugin. -->","yoast_head_json":{"title":"Novotek Switzerland AG","description":"Novotek steht f\u00fcr fortschrittliche industrielle IT- und Automatisierungsl\u00f6sungen - wir bieten sowohl Hard- wie auch Software.","robots":{"index":"index","follow":"follow","max-snippet":"max-snippet:-1","max-image-preview":"max-image-preview:large","max-video-preview":"max-video-preview:-1"},"canonical":"https:\/\/www.novotek.com\/ch\/novotek-switzerland\/","og_locale":"de_DE","og_type":"article","og_title":"Novotek Switzerland AG","og_description":"Novotek steht f\u00fcr fortschrittliche industrielle IT- und Automatisierungsl\u00f6sungen - wir bieten sowohl Hard- wie auch Software.","og_url":"https:\/\/www.novotek.com\/ch\/novotek-switzerland\/","og_site_name":"Novotek CH","article_modified_time":"2023-02-16T12:59:18+00:00","og_image":[{"width":1920,"height":600,"url":"https:\/\/www.novotek.com\/ch\/wp-content\/uploads\/sites\/3\/Careers_Novotek_1920x600.jpg","type":"image\/jpeg"}],"twitter_card":"summary_large_image","schema":{"@context":"https:\/\/schema.org","@graph":[{"@type":"WebPage","@id":"https:\/\/www.novotek.com\/ch\/novotek-switzerland\/","url":"https:\/\/www.novotek.com\/ch\/novotek-switzerland\/","name":"Novotek Switzerland AG","isPartOf":{"@id":"https:\/\/www.novotek.com\/ch\/#website"},"primaryImageOfPage":{"@id":"https:\/\/www.novotek.com\/ch\/novotek-switzerland\/#primaryimage"},"image":{"@id":"https:\/\/www.novotek.com\/ch\/novotek-switzerland\/#primaryimage"},"thumbnailUrl":"https:\/\/www.novotek.com\/ch\/wp-content\/uploads\/sites\/3\/Careers_Novotek_1920x600.jpg.webp","datePublished":"2023-01-05T14:18:42+00:00","dateModified":"2023-02-16T12:59:18+00:00","description":"Novotek steht f\u00fcr fortschrittliche industrielle IT- und Automatisierungsl\u00f6sungen - wir bieten sowohl Hard- wie auch Software.","breadcrumb":{"@id":"https:\/\/www.novotek.com\/ch\/novotek-switzerland\/#breadcrumb"},"inLanguage":"de-CH","potentialAction":[{"@type":"ReadAction","target":["https:\/\/www.novotek.com\/ch\/novotek-switzerland\/"]}]},{"@type":"ImageObject","inLanguage":"de-CH","@id":"https:\/\/www.novotek.com\/ch\/novotek-switzerland\/#primaryimage","url":"https:\/\/www.novotek.com\/ch\/wp-content\/uploads\/sites\/3\/Careers_Novotek_1920x600.jpg.webp","contentUrl":"https:\/\/www.novotek.com\/ch\/wp-content\/uploads\/sites\/3\/Careers_Novotek_1920x600.jpg.webp","width":1920,"height":600},{"@type":"BreadcrumbList","@id":"https:\/\/www.novotek.com\/ch\/novotek-switzerland\/#breadcrumb","itemListElement":[{"@type":"ListItem","position":1,"name":"Home","item":"https:\/\/www.novotek.com\/ch\/"},{"@type":"ListItem","position":2,"name":"\u00dcber uns"}]},{"@type":"WebSite","@id":"https:\/\/www.novotek.com\/ch\/#website","url":"https:\/\/www.novotek.com\/ch\/","name":"Novotek Switzerland AG","description":"Connect - Digitalize - Optimize","publisher":{"@id":"https:\/\/www.novotek.com\/ch\/#organization"},"potentialAction":[{"@type":"SearchAction","target":{"@type":"EntryPoint","urlTemplate":"https:\/\/www.novotek.com\/ch\/?s={search_term_string}"},"query-input":{"@type":"PropertyValueSpecification","valueRequired":true,"valueName":"search_term_string"}}],"inLanguage":"de-CH"},{"@type":"Organization","@id":"https:\/\/www.novotek.com\/ch\/#organization","name":"Novotek Switzerland AG","url":"https:\/\/www.novotek.com\/ch\/","logo":{"@type":"ImageObject","inLanguage":"de-CH","@id":"https:\/\/www.novotek.com\/ch\/#\/schema\/logo\/image\/","url":"https:\/\/www.novotek.com\/ch\/wp-content\/uploads\/sites\/3\/novotek-symbol-rgb-pos-white-border-512x512-1.png","contentUrl":"https:\/\/www.novotek.com\/ch\/wp-content\/uploads\/sites\/3\/novotek-symbol-rgb-pos-white-border-512x512-1.png","width":512,"height":512,"caption":"Novotek Switzerland AG"},"image":{"@id":"https:\/\/www.novotek.com\/ch\/#\/schema\/logo\/image\/"}}]}},"_links":{"self":[{"href":"https:\/\/www.novotek.com\/ch\/wp-json\/wp\/v2\/pages\/13696","targetHints":{"allow":["GET"]}}],"collection":[{"href":"https:\/\/www.novotek.com\/ch\/wp-json\/wp\/v2\/pages"}],"about":[{"href":"https:\/\/www.novotek.com\/ch\/wp-json\/wp\/v2\/types\/page"}],"author":[{"embeddable":true,"href":"https:\/\/www.novotek.com\/ch\/wp-json\/wp\/v2\/users\/35"}],"replies":[{"embeddable":true,"href":"https:\/\/www.novotek.com\/ch\/wp-json\/wp\/v2\/comments?post=13696"}],"version-history":[{"count":33,"href":"https:\/\/www.novotek.com\/ch\/wp-json\/wp\/v2\/pages\/13696\/revisions"}],"predecessor-version":[{"id":14992,"href":"https:\/\/www.novotek.com\/ch\/wp-json\/wp\/v2\/pages\/13696\/revisions\/14992"}],"wp:featuredmedia":[{"embeddable":true,"href":"https:\/\/www.novotek.com\/ch\/wp-json\/wp\/v2\/media\/13909"}],"wp:attachment":[{"href":"https:\/\/www.novotek.com\/ch\/wp-json\/wp\/v2\/media?parent=13696"}],"curies":[{"name":"wp","href":"https:\/\/api.w.org\/{rel}","templated":true}]}}