{"id":13791,"date":"2023-01-06T14:20:17","date_gmt":"2023-01-06T14:20:17","guid":{"rendered":"https:\/\/www.novotek.com\/ch\/?page_id=13791"},"modified":"2024-04-26T11:21:17","modified_gmt":"2024-04-26T11:21:17","slug":"arbeite-mit-uns","status":"publish","type":"page","link":"https:\/\/www.novotek.com\/ch\/ueber-uns\/arbeite-mit-uns\/","title":{"rendered":"Arbeite bei uns"},"content":{"rendered":"  <div class=\"hero\">\n    <div class=\"carousel hero-slider small\" data-flickity data-flickity-options='{\"prevNextButtons\": false}'>\n              <div class=\"carousel-cell\">\n          <div class=\"container\">\n            <div class=\"hero-content\">\n                              <h1>Arbeite bei uns<\/h1>\n<p>Erfahre die faszinierende Welt der Digitalisierung und Industrie 4.0 hautnah im t\u00e4glichen Austausch mit unseren Kunden und hilf mit, industrielle Betriebe effizienter zu machen.<\/p>\n              \n                          <\/div>\n          <\/div>\n\n          <img decoding=\"async\" width=\"1024\" height=\"320\" src=\"https:\/\/www.novotek.com\/ch\/wp-content\/uploads\/sites\/3\/arbeite-bei-uns-novotek-1-1024x320.jpg.webp\" class=\"hero-bg\" alt=\"Hero Img\" fetchpriority=\"high\" srcset=\"https:\/\/www.novotek.com\/ch\/wp-content\/uploads\/sites\/3\/arbeite-bei-uns-novotek-1-1024x320.jpg.webp 1024w, https:\/\/www.novotek.com\/ch\/wp-content\/uploads\/sites\/3\/arbeite-bei-uns-novotek-1-300x94.jpg.webp 300w, https:\/\/www.novotek.com\/ch\/wp-content\/uploads\/sites\/3\/arbeite-bei-uns-novotek-1-768x240.jpg.webp 768w, https:\/\/www.novotek.com\/ch\/wp-content\/uploads\/sites\/3\/arbeite-bei-uns-novotek-1-1536x480.jpg.webp 1536w, https:\/\/www.novotek.com\/ch\/wp-content\/uploads\/sites\/3\/arbeite-bei-uns-novotek-1.jpg.webp 1920w\" sizes=\"(max-width: 1024px) 100vw, 1024px\" \/>                  <\/div>\n          <\/div>\n\n      <\/div>\n\n   \n\n\n<div class=\"container-md spacer  \">\n<div style=\"height:30px\" aria-hidden=\"true\" class=\"wp-block-spacer\"><\/div>\n<\/div>\n\n<div class=\"container-md quote  \">\n<blockquote class=\"wp-block-quote is-layout-flow wp-block-quote-is-layout-flow\"><div class=\"container-md heading  \">\n<h2 class=\"wp-block-heading has-large-font-size\">Bei uns gestaltest du die Zukunft intelligenter Fertigungsprozesse und <br>-anlagen aktiv mit.<\/h2>\n<\/div><\/blockquote>\n<\/div>\n\n<div class=\"container-md group  \">\n<div class=\"wp-block-group\"><div class=\"wp-block-group__inner-container is-layout-constrained wp-block-group-is-layout-constrained\"><div class=\"container-md paragraph  \">\n<p>Seit mehr als 35 Jahren liefern wir innovative L\u00f6sungen und preisgekr\u00f6nte Produkte an produzierende Unternehmen und erm\u00f6glichen ihnen, ihre Produktionsprozesse zu vernetzen, zu digitalisieren und zu optimieren. Um dies zu erreichen, arbeiten wir mit f\u00fchrenden internationalen Herstellern zusammen.<\/p>\n<\/div>\n\n<div class=\"container-md paragraph  \">\n<p>Die Novotek Switzerland besch\u00e4ftigt 8 Mitarbeiter und hat ihren Sitz in Solothurn. Wir sind Teil der schwedischen Novotek-Gruppe mit ca. 180 Mitarbeiter und Tochtergesellschaften in allen skandinavischen L\u00e4ndern, Grossbritannien und Benelux.<\/p>\n<\/div>\n\n<div class=\"container-md spacer  \">\n<div style=\"height:20px\" aria-hidden=\"true\" class=\"wp-block-spacer\"><\/div>\n<\/div>\n\n<div class=\"container-md heading  \">\n<h2 class=\"wp-block-heading\">Unser Herz schl\u00e4gt f\u00fcr industrielle Daten<\/h2>\n<\/div>\n\n<div class=\"container-md paragraph  \">\n<p>Themen wie Smart Factory, Industrial DataOps, Connectivity und Versionierung sind unsere Spezialgebiete. Unsere Kunden stehen t\u00e4glich vor den Herausforderungen im Umgang mit ihren gesammelten Daten, und wir lieben es, ihnen massgeschneiderte L\u00f6sungen anzubieten. Egal, wo sich unsere Kunden in ihrem Digitalisierungsprozess befinden, bei uns finden sie die passende L\u00f6sung f\u00fcr ihren n\u00e4chsten Schritt.<\/p>\n<\/div>\n\n<div class=\"container-md spacer  \">\n<div style=\"height:30px\" aria-hidden=\"true\" class=\"wp-block-spacer\"><\/div>\n<\/div>\n\n<div class=\"container-md heading  \">\n<h2 class=\"wp-block-heading\">Teilst du unsere Begeisterung f\u00fcr Technologie und Automatisierung in der Industrie?<\/h2>\n<\/div>\n\n<div class=\"container-md paragraph  \">\n<p>In unserem spannenden Arbeitsumfeld haben Mitarbeiter die M\u00f6glichkeit, ihre F\u00e4higkeiten praxisorientiert einzusetzen und innovative Ideen umzusetzen. Wir bieten ihnen die Chance, ihre Potenziale auszusch\u00f6pfen und sich kontinuierlich weiterzuentwickeln.<\/p>\n<\/div>\n\n<div class=\"container-md paragraph  \">\n<p>Werde Teil unseres Teams und gestalte aktiv die Zukunft der industriellen Fertigung mit.<\/p>\n<\/div><\/div>\n<\/div><\/div>\n\n<div class=\"container-md spacer  \">\n<div style=\"height:50px\" aria-hidden=\"true\" class=\"wp-block-spacer\"><\/div>\n<\/div>\n\n<div class=\"container-md heading  \">\n<h2 class=\"wp-block-heading\" id=\"h-aktuelle-stellen\">Offene Stellen<\/h2>\n<\/div>\n\n<div class=\"container-md spacer  \">\n<div style=\"height:30px\" aria-hidden=\"true\" class=\"wp-block-spacer\"><\/div>\n<\/div>\n\n<div class=\"container-md paragraph  \">\n<p>Aktuell keine offenen Stellen<\/p>\n<\/div>\n\n<div class=\"posts-columns \">\n  <div class=\"container\">\n  <div class=\"row\">\n      <\/div>\n\n  <\/div><\/div>\n\n\n<div class=\"container-md spacer  \">\n<div style=\"height:50px\" aria-hidden=\"true\" class=\"wp-block-spacer\"><\/div>\n<\/div>\n\n<div class=\"container-md heading  \">\n<h2 class=\"wp-block-heading\">Nichts passendes dabei?<\/h2>\n<\/div>\n\n<div class=\"container-md paragraph  \">\n<p>Gerne kannst du dich jederzeit initiativ bewerben oder dich als Studierende\/r auf ein Praktikum bewerben. Schick uns einfach deine Spontanbewerbung.<\/p>\n<\/div>\n\n<div class=\"container-md paragraph  \">\n<p><strong>Remo Ingold<\/strong><br>Managing Director<\/p>\n<\/div>\n\n<div class=\"container-md paragraph  \">\n<p><a href=\"mailto:remo.ingold@novotek.com\">remo.ingold@novotek.com<\/a><\/p>\n<\/div>\n\n<div class=\"container-md spacer  \">\n<div style=\"height:50px\" aria-hidden=\"true\" class=\"wp-block-spacer\"><\/div>\n<\/div>","protected":false},"excerpt":{"rendered":"<p>Das Engagement und die Loyalit\u00e4t unserer Mitarbeiter sind f\u00fcr die Novotek seit jeher von zentraler Bedeutung und eine Voraussetzung f\u00fcr unseren Erfolg.\u00a0<\/p>\n","protected":false},"author":35,"featured_media":16807,"parent":3145,"menu_order":4,"comment_status":"closed","ping_status":"closed","template":"","meta":{"_acf_changed":false,"_relevanssi_hide_post":"","_relevanssi_pin_for_all":"","_relevanssi_pin_keywords":"","_relevanssi_unpin_keywords":"","_relevanssi_related_keywords":"","_relevanssi_related_include_ids":"","_relevanssi_related_exclude_ids":"","_relevanssi_related_no_append":"","_relevanssi_related_not_related":"","_relevanssi_related_posts":"4907,12096,12307,11774,10065,6214","_relevanssi_noindex_reason":"","content-type":"","footnotes":""},"class_list":["post-13791","page","type-page","status-publish","has-post-thumbnail","hentry"],"acf":[],"yoast_head":"<!-- This site is optimized with the Yoast SEO plugin v27.4 - https:\/\/yoast.com\/product\/yoast-seo-wordpress\/ -->\n<title>Arbeite bei uns - Novotek Switzerland<\/title>\n<meta name=\"description\" content=\"Das Engagement und die Loyalit\u00e4t unserer Mitarbeiter stehen bei Novotek im Mittelpunkt und sind eine Voraussetzung f\u00fcr unseren Erfolg.\" \/>\n<meta name=\"robots\" content=\"index, follow, max-snippet:-1, max-image-preview:large, max-video-preview:-1\" \/>\n<link rel=\"canonical\" href=\"https:\/\/www.novotek.com\/ch\/ueber-uns\/arbeite-mit-uns\/\" \/>\n<meta property=\"og:locale\" content=\"de_DE\" \/>\n<meta property=\"og:type\" content=\"article\" \/>\n<meta property=\"og:title\" content=\"Arbeite bei uns - Novotek Switzerland\" \/>\n<meta property=\"og:description\" content=\"Das Engagement und die Loyalit\u00e4t unserer Mitarbeiter stehen bei Novotek im Mittelpunkt und sind eine Voraussetzung f\u00fcr unseren Erfolg.\" \/>\n<meta property=\"og:url\" content=\"https:\/\/www.novotek.com\/ch\/ueber-uns\/arbeite-mit-uns\/\" \/>\n<meta property=\"og:site_name\" content=\"Novotek CH\" \/>\n<meta property=\"article:modified_time\" content=\"2024-04-26T11:21:17+00:00\" \/>\n<meta property=\"og:image\" content=\"https:\/\/www.novotek.com\/ch\/wp-content\/uploads\/sites\/3\/arbeite-bei-uns-novotek-1.jpg\" \/>\n\t<meta property=\"og:image:width\" content=\"1920\" \/>\n\t<meta property=\"og:image:height\" content=\"600\" \/>\n\t<meta property=\"og:image:type\" content=\"image\/jpeg\" \/>\n<meta name=\"twitter:card\" content=\"summary_large_image\" \/>\n<meta name=\"twitter:label1\" content=\"Gesch\u00e4tzte Lesezeit\" \/>\n\t<meta name=\"twitter:data1\" content=\"2\u00a0Minuten\" \/>\n<script type=\"application\/ld+json\" class=\"yoast-schema-graph\">{\"@context\":\"https:\\\/\\\/schema.org\",\"@graph\":[{\"@type\":\"WebPage\",\"@id\":\"https:\\\/\\\/www.novotek.com\\\/ch\\\/ueber-uns\\\/arbeite-mit-uns\\\/\",\"url\":\"https:\\\/\\\/www.novotek.com\\\/ch\\\/ueber-uns\\\/arbeite-mit-uns\\\/\",\"name\":\"Arbeite bei uns - Novotek Switzerland\",\"isPartOf\":{\"@id\":\"https:\\\/\\\/www.novotek.com\\\/ch\\\/#website\"},\"primaryImageOfPage\":{\"@id\":\"https:\\\/\\\/www.novotek.com\\\/ch\\\/ueber-uns\\\/arbeite-mit-uns\\\/#primaryimage\"},\"image\":{\"@id\":\"https:\\\/\\\/www.novotek.com\\\/ch\\\/ueber-uns\\\/arbeite-mit-uns\\\/#primaryimage\"},\"thumbnailUrl\":\"https:\\\/\\\/www.novotek.com\\\/ch\\\/wp-content\\\/uploads\\\/sites\\\/3\\\/arbeite-bei-uns-novotek-1.jpg.webp\",\"datePublished\":\"2023-01-06T14:20:17+00:00\",\"dateModified\":\"2024-04-26T11:21:17+00:00\",\"description\":\"Das Engagement und die Loyalit\u00e4t unserer Mitarbeiter stehen bei Novotek im Mittelpunkt und sind eine Voraussetzung f\u00fcr unseren Erfolg.\",\"breadcrumb\":{\"@id\":\"https:\\\/\\\/www.novotek.com\\\/ch\\\/ueber-uns\\\/arbeite-mit-uns\\\/#breadcrumb\"},\"inLanguage\":\"de-CH\",\"potentialAction\":[{\"@type\":\"ReadAction\",\"target\":[\"https:\\\/\\\/www.novotek.com\\\/ch\\\/ueber-uns\\\/arbeite-mit-uns\\\/\"]}]},{\"@type\":\"ImageObject\",\"inLanguage\":\"de-CH\",\"@id\":\"https:\\\/\\\/www.novotek.com\\\/ch\\\/ueber-uns\\\/arbeite-mit-uns\\\/#primaryimage\",\"url\":\"https:\\\/\\\/www.novotek.com\\\/ch\\\/wp-content\\\/uploads\\\/sites\\\/3\\\/arbeite-bei-uns-novotek-1.jpg.webp\",\"contentUrl\":\"https:\\\/\\\/www.novotek.com\\\/ch\\\/wp-content\\\/uploads\\\/sites\\\/3\\\/arbeite-bei-uns-novotek-1.jpg.webp\",\"width\":1920,\"height\":600},{\"@type\":\"BreadcrumbList\",\"@id\":\"https:\\\/\\\/www.novotek.com\\\/ch\\\/ueber-uns\\\/arbeite-mit-uns\\\/#breadcrumb\",\"itemListElement\":[{\"@type\":\"ListItem\",\"position\":1,\"name\":\"Home\",\"item\":\"https:\\\/\\\/www.novotek.com\\\/ch\\\/\"},{\"@type\":\"ListItem\",\"position\":2,\"name\":\"Novotek Switzerland\",\"item\":\"https:\\\/\\\/www.novotek.com\\\/ch\\\/ueber-uns\\\/\"},{\"@type\":\"ListItem\",\"position\":3,\"name\":\"Arbeite bei uns\"}]},{\"@type\":\"WebSite\",\"@id\":\"https:\\\/\\\/www.novotek.com\\\/ch\\\/#website\",\"url\":\"https:\\\/\\\/www.novotek.com\\\/ch\\\/\",\"name\":\"Novotek Switzerland AG\",\"description\":\"Connect - Digitalize - Optimize\",\"publisher\":{\"@id\":\"https:\\\/\\\/www.novotek.com\\\/ch\\\/#organization\"},\"potentialAction\":[{\"@type\":\"SearchAction\",\"target\":{\"@type\":\"EntryPoint\",\"urlTemplate\":\"https:\\\/\\\/www.novotek.com\\\/ch\\\/?s={search_term_string}\"},\"query-input\":{\"@type\":\"PropertyValueSpecification\",\"valueRequired\":true,\"valueName\":\"search_term_string\"}}],\"inLanguage\":\"de-CH\"},{\"@type\":\"Organization\",\"@id\":\"https:\\\/\\\/www.novotek.com\\\/ch\\\/#organization\",\"name\":\"Novotek Switzerland AG\",\"url\":\"https:\\\/\\\/www.novotek.com\\\/ch\\\/\",\"logo\":{\"@type\":\"ImageObject\",\"inLanguage\":\"de-CH\",\"@id\":\"https:\\\/\\\/www.novotek.com\\\/ch\\\/#\\\/schema\\\/logo\\\/image\\\/\",\"url\":\"https:\\\/\\\/www.novotek.com\\\/ch\\\/wp-content\\\/uploads\\\/sites\\\/3\\\/novotek-symbol-rgb-pos-white-border-512x512-1.png\",\"contentUrl\":\"https:\\\/\\\/www.novotek.com\\\/ch\\\/wp-content\\\/uploads\\\/sites\\\/3\\\/novotek-symbol-rgb-pos-white-border-512x512-1.png\",\"width\":512,\"height\":512,\"caption\":\"Novotek Switzerland AG\"},\"image\":{\"@id\":\"https:\\\/\\\/www.novotek.com\\\/ch\\\/#\\\/schema\\\/logo\\\/image\\\/\"}}]}<\/script>\n<!-- \/ Yoast SEO plugin. -->","yoast_head_json":{"title":"Arbeite bei uns - Novotek Switzerland","description":"Das Engagement und die Loyalit\u00e4t unserer Mitarbeiter stehen bei Novotek im Mittelpunkt und sind eine Voraussetzung f\u00fcr unseren Erfolg.","robots":{"index":"index","follow":"follow","max-snippet":"max-snippet:-1","max-image-preview":"max-image-preview:large","max-video-preview":"max-video-preview:-1"},"canonical":"https:\/\/www.novotek.com\/ch\/ueber-uns\/arbeite-mit-uns\/","og_locale":"de_DE","og_type":"article","og_title":"Arbeite bei uns - Novotek Switzerland","og_description":"Das Engagement und die Loyalit\u00e4t unserer Mitarbeiter stehen bei Novotek im Mittelpunkt und sind eine Voraussetzung f\u00fcr unseren Erfolg.","og_url":"https:\/\/www.novotek.com\/ch\/ueber-uns\/arbeite-mit-uns\/","og_site_name":"Novotek CH","article_modified_time":"2024-04-26T11:21:17+00:00","og_image":[{"width":1920,"height":600,"url":"https:\/\/www.novotek.com\/ch\/wp-content\/uploads\/sites\/3\/arbeite-bei-uns-novotek-1.jpg","type":"image\/jpeg"}],"twitter_card":"summary_large_image","twitter_misc":{"Gesch\u00e4tzte Lesezeit":"2\u00a0Minuten"},"schema":{"@context":"https:\/\/schema.org","@graph":[{"@type":"WebPage","@id":"https:\/\/www.novotek.com\/ch\/ueber-uns\/arbeite-mit-uns\/","url":"https:\/\/www.novotek.com\/ch\/ueber-uns\/arbeite-mit-uns\/","name":"Arbeite bei uns - Novotek Switzerland","isPartOf":{"@id":"https:\/\/www.novotek.com\/ch\/#website"},"primaryImageOfPage":{"@id":"https:\/\/www.novotek.com\/ch\/ueber-uns\/arbeite-mit-uns\/#primaryimage"},"image":{"@id":"https:\/\/www.novotek.com\/ch\/ueber-uns\/arbeite-mit-uns\/#primaryimage"},"thumbnailUrl":"https:\/\/www.novotek.com\/ch\/wp-content\/uploads\/sites\/3\/arbeite-bei-uns-novotek-1.jpg.webp","datePublished":"2023-01-06T14:20:17+00:00","dateModified":"2024-04-26T11:21:17+00:00","description":"Das Engagement und die Loyalit\u00e4t unserer Mitarbeiter stehen bei Novotek im Mittelpunkt und sind eine Voraussetzung f\u00fcr unseren Erfolg.","breadcrumb":{"@id":"https:\/\/www.novotek.com\/ch\/ueber-uns\/arbeite-mit-uns\/#breadcrumb"},"inLanguage":"de-CH","potentialAction":[{"@type":"ReadAction","target":["https:\/\/www.novotek.com\/ch\/ueber-uns\/arbeite-mit-uns\/"]}]},{"@type":"ImageObject","inLanguage":"de-CH","@id":"https:\/\/www.novotek.com\/ch\/ueber-uns\/arbeite-mit-uns\/#primaryimage","url":"https:\/\/www.novotek.com\/ch\/wp-content\/uploads\/sites\/3\/arbeite-bei-uns-novotek-1.jpg.webp","contentUrl":"https:\/\/www.novotek.com\/ch\/wp-content\/uploads\/sites\/3\/arbeite-bei-uns-novotek-1.jpg.webp","width":1920,"height":600},{"@type":"BreadcrumbList","@id":"https:\/\/www.novotek.com\/ch\/ueber-uns\/arbeite-mit-uns\/#breadcrumb","itemListElement":[{"@type":"ListItem","position":1,"name":"Home","item":"https:\/\/www.novotek.com\/ch\/"},{"@type":"ListItem","position":2,"name":"Novotek Switzerland","item":"https:\/\/www.novotek.com\/ch\/ueber-uns\/"},{"@type":"ListItem","position":3,"name":"Arbeite bei uns"}]},{"@type":"WebSite","@id":"https:\/\/www.novotek.com\/ch\/#website","url":"https:\/\/www.novotek.com\/ch\/","name":"Novotek Switzerland AG","description":"Connect - Digitalize - Optimize","publisher":{"@id":"https:\/\/www.novotek.com\/ch\/#organization"},"potentialAction":[{"@type":"SearchAction","target":{"@type":"EntryPoint","urlTemplate":"https:\/\/www.novotek.com\/ch\/?s={search_term_string}"},"query-input":{"@type":"PropertyValueSpecification","valueRequired":true,"valueName":"search_term_string"}}],"inLanguage":"de-CH"},{"@type":"Organization","@id":"https:\/\/www.novotek.com\/ch\/#organization","name":"Novotek Switzerland AG","url":"https:\/\/www.novotek.com\/ch\/","logo":{"@type":"ImageObject","inLanguage":"de-CH","@id":"https:\/\/www.novotek.com\/ch\/#\/schema\/logo\/image\/","url":"https:\/\/www.novotek.com\/ch\/wp-content\/uploads\/sites\/3\/novotek-symbol-rgb-pos-white-border-512x512-1.png","contentUrl":"https:\/\/www.novotek.com\/ch\/wp-content\/uploads\/sites\/3\/novotek-symbol-rgb-pos-white-border-512x512-1.png","width":512,"height":512,"caption":"Novotek Switzerland AG"},"image":{"@id":"https:\/\/www.novotek.com\/ch\/#\/schema\/logo\/image\/"}}]}},"_links":{"self":[{"href":"https:\/\/www.novotek.com\/ch\/wp-json\/wp\/v2\/pages\/13791","targetHints":{"allow":["GET"]}}],"collection":[{"href":"https:\/\/www.novotek.com\/ch\/wp-json\/wp\/v2\/pages"}],"about":[{"href":"https:\/\/www.novotek.com\/ch\/wp-json\/wp\/v2\/types\/page"}],"author":[{"embeddable":true,"href":"https:\/\/www.novotek.com\/ch\/wp-json\/wp\/v2\/users\/35"}],"replies":[{"embeddable":true,"href":"https:\/\/www.novotek.com\/ch\/wp-json\/wp\/v2\/comments?post=13791"}],"version-history":[{"count":204,"href":"https:\/\/www.novotek.com\/ch\/wp-json\/wp\/v2\/pages\/13791\/revisions"}],"predecessor-version":[{"id":20758,"href":"https:\/\/www.novotek.com\/ch\/wp-json\/wp\/v2\/pages\/13791\/revisions\/20758"}],"up":[{"embeddable":true,"href":"https:\/\/www.novotek.com\/ch\/wp-json\/wp\/v2\/pages\/3145"}],"wp:featuredmedia":[{"embeddable":true,"href":"https:\/\/www.novotek.com\/ch\/wp-json\/wp\/v2\/media\/16807"}],"wp:attachment":[{"href":"https:\/\/www.novotek.com\/ch\/wp-json\/wp\/v2\/media?parent=13791"}],"curies":[{"name":"wp","href":"https:\/\/api.w.org\/{rel}","templated":true}]}}