{"id":177,"date":"2021-07-16T08:52:18","date_gmt":"2021-07-16T08:52:18","guid":{"rendered":"http:\/\/ch.novotek-multi.dev4.mildmedia-dev.eu\/?page_id=177"},"modified":"2024-02-12T15:02:03","modified_gmt":"2024-02-12T15:02:03","slug":"industrie","status":"publish","type":"page","link":"https:\/\/www.novotek.com\/ch\/industrie\/","title":{"rendered":"Industrie"},"content":{"rendered":"  <div class=\"hero\">\n    <div class=\"carousel hero-slider small\" data-flickity data-flickity-options='{\"prevNextButtons\": false}'>\n              <div class=\"carousel-cell\">\n          <div class=\"container\">\n            <div class=\"hero-content\">\n                              <h1>L\u00f6sungen f\u00fcr Ihre Industrie<\/h1>\n<p>Wir liefern Produkte, Digitalisierungsl\u00f6sungen und Dienstleistungen, die auf die Bed\u00fcrfnisse unserer Kunden aus verschiedenen industriellen Sektoren zugeschnitten sind.<\/p>\n              \n                          <\/div>\n          <\/div>\n\n          <img decoding=\"async\" width=\"1024\" height=\"427\" src=\"https:\/\/www.novotek.com\/ch\/wp-content\/uploads\/sites\/3\/Industries_header_NEW-1024x427.jpg.webp\" class=\"hero-bg\" alt=\"Hero Img\" fetchpriority=\"high\" srcset=\"https:\/\/www.novotek.com\/ch\/wp-content\/uploads\/sites\/3\/Industries_header_NEW-1024x427.jpg.webp 1024w, https:\/\/www.novotek.com\/ch\/wp-content\/uploads\/sites\/3\/Industries_header_NEW-300x125.jpg.webp 300w, https:\/\/www.novotek.com\/ch\/wp-content\/uploads\/sites\/3\/Industries_header_NEW-768x320.jpg.webp 768w, https:\/\/www.novotek.com\/ch\/wp-content\/uploads\/sites\/3\/Industries_header_NEW-1536x640.jpg.webp 1536w, https:\/\/www.novotek.com\/ch\/wp-content\/uploads\/sites\/3\/Industries_header_NEW.jpg.webp 1920w\" sizes=\"(max-width: 1024px) 100vw, 1024px\" \/>                  <\/div>\n          <\/div>\n\n      <\/div>\n\n   \n\n\n<div class=\"container-md spacer  \">\n<div style=\"height:30px\" aria-hidden=\"true\" class=\"wp-block-spacer\"><\/div>\n<\/div>\n\n<div class=\"posts-columns \">\n  <div class=\"container\">\n  <div class=\"row\">\n    <div class=\"col-12 col-md-4\">\n<article class=\"basic \">\n    <div class=\"image\">\n      <a href=\"https:\/\/www.novotek.com\/ch\/industrie\/pharma-biotec\/\">\n                  <img loading=\"lazy\" decoding=\"async\" width=\"306\" height=\"128\" src=\"https:\/\/www.novotek.com\/ch\/wp-content\/uploads\/sites\/3\/2021\/Novotek_UK\/Industries\/Life_sciences\/Novotek_Industries_Life_Science_1920x800px.png\" class=\"attachment-sm size-sm\" alt=\"\" srcset=\"https:\/\/www.novotek.com\/ch\/wp-content\/uploads\/sites\/3\/2021\/Novotek_UK\/Industries\/Life_sciences\/Novotek_Industries_Life_Science_1920x800px.png 1920w, https:\/\/www.novotek.com\/ch\/wp-content\/uploads\/sites\/3\/2021\/Novotek_UK\/Industries\/Life_sciences\/Novotek_Industries_Life_Science_1920x800px-300x125.png 300w, https:\/\/www.novotek.com\/ch\/wp-content\/uploads\/sites\/3\/2021\/Novotek_UK\/Industries\/Life_sciences\/Novotek_Industries_Life_Science_1920x800px-1024x427.png 1024w, https:\/\/www.novotek.com\/ch\/wp-content\/uploads\/sites\/3\/2021\/Novotek_UK\/Industries\/Life_sciences\/Novotek_Industries_Life_Science_1920x800px-768x320.png 768w, https:\/\/www.novotek.com\/ch\/wp-content\/uploads\/sites\/3\/2021\/Novotek_UK\/Industries\/Life_sciences\/Novotek_Industries_Life_Science_1920x800px-1536x640.png 1536w\" sizes=\"auto, (max-width: 306px) 100vw, 306px\" \/>              <\/a>\n    <\/div>\n\n    <div>\n              <h4>Pharma &amp; Biotech<\/h4>\n      \n              <p>Die Pharmaindustrie ist eine der Branchen, mit denen wir am l\u00e4ngsten zusammenarbeiten. Wir liefern CFR21 Part 11-zertifizierte L\u00f6sungen mit Modulen f\u00fcr R\u00fcckverfolgbarkeit, elektronische Signatur, Sicherheit und Reporting-Tools.<\/p>\n      \n      <div>\n        <a href=\"https:\/\/www.novotek.com\/ch\/industrie\/pharma-biotec\/\">\n          weiterlesen        <\/a>\n      <\/div>\n    <\/div>\n<\/article>\n<\/div><div class=\"col-12 col-md-4\">\n<article class=\"basic \">\n    <div class=\"image\">\n      <a href=\"https:\/\/www.novotek.com\/ch\/industrie\/chemie\/\">\n                  <img loading=\"lazy\" decoding=\"async\" width=\"1920\" height=\"800\" src=\"https:\/\/www.novotek.com\/ch\/wp-content\/uploads\/sites\/3\/2021\/Novotek_UK\/Industries\/Petroleum_Gas_Chemicals\/Novotek_header_1920x800px.jpg.webp\" class=\"attachment-post-thumbnail size-post-thumbnail wp-post-image\" alt=\"\" srcset=\"https:\/\/www.novotek.com\/ch\/wp-content\/uploads\/sites\/3\/2021\/Novotek_UK\/Industries\/Petroleum_Gas_Chemicals\/Novotek_header_1920x800px.jpg.webp 1920w, https:\/\/www.novotek.com\/ch\/wp-content\/uploads\/sites\/3\/2021\/Novotek_UK\/Industries\/Petroleum_Gas_Chemicals\/Novotek_header_1920x800px-300x125.jpg.webp 300w, https:\/\/www.novotek.com\/ch\/wp-content\/uploads\/sites\/3\/2021\/Novotek_UK\/Industries\/Petroleum_Gas_Chemicals\/Novotek_header_1920x800px-1024x427.jpg.webp 1024w, https:\/\/www.novotek.com\/ch\/wp-content\/uploads\/sites\/3\/2021\/Novotek_UK\/Industries\/Petroleum_Gas_Chemicals\/Novotek_header_1920x800px-768x320.jpg.webp 768w, https:\/\/www.novotek.com\/ch\/wp-content\/uploads\/sites\/3\/2021\/Novotek_UK\/Industries\/Petroleum_Gas_Chemicals\/Novotek_header_1920x800px-1536x640.jpg.webp 1536w\" sizes=\"auto, (max-width: 1920px) 100vw, 1920px\" \/>              <\/a>\n    <\/div>\n\n    <div>\n              <h4>Chemie<\/h4>\n      \n              <p>F\u00fcr die Chemie-Industrie liefern wir haupts\u00e4chlich L\u00f6sungen, die das Produktionsmanagement digitalisieren. Daf\u00fcr sammeln, speichern und visualisieren unsere Komplettl\u00f6sungen aktuelle und historische Daten.<\/p>\n      \n      <div>\n        <a href=\"https:\/\/www.novotek.com\/ch\/industrie\/chemie\/\">\n          weiterlesen        <\/a>\n      <\/div>\n    <\/div>\n<\/article>\n<\/div><div class=\"col-12 col-md-4\">\n<article class=\"basic \">\n    <div class=\"image\">\n      <a href=\"https:\/\/www.novotek.com\/ch\/industrie\/lebensmittel-getraenke\/\">\n                  <img loading=\"lazy\" decoding=\"async\" width=\"1920\" height=\"800\" src=\"https:\/\/www.novotek.com\/ch\/wp-content\/uploads\/sites\/3\/2021\/Novotek_UK\/Industries\/Food_and_beverage_CPG\/crystal-jo-t1q06vFOOmo-unsplash_duplex_cyan.png\" class=\"attachment-post-thumbnail size-post-thumbnail wp-post-image\" alt=\"Lebensmittel und Getr&auml;nke, CPG\" srcset=\"https:\/\/www.novotek.com\/ch\/wp-content\/uploads\/sites\/3\/2021\/Novotek_UK\/Industries\/Food_and_beverage_CPG\/crystal-jo-t1q06vFOOmo-unsplash_duplex_cyan.png 1920w, https:\/\/www.novotek.com\/ch\/wp-content\/uploads\/sites\/3\/2021\/Novotek_UK\/Industries\/Food_and_beverage_CPG\/crystal-jo-t1q06vFOOmo-unsplash_duplex_cyan-300x125.png 300w, https:\/\/www.novotek.com\/ch\/wp-content\/uploads\/sites\/3\/2021\/Novotek_UK\/Industries\/Food_and_beverage_CPG\/crystal-jo-t1q06vFOOmo-unsplash_duplex_cyan-1024x427.png 1024w, https:\/\/www.novotek.com\/ch\/wp-content\/uploads\/sites\/3\/2021\/Novotek_UK\/Industries\/Food_and_beverage_CPG\/crystal-jo-t1q06vFOOmo-unsplash_duplex_cyan-768x320.png 768w, https:\/\/www.novotek.com\/ch\/wp-content\/uploads\/sites\/3\/2021\/Novotek_UK\/Industries\/Food_and_beverage_CPG\/crystal-jo-t1q06vFOOmo-unsplash_duplex_cyan-1536x640.png 1536w\" sizes=\"auto, (max-width: 1920px) 100vw, 1920px\" \/>              <\/a>\n    <\/div>\n\n    <div>\n              <h4>Lebensmittel &amp; Getr&auml;nke<\/h4>\n      \n              <p>Hochentwickelte L\u00f6sungen von Novotek f\u00fcr die Automatisierung und Produktionsverwaltung erm\u00f6glichen Ihnen das verborgene Potenzial Ihrer Betriebsabl\u00e4ufe auszusch\u00f6pfen.<\/p>\n      \n      <div>\n        <a href=\"https:\/\/www.novotek.com\/ch\/industrie\/lebensmittel-getraenke\/\">\n          weiterlesen        <\/a>\n      <\/div>\n    <\/div>\n<\/article>\n<\/div><div class=\"col-12 col-md-4\">\n<article class=\"basic \">\n    <div class=\"image\">\n      <a href=\"https:\/\/www.novotek.com\/ch\/industrie\/umwelttechnik\/\">\n                  <img loading=\"lazy\" decoding=\"async\" width=\"1920\" height=\"600\" src=\"https:\/\/www.novotek.com\/ch\/wp-content\/uploads\/sites\/3\/Water_and_wastewater_1920x800_NEW-1.jpg.webp\" class=\"attachment-post-thumbnail size-post-thumbnail wp-post-image\" alt=\"\" srcset=\"https:\/\/www.novotek.com\/ch\/wp-content\/uploads\/sites\/3\/Water_and_wastewater_1920x800_NEW-1.jpg.webp 1920w, https:\/\/www.novotek.com\/ch\/wp-content\/uploads\/sites\/3\/Water_and_wastewater_1920x800_NEW-1-300x94.jpg.webp 300w, https:\/\/www.novotek.com\/ch\/wp-content\/uploads\/sites\/3\/Water_and_wastewater_1920x800_NEW-1-1024x320.jpg.webp 1024w, https:\/\/www.novotek.com\/ch\/wp-content\/uploads\/sites\/3\/Water_and_wastewater_1920x800_NEW-1-768x240.jpg.webp 768w, https:\/\/www.novotek.com\/ch\/wp-content\/uploads\/sites\/3\/Water_and_wastewater_1920x800_NEW-1-1536x480.jpg.webp 1536w\" sizes=\"auto, (max-width: 1920px) 100vw, 1920px\" \/>              <\/a>\n    <\/div>\n\n    <div>\n              <h4>Umwelttechnik<\/h4>\n      \n              <p>Machen Sie Ihre Wasser-\/Abwasseranlage noch effizienter und nachhaltiger mit fortschrittlichen Automatisierungs- und Softwaretechnologien.<\/p>\n      \n      <div>\n        <a href=\"https:\/\/www.novotek.com\/ch\/industrie\/umwelttechnik\/\">\n          weiterlesen        <\/a>\n      <\/div>\n    <\/div>\n<\/article>\n<\/div><div class=\"col-12 col-md-4\">\n<article class=\"basic \">\n    <div class=\"image\">\n      <a href=\"https:\/\/www.novotek.com\/ch\/industrie\/strom-energie\/\">\n                  <img loading=\"lazy\" decoding=\"async\" width=\"2000\" height=\"625\" src=\"https:\/\/www.novotek.com\/ch\/wp-content\/uploads\/sites\/3\/2021\/Novotek_UK\/Industries\/Power_and_Energy\/fabio-comparelli-uq2E2V4LhCY-unsplash_duplex_cyan.png\" class=\"attachment-post-thumbnail size-post-thumbnail wp-post-image\" alt=\"Strom und Energie\" srcset=\"https:\/\/www.novotek.com\/ch\/wp-content\/uploads\/sites\/3\/2021\/Novotek_UK\/Industries\/Power_and_Energy\/fabio-comparelli-uq2E2V4LhCY-unsplash_duplex_cyan.png 2000w, https:\/\/www.novotek.com\/ch\/wp-content\/uploads\/sites\/3\/2021\/Novotek_UK\/Industries\/Power_and_Energy\/fabio-comparelli-uq2E2V4LhCY-unsplash_duplex_cyan-300x94.png 300w, https:\/\/www.novotek.com\/ch\/wp-content\/uploads\/sites\/3\/2021\/Novotek_UK\/Industries\/Power_and_Energy\/fabio-comparelli-uq2E2V4LhCY-unsplash_duplex_cyan-1024x320.png 1024w, https:\/\/www.novotek.com\/ch\/wp-content\/uploads\/sites\/3\/2021\/Novotek_UK\/Industries\/Power_and_Energy\/fabio-comparelli-uq2E2V4LhCY-unsplash_duplex_cyan-768x240.png 768w, https:\/\/www.novotek.com\/ch\/wp-content\/uploads\/sites\/3\/2021\/Novotek_UK\/Industries\/Power_and_Energy\/fabio-comparelli-uq2E2V4LhCY-unsplash_duplex_cyan-1536x480.png 1536w\" sizes=\"auto, (max-width: 2000px) 100vw, 2000px\" \/>              <\/a>\n    <\/div>\n\n    <div>\n              <h4>Energie<\/h4>\n      \n              <p>Wir liefern Betriebs-, Digitalisierungs- und Informationsl\u00f6sungen f\u00fcr die Erzeugung von Strom, Fernw\u00e4rme, Fernk\u00e4lte, Windkraft, Wasserkraft und Solarenergie.<\/p>\n      \n      <div>\n        <a href=\"https:\/\/www.novotek.com\/ch\/industrie\/strom-energie\/\">\n          weiterlesen        <\/a>\n      <\/div>\n    <\/div>\n<\/article>\n<\/div><div class=\"col-12 col-md-4\">\n<article class=\"basic \">\n    <div class=\"image\">\n      <a href=\"https:\/\/www.novotek.com\/ch\/industrie\/weitere-branchen\/\">\n                  <img loading=\"lazy\" decoding=\"async\" width=\"1247\" height=\"798\" src=\"https:\/\/www.novotek.com\/ch\/wp-content\/uploads\/sites\/3\/2021\/Novotek_UK\/Industries\/Manufacturing\/Novotek_manufacturing_duplex_cyan-e1629983469674.jpg\" class=\"attachment-post-thumbnail size-post-thumbnail wp-post-image\" alt=\"Montage und diskrete Fertigung\" srcset=\"https:\/\/www.novotek.com\/ch\/wp-content\/uploads\/sites\/3\/2021\/Novotek_UK\/Industries\/Manufacturing\/Novotek_manufacturing_duplex_cyan-e1629983469674.jpg 1247w, https:\/\/www.novotek.com\/ch\/wp-content\/uploads\/sites\/3\/2021\/Novotek_UK\/Industries\/Manufacturing\/Novotek_manufacturing_duplex_cyan-e1629983469674-300x192.jpg 300w, https:\/\/www.novotek.com\/ch\/wp-content\/uploads\/sites\/3\/2021\/Novotek_UK\/Industries\/Manufacturing\/Novotek_manufacturing_duplex_cyan-e1629983469674-1024x655.jpg 1024w, https:\/\/www.novotek.com\/ch\/wp-content\/uploads\/sites\/3\/2021\/Novotek_UK\/Industries\/Manufacturing\/Novotek_manufacturing_duplex_cyan-e1629983469674-768x491.jpg 768w\" sizes=\"auto, (max-width: 1247px) 100vw, 1247px\" \/>              <\/a>\n    <\/div>\n\n    <div>\n              <h4>Weitere Branchen<\/h4>\n      \n              <p>Im Laufe von 35 Jahren haben wir bei Novotek L\u00f6sungen entwickelt, die speziell auf eine Vielzahl unterschiedlicher Branchen abgestimmt sind. Wir haben die Expertise, die f\u00fcr Ihr Unternehmen besonders wichtig ist.<\/p>\n      \n      <div>\n        <a href=\"https:\/\/www.novotek.com\/ch\/industrie\/weitere-branchen\/\">\n          weiterlesen        <\/a>\n      <\/div>\n    <\/div>\n<\/article>\n<\/div>  <\/div>\n\n  <\/div><\/div>\n\n\n<div class=\"container-md spacer  \">\n<div style=\"height:30px\" aria-hidden=\"true\" class=\"wp-block-spacer\"><\/div>\n<\/div>\n\n<div class=\"cta-block\">\n  <div class=\"container\">\n          <h2>Wir erz\u00e4hlen Ihnen gerne mehr!<\/h2>\n    \n          <div><p>Profitieren Sie von unserem Expertenwissen und holen Sie sich bei uns die Informationen<br \/>\nzur digitalen Transformation, der Automatisierung oder der industriellen IT.<\/p>\n<\/div>\n    \n          <a class=\"btn btn-primary\" href=\"https:\/\/www.novotek.com\/ch\/kontakt\/\">Kontaktieren Sie uns<\/a>\n      <\/div>\n<\/div>\n","protected":false},"excerpt":{"rendered":"<p>Amet minim mollit non deserunt ullamco est sit aliqua dolor do amet sint elit officia consequat duis<\/p>\n","protected":false},"author":8,"featured_media":0,"parent":0,"menu_order":1,"comment_status":"closed","ping_status":"closed","template":"","meta":{"_acf_changed":false,"_relevanssi_hide_post":"","_relevanssi_pin_for_all":"","_relevanssi_pin_keywords":"","_relevanssi_unpin_keywords":"","_relevanssi_related_keywords":"","_relevanssi_related_include_ids":"","_relevanssi_related_exclude_ids":"","_relevanssi_related_no_append":"","_relevanssi_related_not_related":"","_relevanssi_related_posts":"1125,1134,1138,1,1114,1145","_relevanssi_noindex_reason":"","content-type":"","footnotes":""},"class_list":["post-177","page","type-page","status-publish","hentry"],"acf":[],"yoast_head":"<!-- This site is optimized with the Yoast SEO plugin v27.4 - https:\/\/yoast.com\/product\/yoast-seo-wordpress\/ -->\n<title>Industrielle Branchenl\u00f6sungen<\/title>\n<meta name=\"description\" content=\"Wir liefern Produkte und Digitalisierungsl\u00f6sungen, die auf die Bed\u00fcrfnisse unserer Kunden aus unterschiedlichsten Branchen zugeschnitten sind.\" \/>\n<meta name=\"robots\" content=\"index, follow, max-snippet:-1, max-image-preview:large, max-video-preview:-1\" \/>\n<link rel=\"canonical\" href=\"https:\/\/www.novotek.com\/ch\/industrie\/\" \/>\n<meta property=\"og:locale\" content=\"de_DE\" \/>\n<meta property=\"og:type\" content=\"article\" \/>\n<meta property=\"og:title\" content=\"Industrielle Branchenl\u00f6sungen\" \/>\n<meta property=\"og:description\" content=\"Wir liefern Produkte und Digitalisierungsl\u00f6sungen, die auf die Bed\u00fcrfnisse unserer Kunden aus unterschiedlichsten Branchen zugeschnitten sind.\" \/>\n<meta property=\"og:url\" content=\"https:\/\/www.novotek.com\/ch\/industrie\/\" \/>\n<meta property=\"og:site_name\" content=\"Novotek CH\" \/>\n<meta property=\"article:modified_time\" content=\"2024-02-12T15:02:03+00:00\" \/>\n<meta name=\"twitter:card\" content=\"summary_large_image\" \/>\n<script type=\"application\/ld+json\" class=\"yoast-schema-graph\">{\"@context\":\"https:\\\/\\\/schema.org\",\"@graph\":[{\"@type\":\"WebPage\",\"@id\":\"https:\\\/\\\/www.novotek.com\\\/ch\\\/industrie\\\/\",\"url\":\"https:\\\/\\\/www.novotek.com\\\/ch\\\/industrie\\\/\",\"name\":\"Industrielle Branchenl\u00f6sungen\",\"isPartOf\":{\"@id\":\"https:\\\/\\\/www.novotek.com\\\/ch\\\/#website\"},\"datePublished\":\"2021-07-16T08:52:18+00:00\",\"dateModified\":\"2024-02-12T15:02:03+00:00\",\"description\":\"Wir liefern Produkte und Digitalisierungsl\u00f6sungen, die auf die Bed\u00fcrfnisse unserer Kunden aus unterschiedlichsten Branchen zugeschnitten sind.\",\"breadcrumb\":{\"@id\":\"https:\\\/\\\/www.novotek.com\\\/ch\\\/industrie\\\/#breadcrumb\"},\"inLanguage\":\"de-CH\",\"potentialAction\":[{\"@type\":\"ReadAction\",\"target\":[\"https:\\\/\\\/www.novotek.com\\\/ch\\\/industrie\\\/\"]}]},{\"@type\":\"BreadcrumbList\",\"@id\":\"https:\\\/\\\/www.novotek.com\\\/ch\\\/industrie\\\/#breadcrumb\",\"itemListElement\":[{\"@type\":\"ListItem\",\"position\":1,\"name\":\"Home\",\"item\":\"https:\\\/\\\/www.novotek.com\\\/ch\\\/\"},{\"@type\":\"ListItem\",\"position\":2,\"name\":\"Industrie\"}]},{\"@type\":\"WebSite\",\"@id\":\"https:\\\/\\\/www.novotek.com\\\/ch\\\/#website\",\"url\":\"https:\\\/\\\/www.novotek.com\\\/ch\\\/\",\"name\":\"Novotek Switzerland AG\",\"description\":\"Connect - Digitalize - Optimize\",\"publisher\":{\"@id\":\"https:\\\/\\\/www.novotek.com\\\/ch\\\/#organization\"},\"potentialAction\":[{\"@type\":\"SearchAction\",\"target\":{\"@type\":\"EntryPoint\",\"urlTemplate\":\"https:\\\/\\\/www.novotek.com\\\/ch\\\/?s={search_term_string}\"},\"query-input\":{\"@type\":\"PropertyValueSpecification\",\"valueRequired\":true,\"valueName\":\"search_term_string\"}}],\"inLanguage\":\"de-CH\"},{\"@type\":\"Organization\",\"@id\":\"https:\\\/\\\/www.novotek.com\\\/ch\\\/#organization\",\"name\":\"Novotek Switzerland AG\",\"url\":\"https:\\\/\\\/www.novotek.com\\\/ch\\\/\",\"logo\":{\"@type\":\"ImageObject\",\"inLanguage\":\"de-CH\",\"@id\":\"https:\\\/\\\/www.novotek.com\\\/ch\\\/#\\\/schema\\\/logo\\\/image\\\/\",\"url\":\"https:\\\/\\\/www.novotek.com\\\/ch\\\/wp-content\\\/uploads\\\/sites\\\/3\\\/novotek-symbol-rgb-pos-white-border-512x512-1.png\",\"contentUrl\":\"https:\\\/\\\/www.novotek.com\\\/ch\\\/wp-content\\\/uploads\\\/sites\\\/3\\\/novotek-symbol-rgb-pos-white-border-512x512-1.png\",\"width\":512,\"height\":512,\"caption\":\"Novotek Switzerland AG\"},\"image\":{\"@id\":\"https:\\\/\\\/www.novotek.com\\\/ch\\\/#\\\/schema\\\/logo\\\/image\\\/\"}}]}<\/script>\n<!-- \/ Yoast SEO plugin. -->","yoast_head_json":{"title":"Industrielle Branchenl\u00f6sungen","description":"Wir liefern Produkte und Digitalisierungsl\u00f6sungen, die auf die Bed\u00fcrfnisse unserer Kunden aus unterschiedlichsten Branchen zugeschnitten sind.","robots":{"index":"index","follow":"follow","max-snippet":"max-snippet:-1","max-image-preview":"max-image-preview:large","max-video-preview":"max-video-preview:-1"},"canonical":"https:\/\/www.novotek.com\/ch\/industrie\/","og_locale":"de_DE","og_type":"article","og_title":"Industrielle Branchenl\u00f6sungen","og_description":"Wir liefern Produkte und Digitalisierungsl\u00f6sungen, die auf die Bed\u00fcrfnisse unserer Kunden aus unterschiedlichsten Branchen zugeschnitten sind.","og_url":"https:\/\/www.novotek.com\/ch\/industrie\/","og_site_name":"Novotek CH","article_modified_time":"2024-02-12T15:02:03+00:00","twitter_card":"summary_large_image","schema":{"@context":"https:\/\/schema.org","@graph":[{"@type":"WebPage","@id":"https:\/\/www.novotek.com\/ch\/industrie\/","url":"https:\/\/www.novotek.com\/ch\/industrie\/","name":"Industrielle Branchenl\u00f6sungen","isPartOf":{"@id":"https:\/\/www.novotek.com\/ch\/#website"},"datePublished":"2021-07-16T08:52:18+00:00","dateModified":"2024-02-12T15:02:03+00:00","description":"Wir liefern Produkte und Digitalisierungsl\u00f6sungen, die auf die Bed\u00fcrfnisse unserer Kunden aus unterschiedlichsten Branchen zugeschnitten sind.","breadcrumb":{"@id":"https:\/\/www.novotek.com\/ch\/industrie\/#breadcrumb"},"inLanguage":"de-CH","potentialAction":[{"@type":"ReadAction","target":["https:\/\/www.novotek.com\/ch\/industrie\/"]}]},{"@type":"BreadcrumbList","@id":"https:\/\/www.novotek.com\/ch\/industrie\/#breadcrumb","itemListElement":[{"@type":"ListItem","position":1,"name":"Home","item":"https:\/\/www.novotek.com\/ch\/"},{"@type":"ListItem","position":2,"name":"Industrie"}]},{"@type":"WebSite","@id":"https:\/\/www.novotek.com\/ch\/#website","url":"https:\/\/www.novotek.com\/ch\/","name":"Novotek Switzerland AG","description":"Connect - Digitalize - Optimize","publisher":{"@id":"https:\/\/www.novotek.com\/ch\/#organization"},"potentialAction":[{"@type":"SearchAction","target":{"@type":"EntryPoint","urlTemplate":"https:\/\/www.novotek.com\/ch\/?s={search_term_string}"},"query-input":{"@type":"PropertyValueSpecification","valueRequired":true,"valueName":"search_term_string"}}],"inLanguage":"de-CH"},{"@type":"Organization","@id":"https:\/\/www.novotek.com\/ch\/#organization","name":"Novotek Switzerland AG","url":"https:\/\/www.novotek.com\/ch\/","logo":{"@type":"ImageObject","inLanguage":"de-CH","@id":"https:\/\/www.novotek.com\/ch\/#\/schema\/logo\/image\/","url":"https:\/\/www.novotek.com\/ch\/wp-content\/uploads\/sites\/3\/novotek-symbol-rgb-pos-white-border-512x512-1.png","contentUrl":"https:\/\/www.novotek.com\/ch\/wp-content\/uploads\/sites\/3\/novotek-symbol-rgb-pos-white-border-512x512-1.png","width":512,"height":512,"caption":"Novotek Switzerland AG"},"image":{"@id":"https:\/\/www.novotek.com\/ch\/#\/schema\/logo\/image\/"}}]}},"_links":{"self":[{"href":"https:\/\/www.novotek.com\/ch\/wp-json\/wp\/v2\/pages\/177","targetHints":{"allow":["GET"]}}],"collection":[{"href":"https:\/\/www.novotek.com\/ch\/wp-json\/wp\/v2\/pages"}],"about":[{"href":"https:\/\/www.novotek.com\/ch\/wp-json\/wp\/v2\/types\/page"}],"author":[{"embeddable":true,"href":"https:\/\/www.novotek.com\/ch\/wp-json\/wp\/v2\/users\/8"}],"replies":[{"embeddable":true,"href":"https:\/\/www.novotek.com\/ch\/wp-json\/wp\/v2\/comments?post=177"}],"version-history":[{"count":31,"href":"https:\/\/www.novotek.com\/ch\/wp-json\/wp\/v2\/pages\/177\/revisions"}],"predecessor-version":[{"id":20159,"href":"https:\/\/www.novotek.com\/ch\/wp-json\/wp\/v2\/pages\/177\/revisions\/20159"}],"wp:attachment":[{"href":"https:\/\/www.novotek.com\/ch\/wp-json\/wp\/v2\/media?parent=177"}],"curies":[{"name":"wp","href":"https:\/\/api.w.org\/{rel}","templated":true}]}}