{"id":26812,"date":"2025-06-27T09:32:11","date_gmt":"2025-06-27T09:32:11","guid":{"rendered":"https:\/\/www.novotek.com\/ch\/?page_id=26812"},"modified":"2025-06-27T09:32:14","modified_gmt":"2025-06-27T09:32:14","slug":"corvina-von-exor","status":"publish","type":"page","link":"https:\/\/www.novotek.com\/ch\/ot-it-cloud-konnektivitaet-dataops\/corvina-von-exor\/","title":{"rendered":"Corvina von Exor"},"content":{"rendered":"  <div class=\"hero\">\n    <div class=\"carousel hero-slider small\" data-flickity data-flickity-options='{\"prevNextButtons\": false}'>\n              <div class=\"carousel-cell\">\n          <div class=\"container\">\n            <div class=\"hero-content\">\n                              <h2>Corvina<\/h2>\n<h2 id=\"h-emerson\" class=\"wp-block-heading\">Exor International<\/h2>\n<p>Verbinden, \u00fcberwachen und steuern Sie Ihre Maschinenflotte zentral. Sie erhalten eine leistungsstarke Kombination aus sicherem Cloud-VPN-Zugang und Edge Device Management f\u00fcr moderne Produktionsumgebungen.<\/p>\n              \n                          <\/div>\n          <\/div>\n\n          <img decoding=\"async\" width=\"1024\" height=\"293\" src=\"https:\/\/www.novotek.com\/ch\/wp-content\/uploads\/sites\/3\/corvina-1-1024x293.jpg.webp\" class=\"hero-bg\" alt=\"Hero Img\" fetchpriority=\"high\" srcset=\"https:\/\/www.novotek.com\/ch\/wp-content\/uploads\/sites\/3\/corvina-1-1024x293.jpg.webp 1024w, https:\/\/www.novotek.com\/ch\/wp-content\/uploads\/sites\/3\/corvina-1-300x86.jpg.webp 300w, https:\/\/www.novotek.com\/ch\/wp-content\/uploads\/sites\/3\/corvina-1-768x220.jpg.webp 768w, https:\/\/www.novotek.com\/ch\/wp-content\/uploads\/sites\/3\/corvina-1-1536x440.jpg.webp 1536w, https:\/\/www.novotek.com\/ch\/wp-content\/uploads\/sites\/3\/corvina-1-86x25.jpg.webp 86w, https:\/\/www.novotek.com\/ch\/wp-content\/uploads\/sites\/3\/corvina-1-306x88.jpg.webp 306w, https:\/\/www.novotek.com\/ch\/wp-content\/uploads\/sites\/3\/corvina-1-636x182.jpg.webp 636w, https:\/\/www.novotek.com\/ch\/wp-content\/uploads\/sites\/3\/corvina-1-1632x468.jpg.webp 1632w, https:\/\/www.novotek.com\/ch\/wp-content\/uploads\/sites\/3\/corvina-1.jpg.webp 1920w\" sizes=\"(max-width: 1024px) 100vw, 1024px\" \/>                  <\/div>\n          <\/div>\n\n      <\/div>\n\n   \n\n\n<div class=\"container-md heading  \">\n<h1 class=\"wp-block-heading\">Corvina digitalisiert den Zugriff auf Maschinen und vernetzt Ihre Produktion<\/h1>\n<\/div>\n\n<div class=\"container-md paragraph  \">\n<p>Die leistungsstarke IIoT-Plattform f\u00fcr industrielle Anwendungen, mit der Sie weltweit auf Maschinen und Steuerungen zugreifen, Ger\u00e4te zentral verwalten und OT-Daten sicher integrieren k\u00f6nnen. Die L\u00f6sung kombiniert sichere Fernwartung, skalierbares Edge Management und moderne Datenkonnektivit\u00e4t \u2010 f\u00fcr mehr Effizienz, Transparenz und Kontrolle in Ihrer Produktion. Ob Maschinenbauer oder Betreiber komplexer Anlagen.<\/p>\n<\/div>\n\n<div class=\"container-md spacer  \">\n<div style=\"height:100px\" aria-hidden=\"true\" class=\"wp-block-spacer\"><\/div>\n<\/div>\n\n<div class=\"container media-text  alignwide\">\n<div class=\"wp-block-media-text alignwide has-media-on-the-right is-stacked-on-mobile is-vertically-aligned-top\" style=\"grid-template-columns:auto 40%\"><div class=\"wp-block-media-text__content\"><div class=\"container-md heading  \">\n<h2 class=\"wp-block-heading\">Corvina Cloud VPN<\/h2>\n<\/div>\n\n<div class=\"container-md paragraph  \">\n<p>Die sichere OpenVPN- und SSL-basierte Fernwartungsl\u00f6sung, mit der Sie alle Ihre Ger\u00e4te \u00fcber ein zentrales Portal verwalten und fernwarten k\u00f6nnen.<\/p>\n<\/div>\n\n<div class=\"container-md spacer  \">\n<div style=\"height:30px\" aria-hidden=\"true\" class=\"wp-block-spacer\"><\/div>\n<\/div>\n\n<div class=\"container-md buttons  \">\n<div class=\"wp-block-buttons is-layout-flex wp-block-buttons-is-layout-flex\"><div class=\"container-md button  \">\n<div class=\"wp-block-button\"><a class=\"wp-block-button__link has-novotek-white-color has-novotek-red-background-color has-text-color has-background has-link-color wp-element-button\" href=\"https:\/\/corvina.io\/de\/x-platform\/vpn-remote-access\" target=\"_blank\" rel=\"noreferrer noopener\">Corvina Cloud VPN<\/a><\/div>\n<\/div><\/div>\n<\/div><\/div><figure class=\"wp-block-media-text__media\"><img loading=\"lazy\" decoding=\"async\" width=\"700\" height=\"402\" src=\"https:\/\/www.novotek.com\/ch\/wp-content\/uploads\/sites\/3\/corvina-cloud.png\" alt=\"\" class=\"wp-image-26818 size-full\" srcset=\"https:\/\/www.novotek.com\/ch\/wp-content\/uploads\/sites\/3\/corvina-cloud.png 700w, https:\/\/www.novotek.com\/ch\/wp-content\/uploads\/sites\/3\/corvina-cloud-300x172.png 300w, https:\/\/www.novotek.com\/ch\/wp-content\/uploads\/sites\/3\/corvina-cloud-86x49.png 86w, https:\/\/www.novotek.com\/ch\/wp-content\/uploads\/sites\/3\/corvina-cloud-306x176.png 306w, https:\/\/www.novotek.com\/ch\/wp-content\/uploads\/sites\/3\/corvina-cloud-636x365.png 636w\" sizes=\"auto, (max-width: 700px) 100vw, 700px\" \/><\/figure><\/div>\n<\/div>\n\n<div class=\"container-md spacer  \">\n<div style=\"height:100px\" aria-hidden=\"true\" class=\"wp-block-spacer\"><\/div>\n<\/div>\n\n<div class=\"container media-text  alignwide\">\n<div class=\"wp-block-media-text alignwide is-stacked-on-mobile is-vertically-aligned-top\" style=\"grid-template-columns:40% auto\"><figure class=\"wp-block-media-text__media\"><img loading=\"lazy\" decoding=\"async\" width=\"768\" height=\"452\" src=\"https:\/\/www.novotek.com\/ch\/wp-content\/uploads\/sites\/3\/Corvina-Edge-Manager-768x452-1.png\" alt=\"\" class=\"wp-image-26822 size-full\" srcset=\"https:\/\/www.novotek.com\/ch\/wp-content\/uploads\/sites\/3\/Corvina-Edge-Manager-768x452-1.png 768w, https:\/\/www.novotek.com\/ch\/wp-content\/uploads\/sites\/3\/Corvina-Edge-Manager-768x452-1-300x177.png 300w, https:\/\/www.novotek.com\/ch\/wp-content\/uploads\/sites\/3\/Corvina-Edge-Manager-768x452-1-86x51.png 86w, https:\/\/www.novotek.com\/ch\/wp-content\/uploads\/sites\/3\/Corvina-Edge-Manager-768x452-1-306x180.png 306w, https:\/\/www.novotek.com\/ch\/wp-content\/uploads\/sites\/3\/Corvina-Edge-Manager-768x452-1-636x374.png 636w\" sizes=\"auto, (max-width: 768px) 100vw, 768px\" \/><\/figure><div class=\"wp-block-media-text__content\"><div class=\"container-md heading  \">\n<h2 class=\"wp-block-heading\">Corvina Edge Manager<\/h2>\n<\/div>\n\n<div class=\"container-md paragraph  \">\n<p>Revolutionierung des Edge Device Managements. Die Zukunft des Managements industrieller Maschinenflotten und der OTA-Updates beginnt jetzt!<\/p>\n<\/div>\n\n<div class=\"container-md spacer  \">\n<div style=\"height:30px\" aria-hidden=\"true\" class=\"wp-block-spacer\"><\/div>\n<\/div>\n\n<div class=\"container-md buttons  \">\n<div class=\"wp-block-buttons is-layout-flex wp-block-buttons-is-layout-flex\"><div class=\"container-md button  \">\n<div class=\"wp-block-button\"><a class=\"wp-block-button__link has-novotek-white-color has-novotek-red-background-color has-text-color has-background has-link-color wp-element-button\" href=\"https:\/\/corvina.io\/de\/corvina-edge-manager\" target=\"_blank\" rel=\"noreferrer noopener\">Corvina Edge Manager<\/a><\/div>\n<\/div><\/div>\n<\/div><\/div><\/div>\n<\/div>\n\n<div class=\"container-md spacer  \">\n<div style=\"height:100px\" aria-hidden=\"true\" class=\"wp-block-spacer\"><\/div>\n<\/div>","protected":false},"excerpt":{"rendered":"<p>Die leistungsstarke Plattform erm\u00f6glicht den weltweiten Zugriff auf Maschinen und Steuerungen, die zentrale Verwaltung von Ger\u00e4ten und die sichere Integration von OT-Daten.<\/p>\n","protected":false},"author":35,"featured_media":0,"parent":8187,"menu_order":0,"comment_status":"closed","ping_status":"closed","template":"","meta":{"_acf_changed":false,"_relevanssi_hide_post":"","_relevanssi_pin_for_all":"","_relevanssi_pin_keywords":"","_relevanssi_unpin_keywords":"","_relevanssi_related_keywords":"","_relevanssi_related_include_ids":"","_relevanssi_related_exclude_ids":"","_relevanssi_related_no_append":"","_relevanssi_related_not_related":"","_relevanssi_related_posts":"6198,12849,11944,13219,15059,16735","_relevanssi_noindex_reason":"","content-type":"","footnotes":""},"class_list":["post-26812","page","type-page","status-publish","hentry"],"acf":[],"yoast_head":"<!-- This site is optimized with the Yoast SEO plugin v27.4 - https:\/\/yoast.com\/product\/yoast-seo-wordpress\/ -->\n<title>Corvina von Exor - Novotek CH<\/title>\n<meta name=\"description\" content=\"Corvina, die leistungsstarke Plattform erm\u00f6glicht Fernzugriff, Ger\u00e4temanagement und sichere OT-Datenintegration weltweit.\" \/>\n<meta name=\"robots\" content=\"index, follow, max-snippet:-1, max-image-preview:large, max-video-preview:-1\" \/>\n<link rel=\"canonical\" href=\"https:\/\/www.novotek.com\/ch\/ot-it-cloud-konnektivitaet-dataops\/corvina-von-exor\/\" \/>\n<meta property=\"og:locale\" content=\"de_DE\" \/>\n<meta property=\"og:type\" content=\"article\" \/>\n<meta property=\"og:title\" content=\"Corvina von Exor - Novotek CH\" \/>\n<meta property=\"og:description\" content=\"Corvina, die leistungsstarke Plattform erm\u00f6glicht Fernzugriff, Ger\u00e4temanagement und sichere OT-Datenintegration weltweit.\" \/>\n<meta property=\"og:url\" content=\"https:\/\/www.novotek.com\/ch\/ot-it-cloud-konnektivitaet-dataops\/corvina-von-exor\/\" \/>\n<meta property=\"og:site_name\" content=\"Novotek CH\" \/>\n<meta property=\"article:modified_time\" content=\"2025-06-27T09:32:14+00:00\" \/>\n<meta property=\"og:image\" content=\"https:\/\/www.novotek.com\/ch\/wp-content\/uploads\/sites\/3\/corvina-cloud.png\" \/>\n<meta name=\"twitter:card\" content=\"summary_large_image\" \/>\n<meta name=\"twitter:label1\" content=\"Gesch\u00e4tzte Lesezeit\" \/>\n\t<meta name=\"twitter:data1\" content=\"2\u00a0Minuten\" \/>\n<script type=\"application\/ld+json\" class=\"yoast-schema-graph\">{\"@context\":\"https:\\\/\\\/schema.org\",\"@graph\":[{\"@type\":\"WebPage\",\"@id\":\"https:\\\/\\\/www.novotek.com\\\/ch\\\/ot-it-cloud-konnektivitaet-dataops\\\/corvina-von-exor\\\/\",\"url\":\"https:\\\/\\\/www.novotek.com\\\/ch\\\/ot-it-cloud-konnektivitaet-dataops\\\/corvina-von-exor\\\/\",\"name\":\"Corvina von Exor - Novotek CH\",\"isPartOf\":{\"@id\":\"https:\\\/\\\/www.novotek.com\\\/ch\\\/#website\"},\"primaryImageOfPage\":{\"@id\":\"https:\\\/\\\/www.novotek.com\\\/ch\\\/ot-it-cloud-konnektivitaet-dataops\\\/corvina-von-exor\\\/#primaryimage\"},\"image\":{\"@id\":\"https:\\\/\\\/www.novotek.com\\\/ch\\\/ot-it-cloud-konnektivitaet-dataops\\\/corvina-von-exor\\\/#primaryimage\"},\"thumbnailUrl\":\"https:\\\/\\\/www.novotek.com\\\/ch\\\/wp-content\\\/uploads\\\/sites\\\/3\\\/corvina-cloud.png\",\"datePublished\":\"2025-06-27T09:32:11+00:00\",\"dateModified\":\"2025-06-27T09:32:14+00:00\",\"description\":\"Corvina, die leistungsstarke Plattform erm\u00f6glicht Fernzugriff, Ger\u00e4temanagement und sichere OT-Datenintegration weltweit.\",\"breadcrumb\":{\"@id\":\"https:\\\/\\\/www.novotek.com\\\/ch\\\/ot-it-cloud-konnektivitaet-dataops\\\/corvina-von-exor\\\/#breadcrumb\"},\"inLanguage\":\"de-CH\",\"potentialAction\":[{\"@type\":\"ReadAction\",\"target\":[\"https:\\\/\\\/www.novotek.com\\\/ch\\\/ot-it-cloud-konnektivitaet-dataops\\\/corvina-von-exor\\\/\"]}]},{\"@type\":\"ImageObject\",\"inLanguage\":\"de-CH\",\"@id\":\"https:\\\/\\\/www.novotek.com\\\/ch\\\/ot-it-cloud-konnektivitaet-dataops\\\/corvina-von-exor\\\/#primaryimage\",\"url\":\"https:\\\/\\\/www.novotek.com\\\/ch\\\/wp-content\\\/uploads\\\/sites\\\/3\\\/corvina-cloud.png.webp\",\"contentUrl\":\"https:\\\/\\\/www.novotek.com\\\/ch\\\/wp-content\\\/uploads\\\/sites\\\/3\\\/corvina-cloud.png.webp\",\"width\":700,\"height\":402},{\"@type\":\"BreadcrumbList\",\"@id\":\"https:\\\/\\\/www.novotek.com\\\/ch\\\/ot-it-cloud-konnektivitaet-dataops\\\/corvina-von-exor\\\/#breadcrumb\",\"itemListElement\":[{\"@type\":\"ListItem\",\"position\":1,\"name\":\"Home\",\"item\":\"https:\\\/\\\/www.novotek.com\\\/ch\\\/\"},{\"@type\":\"ListItem\",\"position\":2,\"name\":\"Konnektivit\u00e4t\",\"item\":\"https:\\\/\\\/www.novotek.com\\\/ch\\\/ot-it-cloud-konnektivitaet-dataops\\\/\"},{\"@type\":\"ListItem\",\"position\":3,\"name\":\"Corvina von Exor\"}]},{\"@type\":\"WebSite\",\"@id\":\"https:\\\/\\\/www.novotek.com\\\/ch\\\/#website\",\"url\":\"https:\\\/\\\/www.novotek.com\\\/ch\\\/\",\"name\":\"Novotek Switzerland AG\",\"description\":\"Connect - Digitalize - Optimize\",\"publisher\":{\"@id\":\"https:\\\/\\\/www.novotek.com\\\/ch\\\/#organization\"},\"potentialAction\":[{\"@type\":\"SearchAction\",\"target\":{\"@type\":\"EntryPoint\",\"urlTemplate\":\"https:\\\/\\\/www.novotek.com\\\/ch\\\/?s={search_term_string}\"},\"query-input\":{\"@type\":\"PropertyValueSpecification\",\"valueRequired\":true,\"valueName\":\"search_term_string\"}}],\"inLanguage\":\"de-CH\"},{\"@type\":\"Organization\",\"@id\":\"https:\\\/\\\/www.novotek.com\\\/ch\\\/#organization\",\"name\":\"Novotek Switzerland AG\",\"url\":\"https:\\\/\\\/www.novotek.com\\\/ch\\\/\",\"logo\":{\"@type\":\"ImageObject\",\"inLanguage\":\"de-CH\",\"@id\":\"https:\\\/\\\/www.novotek.com\\\/ch\\\/#\\\/schema\\\/logo\\\/image\\\/\",\"url\":\"https:\\\/\\\/www.novotek.com\\\/ch\\\/wp-content\\\/uploads\\\/sites\\\/3\\\/novotek-symbol-rgb-pos-white-border-512x512-1.png\",\"contentUrl\":\"https:\\\/\\\/www.novotek.com\\\/ch\\\/wp-content\\\/uploads\\\/sites\\\/3\\\/novotek-symbol-rgb-pos-white-border-512x512-1.png\",\"width\":512,\"height\":512,\"caption\":\"Novotek Switzerland AG\"},\"image\":{\"@id\":\"https:\\\/\\\/www.novotek.com\\\/ch\\\/#\\\/schema\\\/logo\\\/image\\\/\"}}]}<\/script>\n<!-- \/ Yoast SEO plugin. -->","yoast_head_json":{"title":"Corvina von Exor - Novotek CH","description":"Corvina, die leistungsstarke Plattform erm\u00f6glicht Fernzugriff, Ger\u00e4temanagement und sichere OT-Datenintegration weltweit.","robots":{"index":"index","follow":"follow","max-snippet":"max-snippet:-1","max-image-preview":"max-image-preview:large","max-video-preview":"max-video-preview:-1"},"canonical":"https:\/\/www.novotek.com\/ch\/ot-it-cloud-konnektivitaet-dataops\/corvina-von-exor\/","og_locale":"de_DE","og_type":"article","og_title":"Corvina von Exor - Novotek CH","og_description":"Corvina, die leistungsstarke Plattform erm\u00f6glicht Fernzugriff, Ger\u00e4temanagement und sichere OT-Datenintegration weltweit.","og_url":"https:\/\/www.novotek.com\/ch\/ot-it-cloud-konnektivitaet-dataops\/corvina-von-exor\/","og_site_name":"Novotek CH","article_modified_time":"2025-06-27T09:32:14+00:00","og_image":[{"url":"https:\/\/www.novotek.com\/ch\/wp-content\/uploads\/sites\/3\/corvina-cloud.png","type":"","width":"","height":""}],"twitter_card":"summary_large_image","twitter_misc":{"Gesch\u00e4tzte Lesezeit":"2\u00a0Minuten"},"schema":{"@context":"https:\/\/schema.org","@graph":[{"@type":"WebPage","@id":"https:\/\/www.novotek.com\/ch\/ot-it-cloud-konnektivitaet-dataops\/corvina-von-exor\/","url":"https:\/\/www.novotek.com\/ch\/ot-it-cloud-konnektivitaet-dataops\/corvina-von-exor\/","name":"Corvina von Exor - Novotek CH","isPartOf":{"@id":"https:\/\/www.novotek.com\/ch\/#website"},"primaryImageOfPage":{"@id":"https:\/\/www.novotek.com\/ch\/ot-it-cloud-konnektivitaet-dataops\/corvina-von-exor\/#primaryimage"},"image":{"@id":"https:\/\/www.novotek.com\/ch\/ot-it-cloud-konnektivitaet-dataops\/corvina-von-exor\/#primaryimage"},"thumbnailUrl":"https:\/\/www.novotek.com\/ch\/wp-content\/uploads\/sites\/3\/corvina-cloud.png","datePublished":"2025-06-27T09:32:11+00:00","dateModified":"2025-06-27T09:32:14+00:00","description":"Corvina, die leistungsstarke Plattform erm\u00f6glicht Fernzugriff, Ger\u00e4temanagement und sichere OT-Datenintegration weltweit.","breadcrumb":{"@id":"https:\/\/www.novotek.com\/ch\/ot-it-cloud-konnektivitaet-dataops\/corvina-von-exor\/#breadcrumb"},"inLanguage":"de-CH","potentialAction":[{"@type":"ReadAction","target":["https:\/\/www.novotek.com\/ch\/ot-it-cloud-konnektivitaet-dataops\/corvina-von-exor\/"]}]},{"@type":"ImageObject","inLanguage":"de-CH","@id":"https:\/\/www.novotek.com\/ch\/ot-it-cloud-konnektivitaet-dataops\/corvina-von-exor\/#primaryimage","url":"https:\/\/www.novotek.com\/ch\/wp-content\/uploads\/sites\/3\/corvina-cloud.png.webp","contentUrl":"https:\/\/www.novotek.com\/ch\/wp-content\/uploads\/sites\/3\/corvina-cloud.png.webp","width":700,"height":402},{"@type":"BreadcrumbList","@id":"https:\/\/www.novotek.com\/ch\/ot-it-cloud-konnektivitaet-dataops\/corvina-von-exor\/#breadcrumb","itemListElement":[{"@type":"ListItem","position":1,"name":"Home","item":"https:\/\/www.novotek.com\/ch\/"},{"@type":"ListItem","position":2,"name":"Konnektivit\u00e4t","item":"https:\/\/www.novotek.com\/ch\/ot-it-cloud-konnektivitaet-dataops\/"},{"@type":"ListItem","position":3,"name":"Corvina von Exor"}]},{"@type":"WebSite","@id":"https:\/\/www.novotek.com\/ch\/#website","url":"https:\/\/www.novotek.com\/ch\/","name":"Novotek Switzerland AG","description":"Connect - Digitalize - Optimize","publisher":{"@id":"https:\/\/www.novotek.com\/ch\/#organization"},"potentialAction":[{"@type":"SearchAction","target":{"@type":"EntryPoint","urlTemplate":"https:\/\/www.novotek.com\/ch\/?s={search_term_string}"},"query-input":{"@type":"PropertyValueSpecification","valueRequired":true,"valueName":"search_term_string"}}],"inLanguage":"de-CH"},{"@type":"Organization","@id":"https:\/\/www.novotek.com\/ch\/#organization","name":"Novotek Switzerland AG","url":"https:\/\/www.novotek.com\/ch\/","logo":{"@type":"ImageObject","inLanguage":"de-CH","@id":"https:\/\/www.novotek.com\/ch\/#\/schema\/logo\/image\/","url":"https:\/\/www.novotek.com\/ch\/wp-content\/uploads\/sites\/3\/novotek-symbol-rgb-pos-white-border-512x512-1.png","contentUrl":"https:\/\/www.novotek.com\/ch\/wp-content\/uploads\/sites\/3\/novotek-symbol-rgb-pos-white-border-512x512-1.png","width":512,"height":512,"caption":"Novotek Switzerland AG"},"image":{"@id":"https:\/\/www.novotek.com\/ch\/#\/schema\/logo\/image\/"}}]}},"_links":{"self":[{"href":"https:\/\/www.novotek.com\/ch\/wp-json\/wp\/v2\/pages\/26812","targetHints":{"allow":["GET"]}}],"collection":[{"href":"https:\/\/www.novotek.com\/ch\/wp-json\/wp\/v2\/pages"}],"about":[{"href":"https:\/\/www.novotek.com\/ch\/wp-json\/wp\/v2\/types\/page"}],"author":[{"embeddable":true,"href":"https:\/\/www.novotek.com\/ch\/wp-json\/wp\/v2\/users\/35"}],"replies":[{"embeddable":true,"href":"https:\/\/www.novotek.com\/ch\/wp-json\/wp\/v2\/comments?post=26812"}],"version-history":[{"count":7,"href":"https:\/\/www.novotek.com\/ch\/wp-json\/wp\/v2\/pages\/26812\/revisions"}],"predecessor-version":[{"id":26831,"href":"https:\/\/www.novotek.com\/ch\/wp-json\/wp\/v2\/pages\/26812\/revisions\/26831"}],"up":[{"embeddable":true,"href":"https:\/\/www.novotek.com\/ch\/wp-json\/wp\/v2\/pages\/8187"}],"wp:attachment":[{"href":"https:\/\/www.novotek.com\/ch\/wp-json\/wp\/v2\/media?parent=26812"}],"curies":[{"name":"wp","href":"https:\/\/api.w.org\/{rel}","templated":true}]}}