{"id":2865,"date":"2022-01-26T11:54:41","date_gmt":"2022-01-26T11:54:41","guid":{"rendered":"http:\/\/ch.novotek-multi.dev4.mildmedia-dev.eu\/lebensmittel-und-getrnke\/"},"modified":"2022-08-26T13:01:45","modified_gmt":"2022-08-26T13:01:45","slug":"lebensmittel-getraenke","status":"publish","type":"page","link":"https:\/\/www.novotek.com\/ch\/industrie\/lebensmittel-getraenke\/","title":{"rendered":"Lebensmittel &amp; Getr&auml;nke"},"content":{"rendered":"  <div class=\"hero\">\n    <div class=\"carousel hero-slider small\" data-flickity data-flickity-options='{\"prevNextButtons\": false}'>\n              <div class=\"carousel-cell\">\n          <div class=\"container\">\n            <div class=\"hero-content\">\n                              <h1>Lebensmittel &amp; Getr\u00e4nke<\/h1>\n<p>Novotek bietet hochentwickelte L\u00f6sungen f\u00fcr die Automatisierung, Digitalisierung und Produktionsverwaltung, ausgerichtet nach den strengen Richtlinien der Lebensmittelindustrie.<\/p>\n              \n                          <\/div>\n          <\/div>\n\n          <img decoding=\"async\" width=\"1024\" height=\"427\" src=\"https:\/\/www.novotek.com\/ch\/wp-content\/uploads\/sites\/3\/Coca-Cola_header_1920x800_NEW-e1658497357649-1024x427.jpg.webp\" class=\"hero-bg\" alt=\"Hero Img\" fetchpriority=\"high\" srcset=\"https:\/\/www.novotek.com\/ch\/wp-content\/uploads\/sites\/3\/Coca-Cola_header_1920x800_NEW-e1658497357649-1024x427.jpg.webp 1024w, https:\/\/www.novotek.com\/ch\/wp-content\/uploads\/sites\/3\/Coca-Cola_header_1920x800_NEW-e1658497357649-300x125.jpg.webp 300w, https:\/\/www.novotek.com\/ch\/wp-content\/uploads\/sites\/3\/Coca-Cola_header_1920x800_NEW-e1658497357649-768x320.jpg.webp 768w, https:\/\/www.novotek.com\/ch\/wp-content\/uploads\/sites\/3\/Coca-Cola_header_1920x800_NEW-e1658497357649-1536x640.jpg.webp 1536w, https:\/\/www.novotek.com\/ch\/wp-content\/uploads\/sites\/3\/Coca-Cola_header_1920x800_NEW-e1658497357649.jpg.webp 1920w\" sizes=\"(max-width: 1024px) 100vw, 1024px\" \/>                  <\/div>\n          <\/div>\n\n      <\/div>\n\n   \n\n\n<div class=\"container-md paragraph  \">\n<p>Die Lebensmittel- und Getr\u00e4nkeproduktion wird durch beh\u00f6rdliche Anforderungen zur Lebensmittelsicherheit geregelt.\u00a0Diese fordern eine vollst\u00e4ndige R\u00fcckverfolgbarkeit.\u00a0Novotek war eng in den Prozess der Interpretation und Umsetzung dieser Anforderungen bei mehreren Unternehmen involviert.\u00a0Neben der R\u00fcckverfolgbarkeit implementieren wir L\u00f6sungen f\u00fcr die Lebensmittelindustrie, welche die Verf\u00fcgbarkeit steuern, die Anlagenauslastung verbessern oder die Qualit\u00e4t erh\u00f6hen.\u00a0So sind Datenerfassung, Prozess-Visualisierung und Produkt-Fluss-Steuerung dank modernster MES Technologie speziell an die Lebensmittelindustrie angepasst.<\/p>\n<\/div>\n\n<div class=\"container media-text  \">\n<div class=\"wp-block-media-text alignwide has-media-on-the-right is-stacked-on-mobile\" style=\"grid-template-columns:auto 40%\"><figure class=\"wp-block-media-text__media\"><img loading=\"lazy\" decoding=\"async\" width=\"800\" height=\"600\" src=\"https:\/\/www.novotek.com\/ch\/wp-content\/uploads\/sites\/3\/ales-krivec-QnNqGoCnBg0-unsplash_duplex_cyan_800x800px.jpg\" alt=\"\" class=\"wp-image-8983 size-full\" srcset=\"https:\/\/www.novotek.com\/ch\/wp-content\/uploads\/sites\/3\/ales-krivec-QnNqGoCnBg0-unsplash_duplex_cyan_800x800px.jpg 800w, https:\/\/www.novotek.com\/ch\/wp-content\/uploads\/sites\/3\/ales-krivec-QnNqGoCnBg0-unsplash_duplex_cyan_800x800px-300x225.jpg 300w, https:\/\/www.novotek.com\/ch\/wp-content\/uploads\/sites\/3\/ales-krivec-QnNqGoCnBg0-unsplash_duplex_cyan_800x800px-768x576.jpg 768w\" sizes=\"auto, (max-width: 800px) 100vw, 800px\" \/><\/figure><div class=\"wp-block-media-text__content\"><div class=\"container-md heading  \">\n<h2 class=\"wp-block-heading\">Unsere L\u00f6sungen sind mehr als nur zuverl\u00e4ssig<\/h2>\n<\/div>\n\n<div class=\"container-md paragraph  \">\n<p>Mit den fortschrittlichen Automatisierungs- und Produktionsmanagement-L\u00f6sungen von Novotek sch\u00f6pfen Lebensmittel herstellende Betriebe das volle Potenzial aus.\u00a0Und das sagen nicht nur wir. Kunden haben mit der Implementierung unserer L\u00f6sungen bereits Folgendes erreicht:<\/p>\n<\/div>\n\n<div class=\"container-md list  \">\n<ul class=\"wp-block-list\"><li>Kapazit\u00e4tsteigerung von \u00fcber <strong>15%<\/strong> an den Verpackungslinien<\/li><li>Reduktion der Umr\u00fcstzeiten von <strong>20%<\/strong> und mehr<\/li><li>Verringerung des Materialverbrauchs um \u00fcber <strong>2 <\/strong>Prozentpunkte<\/li><li>reduzierter Lagerbestand um bis zu <strong>30%<\/strong> inklusive Zwischenlagerung \/ verbesserte &#171;just -in-time&#187; Produktion<\/li><\/ul>\n<\/div>\n\n<div class=\"container-md paragraph  \">\n<p><\/p>\n<\/div><\/div><\/div>\n<\/div>\n\n<div class=\"container-md spacer  \">\n<div style=\"height:50px\" aria-hidden=\"true\" class=\"wp-block-spacer\"><\/div>\n<\/div>\n\n<div class=\"container-md embed  \">\n<figure class=\"wp-block-embed is-type-video is-provider-youtube wp-block-embed-youtube wp-embed-aspect-16-9 wp-has-aspect-ratio\"><div class=\"wp-block-embed__wrapper\">\n<iframe loading=\"lazy\" title=\"Procter Gamble:  Delivering Manufacturing of the Future\" width=\"1440\" height=\"810\" src=\"https:\/\/www.youtube.com\/embed\/YFvsIHA5uJY?feature=oembed\" frameborder=\"0\" allow=\"accelerometer; autoplay; clipboard-write; encrypted-media; gyroscope; picture-in-picture\" allowfullscreen><\/iframe>\n<\/div><\/figure>\n<\/div>\n\n<div class=\"container-md spacer  \">\n<div style=\"height:30px\" aria-hidden=\"true\" class=\"wp-block-spacer\"><\/div>\n<\/div>\n\n<div class=\"container-md heading  \">\n<h3 class=\"wp-block-heading\">Sofort richtig reagieren, dank Echtzeit-Informationen und -Einblicke in den Produktionsprozess<\/h3>\n<\/div>\n\n<div class=\"container-md paragraph  \">\n<p>Die Fabrikhalle ist eine extrem dynamische Umgebung, in der viele Dinge gleichzeitig passieren.\u00a0Anwender und Verantwortliche k\u00f6nnen Probleme schneller erkennen und bessere Entscheide treffen, je mehr Einblick sie in den Produktionsprozesses haben. Unsere Systeme bieten dies nicht nur in Echtzeit, sondern angereichert mit zus\u00e4tzlichen Informationen.\u00a0Dies verringert Qualit\u00e4tsproblemen und ungeplante Ausfallzeiten.<\/p>\n<\/div>\n\n<div class=\"container-md spacer  \">\n<div style=\"height:30px\" aria-hidden=\"true\" class=\"wp-block-spacer\"><\/div>\n<\/div>\n\n<div class=\"container media-text  \">\n<div class=\"wp-block-media-text alignwide is-stacked-on-mobile\" style=\"grid-template-columns:40% auto\"><figure class=\"wp-block-media-text__media\"><img loading=\"lazy\" decoding=\"async\" width=\"900\" height=\"600\" src=\"https:\/\/www.novotek.com\/ch\/wp-content\/uploads\/sites\/3\/Novotek_Website_Food_and_Beverage_image_Graphic_arrow.jpg\" alt=\"\" class=\"wp-image-8974 size-full\" srcset=\"https:\/\/www.novotek.com\/ch\/wp-content\/uploads\/sites\/3\/Novotek_Website_Food_and_Beverage_image_Graphic_arrow.jpg 900w, https:\/\/www.novotek.com\/ch\/wp-content\/uploads\/sites\/3\/Novotek_Website_Food_and_Beverage_image_Graphic_arrow-300x200.jpg 300w, https:\/\/www.novotek.com\/ch\/wp-content\/uploads\/sites\/3\/Novotek_Website_Food_and_Beverage_image_Graphic_arrow-768x512.jpg 768w\" sizes=\"auto, (max-width: 900px) 100vw, 900px\" \/><\/figure><div class=\"wp-block-media-text__content\"><div class=\"container-md heading  \">\n<h3 class=\"wp-block-heading\">Vereinfachte Auditierung dank der Digitalisierung<\/h3>\n<\/div>\n\n<div class=\"container-md paragraph  \">\n<p>Durch die Digitalisierung der Prozessdaten k\u00f6nnen Verbesserungen schrittweise \u00fcber den gesamten Produktionsprozess implementiert, kontrolliert und deren Resultate transparent gemacht werden.\u00a0Unser System schaut sich die Produktionsleistung an, registriert Stillst\u00e4nde und pr\u00fcfen die Qualit\u00e4t.\u00a0So k\u00f6nnen Sie Schritt f\u00fcr Schritt Ihre Operational Excellence verbessern.\u00a0<\/p>\n<\/div>\n\n<div class=\"container-md paragraph  \">\n<p>Die Digitalisierung vereinfacht zudem die Auditierung.\u00a0Per Knopfdruck rufen Sie alle notwendigen Prozessdaten ab. Mit der Versionierung-Software <a href=\"https:\/\/www.novotek.com\/ch\/versionskontrolle\/octoplant\/\"><strong>octoplant<\/strong><\/a> erhalten Sie auf Knopfdruck zudem alle Informationen zu Programmen und Parameterlisten aus der Automatisierungsumgebung.  <\/p>\n<\/div><\/div><\/div>\n<\/div>\n\n<div class=\"container-md spacer  \">\n<div style=\"height:30px\" aria-hidden=\"true\" class=\"wp-block-spacer\"><\/div>\n<\/div>\n\n<div class=\"container-md heading  \">\n<h3 class=\"wp-block-heading\">Informationen da haben, wo Sie gebraucht werden<\/h3>\n<\/div>\n\n<div class=\"container-md paragraph  \">\n<p>Viele Anlagen haben noch eine traditionelle Betriebszentrale, welche den gesamten Prozess \u00fcberwacht und steuert.\u00a0Oft ist es jedoch notwendig Prozessdaten vor Ort abrufbereit zu haben.\u00a0Mit <a href=\"https:\/\/www.novotek.com\/ch\/hmi-scada\/proficy-operations-hub\/\"><strong>Proficy Operations Hub<\/strong><\/a> erstellen Sie ihre Dashbords und Visualisierungen im webbasierten Design und haben die Daten somit auf einem Tablet oder einem Smartphone verf\u00fcgbar.<\/p>\n<\/div>\n\n<div class=\"container-md spacer  \">\n<div style=\"height:50px\" aria-hidden=\"true\" class=\"wp-block-spacer\"><\/div>\n<\/div>\n\n<div class=\"container-md paragraph  \">\n<p><\/p>\n<\/div>","protected":false},"excerpt":{"rendered":"<p>Hochentwickelte L\u00f6sungen von Novotek f\u00fcr die Automatisierung und Produktionsverwaltung erm\u00f6glichen Ihnen das verborgene Potenzial Ihrer Betriebsabl\u00e4ufe auszusch\u00f6pfen.<\/p>\n","protected":false},"author":15,"featured_media":2866,"parent":177,"menu_order":1,"comment_status":"closed","ping_status":"closed","template":"","meta":{"_acf_changed":false,"_relevanssi_hide_post":"","_relevanssi_pin_for_all":"","_relevanssi_pin_keywords":"","_relevanssi_unpin_keywords":"","_relevanssi_related_keywords":"","_relevanssi_related_include_ids":"","_relevanssi_related_exclude_ids":"","_relevanssi_related_no_append":"","_relevanssi_related_not_related":"","_relevanssi_related_posts":"3216,3208,3220,3200,3195","_relevanssi_noindex_reason":"","content-type":"","footnotes":""},"class_list":["post-2865","page","type-page","status-publish","has-post-thumbnail","hentry"],"acf":[],"yoast_head":"<!-- This site is optimized with the Yoast SEO plugin v27.4 - https:\/\/yoast.com\/product\/yoast-seo-wordpress\/ -->\n<title>Lebensmittel &amp; Getr&auml;nke - Novotek CH<\/title>\n<meta name=\"description\" content=\"Hochentwickelte L\u00f6sungen f\u00fcr die Automatisierung und Produktionsverwaltung erm\u00f6glichen Ihnen verborgenes Potenzial auszusch\u00f6pfen.\" \/>\n<meta name=\"robots\" content=\"index, follow, max-snippet:-1, max-image-preview:large, max-video-preview:-1\" \/>\n<link rel=\"canonical\" href=\"https:\/\/www.novotek.com\/ch\/industrie\/lebensmittel-getraenke\/\" \/>\n<meta property=\"og:locale\" content=\"de_DE\" \/>\n<meta property=\"og:type\" content=\"article\" \/>\n<meta property=\"og:title\" content=\"Lebensmittel &amp; Getr&auml;nke - Novotek CH\" \/>\n<meta property=\"og:description\" content=\"Hochentwickelte L\u00f6sungen f\u00fcr die Automatisierung und Produktionsverwaltung erm\u00f6glichen Ihnen verborgenes Potenzial auszusch\u00f6pfen.\" \/>\n<meta property=\"og:url\" content=\"https:\/\/www.novotek.com\/ch\/industrie\/lebensmittel-getraenke\/\" \/>\n<meta property=\"og:site_name\" content=\"Novotek CH\" \/>\n<meta property=\"article:modified_time\" content=\"2022-08-26T13:01:45+00:00\" \/>\n<meta property=\"og:image\" content=\"https:\/\/www.novotek.com\/ch\/wp-content\/uploads\/sites\/3\/2021\/Novotek_UK\/Industries\/Food_and_beverage_CPG\/crystal-jo-t1q06vFOOmo-unsplash_duplex_cyan.png\" \/>\n\t<meta property=\"og:image:width\" content=\"1920\" \/>\n\t<meta property=\"og:image:height\" content=\"800\" \/>\n\t<meta property=\"og:image:type\" content=\"image\/png\" \/>\n<meta name=\"twitter:card\" content=\"summary_large_image\" \/>\n<meta name=\"twitter:label1\" content=\"Gesch\u00e4tzte Lesezeit\" \/>\n\t<meta name=\"twitter:data1\" content=\"2\u00a0Minuten\" \/>\n<script type=\"application\/ld+json\" class=\"yoast-schema-graph\">{\"@context\":\"https:\\\/\\\/schema.org\",\"@graph\":[{\"@type\":\"WebPage\",\"@id\":\"https:\\\/\\\/www.novotek.com\\\/ch\\\/industrie\\\/lebensmittel-getraenke\\\/\",\"url\":\"https:\\\/\\\/www.novotek.com\\\/ch\\\/industrie\\\/lebensmittel-getraenke\\\/\",\"name\":\"Lebensmittel &amp; Getr&auml;nke - Novotek CH\",\"isPartOf\":{\"@id\":\"https:\\\/\\\/www.novotek.com\\\/ch\\\/#website\"},\"primaryImageOfPage\":{\"@id\":\"https:\\\/\\\/www.novotek.com\\\/ch\\\/industrie\\\/lebensmittel-getraenke\\\/#primaryimage\"},\"image\":{\"@id\":\"https:\\\/\\\/www.novotek.com\\\/ch\\\/industrie\\\/lebensmittel-getraenke\\\/#primaryimage\"},\"thumbnailUrl\":\"https:\\\/\\\/www.novotek.com\\\/ch\\\/wp-content\\\/uploads\\\/sites\\\/3\\\/2021\\\/Novotek_UK\\\/Industries\\\/Food_and_beverage_CPG\\\/crystal-jo-t1q06vFOOmo-unsplash_duplex_cyan.png\",\"datePublished\":\"2022-01-26T11:54:41+00:00\",\"dateModified\":\"2022-08-26T13:01:45+00:00\",\"description\":\"Hochentwickelte L\u00f6sungen f\u00fcr die Automatisierung und Produktionsverwaltung erm\u00f6glichen Ihnen verborgenes Potenzial auszusch\u00f6pfen.\",\"breadcrumb\":{\"@id\":\"https:\\\/\\\/www.novotek.com\\\/ch\\\/industrie\\\/lebensmittel-getraenke\\\/#breadcrumb\"},\"inLanguage\":\"de-CH\",\"potentialAction\":[{\"@type\":\"ReadAction\",\"target\":[\"https:\\\/\\\/www.novotek.com\\\/ch\\\/industrie\\\/lebensmittel-getraenke\\\/\"]}]},{\"@type\":\"ImageObject\",\"inLanguage\":\"de-CH\",\"@id\":\"https:\\\/\\\/www.novotek.com\\\/ch\\\/industrie\\\/lebensmittel-getraenke\\\/#primaryimage\",\"url\":\"https:\\\/\\\/www.novotek.com\\\/ch\\\/wp-content\\\/uploads\\\/sites\\\/3\\\/2021\\\/Novotek_UK\\\/Industries\\\/Food_and_beverage_CPG\\\/crystal-jo-t1q06vFOOmo-unsplash_duplex_cyan.png\",\"contentUrl\":\"https:\\\/\\\/www.novotek.com\\\/ch\\\/wp-content\\\/uploads\\\/sites\\\/3\\\/2021\\\/Novotek_UK\\\/Industries\\\/Food_and_beverage_CPG\\\/crystal-jo-t1q06vFOOmo-unsplash_duplex_cyan.png\",\"width\":1920,\"height\":800,\"caption\":\"Lebensmittel und Getr&auml;nke, CPG\"},{\"@type\":\"BreadcrumbList\",\"@id\":\"https:\\\/\\\/www.novotek.com\\\/ch\\\/industrie\\\/lebensmittel-getraenke\\\/#breadcrumb\",\"itemListElement\":[{\"@type\":\"ListItem\",\"position\":1,\"name\":\"Home\",\"item\":\"https:\\\/\\\/www.novotek.com\\\/ch\\\/\"},{\"@type\":\"ListItem\",\"position\":2,\"name\":\"Industrie\",\"item\":\"https:\\\/\\\/www.novotek.com\\\/ch\\\/industrie\\\/\"},{\"@type\":\"ListItem\",\"position\":3,\"name\":\"Lebensmittel &amp; Getr&auml;nke\"}]},{\"@type\":\"WebSite\",\"@id\":\"https:\\\/\\\/www.novotek.com\\\/ch\\\/#website\",\"url\":\"https:\\\/\\\/www.novotek.com\\\/ch\\\/\",\"name\":\"Novotek Switzerland AG\",\"description\":\"Connect - Digitalize - Optimize\",\"publisher\":{\"@id\":\"https:\\\/\\\/www.novotek.com\\\/ch\\\/#organization\"},\"potentialAction\":[{\"@type\":\"SearchAction\",\"target\":{\"@type\":\"EntryPoint\",\"urlTemplate\":\"https:\\\/\\\/www.novotek.com\\\/ch\\\/?s={search_term_string}\"},\"query-input\":{\"@type\":\"PropertyValueSpecification\",\"valueRequired\":true,\"valueName\":\"search_term_string\"}}],\"inLanguage\":\"de-CH\"},{\"@type\":\"Organization\",\"@id\":\"https:\\\/\\\/www.novotek.com\\\/ch\\\/#organization\",\"name\":\"Novotek Switzerland AG\",\"url\":\"https:\\\/\\\/www.novotek.com\\\/ch\\\/\",\"logo\":{\"@type\":\"ImageObject\",\"inLanguage\":\"de-CH\",\"@id\":\"https:\\\/\\\/www.novotek.com\\\/ch\\\/#\\\/schema\\\/logo\\\/image\\\/\",\"url\":\"https:\\\/\\\/www.novotek.com\\\/ch\\\/wp-content\\\/uploads\\\/sites\\\/3\\\/novotek-symbol-rgb-pos-white-border-512x512-1.png\",\"contentUrl\":\"https:\\\/\\\/www.novotek.com\\\/ch\\\/wp-content\\\/uploads\\\/sites\\\/3\\\/novotek-symbol-rgb-pos-white-border-512x512-1.png\",\"width\":512,\"height\":512,\"caption\":\"Novotek Switzerland AG\"},\"image\":{\"@id\":\"https:\\\/\\\/www.novotek.com\\\/ch\\\/#\\\/schema\\\/logo\\\/image\\\/\"}}]}<\/script>\n<!-- \/ Yoast SEO plugin. -->","yoast_head_json":{"title":"Lebensmittel &amp; Getr&auml;nke - Novotek CH","description":"Hochentwickelte L\u00f6sungen f\u00fcr die Automatisierung und Produktionsverwaltung erm\u00f6glichen Ihnen verborgenes Potenzial auszusch\u00f6pfen.","robots":{"index":"index","follow":"follow","max-snippet":"max-snippet:-1","max-image-preview":"max-image-preview:large","max-video-preview":"max-video-preview:-1"},"canonical":"https:\/\/www.novotek.com\/ch\/industrie\/lebensmittel-getraenke\/","og_locale":"de_DE","og_type":"article","og_title":"Lebensmittel &amp; Getr&auml;nke - Novotek CH","og_description":"Hochentwickelte L\u00f6sungen f\u00fcr die Automatisierung und Produktionsverwaltung erm\u00f6glichen Ihnen verborgenes Potenzial auszusch\u00f6pfen.","og_url":"https:\/\/www.novotek.com\/ch\/industrie\/lebensmittel-getraenke\/","og_site_name":"Novotek CH","article_modified_time":"2022-08-26T13:01:45+00:00","og_image":[{"width":1920,"height":800,"url":"https:\/\/www.novotek.com\/ch\/wp-content\/uploads\/sites\/3\/2021\/Novotek_UK\/Industries\/Food_and_beverage_CPG\/crystal-jo-t1q06vFOOmo-unsplash_duplex_cyan.png","type":"image\/png"}],"twitter_card":"summary_large_image","twitter_misc":{"Gesch\u00e4tzte Lesezeit":"2\u00a0Minuten"},"schema":{"@context":"https:\/\/schema.org","@graph":[{"@type":"WebPage","@id":"https:\/\/www.novotek.com\/ch\/industrie\/lebensmittel-getraenke\/","url":"https:\/\/www.novotek.com\/ch\/industrie\/lebensmittel-getraenke\/","name":"Lebensmittel &amp; Getr&auml;nke - Novotek CH","isPartOf":{"@id":"https:\/\/www.novotek.com\/ch\/#website"},"primaryImageOfPage":{"@id":"https:\/\/www.novotek.com\/ch\/industrie\/lebensmittel-getraenke\/#primaryimage"},"image":{"@id":"https:\/\/www.novotek.com\/ch\/industrie\/lebensmittel-getraenke\/#primaryimage"},"thumbnailUrl":"https:\/\/www.novotek.com\/ch\/wp-content\/uploads\/sites\/3\/2021\/Novotek_UK\/Industries\/Food_and_beverage_CPG\/crystal-jo-t1q06vFOOmo-unsplash_duplex_cyan.png","datePublished":"2022-01-26T11:54:41+00:00","dateModified":"2022-08-26T13:01:45+00:00","description":"Hochentwickelte L\u00f6sungen f\u00fcr die Automatisierung und Produktionsverwaltung erm\u00f6glichen Ihnen verborgenes Potenzial auszusch\u00f6pfen.","breadcrumb":{"@id":"https:\/\/www.novotek.com\/ch\/industrie\/lebensmittel-getraenke\/#breadcrumb"},"inLanguage":"de-CH","potentialAction":[{"@type":"ReadAction","target":["https:\/\/www.novotek.com\/ch\/industrie\/lebensmittel-getraenke\/"]}]},{"@type":"ImageObject","inLanguage":"de-CH","@id":"https:\/\/www.novotek.com\/ch\/industrie\/lebensmittel-getraenke\/#primaryimage","url":"https:\/\/www.novotek.com\/ch\/wp-content\/uploads\/sites\/3\/2021\/Novotek_UK\/Industries\/Food_and_beverage_CPG\/crystal-jo-t1q06vFOOmo-unsplash_duplex_cyan.png","contentUrl":"https:\/\/www.novotek.com\/ch\/wp-content\/uploads\/sites\/3\/2021\/Novotek_UK\/Industries\/Food_and_beverage_CPG\/crystal-jo-t1q06vFOOmo-unsplash_duplex_cyan.png","width":1920,"height":800,"caption":"Lebensmittel und Getr&auml;nke, CPG"},{"@type":"BreadcrumbList","@id":"https:\/\/www.novotek.com\/ch\/industrie\/lebensmittel-getraenke\/#breadcrumb","itemListElement":[{"@type":"ListItem","position":1,"name":"Home","item":"https:\/\/www.novotek.com\/ch\/"},{"@type":"ListItem","position":2,"name":"Industrie","item":"https:\/\/www.novotek.com\/ch\/industrie\/"},{"@type":"ListItem","position":3,"name":"Lebensmittel &amp; Getr&auml;nke"}]},{"@type":"WebSite","@id":"https:\/\/www.novotek.com\/ch\/#website","url":"https:\/\/www.novotek.com\/ch\/","name":"Novotek Switzerland AG","description":"Connect - Digitalize - Optimize","publisher":{"@id":"https:\/\/www.novotek.com\/ch\/#organization"},"potentialAction":[{"@type":"SearchAction","target":{"@type":"EntryPoint","urlTemplate":"https:\/\/www.novotek.com\/ch\/?s={search_term_string}"},"query-input":{"@type":"PropertyValueSpecification","valueRequired":true,"valueName":"search_term_string"}}],"inLanguage":"de-CH"},{"@type":"Organization","@id":"https:\/\/www.novotek.com\/ch\/#organization","name":"Novotek Switzerland AG","url":"https:\/\/www.novotek.com\/ch\/","logo":{"@type":"ImageObject","inLanguage":"de-CH","@id":"https:\/\/www.novotek.com\/ch\/#\/schema\/logo\/image\/","url":"https:\/\/www.novotek.com\/ch\/wp-content\/uploads\/sites\/3\/novotek-symbol-rgb-pos-white-border-512x512-1.png","contentUrl":"https:\/\/www.novotek.com\/ch\/wp-content\/uploads\/sites\/3\/novotek-symbol-rgb-pos-white-border-512x512-1.png","width":512,"height":512,"caption":"Novotek Switzerland AG"},"image":{"@id":"https:\/\/www.novotek.com\/ch\/#\/schema\/logo\/image\/"}}]}},"_links":{"self":[{"href":"https:\/\/www.novotek.com\/ch\/wp-json\/wp\/v2\/pages\/2865","targetHints":{"allow":["GET"]}}],"collection":[{"href":"https:\/\/www.novotek.com\/ch\/wp-json\/wp\/v2\/pages"}],"about":[{"href":"https:\/\/www.novotek.com\/ch\/wp-json\/wp\/v2\/types\/page"}],"author":[{"embeddable":true,"href":"https:\/\/www.novotek.com\/ch\/wp-json\/wp\/v2\/users\/15"}],"replies":[{"embeddable":true,"href":"https:\/\/www.novotek.com\/ch\/wp-json\/wp\/v2\/comments?post=2865"}],"version-history":[{"count":68,"href":"https:\/\/www.novotek.com\/ch\/wp-json\/wp\/v2\/pages\/2865\/revisions"}],"predecessor-version":[{"id":11228,"href":"https:\/\/www.novotek.com\/ch\/wp-json\/wp\/v2\/pages\/2865\/revisions\/11228"}],"up":[{"embeddable":true,"href":"https:\/\/www.novotek.com\/ch\/wp-json\/wp\/v2\/pages\/177"}],"wp:featuredmedia":[{"embeddable":true,"href":"https:\/\/www.novotek.com\/ch\/wp-json\/wp\/v2\/media\/2866"}],"wp:attachment":[{"href":"https:\/\/www.novotek.com\/ch\/wp-json\/wp\/v2\/media?parent=2865"}],"curies":[{"name":"wp","href":"https:\/\/api.w.org\/{rel}","templated":true}]}}