{"id":2893,"date":"2022-02-04T12:49:55","date_gmt":"2022-02-04T12:49:55","guid":{"rendered":"http:\/\/ch.novotek-multi.dev4.mildmedia-dev.eu\/strom-und-energie\/"},"modified":"2022-12-13T08:04:39","modified_gmt":"2022-12-13T08:04:39","slug":"strom-energie","status":"publish","type":"page","link":"https:\/\/www.novotek.com\/ch\/industrie\/strom-energie\/","title":{"rendered":"Energie"},"content":{"rendered":"  <div class=\"hero\">\n    <div class=\"carousel hero-slider small\" data-flickity data-flickity-options='{\"prevNextButtons\": false}'>\n              <div class=\"carousel-cell\">\n          <div class=\"container\">\n            <div class=\"hero-content\">\n                              <h1>Energie<\/h1>\n<p>Novotek bietet Automatisierungs-, Digitalisierungs- und OT\/IT-L\u00f6sungen zugeschnitten auf die Energiegewinnung aus Windkraft, Wasserkraft und Solarenergie, sowie deren Verteilung.<\/p>\n              \n                          <\/div>\n          <\/div>\n\n          <img decoding=\"async\" width=\"1024\" height=\"427\" src=\"https:\/\/www.novotek.com\/ch\/wp-content\/uploads\/sites\/3\/Novotek_Website_Energy_header_1920x800px_NEW-1024x427.jpg.webp\" class=\"hero-bg\" alt=\"Hero Img\" fetchpriority=\"high\" srcset=\"https:\/\/www.novotek.com\/ch\/wp-content\/uploads\/sites\/3\/Novotek_Website_Energy_header_1920x800px_NEW-1024x427.jpg.webp 1024w, https:\/\/www.novotek.com\/ch\/wp-content\/uploads\/sites\/3\/Novotek_Website_Energy_header_1920x800px_NEW-300x125.jpg.webp 300w, https:\/\/www.novotek.com\/ch\/wp-content\/uploads\/sites\/3\/Novotek_Website_Energy_header_1920x800px_NEW-768x320.jpg.webp 768w, https:\/\/www.novotek.com\/ch\/wp-content\/uploads\/sites\/3\/Novotek_Website_Energy_header_1920x800px_NEW-1536x640.jpg.webp 1536w, https:\/\/www.novotek.com\/ch\/wp-content\/uploads\/sites\/3\/Novotek_Website_Energy_header_1920x800px_NEW.jpg.webp 1920w\" sizes=\"(max-width: 1024px) 100vw, 1024px\" \/>                  <\/div>\n          <\/div>\n\n      <\/div>\n\n   \n\n\n<div class=\"container-md group  \">\n<div class=\"wp-block-group\"><div class=\"wp-block-group__inner-container is-layout-flow wp-block-group-is-layout-flow\"><div class=\"container-md paragraph  \">\n<p>Im Energiesektor ist eine sicher Daten-Kommunikation \u00fcber \u00f6ffentliche Netzwerke der Schl\u00fcssel zur optimalen Nutzung und Steuerung dezentraler Installationen der Energiegewinnung. Erst Daten erm\u00f6glichen es, das sich die Systeme dank Data Analytics und k\u00fcnstlicher Intelligenz (KI) selbst optimieren. Unsere L\u00f6sungen steuern Anlagen und optimieren Prozesse bei der Erzeugung und dem Transport von Strom, Gas oder W\u00e4rme aus Windkraft, Wasserkraft oder industriellen Anlagen.&nbsp;<\/p>\n<\/div><\/div>\n<\/div><\/div>\n\n<div class=\"container-md heading  \">\n<h2 class=\"wp-block-heading\" id=\"h-unsere-losungen-geben-ihnen-energie\"> Unsere L\u00f6sungen geben Ihnen Energie<\/h2>\n<\/div>\n\n<div class=\"container-md paragraph  \">\n<p>Energieversorger haben es oft mit einer umfangreichen und komplexen Infrastruktur zu tun. F\u00fcr einen guten \u00dcberblick ist die Kombination aus Datenerfassung in Verbindung mit Echtzeit-Visualisierung unerl\u00e4sslich. <\/p>\n<\/div>\n\n<div class=\"container-md paragraph  \">\n<p>Moderne Systeme zur Prozess\u00fcberwachung verf\u00fcgen \u00fcber umfangreiche Alarmierungsm\u00f6glichkeiten in Kombination mit einer historischen Speicherung der Prozessdaten, um eine r\u00fcckwirkende Fehlersuche zu erm\u00f6glichen.<\/p>\n<\/div>\n\n<div class=\"container-md paragraph  \">\n<p><strong>GE Energy<\/strong> setzt dabei auf <a href=\"https:\/\/www.novotek.com\/ch\/hmi-scada\/proficy-ifix\/\">Proficy iFIX<\/a>, eines der h\u00e4ufigsten HMI\/SCADA-Systeme im Strom- und Energiesektor. <\/p>\n<\/div>\n\n<div class=\"container-md spacer  \">\n<div style=\"height:30px\" aria-hidden=\"true\" class=\"wp-block-spacer\"><\/div>\n<\/div>\n\n<div class=\"container-md heading  \">\n<h3 class=\"wp-block-heading\" id=\"h-sichere-kommunikation-dank-tunnelling\">Sichere Kommunikation dank Tunnelling<\/h3>\n<\/div>\n\n<div class=\"wp-block-image\"><div class=\"container-md image  aligncenter\">\n<figure class=\"aligncenter size-full is-resized\"><img decoding=\"async\" src=\"https:\/\/www.novotek.com\/ch\/wp-content\/uploads\/sites\/3\/usecase-hydro-power-maintenance.png\" alt=\"\" class=\"wp-image-11019\" width=\"500\" srcset=\"https:\/\/www.novotek.com\/ch\/wp-content\/uploads\/sites\/3\/usecase-hydro-power-maintenance.png 571w, https:\/\/www.novotek.com\/ch\/wp-content\/uploads\/sites\/3\/usecase-hydro-power-maintenance-300x118.png 300w\" sizes=\"(max-width: 571px) 100vw, 571px\" \/><\/figure>\n<\/div><\/div>\n\n<div class=\"container-md paragraph  \">\n<p>Viele Unternehmen scheuen es, Anlagedaten \u00fcber \u00f6ffentliche Netze zu senden. Der <a href=\"https:\/\/www.novotek.com\/ch\/ot-it-cloud-konnektivitaet-dataops\/cogent-datahub\/\"><strong>DataHub Tunneller<\/strong><\/a> verschl\u00fcsselt die Daten in einem eignen Kommunikationsprotokoll und erf\u00fcllt so die h\u00f6chsten Standards nach den Network and Information Security (NIS2) Vorgaben der EU. <\/p>\n<\/div>\n\n<div class=\"container-md spacer  \">\n<div style=\"height:50px\" aria-hidden=\"true\" class=\"wp-block-spacer\"><\/div>\n<\/div>\n\n<div class=\"container media-text  \">\n<div class=\"wp-block-media-text alignwide has-media-on-the-right is-stacked-on-mobile is-vertically-aligned-center\" style=\"grid-template-columns:auto 40%\"><div class=\"wp-block-media-text__content\"><div class=\"container-md heading  \">\n<h3 class=\"wp-block-heading\" id=\"h-maximale-verfugbarkeit\">Maximale Verf\u00fcgbarkeit<\/h3>\n<\/div>\n\n<div class=\"container-md paragraph  \">\n<p>Um die dauerhafte Verf\u00fcgbarkeit der Betriebssysteme zu gew\u00e4hrleisten, bieten alle L\u00f6sungen von Novotek die M\u00f6glichkeit eines redundanten Aufbaus. Gerne beraten wir Sie zu Fragen der optimalen Verf\u00fcgbarkeit nach &#171;Hot-Standby&#187; oder &#171;Cold-Standby&#187;. <\/p>\n<\/div>\n\n<div class=\"container-md heading  \">\n<h3 class=\"wp-block-heading\" id=\"h-durchgangige-kommunikation\">Durchg\u00e4ngige Kommunikation <\/h3>\n<\/div>\n\n<div class=\"container-md paragraph  \">\n<p>Proficy iFIX wie auch die meisten unserer L\u00f6sungen garantieren eine nahtlose Kommunikation mit g\u00e4ngigen Systemen von Drittanbieter im Strom- und Energiesektor.&nbsp; <\/p>\n<\/div>\n\n<div class=\"container-md heading  \">\n<h3 class=\"wp-block-heading\" id=\"h-datenverlust-vermeiden\">Datenverlust vermeiden<\/h3>\n<\/div>\n\n<div class=\"container-md paragraph  \">\n<p>Dank der Option &#171;Store &amp; Forward&#187; puffern die System die Daten bei einem Netzwerkausfall lokal und \u00fcbertr\u00e4gt sie automatisch auf den entsprechenden Server, sobald der Netzwerkverkehr wieder hergestellt ist.&nbsp;Um die Trafik auf dem Netzwerk zu entlasten, werden Daten zudem lokal gefiltert und komprimiert, bevor sie an den zentralen Server weitergeleitet werden.&nbsp;<\/p>\n<\/div><\/div><figure class=\"wp-block-media-text__media\"><img loading=\"lazy\" decoding=\"async\" width=\"1024\" height=\"862\" src=\"https:\/\/www.novotek.com\/ch\/wp-content\/uploads\/sites\/3\/llustration_Energy_Redundancy_illustration-1024x862-1.png\" alt=\"Grafik Redundanz Energie\" class=\"wp-image-9525 size-full\" srcset=\"https:\/\/www.novotek.com\/ch\/wp-content\/uploads\/sites\/3\/llustration_Energy_Redundancy_illustration-1024x862-1.png 1024w, https:\/\/www.novotek.com\/ch\/wp-content\/uploads\/sites\/3\/llustration_Energy_Redundancy_illustration-1024x862-1-300x253.png 300w, https:\/\/www.novotek.com\/ch\/wp-content\/uploads\/sites\/3\/llustration_Energy_Redundancy_illustration-1024x862-1-768x647.png 768w\" sizes=\"auto, (max-width: 1024px) 100vw, 1024px\" \/><\/figure><\/div>\n<\/div>\n\n<div class=\"container-md spacer  \">\n<div style=\"height:30px\" aria-hidden=\"true\" class=\"wp-block-spacer\"><\/div>\n<\/div>\n\n<div class=\"container media-text  \">\n<div class=\"wp-block-media-text alignwide is-stacked-on-mobile\" style=\"grid-template-columns:40% auto\"><figure class=\"wp-block-media-text__media\"><img loading=\"lazy\" decoding=\"async\" width=\"1024\" height=\"683\" src=\"https:\/\/www.novotek.com\/ch\/wp-content\/uploads\/sites\/3\/Mock-up_Alarm_HMI_SCADA_screens-1024x683-1.png\" alt=\"Alarmmanagement HMI\/SCADA\" class=\"wp-image-9530 size-full\" srcset=\"https:\/\/www.novotek.com\/ch\/wp-content\/uploads\/sites\/3\/Mock-up_Alarm_HMI_SCADA_screens-1024x683-1.png 1024w, https:\/\/www.novotek.com\/ch\/wp-content\/uploads\/sites\/3\/Mock-up_Alarm_HMI_SCADA_screens-1024x683-1-300x200.png 300w, https:\/\/www.novotek.com\/ch\/wp-content\/uploads\/sites\/3\/Mock-up_Alarm_HMI_SCADA_screens-1024x683-1-768x512.png 768w\" sizes=\"auto, (max-width: 1024px) 100vw, 1024px\" \/><\/figure><div class=\"wp-block-media-text__content\"><div class=\"container-md heading  \">\n<h3 class=\"wp-block-heading\" id=\"h-alarm-management\">Alarm-Management<\/h3>\n<\/div>\n\n<div class=\"container-md paragraph  \">\n<p>Web basierte Anwendungen wie der <a href=\"https:\/\/www.novotek.com\/ch\/hmi-scada\/proficy-operations-hub\/\"><strong>Proficy Operations Hub<\/strong><\/a> bieten ein erweitertes Alarmmanagement. Das System erfasst, speichert und liefert die Alarmmeldungen mit den entsprechenden Zusatzinformationen f\u00fcr eine rasche Behebung. Alarme k\u00f6nnen in verschiedene Kategorien mit unterschiedlichen Priorit\u00e4ten eingeteilt werden. F\u00fcr eine bessere \u00dcbersicht und Problem Analyse k\u00f6nnen Prozessbilder in der Alarmmeldung direkt integriert werden.&nbsp;Wenn ein Alarm auftritt, wird eine Meldung an ein Smartphone oder an eine E-Mail-Adresse versendet.&nbsp;Mit entsprechenden Freigaben ist es m\u00f6glich, den Alarm direkt mit dem Smartphone zu quittiert. <\/p>\n<\/div><\/div><\/div>\n<\/div>\n\n<div class=\"container-md spacer  \">\n<div style=\"height:30px\" aria-hidden=\"true\" class=\"wp-block-spacer\"><\/div>\n<\/div>\n\n<div class=\"container-md heading  \">\n<h2 class=\"wp-block-heading\" id=\"h-protokollierung-von-prozessdaten\">Protokollierung von Prozessdaten<\/h2>\n<\/div>\n\n<div class=\"container-md paragraph  \">\n<p><a href=\"https:\/\/www.novotek.com\/ch\/hmi-scada\/proficy-ifix\/\"><strong>Proficy iFIX<\/strong><\/a> protokolliert alle Prozessdaten wie Durchfluss, F\u00fcllstand, Druck, Temperatur, Energieverbrauch, O2, NOX, Start und Stopps von Pumpen sowie viele weitere Parameter in der Historian-Datenbank <a href=\"https:\/\/www.novotek.com\/ch\/smart-factory-mes\/proficy-historian\/\"><strong>Proficy Historian<\/strong><\/a>.<\/p>\n<\/div>\n\n<div class=\"container-md paragraph  \">\n<p>Alle Daten werden im Rohformat und mit Tag-Name, Datum, Uhrzeit und Wert gespeichert.&nbsp;Wenn Sie die Informationen sp\u00e4ter abrufen m\u00f6chten, k\u00f6nnen Sie diese aggregiert aufbereiten und zwischen Rohdaten, Min., Max., Mittel oder andere Arten von verfeinerten Daten w\u00e4hlen.&nbsp;<\/p>\n<\/div>\n\n<div class=\"container-md spacer  \">\n<div style=\"height:30px\" aria-hidden=\"true\" class=\"wp-block-spacer\"><\/div>\n<\/div>\n\n<div class=\"container-md heading  \">\n<h3 class=\"wp-block-heading\" id=\"h-anpassungsfahiges-trending-von-proficy-ifix\"> Anpassungsf\u00e4higes Trending von Proficy iFIX<\/h3>\n<\/div>\n\n<div class=\"container-md list  \">\n<ul class=\"wp-block-list\"><div class=\"container-md list-item  \">\n<li>Trendkurven werden in Echtzeit oder f\u00fcr einen bestimmten Zeitpunkt anzeigen. <\/li>\n<\/div>\n\n<div class=\"container-md list-item  \">\n<li>Kommentare zu einer Trendkurve k\u00f6nnen hinzuf\u00fcgen werden, um den Informationsgehalt zu erh\u00f6hen.&nbsp;<\/li>\n<\/div>\n\n<div class=\"container-md list-item  \">\n<li>Zeitskalen k\u00f6nnen \u00fcbereinanderlegt und in verschiedenen Farben dargestellt werden, f\u00fcr eine \u00fcbersichtliche Anzeige.<\/li>\n<\/div>\n\n<div class=\"container-md list-item  \">\n<li>Trendkurven und Alarmen lassen sich unterschiedlich einbinden, um noch bessere Analysen zu erhalten.<\/li>\n<\/div><\/ul>\n<\/div>\n\n<div class=\"container-md spacer  \">\n<div style=\"height:40px\" aria-hidden=\"true\" class=\"wp-block-spacer\"><\/div>\n<\/div>\n\n<div class=\"container-md paragraph  \">\n<p><\/p>\n<\/div>","protected":false},"excerpt":{"rendered":"<p>Wir liefern Betriebs-, Digitalisierungs- und Informationsl\u00f6sungen f\u00fcr die Erzeugung von Strom, Fernw\u00e4rme, Fernk\u00e4lte, Windkraft, Wasserkraft und Solarenergie.<\/p>\n","protected":false},"author":15,"featured_media":2894,"parent":177,"menu_order":0,"comment_status":"closed","ping_status":"closed","template":"","meta":{"_acf_changed":false,"_relevanssi_hide_post":"","_relevanssi_pin_for_all":"","_relevanssi_pin_keywords":"","_relevanssi_unpin_keywords":"","_relevanssi_related_keywords":"","_relevanssi_related_include_ids":"","_relevanssi_related_exclude_ids":"","_relevanssi_related_no_append":"","_relevanssi_related_not_related":"","_relevanssi_related_posts":"3216,3208,3195,3220,3200","_relevanssi_noindex_reason":"","content-type":"","footnotes":""},"class_list":["post-2893","page","type-page","status-publish","has-post-thumbnail","hentry"],"acf":[],"yoast_head":"<!-- This site is optimized with the Yoast SEO plugin v27.4 - https:\/\/yoast.com\/product\/yoast-seo-wordpress\/ -->\n<title>L\u00f6sungen f\u00fcr den Energiesektor - Novotek Switzerland<\/title>\n<meta name=\"description\" content=\"Novotek Automatisierungs-, Digitalisierungs- und IT-L\u00f6sungen f\u00fcr die Erzeugung von Strom, Windkraft, Wasserkraft und Solarenergie.\" \/>\n<meta name=\"robots\" content=\"index, follow, max-snippet:-1, max-image-preview:large, max-video-preview:-1\" \/>\n<link rel=\"canonical\" href=\"https:\/\/www.novotek.com\/ch\/industrie\/strom-energie\/\" \/>\n<meta property=\"og:locale\" content=\"de_DE\" \/>\n<meta property=\"og:type\" content=\"article\" \/>\n<meta property=\"og:title\" content=\"L\u00f6sungen f\u00fcr den Energiesektor - Novotek Switzerland\" \/>\n<meta property=\"og:description\" content=\"Novotek Automatisierungs-, Digitalisierungs- und IT-L\u00f6sungen f\u00fcr die Erzeugung von Strom, Windkraft, Wasserkraft und Solarenergie.\" \/>\n<meta property=\"og:url\" content=\"https:\/\/www.novotek.com\/ch\/industrie\/strom-energie\/\" \/>\n<meta property=\"og:site_name\" content=\"Novotek CH\" \/>\n<meta property=\"article:modified_time\" content=\"2022-12-13T08:04:39+00:00\" \/>\n<meta property=\"og:image\" content=\"https:\/\/www.novotek.com\/ch\/wp-content\/uploads\/sites\/3\/2021\/Novotek_UK\/Industries\/Power_and_Energy\/fabio-comparelli-uq2E2V4LhCY-unsplash_duplex_cyan.png\" \/>\n\t<meta property=\"og:image:width\" content=\"2000\" \/>\n\t<meta property=\"og:image:height\" content=\"625\" \/>\n\t<meta property=\"og:image:type\" content=\"image\/png\" \/>\n<meta name=\"twitter:card\" content=\"summary_large_image\" \/>\n<meta name=\"twitter:label1\" content=\"Gesch\u00e4tzte Lesezeit\" \/>\n\t<meta name=\"twitter:data1\" content=\"4\u00a0Minuten\" \/>\n<script type=\"application\/ld+json\" class=\"yoast-schema-graph\">{\"@context\":\"https:\\\/\\\/schema.org\",\"@graph\":[{\"@type\":\"WebPage\",\"@id\":\"https:\\\/\\\/www.novotek.com\\\/ch\\\/industrie\\\/strom-energie\\\/\",\"url\":\"https:\\\/\\\/www.novotek.com\\\/ch\\\/industrie\\\/strom-energie\\\/\",\"name\":\"L\u00f6sungen f\u00fcr den Energiesektor - Novotek Switzerland\",\"isPartOf\":{\"@id\":\"https:\\\/\\\/www.novotek.com\\\/ch\\\/#website\"},\"primaryImageOfPage\":{\"@id\":\"https:\\\/\\\/www.novotek.com\\\/ch\\\/industrie\\\/strom-energie\\\/#primaryimage\"},\"image\":{\"@id\":\"https:\\\/\\\/www.novotek.com\\\/ch\\\/industrie\\\/strom-energie\\\/#primaryimage\"},\"thumbnailUrl\":\"https:\\\/\\\/www.novotek.com\\\/ch\\\/wp-content\\\/uploads\\\/sites\\\/3\\\/2021\\\/Novotek_UK\\\/Industries\\\/Power_and_Energy\\\/fabio-comparelli-uq2E2V4LhCY-unsplash_duplex_cyan.png\",\"datePublished\":\"2022-02-04T12:49:55+00:00\",\"dateModified\":\"2022-12-13T08:04:39+00:00\",\"description\":\"Novotek Automatisierungs-, Digitalisierungs- und IT-L\u00f6sungen f\u00fcr die Erzeugung von Strom, Windkraft, Wasserkraft und Solarenergie.\",\"breadcrumb\":{\"@id\":\"https:\\\/\\\/www.novotek.com\\\/ch\\\/industrie\\\/strom-energie\\\/#breadcrumb\"},\"inLanguage\":\"de-CH\",\"potentialAction\":[{\"@type\":\"ReadAction\",\"target\":[\"https:\\\/\\\/www.novotek.com\\\/ch\\\/industrie\\\/strom-energie\\\/\"]}]},{\"@type\":\"ImageObject\",\"inLanguage\":\"de-CH\",\"@id\":\"https:\\\/\\\/www.novotek.com\\\/ch\\\/industrie\\\/strom-energie\\\/#primaryimage\",\"url\":\"https:\\\/\\\/www.novotek.com\\\/ch\\\/wp-content\\\/uploads\\\/sites\\\/3\\\/2021\\\/Novotek_UK\\\/Industries\\\/Power_and_Energy\\\/fabio-comparelli-uq2E2V4LhCY-unsplash_duplex_cyan.png\",\"contentUrl\":\"https:\\\/\\\/www.novotek.com\\\/ch\\\/wp-content\\\/uploads\\\/sites\\\/3\\\/2021\\\/Novotek_UK\\\/Industries\\\/Power_and_Energy\\\/fabio-comparelli-uq2E2V4LhCY-unsplash_duplex_cyan.png\",\"width\":2000,\"height\":625,\"caption\":\"Strom und Energie\"},{\"@type\":\"BreadcrumbList\",\"@id\":\"https:\\\/\\\/www.novotek.com\\\/ch\\\/industrie\\\/strom-energie\\\/#breadcrumb\",\"itemListElement\":[{\"@type\":\"ListItem\",\"position\":1,\"name\":\"Home\",\"item\":\"https:\\\/\\\/www.novotek.com\\\/ch\\\/\"},{\"@type\":\"ListItem\",\"position\":2,\"name\":\"Industrie\",\"item\":\"https:\\\/\\\/www.novotek.com\\\/ch\\\/industrie\\\/\"},{\"@type\":\"ListItem\",\"position\":3,\"name\":\"Energie\"}]},{\"@type\":\"WebSite\",\"@id\":\"https:\\\/\\\/www.novotek.com\\\/ch\\\/#website\",\"url\":\"https:\\\/\\\/www.novotek.com\\\/ch\\\/\",\"name\":\"Novotek Switzerland AG\",\"description\":\"Connect - Digitalize - Optimize\",\"publisher\":{\"@id\":\"https:\\\/\\\/www.novotek.com\\\/ch\\\/#organization\"},\"potentialAction\":[{\"@type\":\"SearchAction\",\"target\":{\"@type\":\"EntryPoint\",\"urlTemplate\":\"https:\\\/\\\/www.novotek.com\\\/ch\\\/?s={search_term_string}\"},\"query-input\":{\"@type\":\"PropertyValueSpecification\",\"valueRequired\":true,\"valueName\":\"search_term_string\"}}],\"inLanguage\":\"de-CH\"},{\"@type\":\"Organization\",\"@id\":\"https:\\\/\\\/www.novotek.com\\\/ch\\\/#organization\",\"name\":\"Novotek Switzerland AG\",\"url\":\"https:\\\/\\\/www.novotek.com\\\/ch\\\/\",\"logo\":{\"@type\":\"ImageObject\",\"inLanguage\":\"de-CH\",\"@id\":\"https:\\\/\\\/www.novotek.com\\\/ch\\\/#\\\/schema\\\/logo\\\/image\\\/\",\"url\":\"https:\\\/\\\/www.novotek.com\\\/ch\\\/wp-content\\\/uploads\\\/sites\\\/3\\\/novotek-symbol-rgb-pos-white-border-512x512-1.png\",\"contentUrl\":\"https:\\\/\\\/www.novotek.com\\\/ch\\\/wp-content\\\/uploads\\\/sites\\\/3\\\/novotek-symbol-rgb-pos-white-border-512x512-1.png\",\"width\":512,\"height\":512,\"caption\":\"Novotek Switzerland AG\"},\"image\":{\"@id\":\"https:\\\/\\\/www.novotek.com\\\/ch\\\/#\\\/schema\\\/logo\\\/image\\\/\"}}]}<\/script>\n<!-- \/ Yoast SEO plugin. -->","yoast_head_json":{"title":"L\u00f6sungen f\u00fcr den Energiesektor - Novotek Switzerland","description":"Novotek Automatisierungs-, Digitalisierungs- und IT-L\u00f6sungen f\u00fcr die Erzeugung von Strom, Windkraft, Wasserkraft und Solarenergie.","robots":{"index":"index","follow":"follow","max-snippet":"max-snippet:-1","max-image-preview":"max-image-preview:large","max-video-preview":"max-video-preview:-1"},"canonical":"https:\/\/www.novotek.com\/ch\/industrie\/strom-energie\/","og_locale":"de_DE","og_type":"article","og_title":"L\u00f6sungen f\u00fcr den Energiesektor - Novotek Switzerland","og_description":"Novotek Automatisierungs-, Digitalisierungs- und IT-L\u00f6sungen f\u00fcr die Erzeugung von Strom, Windkraft, Wasserkraft und Solarenergie.","og_url":"https:\/\/www.novotek.com\/ch\/industrie\/strom-energie\/","og_site_name":"Novotek CH","article_modified_time":"2022-12-13T08:04:39+00:00","og_image":[{"width":2000,"height":625,"url":"https:\/\/www.novotek.com\/ch\/wp-content\/uploads\/sites\/3\/2021\/Novotek_UK\/Industries\/Power_and_Energy\/fabio-comparelli-uq2E2V4LhCY-unsplash_duplex_cyan.png","type":"image\/png"}],"twitter_card":"summary_large_image","twitter_misc":{"Gesch\u00e4tzte Lesezeit":"4\u00a0Minuten"},"schema":{"@context":"https:\/\/schema.org","@graph":[{"@type":"WebPage","@id":"https:\/\/www.novotek.com\/ch\/industrie\/strom-energie\/","url":"https:\/\/www.novotek.com\/ch\/industrie\/strom-energie\/","name":"L\u00f6sungen f\u00fcr den Energiesektor - Novotek Switzerland","isPartOf":{"@id":"https:\/\/www.novotek.com\/ch\/#website"},"primaryImageOfPage":{"@id":"https:\/\/www.novotek.com\/ch\/industrie\/strom-energie\/#primaryimage"},"image":{"@id":"https:\/\/www.novotek.com\/ch\/industrie\/strom-energie\/#primaryimage"},"thumbnailUrl":"https:\/\/www.novotek.com\/ch\/wp-content\/uploads\/sites\/3\/2021\/Novotek_UK\/Industries\/Power_and_Energy\/fabio-comparelli-uq2E2V4LhCY-unsplash_duplex_cyan.png","datePublished":"2022-02-04T12:49:55+00:00","dateModified":"2022-12-13T08:04:39+00:00","description":"Novotek Automatisierungs-, Digitalisierungs- und IT-L\u00f6sungen f\u00fcr die Erzeugung von Strom, Windkraft, Wasserkraft und Solarenergie.","breadcrumb":{"@id":"https:\/\/www.novotek.com\/ch\/industrie\/strom-energie\/#breadcrumb"},"inLanguage":"de-CH","potentialAction":[{"@type":"ReadAction","target":["https:\/\/www.novotek.com\/ch\/industrie\/strom-energie\/"]}]},{"@type":"ImageObject","inLanguage":"de-CH","@id":"https:\/\/www.novotek.com\/ch\/industrie\/strom-energie\/#primaryimage","url":"https:\/\/www.novotek.com\/ch\/wp-content\/uploads\/sites\/3\/2021\/Novotek_UK\/Industries\/Power_and_Energy\/fabio-comparelli-uq2E2V4LhCY-unsplash_duplex_cyan.png","contentUrl":"https:\/\/www.novotek.com\/ch\/wp-content\/uploads\/sites\/3\/2021\/Novotek_UK\/Industries\/Power_and_Energy\/fabio-comparelli-uq2E2V4LhCY-unsplash_duplex_cyan.png","width":2000,"height":625,"caption":"Strom und Energie"},{"@type":"BreadcrumbList","@id":"https:\/\/www.novotek.com\/ch\/industrie\/strom-energie\/#breadcrumb","itemListElement":[{"@type":"ListItem","position":1,"name":"Home","item":"https:\/\/www.novotek.com\/ch\/"},{"@type":"ListItem","position":2,"name":"Industrie","item":"https:\/\/www.novotek.com\/ch\/industrie\/"},{"@type":"ListItem","position":3,"name":"Energie"}]},{"@type":"WebSite","@id":"https:\/\/www.novotek.com\/ch\/#website","url":"https:\/\/www.novotek.com\/ch\/","name":"Novotek Switzerland AG","description":"Connect - Digitalize - Optimize","publisher":{"@id":"https:\/\/www.novotek.com\/ch\/#organization"},"potentialAction":[{"@type":"SearchAction","target":{"@type":"EntryPoint","urlTemplate":"https:\/\/www.novotek.com\/ch\/?s={search_term_string}"},"query-input":{"@type":"PropertyValueSpecification","valueRequired":true,"valueName":"search_term_string"}}],"inLanguage":"de-CH"},{"@type":"Organization","@id":"https:\/\/www.novotek.com\/ch\/#organization","name":"Novotek Switzerland AG","url":"https:\/\/www.novotek.com\/ch\/","logo":{"@type":"ImageObject","inLanguage":"de-CH","@id":"https:\/\/www.novotek.com\/ch\/#\/schema\/logo\/image\/","url":"https:\/\/www.novotek.com\/ch\/wp-content\/uploads\/sites\/3\/novotek-symbol-rgb-pos-white-border-512x512-1.png","contentUrl":"https:\/\/www.novotek.com\/ch\/wp-content\/uploads\/sites\/3\/novotek-symbol-rgb-pos-white-border-512x512-1.png","width":512,"height":512,"caption":"Novotek Switzerland AG"},"image":{"@id":"https:\/\/www.novotek.com\/ch\/#\/schema\/logo\/image\/"}}]}},"_links":{"self":[{"href":"https:\/\/www.novotek.com\/ch\/wp-json\/wp\/v2\/pages\/2893","targetHints":{"allow":["GET"]}}],"collection":[{"href":"https:\/\/www.novotek.com\/ch\/wp-json\/wp\/v2\/pages"}],"about":[{"href":"https:\/\/www.novotek.com\/ch\/wp-json\/wp\/v2\/types\/page"}],"author":[{"embeddable":true,"href":"https:\/\/www.novotek.com\/ch\/wp-json\/wp\/v2\/users\/15"}],"replies":[{"embeddable":true,"href":"https:\/\/www.novotek.com\/ch\/wp-json\/wp\/v2\/comments?post=2893"}],"version-history":[{"count":55,"href":"https:\/\/www.novotek.com\/ch\/wp-json\/wp\/v2\/pages\/2893\/revisions"}],"predecessor-version":[{"id":13282,"href":"https:\/\/www.novotek.com\/ch\/wp-json\/wp\/v2\/pages\/2893\/revisions\/13282"}],"up":[{"embeddable":true,"href":"https:\/\/www.novotek.com\/ch\/wp-json\/wp\/v2\/pages\/177"}],"wp:featuredmedia":[{"embeddable":true,"href":"https:\/\/www.novotek.com\/ch\/wp-json\/wp\/v2\/media\/2894"}],"wp:attachment":[{"href":"https:\/\/www.novotek.com\/ch\/wp-json\/wp\/v2\/media?parent=2893"}],"curies":[{"name":"wp","href":"https:\/\/api.w.org\/{rel}","templated":true}]}}