{"id":2925,"date":"2022-02-04T13:45:00","date_gmt":"2022-02-04T13:45:00","guid":{"rendered":"http:\/\/ch.novotek-multi.dev4.mildmedia-dev.eu\/industrie\/biowissenschaften\/"},"modified":"2025-03-07T15:49:54","modified_gmt":"2025-03-07T15:49:54","slug":"pharma-biotec","status":"publish","type":"page","link":"https:\/\/www.novotek.com\/ch\/industrie\/pharma-biotec\/","title":{"rendered":"Pharma &amp; Biotech"},"content":{"rendered":"  <div class=\"hero\">\n    <div class=\"carousel hero-slider small\" data-flickity data-flickity-options='{\"prevNextButtons\": false}'>\n              <div class=\"carousel-cell\">\n          <div class=\"container\">\n            <div class=\"hero-content\">\n                              <h1>Pharma &amp; Biotech<\/h1>\n<p>Dank langj\u00e4hriger Erfahrung bietet Novotek gezielt branchenspezifische L\u00f6sungen zertifiziert nach <strong>21 CFR Part 11<\/strong> mit speziellem Augenmerk auf R\u00fcckverfolgbarkeit, elektronische Signaturen, (Daten)Sicherheit und Reportings.<\/p>\n              \n                          <\/div>\n          <\/div>\n\n          <img decoding=\"async\" width=\"1024\" height=\"427\" src=\"https:\/\/www.novotek.com\/ch\/wp-content\/uploads\/sites\/3\/shutterstock_1268263651_ROB-EX_mock-up-Duplex_cyan_1920x800px_NEW-1024x427.jpg.webp\" class=\"hero-bg\" alt=\"Hero Img\" fetchpriority=\"high\" srcset=\"https:\/\/www.novotek.com\/ch\/wp-content\/uploads\/sites\/3\/shutterstock_1268263651_ROB-EX_mock-up-Duplex_cyan_1920x800px_NEW-1024x427.jpg.webp 1024w, https:\/\/www.novotek.com\/ch\/wp-content\/uploads\/sites\/3\/shutterstock_1268263651_ROB-EX_mock-up-Duplex_cyan_1920x800px_NEW-300x125.jpg.webp 300w, https:\/\/www.novotek.com\/ch\/wp-content\/uploads\/sites\/3\/shutterstock_1268263651_ROB-EX_mock-up-Duplex_cyan_1920x800px_NEW-768x320.jpg.webp 768w, https:\/\/www.novotek.com\/ch\/wp-content\/uploads\/sites\/3\/shutterstock_1268263651_ROB-EX_mock-up-Duplex_cyan_1920x800px_NEW-1536x640.jpg.webp 1536w, https:\/\/www.novotek.com\/ch\/wp-content\/uploads\/sites\/3\/shutterstock_1268263651_ROB-EX_mock-up-Duplex_cyan_1920x800px_NEW.jpg.webp 1920w\" sizes=\"(max-width: 1024px) 100vw, 1024px\" \/>                  <\/div>\n          <\/div>\n\n      <\/div>\n\n   \n\n\n<div class=\"container-md group  \">\n<div class=\"wp-block-group\"><div class=\"wp-block-group__inner-container is-layout-flow wp-block-group-is-layout-flow\"><div class=\"container-md paragraph  \">\n<p>Die Pharmaindustrie ist eine der Branchen, wo wir eine langj\u00e4hrige Zusammenarbeit mit entsprechender Erfahrung ausweisen k\u00f6nnen. In diesem komplexes Umfeld sind die Einhaltung korrekter Verfahren und die Aufzeichnung der durchgef\u00fchrten Ma\u00dfnahmen von entscheidender Bedeutung. Dank digitaler Anweisungen, elektronischer Signatur und R\u00fcckverfolgbarkeit im Prozess, werden Fehler vermieden, Ursachen rasch erkannt und neue Mitarbeiter schnell und sicher in die Arbeitsschritte eingef\u00fchrt. <\/p>\n<\/div>\n\n<div class=\"container-md paragraph  \">\n<p>Unsere L\u00f6sungen basieren auf markterprobten Produkte welche ihre Tauglichkeit beim langj\u00e4hrigen Einsatz bereits mehr als bewiesen haben. Alle Produkte entsprechen den Normen der FDA nach CRF 21 Part 11. <\/p>\n<\/div>\n\n<div class=\"container-md spacer  \">\n<div style=\"height:30px\" aria-hidden=\"true\" class=\"wp-block-spacer\"><\/div>\n<\/div><\/div>\n<\/div><\/div>\n\n<div class=\"container media-text  alignwide\">\n<div class=\"wp-block-media-text alignwide has-media-on-the-right is-stacked-on-mobile\" style=\"grid-template-columns:auto 40%\"><div class=\"wp-block-media-text__content\"><div class=\"container-md heading  \">\n<h2 class=\"wp-block-heading\" id=\"h-so-losen-wir-ihre-herausforderungen\">So l\u00f6sen wir Ihre Herausforderungen<\/h2>\n<\/div>\n\n<div class=\"container-md paragraph  \">\n<p>Die Bedingungen in den Gesundheitsm\u00e4rkten versch\u00e4rfen sich immer weiter. Und so wird die Konzentration auf den Fertigungsbetrieb, als Quelle f\u00fcr neue Wettbewerbsvorteile, immer wichtiger. Die Proficy Produktfamilie von <br>GE Vernova bietet eine Reihe von L\u00f6sungen, die darauf ausgelegt sind, tiefe Einblicke in die Interaktion von Inhaltsstoffen und Ausr\u00fcstung zu geben. Proficy ist die ideale Plattform, welche die umfangreichen Anforderungen der Pharma- und Biotech-Industrie erf\u00fcllt. Diese reichen von grundlegenden Chargenausf\u00fchrung und -kontrolle \u00fcber Prozessanalysen bis hin zum Workflow-Management zur Unterst\u00fctzung von CAPA-Behandlungen.<\/p>\n<\/div><\/div><figure class=\"wp-block-media-text__media\"><img loading=\"lazy\" decoding=\"async\" width=\"900\" height=\"600\" src=\"https:\/\/www.novotek.com\/ch\/wp-content\/uploads\/sites\/3\/pharma-industrie-digitale-loesungen.jpg\" alt=\"Digitale L\u00f6sungen f\u00fcr die Pharmaindustrie\" class=\"wp-image-8934 size-full\" srcset=\"https:\/\/www.novotek.com\/ch\/wp-content\/uploads\/sites\/3\/pharma-industrie-digitale-loesungen.jpg 900w, https:\/\/www.novotek.com\/ch\/wp-content\/uploads\/sites\/3\/pharma-industrie-digitale-loesungen-300x200.jpg 300w, https:\/\/www.novotek.com\/ch\/wp-content\/uploads\/sites\/3\/pharma-industrie-digitale-loesungen-768x512.jpg 768w\" sizes=\"auto, (max-width: 900px) 100vw, 900px\" \/><\/figure><\/div>\n<\/div>\n\n<div class=\"container-md spacer  \">\n<div style=\"height:30px\" aria-hidden=\"true\" class=\"wp-block-spacer\"><\/div>\n<\/div>\n\n<div class=\"container-md heading  \">\n<h3 class=\"wp-block-heading\" id=\"h-ruckverfolgbarkeit\">R\u00fcckverfolgbarkeit<\/h3>\n<\/div>\n\n<div class=\"container-md paragraph  \">\n<p>Erhalten Sie den Einblick in den Produktfluss den Sie brauchen um richtige Entscheidungen zu treffen. Verfolgen Sie die Produktion anhand von Spezifikationen, Ausr\u00fcstung und Zeitpl\u00e4nen.&nbsp;Greifen Sie auf detaillierte Tracking-Daten zu, um eine umfassende, chargenbasierte oder langfristige Analyse zu erhalten.<\/p>\n<\/div>\n\n<div class=\"container-md paragraph  \">\n<p><a href=\"https:\/\/www.novotek.com\/ch\/smart-factory-mes\/proficy-plant-applications\/\"><strong>Proficy Plant Applications<\/strong><\/a>&nbsp;ist eine leistungsstarke MES-Software, die eine durchg\u00e4ngigen \u00dcbersicht und Steuerung Ihrer Prozesse und hergestellten Produkte bietet. Sie lieferte wichtige Informationen, wie Herkunft, Qualit\u00e4t und Personal \u2013 vom Rohmaterial bis zum fertigen Produkt.<\/p>\n<\/div>\n\n<div class=\"container-md spacer  \">\n<div style=\"height:30px\" aria-hidden=\"true\" class=\"wp-block-spacer\"><\/div>\n<\/div>\n\n<div class=\"container-md heading  \">\n<h3 class=\"wp-block-heading\" id=\"h-qualitat\">Qualit\u00e4t<\/h3>\n<\/div>\n\n<div class=\"container-md paragraph  \">\n<p>Egal ob Sie eine statistische Prozesskontrolle oder eine Prozess-F\u00e4higkeitsanalyse durchf\u00fchren, Regelkarten erstellen oder eine j\u00e4hrliche Produkt\u00fcberpr\u00fcfung vornehmen, Proficy Plant Applications gibt Ihnen Zugriff auf entsprechende Daten und die notwendigen Tools.<\/p>\n<\/div>\n\n<div class=\"container-md paragraph  \">\n<p>Proficy Plant Applications verfolgt und \u00fcberwacht Ihre Produkt- und Prozessqualit\u00e4t in Echtzeit, anhand von Daten aus allen m\u00f6glichen Quellen. Egal ob diese Informationen \u00fcber manuelle Eingabe  oder automatisch erhoben werden. Die Software erfasst und analysiert Ursachencodes, Prozesswerte, Forschungsnotizen sowie Rezept-, Chargen- und Materialinformationen, um Probleme rechtzeitig zu identifizieren und deren Ursachen rasch zu ermitteln.&nbsp;Bei falscher Dateneingabe oder fehlender Datenerfassung werden Fehlermeldungen sofort angezeigt und k\u00f6nnen nur \u00fcber die elektronische Signaturfunktion quittiert werden. <\/p>\n<\/div>\n\n<div class=\"container-md spacer  \">\n<div style=\"height:30px\" aria-hidden=\"true\" class=\"wp-block-spacer\"><\/div>\n<\/div>\n\n<div class=\"container media-text  alignwide\">\n<div class=\"wp-block-media-text alignwide has-media-on-the-right is-stacked-on-mobile\" style=\"grid-template-columns:auto 40%\"><div class=\"wp-block-media-text__content\"><div class=\"container-md heading  \">\n<h3 class=\"wp-block-heading\" id=\"h-operative-exzellenz\">Operative Exzellenz<\/h3>\n<\/div>\n\n<div class=\"container-md paragraph  \">\n<p>Anfang 2000 begann die Food &amp; Drug Administration nach M\u00f6glichkeiten zu suchen, die Unternehmen bei der Verbesserung ihrer Herstellungsprozesse unter gleichzeitiger Einhaltung der Vorschriften zu unterst\u00fctzen.&nbsp;Das Ergebnis waren zwei Leitf\u00e4den: PAT und cGMPs f\u00fcr das 21. Jahrhundert.<\/p>\n<\/div>\n\n<div class=\"container-md paragraph  \">\n<p>Unternehmen wie McNeil, Teil von Pfizer, setzen Proficy Plant Applications ein, um die&nbsp;Effizienz (OEE)&nbsp;ihrer Verpackungslinien zu steigern.&nbsp;Proficy Plant Applications identifiziert Bereiche, die betriebliche Ineffizienzen verursachen und unterst\u00fctzt den Anwender darin, diese zu erkennen und zu minimieren. <\/p>\n<\/div><\/div><figure class=\"wp-block-media-text__media\"><img loading=\"lazy\" decoding=\"async\" width=\"900\" height=\"600\" src=\"https:\/\/www.novotek.com\/ch\/wp-content\/uploads\/sites\/3\/Biotec.jpg\" alt=\"\" class=\"wp-image-8938 size-full\" srcset=\"https:\/\/www.novotek.com\/ch\/wp-content\/uploads\/sites\/3\/Biotec.jpg 900w, https:\/\/www.novotek.com\/ch\/wp-content\/uploads\/sites\/3\/Biotec-300x200.jpg 300w, https:\/\/www.novotek.com\/ch\/wp-content\/uploads\/sites\/3\/Biotec-768x512.jpg 768w\" sizes=\"auto, (max-width: 900px) 100vw, 900px\" \/><\/figure><\/div>\n<\/div>\n\n<div class=\"container-md spacer  \">\n<div style=\"height:50px\" aria-hidden=\"true\" class=\"wp-block-spacer\"><\/div>\n<\/div>","protected":false},"excerpt":{"rendered":"<p>Die Pharmaindustrie ist eine der Branchen, mit denen wir am l\u00e4ngsten zusammenarbeiten. Wir liefern CFR21 Part 11-zertifizierte L\u00f6sungen mit Modulen f\u00fcr R\u00fcckverfolgbarkeit, elektronische Signatur, Sicherheit und Reporting-Tools.<\/p>\n","protected":false},"author":15,"featured_media":0,"parent":177,"menu_order":3,"comment_status":"closed","ping_status":"closed","template":"","meta":{"_acf_changed":false,"_relevanssi_hide_post":"","_relevanssi_pin_for_all":"","_relevanssi_pin_keywords":"","_relevanssi_unpin_keywords":"","_relevanssi_related_keywords":"","_relevanssi_related_include_ids":"","_relevanssi_related_exclude_ids":"","_relevanssi_related_no_append":"","_relevanssi_related_not_related":"","_relevanssi_related_posts":"3220,3195,3208,3200,3216","_relevanssi_noindex_reason":"","content-type":"","footnotes":""},"class_list":["post-2925","page","type-page","status-publish","hentry"],"acf":[],"yoast_head":"<!-- This site is optimized with the Yoast SEO plugin v27.4 - https:\/\/yoast.com\/product\/yoast-seo-wordpress\/ -->\n<title>Pharma &amp; Biotech - Novotek CH<\/title>\n<meta name=\"description\" content=\"F\u00fcr die Pharma liefern wir CFR21 Part 11-zert. L\u00f6sungen mit Modulen f\u00fcr R\u00fcckverfolgbarkeit, elektronische Signatur, Sicherheit, Reporting...\" \/>\n<meta name=\"robots\" content=\"index, follow, max-snippet:-1, max-image-preview:large, max-video-preview:-1\" \/>\n<link rel=\"canonical\" href=\"https:\/\/www.novotek.com\/ch\/industrie\/pharma-biotec\/\" \/>\n<meta property=\"og:locale\" content=\"de_DE\" \/>\n<meta property=\"og:type\" content=\"article\" \/>\n<meta property=\"og:title\" content=\"Pharma &amp; Biotech - Novotek CH\" \/>\n<meta property=\"og:description\" content=\"F\u00fcr die Pharma liefern wir CFR21 Part 11-zert. L\u00f6sungen mit Modulen f\u00fcr R\u00fcckverfolgbarkeit, elektronische Signatur, Sicherheit, Reporting...\" \/>\n<meta property=\"og:url\" content=\"https:\/\/www.novotek.com\/ch\/industrie\/pharma-biotec\/\" \/>\n<meta property=\"og:site_name\" content=\"Novotek CH\" \/>\n<meta property=\"article:modified_time\" content=\"2025-03-07T15:49:54+00:00\" \/>\n<meta property=\"og:image\" content=\"https:\/\/www.novotek.com\/ch\/wp-content\/uploads\/sites\/3\/pharma-industrie-digitale-loesungen.jpg\" \/>\n<meta name=\"twitter:card\" content=\"summary_large_image\" \/>\n<meta name=\"twitter:label1\" content=\"Gesch\u00e4tzte Lesezeit\" \/>\n\t<meta name=\"twitter:data1\" content=\"3\u00a0Minuten\" \/>\n<script type=\"application\/ld+json\" class=\"yoast-schema-graph\">{\"@context\":\"https:\\\/\\\/schema.org\",\"@graph\":[{\"@type\":\"WebPage\",\"@id\":\"https:\\\/\\\/www.novotek.com\\\/ch\\\/industrie\\\/pharma-biotec\\\/\",\"url\":\"https:\\\/\\\/www.novotek.com\\\/ch\\\/industrie\\\/pharma-biotec\\\/\",\"name\":\"Pharma &amp; Biotech - Novotek CH\",\"isPartOf\":{\"@id\":\"https:\\\/\\\/www.novotek.com\\\/ch\\\/#website\"},\"primaryImageOfPage\":{\"@id\":\"https:\\\/\\\/www.novotek.com\\\/ch\\\/industrie\\\/pharma-biotec\\\/#primaryimage\"},\"image\":{\"@id\":\"https:\\\/\\\/www.novotek.com\\\/ch\\\/industrie\\\/pharma-biotec\\\/#primaryimage\"},\"thumbnailUrl\":\"https:\\\/\\\/www.novotek.com\\\/ch\\\/wp-content\\\/uploads\\\/sites\\\/3\\\/pharma-industrie-digitale-loesungen.jpg\",\"datePublished\":\"2022-02-04T13:45:00+00:00\",\"dateModified\":\"2025-03-07T15:49:54+00:00\",\"description\":\"F\u00fcr die Pharma liefern wir CFR21 Part 11-zert. L\u00f6sungen mit Modulen f\u00fcr R\u00fcckverfolgbarkeit, elektronische Signatur, Sicherheit, Reporting...\",\"breadcrumb\":{\"@id\":\"https:\\\/\\\/www.novotek.com\\\/ch\\\/industrie\\\/pharma-biotec\\\/#breadcrumb\"},\"inLanguage\":\"de-CH\",\"potentialAction\":[{\"@type\":\"ReadAction\",\"target\":[\"https:\\\/\\\/www.novotek.com\\\/ch\\\/industrie\\\/pharma-biotec\\\/\"]}]},{\"@type\":\"ImageObject\",\"inLanguage\":\"de-CH\",\"@id\":\"https:\\\/\\\/www.novotek.com\\\/ch\\\/industrie\\\/pharma-biotec\\\/#primaryimage\",\"url\":\"https:\\\/\\\/www.novotek.com\\\/ch\\\/wp-content\\\/uploads\\\/sites\\\/3\\\/pharma-industrie-digitale-loesungen.jpg.webp\",\"contentUrl\":\"https:\\\/\\\/www.novotek.com\\\/ch\\\/wp-content\\\/uploads\\\/sites\\\/3\\\/pharma-industrie-digitale-loesungen.jpg.webp\",\"width\":900,\"height\":600,\"caption\":\"Digitale L\u00f6sungen f\u00fcr die Pharmaindustrie\"},{\"@type\":\"BreadcrumbList\",\"@id\":\"https:\\\/\\\/www.novotek.com\\\/ch\\\/industrie\\\/pharma-biotec\\\/#breadcrumb\",\"itemListElement\":[{\"@type\":\"ListItem\",\"position\":1,\"name\":\"Home\",\"item\":\"https:\\\/\\\/www.novotek.com\\\/ch\\\/\"},{\"@type\":\"ListItem\",\"position\":2,\"name\":\"Industrie\",\"item\":\"https:\\\/\\\/www.novotek.com\\\/ch\\\/industrie\\\/\"},{\"@type\":\"ListItem\",\"position\":3,\"name\":\"Pharma &amp; Biotech\"}]},{\"@type\":\"WebSite\",\"@id\":\"https:\\\/\\\/www.novotek.com\\\/ch\\\/#website\",\"url\":\"https:\\\/\\\/www.novotek.com\\\/ch\\\/\",\"name\":\"Novotek Switzerland AG\",\"description\":\"Connect - Digitalize - Optimize\",\"publisher\":{\"@id\":\"https:\\\/\\\/www.novotek.com\\\/ch\\\/#organization\"},\"potentialAction\":[{\"@type\":\"SearchAction\",\"target\":{\"@type\":\"EntryPoint\",\"urlTemplate\":\"https:\\\/\\\/www.novotek.com\\\/ch\\\/?s={search_term_string}\"},\"query-input\":{\"@type\":\"PropertyValueSpecification\",\"valueRequired\":true,\"valueName\":\"search_term_string\"}}],\"inLanguage\":\"de-CH\"},{\"@type\":\"Organization\",\"@id\":\"https:\\\/\\\/www.novotek.com\\\/ch\\\/#organization\",\"name\":\"Novotek Switzerland AG\",\"url\":\"https:\\\/\\\/www.novotek.com\\\/ch\\\/\",\"logo\":{\"@type\":\"ImageObject\",\"inLanguage\":\"de-CH\",\"@id\":\"https:\\\/\\\/www.novotek.com\\\/ch\\\/#\\\/schema\\\/logo\\\/image\\\/\",\"url\":\"https:\\\/\\\/www.novotek.com\\\/ch\\\/wp-content\\\/uploads\\\/sites\\\/3\\\/novotek-symbol-rgb-pos-white-border-512x512-1.png\",\"contentUrl\":\"https:\\\/\\\/www.novotek.com\\\/ch\\\/wp-content\\\/uploads\\\/sites\\\/3\\\/novotek-symbol-rgb-pos-white-border-512x512-1.png\",\"width\":512,\"height\":512,\"caption\":\"Novotek Switzerland AG\"},\"image\":{\"@id\":\"https:\\\/\\\/www.novotek.com\\\/ch\\\/#\\\/schema\\\/logo\\\/image\\\/\"}}]}<\/script>\n<!-- \/ Yoast SEO plugin. -->","yoast_head_json":{"title":"Pharma &amp; Biotech - Novotek CH","description":"F\u00fcr die Pharma liefern wir CFR21 Part 11-zert. L\u00f6sungen mit Modulen f\u00fcr R\u00fcckverfolgbarkeit, elektronische Signatur, Sicherheit, Reporting...","robots":{"index":"index","follow":"follow","max-snippet":"max-snippet:-1","max-image-preview":"max-image-preview:large","max-video-preview":"max-video-preview:-1"},"canonical":"https:\/\/www.novotek.com\/ch\/industrie\/pharma-biotec\/","og_locale":"de_DE","og_type":"article","og_title":"Pharma &amp; Biotech - Novotek CH","og_description":"F\u00fcr die Pharma liefern wir CFR21 Part 11-zert. L\u00f6sungen mit Modulen f\u00fcr R\u00fcckverfolgbarkeit, elektronische Signatur, Sicherheit, Reporting...","og_url":"https:\/\/www.novotek.com\/ch\/industrie\/pharma-biotec\/","og_site_name":"Novotek CH","article_modified_time":"2025-03-07T15:49:54+00:00","og_image":[{"url":"https:\/\/www.novotek.com\/ch\/wp-content\/uploads\/sites\/3\/pharma-industrie-digitale-loesungen.jpg","type":"","width":"","height":""}],"twitter_card":"summary_large_image","twitter_misc":{"Gesch\u00e4tzte Lesezeit":"3\u00a0Minuten"},"schema":{"@context":"https:\/\/schema.org","@graph":[{"@type":"WebPage","@id":"https:\/\/www.novotek.com\/ch\/industrie\/pharma-biotec\/","url":"https:\/\/www.novotek.com\/ch\/industrie\/pharma-biotec\/","name":"Pharma &amp; Biotech - Novotek CH","isPartOf":{"@id":"https:\/\/www.novotek.com\/ch\/#website"},"primaryImageOfPage":{"@id":"https:\/\/www.novotek.com\/ch\/industrie\/pharma-biotec\/#primaryimage"},"image":{"@id":"https:\/\/www.novotek.com\/ch\/industrie\/pharma-biotec\/#primaryimage"},"thumbnailUrl":"https:\/\/www.novotek.com\/ch\/wp-content\/uploads\/sites\/3\/pharma-industrie-digitale-loesungen.jpg","datePublished":"2022-02-04T13:45:00+00:00","dateModified":"2025-03-07T15:49:54+00:00","description":"F\u00fcr die Pharma liefern wir CFR21 Part 11-zert. L\u00f6sungen mit Modulen f\u00fcr R\u00fcckverfolgbarkeit, elektronische Signatur, Sicherheit, Reporting...","breadcrumb":{"@id":"https:\/\/www.novotek.com\/ch\/industrie\/pharma-biotec\/#breadcrumb"},"inLanguage":"de-CH","potentialAction":[{"@type":"ReadAction","target":["https:\/\/www.novotek.com\/ch\/industrie\/pharma-biotec\/"]}]},{"@type":"ImageObject","inLanguage":"de-CH","@id":"https:\/\/www.novotek.com\/ch\/industrie\/pharma-biotec\/#primaryimage","url":"https:\/\/www.novotek.com\/ch\/wp-content\/uploads\/sites\/3\/pharma-industrie-digitale-loesungen.jpg.webp","contentUrl":"https:\/\/www.novotek.com\/ch\/wp-content\/uploads\/sites\/3\/pharma-industrie-digitale-loesungen.jpg.webp","width":900,"height":600,"caption":"Digitale L\u00f6sungen f\u00fcr die Pharmaindustrie"},{"@type":"BreadcrumbList","@id":"https:\/\/www.novotek.com\/ch\/industrie\/pharma-biotec\/#breadcrumb","itemListElement":[{"@type":"ListItem","position":1,"name":"Home","item":"https:\/\/www.novotek.com\/ch\/"},{"@type":"ListItem","position":2,"name":"Industrie","item":"https:\/\/www.novotek.com\/ch\/industrie\/"},{"@type":"ListItem","position":3,"name":"Pharma &amp; Biotech"}]},{"@type":"WebSite","@id":"https:\/\/www.novotek.com\/ch\/#website","url":"https:\/\/www.novotek.com\/ch\/","name":"Novotek Switzerland AG","description":"Connect - Digitalize - Optimize","publisher":{"@id":"https:\/\/www.novotek.com\/ch\/#organization"},"potentialAction":[{"@type":"SearchAction","target":{"@type":"EntryPoint","urlTemplate":"https:\/\/www.novotek.com\/ch\/?s={search_term_string}"},"query-input":{"@type":"PropertyValueSpecification","valueRequired":true,"valueName":"search_term_string"}}],"inLanguage":"de-CH"},{"@type":"Organization","@id":"https:\/\/www.novotek.com\/ch\/#organization","name":"Novotek Switzerland AG","url":"https:\/\/www.novotek.com\/ch\/","logo":{"@type":"ImageObject","inLanguage":"de-CH","@id":"https:\/\/www.novotek.com\/ch\/#\/schema\/logo\/image\/","url":"https:\/\/www.novotek.com\/ch\/wp-content\/uploads\/sites\/3\/novotek-symbol-rgb-pos-white-border-512x512-1.png","contentUrl":"https:\/\/www.novotek.com\/ch\/wp-content\/uploads\/sites\/3\/novotek-symbol-rgb-pos-white-border-512x512-1.png","width":512,"height":512,"caption":"Novotek Switzerland AG"},"image":{"@id":"https:\/\/www.novotek.com\/ch\/#\/schema\/logo\/image\/"}}]}},"_links":{"self":[{"href":"https:\/\/www.novotek.com\/ch\/wp-json\/wp\/v2\/pages\/2925","targetHints":{"allow":["GET"]}}],"collection":[{"href":"https:\/\/www.novotek.com\/ch\/wp-json\/wp\/v2\/pages"}],"about":[{"href":"https:\/\/www.novotek.com\/ch\/wp-json\/wp\/v2\/types\/page"}],"author":[{"embeddable":true,"href":"https:\/\/www.novotek.com\/ch\/wp-json\/wp\/v2\/users\/15"}],"replies":[{"embeddable":true,"href":"https:\/\/www.novotek.com\/ch\/wp-json\/wp\/v2\/comments?post=2925"}],"version-history":[{"count":52,"href":"https:\/\/www.novotek.com\/ch\/wp-json\/wp\/v2\/pages\/2925\/revisions"}],"predecessor-version":[{"id":25421,"href":"https:\/\/www.novotek.com\/ch\/wp-json\/wp\/v2\/pages\/2925\/revisions\/25421"}],"up":[{"embeddable":true,"href":"https:\/\/www.novotek.com\/ch\/wp-json\/wp\/v2\/pages\/177"}],"wp:attachment":[{"href":"https:\/\/www.novotek.com\/ch\/wp-json\/wp\/v2\/media?parent=2925"}],"curies":[{"name":"wp","href":"https:\/\/api.w.org\/{rel}","templated":true}]}}