{"id":2942,"date":"2022-02-04T13:45:16","date_gmt":"2022-02-04T13:45:16","guid":{"rendered":"http:\/\/ch.novotek-multi.dev4.mildmedia-dev.eu\/industrie\/wasser-und-abwasser\/"},"modified":"2025-09-29T13:54:44","modified_gmt":"2025-09-29T13:54:44","slug":"umwelttechnik","status":"publish","type":"page","link":"https:\/\/www.novotek.com\/ch\/industrie\/umwelttechnik\/","title":{"rendered":"Umwelttechnik"},"content":{"rendered":"  <div class=\"hero\">\n    <div class=\"carousel hero-slider small\" data-flickity data-flickity-options='{\"prevNextButtons\": false}'>\n              <div class=\"carousel-cell\">\n          <div class=\"container\">\n            <div class=\"hero-content\">\n                              <h1>Umwelttechnik<\/h1>\n<p>Gemeinsam mit unseren Lieferanten entwickeln wir seit mehr als 35 Jahren Komplettl\u00f6sungen f\u00fcr die Umwelttechnik. Dank der richtigen Digitalisierungsstrategie erreichen Sie eine flexible und zukunftssichere L\u00f6sung, welche die Anforderungen an die Langlebigkeit und die Kreislaufwirtschaft ber\u00fccksichtigt.<\/p>\n              \n                          <\/div>\n          <\/div>\n\n          <img decoding=\"async\" width=\"1024\" height=\"320\" src=\"https:\/\/www.novotek.com\/ch\/wp-content\/uploads\/sites\/3\/Water_and_wastewater_1920x800_NEW-1-1024x320.jpg.webp\" class=\"hero-bg\" alt=\"Hero Img\" fetchpriority=\"high\" srcset=\"https:\/\/www.novotek.com\/ch\/wp-content\/uploads\/sites\/3\/Water_and_wastewater_1920x800_NEW-1-1024x320.jpg.webp 1024w, https:\/\/www.novotek.com\/ch\/wp-content\/uploads\/sites\/3\/Water_and_wastewater_1920x800_NEW-1-300x94.jpg.webp 300w, https:\/\/www.novotek.com\/ch\/wp-content\/uploads\/sites\/3\/Water_and_wastewater_1920x800_NEW-1-768x240.jpg.webp 768w, https:\/\/www.novotek.com\/ch\/wp-content\/uploads\/sites\/3\/Water_and_wastewater_1920x800_NEW-1-1536x480.jpg.webp 1536w, https:\/\/www.novotek.com\/ch\/wp-content\/uploads\/sites\/3\/Water_and_wastewater_1920x800_NEW-1.jpg.webp 1920w\" sizes=\"(max-width: 1024px) 100vw, 1024px\" \/>                  <\/div>\n          <\/div>\n\n      <\/div>\n\n   \n\n\n<div class=\"container-md paragraph  \">\n<p><a href=\"https:\/\/www.novotek.com\/ch\/hmi-scada\/proficy-ifix\/\"><strong>Proficy iFIX<\/strong><\/a>&nbsp;von GE Vernova ist eines der am h\u00e4ufigsten verwendeten SCADA-\/Betriebsleitsysteme in Wasser- und Abwasseranlagen.&nbsp;Wichtige Anforderungen an ein modernes Bediensystem sind die flexible Kommunikation \u00fcber Ethernet, RS232\/RS422\/RS485, Funk und GSM.&nbsp;Novotek war an der Entwicklung vieler Arten von Protokollen beteiligt, unter anderem f\u00fcr die DF\u00dc-Kommunikation zu Pumpwerken oder Druckerh\u00f6hungsstationen.&nbsp;<\/p>\n<\/div>\n\n<div class=\"container-md paragraph  \">\n<p>Das Bediensystem von Proficy iFIX kann mit allen g\u00e4ngigen Steuerungen f\u00fcr Pumpwerken kommunizieren, wie z. B. ABB OP45, Flygt AquaCom (MACTEC), Swedmaster Called Comli Driver und vielen mehr.&nbsp;<\/p>\n<\/div>\n\n<div class=\"container media-text  alignwide\">\n<div class=\"wp-block-media-text alignwide has-media-on-the-right is-stacked-on-mobile\" style=\"grid-template-columns:auto 40%\"><div class=\"wp-block-media-text__content\"><div class=\"container-md heading  \">\n<h2 class=\"wp-block-heading\" id=\"h-alarm-management\">Alarm Management<\/h2>\n<\/div>\n\n<div class=\"container-md paragraph  \">\n<p>Proficy iFIX verf\u00fcgt \u00fcber eine erweiterte Alarmverwaltung, welche Alarme sowohl von zentralen wie auch von dezentralen Einrichtungen, wie Pumpwerken oder Druckerh\u00f6hungsstationen, sammelt, speichert und in der Alarmliste des Betriebssystems anzeigt.&nbsp;Gruppieren Sie die Alarme in verschiedene Bereiche mit unterschiedlichen Priorit\u00e4ten &#8211; je nachdem, wie kritisch die Alarmmeldung ist.&nbsp;Bei Alarmausl\u00f6sung wird \u00fcber das Zusatzmodul &#171;Messenger&#187; eine Alarmbenachrichtigung an ein Smartphone oder eine E-Mail Empf\u00e4nger versendet. Es besteht zudem die M\u00f6glichkeit, Alarme \u00fcber eine App f\u00fcr Android-Ger\u00e4te zu quittieren.<\/p>\n<\/div>\n\n<div class=\"container-md paragraph  \">\n<p>Um einen besseren \u00dcberblick \u00fcber alle Alarmmeldungen zu erhalten, kann eine direkte Alarmanalyse in den Prozessabbilder des Betriebssystems integriert werden.&nbsp;Somit k\u00f6nnen Alarme beispielsweise nach Alarmbereich oder Priorit\u00e4t sortiert und gefiltert werden.&nbsp;Dar\u00fcber hinaus sehen Sie, wie oft ein Anwendung in Alarmzustand geht und wie lange es dauert, diesen Status wieder zu beheben. <\/p>\n<\/div><\/div><figure class=\"wp-block-media-text__media\"><img loading=\"lazy\" decoding=\"async\" width=\"600\" height=\"532\" src=\"https:\/\/www.novotek.com\/ch\/wp-content\/uploads\/sites\/3\/GEVernova_proficy_iFIX2-1.png\" alt=\"\" class=\"wp-image-27748 size-full\" srcset=\"https:\/\/www.novotek.com\/ch\/wp-content\/uploads\/sites\/3\/GEVernova_proficy_iFIX2-1.png 600w, https:\/\/www.novotek.com\/ch\/wp-content\/uploads\/sites\/3\/GEVernova_proficy_iFIX2-1-300x266.png 300w, https:\/\/www.novotek.com\/ch\/wp-content\/uploads\/sites\/3\/GEVernova_proficy_iFIX2-1-86x76.png 86w, https:\/\/www.novotek.com\/ch\/wp-content\/uploads\/sites\/3\/GEVernova_proficy_iFIX2-1-306x271.png 306w\" sizes=\"auto, (max-width: 600px) 100vw, 600px\" \/><\/figure><\/div>\n<\/div>\n\n<div class=\"container-md spacer  \">\n<div style=\"height:30px\" aria-hidden=\"true\" class=\"wp-block-spacer\"><\/div>\n<\/div>\n\n<div class=\"container-md heading  \">\n<h2 class=\"wp-block-heading\" id=\"h-flexible-bedienerumgebung\">Flexible Bedienerumgebung<\/h2>\n<\/div>\n\n<div class=\"container-md paragraph  \">\n<p><a href=\"https:\/\/www.novotek.com\/ch\/hmi-scada\/proficy-ifix\/\"><strong>Proficy iFIX<\/strong><\/a> bietet praktisch unbegrenzte M\u00f6glichkeiten.&nbsp;Das Operator System kann als Thick Client (iClient) auf einem Standard-Rechner installiert oder als Thin Terminal Server Client (iClient TS) oder Web Client (WebSpace) im Webbrowser betrieben werden.&nbsp;Wer mobil sein m\u00f6chte, kann das Werk vom Tablet oder Smartphone aus steuern und \u00fcberwachen.&nbsp;Dank einer vorgefertigten Bild-Aufbaustruktur sowie einer umfangreichen Objektbibliothek mit Motoren, Pumpen, Schaltventilen, Steuerventilen, Reglern und mehr ist das Erstellen von Projekten in Proficy iFix ein Kinderspiel. <\/p>\n<\/div>\n\n<div class=\"container-md paragraph  \">\n<p>Dank dem Proficy Configuration Hub konfigurieren Sie ihre Proficy iFIX Applikation einfach online. So k\u00f6nnen Sie das laufende System anpassen, ohne daf\u00fcr eine redundante L\u00f6sung aufzubauen oder das System neu zu starten.&nbsp;<\/p>\n<\/div>\n\n<div class=\"container-md spacer  \">\n<div style=\"height:30px\" aria-hidden=\"true\" class=\"wp-block-spacer\"><\/div>\n<\/div>\n\n<div class=\"container media-text  alignwide\">\n<div class=\"wp-block-media-text alignwide is-stacked-on-mobile\" style=\"grid-template-columns:40% auto\"><figure class=\"wp-block-media-text__media\"><img loading=\"lazy\" decoding=\"async\" width=\"800\" height=\"600\" src=\"https:\/\/www.novotek.com\/ch\/wp-content\/uploads\/sites\/3\/water_and_wastewater2.jpg\" alt=\"\" class=\"wp-image-9556 size-full\" srcset=\"https:\/\/www.novotek.com\/ch\/wp-content\/uploads\/sites\/3\/water_and_wastewater2.jpg 800w, https:\/\/www.novotek.com\/ch\/wp-content\/uploads\/sites\/3\/water_and_wastewater2-300x225.jpg 300w, https:\/\/www.novotek.com\/ch\/wp-content\/uploads\/sites\/3\/water_and_wastewater2-768x576.jpg 768w\" sizes=\"auto, (max-width: 800px) 100vw, 800px\" \/><\/figure><div class=\"wp-block-media-text__content\"><div class=\"container-md heading  \">\n<h2 class=\"wp-block-heading\" id=\"h-einfach-und-klar\">Einfach und klar<\/h2>\n<\/div>\n\n<div class=\"container-md paragraph  \">\n<p>Wasserwerke und Kl\u00e4ranlagen verf\u00fcgen neben HMI\/SCADA-Systemen h\u00e4ufig \u00fcber weitere Systeme wie Labor-, Melde-, Wartungs- und Kamerasysteme.&nbsp;Mit dem <a href=\"https:\/\/www.novotek.com\/ch\/hmi-scada\/proficy-operations-hub\/\">Proficy Operations Hub<\/a> k\u00f6nnen Sie all diese Systeme in einer webbasierten Umgebung zusammenf\u00fchren. So k\u00f6nnen Sie flexibel zwischen HMI\/SCADA iFIX und den anderen Systemen wechseln, ohne neue Fenster im Browser \u00f6ffnen zu m\u00fcssen.&nbsp;<\/p>\n<\/div><\/div><\/div>\n<\/div>\n\n<div class=\"container-md spacer  \">\n<div style=\"height:30px\" aria-hidden=\"true\" class=\"wp-block-spacer\"><\/div>\n<\/div>\n\n<div class=\"container-md heading  \">\n<h2 class=\"wp-block-heading\" id=\"h-scada-sicherheit\">SCADA-Sicherheit<\/h2>\n<\/div>\n\n<div class=\"container-md paragraph  \">\n<p>Das Thema Sicherheit spielt in der Umwelttechnik eine wichtige Rolle. Es muss sichergestellt werden, dass niemand von aussen die Prozesse in Wasser- und Kl\u00e4ranlagen beeinflussen kann.&nbsp;Mit <a href=\"https:\/\/www.novotek.com\/ch\/hmi-scada\/proficy-ifix\/\"><strong>Proficy iFIX<\/strong><\/a> ist der Netzwerkverkehr zwischen SCADA-Knoten und Operator-Knoten verschl\u00fcsselt, sodass betriebskritische Daten nicht manipulierbar sind.&nbsp;Auch Passw\u00f6rter sind mit 256-Bit-AES-Verschl\u00fcsselung gesichert.&nbsp;Auf Wunsch kann das SCADA-System von Proficy iFIX in Active Directory (AD) integriert werden, so k\u00f6nnen Sie Benutzer und Passw\u00f6rter zentral vom selben Ort aus verwalten.&nbsp;<\/p>\n<\/div>\n\n<div class=\"container-md spacer  \">\n<div style=\"height:50px\" aria-hidden=\"true\" class=\"wp-block-spacer\"><\/div>\n<\/div>","protected":false},"excerpt":{"rendered":"<p>Machen Sie Ihre Wasser-\/Abwasseranlage noch effizienter und nachhaltiger mit fortschrittlichen Automatisierungs- und Softwaretechnologien.<\/p>\n","protected":false},"author":15,"featured_media":17459,"parent":177,"menu_order":4,"comment_status":"closed","ping_status":"closed","template":"","meta":{"_acf_changed":false,"_relevanssi_hide_post":"","_relevanssi_pin_for_all":"","_relevanssi_pin_keywords":"","_relevanssi_unpin_keywords":"","_relevanssi_related_keywords":"","_relevanssi_related_include_ids":"","_relevanssi_related_exclude_ids":"","_relevanssi_related_no_append":"","_relevanssi_related_not_related":"","_relevanssi_related_posts":"3200,3220,3208,3195,3216,3216","_relevanssi_noindex_reason":"","content-type":"","footnotes":""},"class_list":["post-2942","page","type-page","status-publish","has-post-thumbnail","hentry"],"acf":[],"yoast_head":"<!-- This site is optimized with the Yoast SEO plugin v27.4 - https:\/\/yoast.com\/product\/yoast-seo-wordpress\/ -->\n<title>Umwelttechnik - Novotek CH<\/title>\n<meta name=\"description\" content=\"Machen Sie Ihre Wasser-\/Abwasseranlage noch effizienter und nachhaltiger mit fortschrittlichen Automatisierungs- und Softwaretechnologien.\" \/>\n<meta name=\"robots\" content=\"index, follow, max-snippet:-1, max-image-preview:large, max-video-preview:-1\" \/>\n<link rel=\"canonical\" href=\"https:\/\/www.novotek.com\/ch\/industrie\/umwelttechnik\/\" \/>\n<meta property=\"og:locale\" content=\"de_DE\" \/>\n<meta property=\"og:type\" content=\"article\" \/>\n<meta property=\"og:title\" content=\"Umwelttechnik - Novotek CH\" \/>\n<meta property=\"og:description\" content=\"Machen Sie Ihre Wasser-\/Abwasseranlage noch effizienter und nachhaltiger mit fortschrittlichen Automatisierungs- und Softwaretechnologien.\" \/>\n<meta property=\"og:url\" content=\"https:\/\/www.novotek.com\/ch\/industrie\/umwelttechnik\/\" \/>\n<meta property=\"og:site_name\" content=\"Novotek CH\" \/>\n<meta property=\"article:modified_time\" content=\"2025-09-29T13:54:44+00:00\" \/>\n<meta property=\"og:image\" content=\"https:\/\/www.novotek.com\/ch\/wp-content\/uploads\/sites\/3\/Water_and_wastewater_1920x800_NEW-1.jpg.webp\" \/>\n\t<meta property=\"og:image:width\" content=\"1920\" \/>\n\t<meta property=\"og:image:height\" content=\"600\" \/>\n\t<meta property=\"og:image:type\" content=\"image\/jpeg\" \/>\n<meta name=\"twitter:card\" content=\"summary_large_image\" \/>\n<meta name=\"twitter:label1\" content=\"Gesch\u00e4tzte Lesezeit\" \/>\n\t<meta name=\"twitter:data1\" content=\"4\u00a0Minuten\" \/>\n<script type=\"application\/ld+json\" class=\"yoast-schema-graph\">{\"@context\":\"https:\\\/\\\/schema.org\",\"@graph\":[{\"@type\":\"WebPage\",\"@id\":\"https:\\\/\\\/www.novotek.com\\\/ch\\\/industrie\\\/umwelttechnik\\\/\",\"url\":\"https:\\\/\\\/www.novotek.com\\\/ch\\\/industrie\\\/umwelttechnik\\\/\",\"name\":\"Umwelttechnik - Novotek CH\",\"isPartOf\":{\"@id\":\"https:\\\/\\\/www.novotek.com\\\/ch\\\/#website\"},\"primaryImageOfPage\":{\"@id\":\"https:\\\/\\\/www.novotek.com\\\/ch\\\/industrie\\\/umwelttechnik\\\/#primaryimage\"},\"image\":{\"@id\":\"https:\\\/\\\/www.novotek.com\\\/ch\\\/industrie\\\/umwelttechnik\\\/#primaryimage\"},\"thumbnailUrl\":\"https:\\\/\\\/www.novotek.com\\\/ch\\\/wp-content\\\/uploads\\\/sites\\\/3\\\/Water_and_wastewater_1920x800_NEW-1.jpg.webp\",\"datePublished\":\"2022-02-04T13:45:16+00:00\",\"dateModified\":\"2025-09-29T13:54:44+00:00\",\"description\":\"Machen Sie Ihre Wasser-\\\/Abwasseranlage noch effizienter und nachhaltiger mit fortschrittlichen Automatisierungs- und Softwaretechnologien.\",\"breadcrumb\":{\"@id\":\"https:\\\/\\\/www.novotek.com\\\/ch\\\/industrie\\\/umwelttechnik\\\/#breadcrumb\"},\"inLanguage\":\"de-CH\",\"potentialAction\":[{\"@type\":\"ReadAction\",\"target\":[\"https:\\\/\\\/www.novotek.com\\\/ch\\\/industrie\\\/umwelttechnik\\\/\"]}]},{\"@type\":\"ImageObject\",\"inLanguage\":\"de-CH\",\"@id\":\"https:\\\/\\\/www.novotek.com\\\/ch\\\/industrie\\\/umwelttechnik\\\/#primaryimage\",\"url\":\"https:\\\/\\\/www.novotek.com\\\/ch\\\/wp-content\\\/uploads\\\/sites\\\/3\\\/Water_and_wastewater_1920x800_NEW-1.jpg.webp\",\"contentUrl\":\"https:\\\/\\\/www.novotek.com\\\/ch\\\/wp-content\\\/uploads\\\/sites\\\/3\\\/Water_and_wastewater_1920x800_NEW-1.jpg.webp\",\"width\":1920,\"height\":600},{\"@type\":\"BreadcrumbList\",\"@id\":\"https:\\\/\\\/www.novotek.com\\\/ch\\\/industrie\\\/umwelttechnik\\\/#breadcrumb\",\"itemListElement\":[{\"@type\":\"ListItem\",\"position\":1,\"name\":\"Home\",\"item\":\"https:\\\/\\\/www.novotek.com\\\/ch\\\/\"},{\"@type\":\"ListItem\",\"position\":2,\"name\":\"Industrie\",\"item\":\"https:\\\/\\\/www.novotek.com\\\/ch\\\/industrie\\\/\"},{\"@type\":\"ListItem\",\"position\":3,\"name\":\"Umwelttechnik\"}]},{\"@type\":\"WebSite\",\"@id\":\"https:\\\/\\\/www.novotek.com\\\/ch\\\/#website\",\"url\":\"https:\\\/\\\/www.novotek.com\\\/ch\\\/\",\"name\":\"Novotek Switzerland AG\",\"description\":\"Connect - Digitalize - Optimize\",\"publisher\":{\"@id\":\"https:\\\/\\\/www.novotek.com\\\/ch\\\/#organization\"},\"potentialAction\":[{\"@type\":\"SearchAction\",\"target\":{\"@type\":\"EntryPoint\",\"urlTemplate\":\"https:\\\/\\\/www.novotek.com\\\/ch\\\/?s={search_term_string}\"},\"query-input\":{\"@type\":\"PropertyValueSpecification\",\"valueRequired\":true,\"valueName\":\"search_term_string\"}}],\"inLanguage\":\"de-CH\"},{\"@type\":\"Organization\",\"@id\":\"https:\\\/\\\/www.novotek.com\\\/ch\\\/#organization\",\"name\":\"Novotek Switzerland AG\",\"url\":\"https:\\\/\\\/www.novotek.com\\\/ch\\\/\",\"logo\":{\"@type\":\"ImageObject\",\"inLanguage\":\"de-CH\",\"@id\":\"https:\\\/\\\/www.novotek.com\\\/ch\\\/#\\\/schema\\\/logo\\\/image\\\/\",\"url\":\"https:\\\/\\\/www.novotek.com\\\/ch\\\/wp-content\\\/uploads\\\/sites\\\/3\\\/novotek-symbol-rgb-pos-white-border-512x512-1.png\",\"contentUrl\":\"https:\\\/\\\/www.novotek.com\\\/ch\\\/wp-content\\\/uploads\\\/sites\\\/3\\\/novotek-symbol-rgb-pos-white-border-512x512-1.png\",\"width\":512,\"height\":512,\"caption\":\"Novotek Switzerland AG\"},\"image\":{\"@id\":\"https:\\\/\\\/www.novotek.com\\\/ch\\\/#\\\/schema\\\/logo\\\/image\\\/\"}}]}<\/script>\n<!-- \/ Yoast SEO plugin. -->","yoast_head_json":{"title":"Umwelttechnik - Novotek CH","description":"Machen Sie Ihre Wasser-\/Abwasseranlage noch effizienter und nachhaltiger mit fortschrittlichen Automatisierungs- und Softwaretechnologien.","robots":{"index":"index","follow":"follow","max-snippet":"max-snippet:-1","max-image-preview":"max-image-preview:large","max-video-preview":"max-video-preview:-1"},"canonical":"https:\/\/www.novotek.com\/ch\/industrie\/umwelttechnik\/","og_locale":"de_DE","og_type":"article","og_title":"Umwelttechnik - Novotek CH","og_description":"Machen Sie Ihre Wasser-\/Abwasseranlage noch effizienter und nachhaltiger mit fortschrittlichen Automatisierungs- und Softwaretechnologien.","og_url":"https:\/\/www.novotek.com\/ch\/industrie\/umwelttechnik\/","og_site_name":"Novotek CH","article_modified_time":"2025-09-29T13:54:44+00:00","og_image":[{"width":1920,"height":600,"url":"https:\/\/www.novotek.com\/ch\/wp-content\/uploads\/sites\/3\/Water_and_wastewater_1920x800_NEW-1.jpg.webp","type":"image\/jpeg"}],"twitter_card":"summary_large_image","twitter_misc":{"Gesch\u00e4tzte Lesezeit":"4\u00a0Minuten"},"schema":{"@context":"https:\/\/schema.org","@graph":[{"@type":"WebPage","@id":"https:\/\/www.novotek.com\/ch\/industrie\/umwelttechnik\/","url":"https:\/\/www.novotek.com\/ch\/industrie\/umwelttechnik\/","name":"Umwelttechnik - Novotek CH","isPartOf":{"@id":"https:\/\/www.novotek.com\/ch\/#website"},"primaryImageOfPage":{"@id":"https:\/\/www.novotek.com\/ch\/industrie\/umwelttechnik\/#primaryimage"},"image":{"@id":"https:\/\/www.novotek.com\/ch\/industrie\/umwelttechnik\/#primaryimage"},"thumbnailUrl":"https:\/\/www.novotek.com\/ch\/wp-content\/uploads\/sites\/3\/Water_and_wastewater_1920x800_NEW-1.jpg.webp","datePublished":"2022-02-04T13:45:16+00:00","dateModified":"2025-09-29T13:54:44+00:00","description":"Machen Sie Ihre Wasser-\/Abwasseranlage noch effizienter und nachhaltiger mit fortschrittlichen Automatisierungs- und Softwaretechnologien.","breadcrumb":{"@id":"https:\/\/www.novotek.com\/ch\/industrie\/umwelttechnik\/#breadcrumb"},"inLanguage":"de-CH","potentialAction":[{"@type":"ReadAction","target":["https:\/\/www.novotek.com\/ch\/industrie\/umwelttechnik\/"]}]},{"@type":"ImageObject","inLanguage":"de-CH","@id":"https:\/\/www.novotek.com\/ch\/industrie\/umwelttechnik\/#primaryimage","url":"https:\/\/www.novotek.com\/ch\/wp-content\/uploads\/sites\/3\/Water_and_wastewater_1920x800_NEW-1.jpg.webp","contentUrl":"https:\/\/www.novotek.com\/ch\/wp-content\/uploads\/sites\/3\/Water_and_wastewater_1920x800_NEW-1.jpg.webp","width":1920,"height":600},{"@type":"BreadcrumbList","@id":"https:\/\/www.novotek.com\/ch\/industrie\/umwelttechnik\/#breadcrumb","itemListElement":[{"@type":"ListItem","position":1,"name":"Home","item":"https:\/\/www.novotek.com\/ch\/"},{"@type":"ListItem","position":2,"name":"Industrie","item":"https:\/\/www.novotek.com\/ch\/industrie\/"},{"@type":"ListItem","position":3,"name":"Umwelttechnik"}]},{"@type":"WebSite","@id":"https:\/\/www.novotek.com\/ch\/#website","url":"https:\/\/www.novotek.com\/ch\/","name":"Novotek Switzerland AG","description":"Connect - Digitalize - Optimize","publisher":{"@id":"https:\/\/www.novotek.com\/ch\/#organization"},"potentialAction":[{"@type":"SearchAction","target":{"@type":"EntryPoint","urlTemplate":"https:\/\/www.novotek.com\/ch\/?s={search_term_string}"},"query-input":{"@type":"PropertyValueSpecification","valueRequired":true,"valueName":"search_term_string"}}],"inLanguage":"de-CH"},{"@type":"Organization","@id":"https:\/\/www.novotek.com\/ch\/#organization","name":"Novotek Switzerland AG","url":"https:\/\/www.novotek.com\/ch\/","logo":{"@type":"ImageObject","inLanguage":"de-CH","@id":"https:\/\/www.novotek.com\/ch\/#\/schema\/logo\/image\/","url":"https:\/\/www.novotek.com\/ch\/wp-content\/uploads\/sites\/3\/novotek-symbol-rgb-pos-white-border-512x512-1.png","contentUrl":"https:\/\/www.novotek.com\/ch\/wp-content\/uploads\/sites\/3\/novotek-symbol-rgb-pos-white-border-512x512-1.png","width":512,"height":512,"caption":"Novotek Switzerland AG"},"image":{"@id":"https:\/\/www.novotek.com\/ch\/#\/schema\/logo\/image\/"}}]}},"_links":{"self":[{"href":"https:\/\/www.novotek.com\/ch\/wp-json\/wp\/v2\/pages\/2942","targetHints":{"allow":["GET"]}}],"collection":[{"href":"https:\/\/www.novotek.com\/ch\/wp-json\/wp\/v2\/pages"}],"about":[{"href":"https:\/\/www.novotek.com\/ch\/wp-json\/wp\/v2\/types\/page"}],"author":[{"embeddable":true,"href":"https:\/\/www.novotek.com\/ch\/wp-json\/wp\/v2\/users\/15"}],"replies":[{"embeddable":true,"href":"https:\/\/www.novotek.com\/ch\/wp-json\/wp\/v2\/comments?post=2942"}],"version-history":[{"count":49,"href":"https:\/\/www.novotek.com\/ch\/wp-json\/wp\/v2\/pages\/2942\/revisions"}],"predecessor-version":[{"id":27829,"href":"https:\/\/www.novotek.com\/ch\/wp-json\/wp\/v2\/pages\/2942\/revisions\/27829"}],"up":[{"embeddable":true,"href":"https:\/\/www.novotek.com\/ch\/wp-json\/wp\/v2\/pages\/177"}],"wp:featuredmedia":[{"embeddable":true,"href":"https:\/\/www.novotek.com\/ch\/wp-json\/wp\/v2\/media\/17459"}],"wp:attachment":[{"href":"https:\/\/www.novotek.com\/ch\/wp-json\/wp\/v2\/media?parent=2942"}],"curies":[{"name":"wp","href":"https:\/\/api.w.org\/{rel}","templated":true}]}}