{"id":3091,"date":"2022-02-04T13:54:15","date_gmt":"2022-02-04T13:54:15","guid":{"rendered":"http:\/\/ch.novotek-multi.dev4.mildmedia-dev.eu\/verbinden\/"},"modified":"2024-02-12T14:08:13","modified_gmt":"2024-02-12T14:08:13","slug":"connect-digitalize-optimize","status":"publish","type":"page","link":"https:\/\/www.novotek.com\/ch\/novotek-switzerland-ag-connect-digitalize-optimize\/connect-digitalize-optimize\/","title":{"rendered":"connect | digitalize | optimize"},"content":{"rendered":"  <div class=\"hero\">\n    <div class=\"carousel hero-slider small\" data-flickity data-flickity-options='{\"prevNextButtons\": false}'>\n              <div class=\"carousel-cell\">\n          <div class=\"container\">\n            <div class=\"hero-content\">\n                              <h1>connect | digitalize | optimize<\/h1>\n<p>Wir verbinden Menschen, Anlagen, Prozesse und Produkte &#8211; von der Edge bis zur Cloud.<\/p>\n              \n                          <\/div>\n          <\/div>\n\n          <img decoding=\"async\" width=\"1024\" height=\"682\" src=\"https:\/\/www.novotek.com\/ch\/wp-content\/uploads\/sites\/3\/2021\/Novotek_UK\/Front_Page\/Connect\/Novotek_connect_world_duplex_cyan_1256x837px-1-1024x682.png\" class=\"hero-bg\" alt=\"Hero Img\" fetchpriority=\"high\" srcset=\"https:\/\/www.novotek.com\/ch\/wp-content\/uploads\/sites\/3\/2021\/Novotek_UK\/Front_Page\/Connect\/Novotek_connect_world_duplex_cyan_1256x837px-1-1024x682.png 1024w, https:\/\/www.novotek.com\/ch\/wp-content\/uploads\/sites\/3\/2021\/Novotek_UK\/Front_Page\/Connect\/Novotek_connect_world_duplex_cyan_1256x837px-1-300x200.png 300w, https:\/\/www.novotek.com\/ch\/wp-content\/uploads\/sites\/3\/2021\/Novotek_UK\/Front_Page\/Connect\/Novotek_connect_world_duplex_cyan_1256x837px-1-768x512.png 768w, https:\/\/www.novotek.com\/ch\/wp-content\/uploads\/sites\/3\/2021\/Novotek_UK\/Front_Page\/Connect\/Novotek_connect_world_duplex_cyan_1256x837px-1.png 1256w\" sizes=\"(max-width: 1024px) 100vw, 1024px\" \/>                  <\/div>\n          <\/div>\n\n      <\/div>\n\n   \n\n\n<div class=\"container-md spacer  \">\n<div style=\"height:50px\" aria-hidden=\"true\" class=\"wp-block-spacer\"><\/div>\n<\/div>\n\n<div class=\"container media-text  \">\n<div class=\"wp-block-media-text alignwide is-stacked-on-mobile\" style=\"grid-template-columns:40% auto\"><figure class=\"wp-block-media-text__media\"><img loading=\"lazy\" decoding=\"async\" width=\"817\" height=\"625\" src=\"https:\/\/www.novotek.com\/ch\/wp-content\/uploads\/sites\/3\/Novotek_Website_fronpage_image_graphic_arrow-1.jpg\" alt=\"\" class=\"wp-image-17479 size-full\" srcset=\"https:\/\/www.novotek.com\/ch\/wp-content\/uploads\/sites\/3\/Novotek_Website_fronpage_image_graphic_arrow-1.jpg 817w, https:\/\/www.novotek.com\/ch\/wp-content\/uploads\/sites\/3\/Novotek_Website_fronpage_image_graphic_arrow-1-300x229.jpg 300w, https:\/\/www.novotek.com\/ch\/wp-content\/uploads\/sites\/3\/Novotek_Website_fronpage_image_graphic_arrow-1-768x588.jpg 768w\" sizes=\"auto, (max-width: 817px) 100vw, 817px\" \/><\/figure><div class=\"wp-block-media-text__content\"><div class=\"container-md heading  \">\n<h2 class=\"wp-block-heading\" id=\"h-connect\">connect<\/h2>\n<\/div>\n\n<div class=\"container-md paragraph  \">\n<p>Beginnen Sie Ihre digitale Reise, indem Sie Ihre Produktionsanlagen mit anderen Maschinen, Systemen und Menschen verbinden. <\/p>\n<\/div>\n\n<div class=\"container-md paragraph  \">\n<p>Mit einer durchg\u00e4ngigen Dateninfrastruktur k\u00f6nnen Geschaftsvorg\u00e4nge und Abl\u00e4ufe optimiert werden. Zudem wird sie zur Basis f\u00fcr neue und innovative Applikationen.<\/p>\n<\/div>\n\n<div class=\"container-md paragraph  \">\n<p>Unabh\u00e4ngig davon, ob die Daten in die Cloud \u00fcbertragen oder unternehmensintern gespeichert werden, sind Sicherheitsaspekte von grundlegender Bedeutung und m\u00fcssen von Anfang an in die L\u00f6sungen integriert werden.&nbsp;<\/p>\n<\/div>\n\n<div class=\"container-md paragraph  \">\n<p>Mit unserem agilen DataOps-Ansatz f\u00fcr das Entwerfen, Implementieren und Pflegen einer verteilten Datenarchitektur unterst\u00fctzen wir Sie bei der Sicherstellung, dass alle Daten Ihres Unternehmens mit maximaler Sicherheit, Flexibilit\u00e4t und Effizienz verwendet werden k\u00f6nnen.<\/p>\n<\/div><\/div><\/div>\n<\/div>\n\n<div class=\"container-md paragraph  \">\n<p> <\/p>\n<\/div>\n\n<div class=\"container-md spacer  \">\n<div style=\"height:50px\" aria-hidden=\"true\" class=\"wp-block-spacer\"><\/div>\n<\/div>\n\n<div class=\"container media-text  \">\n<div class=\"wp-block-media-text alignwide has-media-on-the-right is-stacked-on-mobile is-vertically-aligned-top\" style=\"grid-template-columns:auto 40%\"><div class=\"wp-block-media-text__content\"><div class=\"container-md heading  \">\n<h2 class=\"wp-block-heading\" id=\"h-digitalize\">digitalize<\/h2>\n<\/div>\n\n<div class=\"container-md paragraph  \">\n<p>Prozessvisualisierungen, Arbeitsabl\u00e4ufe, Verfahren und Prozesse, die die Fertigung in der gesamten Lieferkette steuern, werden seit vielen Jahren kontinuierlich verbessert.<\/p>\n<\/div>\n\n<div class=\"container-md paragraph  \">\n<p>Die Automatisierung dieser Prozesse durch die Digitalisierung geht noch einen Schritt weiter, indem die Abl\u00e4ufe \u00fcberwacht, kontrolliert, dokumentiert und optimiert werden, was die Produktivit\u00e4t auf die n\u00e4chste Stufe hebt.<\/p>\n<\/div>\n\n<div class=\"container-md paragraph  \">\n<p>Ganz gleich, ob Sie komplexen Assets einen Mehrwert verleihen, die Wartung verbessern oder nach Wegen suchen, industrielle Prozesse zu optimieren:<\/p>\n<\/div>\n\n<div class=\"container-md paragraph  \">\n<p>Funktionen f\u00fcr Genealogie, Feinplanung, OEE, Reporting und vieles mehr sind alles Bestandteile der digitalen Transformation welche Sie unterst\u00fctzen, die operative Exzellenz zu erreichen.<\/p>\n<\/div>\n\n<div class=\"container-md paragraph  \">\n<p>&nbsp;<\/p>\n<\/div><\/div><figure class=\"wp-block-media-text__media\"><img loading=\"lazy\" decoding=\"async\" width=\"817\" height=\"625\" src=\"https:\/\/www.novotek.com\/ch\/wp-content\/uploads\/sites\/3\/Novotek_Website_fronpage_image_graphic_arrow2-3.jpg\" alt=\"\" class=\"wp-image-17492 size-full\" srcset=\"https:\/\/www.novotek.com\/ch\/wp-content\/uploads\/sites\/3\/Novotek_Website_fronpage_image_graphic_arrow2-3.jpg 817w, https:\/\/www.novotek.com\/ch\/wp-content\/uploads\/sites\/3\/Novotek_Website_fronpage_image_graphic_arrow2-3-300x229.jpg 300w, https:\/\/www.novotek.com\/ch\/wp-content\/uploads\/sites\/3\/Novotek_Website_fronpage_image_graphic_arrow2-3-768x588.jpg 768w\" sizes=\"auto, (max-width: 817px) 100vw, 817px\" \/><\/figure><\/div>\n<\/div>\n\n<div class=\"container-md spacer  \">\n<div style=\"height:50px\" aria-hidden=\"true\" class=\"wp-block-spacer\"><\/div>\n<\/div>\n\n<div class=\"container media-text  \">\n<div class=\"wp-block-media-text alignwide is-stacked-on-mobile is-vertically-aligned-top\" style=\"grid-template-columns:40% auto\"><figure class=\"wp-block-media-text__media\"><img loading=\"lazy\" decoding=\"async\" width=\"817\" height=\"625\" src=\"https:\/\/www.novotek.com\/ch\/wp-content\/uploads\/sites\/3\/Novotek_Website_fronpage_image_graphic_arrow3-1.jpg\" alt=\"\" class=\"wp-image-17496 size-full\" srcset=\"https:\/\/www.novotek.com\/ch\/wp-content\/uploads\/sites\/3\/Novotek_Website_fronpage_image_graphic_arrow3-1.jpg 817w, https:\/\/www.novotek.com\/ch\/wp-content\/uploads\/sites\/3\/Novotek_Website_fronpage_image_graphic_arrow3-1-300x229.jpg 300w, https:\/\/www.novotek.com\/ch\/wp-content\/uploads\/sites\/3\/Novotek_Website_fronpage_image_graphic_arrow3-1-768x588.jpg 768w\" sizes=\"auto, (max-width: 817px) 100vw, 817px\" \/><\/figure><div class=\"wp-block-media-text__content\"><div class=\"container-md heading  \">\n<h2 class=\"wp-block-heading\" id=\"h-optimize\">optimize<\/h2>\n<\/div>\n\n<div class=\"container-md paragraph  \">\n<p>Sobald die richtigen Softwarekomponenten im Einsatz sind und Modelle der Prozesse und Prozessdaten zur Verf\u00fcgung stehen, k\u00f6nnen Schwachpunkte in der Produktivit\u00e4t ermittelt und alle Aspekte des Betriebs optimiert werden.&nbsp;<\/p>\n<\/div>\n\n<div class=\"container-md paragraph  \">\n<p>Unabh\u00e4ngig davon, ob es sich um eine Maschine in einer Anwendung f\u00fcr maschinelles Lernen oder um einen kompletten Materialfluss in einer Planungsl\u00f6sung handelt, die grundlegende Methodik bei der Anwendung von Analysen auf die relevanten Daten ist dieselbe.<\/p>\n<\/div>\n\n<div class=\"container-md paragraph  \">\n<p>Mit allen Arten von Analytics, einschlie\u00dflich KI und ML, k\u00f6nnen Sie neue Strategien f\u00fcr Ihre Produktionsplanung entwickeln, das richtige Predictive-Maintenance-Modell finden oder eine ganze Flotte digitaler Zwillinge aufbauen.<\/p>\n<\/div><\/div><\/div>\n<\/div>\n\n<div class=\"container-md spacer  \">\n<div style=\"height:50px\" aria-hidden=\"true\" class=\"wp-block-spacer\"><\/div>\n<\/div>","protected":false},"excerpt":{"rendered":"<p>Verkn\u00fcpfung von Menschen, Prozessen und Produkten &#8211; von der Produktion bis in die Cloud<\/p>\n","protected":false},"author":8,"featured_media":0,"parent":662,"menu_order":0,"comment_status":"closed","ping_status":"closed","template":"","meta":{"_acf_changed":false,"_relevanssi_hide_post":"","_relevanssi_pin_for_all":"","_relevanssi_pin_keywords":"","_relevanssi_unpin_keywords":"","_relevanssi_related_keywords":"","_relevanssi_related_include_ids":"","_relevanssi_related_exclude_ids":"","_relevanssi_related_no_append":"","_relevanssi_related_not_related":"","_relevanssi_related_posts":"3208,3220,3195,3216,3200","_relevanssi_noindex_reason":"","content-type":"","footnotes":""},"class_list":["post-3091","page","type-page","status-publish","hentry"],"acf":[],"yoast_head":"<!-- This site is optimized with the Yoast SEO plugin v27.5 - https:\/\/yoast.com\/product\/yoast-seo-wordpress\/ -->\n<title>connect | digitalize | optimize - Novotek Switzerland<\/title>\n<meta name=\"description\" content=\"Wir verbinden Menschen, Anlagen, Prozesse und Produkte \u2013 von der Edge bis zur Cloud.\" \/>\n<meta name=\"robots\" content=\"index, follow, max-snippet:-1, max-image-preview:large, max-video-preview:-1\" \/>\n<link rel=\"canonical\" href=\"https:\/\/www.novotek.com\/ch\/novotek-switzerland-ag-connect-digitalize-optimize\/connect-digitalize-optimize\/\" \/>\n<meta property=\"og:locale\" content=\"de_DE\" \/>\n<meta property=\"og:type\" content=\"article\" \/>\n<meta property=\"og:title\" content=\"connect | digitalize | optimize - Novotek Switzerland\" \/>\n<meta property=\"og:description\" content=\"Wir verbinden Menschen, Anlagen, Prozesse und Produkte \u2013 von der Edge bis zur Cloud.\" \/>\n<meta property=\"og:url\" content=\"https:\/\/www.novotek.com\/ch\/novotek-switzerland-ag-connect-digitalize-optimize\/connect-digitalize-optimize\/\" \/>\n<meta property=\"og:site_name\" content=\"Novotek CH\" \/>\n<meta property=\"article:modified_time\" content=\"2024-02-12T14:08:13+00:00\" \/>\n<meta property=\"og:image\" content=\"https:\/\/www.novotek.com\/ch\/wp-content\/uploads\/sites\/3\/Novotek_Website_fronpage_image_graphic_arrow-1.jpg\" \/>\n<meta name=\"twitter:card\" content=\"summary_large_image\" \/>\n<meta name=\"twitter:label1\" content=\"Gesch\u00e4tzte Lesezeit\" \/>\n\t<meta name=\"twitter:data1\" content=\"3\u00a0Minuten\" \/>\n<script type=\"application\/ld+json\" class=\"yoast-schema-graph\">{\"@context\":\"https:\\\/\\\/schema.org\",\"@graph\":[{\"@type\":\"WebPage\",\"@id\":\"https:\\\/\\\/www.novotek.com\\\/ch\\\/novotek-switzerland-ag-connect-digitalize-optimize\\\/connect-digitalize-optimize\\\/\",\"url\":\"https:\\\/\\\/www.novotek.com\\\/ch\\\/novotek-switzerland-ag-connect-digitalize-optimize\\\/connect-digitalize-optimize\\\/\",\"name\":\"connect | digitalize | optimize - Novotek Switzerland\",\"isPartOf\":{\"@id\":\"https:\\\/\\\/www.novotek.com\\\/ch\\\/#website\"},\"primaryImageOfPage\":{\"@id\":\"https:\\\/\\\/www.novotek.com\\\/ch\\\/novotek-switzerland-ag-connect-digitalize-optimize\\\/connect-digitalize-optimize\\\/#primaryimage\"},\"image\":{\"@id\":\"https:\\\/\\\/www.novotek.com\\\/ch\\\/novotek-switzerland-ag-connect-digitalize-optimize\\\/connect-digitalize-optimize\\\/#primaryimage\"},\"thumbnailUrl\":\"https:\\\/\\\/www.novotek.com\\\/ch\\\/wp-content\\\/uploads\\\/sites\\\/3\\\/Novotek_Website_fronpage_image_graphic_arrow-1.jpg\",\"datePublished\":\"2022-02-04T13:54:15+00:00\",\"dateModified\":\"2024-02-12T14:08:13+00:00\",\"description\":\"Wir verbinden Menschen, Anlagen, Prozesse und Produkte \u2013 von der Edge bis zur Cloud.\",\"breadcrumb\":{\"@id\":\"https:\\\/\\\/www.novotek.com\\\/ch\\\/novotek-switzerland-ag-connect-digitalize-optimize\\\/connect-digitalize-optimize\\\/#breadcrumb\"},\"inLanguage\":\"de-CH\",\"potentialAction\":[{\"@type\":\"ReadAction\",\"target\":[\"https:\\\/\\\/www.novotek.com\\\/ch\\\/novotek-switzerland-ag-connect-digitalize-optimize\\\/connect-digitalize-optimize\\\/\"]}]},{\"@type\":\"ImageObject\",\"inLanguage\":\"de-CH\",\"@id\":\"https:\\\/\\\/www.novotek.com\\\/ch\\\/novotek-switzerland-ag-connect-digitalize-optimize\\\/connect-digitalize-optimize\\\/#primaryimage\",\"url\":\"https:\\\/\\\/www.novotek.com\\\/ch\\\/wp-content\\\/uploads\\\/sites\\\/3\\\/Novotek_Website_fronpage_image_graphic_arrow-1.jpg.webp\",\"contentUrl\":\"https:\\\/\\\/www.novotek.com\\\/ch\\\/wp-content\\\/uploads\\\/sites\\\/3\\\/Novotek_Website_fronpage_image_graphic_arrow-1.jpg.webp\",\"width\":817,\"height\":625},{\"@type\":\"BreadcrumbList\",\"@id\":\"https:\\\/\\\/www.novotek.com\\\/ch\\\/novotek-switzerland-ag-connect-digitalize-optimize\\\/connect-digitalize-optimize\\\/#breadcrumb\",\"itemListElement\":[{\"@type\":\"ListItem\",\"position\":1,\"name\":\"Home\",\"item\":\"https:\\\/\\\/www.novotek.com\\\/ch\\\/\"},{\"@type\":\"ListItem\",\"position\":2,\"name\":\"Novotek Switzerland\",\"item\":\"https:\\\/\\\/www.novotek.com\\\/ch\\\/\"},{\"@type\":\"ListItem\",\"position\":3,\"name\":\"connect | digitalize | optimize\"}]},{\"@type\":\"WebSite\",\"@id\":\"https:\\\/\\\/www.novotek.com\\\/ch\\\/#website\",\"url\":\"https:\\\/\\\/www.novotek.com\\\/ch\\\/\",\"name\":\"Novotek Switzerland AG\",\"description\":\"Connect - Digitalize - Optimize\",\"publisher\":{\"@id\":\"https:\\\/\\\/www.novotek.com\\\/ch\\\/#organization\"},\"potentialAction\":[{\"@type\":\"SearchAction\",\"target\":{\"@type\":\"EntryPoint\",\"urlTemplate\":\"https:\\\/\\\/www.novotek.com\\\/ch\\\/?s={search_term_string}\"},\"query-input\":{\"@type\":\"PropertyValueSpecification\",\"valueRequired\":true,\"valueName\":\"search_term_string\"}}],\"inLanguage\":\"de-CH\"},{\"@type\":\"Organization\",\"@id\":\"https:\\\/\\\/www.novotek.com\\\/ch\\\/#organization\",\"name\":\"Novotek Switzerland AG\",\"url\":\"https:\\\/\\\/www.novotek.com\\\/ch\\\/\",\"logo\":{\"@type\":\"ImageObject\",\"inLanguage\":\"de-CH\",\"@id\":\"https:\\\/\\\/www.novotek.com\\\/ch\\\/#\\\/schema\\\/logo\\\/image\\\/\",\"url\":\"https:\\\/\\\/www.novotek.com\\\/ch\\\/wp-content\\\/uploads\\\/sites\\\/3\\\/novotek-symbol-rgb-pos-white-border-512x512-1.png\",\"contentUrl\":\"https:\\\/\\\/www.novotek.com\\\/ch\\\/wp-content\\\/uploads\\\/sites\\\/3\\\/novotek-symbol-rgb-pos-white-border-512x512-1.png\",\"width\":512,\"height\":512,\"caption\":\"Novotek Switzerland AG\"},\"image\":{\"@id\":\"https:\\\/\\\/www.novotek.com\\\/ch\\\/#\\\/schema\\\/logo\\\/image\\\/\"}}]}<\/script>\n<!-- \/ Yoast SEO plugin. -->","yoast_head_json":{"title":"connect | digitalize | optimize - Novotek Switzerland","description":"Wir verbinden Menschen, Anlagen, Prozesse und Produkte \u2013 von der Edge bis zur Cloud.","robots":{"index":"index","follow":"follow","max-snippet":"max-snippet:-1","max-image-preview":"max-image-preview:large","max-video-preview":"max-video-preview:-1"},"canonical":"https:\/\/www.novotek.com\/ch\/novotek-switzerland-ag-connect-digitalize-optimize\/connect-digitalize-optimize\/","og_locale":"de_DE","og_type":"article","og_title":"connect | digitalize | optimize - Novotek Switzerland","og_description":"Wir verbinden Menschen, Anlagen, Prozesse und Produkte \u2013 von der Edge bis zur Cloud.","og_url":"https:\/\/www.novotek.com\/ch\/novotek-switzerland-ag-connect-digitalize-optimize\/connect-digitalize-optimize\/","og_site_name":"Novotek CH","article_modified_time":"2024-02-12T14:08:13+00:00","og_image":[{"url":"https:\/\/www.novotek.com\/ch\/wp-content\/uploads\/sites\/3\/Novotek_Website_fronpage_image_graphic_arrow-1.jpg","type":"","width":"","height":""}],"twitter_card":"summary_large_image","twitter_misc":{"Gesch\u00e4tzte Lesezeit":"3\u00a0Minuten"},"schema":{"@context":"https:\/\/schema.org","@graph":[{"@type":"WebPage","@id":"https:\/\/www.novotek.com\/ch\/novotek-switzerland-ag-connect-digitalize-optimize\/connect-digitalize-optimize\/","url":"https:\/\/www.novotek.com\/ch\/novotek-switzerland-ag-connect-digitalize-optimize\/connect-digitalize-optimize\/","name":"connect | digitalize | optimize - Novotek Switzerland","isPartOf":{"@id":"https:\/\/www.novotek.com\/ch\/#website"},"primaryImageOfPage":{"@id":"https:\/\/www.novotek.com\/ch\/novotek-switzerland-ag-connect-digitalize-optimize\/connect-digitalize-optimize\/#primaryimage"},"image":{"@id":"https:\/\/www.novotek.com\/ch\/novotek-switzerland-ag-connect-digitalize-optimize\/connect-digitalize-optimize\/#primaryimage"},"thumbnailUrl":"https:\/\/www.novotek.com\/ch\/wp-content\/uploads\/sites\/3\/Novotek_Website_fronpage_image_graphic_arrow-1.jpg","datePublished":"2022-02-04T13:54:15+00:00","dateModified":"2024-02-12T14:08:13+00:00","description":"Wir verbinden Menschen, Anlagen, Prozesse und Produkte \u2013 von der Edge bis zur Cloud.","breadcrumb":{"@id":"https:\/\/www.novotek.com\/ch\/novotek-switzerland-ag-connect-digitalize-optimize\/connect-digitalize-optimize\/#breadcrumb"},"inLanguage":"de-CH","potentialAction":[{"@type":"ReadAction","target":["https:\/\/www.novotek.com\/ch\/novotek-switzerland-ag-connect-digitalize-optimize\/connect-digitalize-optimize\/"]}]},{"@type":"ImageObject","inLanguage":"de-CH","@id":"https:\/\/www.novotek.com\/ch\/novotek-switzerland-ag-connect-digitalize-optimize\/connect-digitalize-optimize\/#primaryimage","url":"https:\/\/www.novotek.com\/ch\/wp-content\/uploads\/sites\/3\/Novotek_Website_fronpage_image_graphic_arrow-1.jpg.webp","contentUrl":"https:\/\/www.novotek.com\/ch\/wp-content\/uploads\/sites\/3\/Novotek_Website_fronpage_image_graphic_arrow-1.jpg.webp","width":817,"height":625},{"@type":"BreadcrumbList","@id":"https:\/\/www.novotek.com\/ch\/novotek-switzerland-ag-connect-digitalize-optimize\/connect-digitalize-optimize\/#breadcrumb","itemListElement":[{"@type":"ListItem","position":1,"name":"Home","item":"https:\/\/www.novotek.com\/ch\/"},{"@type":"ListItem","position":2,"name":"Novotek Switzerland","item":"https:\/\/www.novotek.com\/ch\/"},{"@type":"ListItem","position":3,"name":"connect | digitalize | optimize"}]},{"@type":"WebSite","@id":"https:\/\/www.novotek.com\/ch\/#website","url":"https:\/\/www.novotek.com\/ch\/","name":"Novotek Switzerland AG","description":"Connect - Digitalize - Optimize","publisher":{"@id":"https:\/\/www.novotek.com\/ch\/#organization"},"potentialAction":[{"@type":"SearchAction","target":{"@type":"EntryPoint","urlTemplate":"https:\/\/www.novotek.com\/ch\/?s={search_term_string}"},"query-input":{"@type":"PropertyValueSpecification","valueRequired":true,"valueName":"search_term_string"}}],"inLanguage":"de-CH"},{"@type":"Organization","@id":"https:\/\/www.novotek.com\/ch\/#organization","name":"Novotek Switzerland AG","url":"https:\/\/www.novotek.com\/ch\/","logo":{"@type":"ImageObject","inLanguage":"de-CH","@id":"https:\/\/www.novotek.com\/ch\/#\/schema\/logo\/image\/","url":"https:\/\/www.novotek.com\/ch\/wp-content\/uploads\/sites\/3\/novotek-symbol-rgb-pos-white-border-512x512-1.png","contentUrl":"https:\/\/www.novotek.com\/ch\/wp-content\/uploads\/sites\/3\/novotek-symbol-rgb-pos-white-border-512x512-1.png","width":512,"height":512,"caption":"Novotek Switzerland AG"},"image":{"@id":"https:\/\/www.novotek.com\/ch\/#\/schema\/logo\/image\/"}}]}},"_links":{"self":[{"href":"https:\/\/www.novotek.com\/ch\/wp-json\/wp\/v2\/pages\/3091","targetHints":{"allow":["GET"]}}],"collection":[{"href":"https:\/\/www.novotek.com\/ch\/wp-json\/wp\/v2\/pages"}],"about":[{"href":"https:\/\/www.novotek.com\/ch\/wp-json\/wp\/v2\/types\/page"}],"author":[{"embeddable":true,"href":"https:\/\/www.novotek.com\/ch\/wp-json\/wp\/v2\/users\/8"}],"replies":[{"embeddable":true,"href":"https:\/\/www.novotek.com\/ch\/wp-json\/wp\/v2\/comments?post=3091"}],"version-history":[{"count":40,"href":"https:\/\/www.novotek.com\/ch\/wp-json\/wp\/v2\/pages\/3091\/revisions"}],"predecessor-version":[{"id":17500,"href":"https:\/\/www.novotek.com\/ch\/wp-json\/wp\/v2\/pages\/3091\/revisions\/17500"}],"up":[{"embeddable":true,"href":"https:\/\/www.novotek.com\/ch\/wp-json\/wp\/v2\/pages\/662"}],"wp:attachment":[{"href":"https:\/\/www.novotek.com\/ch\/wp-json\/wp\/v2\/media?parent=3091"}],"curies":[{"name":"wp","href":"https:\/\/api.w.org\/{rel}","templated":true}]}}