{"id":3129,"date":"2022-02-04T13:56:59","date_gmt":"2022-02-04T13:56:59","guid":{"rendered":"http:\/\/ch.novotek-multi.dev4.mildmedia-dev.eu\/industrie\/erdl-gas-und-chemikalien\/"},"modified":"2025-09-29T13:52:10","modified_gmt":"2025-09-29T13:52:10","slug":"chemie","status":"publish","type":"page","link":"https:\/\/www.novotek.com\/ch\/industrie\/chemie\/","title":{"rendered":"Chemie"},"content":{"rendered":"  <div class=\"hero\">\n    <div class=\"carousel hero-slider small\" data-flickity data-flickity-options='{\"prevNextButtons\": false}'>\n              <div class=\"carousel-cell\">\n          <div class=\"container\">\n            <div class=\"hero-content\">\n                              <h1>Chemie<\/h1>\n<p>F\u00fcr die chemischen Industrien liefern wir L\u00f6sungen, die das Produktionsmanagement digitalisieren, Prozesse optimieren und Batch-Abl\u00e4ufe steuern. Dazu sammeln unsere L\u00f6sungen aktuelle und historische Daten, analysieren diese mittels KI und schlagen Verbesserungen vor.<\/p>\n              \n                          <\/div>\n          <\/div>\n\n          <img decoding=\"async\" width=\"1024\" height=\"427\" src=\"https:\/\/www.novotek.com\/ch\/wp-content\/uploads\/sites\/3\/Petrol_Chemicals_header_header1920x800-e1658496935901-1024x427.jpg.webp\" class=\"hero-bg\" alt=\"Hero Img\" fetchpriority=\"high\" srcset=\"https:\/\/www.novotek.com\/ch\/wp-content\/uploads\/sites\/3\/Petrol_Chemicals_header_header1920x800-e1658496935901-1024x427.jpg.webp 1024w, https:\/\/www.novotek.com\/ch\/wp-content\/uploads\/sites\/3\/Petrol_Chemicals_header_header1920x800-e1658496935901-300x125.jpg.webp 300w, https:\/\/www.novotek.com\/ch\/wp-content\/uploads\/sites\/3\/Petrol_Chemicals_header_header1920x800-e1658496935901-768x320.jpg.webp 768w, https:\/\/www.novotek.com\/ch\/wp-content\/uploads\/sites\/3\/Petrol_Chemicals_header_header1920x800-e1658496935901-1536x640.jpg.webp 1536w, https:\/\/www.novotek.com\/ch\/wp-content\/uploads\/sites\/3\/Petrol_Chemicals_header_header1920x800-e1658496935901.jpg.webp 1920w\" sizes=\"(max-width: 1024px) 100vw, 1024px\" \/>                  <\/div>\n          <\/div>\n\n      <\/div>\n\n   \n\n\n<div class=\"container-md group  \">\n<div class=\"wp-block-group\"><div class=\"wp-block-group__inner-container is-layout-flow wp-block-group-is-layout-flow\"><div class=\"container-md heading  alignfull\">\n<h2 class=\"wp-block-heading alignfull\">Streben nach Operational Excellence<\/h2>\n<\/div>\n\n<div class=\"container-md list  \">\n<ul class=\"wp-block-list\"><div class=\"container-md list-item  \">\n<li>Welche Rohstoffe werden in einer bestimmten Charge verarbeitet?<\/li>\n<\/div>\n\n<div class=\"container-md list-item  \">\n<li>Wie plane ich meine Reaktoren m\u00f6glichst effizient?<\/li>\n<\/div>\n\n<div class=\"container-md list-item  \">\n<li>Wie ist die Qualit\u00e4t meiner produzierten (Halb-) Fertigprodukte?&nbsp;<\/li>\n<\/div>\n\n<div class=\"container-md list-item  \">\n<li>Befolgen meine Mitarbeiter alle Verfahren ordnungsgem\u00e4ss?<\/li>\n<\/div><\/ul>\n<\/div>\n\n<div class=\"container-md paragraph  \">\n<p>Dies sind typische Fragestellungen innerhalb eines chemischen Produktionsprozesses.&nbsp;Die Antwort darauf ist jedoch oft weniger offensichtlich.&nbsp;Zeitaufwendige, manuelle Erfassungen und Eingaben von Daten in ein System mit dem Risiko menschlicher Fehler sind leider keine Ausnahme.&nbsp;Im Laufe der Jahre hat Novotek zusammen mit seinen Kunden und Partnern viele dieser Probleme durch effektive Automatisierung gel\u00f6st.<\/p>\n<\/div><\/div>\n<\/div><\/div>\n\n<div class=\"container-md spacer  \">\n<div style=\"height:30px\" aria-hidden=\"true\" class=\"wp-block-spacer\"><\/div>\n<\/div>\n\n<div class=\"container media-text  alignwide\">\n<div class=\"wp-block-media-text alignwide has-media-on-the-right is-stacked-on-mobile\"><div class=\"wp-block-media-text__content\"><div class=\"container-md heading  \">\n<h3 class=\"wp-block-heading\"><strong>Datenmanagement<\/strong><\/h3>\n<\/div>\n\n<div class=\"container-md paragraph  \">\n<p>Operational Excellence beginnt mit dem Verst\u00e4ndnis Ihrer Daten.&nbsp;Informationen m\u00fcssen in Echtzeit erfasst, gespeichert, kontextualisiert und visualisiert werden \u2013 den richtigen Personen zur richtigen Zeit zur Verf\u00fcgung stehen, um die richtigen Entscheidungen zu treffen.<\/p>\n<\/div>\n\n<div class=\"container-md paragraph  \">\n<p>Wir verf\u00fcgen \u00fcber vollst\u00e4ndige L\u00f6sungen bestehend aus fortschrittlichen, bew\u00e4hrten und integrierten Datenmanagement- und Datenanalyse-Softwareprodukte wie beispielsweise <a href=\"https:\/\/www.novotek.com\/ch\/smart-factory-mes\/proficy-historian\/\"><strong>Proficy Historian<\/strong><\/a> von GE Vernova.&nbsp;Mit der richtigen L\u00f6sung k\u00f6nnen alle Beteiligten am Entscheidungsprozess \u2013 Technik, Betrieb, C-Level und mehr \u2013 auf die spezifischen rollenbasierten Informationen zugreifen, die sie f\u00fcr ihre Arbeit ben\u00f6tigen. Und damit jeden Aspekt des Prozesses und der Ausr\u00fcstung optimieren.<\/p>\n<\/div><\/div><figure class=\"wp-block-media-text__media\"><img loading=\"lazy\" decoding=\"async\" width=\"1024\" height=\"416\" src=\"https:\/\/www.novotek.com\/ch\/wp-content\/uploads\/sites\/3\/plant-applications-81-1-1024x416-1.png\" alt=\"\" class=\"wp-image-27823 size-full\" srcset=\"https:\/\/www.novotek.com\/ch\/wp-content\/uploads\/sites\/3\/plant-applications-81-1-1024x416-1.png 1024w, https:\/\/www.novotek.com\/ch\/wp-content\/uploads\/sites\/3\/plant-applications-81-1-1024x416-1-300x122.png 300w, https:\/\/www.novotek.com\/ch\/wp-content\/uploads\/sites\/3\/plant-applications-81-1-1024x416-1-768x312.png 768w, https:\/\/www.novotek.com\/ch\/wp-content\/uploads\/sites\/3\/plant-applications-81-1-1024x416-1-86x35.png 86w, https:\/\/www.novotek.com\/ch\/wp-content\/uploads\/sites\/3\/plant-applications-81-1-1024x416-1-306x124.png 306w, https:\/\/www.novotek.com\/ch\/wp-content\/uploads\/sites\/3\/plant-applications-81-1-1024x416-1-636x258.png 636w\" sizes=\"auto, (max-width: 1024px) 100vw, 1024px\" \/><\/figure><\/div>\n<\/div>\n\n<div class=\"container-md spacer  \">\n<div style=\"height:50px\" aria-hidden=\"true\" class=\"wp-block-spacer\"><\/div>\n<\/div>","protected":false},"excerpt":{"rendered":"<p>F\u00fcr die Chemie-Industrie liefern wir haupts\u00e4chlich L\u00f6sungen, die das Produktionsmanagement digitalisieren. Daf\u00fcr sammeln, speichern und visualisieren unsere Komplettl\u00f6sungen aktuelle und historische Daten.<\/p>\n","protected":false},"author":15,"featured_media":3132,"parent":177,"menu_order":5,"comment_status":"closed","ping_status":"closed","template":"","meta":{"_acf_changed":false,"_relevanssi_hide_post":"","_relevanssi_pin_for_all":"","_relevanssi_pin_keywords":"","_relevanssi_unpin_keywords":"","_relevanssi_related_keywords":"","_relevanssi_related_include_ids":"","_relevanssi_related_exclude_ids":"","_relevanssi_related_no_append":"","_relevanssi_related_not_related":"","_relevanssi_related_posts":"3200,3220,3208,3195,3216,3216","_relevanssi_noindex_reason":"","content-type":"","footnotes":""},"class_list":["post-3129","page","type-page","status-publish","has-post-thumbnail","hentry"],"acf":[],"yoast_head":"<!-- This site is optimized with the Yoast SEO plugin v27.4 - https:\/\/yoast.com\/product\/yoast-seo-wordpress\/ -->\n<title>Chemie - Novotek Switzerland<\/title>\n<meta name=\"description\" content=\"F\u00fcr die Chemii liefern wir L\u00f6sungen, die das Produktionsmanagement digitalisieren - sammeln, speichern und visualisiern von Produktionsdaten.\" \/>\n<meta name=\"robots\" content=\"index, follow, max-snippet:-1, max-image-preview:large, max-video-preview:-1\" \/>\n<link rel=\"canonical\" href=\"https:\/\/www.novotek.com\/ch\/industrie\/chemie\/\" \/>\n<meta property=\"og:locale\" content=\"de_DE\" \/>\n<meta property=\"og:type\" content=\"article\" \/>\n<meta property=\"og:title\" content=\"Chemie - Novotek Switzerland\" \/>\n<meta property=\"og:description\" content=\"F\u00fcr die Chemii liefern wir L\u00f6sungen, die das Produktionsmanagement digitalisieren - sammeln, speichern und visualisiern von Produktionsdaten.\" \/>\n<meta property=\"og:url\" content=\"https:\/\/www.novotek.com\/ch\/industrie\/chemie\/\" \/>\n<meta property=\"og:site_name\" content=\"Novotek CH\" \/>\n<meta property=\"article:modified_time\" content=\"2025-09-29T13:52:10+00:00\" \/>\n<meta property=\"og:image\" content=\"https:\/\/www.novotek.com\/ch\/wp-content\/uploads\/sites\/3\/2021\/Novotek_UK\/Industries\/Petroleum_Gas_Chemicals\/Novotek_header_1920x800px.jpg.webp\" \/>\n\t<meta property=\"og:image:width\" content=\"1920\" \/>\n\t<meta property=\"og:image:height\" content=\"800\" \/>\n\t<meta property=\"og:image:type\" content=\"image\/jpeg\" \/>\n<meta name=\"twitter:card\" content=\"summary_large_image\" \/>\n<meta name=\"twitter:label1\" content=\"Gesch\u00e4tzte Lesezeit\" \/>\n\t<meta name=\"twitter:data1\" content=\"2\u00a0Minuten\" \/>\n<script type=\"application\/ld+json\" class=\"yoast-schema-graph\">{\"@context\":\"https:\\\/\\\/schema.org\",\"@graph\":[{\"@type\":\"WebPage\",\"@id\":\"https:\\\/\\\/www.novotek.com\\\/ch\\\/industrie\\\/chemie\\\/\",\"url\":\"https:\\\/\\\/www.novotek.com\\\/ch\\\/industrie\\\/chemie\\\/\",\"name\":\"Chemie - Novotek Switzerland\",\"isPartOf\":{\"@id\":\"https:\\\/\\\/www.novotek.com\\\/ch\\\/#website\"},\"primaryImageOfPage\":{\"@id\":\"https:\\\/\\\/www.novotek.com\\\/ch\\\/industrie\\\/chemie\\\/#primaryimage\"},\"image\":{\"@id\":\"https:\\\/\\\/www.novotek.com\\\/ch\\\/industrie\\\/chemie\\\/#primaryimage\"},\"thumbnailUrl\":\"https:\\\/\\\/www.novotek.com\\\/ch\\\/wp-content\\\/uploads\\\/sites\\\/3\\\/2021\\\/Novotek_UK\\\/Industries\\\/Petroleum_Gas_Chemicals\\\/Novotek_header_1920x800px.jpg.webp\",\"datePublished\":\"2022-02-04T13:56:59+00:00\",\"dateModified\":\"2025-09-29T13:52:10+00:00\",\"description\":\"F\u00fcr die Chemii liefern wir L\u00f6sungen, die das Produktionsmanagement digitalisieren - sammeln, speichern und visualisiern von Produktionsdaten.\",\"breadcrumb\":{\"@id\":\"https:\\\/\\\/www.novotek.com\\\/ch\\\/industrie\\\/chemie\\\/#breadcrumb\"},\"inLanguage\":\"de-CH\",\"potentialAction\":[{\"@type\":\"ReadAction\",\"target\":[\"https:\\\/\\\/www.novotek.com\\\/ch\\\/industrie\\\/chemie\\\/\"]}]},{\"@type\":\"ImageObject\",\"inLanguage\":\"de-CH\",\"@id\":\"https:\\\/\\\/www.novotek.com\\\/ch\\\/industrie\\\/chemie\\\/#primaryimage\",\"url\":\"https:\\\/\\\/www.novotek.com\\\/ch\\\/wp-content\\\/uploads\\\/sites\\\/3\\\/2021\\\/Novotek_UK\\\/Industries\\\/Petroleum_Gas_Chemicals\\\/Novotek_header_1920x800px.jpg.webp\",\"contentUrl\":\"https:\\\/\\\/www.novotek.com\\\/ch\\\/wp-content\\\/uploads\\\/sites\\\/3\\\/2021\\\/Novotek_UK\\\/Industries\\\/Petroleum_Gas_Chemicals\\\/Novotek_header_1920x800px.jpg.webp\",\"width\":1920,\"height\":800},{\"@type\":\"BreadcrumbList\",\"@id\":\"https:\\\/\\\/www.novotek.com\\\/ch\\\/industrie\\\/chemie\\\/#breadcrumb\",\"itemListElement\":[{\"@type\":\"ListItem\",\"position\":1,\"name\":\"Home\",\"item\":\"https:\\\/\\\/www.novotek.com\\\/ch\\\/\"},{\"@type\":\"ListItem\",\"position\":2,\"name\":\"Industrie\",\"item\":\"https:\\\/\\\/www.novotek.com\\\/ch\\\/industrie\\\/\"},{\"@type\":\"ListItem\",\"position\":3,\"name\":\"Chemie\"}]},{\"@type\":\"WebSite\",\"@id\":\"https:\\\/\\\/www.novotek.com\\\/ch\\\/#website\",\"url\":\"https:\\\/\\\/www.novotek.com\\\/ch\\\/\",\"name\":\"Novotek Switzerland AG\",\"description\":\"Connect - Digitalize - Optimize\",\"publisher\":{\"@id\":\"https:\\\/\\\/www.novotek.com\\\/ch\\\/#organization\"},\"potentialAction\":[{\"@type\":\"SearchAction\",\"target\":{\"@type\":\"EntryPoint\",\"urlTemplate\":\"https:\\\/\\\/www.novotek.com\\\/ch\\\/?s={search_term_string}\"},\"query-input\":{\"@type\":\"PropertyValueSpecification\",\"valueRequired\":true,\"valueName\":\"search_term_string\"}}],\"inLanguage\":\"de-CH\"},{\"@type\":\"Organization\",\"@id\":\"https:\\\/\\\/www.novotek.com\\\/ch\\\/#organization\",\"name\":\"Novotek Switzerland AG\",\"url\":\"https:\\\/\\\/www.novotek.com\\\/ch\\\/\",\"logo\":{\"@type\":\"ImageObject\",\"inLanguage\":\"de-CH\",\"@id\":\"https:\\\/\\\/www.novotek.com\\\/ch\\\/#\\\/schema\\\/logo\\\/image\\\/\",\"url\":\"https:\\\/\\\/www.novotek.com\\\/ch\\\/wp-content\\\/uploads\\\/sites\\\/3\\\/novotek-symbol-rgb-pos-white-border-512x512-1.png\",\"contentUrl\":\"https:\\\/\\\/www.novotek.com\\\/ch\\\/wp-content\\\/uploads\\\/sites\\\/3\\\/novotek-symbol-rgb-pos-white-border-512x512-1.png\",\"width\":512,\"height\":512,\"caption\":\"Novotek Switzerland AG\"},\"image\":{\"@id\":\"https:\\\/\\\/www.novotek.com\\\/ch\\\/#\\\/schema\\\/logo\\\/image\\\/\"}}]}<\/script>\n<!-- \/ Yoast SEO plugin. -->","yoast_head_json":{"title":"Chemie - Novotek Switzerland","description":"F\u00fcr die Chemii liefern wir L\u00f6sungen, die das Produktionsmanagement digitalisieren - sammeln, speichern und visualisiern von Produktionsdaten.","robots":{"index":"index","follow":"follow","max-snippet":"max-snippet:-1","max-image-preview":"max-image-preview:large","max-video-preview":"max-video-preview:-1"},"canonical":"https:\/\/www.novotek.com\/ch\/industrie\/chemie\/","og_locale":"de_DE","og_type":"article","og_title":"Chemie - Novotek Switzerland","og_description":"F\u00fcr die Chemii liefern wir L\u00f6sungen, die das Produktionsmanagement digitalisieren - sammeln, speichern und visualisiern von Produktionsdaten.","og_url":"https:\/\/www.novotek.com\/ch\/industrie\/chemie\/","og_site_name":"Novotek CH","article_modified_time":"2025-09-29T13:52:10+00:00","og_image":[{"width":1920,"height":800,"url":"https:\/\/www.novotek.com\/ch\/wp-content\/uploads\/sites\/3\/2021\/Novotek_UK\/Industries\/Petroleum_Gas_Chemicals\/Novotek_header_1920x800px.jpg.webp","type":"image\/jpeg"}],"twitter_card":"summary_large_image","twitter_misc":{"Gesch\u00e4tzte Lesezeit":"2\u00a0Minuten"},"schema":{"@context":"https:\/\/schema.org","@graph":[{"@type":"WebPage","@id":"https:\/\/www.novotek.com\/ch\/industrie\/chemie\/","url":"https:\/\/www.novotek.com\/ch\/industrie\/chemie\/","name":"Chemie - Novotek Switzerland","isPartOf":{"@id":"https:\/\/www.novotek.com\/ch\/#website"},"primaryImageOfPage":{"@id":"https:\/\/www.novotek.com\/ch\/industrie\/chemie\/#primaryimage"},"image":{"@id":"https:\/\/www.novotek.com\/ch\/industrie\/chemie\/#primaryimage"},"thumbnailUrl":"https:\/\/www.novotek.com\/ch\/wp-content\/uploads\/sites\/3\/2021\/Novotek_UK\/Industries\/Petroleum_Gas_Chemicals\/Novotek_header_1920x800px.jpg.webp","datePublished":"2022-02-04T13:56:59+00:00","dateModified":"2025-09-29T13:52:10+00:00","description":"F\u00fcr die Chemii liefern wir L\u00f6sungen, die das Produktionsmanagement digitalisieren - sammeln, speichern und visualisiern von Produktionsdaten.","breadcrumb":{"@id":"https:\/\/www.novotek.com\/ch\/industrie\/chemie\/#breadcrumb"},"inLanguage":"de-CH","potentialAction":[{"@type":"ReadAction","target":["https:\/\/www.novotek.com\/ch\/industrie\/chemie\/"]}]},{"@type":"ImageObject","inLanguage":"de-CH","@id":"https:\/\/www.novotek.com\/ch\/industrie\/chemie\/#primaryimage","url":"https:\/\/www.novotek.com\/ch\/wp-content\/uploads\/sites\/3\/2021\/Novotek_UK\/Industries\/Petroleum_Gas_Chemicals\/Novotek_header_1920x800px.jpg.webp","contentUrl":"https:\/\/www.novotek.com\/ch\/wp-content\/uploads\/sites\/3\/2021\/Novotek_UK\/Industries\/Petroleum_Gas_Chemicals\/Novotek_header_1920x800px.jpg.webp","width":1920,"height":800},{"@type":"BreadcrumbList","@id":"https:\/\/www.novotek.com\/ch\/industrie\/chemie\/#breadcrumb","itemListElement":[{"@type":"ListItem","position":1,"name":"Home","item":"https:\/\/www.novotek.com\/ch\/"},{"@type":"ListItem","position":2,"name":"Industrie","item":"https:\/\/www.novotek.com\/ch\/industrie\/"},{"@type":"ListItem","position":3,"name":"Chemie"}]},{"@type":"WebSite","@id":"https:\/\/www.novotek.com\/ch\/#website","url":"https:\/\/www.novotek.com\/ch\/","name":"Novotek Switzerland AG","description":"Connect - Digitalize - Optimize","publisher":{"@id":"https:\/\/www.novotek.com\/ch\/#organization"},"potentialAction":[{"@type":"SearchAction","target":{"@type":"EntryPoint","urlTemplate":"https:\/\/www.novotek.com\/ch\/?s={search_term_string}"},"query-input":{"@type":"PropertyValueSpecification","valueRequired":true,"valueName":"search_term_string"}}],"inLanguage":"de-CH"},{"@type":"Organization","@id":"https:\/\/www.novotek.com\/ch\/#organization","name":"Novotek Switzerland AG","url":"https:\/\/www.novotek.com\/ch\/","logo":{"@type":"ImageObject","inLanguage":"de-CH","@id":"https:\/\/www.novotek.com\/ch\/#\/schema\/logo\/image\/","url":"https:\/\/www.novotek.com\/ch\/wp-content\/uploads\/sites\/3\/novotek-symbol-rgb-pos-white-border-512x512-1.png","contentUrl":"https:\/\/www.novotek.com\/ch\/wp-content\/uploads\/sites\/3\/novotek-symbol-rgb-pos-white-border-512x512-1.png","width":512,"height":512,"caption":"Novotek Switzerland AG"},"image":{"@id":"https:\/\/www.novotek.com\/ch\/#\/schema\/logo\/image\/"}}]}},"_links":{"self":[{"href":"https:\/\/www.novotek.com\/ch\/wp-json\/wp\/v2\/pages\/3129","targetHints":{"allow":["GET"]}}],"collection":[{"href":"https:\/\/www.novotek.com\/ch\/wp-json\/wp\/v2\/pages"}],"about":[{"href":"https:\/\/www.novotek.com\/ch\/wp-json\/wp\/v2\/types\/page"}],"author":[{"embeddable":true,"href":"https:\/\/www.novotek.com\/ch\/wp-json\/wp\/v2\/users\/15"}],"replies":[{"embeddable":true,"href":"https:\/\/www.novotek.com\/ch\/wp-json\/wp\/v2\/comments?post=3129"}],"version-history":[{"count":39,"href":"https:\/\/www.novotek.com\/ch\/wp-json\/wp\/v2\/pages\/3129\/revisions"}],"predecessor-version":[{"id":27828,"href":"https:\/\/www.novotek.com\/ch\/wp-json\/wp\/v2\/pages\/3129\/revisions\/27828"}],"up":[{"embeddable":true,"href":"https:\/\/www.novotek.com\/ch\/wp-json\/wp\/v2\/pages\/177"}],"wp:featuredmedia":[{"embeddable":true,"href":"https:\/\/www.novotek.com\/ch\/wp-json\/wp\/v2\/media\/3132"}],"wp:attachment":[{"href":"https:\/\/www.novotek.com\/ch\/wp-json\/wp\/v2\/media?parent=3129"}],"curies":[{"name":"wp","href":"https:\/\/api.w.org\/{rel}","templated":true}]}}