{"id":8182,"date":"2022-07-14T09:48:48","date_gmt":"2022-07-14T09:48:48","guid":{"rendered":"http:\/\/ch.novotek-multi.dev4.mildmedia-dev.eu\/?page_id=8182"},"modified":"2022-09-12T06:46:18","modified_gmt":"2022-09-12T06:46:18","slug":"massgeschneiderte-beratung","status":"publish","type":"page","link":"https:\/\/www.novotek.com\/ch\/dienstleistungen\/massgeschneiderte-beratung\/","title":{"rendered":"Massgeschneiderte Beratung"},"content":{"rendered":"  <div class=\"hero\">\n    <div class=\"carousel hero-slider small\" data-flickity data-flickity-options='{\"prevNextButtons\": false}'>\n              <div class=\"carousel-cell\">\n          <div class=\"container\">\n            <div class=\"hero-content\">\n                              <h1>Pers\u00f6nliche Beratung<\/h1>\n<p><strong>Ihr Erfolg ist unser Ziel<\/strong><br \/>\nBei der Optimierung Ihrer Produktionsprozesse stehen Ihnen unsere Experten beratend und unterst\u00fctzend zur Seite. Unser wichtigstes Ziel ist es, Ihren Erfolg zu sichern und Sie wettbewerbsf\u00e4hig zu halten.<\/p>\n              \n                          <\/div>\n          <\/div>\n\n          <img decoding=\"async\" width=\"1024\" height=\"426\" src=\"https:\/\/www.novotek.com\/ch\/wp-content\/uploads\/sites\/3\/2021\/Novotek_UK\/We_offer\/Consultancy\/Architectural_and_Solution_Consultancy-1024x426.jpg\" class=\"hero-bg\" alt=\"Hero Img\" fetchpriority=\"high\" srcset=\"https:\/\/www.novotek.com\/ch\/wp-content\/uploads\/sites\/3\/2021\/Novotek_UK\/We_offer\/Consultancy\/Architectural_and_Solution_Consultancy-1024x426.jpg 1024w, https:\/\/www.novotek.com\/ch\/wp-content\/uploads\/sites\/3\/2021\/Novotek_UK\/We_offer\/Consultancy\/Architectural_and_Solution_Consultancy-300x125.jpg 300w, https:\/\/www.novotek.com\/ch\/wp-content\/uploads\/sites\/3\/2021\/Novotek_UK\/We_offer\/Consultancy\/Architectural_and_Solution_Consultancy-768x320.jpg 768w, https:\/\/www.novotek.com\/ch\/wp-content\/uploads\/sites\/3\/2021\/Novotek_UK\/We_offer\/Consultancy\/Architectural_and_Solution_Consultancy-1536x639.jpg 1536w, https:\/\/www.novotek.com\/ch\/wp-content\/uploads\/sites\/3\/2021\/Novotek_UK\/We_offer\/Consultancy\/Architectural_and_Solution_Consultancy.jpg 1920w\" sizes=\"(max-width: 1024px) 100vw, 1024px\" \/>                  <\/div>\n          <\/div>\n\n      <\/div>\n\n   \n\n\n<div class=\"container media-text  \">\n<div class=\"wp-block-media-text alignwide has-media-on-the-right is-stacked-on-mobile\" style=\"grid-template-columns:auto 47%\"><figure class=\"wp-block-media-text__media\"><img loading=\"lazy\" decoding=\"async\" width=\"600\" height=\"600\" src=\"https:\/\/www.novotek.com\/ch\/wp-content\/uploads\/sites\/3\/Careers_Novotek_600x600.jpg\" alt=\"\" class=\"wp-image-7348 size-full\" srcset=\"https:\/\/www.novotek.com\/ch\/wp-content\/uploads\/sites\/3\/Careers_Novotek_600x600.jpg 600w, https:\/\/www.novotek.com\/ch\/wp-content\/uploads\/sites\/3\/Careers_Novotek_600x600-300x300.jpg 300w, https:\/\/www.novotek.com\/ch\/wp-content\/uploads\/sites\/3\/Careers_Novotek_600x600-150x150.jpg 150w\" sizes=\"auto, (max-width: 600px) 100vw, 600px\" \/><\/figure><div class=\"wp-block-media-text__content\"><div class=\"container-md heading  \">\n<h2 class=\"wp-block-heading\" id=\"h-dank-unserem-fachwissen-die-optimale-losung-finden\"><strong>Dank unserem Fachwissen die optimale L\u00f6sung finden<\/strong><\/h2>\n<\/div>\n\n<div class=\"container-md paragraph  \">\n<p>Die besten Leute und die besten Produkte n\u00fctzen nichts, wenn man die spezifischen Bed\u00fcrfnisse des Kunden nicht versteht. Wir sind seit \u00fcber 35 Jahren in diesem Gesch\u00e4ft t\u00e4tig und seit jeher Pioniere in unserem Segment. Gerne geben wir Ihnen die richtigen Werkzeuge an die Hand, damit Sie Ihre Produktionsprozesse optimal gestalten, steuern und verbessern k\u00f6nnen. <\/p>\n<\/div>\n\n<div class=\"container-md paragraph  \">\n<p>Bei uns begegnen Ihnen Praktiker mit langj\u00e4hriger Erfahrung.<\/p>\n<\/div><\/div><\/div>\n<\/div>\n\n<div class=\"container-md spacer  \">\n<div style=\"height:50px\" aria-hidden=\"true\" class=\"wp-block-spacer\"><\/div>\n<\/div>\n\n  <div class=\"slider-column-parent\">\n    <div class=\"container\">\n      <div class=\"slider-column-title\">Unser Angebot<\/div>\n\n      <div class=\"slider-column\">\n        <div class=\"slider-cell carousel-cell large\"><div class=\"column-box\">\n  \n      <div class=\"title\">\n      Pers\u00f6nliche Beratung<\/br>&nbsp;    <\/div>\n  \n      <div class=\"text\">\n      <p><img loading=\"lazy\" decoding=\"async\" class=\"alignnone wp-image-7874 size-full\" src=\"https:\/\/www.novotek.com\/ch\/wp-content\/uploads\/sites\/3\/persoenliche_beratung_300x125.jpg\" alt=\"\" width=\"300\" height=\"125\" \/><\/p>\n<p>&nbsp;<\/p>\n<ul style=\"text-align: left\">\n<li>Konzepte zur digitalen Transformation<\/li>\n<li>Projektberatung &amp; Prozessoptimierung<\/li>\n<li>Digitalisierung manueller Prozessschritte<\/li>\n<li>&#171;Get Future Ready&#187;<\/li>\n<\/ul>\n    <\/div>\n  \n  \n  <\/div>\n\n<\/div><div class=\"slider-cell carousel-cell large\"><div class=\"column-box\">\n  \n      <div class=\"title\">\n      Professionelles Engineering    <\/div>\n  \n      <div class=\"text\">\n      <p><img loading=\"lazy\" decoding=\"async\" class=\"alignnone wp-image-7855 size-full\" src=\"https:\/\/www.novotek.com\/ch\/wp-content\/uploads\/sites\/3\/Novotek_Service_and_Support_Agreements_300x125.jpg\" alt=\"\" width=\"300\" height=\"125\" \/><\/p>\n<p>&nbsp;<\/p>\n<ul style=\"text-align: left\">\n<li>Aufgabenanalyse<\/li>\n<li>Projektkonzeption &amp; Pflichtenheft<\/li>\n<li>Systemauslegung &amp; Architektur<\/li>\n<li>Virtualisierungskonzepte<\/li>\n<li>Optimierung &amp; Transformation<\/li>\n<\/ul>\n    <\/div>\n  \n  \n  <\/div>\n\n<\/div><div class=\"slider-cell carousel-cell large\"><div class=\"column-box\">\n  \n      <div class=\"title\">\n      F\u00fcr fast alle<br> Industriezweige    <\/div>\n  \n      <div class=\"text\">\n      <p><img loading=\"lazy\" decoding=\"async\" class=\"alignnone wp-image-7868 size-full\" src=\"https:\/\/www.novotek.com\/ch\/wp-content\/uploads\/sites\/3\/Industries_header_300x125.jpg\" alt=\"\" width=\"300\" height=\"125\" \/><\/p>\n<p>&nbsp;<\/p>\n<ul style=\"text-align: left\">\n<li>Pharma &amp; Biotec<\/li>\n<li>Chemie<\/li>\n<li>Lebensmittel und Getr\u00e4nke<\/li>\n<li>Umwelttechnik<\/li>\n<li>Infrastruktur<\/li>\n<li>Diskrete Fertigung<\/li>\n<li>Maschinenbau<\/li>\n<\/ul>\n    <\/div>\n  \n  \n  <\/div>\n\n<\/div>      <\/div>\n    <\/div>\n  <\/div>\n\n\n<div class=\"container-md spacer  \">\n<div style=\"height:30px\" aria-hidden=\"true\" class=\"wp-block-spacer\"><\/div>\n<\/div>\n\n<div class=\"cta-block\">\n  <div class=\"container\">\n          <h2><\/br>Lassen Sie uns mehr erz\u00e4hlen!<\/h2>\n    \n          <div><p>Profitieren Sie von unserem Expertenwissen und holen Sie sich bei uns die Informationen<br \/>\nzur digitalen Transformation, der Automatisierung oder der industriellen IT.<\/p>\n<\/div>\n    \n          <a class=\"btn btn-primary\" href=\"https:\/\/www.novotek.com\/ch\/kontakt\/\">Kontaktieren Sie uns<\/a>\n      <\/div>\n<\/div>\n\n\n<div class=\"container-md spacer  \">\n<div style=\"height:20px\" aria-hidden=\"true\" class=\"wp-block-spacer\"><\/div>\n<\/div>","protected":false},"excerpt":{"rendered":"<p>Bei der Gestaltung Ihrer Produktionsprozesse stehen Ihnen unsere Experten beratend und unterst\u00fctzend zur Seite. Denn unser wichtigstes Ziel ist es, Ihren Erfolg zu sichern und Sie wettbewerbsf\u00e4hig zu halten.<\/p>\n","protected":false},"author":15,"featured_media":3171,"parent":8180,"menu_order":1,"comment_status":"closed","ping_status":"closed","template":"","meta":{"_acf_changed":false,"_relevanssi_hide_post":"","_relevanssi_pin_for_all":"","_relevanssi_pin_keywords":"","_relevanssi_unpin_keywords":"","_relevanssi_related_keywords":"","_relevanssi_related_include_ids":"","_relevanssi_related_exclude_ids":"","_relevanssi_related_no_append":"","_relevanssi_related_not_related":"","_relevanssi_related_posts":"3200,3220,3208,3195,3216,3216","_relevanssi_noindex_reason":"","content-type":"","footnotes":""},"class_list":["post-8182","page","type-page","status-publish","has-post-thumbnail","hentry"],"acf":[],"yoast_head":"<!-- This site is optimized with the Yoast SEO plugin v27.4 - https:\/\/yoast.com\/product\/yoast-seo-wordpress\/ -->\n<title>Pers\u00f6nliche Beratung und professionelles Engineering - Novotek<\/title>\n<meta name=\"description\" content=\"Ihr Erfolg ist unser Ziel. Bei der Gestaltung Ihrer Produktionsprozesse stehen Ihnen unsere Experten mit Beratung und Engineering zur Seite.\" \/>\n<meta name=\"robots\" content=\"index, follow, max-snippet:-1, max-image-preview:large, max-video-preview:-1\" \/>\n<link rel=\"canonical\" href=\"https:\/\/www.novotek.com\/ch\/dienstleistungen\/massgeschneiderte-beratung\/\" \/>\n<meta property=\"og:locale\" content=\"de_DE\" \/>\n<meta property=\"og:type\" content=\"article\" \/>\n<meta property=\"og:title\" content=\"Pers\u00f6nliche Beratung und professionelles Engineering - Novotek\" \/>\n<meta property=\"og:description\" content=\"Ihr Erfolg ist unser Ziel. Bei der Gestaltung Ihrer Produktionsprozesse stehen Ihnen unsere Experten mit Beratung und Engineering zur Seite.\" \/>\n<meta property=\"og:url\" content=\"https:\/\/www.novotek.com\/ch\/dienstleistungen\/massgeschneiderte-beratung\/\" \/>\n<meta property=\"og:site_name\" content=\"Novotek CH\" \/>\n<meta property=\"article:modified_time\" content=\"2022-09-12T06:46:18+00:00\" \/>\n<meta property=\"og:image\" content=\"https:\/\/www.novotek.com\/ch\/wp-content\/uploads\/sites\/3\/2021\/Novotek_UK\/We_offer\/Consultancy\/Architectural_and_Solution_Consultancy.jpg\" \/>\n\t<meta property=\"og:image:width\" content=\"1920\" \/>\n\t<meta property=\"og:image:height\" content=\"799\" \/>\n\t<meta property=\"og:image:type\" content=\"image\/jpeg\" \/>\n<meta name=\"twitter:card\" content=\"summary_large_image\" \/>\n<meta name=\"twitter:label1\" content=\"Gesch\u00e4tzte Lesezeit\" \/>\n\t<meta name=\"twitter:data1\" content=\"1\u00a0Minute\" \/>\n<script type=\"application\/ld+json\" class=\"yoast-schema-graph\">{\"@context\":\"https:\\\/\\\/schema.org\",\"@graph\":[{\"@type\":\"WebPage\",\"@id\":\"https:\\\/\\\/www.novotek.com\\\/ch\\\/dienstleistungen\\\/massgeschneiderte-beratung\\\/\",\"url\":\"https:\\\/\\\/www.novotek.com\\\/ch\\\/dienstleistungen\\\/massgeschneiderte-beratung\\\/\",\"name\":\"Pers\u00f6nliche Beratung und professionelles Engineering - Novotek\",\"isPartOf\":{\"@id\":\"https:\\\/\\\/www.novotek.com\\\/ch\\\/#website\"},\"primaryImageOfPage\":{\"@id\":\"https:\\\/\\\/www.novotek.com\\\/ch\\\/dienstleistungen\\\/massgeschneiderte-beratung\\\/#primaryimage\"},\"image\":{\"@id\":\"https:\\\/\\\/www.novotek.com\\\/ch\\\/dienstleistungen\\\/massgeschneiderte-beratung\\\/#primaryimage\"},\"thumbnailUrl\":\"https:\\\/\\\/www.novotek.com\\\/ch\\\/wp-content\\\/uploads\\\/sites\\\/3\\\/2021\\\/Novotek_UK\\\/We_offer\\\/Consultancy\\\/Architectural_and_Solution_Consultancy.jpg\",\"datePublished\":\"2022-07-14T09:48:48+00:00\",\"dateModified\":\"2022-09-12T06:46:18+00:00\",\"description\":\"Ihr Erfolg ist unser Ziel. Bei der Gestaltung Ihrer Produktionsprozesse stehen Ihnen unsere Experten mit Beratung und Engineering zur Seite.\",\"breadcrumb\":{\"@id\":\"https:\\\/\\\/www.novotek.com\\\/ch\\\/dienstleistungen\\\/massgeschneiderte-beratung\\\/#breadcrumb\"},\"inLanguage\":\"de-CH\",\"potentialAction\":[{\"@type\":\"ReadAction\",\"target\":[\"https:\\\/\\\/www.novotek.com\\\/ch\\\/dienstleistungen\\\/massgeschneiderte-beratung\\\/\"]}]},{\"@type\":\"ImageObject\",\"inLanguage\":\"de-CH\",\"@id\":\"https:\\\/\\\/www.novotek.com\\\/ch\\\/dienstleistungen\\\/massgeschneiderte-beratung\\\/#primaryimage\",\"url\":\"https:\\\/\\\/www.novotek.com\\\/ch\\\/wp-content\\\/uploads\\\/sites\\\/3\\\/2021\\\/Novotek_UK\\\/We_offer\\\/Consultancy\\\/Architectural_and_Solution_Consultancy.jpg\",\"contentUrl\":\"https:\\\/\\\/www.novotek.com\\\/ch\\\/wp-content\\\/uploads\\\/sites\\\/3\\\/2021\\\/Novotek_UK\\\/We_offer\\\/Consultancy\\\/Architectural_and_Solution_Consultancy.jpg\",\"width\":1920,\"height\":799,\"caption\":\"Beratung f&uuml;r Architekturen und L&ouml;sungen\"},{\"@type\":\"BreadcrumbList\",\"@id\":\"https:\\\/\\\/www.novotek.com\\\/ch\\\/dienstleistungen\\\/massgeschneiderte-beratung\\\/#breadcrumb\",\"itemListElement\":[{\"@type\":\"ListItem\",\"position\":1,\"name\":\"Home\",\"item\":\"https:\\\/\\\/www.novotek.com\\\/ch\\\/\"},{\"@type\":\"ListItem\",\"position\":2,\"name\":\"Dienstleistungen\",\"item\":\"https:\\\/\\\/www.novotek.com\\\/ch\\\/dienstleistungen\\\/\"},{\"@type\":\"ListItem\",\"position\":3,\"name\":\"Massgeschneiderte Beratung\"}]},{\"@type\":\"WebSite\",\"@id\":\"https:\\\/\\\/www.novotek.com\\\/ch\\\/#website\",\"url\":\"https:\\\/\\\/www.novotek.com\\\/ch\\\/\",\"name\":\"Novotek Switzerland AG\",\"description\":\"Connect - Digitalize - Optimize\",\"publisher\":{\"@id\":\"https:\\\/\\\/www.novotek.com\\\/ch\\\/#organization\"},\"potentialAction\":[{\"@type\":\"SearchAction\",\"target\":{\"@type\":\"EntryPoint\",\"urlTemplate\":\"https:\\\/\\\/www.novotek.com\\\/ch\\\/?s={search_term_string}\"},\"query-input\":{\"@type\":\"PropertyValueSpecification\",\"valueRequired\":true,\"valueName\":\"search_term_string\"}}],\"inLanguage\":\"de-CH\"},{\"@type\":\"Organization\",\"@id\":\"https:\\\/\\\/www.novotek.com\\\/ch\\\/#organization\",\"name\":\"Novotek Switzerland AG\",\"url\":\"https:\\\/\\\/www.novotek.com\\\/ch\\\/\",\"logo\":{\"@type\":\"ImageObject\",\"inLanguage\":\"de-CH\",\"@id\":\"https:\\\/\\\/www.novotek.com\\\/ch\\\/#\\\/schema\\\/logo\\\/image\\\/\",\"url\":\"https:\\\/\\\/www.novotek.com\\\/ch\\\/wp-content\\\/uploads\\\/sites\\\/3\\\/novotek-symbol-rgb-pos-white-border-512x512-1.png\",\"contentUrl\":\"https:\\\/\\\/www.novotek.com\\\/ch\\\/wp-content\\\/uploads\\\/sites\\\/3\\\/novotek-symbol-rgb-pos-white-border-512x512-1.png\",\"width\":512,\"height\":512,\"caption\":\"Novotek Switzerland AG\"},\"image\":{\"@id\":\"https:\\\/\\\/www.novotek.com\\\/ch\\\/#\\\/schema\\\/logo\\\/image\\\/\"}}]}<\/script>\n<!-- \/ Yoast SEO plugin. -->","yoast_head_json":{"title":"Pers\u00f6nliche Beratung und professionelles Engineering - Novotek","description":"Ihr Erfolg ist unser Ziel. Bei der Gestaltung Ihrer Produktionsprozesse stehen Ihnen unsere Experten mit Beratung und Engineering zur Seite.","robots":{"index":"index","follow":"follow","max-snippet":"max-snippet:-1","max-image-preview":"max-image-preview:large","max-video-preview":"max-video-preview:-1"},"canonical":"https:\/\/www.novotek.com\/ch\/dienstleistungen\/massgeschneiderte-beratung\/","og_locale":"de_DE","og_type":"article","og_title":"Pers\u00f6nliche Beratung und professionelles Engineering - Novotek","og_description":"Ihr Erfolg ist unser Ziel. Bei der Gestaltung Ihrer Produktionsprozesse stehen Ihnen unsere Experten mit Beratung und Engineering zur Seite.","og_url":"https:\/\/www.novotek.com\/ch\/dienstleistungen\/massgeschneiderte-beratung\/","og_site_name":"Novotek CH","article_modified_time":"2022-09-12T06:46:18+00:00","og_image":[{"width":1920,"height":799,"url":"https:\/\/www.novotek.com\/ch\/wp-content\/uploads\/sites\/3\/2021\/Novotek_UK\/We_offer\/Consultancy\/Architectural_and_Solution_Consultancy.jpg","type":"image\/jpeg"}],"twitter_card":"summary_large_image","twitter_misc":{"Gesch\u00e4tzte Lesezeit":"1\u00a0Minute"},"schema":{"@context":"https:\/\/schema.org","@graph":[{"@type":"WebPage","@id":"https:\/\/www.novotek.com\/ch\/dienstleistungen\/massgeschneiderte-beratung\/","url":"https:\/\/www.novotek.com\/ch\/dienstleistungen\/massgeschneiderte-beratung\/","name":"Pers\u00f6nliche Beratung und professionelles Engineering - Novotek","isPartOf":{"@id":"https:\/\/www.novotek.com\/ch\/#website"},"primaryImageOfPage":{"@id":"https:\/\/www.novotek.com\/ch\/dienstleistungen\/massgeschneiderte-beratung\/#primaryimage"},"image":{"@id":"https:\/\/www.novotek.com\/ch\/dienstleistungen\/massgeschneiderte-beratung\/#primaryimage"},"thumbnailUrl":"https:\/\/www.novotek.com\/ch\/wp-content\/uploads\/sites\/3\/2021\/Novotek_UK\/We_offer\/Consultancy\/Architectural_and_Solution_Consultancy.jpg","datePublished":"2022-07-14T09:48:48+00:00","dateModified":"2022-09-12T06:46:18+00:00","description":"Ihr Erfolg ist unser Ziel. Bei der Gestaltung Ihrer Produktionsprozesse stehen Ihnen unsere Experten mit Beratung und Engineering zur Seite.","breadcrumb":{"@id":"https:\/\/www.novotek.com\/ch\/dienstleistungen\/massgeschneiderte-beratung\/#breadcrumb"},"inLanguage":"de-CH","potentialAction":[{"@type":"ReadAction","target":["https:\/\/www.novotek.com\/ch\/dienstleistungen\/massgeschneiderte-beratung\/"]}]},{"@type":"ImageObject","inLanguage":"de-CH","@id":"https:\/\/www.novotek.com\/ch\/dienstleistungen\/massgeschneiderte-beratung\/#primaryimage","url":"https:\/\/www.novotek.com\/ch\/wp-content\/uploads\/sites\/3\/2021\/Novotek_UK\/We_offer\/Consultancy\/Architectural_and_Solution_Consultancy.jpg","contentUrl":"https:\/\/www.novotek.com\/ch\/wp-content\/uploads\/sites\/3\/2021\/Novotek_UK\/We_offer\/Consultancy\/Architectural_and_Solution_Consultancy.jpg","width":1920,"height":799,"caption":"Beratung f&uuml;r Architekturen und L&ouml;sungen"},{"@type":"BreadcrumbList","@id":"https:\/\/www.novotek.com\/ch\/dienstleistungen\/massgeschneiderte-beratung\/#breadcrumb","itemListElement":[{"@type":"ListItem","position":1,"name":"Home","item":"https:\/\/www.novotek.com\/ch\/"},{"@type":"ListItem","position":2,"name":"Dienstleistungen","item":"https:\/\/www.novotek.com\/ch\/dienstleistungen\/"},{"@type":"ListItem","position":3,"name":"Massgeschneiderte Beratung"}]},{"@type":"WebSite","@id":"https:\/\/www.novotek.com\/ch\/#website","url":"https:\/\/www.novotek.com\/ch\/","name":"Novotek Switzerland AG","description":"Connect - Digitalize - Optimize","publisher":{"@id":"https:\/\/www.novotek.com\/ch\/#organization"},"potentialAction":[{"@type":"SearchAction","target":{"@type":"EntryPoint","urlTemplate":"https:\/\/www.novotek.com\/ch\/?s={search_term_string}"},"query-input":{"@type":"PropertyValueSpecification","valueRequired":true,"valueName":"search_term_string"}}],"inLanguage":"de-CH"},{"@type":"Organization","@id":"https:\/\/www.novotek.com\/ch\/#organization","name":"Novotek Switzerland AG","url":"https:\/\/www.novotek.com\/ch\/","logo":{"@type":"ImageObject","inLanguage":"de-CH","@id":"https:\/\/www.novotek.com\/ch\/#\/schema\/logo\/image\/","url":"https:\/\/www.novotek.com\/ch\/wp-content\/uploads\/sites\/3\/novotek-symbol-rgb-pos-white-border-512x512-1.png","contentUrl":"https:\/\/www.novotek.com\/ch\/wp-content\/uploads\/sites\/3\/novotek-symbol-rgb-pos-white-border-512x512-1.png","width":512,"height":512,"caption":"Novotek Switzerland AG"},"image":{"@id":"https:\/\/www.novotek.com\/ch\/#\/schema\/logo\/image\/"}}]}},"_links":{"self":[{"href":"https:\/\/www.novotek.com\/ch\/wp-json\/wp\/v2\/pages\/8182","targetHints":{"allow":["GET"]}}],"collection":[{"href":"https:\/\/www.novotek.com\/ch\/wp-json\/wp\/v2\/pages"}],"about":[{"href":"https:\/\/www.novotek.com\/ch\/wp-json\/wp\/v2\/types\/page"}],"author":[{"embeddable":true,"href":"https:\/\/www.novotek.com\/ch\/wp-json\/wp\/v2\/users\/15"}],"replies":[{"embeddable":true,"href":"https:\/\/www.novotek.com\/ch\/wp-json\/wp\/v2\/comments?post=8182"}],"version-history":[{"count":14,"href":"https:\/\/www.novotek.com\/ch\/wp-json\/wp\/v2\/pages\/8182\/revisions"}],"predecessor-version":[{"id":11963,"href":"https:\/\/www.novotek.com\/ch\/wp-json\/wp\/v2\/pages\/8182\/revisions\/11963"}],"up":[{"embeddable":true,"href":"https:\/\/www.novotek.com\/ch\/wp-json\/wp\/v2\/pages\/8180"}],"wp:featuredmedia":[{"embeddable":true,"href":"https:\/\/www.novotek.com\/ch\/wp-json\/wp\/v2\/media\/3171"}],"wp:attachment":[{"href":"https:\/\/www.novotek.com\/ch\/wp-json\/wp\/v2\/media?parent=8182"}],"curies":[{"name":"wp","href":"https:\/\/api.w.org\/{rel}","templated":true}]}}