{"id":8190,"date":"2022-07-14T09:55:38","date_gmt":"2022-07-14T09:55:38","guid":{"rendered":"http:\/\/ch.novotek-multi.dev4.mildmedia-dev.eu\/?page_id=8190"},"modified":"2025-03-07T15:39:20","modified_gmt":"2025-03-07T15:39:20","slug":"effiziente-produktionsdatenerfassung","status":"publish","type":"page","link":"https:\/\/www.novotek.com\/ch\/effiziente-produktionsdatenerfassung\/","title":{"rendered":"Datenerfassung"},"content":{"rendered":"<div class=\"container-md paragraph  \">\n<p><\/p>\n<\/div>\n\n  <div class=\"hero\">\n    <div class=\"carousel hero-slider small\" data-flickity data-flickity-options='{\"prevNextButtons\": false}'>\n              <div class=\"carousel-cell\">\n          <div class=\"container\">\n            <div class=\"hero-content\">\n                              <h1>Gewinnen Sie Wissen aus Ihren Daten!<\/h1>\n<p>Aufgezeichnete Prozessdaten bilden die Basis f\u00fcr Qualit\u00e4tsnachweise, Auswertungen und fundierte Analysen.<\/p>\n<p>&nbsp;<\/p>\n              \n                          <\/div>\n          <\/div>\n\n          <img decoding=\"async\" width=\"1024\" height=\"427\" src=\"https:\/\/www.novotek.com\/ch\/wp-content\/uploads\/sites\/3\/Produktionsdatenerfassung_1920x800px-1024x427.jpg.webp\" class=\"hero-bg\" alt=\"Hero Img\" fetchpriority=\"high\" srcset=\"https:\/\/www.novotek.com\/ch\/wp-content\/uploads\/sites\/3\/Produktionsdatenerfassung_1920x800px-1024x427.jpg.webp 1024w, https:\/\/www.novotek.com\/ch\/wp-content\/uploads\/sites\/3\/Produktionsdatenerfassung_1920x800px-300x125.jpg.webp 300w, https:\/\/www.novotek.com\/ch\/wp-content\/uploads\/sites\/3\/Produktionsdatenerfassung_1920x800px-768x320.jpg.webp 768w, https:\/\/www.novotek.com\/ch\/wp-content\/uploads\/sites\/3\/Produktionsdatenerfassung_1920x800px-1536x640.jpg.webp 1536w, https:\/\/www.novotek.com\/ch\/wp-content\/uploads\/sites\/3\/Produktionsdatenerfassung_1920x800px.jpg.webp 1920w\" sizes=\"(max-width: 1024px) 100vw, 1024px\" \/>                  <\/div>\n          <\/div>\n\n      <\/div>\n\n   \n\n\n<div class=\"container-md paragraph  \">\n<p>Intelligente Tools f\u00fcr die effiziente Produktionsdatenerfassung und Berichterstattung geben Ihnen einen genauen Einblick in die Prozesse und die Produktion Ihres Unternehmens.&nbsp;Durch den schnellen und einfachen Zugriff auf Produktionsdaten k\u00f6nnen Sie und Ihre Mitarbeiter rasch die richtigen Entscheidungen treffen.<\/p>\n<\/div>\n\n<div class=\"container-md spacer  \">\n<div style=\"height:14px\" aria-hidden=\"true\" class=\"wp-block-spacer\"><\/div>\n<\/div>\n\n<div class=\"container-md heading  \">\n<h2 class=\"wp-block-heading\" id=\"h-nutzen-sie-ihre-prozessdaten\"><strong><strong>Nutzen Sie Ihre Prozessdaten<\/strong><\/strong> <\/h2>\n<\/div>\n\n<div class=\"container-md paragraph  \">\n<p>Eine industrielle Produktionsdatenerfassung ist der &#171;Flugschreiber&#187; Ihrer Produktion. Ein solches System zeichnet kontinuierlich alle relevanten Daten aus den Anlagensteuerungen (SPS) und HMI\/SCADAs auf.<\/p>\n<\/div>\n\n<div class=\"container-md paragraph  \">\n<p>Mit diesen Erkenntnissen k\u00f6nnen Sie:<\/p>\n<\/div>\n\n<div class=\"container-md list  \">\n<ul class=\"wp-block-list\"><div class=\"container-md list-item  \">\n<li>Ausfallzeiten reduzieren <\/li>\n<\/div>\n\n<div class=\"container-md list-item  \">\n<li>Leistung und Qualit\u00e4t messen und verbessern <\/li>\n<\/div>\n\n<div class=\"container-md list-item  \">\n<li>Qualit\u00e4tsnachweise und Berichte erstellen<\/li>\n<\/div>\n\n<div class=\"container-md list-item  \">\n<li>Durchlaufzeiten optimieren<\/li>\n<\/div>\n\n<div class=\"container-md list-item  \">\n<li>Produktionsprozesse zur\u00fcckverfolgen<\/li>\n<\/div><\/ul>\n<\/div>\n\n<div class=\"container-md paragraph  \">\n<p><strong>Das Ergebnis ist ein optimaler und wirtschaftlicherer Betrieb.<\/strong><\/p>\n<\/div>\n\n<div class=\"container-md spacer  \">\n<div style=\"height:33px\" aria-hidden=\"true\" class=\"wp-block-spacer\"><\/div>\n<\/div>\n\n<div class=\"container media-text  align\">\n<div class=\"wp-block-media-text is-stacked-on-mobile\" style=\"grid-template-columns:45% auto\"><figure class=\"wp-block-media-text__media\"><img decoding=\"async\" src=\"https:\/\/www.novotek.com\/ch\/wp-content\/uploads\/sites\/3\/2021\/Novotek_UK\/Front_Page\/Connect\/Connect_illustration_600x600px-1024x719.png\" alt=\"Digitale Reise\" class=\"wp-image-3098 size-full\" \/><\/figure><div class=\"wp-block-media-text__content\"><div class=\"container-md heading  \">\n<h3 class=\"wp-block-heading\" id=\"h-effiziente-produktionsdatenerfassung\">Effiziente Produktionsdatenerfassung<\/h3>\n<\/div>\n\n<div class=\"container-md paragraph  \">\n<p>Eine industrielle Prozessdatenbank ist f\u00fcr die Erfassung, Speicherung und Verteilung gro\u00dfer Mengen von Produktionsdaten ausgelegt.&nbsp;Dabei werden alle Prozessdaten sowie Alarme und Ereignisse von verschiedenen Systemen und Servern als Historie protokolliert.&nbsp;Unsere Datenbanken sind skalierbar und k\u00f6nnen mit den Anlagen wachsen.&nbsp;Redundanz kann f\u00fcr eine bessere Sicherheit rund um kritische Daten realisiert werden.<\/p>\n<\/div>\n\n<div class=\"container-md heading  \">\n<h3 class=\"wp-block-heading\" id=\"h-berichtserstellung-und-reporting\">Berichtserstellung und Reporting<\/h3>\n<\/div>\n\n<div class=\"container-md paragraph  \">\n<p>Die Berichterstellung erm\u00f6glicht Ihnen, die schnelle und effiziente Darstellung der aktuellen und vergangenen Produktionsabl\u00e4ufen im gew\u00fcnschten Format anzuzeigen. Unsere L\u00f6sungen sind webbasiert. So k\u00f6nnen Sie jederzeit und \u00fcberall aktualisierte Berichte f\u00fcr den ausgew\u00e4hlten Zeitraum oder einen gew\u00fcnschten Produktionsauftrag abrufen. <\/p>\n<\/div><\/div><\/div>\n<\/div>\n\n<div class=\"container-md spacer  \">\n<div style=\"height:32px\" aria-hidden=\"true\" class=\"wp-block-spacer\"><\/div>\n<\/div>\n\n<div class=\"container-md heading  \">\n<h2 class=\"wp-block-heading\" id=\"h-industrielle-historians-vs-relationale-datenbanken\">Industrielle Historians vs. relationale Datenbanken<\/h2>\n<\/div>\n\n<div class=\"container-md paragraph  \">\n<p>Ein wichtiger Faktor bei der Erw\u00e4gung der Implementierung einer industriellen Datenaufzeichnungsl\u00f6sung ist das Erkennen des Unterschieds zwischen Produktions- und Gesch\u00e4ftsdaten. Viele Unternehmen m\u00f6chten ein Fertigungsdatenarchiv genauso angehen wie ein Unternehmensarchiv \u2013 mit einer traditionellen relationalen Datenbank.<\/p>\n<\/div>\n\n<div class=\"container-md paragraph  \">\n<p>Der wichtigste Unterschied ist, dass eine Produktion in Echtzeit arbeitet, was eine sehr schnelle Datenerfassung erfordert. Ein industrieller Historian bietet eine \u00fcber 1000x-mal schnellere Lese-\/Schreibleistung gegen\u00fcber einer relationalen Datenbank und erreicht eine Aufl\u00f6sung von 1 Millisekunde. Das sind sehr wichtige Kriterien! Dar\u00fcber hinaus ist der industrielle Historian f\u00fcr \u201eZeitreihen\u201c-Daten optimiert, w\u00e4hrend eine relationale Datenbank zur Verwaltung von Beziehungen konzipiert ist.<\/p>\n<\/div>\n\n<div class=\"container-md paragraph  \">\n<p>Mit leistungsstarken Komprimierungsalgorithmen kann ein werksweiter Historian Daten \u00fcber Jahre einfach und sicher speichern, was die Leistung steigert und den Wartungsaufwand reduziert.<\/p>\n<\/div>\n\n<div class=\"container-md paragraph  \">\n<p>Wir beraten Sie gerne zu diesem Thema. <a href=\"https:\/\/www.novotek.com\/ch\/kontakt\/\"><strong>Sprechen Sie uns an!<\/strong><\/a><\/p>\n<\/div>\n\n<div class=\"container-md spacer  \">\n<div style=\"height:30px\" aria-hidden=\"true\" class=\"wp-block-spacer\"><\/div>\n<\/div>\n\n<div class=\"container-md paragraph  \">\n<p><\/p>\n<\/div>\n\n  <div class=\"slider-column-parent\">\n    <div class=\"container\">\n      <div class=\"slider-column-title\">Unsere Produkte f\u00fcr die Produktionserfassung<\/div>\n\n      <div class=\"slider-column\">\n        <div class=\"slider-cell carousel-cell large\"><div class=\"column-box\">\n  \n      <div class=\"title\">\n      Proficy Historian<\/br>von GE Vernova    <\/div>\n  \n      <div class=\"text\">\n      <p>Skalierbarer und leistungsstarkes System f\u00fcr die Erfassung und Verteilung von industriellen Betriebs- und Prozessdaten.<\/p>\n    <\/div>\n  \n      <a class=\"link\"  href=\"https:\/\/www.novotek.com\/ch\/smart-factory-mes\/proficy-historian\/\" target=\"\">\n      Proficy Historian    <\/a>\n  \n  <\/div>\n\n<\/div><div class=\"slider-cell carousel-cell large\"><div class=\"column-box\">\n  \n      <div class=\"title\">\n      ACRON    <\/div>\n  \n      <div class=\"text\">\n      <p>Effiziente und skalierbare Archivierungs-, Auswertungs- &amp; Reportingl\u00f6sung speziell f\u00fcr Energie- und Betriebsdaten.<\/p>\n    <\/div>\n  \n      <a class=\"link\"  href=\"https:\/\/www.novotek.com\/ch\/effiziente-produktionsdatenerfassung\/acron\/\" target=\"\">\n      ACRON    <\/a>\n  \n  <\/div>\n\n<\/div>      <\/div>\n    <\/div>\n  <\/div>\n\n\n<div class=\"container-md spacer  \">\n<div style=\"height:20px\" aria-hidden=\"true\" class=\"wp-block-spacer\"><\/div>\n<\/div>\n\n<div class=\"container-md spacer  \">\n<div style=\"height:20px\" aria-hidden=\"true\" class=\"wp-block-spacer\"><\/div>\n<\/div>","protected":false},"excerpt":{"rendered":"<p>Gewinnen Sie Wissen aus Ihren Daten!<\/p>\n<p>Aufgezeichnete Prozessdaten bilden die Basis f\u00fcr Qualit\u00e4tsnachweise, Auswertungen und fundierte Analysen.<\/p>\n","protected":false},"author":14,"featured_media":0,"parent":0,"menu_order":3,"comment_status":"closed","ping_status":"closed","template":"","meta":{"_acf_changed":false,"_relevanssi_hide_post":"","_relevanssi_pin_for_all":"","_relevanssi_pin_keywords":"","_relevanssi_unpin_keywords":"","_relevanssi_related_keywords":"","_relevanssi_related_include_ids":"","_relevanssi_related_exclude_ids":"","_relevanssi_related_no_append":"","_relevanssi_related_not_related":"","_relevanssi_related_posts":"3216,3200,3220,3208,3195","_relevanssi_noindex_reason":"","content-type":"","footnotes":""},"class_list":["post-8190","page","type-page","status-publish","hentry"],"acf":[],"yoast_head":"<!-- This site is optimized with the Yoast SEO plugin v27.4 - https:\/\/yoast.com\/product\/yoast-seo-wordpress\/ -->\n<title>Effiziente Produktionsdatenerfassung<\/title>\n<meta name=\"description\" content=\"Eine effiziente Produktionsdatenerfassung ist die Basis f\u00fcr Qualit\u00e4tsnachweise und die Optimierung von Produktionsprozessen.\" \/>\n<meta name=\"robots\" content=\"index, follow, max-snippet:-1, max-image-preview:large, max-video-preview:-1\" \/>\n<link rel=\"canonical\" href=\"https:\/\/www.novotek.com\/ch\/effiziente-produktionsdatenerfassung\/\" \/>\n<meta property=\"og:locale\" content=\"de_DE\" \/>\n<meta property=\"og:type\" content=\"article\" \/>\n<meta property=\"og:title\" content=\"Effiziente Produktionsdatenerfassung\" \/>\n<meta property=\"og:description\" content=\"Eine effiziente Produktionsdatenerfassung ist die Basis f\u00fcr Qualit\u00e4tsnachweise und die Optimierung von Produktionsprozessen.\" \/>\n<meta property=\"og:url\" content=\"https:\/\/www.novotek.com\/ch\/effiziente-produktionsdatenerfassung\/\" \/>\n<meta property=\"og:site_name\" content=\"Novotek CH\" \/>\n<meta property=\"article:modified_time\" content=\"2025-03-07T15:39:20+00:00\" \/>\n<meta property=\"og:image\" content=\"https:\/\/www.novotek.com\/ch\/wp-content\/uploads\/sites\/3\/2021\/Novotek_UK\/Front_Page\/Connect\/Connect_illustration_600x600px-1024x719.png\" \/>\n<meta name=\"twitter:card\" content=\"summary_large_image\" \/>\n<meta name=\"twitter:label1\" content=\"Gesch\u00e4tzte Lesezeit\" \/>\n\t<meta name=\"twitter:data1\" content=\"3\u00a0Minuten\" \/>\n<script type=\"application\/ld+json\" class=\"yoast-schema-graph\">{\"@context\":\"https:\\\/\\\/schema.org\",\"@graph\":[{\"@type\":\"WebPage\",\"@id\":\"https:\\\/\\\/www.novotek.com\\\/ch\\\/effiziente-produktionsdatenerfassung\\\/\",\"url\":\"https:\\\/\\\/www.novotek.com\\\/ch\\\/effiziente-produktionsdatenerfassung\\\/\",\"name\":\"Effiziente Produktionsdatenerfassung\",\"isPartOf\":{\"@id\":\"https:\\\/\\\/www.novotek.com\\\/ch\\\/#website\"},\"primaryImageOfPage\":{\"@id\":\"https:\\\/\\\/www.novotek.com\\\/ch\\\/effiziente-produktionsdatenerfassung\\\/#primaryimage\"},\"image\":{\"@id\":\"https:\\\/\\\/www.novotek.com\\\/ch\\\/effiziente-produktionsdatenerfassung\\\/#primaryimage\"},\"thumbnailUrl\":\"https:\\\/\\\/www.novotek.com\\\/ch\\\/wp-content\\\/uploads\\\/sites\\\/3\\\/2021\\\/Novotek_UK\\\/Front_Page\\\/Connect\\\/Connect_illustration_600x600px-1024x719.png\",\"datePublished\":\"2022-07-14T09:55:38+00:00\",\"dateModified\":\"2025-03-07T15:39:20+00:00\",\"description\":\"Eine effiziente Produktionsdatenerfassung ist die Basis f\u00fcr Qualit\u00e4tsnachweise und die Optimierung von Produktionsprozessen.\",\"breadcrumb\":{\"@id\":\"https:\\\/\\\/www.novotek.com\\\/ch\\\/effiziente-produktionsdatenerfassung\\\/#breadcrumb\"},\"inLanguage\":\"de-CH\",\"potentialAction\":[{\"@type\":\"ReadAction\",\"target\":[\"https:\\\/\\\/www.novotek.com\\\/ch\\\/effiziente-produktionsdatenerfassung\\\/\"]}]},{\"@type\":\"ImageObject\",\"inLanguage\":\"de-CH\",\"@id\":\"https:\\\/\\\/www.novotek.com\\\/ch\\\/effiziente-produktionsdatenerfassung\\\/#primaryimage\",\"url\":\"https:\\\/\\\/www.novotek.com\\\/ch\\\/wp-content\\\/uploads\\\/sites\\\/3\\\/2021\\\/Novotek_UK\\\/Front_Page\\\/Connect\\\/Connect_illustration_600x600px.png\",\"contentUrl\":\"https:\\\/\\\/www.novotek.com\\\/ch\\\/wp-content\\\/uploads\\\/sites\\\/3\\\/2021\\\/Novotek_UK\\\/Front_Page\\\/Connect\\\/Connect_illustration_600x600px.png\",\"width\":2299,\"height\":1614,\"caption\":\"Digital journey\"},{\"@type\":\"BreadcrumbList\",\"@id\":\"https:\\\/\\\/www.novotek.com\\\/ch\\\/effiziente-produktionsdatenerfassung\\\/#breadcrumb\",\"itemListElement\":[{\"@type\":\"ListItem\",\"position\":1,\"name\":\"Home\",\"item\":\"https:\\\/\\\/www.novotek.com\\\/ch\\\/\"},{\"@type\":\"ListItem\",\"position\":2,\"name\":\"Datenerfassung\"}]},{\"@type\":\"WebSite\",\"@id\":\"https:\\\/\\\/www.novotek.com\\\/ch\\\/#website\",\"url\":\"https:\\\/\\\/www.novotek.com\\\/ch\\\/\",\"name\":\"Novotek Switzerland AG\",\"description\":\"Connect - Digitalize - Optimize\",\"publisher\":{\"@id\":\"https:\\\/\\\/www.novotek.com\\\/ch\\\/#organization\"},\"potentialAction\":[{\"@type\":\"SearchAction\",\"target\":{\"@type\":\"EntryPoint\",\"urlTemplate\":\"https:\\\/\\\/www.novotek.com\\\/ch\\\/?s={search_term_string}\"},\"query-input\":{\"@type\":\"PropertyValueSpecification\",\"valueRequired\":true,\"valueName\":\"search_term_string\"}}],\"inLanguage\":\"de-CH\"},{\"@type\":\"Organization\",\"@id\":\"https:\\\/\\\/www.novotek.com\\\/ch\\\/#organization\",\"name\":\"Novotek Switzerland AG\",\"url\":\"https:\\\/\\\/www.novotek.com\\\/ch\\\/\",\"logo\":{\"@type\":\"ImageObject\",\"inLanguage\":\"de-CH\",\"@id\":\"https:\\\/\\\/www.novotek.com\\\/ch\\\/#\\\/schema\\\/logo\\\/image\\\/\",\"url\":\"https:\\\/\\\/www.novotek.com\\\/ch\\\/wp-content\\\/uploads\\\/sites\\\/3\\\/novotek-symbol-rgb-pos-white-border-512x512-1.png\",\"contentUrl\":\"https:\\\/\\\/www.novotek.com\\\/ch\\\/wp-content\\\/uploads\\\/sites\\\/3\\\/novotek-symbol-rgb-pos-white-border-512x512-1.png\",\"width\":512,\"height\":512,\"caption\":\"Novotek Switzerland AG\"},\"image\":{\"@id\":\"https:\\\/\\\/www.novotek.com\\\/ch\\\/#\\\/schema\\\/logo\\\/image\\\/\"}}]}<\/script>\n<!-- \/ Yoast SEO plugin. -->","yoast_head_json":{"title":"Effiziente Produktionsdatenerfassung","description":"Eine effiziente Produktionsdatenerfassung ist die Basis f\u00fcr Qualit\u00e4tsnachweise und die Optimierung von Produktionsprozessen.","robots":{"index":"index","follow":"follow","max-snippet":"max-snippet:-1","max-image-preview":"max-image-preview:large","max-video-preview":"max-video-preview:-1"},"canonical":"https:\/\/www.novotek.com\/ch\/effiziente-produktionsdatenerfassung\/","og_locale":"de_DE","og_type":"article","og_title":"Effiziente Produktionsdatenerfassung","og_description":"Eine effiziente Produktionsdatenerfassung ist die Basis f\u00fcr Qualit\u00e4tsnachweise und die Optimierung von Produktionsprozessen.","og_url":"https:\/\/www.novotek.com\/ch\/effiziente-produktionsdatenerfassung\/","og_site_name":"Novotek CH","article_modified_time":"2025-03-07T15:39:20+00:00","og_image":[{"url":"https:\/\/www.novotek.com\/ch\/wp-content\/uploads\/sites\/3\/2021\/Novotek_UK\/Front_Page\/Connect\/Connect_illustration_600x600px-1024x719.png","type":"","width":"","height":""}],"twitter_card":"summary_large_image","twitter_misc":{"Gesch\u00e4tzte Lesezeit":"3\u00a0Minuten"},"schema":{"@context":"https:\/\/schema.org","@graph":[{"@type":"WebPage","@id":"https:\/\/www.novotek.com\/ch\/effiziente-produktionsdatenerfassung\/","url":"https:\/\/www.novotek.com\/ch\/effiziente-produktionsdatenerfassung\/","name":"Effiziente Produktionsdatenerfassung","isPartOf":{"@id":"https:\/\/www.novotek.com\/ch\/#website"},"primaryImageOfPage":{"@id":"https:\/\/www.novotek.com\/ch\/effiziente-produktionsdatenerfassung\/#primaryimage"},"image":{"@id":"https:\/\/www.novotek.com\/ch\/effiziente-produktionsdatenerfassung\/#primaryimage"},"thumbnailUrl":"https:\/\/www.novotek.com\/ch\/wp-content\/uploads\/sites\/3\/2021\/Novotek_UK\/Front_Page\/Connect\/Connect_illustration_600x600px-1024x719.png","datePublished":"2022-07-14T09:55:38+00:00","dateModified":"2025-03-07T15:39:20+00:00","description":"Eine effiziente Produktionsdatenerfassung ist die Basis f\u00fcr Qualit\u00e4tsnachweise und die Optimierung von Produktionsprozessen.","breadcrumb":{"@id":"https:\/\/www.novotek.com\/ch\/effiziente-produktionsdatenerfassung\/#breadcrumb"},"inLanguage":"de-CH","potentialAction":[{"@type":"ReadAction","target":["https:\/\/www.novotek.com\/ch\/effiziente-produktionsdatenerfassung\/"]}]},{"@type":"ImageObject","inLanguage":"de-CH","@id":"https:\/\/www.novotek.com\/ch\/effiziente-produktionsdatenerfassung\/#primaryimage","url":"https:\/\/www.novotek.com\/ch\/wp-content\/uploads\/sites\/3\/2021\/Novotek_UK\/Front_Page\/Connect\/Connect_illustration_600x600px.png","contentUrl":"https:\/\/www.novotek.com\/ch\/wp-content\/uploads\/sites\/3\/2021\/Novotek_UK\/Front_Page\/Connect\/Connect_illustration_600x600px.png","width":2299,"height":1614,"caption":"Digital journey"},{"@type":"BreadcrumbList","@id":"https:\/\/www.novotek.com\/ch\/effiziente-produktionsdatenerfassung\/#breadcrumb","itemListElement":[{"@type":"ListItem","position":1,"name":"Home","item":"https:\/\/www.novotek.com\/ch\/"},{"@type":"ListItem","position":2,"name":"Datenerfassung"}]},{"@type":"WebSite","@id":"https:\/\/www.novotek.com\/ch\/#website","url":"https:\/\/www.novotek.com\/ch\/","name":"Novotek Switzerland AG","description":"Connect - Digitalize - Optimize","publisher":{"@id":"https:\/\/www.novotek.com\/ch\/#organization"},"potentialAction":[{"@type":"SearchAction","target":{"@type":"EntryPoint","urlTemplate":"https:\/\/www.novotek.com\/ch\/?s={search_term_string}"},"query-input":{"@type":"PropertyValueSpecification","valueRequired":true,"valueName":"search_term_string"}}],"inLanguage":"de-CH"},{"@type":"Organization","@id":"https:\/\/www.novotek.com\/ch\/#organization","name":"Novotek Switzerland AG","url":"https:\/\/www.novotek.com\/ch\/","logo":{"@type":"ImageObject","inLanguage":"de-CH","@id":"https:\/\/www.novotek.com\/ch\/#\/schema\/logo\/image\/","url":"https:\/\/www.novotek.com\/ch\/wp-content\/uploads\/sites\/3\/novotek-symbol-rgb-pos-white-border-512x512-1.png","contentUrl":"https:\/\/www.novotek.com\/ch\/wp-content\/uploads\/sites\/3\/novotek-symbol-rgb-pos-white-border-512x512-1.png","width":512,"height":512,"caption":"Novotek Switzerland AG"},"image":{"@id":"https:\/\/www.novotek.com\/ch\/#\/schema\/logo\/image\/"}}]}},"_links":{"self":[{"href":"https:\/\/www.novotek.com\/ch\/wp-json\/wp\/v2\/pages\/8190","targetHints":{"allow":["GET"]}}],"collection":[{"href":"https:\/\/www.novotek.com\/ch\/wp-json\/wp\/v2\/pages"}],"about":[{"href":"https:\/\/www.novotek.com\/ch\/wp-json\/wp\/v2\/types\/page"}],"author":[{"embeddable":true,"href":"https:\/\/www.novotek.com\/ch\/wp-json\/wp\/v2\/users\/14"}],"replies":[{"embeddable":true,"href":"https:\/\/www.novotek.com\/ch\/wp-json\/wp\/v2\/comments?post=8190"}],"version-history":[{"count":74,"href":"https:\/\/www.novotek.com\/ch\/wp-json\/wp\/v2\/pages\/8190\/revisions"}],"predecessor-version":[{"id":25413,"href":"https:\/\/www.novotek.com\/ch\/wp-json\/wp\/v2\/pages\/8190\/revisions\/25413"}],"wp:attachment":[{"href":"https:\/\/www.novotek.com\/ch\/wp-json\/wp\/v2\/media?parent=8190"}],"curies":[{"name":"wp","href":"https:\/\/api.w.org\/{rel}","templated":true}]}}