{"id":8239,"date":"2022-07-15T08:57:15","date_gmt":"2022-07-15T08:57:15","guid":{"rendered":"http:\/\/ch.novotek-multi.dev4.mildmedia-dev.eu\/?page_id=8239"},"modified":"2025-10-28T13:07:06","modified_gmt":"2025-10-28T13:07:06","slug":"produktionsreporting","status":"publish","type":"page","link":"https:\/\/www.novotek.com\/ch\/produktionsreporting\/","title":{"rendered":"Dashboard Reporting"},"content":{"rendered":"  <div class=\"hero\">\n    <div class=\"carousel hero-slider small\" data-flickity data-flickity-options='{\"prevNextButtons\": false}'>\n              <div class=\"carousel-cell\">\n          <div class=\"container\">\n            <div class=\"hero-content\">\n                              <h1>Dashboard Reporting &#8211; Daten verst\u00e4ndlich visualisieren<\/h1>\n<p>Informationen und Analysen unterst\u00fctzen Sie bei der Dokumentierung und Optimierung Ihrer Prozesse. Mit aussagekr\u00e4ftigen Informationen zum richtigen Zeitpunkt treffen Sie wichtige Entscheidungen effizient und zielgerichtet.<\/p>\n              \n                          <\/div>\n          <\/div>\n\n          <img decoding=\"async\" width=\"1024\" height=\"684\" src=\"https:\/\/www.novotek.com\/ch\/wp-content\/uploads\/sites\/3\/Data_collection_duotone_1200x800-1024x684-1.jpg.webp\" class=\"hero-bg\" alt=\"Hero Img\" fetchpriority=\"high\" srcset=\"https:\/\/www.novotek.com\/ch\/wp-content\/uploads\/sites\/3\/Data_collection_duotone_1200x800-1024x684-1.jpg.webp 1024w, https:\/\/www.novotek.com\/ch\/wp-content\/uploads\/sites\/3\/Data_collection_duotone_1200x800-1024x684-1-300x200.jpg.webp 300w, https:\/\/www.novotek.com\/ch\/wp-content\/uploads\/sites\/3\/Data_collection_duotone_1200x800-1024x684-1-768x513.jpg.webp 768w\" sizes=\"(max-width: 1024px) 100vw, 1024px\" \/>                  <\/div>\n          <\/div>\n\n      <\/div>\n\n   \n\n\n<div class=\"container-md paragraph  \">\n<p>Ein Datenerfassungs- und Berichtssystem ist ein wichtiges Werkzeug f\u00fcr alle Produktionsunternehmen.&nbsp;Es erm\u00f6glicht den vollautomatisch Zugriff auf n\u00fctzliche Informationen \u00fcber die Produktion.&nbsp;Daf\u00fcr ruft das System Daten von SPSen, HMI\/SCADA, MES und BI-L\u00f6sungen \u00fcber den OPC-Server ab. Mit diesen Erkenntnissen k\u00f6nnen Sie sowohl die Ausfallzeiten reduzieren als auch die Leistung und die Qualit\u00e4t steigern.<\/p>\n<\/div>\n\n<div class=\"container-md paragraph  \">\n<p>Durch die Vermeidung einer manuelle Registrierung, sparen Sie nicht nur Zeit sondern reduzieren menschliche Fehler.&nbsp; <\/p>\n<\/div>\n\n<div class=\"container-md paragraph  \">\n<p>Mit unseren webbasierten L\u00f6sungen rufen Sie jederzeit und von \u00fcberall aktualisierte Berichte zu verschiedenen Daten f\u00fcr einen bestimmten Zeitraum ab.<\/p>\n<\/div>\n\n<div class=\"container-md spacer  \">\n<div style=\"height:10px\" aria-hidden=\"true\" class=\"wp-block-spacer\"><\/div>\n<\/div>\n\n<div class=\"container media-text  alignwide\">\n<div class=\"wp-block-media-text alignwide is-stacked-on-mobile\" style=\"grid-template-columns:40% auto\"><figure class=\"wp-block-media-text__media\"><img loading=\"lazy\" decoding=\"async\" width=\"800\" height=\"600\" src=\"https:\/\/www.novotek.com\/ch\/wp-content\/uploads\/sites\/3\/Novotek_Productionplanning_duotone-1024x683-1.jpg\" alt=\"\" class=\"wp-image-9614 size-full\" srcset=\"https:\/\/www.novotek.com\/ch\/wp-content\/uploads\/sites\/3\/Novotek_Productionplanning_duotone-1024x683-1.jpg 800w, https:\/\/www.novotek.com\/ch\/wp-content\/uploads\/sites\/3\/Novotek_Productionplanning_duotone-1024x683-1-300x225.jpg 300w, https:\/\/www.novotek.com\/ch\/wp-content\/uploads\/sites\/3\/Novotek_Productionplanning_duotone-1024x683-1-768x576.jpg 768w\" sizes=\"auto, (max-width: 800px) 100vw, 800px\" \/><\/figure><div class=\"wp-block-media-text__content\"><div class=\"container-md heading  \">\n<h2 class=\"wp-block-heading\" id=\"h-der-schlussel-zur-optimalen-produktion\">Der Schl\u00fcssel zur optimalen Produktion<\/h2>\n<\/div>\n\n<div class=\"container-md paragraph  \">\n<p>Unsere skalierbaren L\u00f6sungen f\u00fcr Produktionsreportings sind mit Komponenten von weltweit f\u00fchrenden Unternehmen aufgebaut.<strong>\u00a0<\/strong>Sie eignen sich sowohl f\u00fcr kleine als auch f\u00fcr grosse Produktionen in allen Branchen.<\/p>\n<\/div><\/div><\/div>\n<\/div>\n\n<div class=\"container-md spacer  \">\n<div style=\"height:50px\" aria-hidden=\"true\" class=\"wp-block-spacer\"><\/div>\n<\/div>\n\n  <div class=\"slider-column-parent\">\n    <div class=\"container\">\n      <div class=\"slider-column-title\">Unsere Produkte f\u00fcr Dashboard Reporting<\/div>\n\n      <div class=\"slider-column\">\n        <div class=\"slider-cell carousel-cell large\"><div class=\"column-box\">\n  \n      <div class=\"title\">\n      Proficy Operations Hub<br>von GE Vernova    <\/div>\n  \n      <div class=\"text\">\n      <p>Moderne Visualisierung und App-Entwicklung f\u00fcr OT-Daten.<\/p>\n    <\/div>\n  \n      <a class=\"link\"  href=\"https:\/\/www.novotek.com\/ch\/hmi-scada\/proficy-operations-hub\/\" target=\"\">\n      Proficy Operations Hub    <\/a>\n  \n  <\/div>\n\n<\/div><div class=\"slider-cell carousel-cell large\"><div class=\"column-box\">\n  \n      <div class=\"title\">\n      Dream Report for Proficy<br>von GE Vernova    <\/div>\n  \n      <div class=\"text\">\n      <p>Leistungsstarke Berichte und Dashboards, um die Leistung zu verbessern und operative Ziele zu erreichen.<\/p>\n    <\/div>\n  \n      <a class=\"link\"  href=\"https:\/\/www.novotek.com\/ch\/produktionsreporting\/dream-report-proficy\/\" target=\"\">\n      Dream Report    <\/a>\n  \n  <\/div>\n\n<\/div><div class=\"slider-cell carousel-cell large\"><div class=\"column-box\">\n  \n      <div class=\"title\">\n      June5<\/br>von Videc    <\/div>\n  \n      <div class=\"text\">\n      <p>Erhalten Sie mobilen Zugang zu Echtzeitdaten und -informationen Ihrer Anlage.<\/p>\n    <\/div>\n  \n      <a class=\"link\"  href=\"https:\/\/www.novotek.com\/ch\/anlagen-prozessoptimierung\/june5\/\" target=\"\">\n      JUNE5    <\/a>\n  \n  <\/div>\n\n<\/div>      <\/div>\n    <\/div>\n  <\/div>\n\n\n<div class=\"container-md spacer  \">\n<div style=\"height:20px\" aria-hidden=\"true\" class=\"wp-block-spacer\"><\/div>\n<\/div>","protected":false},"excerpt":{"rendered":"<p>Business Intelligence &#8211;<br \/>\nInformationen und Analysen unterst\u00fctzen Sie bei der Dokumentierung und Optimierung Ihrer Prozesse. Mit aussagekr\u00e4ftigen Informationen zum richtigen Zeitpunkt treffen Sie wichtige Entscheidungen effizient und zielgerichtet.<\/p>\n","protected":false},"author":35,"featured_media":0,"parent":0,"menu_order":5,"comment_status":"closed","ping_status":"closed","template":"","meta":{"_acf_changed":false,"_relevanssi_hide_post":"","_relevanssi_pin_for_all":"","_relevanssi_pin_keywords":"","_relevanssi_unpin_keywords":"","_relevanssi_related_keywords":"","_relevanssi_related_include_ids":"","_relevanssi_related_exclude_ids":"","_relevanssi_related_no_append":"","_relevanssi_related_not_related":"","_relevanssi_related_posts":"3200,3220,3208,3195,4907,3216","_relevanssi_noindex_reason":"","content-type":"","footnotes":""},"class_list":["post-8239","page","type-page","status-publish","hentry"],"acf":[],"yoast_head":"<!-- This site is optimized with the Yoast SEO plugin v27.4 - https:\/\/yoast.com\/product\/yoast-seo-wordpress\/ -->\n<title>Dashboard Reporting - Daten verst\u00e4ndlich visualisiert<\/title>\n<meta name=\"description\" content=\"Daten unterst\u00fctzen Sie bei der Optimierung Ihrer Prozesse, denn mit aussagekr\u00e4ftigen Analysen treffen Sie zielgerichtete Entscheidungen.\" \/>\n<meta name=\"robots\" content=\"index, follow, max-snippet:-1, max-image-preview:large, max-video-preview:-1\" \/>\n<link rel=\"canonical\" href=\"https:\/\/www.novotek.com\/ch\/produktionsreporting\/\" \/>\n<meta property=\"og:locale\" content=\"de_DE\" \/>\n<meta property=\"og:type\" content=\"article\" \/>\n<meta property=\"og:title\" content=\"Dashboard Reporting - Daten verst\u00e4ndlich visualisiert\" \/>\n<meta property=\"og:description\" content=\"Daten unterst\u00fctzen Sie bei der Optimierung Ihrer Prozesse, denn mit aussagekr\u00e4ftigen Analysen treffen Sie zielgerichtete Entscheidungen.\" \/>\n<meta property=\"og:url\" content=\"https:\/\/www.novotek.com\/ch\/produktionsreporting\/\" \/>\n<meta property=\"og:site_name\" content=\"Novotek CH\" \/>\n<meta property=\"article:modified_time\" content=\"2025-10-28T13:07:06+00:00\" \/>\n<meta property=\"og:image\" content=\"https:\/\/www.novotek.com\/ch\/wp-content\/uploads\/sites\/3\/Novotek_Productionplanning_duotone-1024x683-1.jpg\" \/>\n<meta name=\"twitter:card\" content=\"summary_large_image\" \/>\n<meta name=\"twitter:label1\" content=\"Gesch\u00e4tzte Lesezeit\" \/>\n\t<meta name=\"twitter:data1\" content=\"1\u00a0Minute\" \/>\n<script type=\"application\/ld+json\" class=\"yoast-schema-graph\">{\"@context\":\"https:\\\/\\\/schema.org\",\"@graph\":[{\"@type\":\"WebPage\",\"@id\":\"https:\\\/\\\/www.novotek.com\\\/ch\\\/produktionsreporting\\\/\",\"url\":\"https:\\\/\\\/www.novotek.com\\\/ch\\\/produktionsreporting\\\/\",\"name\":\"Dashboard Reporting - Daten verst\u00e4ndlich visualisiert\",\"isPartOf\":{\"@id\":\"https:\\\/\\\/www.novotek.com\\\/ch\\\/#website\"},\"primaryImageOfPage\":{\"@id\":\"https:\\\/\\\/www.novotek.com\\\/ch\\\/produktionsreporting\\\/#primaryimage\"},\"image\":{\"@id\":\"https:\\\/\\\/www.novotek.com\\\/ch\\\/produktionsreporting\\\/#primaryimage\"},\"thumbnailUrl\":\"https:\\\/\\\/www.novotek.com\\\/ch\\\/wp-content\\\/uploads\\\/sites\\\/3\\\/Novotek_Productionplanning_duotone-1024x683-1.jpg\",\"datePublished\":\"2022-07-15T08:57:15+00:00\",\"dateModified\":\"2025-10-28T13:07:06+00:00\",\"description\":\"Daten unterst\u00fctzen Sie bei der Optimierung Ihrer Prozesse, denn mit aussagekr\u00e4ftigen Analysen treffen Sie zielgerichtete Entscheidungen.\",\"breadcrumb\":{\"@id\":\"https:\\\/\\\/www.novotek.com\\\/ch\\\/produktionsreporting\\\/#breadcrumb\"},\"inLanguage\":\"de-CH\",\"potentialAction\":[{\"@type\":\"ReadAction\",\"target\":[\"https:\\\/\\\/www.novotek.com\\\/ch\\\/produktionsreporting\\\/\"]}]},{\"@type\":\"ImageObject\",\"inLanguage\":\"de-CH\",\"@id\":\"https:\\\/\\\/www.novotek.com\\\/ch\\\/produktionsreporting\\\/#primaryimage\",\"url\":\"https:\\\/\\\/www.novotek.com\\\/ch\\\/wp-content\\\/uploads\\\/sites\\\/3\\\/Novotek_Productionplanning_duotone-1024x683-1.jpg.webp\",\"contentUrl\":\"https:\\\/\\\/www.novotek.com\\\/ch\\\/wp-content\\\/uploads\\\/sites\\\/3\\\/Novotek_Productionplanning_duotone-1024x683-1.jpg.webp\",\"width\":800,\"height\":600},{\"@type\":\"BreadcrumbList\",\"@id\":\"https:\\\/\\\/www.novotek.com\\\/ch\\\/produktionsreporting\\\/#breadcrumb\",\"itemListElement\":[{\"@type\":\"ListItem\",\"position\":1,\"name\":\"Home\",\"item\":\"https:\\\/\\\/www.novotek.com\\\/ch\\\/\"},{\"@type\":\"ListItem\",\"position\":2,\"name\":\"Dashboard Reporting\"}]},{\"@type\":\"WebSite\",\"@id\":\"https:\\\/\\\/www.novotek.com\\\/ch\\\/#website\",\"url\":\"https:\\\/\\\/www.novotek.com\\\/ch\\\/\",\"name\":\"Novotek Switzerland AG\",\"description\":\"Connect - Digitalize - Optimize\",\"publisher\":{\"@id\":\"https:\\\/\\\/www.novotek.com\\\/ch\\\/#organization\"},\"potentialAction\":[{\"@type\":\"SearchAction\",\"target\":{\"@type\":\"EntryPoint\",\"urlTemplate\":\"https:\\\/\\\/www.novotek.com\\\/ch\\\/?s={search_term_string}\"},\"query-input\":{\"@type\":\"PropertyValueSpecification\",\"valueRequired\":true,\"valueName\":\"search_term_string\"}}],\"inLanguage\":\"de-CH\"},{\"@type\":\"Organization\",\"@id\":\"https:\\\/\\\/www.novotek.com\\\/ch\\\/#organization\",\"name\":\"Novotek Switzerland AG\",\"url\":\"https:\\\/\\\/www.novotek.com\\\/ch\\\/\",\"logo\":{\"@type\":\"ImageObject\",\"inLanguage\":\"de-CH\",\"@id\":\"https:\\\/\\\/www.novotek.com\\\/ch\\\/#\\\/schema\\\/logo\\\/image\\\/\",\"url\":\"https:\\\/\\\/www.novotek.com\\\/ch\\\/wp-content\\\/uploads\\\/sites\\\/3\\\/novotek-symbol-rgb-pos-white-border-512x512-1.png\",\"contentUrl\":\"https:\\\/\\\/www.novotek.com\\\/ch\\\/wp-content\\\/uploads\\\/sites\\\/3\\\/novotek-symbol-rgb-pos-white-border-512x512-1.png\",\"width\":512,\"height\":512,\"caption\":\"Novotek Switzerland AG\"},\"image\":{\"@id\":\"https:\\\/\\\/www.novotek.com\\\/ch\\\/#\\\/schema\\\/logo\\\/image\\\/\"}}]}<\/script>\n<!-- \/ Yoast SEO plugin. -->","yoast_head_json":{"title":"Dashboard Reporting - Daten verst\u00e4ndlich visualisiert","description":"Daten unterst\u00fctzen Sie bei der Optimierung Ihrer Prozesse, denn mit aussagekr\u00e4ftigen Analysen treffen Sie zielgerichtete Entscheidungen.","robots":{"index":"index","follow":"follow","max-snippet":"max-snippet:-1","max-image-preview":"max-image-preview:large","max-video-preview":"max-video-preview:-1"},"canonical":"https:\/\/www.novotek.com\/ch\/produktionsreporting\/","og_locale":"de_DE","og_type":"article","og_title":"Dashboard Reporting - Daten verst\u00e4ndlich visualisiert","og_description":"Daten unterst\u00fctzen Sie bei der Optimierung Ihrer Prozesse, denn mit aussagekr\u00e4ftigen Analysen treffen Sie zielgerichtete Entscheidungen.","og_url":"https:\/\/www.novotek.com\/ch\/produktionsreporting\/","og_site_name":"Novotek CH","article_modified_time":"2025-10-28T13:07:06+00:00","og_image":[{"url":"https:\/\/www.novotek.com\/ch\/wp-content\/uploads\/sites\/3\/Novotek_Productionplanning_duotone-1024x683-1.jpg","type":"","width":"","height":""}],"twitter_card":"summary_large_image","twitter_misc":{"Gesch\u00e4tzte Lesezeit":"1\u00a0Minute"},"schema":{"@context":"https:\/\/schema.org","@graph":[{"@type":"WebPage","@id":"https:\/\/www.novotek.com\/ch\/produktionsreporting\/","url":"https:\/\/www.novotek.com\/ch\/produktionsreporting\/","name":"Dashboard Reporting - Daten verst\u00e4ndlich visualisiert","isPartOf":{"@id":"https:\/\/www.novotek.com\/ch\/#website"},"primaryImageOfPage":{"@id":"https:\/\/www.novotek.com\/ch\/produktionsreporting\/#primaryimage"},"image":{"@id":"https:\/\/www.novotek.com\/ch\/produktionsreporting\/#primaryimage"},"thumbnailUrl":"https:\/\/www.novotek.com\/ch\/wp-content\/uploads\/sites\/3\/Novotek_Productionplanning_duotone-1024x683-1.jpg","datePublished":"2022-07-15T08:57:15+00:00","dateModified":"2025-10-28T13:07:06+00:00","description":"Daten unterst\u00fctzen Sie bei der Optimierung Ihrer Prozesse, denn mit aussagekr\u00e4ftigen Analysen treffen Sie zielgerichtete Entscheidungen.","breadcrumb":{"@id":"https:\/\/www.novotek.com\/ch\/produktionsreporting\/#breadcrumb"},"inLanguage":"de-CH","potentialAction":[{"@type":"ReadAction","target":["https:\/\/www.novotek.com\/ch\/produktionsreporting\/"]}]},{"@type":"ImageObject","inLanguage":"de-CH","@id":"https:\/\/www.novotek.com\/ch\/produktionsreporting\/#primaryimage","url":"https:\/\/www.novotek.com\/ch\/wp-content\/uploads\/sites\/3\/Novotek_Productionplanning_duotone-1024x683-1.jpg.webp","contentUrl":"https:\/\/www.novotek.com\/ch\/wp-content\/uploads\/sites\/3\/Novotek_Productionplanning_duotone-1024x683-1.jpg.webp","width":800,"height":600},{"@type":"BreadcrumbList","@id":"https:\/\/www.novotek.com\/ch\/produktionsreporting\/#breadcrumb","itemListElement":[{"@type":"ListItem","position":1,"name":"Home","item":"https:\/\/www.novotek.com\/ch\/"},{"@type":"ListItem","position":2,"name":"Dashboard Reporting"}]},{"@type":"WebSite","@id":"https:\/\/www.novotek.com\/ch\/#website","url":"https:\/\/www.novotek.com\/ch\/","name":"Novotek Switzerland AG","description":"Connect - Digitalize - Optimize","publisher":{"@id":"https:\/\/www.novotek.com\/ch\/#organization"},"potentialAction":[{"@type":"SearchAction","target":{"@type":"EntryPoint","urlTemplate":"https:\/\/www.novotek.com\/ch\/?s={search_term_string}"},"query-input":{"@type":"PropertyValueSpecification","valueRequired":true,"valueName":"search_term_string"}}],"inLanguage":"de-CH"},{"@type":"Organization","@id":"https:\/\/www.novotek.com\/ch\/#organization","name":"Novotek Switzerland AG","url":"https:\/\/www.novotek.com\/ch\/","logo":{"@type":"ImageObject","inLanguage":"de-CH","@id":"https:\/\/www.novotek.com\/ch\/#\/schema\/logo\/image\/","url":"https:\/\/www.novotek.com\/ch\/wp-content\/uploads\/sites\/3\/novotek-symbol-rgb-pos-white-border-512x512-1.png","contentUrl":"https:\/\/www.novotek.com\/ch\/wp-content\/uploads\/sites\/3\/novotek-symbol-rgb-pos-white-border-512x512-1.png","width":512,"height":512,"caption":"Novotek Switzerland AG"},"image":{"@id":"https:\/\/www.novotek.com\/ch\/#\/schema\/logo\/image\/"}}]}},"_links":{"self":[{"href":"https:\/\/www.novotek.com\/ch\/wp-json\/wp\/v2\/pages\/8239","targetHints":{"allow":["GET"]}}],"collection":[{"href":"https:\/\/www.novotek.com\/ch\/wp-json\/wp\/v2\/pages"}],"about":[{"href":"https:\/\/www.novotek.com\/ch\/wp-json\/wp\/v2\/types\/page"}],"author":[{"embeddable":true,"href":"https:\/\/www.novotek.com\/ch\/wp-json\/wp\/v2\/users\/35"}],"replies":[{"embeddable":true,"href":"https:\/\/www.novotek.com\/ch\/wp-json\/wp\/v2\/comments?post=8239"}],"version-history":[{"count":39,"href":"https:\/\/www.novotek.com\/ch\/wp-json\/wp\/v2\/pages\/8239\/revisions"}],"predecessor-version":[{"id":28321,"href":"https:\/\/www.novotek.com\/ch\/wp-json\/wp\/v2\/pages\/8239\/revisions\/28321"}],"wp:attachment":[{"href":"https:\/\/www.novotek.com\/ch\/wp-json\/wp\/v2\/media?parent=8239"}],"curies":[{"name":"wp","href":"https:\/\/api.w.org\/{rel}","templated":true}]}}