{"id":8242,"date":"2022-07-15T08:57:17","date_gmt":"2022-07-15T08:57:17","guid":{"rendered":"http:\/\/ch.novotek-multi.dev4.mildmedia-dev.eu\/?page_id=8242"},"modified":"2024-06-20T12:10:28","modified_gmt":"2024-06-20T12:10:28","slug":"versionskontrolle","status":"publish","type":"page","link":"https:\/\/www.novotek.com\/ch\/versionskontrolle\/","title":{"rendered":"Versionierung"},"content":{"rendered":"  <div class=\"hero\">\n    <div class=\"carousel hero-slider small\" data-flickity data-flickity-options='{\"prevNextButtons\": false}'>\n              <div class=\"carousel-cell\">\n          <div class=\"container\">\n            <div class=\"hero-content\">\n                              <h1>Versionsverwaltung und automatische Backups<\/h1>\n<p><strong>Volle Transparenz in der Produktion\u00a0<\/strong><br \/>\n<span class=\"TextRun SCXW27706384 BCX0\" lang=\"DE-CH\" xml:lang=\"DE-CH\" data-contrast=\"auto\"><span class=\"NormalTextRun SCXW27706384 BCX0\">Mit einer optimalen Versionskontrolle habe Sie die Ver\u00e4nderungen und Risiken Ihrer Steuerungssysteme immer im Blick und vermeiden so teure Ausfallzeiten<\/span><\/span>.<\/p>\n              \n                          <\/div>\n          <\/div>\n\n          <img decoding=\"async\" width=\"1024\" height=\"427\" src=\"https:\/\/www.novotek.com\/ch\/wp-content\/uploads\/sites\/3\/Wiring_header_1920x800-1024x427.jpg.webp\" class=\"hero-bg\" alt=\"Hero Img\" fetchpriority=\"high\" srcset=\"https:\/\/www.novotek.com\/ch\/wp-content\/uploads\/sites\/3\/Wiring_header_1920x800-1024x427.jpg.webp 1024w, https:\/\/www.novotek.com\/ch\/wp-content\/uploads\/sites\/3\/Wiring_header_1920x800-300x125.jpg.webp 300w, https:\/\/www.novotek.com\/ch\/wp-content\/uploads\/sites\/3\/Wiring_header_1920x800-768x320.jpg.webp 768w, https:\/\/www.novotek.com\/ch\/wp-content\/uploads\/sites\/3\/Wiring_header_1920x800-1536x640.jpg.webp 1536w, https:\/\/www.novotek.com\/ch\/wp-content\/uploads\/sites\/3\/Wiring_header_1920x800.jpg.webp 1920w\" sizes=\"(max-width: 1024px) 100vw, 1024px\" \/>                  <\/div>\n          <\/div>\n\n      <\/div>\n\n   \n\n\n<div class=\"container-md paragraph  \">\n<p>Haben Sie schon einmal nach der aktuellen Version eines SPS-Programms oder einer Systemkonfiguration gesucht? Eine oft gesehene Situation, wenn das System abst\u00fcrzt, Pufferbatterien ihren Geist aufgeben, Werte oder Daten unbeabsichtigt gel\u00f6scht werden oder wenn Programme und Parameter ohne entsprechende Notiz ge\u00e4ndert wurden.&nbsp;<\/p>\n<\/div>\n\n<div class=\"container-md paragraph  \">\n<p>Die \u00dcbersicht \u00fcber alle Elemente eines industriellen Steuerungssystems zu behalten, ist gerade in der heutigen, sich rasch \u00e4ndernden Zeit, eine schwierige Aufgabe. Die Systeme wachsen, ver\u00e4ndern sich st\u00e4ndig und Anpassungen bleiben oft unbemerkt. Sowohl undokumentierte Aktualisierungen als auch scheinbar kleine \u00c4nderungen k\u00f6nnen grosse Auswirkungen auf die Funktionsweise von Betriebssystemen haben. Das Versionsmanagement l\u00f6st diese Herausforderungen mit einem automatischen Backup und Versionskontrolle Ihrer installierten Automationsbasis.\u00a0<\/p>\n<\/div>\n\n<div class=\"container-md paragraph  \">\n<p>Mit octoplant bietet Novotek eine Softwarel\u00f6sung zur Versionskontrolle, speziell angepasst an industrielle Automationssysteme wie&nbsp;<strong>SPS<\/strong>, <strong>Roboter<\/strong>,&nbsp;oder <strong><a href=\"https:\/\/www.novotek.com\/ch\/hmi-scada\/\">SCADA-Systeme<\/a><\/strong>.<\/p>\n<\/div>\n\n<div class=\"container media-text  align\">\n<div class=\"wp-block-media-text is-stacked-on-mobile\"><figure class=\"wp-block-media-text__media\"><img loading=\"lazy\" decoding=\"async\" width=\"829\" height=\"830\" src=\"https:\/\/www.novotek.com\/ch\/wp-content\/uploads\/sites\/3\/Versionskontrolle-Uebersicht.jpg\" alt=\"\u00dcbersicht einer zentralen Versionskontrolle\" class=\"wp-image-8227 size-full\" srcset=\"https:\/\/www.novotek.com\/ch\/wp-content\/uploads\/sites\/3\/Versionskontrolle-Uebersicht.jpg 829w, https:\/\/www.novotek.com\/ch\/wp-content\/uploads\/sites\/3\/Versionskontrolle-Uebersicht-300x300.jpg 300w, https:\/\/www.novotek.com\/ch\/wp-content\/uploads\/sites\/3\/Versionskontrolle-Uebersicht-150x150.jpg 150w, https:\/\/www.novotek.com\/ch\/wp-content\/uploads\/sites\/3\/Versionskontrolle-Uebersicht-768x769.jpg 768w\" sizes=\"auto, (max-width: 829px) 100vw, 829px\" \/><\/figure><div class=\"wp-block-media-text__content\"><div class=\"container-md heading  \">\n<h2 class=\"wp-block-heading\" id=\"h-und-so-funktioniert-die-versionskontrolle\">Und so funktioniert die Versionskontrolle?<\/h2>\n<\/div>\n\n<div class=\"container-md paragraph  \">\n<p>Wenn eine Software aktualisiert wird, wie z. B. ein SCADA-System, so wird die vorherige Version automatisch durch das Versionskontrollsystem in einer Datenbank gespeichert.&nbsp;Die verschiedenen Versionen werden mit einem eindeutigen Versionscode identifiziert, wie z. B. \u201eSCADA Version 1\u201c, \u201eSCADA Version 2\u201c usw. Jede Version ist mit einem Zeitstempel und der Person verkn\u00fcpft, die die \u00c4nderung vorgenommen hat.<\/p>\n<\/div>\n\n<div class=\"container-md paragraph  \">\n<p>Tritt nach den \u00c4nderungen ein Fehler auf, k\u00f6nnen Sie die vorhandene Version mit fr\u00fcheren Versionen vergleichen, um die Ursache des Problems zu finden.&nbsp;Ist die Fehleranalyse aufw\u00e4ndig, kann die vorherige Arbeitsversion problemlos wiederherstellt werden.&nbsp;Dies reduziert den Zeitaufwand f\u00fcr die Fehlerbehebung und bringt das System sofort wieder zum Laufen.&nbsp;<\/p>\n<\/div>\n\n<div class=\"container-md paragraph  \">\n<p>Ein Versionskontrollsystem ist auch bei externen Ereignissen wie Cyberangriffen, Stromausf\u00e4llen, Ger\u00e4tefehlern und -ausf\u00e4llen und in seltenen F\u00e4llen Naturkatastrophen wie \u00dcberschwemmungen oder Erdrutschen n\u00fctzlich.&nbsp;<\/p>\n<\/div>\n\n<div class=\"container-md paragraph  \">\n<p>Wir unterscheiden zwei verschiedene Arten von Versionskontrollsystemen: Zentralisierte Versionskontrolle, die auf einem Server l\u00e4uft, und verteilte Versionskontrolle, die auf mehreren Computern l\u00e4uft.&nbsp;<\/p>\n<\/div><\/div><\/div>\n<\/div>\n\n<div class=\"container-md spacer  \">\n<div style=\"height:50px\" aria-hidden=\"true\" class=\"wp-block-spacer\"><\/div>\n<\/div>\n\n  <div class=\"slider-column-parent\">\n    <div class=\"container\">\n      <div class=\"slider-column-title\">Vorteile einer Versionskontrolle<\/div>\n\n      <div class=\"row\">\n        <div class=\"col-12 col-md-4\"><div class=\"column-box\">\n      <div class=\"icon \">\n      <img loading=\"lazy\" decoding=\"async\" width=\"150\" height=\"150\" src=\"https:\/\/www.novotek.com\/ch\/wp-content\/uploads\/sites\/3\/Ikon-Database-150x150-1.png.webp\" class=\"attachment-thumbnail size-thumbnail\" alt=\"\" \/>    <\/div>\n  \n      <div class=\"title\">\n      Automatische Sicherung &amp; zentrale Speicherung    <\/div>\n  \n      <div class=\"text\">\n      <p>Alle Versionen werden zur besseren \u00dcbersicht und Kontrolle automatisch an einem Ort gespeichert.<\/p>\n    <\/div>\n  \n  \n  <\/div>\n\n<\/div><div class=\"col-12 col-md-4\"><div class=\"column-box\">\n      <div class=\"icon \">\n      <img loading=\"lazy\" decoding=\"async\" width=\"150\" height=\"150\" src=\"https:\/\/www.novotek.com\/ch\/wp-content\/uploads\/sites\/3\/Ikon-speedometer_-150x150-1.png.webp\" class=\"attachment-thumbnail size-thumbnail\" alt=\"\" \/>    <\/div>\n  \n      <div class=\"title\">\n      Schnellere Wiederherstellung bei Notf\u00e4llen    <\/div>\n  \n      <div class=\"text\">\n      <p>Stellen Sie Software oder Code auf Knopfdruck in der richtigen Version wieder her.<\/p>\n    <\/div>\n  \n  \n  <\/div>\n\n<\/div><div class=\"col-12 col-md-4\"><div class=\"column-box\">\n      <div class=\"icon \">\n      <img loading=\"lazy\" decoding=\"async\" width=\"150\" height=\"150\" src=\"https:\/\/www.novotek.com\/ch\/wp-content\/uploads\/sites\/3\/Ikon-Versionskontrolle-150x150-1.png.webp\" class=\"attachment-thumbnail size-thumbnail\" alt=\"\" \/>    <\/div>\n  \n      <div class=\"title\">\n      Erh\u00f6hte Produktivit\u00e4t und reduzierte Ausfallzeiten    <\/div>\n  \n      <div class=\"text\">\n      <p>Vermeiden Sie die Suche nach der richtigen Version und starten Sie die Produktion schneller.<\/p>\n    <\/div>\n  \n  \n  <\/div>\n\n<\/div>      <\/div>\n    <\/div>\n  <\/div>\n\n\n<div class=\"container-md heading  \">\n<h2 class=\"wp-block-heading\" id=\"h-sicher-und-effizient-produzieren\">Sicher und effizient produzieren<\/h2>\n<\/div>\n\n<div class=\"container-md paragraph  \">\n<p>Mit der Versionsverwaltung erhalten Sie ein System, das automatisch Backups Ihrer Automatisierungsl\u00f6sungen erstellt und Sie \u00fcber unerw\u00fcnschte \u00c4nderungen informiert. Das angewandte Vorgehen ist vollst\u00e4ndig nachvollziehbar und dokumentiert alle Vorf\u00e4lle und \u00c4nderungen. <\/p>\n<\/div>\n\n<div class=\"container-md paragraph  \">\n<p>Aufgrund der vollst\u00e4ndigen R\u00fcckverfolgbarkeit ist die Versionsverwaltung besonders wichtig f\u00fcr Unternehmen, die beh\u00f6rdlichen Auflagen unterliegen. Z.B. in den Bereichen Lebensmittel, Pharmazie, Wasser und Abwasser oder Energie. Die Versionsverwaltung ist eine skalierbare L\u00f6sung, die sowohl f\u00fcr kleinere Unternehmen, die nur wenige Systeme \u00fcberwachen, als auch f\u00fcr grosse Unternehmen mit mehreren Produktionsst\u00e4tten gleichermassen gut funktioniert.<\/p>\n<\/div>\n\n<div class=\"container-md spacer  \">\n<div style=\"height:50px\" aria-hidden=\"true\" class=\"wp-block-spacer\"><\/div>\n<\/div>\n\n  <div class=\"slider-column-parent\">\n    <div class=\"container\">\n      <div class=\"slider-column-title\">Unsere Produkte f\u00fcr die Versionskontrolle<\/div>\n\n      <div class=\"slider-column\">\n        <div class=\"slider-cell carousel-cell large\"><div class=\"column-box\">\n  \n      <div class=\"title\">\n      Octoplant<\/br>von AUVESY-MDT    <\/div>\n  \n      <div class=\"text\">\n      <p>Erhalten Sie eine automatische Sicherung und Versionskontrolle Ihrer industriellen Automatisierungssysteme, w\u00e4hrend Sie die Cybersicherheit f\u00fcr die gesamte Produktionsanlage aufrechterhalten.<\/p>\n    <\/div>\n  \n      <a class=\"link\"  href=\"https:\/\/www.novotek.com\/ch\/versionskontrolle\/octoplant\/\" target=\"\">\n      octoplant    <\/a>\n  \n  <\/div>\n\n<\/div><div class=\"slider-cell carousel-cell large\"><div class=\"column-box\">\n  \n      <div class=\"title\">\n      Versiondog <\/br>von AUVESY-MDT    <\/div>\n  \n      <div class=\"text\">\n      <p>Versiondog bietet eine optimale, an die industrielle Automatisierung angepasste Versionskontrolle.<\/p>\n    <\/div>\n  \n      <a class=\"link\"  href=\"https:\/\/www.novotek.com\/ch\/versionskontrolle\/versiondog\/\" target=\"\">\n      Versiondog    <\/a>\n  \n  <\/div>\n\n<\/div>      <\/div>\n    <\/div>\n  <\/div>\n\n\n<div class=\"container-md spacer  \">\n<div style=\"height:20px\" aria-hidden=\"true\" class=\"wp-block-spacer\"><\/div>\n<\/div>","protected":false},"excerpt":{"rendered":"<p>Volle Transparenz in der Produktion!\u00a0<br \/>\nMit einer optimalen Versionskontrolle habe Sie die Ver\u00e4nderungen und Risiken Ihrer Steuerungssysteme immer im Blick und vermeiden so teure Ausfallzeiten.<\/p>\n","protected":false},"author":15,"featured_media":0,"parent":0,"menu_order":6,"comment_status":"closed","ping_status":"closed","template":"","meta":{"_acf_changed":false,"_relevanssi_hide_post":"","_relevanssi_pin_for_all":"","_relevanssi_pin_keywords":"","_relevanssi_unpin_keywords":"","_relevanssi_related_keywords":"","_relevanssi_related_include_ids":"","_relevanssi_related_exclude_ids":"","_relevanssi_related_no_append":"","_relevanssi_related_not_related":"","_relevanssi_related_posts":"4907,3216,3200,3195,3220,3208","_relevanssi_noindex_reason":"","content-type":"","footnotes":""},"class_list":["post-8242","page","type-page","status-publish","hentry"],"acf":[],"yoast_head":"<!-- This site is optimized with the Yoast SEO plugin v27.4 - https:\/\/yoast.com\/product\/yoast-seo-wordpress\/ -->\n<title>Versionsverwaltung und automatische Backups<\/title>\n<meta name=\"description\" content=\"Behalten Sie den \u00dcberblick zu Updates und \u00c4nderungen in Ihren Anlagen und vermeiden so teure Ausfallzeiten.\" \/>\n<meta name=\"robots\" content=\"index, follow, max-snippet:-1, max-image-preview:large, max-video-preview:-1\" \/>\n<link rel=\"canonical\" href=\"https:\/\/www.novotek.com\/ch\/versionskontrolle\/\" \/>\n<meta property=\"og:locale\" content=\"de_DE\" \/>\n<meta property=\"og:type\" content=\"article\" \/>\n<meta property=\"og:title\" content=\"Versionsverwaltung und automatische Backups\" \/>\n<meta property=\"og:description\" content=\"Behalten Sie den \u00dcberblick zu Updates und \u00c4nderungen in Ihren Anlagen und vermeiden so teure Ausfallzeiten.\" \/>\n<meta property=\"og:url\" content=\"https:\/\/www.novotek.com\/ch\/versionskontrolle\/\" \/>\n<meta property=\"og:site_name\" content=\"Novotek CH\" \/>\n<meta property=\"article:modified_time\" content=\"2024-06-20T12:10:28+00:00\" \/>\n<meta property=\"og:image\" content=\"https:\/\/www.novotek.com\/ch\/wp-content\/uploads\/sites\/3\/Versionskontrolle-Uebersicht.jpg\" \/>\n<meta name=\"twitter:card\" content=\"summary_large_image\" \/>\n<meta name=\"twitter:label1\" content=\"Gesch\u00e4tzte Lesezeit\" \/>\n\t<meta name=\"twitter:data1\" content=\"3\u00a0Minuten\" \/>\n<script type=\"application\/ld+json\" class=\"yoast-schema-graph\">{\"@context\":\"https:\\\/\\\/schema.org\",\"@graph\":[{\"@type\":\"WebPage\",\"@id\":\"https:\\\/\\\/www.novotek.com\\\/ch\\\/versionskontrolle\\\/\",\"url\":\"https:\\\/\\\/www.novotek.com\\\/ch\\\/versionskontrolle\\\/\",\"name\":\"Versionsverwaltung und automatische Backups\",\"isPartOf\":{\"@id\":\"https:\\\/\\\/www.novotek.com\\\/ch\\\/#website\"},\"primaryImageOfPage\":{\"@id\":\"https:\\\/\\\/www.novotek.com\\\/ch\\\/versionskontrolle\\\/#primaryimage\"},\"image\":{\"@id\":\"https:\\\/\\\/www.novotek.com\\\/ch\\\/versionskontrolle\\\/#primaryimage\"},\"thumbnailUrl\":\"https:\\\/\\\/www.novotek.com\\\/ch\\\/wp-content\\\/uploads\\\/sites\\\/3\\\/Versionskontrolle-Uebersicht.jpg\",\"datePublished\":\"2022-07-15T08:57:17+00:00\",\"dateModified\":\"2024-06-20T12:10:28+00:00\",\"description\":\"Behalten Sie den \u00dcberblick zu Updates und \u00c4nderungen in Ihren Anlagen und vermeiden so teure Ausfallzeiten.\",\"breadcrumb\":{\"@id\":\"https:\\\/\\\/www.novotek.com\\\/ch\\\/versionskontrolle\\\/#breadcrumb\"},\"inLanguage\":\"de-CH\",\"potentialAction\":[{\"@type\":\"ReadAction\",\"target\":[\"https:\\\/\\\/www.novotek.com\\\/ch\\\/versionskontrolle\\\/\"]}]},{\"@type\":\"ImageObject\",\"inLanguage\":\"de-CH\",\"@id\":\"https:\\\/\\\/www.novotek.com\\\/ch\\\/versionskontrolle\\\/#primaryimage\",\"url\":\"https:\\\/\\\/www.novotek.com\\\/ch\\\/wp-content\\\/uploads\\\/sites\\\/3\\\/Versionskontrolle-Uebersicht.jpg.webp\",\"contentUrl\":\"https:\\\/\\\/www.novotek.com\\\/ch\\\/wp-content\\\/uploads\\\/sites\\\/3\\\/Versionskontrolle-Uebersicht.jpg.webp\",\"width\":829,\"height\":830,\"caption\":\"\u00dcbersicht einer zentralen Versionskontrolle\"},{\"@type\":\"BreadcrumbList\",\"@id\":\"https:\\\/\\\/www.novotek.com\\\/ch\\\/versionskontrolle\\\/#breadcrumb\",\"itemListElement\":[{\"@type\":\"ListItem\",\"position\":1,\"name\":\"Home\",\"item\":\"https:\\\/\\\/www.novotek.com\\\/ch\\\/\"},{\"@type\":\"ListItem\",\"position\":2,\"name\":\"Versionierung\"}]},{\"@type\":\"WebSite\",\"@id\":\"https:\\\/\\\/www.novotek.com\\\/ch\\\/#website\",\"url\":\"https:\\\/\\\/www.novotek.com\\\/ch\\\/\",\"name\":\"Novotek Switzerland AG\",\"description\":\"Connect - Digitalize - Optimize\",\"publisher\":{\"@id\":\"https:\\\/\\\/www.novotek.com\\\/ch\\\/#organization\"},\"potentialAction\":[{\"@type\":\"SearchAction\",\"target\":{\"@type\":\"EntryPoint\",\"urlTemplate\":\"https:\\\/\\\/www.novotek.com\\\/ch\\\/?s={search_term_string}\"},\"query-input\":{\"@type\":\"PropertyValueSpecification\",\"valueRequired\":true,\"valueName\":\"search_term_string\"}}],\"inLanguage\":\"de-CH\"},{\"@type\":\"Organization\",\"@id\":\"https:\\\/\\\/www.novotek.com\\\/ch\\\/#organization\",\"name\":\"Novotek Switzerland AG\",\"url\":\"https:\\\/\\\/www.novotek.com\\\/ch\\\/\",\"logo\":{\"@type\":\"ImageObject\",\"inLanguage\":\"de-CH\",\"@id\":\"https:\\\/\\\/www.novotek.com\\\/ch\\\/#\\\/schema\\\/logo\\\/image\\\/\",\"url\":\"https:\\\/\\\/www.novotek.com\\\/ch\\\/wp-content\\\/uploads\\\/sites\\\/3\\\/novotek-symbol-rgb-pos-white-border-512x512-1.png\",\"contentUrl\":\"https:\\\/\\\/www.novotek.com\\\/ch\\\/wp-content\\\/uploads\\\/sites\\\/3\\\/novotek-symbol-rgb-pos-white-border-512x512-1.png\",\"width\":512,\"height\":512,\"caption\":\"Novotek Switzerland AG\"},\"image\":{\"@id\":\"https:\\\/\\\/www.novotek.com\\\/ch\\\/#\\\/schema\\\/logo\\\/image\\\/\"}}]}<\/script>\n<!-- \/ Yoast SEO plugin. -->","yoast_head_json":{"title":"Versionsverwaltung und automatische Backups","description":"Behalten Sie den \u00dcberblick zu Updates und \u00c4nderungen in Ihren Anlagen und vermeiden so teure Ausfallzeiten.","robots":{"index":"index","follow":"follow","max-snippet":"max-snippet:-1","max-image-preview":"max-image-preview:large","max-video-preview":"max-video-preview:-1"},"canonical":"https:\/\/www.novotek.com\/ch\/versionskontrolle\/","og_locale":"de_DE","og_type":"article","og_title":"Versionsverwaltung und automatische Backups","og_description":"Behalten Sie den \u00dcberblick zu Updates und \u00c4nderungen in Ihren Anlagen und vermeiden so teure Ausfallzeiten.","og_url":"https:\/\/www.novotek.com\/ch\/versionskontrolle\/","og_site_name":"Novotek CH","article_modified_time":"2024-06-20T12:10:28+00:00","og_image":[{"url":"https:\/\/www.novotek.com\/ch\/wp-content\/uploads\/sites\/3\/Versionskontrolle-Uebersicht.jpg","type":"","width":"","height":""}],"twitter_card":"summary_large_image","twitter_misc":{"Gesch\u00e4tzte Lesezeit":"3\u00a0Minuten"},"schema":{"@context":"https:\/\/schema.org","@graph":[{"@type":"WebPage","@id":"https:\/\/www.novotek.com\/ch\/versionskontrolle\/","url":"https:\/\/www.novotek.com\/ch\/versionskontrolle\/","name":"Versionsverwaltung und automatische Backups","isPartOf":{"@id":"https:\/\/www.novotek.com\/ch\/#website"},"primaryImageOfPage":{"@id":"https:\/\/www.novotek.com\/ch\/versionskontrolle\/#primaryimage"},"image":{"@id":"https:\/\/www.novotek.com\/ch\/versionskontrolle\/#primaryimage"},"thumbnailUrl":"https:\/\/www.novotek.com\/ch\/wp-content\/uploads\/sites\/3\/Versionskontrolle-Uebersicht.jpg","datePublished":"2022-07-15T08:57:17+00:00","dateModified":"2024-06-20T12:10:28+00:00","description":"Behalten Sie den \u00dcberblick zu Updates und \u00c4nderungen in Ihren Anlagen und vermeiden so teure Ausfallzeiten.","breadcrumb":{"@id":"https:\/\/www.novotek.com\/ch\/versionskontrolle\/#breadcrumb"},"inLanguage":"de-CH","potentialAction":[{"@type":"ReadAction","target":["https:\/\/www.novotek.com\/ch\/versionskontrolle\/"]}]},{"@type":"ImageObject","inLanguage":"de-CH","@id":"https:\/\/www.novotek.com\/ch\/versionskontrolle\/#primaryimage","url":"https:\/\/www.novotek.com\/ch\/wp-content\/uploads\/sites\/3\/Versionskontrolle-Uebersicht.jpg.webp","contentUrl":"https:\/\/www.novotek.com\/ch\/wp-content\/uploads\/sites\/3\/Versionskontrolle-Uebersicht.jpg.webp","width":829,"height":830,"caption":"\u00dcbersicht einer zentralen Versionskontrolle"},{"@type":"BreadcrumbList","@id":"https:\/\/www.novotek.com\/ch\/versionskontrolle\/#breadcrumb","itemListElement":[{"@type":"ListItem","position":1,"name":"Home","item":"https:\/\/www.novotek.com\/ch\/"},{"@type":"ListItem","position":2,"name":"Versionierung"}]},{"@type":"WebSite","@id":"https:\/\/www.novotek.com\/ch\/#website","url":"https:\/\/www.novotek.com\/ch\/","name":"Novotek Switzerland AG","description":"Connect - Digitalize - Optimize","publisher":{"@id":"https:\/\/www.novotek.com\/ch\/#organization"},"potentialAction":[{"@type":"SearchAction","target":{"@type":"EntryPoint","urlTemplate":"https:\/\/www.novotek.com\/ch\/?s={search_term_string}"},"query-input":{"@type":"PropertyValueSpecification","valueRequired":true,"valueName":"search_term_string"}}],"inLanguage":"de-CH"},{"@type":"Organization","@id":"https:\/\/www.novotek.com\/ch\/#organization","name":"Novotek Switzerland AG","url":"https:\/\/www.novotek.com\/ch\/","logo":{"@type":"ImageObject","inLanguage":"de-CH","@id":"https:\/\/www.novotek.com\/ch\/#\/schema\/logo\/image\/","url":"https:\/\/www.novotek.com\/ch\/wp-content\/uploads\/sites\/3\/novotek-symbol-rgb-pos-white-border-512x512-1.png","contentUrl":"https:\/\/www.novotek.com\/ch\/wp-content\/uploads\/sites\/3\/novotek-symbol-rgb-pos-white-border-512x512-1.png","width":512,"height":512,"caption":"Novotek Switzerland AG"},"image":{"@id":"https:\/\/www.novotek.com\/ch\/#\/schema\/logo\/image\/"}}]}},"_links":{"self":[{"href":"https:\/\/www.novotek.com\/ch\/wp-json\/wp\/v2\/pages\/8242","targetHints":{"allow":["GET"]}}],"collection":[{"href":"https:\/\/www.novotek.com\/ch\/wp-json\/wp\/v2\/pages"}],"about":[{"href":"https:\/\/www.novotek.com\/ch\/wp-json\/wp\/v2\/types\/page"}],"author":[{"embeddable":true,"href":"https:\/\/www.novotek.com\/ch\/wp-json\/wp\/v2\/users\/15"}],"replies":[{"embeddable":true,"href":"https:\/\/www.novotek.com\/ch\/wp-json\/wp\/v2\/comments?post=8242"}],"version-history":[{"count":43,"href":"https:\/\/www.novotek.com\/ch\/wp-json\/wp\/v2\/pages\/8242\/revisions"}],"predecessor-version":[{"id":21019,"href":"https:\/\/www.novotek.com\/ch\/wp-json\/wp\/v2\/pages\/8242\/revisions\/21019"}],"wp:attachment":[{"href":"https:\/\/www.novotek.com\/ch\/wp-json\/wp\/v2\/media?parent=8242"}],"curies":[{"name":"wp","href":"https:\/\/api.w.org\/{rel}","templated":true}]}}