{"id":8244,"date":"2022-07-15T08:57:19","date_gmt":"2022-07-15T08:57:19","guid":{"rendered":"http:\/\/ch.novotek-multi.dev4.mildmedia-dev.eu\/?page_id=8244"},"modified":"2025-11-24T08:05:38","modified_gmt":"2025-11-24T08:05:38","slug":"proficy-cimplicity","status":"publish","type":"page","link":"https:\/\/www.novotek.com\/ch\/hmi-scada\/proficy-cimplicity\/","title":{"rendered":"Proficy CIMPLICITY"},"content":{"rendered":"  <div class=\"hero\">\n    <div class=\"carousel hero-slider small\" data-flickity data-flickity-options='{\"prevNextButtons\": false}'>\n              <div class=\"carousel-cell\">\n          <div class=\"container\">\n            <div class=\"hero-content\">\n                              <h1><b>Proficy CIMPLICITY<\/b><\/h1>\n<p>Steuern Sie Ihre Produktion mit einer der marktf\u00fchrenden HMI\/SCADA-L\u00f6sungen f\u00fcr die St\u00fcckgutfertigung.<\/p>\n              \n                          <\/div>\n          <\/div>\n\n          <img decoding=\"async\" width=\"1024\" height=\"427\" src=\"https:\/\/www.novotek.com\/ch\/wp-content\/uploads\/sites\/3\/Novotek_digitilize_duplex_cyan_1920x800px-1-1024x427.png.webp\" class=\"hero-bg\" alt=\"Hero Img\" fetchpriority=\"high\" srcset=\"https:\/\/www.novotek.com\/ch\/wp-content\/uploads\/sites\/3\/Novotek_digitilize_duplex_cyan_1920x800px-1-1024x427.png.webp 1024w, https:\/\/www.novotek.com\/ch\/wp-content\/uploads\/sites\/3\/Novotek_digitilize_duplex_cyan_1920x800px-1-300x125.png.webp 300w, https:\/\/www.novotek.com\/ch\/wp-content\/uploads\/sites\/3\/Novotek_digitilize_duplex_cyan_1920x800px-1-768x320.png.webp 768w, https:\/\/www.novotek.com\/ch\/wp-content\/uploads\/sites\/3\/Novotek_digitilize_duplex_cyan_1920x800px-1-1536x640.png.webp 1536w, https:\/\/www.novotek.com\/ch\/wp-content\/uploads\/sites\/3\/Novotek_digitilize_duplex_cyan_1920x800px-1.png.webp 1920w\" sizes=\"(max-width: 1024px) 100vw, 1024px\" \/>                  <\/div>\n          <\/div>\n\n      <\/div>\n\n   <div class=\"floating-breadcrumb\"><div class=\"container\"><span><span><a href=\"https:\/\/www.novotek.com\/ch\/\" class=\"breadcrumb-frontpage\">Home<\/a><\/span><\/span><\/div><\/div>\n\n\n<div class=\"container-md paragraph  \">\n<p>Proficy CIMPLICITY von GE Vernova ist eine leistungsstarke Client-\/Server-basierte&nbsp;<strong><a href=\"https:\/\/www.novotek.com\/ch\/hmi-scada\/\">SCADA-L\u00f6sung<\/a><\/strong>, die sich ideal f\u00fcr Produktionsumgebungen mit St\u00fcckgutfertigung eignet.&nbsp;Basierend auf jahrzehntelanger Forschung und Entwicklung von GE Vernova ist Proficy CIMPLICITY eine der \u00e4ltesten und meistverwendeten Automatisierungsl\u00f6sungen auf dem Markt.&nbsp;Die L\u00f6sung eignet sich besonders f\u00fcr Branchen wie der Automobilindustrie, Luftfahrt, Maschinenbau, Elektronik und CNC.&nbsp;<\/p>\n<\/div>\n\n<div class=\"container media-text  alignwide\">\n<div class=\"wp-block-media-text alignwide is-stacked-on-mobile\" style=\"grid-template-columns:40% auto\"><figure class=\"wp-block-media-text__media\"><img loading=\"lazy\" decoding=\"async\" width=\"600\" height=\"429\" src=\"https:\/\/www.novotek.com\/ch\/wp-content\/uploads\/sites\/3\/GEVernova_Cimplicity_600x429-1-2.png\" alt=\"\" class=\"wp-image-28858 size-full\" srcset=\"https:\/\/www.novotek.com\/ch\/wp-content\/uploads\/sites\/3\/GEVernova_Cimplicity_600x429-1-2.png 600w, https:\/\/www.novotek.com\/ch\/wp-content\/uploads\/sites\/3\/GEVernova_Cimplicity_600x429-1-2-300x215.png 300w, https:\/\/www.novotek.com\/ch\/wp-content\/uploads\/sites\/3\/GEVernova_Cimplicity_600x429-1-2-86x61.png 86w, https:\/\/www.novotek.com\/ch\/wp-content\/uploads\/sites\/3\/GEVernova_Cimplicity_600x429-1-2-306x219.png 306w\" sizes=\"auto, (max-width: 600px) 100vw, 600px\" \/><\/figure><div class=\"wp-block-media-text__content\"><div class=\"container-md heading  \">\n<h2 class=\"wp-block-heading\" id=\"h-erhalten-sie-die-prazise-kontrolle-mit-proficy-cimplicity\">Erhalten Sie die pr\u00e4zise Kontrolle mit Proficy CIMPLICITY<\/h2>\n<\/div>\n\n<div class=\"container-md paragraph  \">\n<p>Geben Sie Anwendern und Betriebsingenieuren die M\u00f6glichkeit, alle Aspekte der Produktion pr\u00e4zise zu steuern und zu \u00fcberwachen.&nbsp;<\/p>\n<\/div>\n\n<div class=\"container-md paragraph  \">\n<p>Das Ergebnis ist <\/p>\n<\/div>\n\n<div class=\"container-md list  \">\n<ul class=\"wp-block-list\"><div class=\"container-md list-item  \">\n<li>schnellere Reaktion auf Betriebsprobleme<\/li>\n<\/div>\n\n<div class=\"container-md list-item  \">\n<li>geringere Ausfallzeiten und Kosten<\/li>\n<\/div>\n\n<div class=\"container-md list-item  \">\n<li>verbesserte Qualit\u00e4t<\/li>\n<\/div>\n\n<div class=\"container-md list-item  \">\n<li>schnellere \u201eTime-to-Market\u201c<\/li>\n<\/div>\n\n<div class=\"container-md list-item  \">\n<li>gesteigerte Rentabilit\u00e4t<\/li>\n<\/div><\/ul>\n<\/div>\n\n<div class=\"container-md paragraph  \">\n<p>Mit einer durchdachten, modernen Benutzeroberfl\u00e4che wird die t\u00e4gliche Arbeit des Anwenders erleichtert und das Risiko von Fehlentscheidungen reduziert.&nbsp;Dabei erhalten sie Zugriff auf Funktionen zur Optimierung der Produktion: Alarme und Trends erkennen, Ausfallzeiten reduzieren und die Effizienz steigern.<\/p>\n<\/div><\/div><\/div>\n<\/div>\n\n<div class=\"container-md heading  \">\n<h3 class=\"wp-block-heading\" id=\"h-funktionen\">Funktionen<\/h3>\n<\/div>\n\n<div class=\"container-md list  \">\n<ul class=\"wp-block-list\"><div class=\"container-md list-item  \">\n<li>leistungsstarke Thin-Client-\/Server-Technologie<\/li>\n<\/div>\n\n<div class=\"container-md list-item  \">\n<li>Client\/Server-Visualisierungen und -Steuerungen von einzelnen Maschinen bis hin zu weltweit verteilten Produktionsanlagen <\/li>\n<\/div>\n\n<div class=\"container-md list-item  \">\n<li>Funktionen f\u00fcr Alarme und Trends <\/li>\n<\/div>\n\n<div class=\"container-md list-item  \">\n<li>einfache Skalierung<\/li>\n<\/div>\n\n<div class=\"container-md list-item  \">\n<li>schneller Aufbau strukturierter Datenbanken mit Hilfe von Klassen und Objekten<\/li>\n<\/div>\n\n<div class=\"container-md list-item  \">\n<li>schnelle Konfiguration<\/li>\n<\/div>\n\n<div class=\"container-md list-item  \">\n<li>nahtlose Integration mit anderen Anwendungen: Verbinden Sie Software, Systeme oder Ger\u00e4te.<\/li>\n<\/div>\n\n<div class=\"container-md list-item  \">\n<li>aktuelle Version mit&nbsp;<strong><a href=\"https:\/\/www.novotek.com\/ch\/hmi-scada\/proficy-operations-hub\/\">Proficy Operations Hub<\/a><\/strong>&nbsp;und&nbsp;<strong><a href=\"https:\/\/www.novotek.com\/ch\/smart-factory-mes\/proficy-historian\/\">Proficy Historian<\/a><\/strong>&nbsp;f\u00fcr zentralisierten Webzugriff und Datenspeicherung kombinierbar<\/li>\n<\/div>\n\n<div class=\"container-md list-item  \">\n<li>erh\u00f6hte Sicherheit durch zertifizierte Kommunikation<\/li>\n<\/div>\n\n<div class=\"container-md list-item  \">\n<li>grafische Benutzeroberfl\u00e4che mit&nbsp;High Performance HMI<\/li>\n<\/div>\n\n<div class=\"container-md list-item  \">\n<li>Zugriff von PC, Handy und Tablet<\/li>\n<\/div><\/ul>\n<\/div>\n\n<div class=\"container-md spacer  \">\n<div style=\"height:10px\" aria-hidden=\"true\" class=\"wp-block-spacer\"><\/div>\n<\/div>\n\n<div class=\"container media-text  alignwide\">\n<div class=\"wp-block-media-text alignwide has-media-on-the-right is-stacked-on-mobile\" style=\"grid-template-columns:auto 40%\"><div class=\"wp-block-media-text__content\"><div class=\"container-md heading  \">\n<h2 class=\"wp-block-heading\" id=\"h-benutzerfreundlich-mit-einfachem-zugang\">Benutzerfreundlich mit einfachem Zugang<\/h2>\n<\/div>\n\n<div class=\"container-md paragraph  \">\n<p>Grafische Benutzeroberfl\u00e4che und Navigation sorgen f\u00fcr eine gute Benutzerfreundlichkeit sowohl bei neuen als auch bei erfahrenen Benutzern.&nbsp;Dank des Zugriffs \u00fcber PC, Smartphone oder Tablet haben Anwender jederzeit und von \u00fcberall Zugriff auf die Daten.&nbsp;<\/p>\n<\/div>\n\n<div class=\"container-md paragraph  \">\n<p>Die L\u00f6sung wird von GE Vernova bereitgestellt, einem weltweit f\u00fchrenden Anbieter von Systeml\u00f6sungen f\u00fcr die industrielle Automatisierung und Digitalisierung.<\/p>\n<\/div>\n\n<div class=\"container-md paragraph  \">\n<p><strong><a href=\"https:\/\/www.gevernova.com\/software\/products\/hmi-scada\/cimplicity\" target=\"_blank\" rel=\"noreferrer noopener\">Lesen Sie mehr \u00fcber Proficy CIMPLICITY<\/a><\/strong>&nbsp;.<\/p>\n<\/div>\n\n<div class=\"container-md paragraph  \">\n<p>Novotek ist seit \u00fcber 35 Jahren Anbieter von HMI\/SCADA-L\u00f6sungen.&nbsp;Unsere Experten helfen Ihnen, den richtigen Weg zur Implementierung von Proficy CIMPLICITY in Ihrem Unternehmen zu finden.<\/p>\n<\/div><\/div><figure class=\"wp-block-media-text__media\"><img loading=\"lazy\" decoding=\"async\" width=\"600\" height=\"429\" src=\"https:\/\/www.novotek.com\/ch\/wp-content\/uploads\/sites\/3\/GEVernova_Cimplicity_operatorview.png\" alt=\"\" class=\"wp-image-28854 size-full\" srcset=\"https:\/\/www.novotek.com\/ch\/wp-content\/uploads\/sites\/3\/GEVernova_Cimplicity_operatorview.png 600w, https:\/\/www.novotek.com\/ch\/wp-content\/uploads\/sites\/3\/GEVernova_Cimplicity_operatorview-300x215.png 300w, https:\/\/www.novotek.com\/ch\/wp-content\/uploads\/sites\/3\/GEVernova_Cimplicity_operatorview-86x61.png 86w, https:\/\/www.novotek.com\/ch\/wp-content\/uploads\/sites\/3\/GEVernova_Cimplicity_operatorview-306x219.png 306w\" sizes=\"auto, (max-width: 600px) 100vw, 600px\" \/><\/figure><\/div>\n<\/div>\n\n<div class=\"container-md spacer  \">\n<div style=\"height:50px\" aria-hidden=\"true\" class=\"wp-block-spacer\"><\/div>\n<\/div>","protected":false},"excerpt":{"rendered":"<p>Steuern Sie Ihre Produktion mit einer der marktf\u00fchrenden HMI\/SCADA-L\u00f6sungen f\u00fcr die St\u00fcckgutfertigung.<\/p>\n","protected":false},"author":35,"featured_media":0,"parent":8269,"menu_order":2,"comment_status":"closed","ping_status":"closed","template":"","meta":{"_acf_changed":false,"_relevanssi_hide_post":"","_relevanssi_pin_for_all":"","_relevanssi_pin_keywords":"","_relevanssi_unpin_keywords":"","_relevanssi_related_keywords":"","_relevanssi_related_include_ids":"","_relevanssi_related_exclude_ids":"","_relevanssi_related_no_append":"","_relevanssi_related_not_related":"","_relevanssi_related_posts":"3195,6198,3220,6214,6182,3200","_relevanssi_noindex_reason":"","content-type":"","footnotes":""},"class_list":["post-8244","page","type-page","status-publish","hentry"],"acf":[],"yoast_head":"<!-- This site is optimized with the Yoast SEO plugin v27.4 - https:\/\/yoast.com\/product\/yoast-seo-wordpress\/ -->\n<title>Proficy CIMPLICITY - Novotek CH<\/title>\n<meta name=\"description\" content=\"Proficy CIMPLICITY ist die leistungsstarke Client-\/Server-basierte SCADA-L\u00f6sung, die sich ideal f\u00fcr Produktionen mit St\u00fcckgutfertigung eignet.\" \/>\n<meta name=\"robots\" content=\"index, follow, max-snippet:-1, max-image-preview:large, max-video-preview:-1\" \/>\n<link rel=\"canonical\" href=\"https:\/\/www.novotek.com\/ch\/hmi-scada\/proficy-cimplicity\/\" \/>\n<meta property=\"og:locale\" content=\"de_DE\" \/>\n<meta property=\"og:type\" content=\"article\" \/>\n<meta property=\"og:title\" content=\"Proficy CIMPLICITY - Novotek CH\" \/>\n<meta property=\"og:description\" content=\"Proficy CIMPLICITY ist die leistungsstarke Client-\/Server-basierte SCADA-L\u00f6sung, die sich ideal f\u00fcr Produktionen mit St\u00fcckgutfertigung eignet.\" \/>\n<meta property=\"og:url\" content=\"https:\/\/www.novotek.com\/ch\/hmi-scada\/proficy-cimplicity\/\" \/>\n<meta property=\"og:site_name\" content=\"Novotek CH\" \/>\n<meta property=\"article:modified_time\" content=\"2025-11-24T08:05:38+00:00\" \/>\n<meta property=\"og:image\" content=\"https:\/\/www.novotek.com\/ch\/wp-content\/uploads\/sites\/3\/GEVernova_Cimplicity_600x429-1-2.png\" \/>\n<meta name=\"twitter:card\" content=\"summary_large_image\" \/>\n<meta name=\"twitter:label1\" content=\"Gesch\u00e4tzte Lesezeit\" \/>\n\t<meta name=\"twitter:data1\" content=\"3\u00a0Minuten\" \/>\n<script type=\"application\/ld+json\" class=\"yoast-schema-graph\">{\"@context\":\"https:\\\/\\\/schema.org\",\"@graph\":[{\"@type\":\"WebPage\",\"@id\":\"https:\\\/\\\/www.novotek.com\\\/ch\\\/hmi-scada\\\/proficy-cimplicity\\\/\",\"url\":\"https:\\\/\\\/www.novotek.com\\\/ch\\\/hmi-scada\\\/proficy-cimplicity\\\/\",\"name\":\"Proficy CIMPLICITY - Novotek CH\",\"isPartOf\":{\"@id\":\"https:\\\/\\\/www.novotek.com\\\/ch\\\/#website\"},\"primaryImageOfPage\":{\"@id\":\"https:\\\/\\\/www.novotek.com\\\/ch\\\/hmi-scada\\\/proficy-cimplicity\\\/#primaryimage\"},\"image\":{\"@id\":\"https:\\\/\\\/www.novotek.com\\\/ch\\\/hmi-scada\\\/proficy-cimplicity\\\/#primaryimage\"},\"thumbnailUrl\":\"https:\\\/\\\/www.novotek.com\\\/ch\\\/wp-content\\\/uploads\\\/sites\\\/3\\\/GEVernova_Cimplicity_600x429-1-2.png\",\"datePublished\":\"2022-07-15T08:57:19+00:00\",\"dateModified\":\"2025-11-24T08:05:38+00:00\",\"description\":\"Proficy CIMPLICITY ist die leistungsstarke Client-\\\/Server-basierte SCADA-L\u00f6sung, die sich ideal f\u00fcr Produktionen mit St\u00fcckgutfertigung eignet.\",\"breadcrumb\":{\"@id\":\"https:\\\/\\\/www.novotek.com\\\/ch\\\/hmi-scada\\\/proficy-cimplicity\\\/#breadcrumb\"},\"inLanguage\":\"de-CH\",\"potentialAction\":[{\"@type\":\"ReadAction\",\"target\":[\"https:\\\/\\\/www.novotek.com\\\/ch\\\/hmi-scada\\\/proficy-cimplicity\\\/\"]}]},{\"@type\":\"ImageObject\",\"inLanguage\":\"de-CH\",\"@id\":\"https:\\\/\\\/www.novotek.com\\\/ch\\\/hmi-scada\\\/proficy-cimplicity\\\/#primaryimage\",\"url\":\"https:\\\/\\\/www.novotek.com\\\/ch\\\/wp-content\\\/uploads\\\/sites\\\/3\\\/GEVernova_Cimplicity_600x429-1-2.png.webp\",\"contentUrl\":\"https:\\\/\\\/www.novotek.com\\\/ch\\\/wp-content\\\/uploads\\\/sites\\\/3\\\/GEVernova_Cimplicity_600x429-1-2.png.webp\",\"width\":600,\"height\":429},{\"@type\":\"BreadcrumbList\",\"@id\":\"https:\\\/\\\/www.novotek.com\\\/ch\\\/hmi-scada\\\/proficy-cimplicity\\\/#breadcrumb\",\"itemListElement\":[{\"@type\":\"ListItem\",\"position\":1,\"name\":\"Home\",\"item\":\"https:\\\/\\\/www.novotek.com\\\/ch\\\/\"},{\"@type\":\"ListItem\",\"position\":2,\"name\":\"HMI \\\/ SCADA\",\"item\":\"https:\\\/\\\/www.novotek.com\\\/ch\\\/hmi-scada\\\/\"},{\"@type\":\"ListItem\",\"position\":3,\"name\":\"Proficy CIMPLICITY\"}]},{\"@type\":\"WebSite\",\"@id\":\"https:\\\/\\\/www.novotek.com\\\/ch\\\/#website\",\"url\":\"https:\\\/\\\/www.novotek.com\\\/ch\\\/\",\"name\":\"Novotek Switzerland AG\",\"description\":\"Connect - Digitalize - Optimize\",\"publisher\":{\"@id\":\"https:\\\/\\\/www.novotek.com\\\/ch\\\/#organization\"},\"potentialAction\":[{\"@type\":\"SearchAction\",\"target\":{\"@type\":\"EntryPoint\",\"urlTemplate\":\"https:\\\/\\\/www.novotek.com\\\/ch\\\/?s={search_term_string}\"},\"query-input\":{\"@type\":\"PropertyValueSpecification\",\"valueRequired\":true,\"valueName\":\"search_term_string\"}}],\"inLanguage\":\"de-CH\"},{\"@type\":\"Organization\",\"@id\":\"https:\\\/\\\/www.novotek.com\\\/ch\\\/#organization\",\"name\":\"Novotek Switzerland AG\",\"url\":\"https:\\\/\\\/www.novotek.com\\\/ch\\\/\",\"logo\":{\"@type\":\"ImageObject\",\"inLanguage\":\"de-CH\",\"@id\":\"https:\\\/\\\/www.novotek.com\\\/ch\\\/#\\\/schema\\\/logo\\\/image\\\/\",\"url\":\"https:\\\/\\\/www.novotek.com\\\/ch\\\/wp-content\\\/uploads\\\/sites\\\/3\\\/novotek-symbol-rgb-pos-white-border-512x512-1.png\",\"contentUrl\":\"https:\\\/\\\/www.novotek.com\\\/ch\\\/wp-content\\\/uploads\\\/sites\\\/3\\\/novotek-symbol-rgb-pos-white-border-512x512-1.png\",\"width\":512,\"height\":512,\"caption\":\"Novotek Switzerland AG\"},\"image\":{\"@id\":\"https:\\\/\\\/www.novotek.com\\\/ch\\\/#\\\/schema\\\/logo\\\/image\\\/\"}}]}<\/script>\n<!-- \/ Yoast SEO plugin. -->","yoast_head_json":{"title":"Proficy CIMPLICITY - Novotek CH","description":"Proficy CIMPLICITY ist die leistungsstarke Client-\/Server-basierte SCADA-L\u00f6sung, die sich ideal f\u00fcr Produktionen mit St\u00fcckgutfertigung eignet.","robots":{"index":"index","follow":"follow","max-snippet":"max-snippet:-1","max-image-preview":"max-image-preview:large","max-video-preview":"max-video-preview:-1"},"canonical":"https:\/\/www.novotek.com\/ch\/hmi-scada\/proficy-cimplicity\/","og_locale":"de_DE","og_type":"article","og_title":"Proficy CIMPLICITY - Novotek CH","og_description":"Proficy CIMPLICITY ist die leistungsstarke Client-\/Server-basierte SCADA-L\u00f6sung, die sich ideal f\u00fcr Produktionen mit St\u00fcckgutfertigung eignet.","og_url":"https:\/\/www.novotek.com\/ch\/hmi-scada\/proficy-cimplicity\/","og_site_name":"Novotek CH","article_modified_time":"2025-11-24T08:05:38+00:00","og_image":[{"url":"https:\/\/www.novotek.com\/ch\/wp-content\/uploads\/sites\/3\/GEVernova_Cimplicity_600x429-1-2.png","type":"","width":"","height":""}],"twitter_card":"summary_large_image","twitter_misc":{"Gesch\u00e4tzte Lesezeit":"3\u00a0Minuten"},"schema":{"@context":"https:\/\/schema.org","@graph":[{"@type":"WebPage","@id":"https:\/\/www.novotek.com\/ch\/hmi-scada\/proficy-cimplicity\/","url":"https:\/\/www.novotek.com\/ch\/hmi-scada\/proficy-cimplicity\/","name":"Proficy CIMPLICITY - Novotek CH","isPartOf":{"@id":"https:\/\/www.novotek.com\/ch\/#website"},"primaryImageOfPage":{"@id":"https:\/\/www.novotek.com\/ch\/hmi-scada\/proficy-cimplicity\/#primaryimage"},"image":{"@id":"https:\/\/www.novotek.com\/ch\/hmi-scada\/proficy-cimplicity\/#primaryimage"},"thumbnailUrl":"https:\/\/www.novotek.com\/ch\/wp-content\/uploads\/sites\/3\/GEVernova_Cimplicity_600x429-1-2.png","datePublished":"2022-07-15T08:57:19+00:00","dateModified":"2025-11-24T08:05:38+00:00","description":"Proficy CIMPLICITY ist die leistungsstarke Client-\/Server-basierte SCADA-L\u00f6sung, die sich ideal f\u00fcr Produktionen mit St\u00fcckgutfertigung eignet.","breadcrumb":{"@id":"https:\/\/www.novotek.com\/ch\/hmi-scada\/proficy-cimplicity\/#breadcrumb"},"inLanguage":"de-CH","potentialAction":[{"@type":"ReadAction","target":["https:\/\/www.novotek.com\/ch\/hmi-scada\/proficy-cimplicity\/"]}]},{"@type":"ImageObject","inLanguage":"de-CH","@id":"https:\/\/www.novotek.com\/ch\/hmi-scada\/proficy-cimplicity\/#primaryimage","url":"https:\/\/www.novotek.com\/ch\/wp-content\/uploads\/sites\/3\/GEVernova_Cimplicity_600x429-1-2.png.webp","contentUrl":"https:\/\/www.novotek.com\/ch\/wp-content\/uploads\/sites\/3\/GEVernova_Cimplicity_600x429-1-2.png.webp","width":600,"height":429},{"@type":"BreadcrumbList","@id":"https:\/\/www.novotek.com\/ch\/hmi-scada\/proficy-cimplicity\/#breadcrumb","itemListElement":[{"@type":"ListItem","position":1,"name":"Home","item":"https:\/\/www.novotek.com\/ch\/"},{"@type":"ListItem","position":2,"name":"HMI \/ SCADA","item":"https:\/\/www.novotek.com\/ch\/hmi-scada\/"},{"@type":"ListItem","position":3,"name":"Proficy CIMPLICITY"}]},{"@type":"WebSite","@id":"https:\/\/www.novotek.com\/ch\/#website","url":"https:\/\/www.novotek.com\/ch\/","name":"Novotek Switzerland AG","description":"Connect - Digitalize - Optimize","publisher":{"@id":"https:\/\/www.novotek.com\/ch\/#organization"},"potentialAction":[{"@type":"SearchAction","target":{"@type":"EntryPoint","urlTemplate":"https:\/\/www.novotek.com\/ch\/?s={search_term_string}"},"query-input":{"@type":"PropertyValueSpecification","valueRequired":true,"valueName":"search_term_string"}}],"inLanguage":"de-CH"},{"@type":"Organization","@id":"https:\/\/www.novotek.com\/ch\/#organization","name":"Novotek Switzerland AG","url":"https:\/\/www.novotek.com\/ch\/","logo":{"@type":"ImageObject","inLanguage":"de-CH","@id":"https:\/\/www.novotek.com\/ch\/#\/schema\/logo\/image\/","url":"https:\/\/www.novotek.com\/ch\/wp-content\/uploads\/sites\/3\/novotek-symbol-rgb-pos-white-border-512x512-1.png","contentUrl":"https:\/\/www.novotek.com\/ch\/wp-content\/uploads\/sites\/3\/novotek-symbol-rgb-pos-white-border-512x512-1.png","width":512,"height":512,"caption":"Novotek Switzerland AG"},"image":{"@id":"https:\/\/www.novotek.com\/ch\/#\/schema\/logo\/image\/"}}]}},"_links":{"self":[{"href":"https:\/\/www.novotek.com\/ch\/wp-json\/wp\/v2\/pages\/8244","targetHints":{"allow":["GET"]}}],"collection":[{"href":"https:\/\/www.novotek.com\/ch\/wp-json\/wp\/v2\/pages"}],"about":[{"href":"https:\/\/www.novotek.com\/ch\/wp-json\/wp\/v2\/types\/page"}],"author":[{"embeddable":true,"href":"https:\/\/www.novotek.com\/ch\/wp-json\/wp\/v2\/users\/35"}],"replies":[{"embeddable":true,"href":"https:\/\/www.novotek.com\/ch\/wp-json\/wp\/v2\/comments?post=8244"}],"version-history":[{"count":20,"href":"https:\/\/www.novotek.com\/ch\/wp-json\/wp\/v2\/pages\/8244\/revisions"}],"predecessor-version":[{"id":28888,"href":"https:\/\/www.novotek.com\/ch\/wp-json\/wp\/v2\/pages\/8244\/revisions\/28888"}],"up":[{"embeddable":true,"href":"https:\/\/www.novotek.com\/ch\/wp-json\/wp\/v2\/pages\/8269"}],"wp:attachment":[{"href":"https:\/\/www.novotek.com\/ch\/wp-json\/wp\/v2\/media?parent=8244"}],"curies":[{"name":"wp","href":"https:\/\/api.w.org\/{rel}","templated":true}]}}