{"id":8248,"date":"2022-07-15T08:57:25","date_gmt":"2022-07-15T08:57:25","guid":{"rendered":"http:\/\/ch.novotek-multi.dev4.mildmedia-dev.eu\/?page_id=8248"},"modified":"2024-02-23T09:20:29","modified_gmt":"2024-02-23T09:20:29","slug":"versiondog","status":"publish","type":"page","link":"https:\/\/www.novotek.com\/ch\/versionskontrolle\/versiondog\/","title":{"rendered":"Versiondog"},"content":{"rendered":"  <div class=\"hero\">\n    <div class=\"carousel hero-slider small\" data-flickity data-flickity-options='{\"prevNextButtons\": false}'>\n              <div class=\"carousel-cell\">\n          <div class=\"container\">\n            <div class=\"hero-content\">\n                              <h1><span><span class=\"\">versiondog ist vollst\u00e4ndig in octoplant integriert<\/span><\/span><\/h1>\n<p>Unser Lieferant AUVESY-MDT hat bekannt gegeben, dass sie die Entwicklung des Versionsverwaltungssystems versiondog einstellen und die Funktionalit\u00e4t des Systems vollst\u00e4ndig auf octoplant \u00fcbertragen werden. Damit konzentriert sich AUVESY-MDT voll auf den Ausbau und die Weiterentwicklung der unternehmensweiten Asset-Management-Plattform <strong><a href=\"https:\/\/www.novotek.com\/ch\/versionskontrolle\/octoplant\/\">octoplant<\/a><\/strong>.<\/p>\n              \n                          <\/div>\n          <\/div>\n\n          <img decoding=\"async\" width=\"1024\" height=\"320\" src=\"https:\/\/www.novotek.com\/ch\/wp-content\/uploads\/sites\/3\/Novotek_Versiondog_duotone-1024x320.jpg.webp\" class=\"hero-bg\" alt=\"Hero Img\" fetchpriority=\"high\" srcset=\"https:\/\/www.novotek.com\/ch\/wp-content\/uploads\/sites\/3\/Novotek_Versiondog_duotone-1024x320.jpg.webp 1024w, https:\/\/www.novotek.com\/ch\/wp-content\/uploads\/sites\/3\/Novotek_Versiondog_duotone-300x94.jpg.webp 300w, https:\/\/www.novotek.com\/ch\/wp-content\/uploads\/sites\/3\/Novotek_Versiondog_duotone-768x240.jpg.webp 768w, https:\/\/www.novotek.com\/ch\/wp-content\/uploads\/sites\/3\/Novotek_Versiondog_duotone-1536x480.jpg.webp 1536w, https:\/\/www.novotek.com\/ch\/wp-content\/uploads\/sites\/3\/Novotek_Versiondog_duotone.jpg.webp 1920w\" sizes=\"(max-width: 1024px) 100vw, 1024px\" \/>                  <\/div>\n          <\/div>\n\n      <\/div>\n\n   \n\n\n<div class=\"container-md spacer  \">\n<div style=\"height:50px\" aria-hidden=\"true\" class=\"wp-block-spacer\"><\/div>\n<\/div>\n\n<div class=\"container-md heading  \">\n<h2 class=\"wp-block-heading\">Warum stellt AUVESY-MDT die Entwicklung von versiondog ein?<\/h2>\n<\/div>\n\n<div class=\"container-md paragraph  \">\n<p>Es erfordert einen erheblichen Aufwand, mehrere L\u00f6sungen f\u00fcr die gleiche Anwendung zu entwickeln. F\u00fcr den Endkunden bedeutet dies letztendlich Qualit\u00e4tseinbussen und l\u00e4ngere Innovationszyklen.<\/p>\n<\/div>\n\n<div class=\"container-md paragraph  \">\n<p>Derzeit bietet AUVESY-MDT mit versiondog , AutoSave und octoplant selbst drei L\u00f6sungen f\u00fcr die Versionskontrolle von SPS-Software an. Die Produkt- und Softwareentwickler der AUVESY-MDT wollen sich zuk\u00fcnftig voll auf die zukunftsweisende L\u00f6sung octoplant konzentrieren.<\/p>\n<\/div>\n\n<div class=\"container-md spacer  \">\n<div style=\"height:50px\" aria-hidden=\"true\" class=\"wp-block-spacer\"><\/div>\n<\/div>\n\n<div class=\"container-md embed  alignwide\">\n<figure class=\"wp-block-embed alignwide is-type-video is-provider-youtube wp-block-embed-youtube wp-embed-aspect-16-9 wp-has-aspect-ratio\"><div class=\"wp-block-embed__wrapper\">\n<iframe loading=\"lazy\" title=\"ocotoplant \u2013 Why the Switch is Worthwhile\" width=\"1440\" height=\"810\" src=\"https:\/\/www.youtube.com\/embed\/Gd95qnbvzk0?feature=oembed\" frameborder=\"0\" allow=\"accelerometer; autoplay; clipboard-write; encrypted-media; gyroscope; picture-in-picture; web-share\" allowfullscreen><\/iframe>\n<\/div><figcaption class=\"wp-element-caption\"><a href=\"https:\/\/youtu.be\/Gd95qnbvzk0?si=hvTV59d_dAE6DgNC\" target=\"_blank\" rel=\"noreferrer noopener\">YouTube: octoplant &#8211; Why the switch is Worthwhile<\/a><\/figcaption><\/figure>\n<\/div>\n\n<div class=\"container-md spacer  \">\n<div style=\"height:50px\" aria-hidden=\"true\" class=\"wp-block-spacer\"><\/div>\n<\/div>\n\n<div class=\"container-md heading  \">\n<h3 class=\"wp-block-heading\" id=\"h-kann-versiondog-weiterhin-verwendet-werden\">Kann versiondog weiterhin verwendet werden?<\/h3>\n<\/div>\n\n<div class=\"container-md paragraph  \">\n<p>Selbstverst\u00e4ndlich! Sie k\u00f6nnen sich bis zum Ende des Lebenszyklus von versiondog auf dieses Produkt verlassen. Konkret heisst das<\/p>\n<\/div>\n\n<div class=\"container-md list  \">\n<ul class=\"wp-block-list\"><div class=\"container-md list-item  \">\n<li>Bis Ende 2024 bietet AUVESY-MDT vollen Support und Wartung f\u00fcr bestehende Funktionen.<\/li>\n<\/div>\n\n<div class=\"container-md list-item  \">\n<li>Bis Ende 2025 werden von AUVESY-MDT nur noch sicherheitskritische Patches und eingeschr\u00e4nkter Support angeboten.<\/li>\n<\/div><\/ul>\n<\/div>\n\n<div class=\"container-md spacer  \">\n<div style=\"height:30px\" aria-hidden=\"true\" class=\"wp-block-spacer\"><\/div>\n<\/div>\n\n<div class=\"container-md heading  \">\n<h3 class=\"wp-block-heading\" id=\"h-was-kommt-nach-versiondog\">Was kommt nach versiondog?<\/h3>\n<\/div>\n\n<div class=\"container-md paragraph  \">\n<p>Um von zuk\u00fcnftigen Innovationen wie Cyber Security und Inventory profitieren zu k\u00f6nnen, empfehlen wir einen m\u00f6glichen Umstieg auf octoplant in Betracht zu ziehen.<\/p>\n<\/div>\n\n<div class=\"container-md paragraph  \">\n<p>octoplant bietet bereits alle Funktionen von versiondog und ber\u00fccksichtigt dar\u00fcber hinaus neue Anforderungen und technologische Innovationen in der industriellen Automatisierung.<\/p>\n<\/div>\n\n<div class=\"container-md spacer  \">\n<div style=\"height:80px\" aria-hidden=\"true\" class=\"wp-block-spacer\"><\/div>\n<\/div>\n\n<div class=\"cta-block\">\n  <div class=\"container\">\n          <h2>Haben Sie Fragen?<\/h2>\n    \n          <div><p>Wir erz\u00e4hlen Ihnen gerne mehr zu octoplant von AUVESY-MDT<br \/>\nund wie sie die modulare Softwareplattform erfolgreich in<br \/>\nIhrer Produktion einsetzen k\u00f6nnen.<\/p>\n<\/div>\n    \n          <a class=\"btn btn-primary\" href=\"https:\/\/www.novotek.com\/ch\/kontakt\/\">Kontaktieren Sie uns<\/a>\n      <\/div>\n<\/div>\n\n\n<div class=\"container-md spacer  \">\n<div style=\"height:10px\" aria-hidden=\"true\" class=\"wp-block-spacer\"><\/div>\n<\/div>","protected":false},"excerpt":{"rendered":"<p>Warum stellt AUVESY-MDT die Entwicklung von versiondog ein? Es erfordert einen erheblichen Aufwand, mehrere L\u00f6sungen f\u00fcr die gleiche Anwendung zu entwickeln. F\u00fcr den Endkunden bedeutet dies letztendlich Qualit\u00e4tseinbussen und l\u00e4ngere Innovationszyklen. Derzeit bietet AUVESY-MDT mit versiondog , AutoSave und octoplant selbst drei L\u00f6sungen f\u00fcr die Versionskontrolle von SPS-Software an. Die Produkt- und Softwareentwickler der AUVESY-MDT [&hellip;]<\/p>\n","protected":false},"author":15,"featured_media":0,"parent":8242,"menu_order":2,"comment_status":"closed","ping_status":"closed","template":"","meta":{"_acf_changed":false,"_relevanssi_hide_post":"","_relevanssi_pin_for_all":"","_relevanssi_pin_keywords":"","_relevanssi_unpin_keywords":"","_relevanssi_related_keywords":"","_relevanssi_related_include_ids":"","_relevanssi_related_exclude_ids":"","_relevanssi_related_no_append":"","_relevanssi_related_not_related":"","_relevanssi_related_posts":"6214,6198,3208,6182,3195,3220","_relevanssi_noindex_reason":"","content-type":"standard-page","footnotes":""},"class_list":["post-8248","page","type-page","status-publish","hentry"],"acf":[],"yoast_head":"<!-- This site is optimized with the Yoast SEO plugin v27.4 - https:\/\/yoast.com\/product\/yoast-seo-wordpress\/ -->\n<title>Versiondog - Novotek CH<\/title>\n<meta name=\"description\" content=\"Die moderne Instandhaltung von Anlagen und Maschinen dank Versionierung und Change-Management mit Versiondog.\" \/>\n<meta name=\"robots\" content=\"index, follow, max-snippet:-1, max-image-preview:large, max-video-preview:-1\" \/>\n<link rel=\"canonical\" href=\"https:\/\/www.novotek.com\/ch\/versionskontrolle\/versiondog\/\" \/>\n<meta property=\"og:locale\" content=\"de_DE\" \/>\n<meta property=\"og:type\" content=\"article\" \/>\n<meta property=\"og:title\" content=\"Versiondog - Novotek CH\" \/>\n<meta property=\"og:description\" content=\"Die moderne Instandhaltung von Anlagen und Maschinen dank Versionierung und Change-Management mit Versiondog.\" \/>\n<meta property=\"og:url\" content=\"https:\/\/www.novotek.com\/ch\/versionskontrolle\/versiondog\/\" \/>\n<meta property=\"og:site_name\" content=\"Novotek CH\" \/>\n<meta property=\"article:modified_time\" content=\"2024-02-23T09:20:29+00:00\" \/>\n<meta name=\"twitter:card\" content=\"summary_large_image\" \/>\n<meta name=\"twitter:label1\" content=\"Gesch\u00e4tzte Lesezeit\" \/>\n\t<meta name=\"twitter:data1\" content=\"1\u00a0Minute\" \/>\n<script type=\"application\/ld+json\" class=\"yoast-schema-graph\">{\"@context\":\"https:\\\/\\\/schema.org\",\"@graph\":[{\"@type\":\"WebPage\",\"@id\":\"https:\\\/\\\/www.novotek.com\\\/ch\\\/versionskontrolle\\\/versiondog\\\/\",\"url\":\"https:\\\/\\\/www.novotek.com\\\/ch\\\/versionskontrolle\\\/versiondog\\\/\",\"name\":\"Versiondog - Novotek CH\",\"isPartOf\":{\"@id\":\"https:\\\/\\\/www.novotek.com\\\/ch\\\/#website\"},\"datePublished\":\"2022-07-15T08:57:25+00:00\",\"dateModified\":\"2024-02-23T09:20:29+00:00\",\"description\":\"Die moderne Instandhaltung von Anlagen und Maschinen dank Versionierung und Change-Management mit Versiondog.\",\"breadcrumb\":{\"@id\":\"https:\\\/\\\/www.novotek.com\\\/ch\\\/versionskontrolle\\\/versiondog\\\/#breadcrumb\"},\"inLanguage\":\"de-CH\",\"potentialAction\":[{\"@type\":\"ReadAction\",\"target\":[\"https:\\\/\\\/www.novotek.com\\\/ch\\\/versionskontrolle\\\/versiondog\\\/\"]}]},{\"@type\":\"BreadcrumbList\",\"@id\":\"https:\\\/\\\/www.novotek.com\\\/ch\\\/versionskontrolle\\\/versiondog\\\/#breadcrumb\",\"itemListElement\":[{\"@type\":\"ListItem\",\"position\":1,\"name\":\"Home\",\"item\":\"https:\\\/\\\/www.novotek.com\\\/ch\\\/\"},{\"@type\":\"ListItem\",\"position\":2,\"name\":\"Versionierung\",\"item\":\"https:\\\/\\\/www.novotek.com\\\/ch\\\/versionskontrolle\\\/\"},{\"@type\":\"ListItem\",\"position\":3,\"name\":\"Versiondog\"}]},{\"@type\":\"WebSite\",\"@id\":\"https:\\\/\\\/www.novotek.com\\\/ch\\\/#website\",\"url\":\"https:\\\/\\\/www.novotek.com\\\/ch\\\/\",\"name\":\"Novotek Switzerland AG\",\"description\":\"Connect - Digitalize - Optimize\",\"publisher\":{\"@id\":\"https:\\\/\\\/www.novotek.com\\\/ch\\\/#organization\"},\"potentialAction\":[{\"@type\":\"SearchAction\",\"target\":{\"@type\":\"EntryPoint\",\"urlTemplate\":\"https:\\\/\\\/www.novotek.com\\\/ch\\\/?s={search_term_string}\"},\"query-input\":{\"@type\":\"PropertyValueSpecification\",\"valueRequired\":true,\"valueName\":\"search_term_string\"}}],\"inLanguage\":\"de-CH\"},{\"@type\":\"Organization\",\"@id\":\"https:\\\/\\\/www.novotek.com\\\/ch\\\/#organization\",\"name\":\"Novotek Switzerland AG\",\"url\":\"https:\\\/\\\/www.novotek.com\\\/ch\\\/\",\"logo\":{\"@type\":\"ImageObject\",\"inLanguage\":\"de-CH\",\"@id\":\"https:\\\/\\\/www.novotek.com\\\/ch\\\/#\\\/schema\\\/logo\\\/image\\\/\",\"url\":\"https:\\\/\\\/www.novotek.com\\\/ch\\\/wp-content\\\/uploads\\\/sites\\\/3\\\/novotek-symbol-rgb-pos-white-border-512x512-1.png\",\"contentUrl\":\"https:\\\/\\\/www.novotek.com\\\/ch\\\/wp-content\\\/uploads\\\/sites\\\/3\\\/novotek-symbol-rgb-pos-white-border-512x512-1.png\",\"width\":512,\"height\":512,\"caption\":\"Novotek Switzerland AG\"},\"image\":{\"@id\":\"https:\\\/\\\/www.novotek.com\\\/ch\\\/#\\\/schema\\\/logo\\\/image\\\/\"}}]}<\/script>\n<!-- \/ Yoast SEO plugin. -->","yoast_head_json":{"title":"Versiondog - Novotek CH","description":"Die moderne Instandhaltung von Anlagen und Maschinen dank Versionierung und Change-Management mit Versiondog.","robots":{"index":"index","follow":"follow","max-snippet":"max-snippet:-1","max-image-preview":"max-image-preview:large","max-video-preview":"max-video-preview:-1"},"canonical":"https:\/\/www.novotek.com\/ch\/versionskontrolle\/versiondog\/","og_locale":"de_DE","og_type":"article","og_title":"Versiondog - Novotek CH","og_description":"Die moderne Instandhaltung von Anlagen und Maschinen dank Versionierung und Change-Management mit Versiondog.","og_url":"https:\/\/www.novotek.com\/ch\/versionskontrolle\/versiondog\/","og_site_name":"Novotek CH","article_modified_time":"2024-02-23T09:20:29+00:00","twitter_card":"summary_large_image","twitter_misc":{"Gesch\u00e4tzte Lesezeit":"1\u00a0Minute"},"schema":{"@context":"https:\/\/schema.org","@graph":[{"@type":"WebPage","@id":"https:\/\/www.novotek.com\/ch\/versionskontrolle\/versiondog\/","url":"https:\/\/www.novotek.com\/ch\/versionskontrolle\/versiondog\/","name":"Versiondog - Novotek CH","isPartOf":{"@id":"https:\/\/www.novotek.com\/ch\/#website"},"datePublished":"2022-07-15T08:57:25+00:00","dateModified":"2024-02-23T09:20:29+00:00","description":"Die moderne Instandhaltung von Anlagen und Maschinen dank Versionierung und Change-Management mit Versiondog.","breadcrumb":{"@id":"https:\/\/www.novotek.com\/ch\/versionskontrolle\/versiondog\/#breadcrumb"},"inLanguage":"de-CH","potentialAction":[{"@type":"ReadAction","target":["https:\/\/www.novotek.com\/ch\/versionskontrolle\/versiondog\/"]}]},{"@type":"BreadcrumbList","@id":"https:\/\/www.novotek.com\/ch\/versionskontrolle\/versiondog\/#breadcrumb","itemListElement":[{"@type":"ListItem","position":1,"name":"Home","item":"https:\/\/www.novotek.com\/ch\/"},{"@type":"ListItem","position":2,"name":"Versionierung","item":"https:\/\/www.novotek.com\/ch\/versionskontrolle\/"},{"@type":"ListItem","position":3,"name":"Versiondog"}]},{"@type":"WebSite","@id":"https:\/\/www.novotek.com\/ch\/#website","url":"https:\/\/www.novotek.com\/ch\/","name":"Novotek Switzerland AG","description":"Connect - Digitalize - Optimize","publisher":{"@id":"https:\/\/www.novotek.com\/ch\/#organization"},"potentialAction":[{"@type":"SearchAction","target":{"@type":"EntryPoint","urlTemplate":"https:\/\/www.novotek.com\/ch\/?s={search_term_string}"},"query-input":{"@type":"PropertyValueSpecification","valueRequired":true,"valueName":"search_term_string"}}],"inLanguage":"de-CH"},{"@type":"Organization","@id":"https:\/\/www.novotek.com\/ch\/#organization","name":"Novotek Switzerland AG","url":"https:\/\/www.novotek.com\/ch\/","logo":{"@type":"ImageObject","inLanguage":"de-CH","@id":"https:\/\/www.novotek.com\/ch\/#\/schema\/logo\/image\/","url":"https:\/\/www.novotek.com\/ch\/wp-content\/uploads\/sites\/3\/novotek-symbol-rgb-pos-white-border-512x512-1.png","contentUrl":"https:\/\/www.novotek.com\/ch\/wp-content\/uploads\/sites\/3\/novotek-symbol-rgb-pos-white-border-512x512-1.png","width":512,"height":512,"caption":"Novotek Switzerland AG"},"image":{"@id":"https:\/\/www.novotek.com\/ch\/#\/schema\/logo\/image\/"}}]}},"_links":{"self":[{"href":"https:\/\/www.novotek.com\/ch\/wp-json\/wp\/v2\/pages\/8248","targetHints":{"allow":["GET"]}}],"collection":[{"href":"https:\/\/www.novotek.com\/ch\/wp-json\/wp\/v2\/pages"}],"about":[{"href":"https:\/\/www.novotek.com\/ch\/wp-json\/wp\/v2\/types\/page"}],"author":[{"embeddable":true,"href":"https:\/\/www.novotek.com\/ch\/wp-json\/wp\/v2\/users\/15"}],"replies":[{"embeddable":true,"href":"https:\/\/www.novotek.com\/ch\/wp-json\/wp\/v2\/comments?post=8248"}],"version-history":[{"count":42,"href":"https:\/\/www.novotek.com\/ch\/wp-json\/wp\/v2\/pages\/8248\/revisions"}],"predecessor-version":[{"id":20209,"href":"https:\/\/www.novotek.com\/ch\/wp-json\/wp\/v2\/pages\/8248\/revisions\/20209"}],"up":[{"embeddable":true,"href":"https:\/\/www.novotek.com\/ch\/wp-json\/wp\/v2\/pages\/8242"}],"wp:attachment":[{"href":"https:\/\/www.novotek.com\/ch\/wp-json\/wp\/v2\/media?parent=8248"}],"curies":[{"name":"wp","href":"https:\/\/api.w.org\/{rel}","templated":true}]}}