{"id":8262,"date":"2022-07-15T09:07:53","date_gmt":"2022-07-15T09:07:53","guid":{"rendered":"http:\/\/ch.novotek-multi.dev4.mildmedia-dev.eu\/?page_id=8262"},"modified":"2025-07-14T14:02:48","modified_gmt":"2025-07-14T14:02:48","slug":"june5","status":"publish","type":"page","link":"https:\/\/www.novotek.com\/ch\/anlagen-prozessoptimierung\/june5\/","title":{"rendered":"JUNE5"},"content":{"rendered":"  <div class=\"hero\">\n    <div class=\"carousel hero-slider small\" data-flickity data-flickity-options='{\"prevNextButtons\": false}'>\n              <div class=\"carousel-cell\">\n          <div class=\"container\">\n            <div class=\"hero-content\">\n                              <h1 class=\"elementor-heading-title elementor-size-default\">JUNE5<\/h1>\n<p class=\"elementor-heading-title elementor-size-default\">Erhalten Sie mobilen Zugang zu Echtzeitdaten und Informationen Ihrer Anlage.<\/p>\n              \n                          <\/div>\n          <\/div>\n\n          <img decoding=\"async\" width=\"1024\" height=\"320\" src=\"https:\/\/www.novotek.com\/ch\/wp-content\/uploads\/sites\/3\/Idus_Uddevalla_Energi_NEW-1-1024x320.jpg.webp\" class=\"hero-bg\" alt=\"Hero Img\" fetchpriority=\"high\" srcset=\"https:\/\/www.novotek.com\/ch\/wp-content\/uploads\/sites\/3\/Idus_Uddevalla_Energi_NEW-1-1024x320.jpg.webp 1024w, https:\/\/www.novotek.com\/ch\/wp-content\/uploads\/sites\/3\/Idus_Uddevalla_Energi_NEW-1-300x94.jpg.webp 300w, https:\/\/www.novotek.com\/ch\/wp-content\/uploads\/sites\/3\/Idus_Uddevalla_Energi_NEW-1-768x240.jpg.webp 768w, https:\/\/www.novotek.com\/ch\/wp-content\/uploads\/sites\/3\/Idus_Uddevalla_Energi_NEW-1-1536x480.jpg.webp 1536w, https:\/\/www.novotek.com\/ch\/wp-content\/uploads\/sites\/3\/Idus_Uddevalla_Energi_NEW-1.jpg.webp 1920w\" sizes=\"(max-width: 1024px) 100vw, 1024px\" \/>                  <\/div>\n          <\/div>\n\n      <\/div>\n\n   \n\n\n<div class=\"container-md paragraph  \">\n<p>JUNE5 erm\u00f6glicht Ihnen den Zugang zu allen Informationen und Daten Ihrer Anlagen in Echtzeit. \u00dcber die intuitive Benutzeroberfl\u00e4che k\u00f6nnen Sie auf dem Smartphone oder Tablet die gew\u00fcnschten Daten abrufen und nach Ihren Kriterien auswerten. Dank \u00fcbersichtlicher Darstellung mittels Graphen und Diagrammen, steuern und kontrollieren Sie Ihre Prozesse gesamtheitlich. Sekundenschnell erstellen Sie Berichte zur weiteren Auswertung und Analyse \u2013 ganz nach Ihren individuellen Anforderungen.&nbsp;<\/p>\n<\/div>\n\n<div class=\"container-md image  \">\n<figure class=\"wp-block-image size-large\"><img loading=\"lazy\" decoding=\"async\" width=\"1024\" height=\"655\" src=\"https:\/\/www.novotek.com\/ch\/wp-content\/uploads\/sites\/3\/videc-june5-eco-system-aufbau-de-1140x729-1-1024x655.jpg\" alt=\"Aufbau JUNE5\" class=\"wp-image-8830\" srcset=\"https:\/\/www.novotek.com\/ch\/wp-content\/uploads\/sites\/3\/videc-june5-eco-system-aufbau-de-1140x729-1-1024x655.jpg 1024w, https:\/\/www.novotek.com\/ch\/wp-content\/uploads\/sites\/3\/videc-june5-eco-system-aufbau-de-1140x729-1-300x192.jpg 300w, https:\/\/www.novotek.com\/ch\/wp-content\/uploads\/sites\/3\/videc-june5-eco-system-aufbau-de-1140x729-1-768x491.jpg 768w, https:\/\/www.novotek.com\/ch\/wp-content\/uploads\/sites\/3\/videc-june5-eco-system-aufbau-de-1140x729-1.jpg 1140w\" sizes=\"auto, (max-width: 1024px) 100vw, 1024px\" \/><\/figure>\n<\/div>\n\n<div class=\"container-md spacer  \">\n<div style=\"height:30px\" aria-hidden=\"true\" class=\"wp-block-spacer\"><\/div>\n<\/div>\n\n<div class=\"container-md heading  \">\n<h2 class=\"wp-block-heading\" id=\"h-mit-june5-konnen-sie\">Mit JUNE5 k\u00f6nnen Sie<\/h2>\n<\/div>\n\n<div class=\"container-md list  \">\n<ul class=\"wp-block-list\"><div class=\"container-md list-item  \">\n<li>Daten in Echtzeit analysieren, kontrollieren und auswerten.<\/li>\n<\/div>\n\n<div class=\"container-md list-item  \">\n<li>Diagramme erstellen und speichern.<\/li>\n<\/div>\n\n<div class=\"container-md list-item  \">\n<li>Berichte aus ACRON \u00fcbernehmen und ins PDF-Format \u00fcbertragen.<\/li>\n<\/div>\n\n<div class=\"container-md list-item  \">\n<li>Handwerte eingeben \u2013 auch im Offline-Modus.<\/li>\n<\/div>\n\n<div class=\"container-md list-item  \">\n<li>Zugriffsrechte f\u00fcr Mandanten, Gruppen und Objekte vergeben.<\/li>\n<\/div>\n\n<div class=\"container-md list-item  \">\n<li>Weitere Webapplikationen einbinden.<\/li>\n<\/div><\/ul>\n<\/div>\n\n<div class=\"container-md spacer  \">\n<div style=\"height:10px\" aria-hidden=\"true\" class=\"wp-block-spacer\"><\/div>\n<\/div>\n\n<div class=\"container media-text  alignwide\">\n<div class=\"wp-block-media-text alignwide is-stacked-on-mobile is-vertically-aligned-center\" style=\"grid-template-columns:40% auto\"><figure class=\"wp-block-media-text__media\"><img loading=\"lazy\" decoding=\"async\" width=\"345\" height=\"194\" src=\"https:\/\/www.novotek.com\/ch\/wp-content\/uploads\/sites\/3\/videc-produktnews-june5-1920x1200-2-345x194-1.jpg\" alt=\"\" class=\"wp-image-10414 size-full\" srcset=\"https:\/\/www.novotek.com\/ch\/wp-content\/uploads\/sites\/3\/videc-produktnews-june5-1920x1200-2-345x194-1.jpg 345w, https:\/\/www.novotek.com\/ch\/wp-content\/uploads\/sites\/3\/videc-produktnews-june5-1920x1200-2-345x194-1-300x169.jpg 300w\" sizes=\"auto, (max-width: 345px) 100vw, 345px\" \/><\/figure><div class=\"wp-block-media-text__content\"><div class=\"container-md heading  \">\n<h3 class=\"wp-block-heading\" id=\"h-ankopplungen-auch-mehrfach-gemischt-moglich\">Ankopplungen (auch mehrfach gemischt m\u00f6glich):<\/h3>\n<\/div>\n\n<div class=\"container-md list  \">\n<ul class=\"wp-block-list\"><div class=\"container-md list-item  \">\n<li>ACRON&nbsp; ab 7.3 SP 2<\/li>\n<\/div>\n\n<div class=\"container-md list-item  \">\n<li>OPC UA HDA Server<\/li>\n<\/div>\n\n<div class=\"container-md list-item  \">\n<li>OSI PI Connector<\/li>\n<\/div>\n\n<div class=\"container-md list-item  \">\n<li>Proficy Historian von GE Vernova<\/li>\n<\/div>\n\n<div class=\"container-md list-item  \">\n<li>SIMATIC Process Historian<\/li>\n<\/div>\n\n<div class=\"container-md list-item  \">\n<li>via OLE DB Provider<\/li>\n<\/div>\n\n<div class=\"container-md list-item  \">\n<li>WinCC\/PCS7 via OLE DB-Provider<\/li>\n<\/div>\n\n<div class=\"container-md list-item  \">\n<li>Wonderware Historian und Honeywell PHD auf Anfrage<\/li>\n<\/div><\/ul>\n<\/div><\/div><\/div>\n<\/div>\n\n<div class=\"container-md spacer  \">\n<div style=\"height:30px\" aria-hidden=\"true\" class=\"wp-block-spacer\"><\/div>\n<\/div>","protected":false},"excerpt":{"rendered":"<p>Mobiler Zugang zu Echtzeitdaten und -informationen Ihrer Anlagen<\/p>\n","protected":false},"author":15,"featured_media":0,"parent":8261,"menu_order":4,"comment_status":"closed","ping_status":"closed","template":"","meta":{"_acf_changed":false,"_relevanssi_hide_post":"","_relevanssi_pin_for_all":"","_relevanssi_pin_keywords":"","_relevanssi_unpin_keywords":"","_relevanssi_related_keywords":"","_relevanssi_related_include_ids":"","_relevanssi_related_exclude_ids":"","_relevanssi_related_no_append":"","_relevanssi_related_not_related":"","_relevanssi_related_posts":"3208,4907,3216,3200,3195,3220","_relevanssi_noindex_reason":"","content-type":"","footnotes":""},"class_list":["post-8262","page","type-page","status-publish","hentry"],"acf":[],"yoast_head":"<!-- This site is optimized with the Yoast SEO plugin v27.4 - https:\/\/yoast.com\/product\/yoast-seo-wordpress\/ -->\n<title>JUNE5 - Novotek Switzerland<\/title>\n<meta name=\"description\" content=\"Mit JUNE5 erhalten Sie den mobilen Zugang zu Ihren Echtzeitdaten und -informationen aus Ihre Anlagen.\" \/>\n<meta name=\"robots\" content=\"index, follow, max-snippet:-1, max-image-preview:large, max-video-preview:-1\" \/>\n<link rel=\"canonical\" href=\"https:\/\/www.novotek.com\/ch\/anlagen-prozessoptimierung\/june5\/\" \/>\n<meta property=\"og:locale\" content=\"de_DE\" \/>\n<meta property=\"og:type\" content=\"article\" \/>\n<meta property=\"og:title\" content=\"JUNE5 - Novotek Switzerland\" \/>\n<meta property=\"og:description\" content=\"Mit JUNE5 erhalten Sie den mobilen Zugang zu Ihren Echtzeitdaten und -informationen aus Ihre Anlagen.\" \/>\n<meta property=\"og:url\" content=\"https:\/\/www.novotek.com\/ch\/anlagen-prozessoptimierung\/june5\/\" \/>\n<meta property=\"og:site_name\" content=\"Novotek CH\" \/>\n<meta property=\"article:modified_time\" content=\"2025-07-14T14:02:48+00:00\" \/>\n<meta property=\"og:image\" content=\"https:\/\/www.novotek.com\/ch\/wp-content\/uploads\/sites\/3\/videc-june5-eco-system-aufbau-de-1140x729-1-1024x655.jpg\" \/>\n<meta name=\"twitter:card\" content=\"summary_large_image\" \/>\n<meta name=\"twitter:label1\" content=\"Gesch\u00e4tzte Lesezeit\" \/>\n\t<meta name=\"twitter:data1\" content=\"2\u00a0Minuten\" \/>\n<script type=\"application\/ld+json\" class=\"yoast-schema-graph\">{\"@context\":\"https:\\\/\\\/schema.org\",\"@graph\":[{\"@type\":\"WebPage\",\"@id\":\"https:\\\/\\\/www.novotek.com\\\/ch\\\/anlagen-prozessoptimierung\\\/june5\\\/\",\"url\":\"https:\\\/\\\/www.novotek.com\\\/ch\\\/anlagen-prozessoptimierung\\\/june5\\\/\",\"name\":\"JUNE5 - Novotek Switzerland\",\"isPartOf\":{\"@id\":\"https:\\\/\\\/www.novotek.com\\\/ch\\\/#website\"},\"primaryImageOfPage\":{\"@id\":\"https:\\\/\\\/www.novotek.com\\\/ch\\\/anlagen-prozessoptimierung\\\/june5\\\/#primaryimage\"},\"image\":{\"@id\":\"https:\\\/\\\/www.novotek.com\\\/ch\\\/anlagen-prozessoptimierung\\\/june5\\\/#primaryimage\"},\"thumbnailUrl\":\"https:\\\/\\\/www.novotek.com\\\/ch\\\/wp-content\\\/uploads\\\/sites\\\/3\\\/videc-june5-eco-system-aufbau-de-1140x729-1-1024x655.jpg\",\"datePublished\":\"2022-07-15T09:07:53+00:00\",\"dateModified\":\"2025-07-14T14:02:48+00:00\",\"description\":\"Mit JUNE5 erhalten Sie den mobilen Zugang zu Ihren Echtzeitdaten und -informationen aus Ihre Anlagen.\",\"breadcrumb\":{\"@id\":\"https:\\\/\\\/www.novotek.com\\\/ch\\\/anlagen-prozessoptimierung\\\/june5\\\/#breadcrumb\"},\"inLanguage\":\"de-CH\",\"potentialAction\":[{\"@type\":\"ReadAction\",\"target\":[\"https:\\\/\\\/www.novotek.com\\\/ch\\\/anlagen-prozessoptimierung\\\/june5\\\/\"]}]},{\"@type\":\"ImageObject\",\"inLanguage\":\"de-CH\",\"@id\":\"https:\\\/\\\/www.novotek.com\\\/ch\\\/anlagen-prozessoptimierung\\\/june5\\\/#primaryimage\",\"url\":\"https:\\\/\\\/www.novotek.com\\\/ch\\\/wp-content\\\/uploads\\\/sites\\\/3\\\/videc-june5-eco-system-aufbau-de-1140x729-1.jpg.webp\",\"contentUrl\":\"https:\\\/\\\/www.novotek.com\\\/ch\\\/wp-content\\\/uploads\\\/sites\\\/3\\\/videc-june5-eco-system-aufbau-de-1140x729-1.jpg.webp\",\"width\":1140,\"height\":729,\"caption\":\"Aufbau JUNE5\"},{\"@type\":\"BreadcrumbList\",\"@id\":\"https:\\\/\\\/www.novotek.com\\\/ch\\\/anlagen-prozessoptimierung\\\/june5\\\/#breadcrumb\",\"itemListElement\":[{\"@type\":\"ListItem\",\"position\":1,\"name\":\"Home\",\"item\":\"https:\\\/\\\/www.novotek.com\\\/ch\\\/\"},{\"@type\":\"ListItem\",\"position\":2,\"name\":\"Industrie Analytics\",\"item\":\"https:\\\/\\\/www.novotek.com\\\/ch\\\/anlagen-prozessoptimierung\\\/\"},{\"@type\":\"ListItem\",\"position\":3,\"name\":\"JUNE5\"}]},{\"@type\":\"WebSite\",\"@id\":\"https:\\\/\\\/www.novotek.com\\\/ch\\\/#website\",\"url\":\"https:\\\/\\\/www.novotek.com\\\/ch\\\/\",\"name\":\"Novotek Switzerland AG\",\"description\":\"Connect - Digitalize - Optimize\",\"publisher\":{\"@id\":\"https:\\\/\\\/www.novotek.com\\\/ch\\\/#organization\"},\"potentialAction\":[{\"@type\":\"SearchAction\",\"target\":{\"@type\":\"EntryPoint\",\"urlTemplate\":\"https:\\\/\\\/www.novotek.com\\\/ch\\\/?s={search_term_string}\"},\"query-input\":{\"@type\":\"PropertyValueSpecification\",\"valueRequired\":true,\"valueName\":\"search_term_string\"}}],\"inLanguage\":\"de-CH\"},{\"@type\":\"Organization\",\"@id\":\"https:\\\/\\\/www.novotek.com\\\/ch\\\/#organization\",\"name\":\"Novotek Switzerland AG\",\"url\":\"https:\\\/\\\/www.novotek.com\\\/ch\\\/\",\"logo\":{\"@type\":\"ImageObject\",\"inLanguage\":\"de-CH\",\"@id\":\"https:\\\/\\\/www.novotek.com\\\/ch\\\/#\\\/schema\\\/logo\\\/image\\\/\",\"url\":\"https:\\\/\\\/www.novotek.com\\\/ch\\\/wp-content\\\/uploads\\\/sites\\\/3\\\/novotek-symbol-rgb-pos-white-border-512x512-1.png\",\"contentUrl\":\"https:\\\/\\\/www.novotek.com\\\/ch\\\/wp-content\\\/uploads\\\/sites\\\/3\\\/novotek-symbol-rgb-pos-white-border-512x512-1.png\",\"width\":512,\"height\":512,\"caption\":\"Novotek Switzerland AG\"},\"image\":{\"@id\":\"https:\\\/\\\/www.novotek.com\\\/ch\\\/#\\\/schema\\\/logo\\\/image\\\/\"}}]}<\/script>\n<!-- \/ Yoast SEO plugin. -->","yoast_head_json":{"title":"JUNE5 - Novotek Switzerland","description":"Mit JUNE5 erhalten Sie den mobilen Zugang zu Ihren Echtzeitdaten und -informationen aus Ihre Anlagen.","robots":{"index":"index","follow":"follow","max-snippet":"max-snippet:-1","max-image-preview":"max-image-preview:large","max-video-preview":"max-video-preview:-1"},"canonical":"https:\/\/www.novotek.com\/ch\/anlagen-prozessoptimierung\/june5\/","og_locale":"de_DE","og_type":"article","og_title":"JUNE5 - Novotek Switzerland","og_description":"Mit JUNE5 erhalten Sie den mobilen Zugang zu Ihren Echtzeitdaten und -informationen aus Ihre Anlagen.","og_url":"https:\/\/www.novotek.com\/ch\/anlagen-prozessoptimierung\/june5\/","og_site_name":"Novotek CH","article_modified_time":"2025-07-14T14:02:48+00:00","og_image":[{"url":"https:\/\/www.novotek.com\/ch\/wp-content\/uploads\/sites\/3\/videc-june5-eco-system-aufbau-de-1140x729-1-1024x655.jpg","type":"","width":"","height":""}],"twitter_card":"summary_large_image","twitter_misc":{"Gesch\u00e4tzte Lesezeit":"2\u00a0Minuten"},"schema":{"@context":"https:\/\/schema.org","@graph":[{"@type":"WebPage","@id":"https:\/\/www.novotek.com\/ch\/anlagen-prozessoptimierung\/june5\/","url":"https:\/\/www.novotek.com\/ch\/anlagen-prozessoptimierung\/june5\/","name":"JUNE5 - Novotek Switzerland","isPartOf":{"@id":"https:\/\/www.novotek.com\/ch\/#website"},"primaryImageOfPage":{"@id":"https:\/\/www.novotek.com\/ch\/anlagen-prozessoptimierung\/june5\/#primaryimage"},"image":{"@id":"https:\/\/www.novotek.com\/ch\/anlagen-prozessoptimierung\/june5\/#primaryimage"},"thumbnailUrl":"https:\/\/www.novotek.com\/ch\/wp-content\/uploads\/sites\/3\/videc-june5-eco-system-aufbau-de-1140x729-1-1024x655.jpg","datePublished":"2022-07-15T09:07:53+00:00","dateModified":"2025-07-14T14:02:48+00:00","description":"Mit JUNE5 erhalten Sie den mobilen Zugang zu Ihren Echtzeitdaten und -informationen aus Ihre Anlagen.","breadcrumb":{"@id":"https:\/\/www.novotek.com\/ch\/anlagen-prozessoptimierung\/june5\/#breadcrumb"},"inLanguage":"de-CH","potentialAction":[{"@type":"ReadAction","target":["https:\/\/www.novotek.com\/ch\/anlagen-prozessoptimierung\/june5\/"]}]},{"@type":"ImageObject","inLanguage":"de-CH","@id":"https:\/\/www.novotek.com\/ch\/anlagen-prozessoptimierung\/june5\/#primaryimage","url":"https:\/\/www.novotek.com\/ch\/wp-content\/uploads\/sites\/3\/videc-june5-eco-system-aufbau-de-1140x729-1.jpg.webp","contentUrl":"https:\/\/www.novotek.com\/ch\/wp-content\/uploads\/sites\/3\/videc-june5-eco-system-aufbau-de-1140x729-1.jpg.webp","width":1140,"height":729,"caption":"Aufbau JUNE5"},{"@type":"BreadcrumbList","@id":"https:\/\/www.novotek.com\/ch\/anlagen-prozessoptimierung\/june5\/#breadcrumb","itemListElement":[{"@type":"ListItem","position":1,"name":"Home","item":"https:\/\/www.novotek.com\/ch\/"},{"@type":"ListItem","position":2,"name":"Industrie Analytics","item":"https:\/\/www.novotek.com\/ch\/anlagen-prozessoptimierung\/"},{"@type":"ListItem","position":3,"name":"JUNE5"}]},{"@type":"WebSite","@id":"https:\/\/www.novotek.com\/ch\/#website","url":"https:\/\/www.novotek.com\/ch\/","name":"Novotek Switzerland AG","description":"Connect - Digitalize - Optimize","publisher":{"@id":"https:\/\/www.novotek.com\/ch\/#organization"},"potentialAction":[{"@type":"SearchAction","target":{"@type":"EntryPoint","urlTemplate":"https:\/\/www.novotek.com\/ch\/?s={search_term_string}"},"query-input":{"@type":"PropertyValueSpecification","valueRequired":true,"valueName":"search_term_string"}}],"inLanguage":"de-CH"},{"@type":"Organization","@id":"https:\/\/www.novotek.com\/ch\/#organization","name":"Novotek Switzerland AG","url":"https:\/\/www.novotek.com\/ch\/","logo":{"@type":"ImageObject","inLanguage":"de-CH","@id":"https:\/\/www.novotek.com\/ch\/#\/schema\/logo\/image\/","url":"https:\/\/www.novotek.com\/ch\/wp-content\/uploads\/sites\/3\/novotek-symbol-rgb-pos-white-border-512x512-1.png","contentUrl":"https:\/\/www.novotek.com\/ch\/wp-content\/uploads\/sites\/3\/novotek-symbol-rgb-pos-white-border-512x512-1.png","width":512,"height":512,"caption":"Novotek Switzerland AG"},"image":{"@id":"https:\/\/www.novotek.com\/ch\/#\/schema\/logo\/image\/"}}]}},"_links":{"self":[{"href":"https:\/\/www.novotek.com\/ch\/wp-json\/wp\/v2\/pages\/8262","targetHints":{"allow":["GET"]}}],"collection":[{"href":"https:\/\/www.novotek.com\/ch\/wp-json\/wp\/v2\/pages"}],"about":[{"href":"https:\/\/www.novotek.com\/ch\/wp-json\/wp\/v2\/types\/page"}],"author":[{"embeddable":true,"href":"https:\/\/www.novotek.com\/ch\/wp-json\/wp\/v2\/users\/15"}],"replies":[{"embeddable":true,"href":"https:\/\/www.novotek.com\/ch\/wp-json\/wp\/v2\/comments?post=8262"}],"version-history":[{"count":28,"href":"https:\/\/www.novotek.com\/ch\/wp-json\/wp\/v2\/pages\/8262\/revisions"}],"predecessor-version":[{"id":27133,"href":"https:\/\/www.novotek.com\/ch\/wp-json\/wp\/v2\/pages\/8262\/revisions\/27133"}],"up":[{"embeddable":true,"href":"https:\/\/www.novotek.com\/ch\/wp-json\/wp\/v2\/pages\/8261"}],"wp:attachment":[{"href":"https:\/\/www.novotek.com\/ch\/wp-json\/wp\/v2\/media?parent=8262"}],"curies":[{"name":"wp","href":"https:\/\/api.w.org\/{rel}","templated":true}]}}