{"id":8266,"date":"2022-07-15T09:12:26","date_gmt":"2022-07-15T09:12:26","guid":{"rendered":"http:\/\/ch.novotek-multi.dev4.mildmedia-dev.eu\/?page_id=8266"},"modified":"2025-10-28T13:25:28","modified_gmt":"2025-10-28T13:25:28","slug":"proficy-manufactoring-data-cloud","status":"publish","type":"page","link":"https:\/\/www.novotek.com\/ch\/smart-factory-mes\/proficy-manufactoring-data-cloud\/","title":{"rendered":"Proficy Manufacturing Data Cloud"},"content":{"rendered":"  <div class=\"hero\">\n    <div class=\"carousel hero-slider small\" data-flickity data-flickity-options='{\"prevNextButtons\": false}'>\n              <div class=\"carousel-cell\">\n          <div class=\"container\">\n            <div class=\"hero-content\">\n                              <h1>Proficy Manufacturing Data Cloud<\/h1>\n<p>Konsolidieren und transformieren Sie Ihre Produktionsdaten werks\u00fcbergreifend f\u00fcr die Speicherung, Auswertung und Analyse in der Cloud.<\/p>\n              \n                          <\/div>\n          <\/div>\n\n          <img decoding=\"async\" width=\"1024\" height=\"427\" src=\"https:\/\/www.novotek.com\/ch\/wp-content\/uploads\/sites\/3\/2021\/Novotek_UK\/Solutions_and_Products\/VersaMax\/PLS_styresystemer_duotone_1980x800-1024x427.jpg\" class=\"hero-bg\" alt=\"Hero Img\" fetchpriority=\"high\" srcset=\"https:\/\/www.novotek.com\/ch\/wp-content\/uploads\/sites\/3\/2021\/Novotek_UK\/Solutions_and_Products\/VersaMax\/PLS_styresystemer_duotone_1980x800-1024x427.jpg 1024w, https:\/\/www.novotek.com\/ch\/wp-content\/uploads\/sites\/3\/2021\/Novotek_UK\/Solutions_and_Products\/VersaMax\/PLS_styresystemer_duotone_1980x800-300x125.jpg 300w, https:\/\/www.novotek.com\/ch\/wp-content\/uploads\/sites\/3\/2021\/Novotek_UK\/Solutions_and_Products\/VersaMax\/PLS_styresystemer_duotone_1980x800-768x320.jpg 768w, https:\/\/www.novotek.com\/ch\/wp-content\/uploads\/sites\/3\/2021\/Novotek_UK\/Solutions_and_Products\/VersaMax\/PLS_styresystemer_duotone_1980x800-1536x640.jpg 1536w, https:\/\/www.novotek.com\/ch\/wp-content\/uploads\/sites\/3\/2021\/Novotek_UK\/Solutions_and_Products\/VersaMax\/PLS_styresystemer_duotone_1980x800.jpg 1920w\" sizes=\"(max-width: 1024px) 100vw, 1024px\" \/>                  <\/div>\n          <\/div>\n\n      <\/div>\n\n   <div class=\"floating-breadcrumb\"><div class=\"container\"><span><span><a href=\"https:\/\/www.novotek.com\/ch\/\" class=\"breadcrumb-frontpage\">Home<\/a><\/span><\/span><\/div><\/div>\n\n\n<div class=\"container-md paragraph  \">\n<p>Mit Proficy Manufacturing Data Cloud (Proficy MDC), Teil der Manufacturing Execution Systems Suite von GE Vernova, k\u00f6nnen Sie einfach und schnell die eigene Wertsch\u00f6pfung steigern, indem Sie unternehmensweite Fertigungsdaten zuverl\u00e4ssig in die Cloud bringen und in einen strukturierten Datensatz umwandeln.<\/p>\n<\/div>\n\n<div class=\"container-md paragraph  \">\n<p>Proficy MDC erm\u00f6glicht die Konsolidierung der drei Datens\u00e4tzen, die f\u00fcr die Prozessoptimierung und analytische Anwendungen erforderlich sind: Anlagendaten, ERP-Daten und Produktionsdaten.<\/p>\n<\/div>\n\n<div class=\"container-md image  \">\n<figure class=\"wp-block-image size-full\"><img loading=\"lazy\" decoding=\"async\" width=\"1024\" height=\"507\" src=\"https:\/\/www.novotek.com\/ch\/wp-content\/uploads\/sites\/3\/Novotek_Proficy_MDC-Illustration_NEW-1024x507-1.png\" alt=\"\u00dcbersichtsgrafik Proficy Manufacturing Data Cloud\" class=\"wp-image-8732\" srcset=\"https:\/\/www.novotek.com\/ch\/wp-content\/uploads\/sites\/3\/Novotek_Proficy_MDC-Illustration_NEW-1024x507-1.png 1024w, https:\/\/www.novotek.com\/ch\/wp-content\/uploads\/sites\/3\/Novotek_Proficy_MDC-Illustration_NEW-1024x507-1-300x149.png 300w, https:\/\/www.novotek.com\/ch\/wp-content\/uploads\/sites\/3\/Novotek_Proficy_MDC-Illustration_NEW-1024x507-1-768x380.png 768w\" sizes=\"auto, (max-width: 1024px) 100vw, 1024px\" \/><\/figure>\n<\/div>\n\n<div class=\"container-md spacer  \">\n<div style=\"height:30px\" aria-hidden=\"true\" class=\"wp-block-spacer\"><\/div>\n<\/div>\n\n<div class=\"container media-text  alignwide\">\n<div class=\"wp-block-media-text alignwide is-stacked-on-mobile\" style=\"grid-template-columns:40% auto\"><figure class=\"wp-block-media-text__media\"><img loading=\"lazy\" decoding=\"async\" width=\"892\" height=\"484\" src=\"https:\/\/www.novotek.com\/ch\/wp-content\/uploads\/sites\/3\/MDC-2.png\" alt=\"Screenshot Manufacturing Data Cloud\" class=\"wp-image-8724 size-full\" srcset=\"https:\/\/www.novotek.com\/ch\/wp-content\/uploads\/sites\/3\/MDC-2.png 892w, https:\/\/www.novotek.com\/ch\/wp-content\/uploads\/sites\/3\/MDC-2-300x163.png 300w, https:\/\/www.novotek.com\/ch\/wp-content\/uploads\/sites\/3\/MDC-2-768x417.png 768w\" sizes=\"auto, (max-width: 892px) 100vw, 892px\" \/><\/figure><div class=\"wp-block-media-text__content\"><div class=\"container-md heading  \">\n<h2 class=\"wp-block-heading\" id=\"h-sammeln-sie-daten-von-mehreren-standorten\">Sammeln Sie Daten von mehreren Standorten<\/h2>\n<\/div>\n\n<div class=\"container-md paragraph  \">\n<p>Proficy Manufacturing Data Cloud verf\u00fcgt \u00fcber einen intelligenten Datensammler (Kollektor), der die Daten pro Standort aufzeichnet und an die Cloud sendet.&nbsp;Dies erm\u00f6glicht, die teure, lokale Datenspeicherung auf ein Minimum zu reduzieren, w\u00e4hrend zugleich Vergleichsm\u00f6glichkeiten mit anderen Standorten in der Cloud viel einfacher werden.<\/p>\n<\/div><\/div><\/div>\n<\/div>\n\n<div class=\"container-md spacer  \">\n<div style=\"height:15px\" aria-hidden=\"true\" class=\"wp-block-spacer\"><\/div>\n<\/div>\n\n<div class=\"container media-text  alignwide\">\n<div class=\"wp-block-media-text alignwide has-media-on-the-right is-stacked-on-mobile\" style=\"grid-template-columns:auto 40%\"><div class=\"wp-block-media-text__content\"><div class=\"container-md heading  \">\n<h2 class=\"wp-block-heading\" id=\"h-mehr-daten-bedeuten-wirklich-mehr-informationen\">Mehr Daten bedeuten wirklich mehr Informationen<\/h2>\n<\/div>\n\n<div class=\"container-md paragraph  \">\n<p>Durch den Vergleich von Fertigungsdaten aus mehrerer Standorte erhalten Sie bessere Einblicke und k\u00f6nnen Produktionen oder Produktionslinien miteinander vergleichen.&nbsp;Die Verf\u00fcgbarkeit verschiedener Datens\u00e4tze erleichtert auch die Analyse von Problemen und ein schnelleres Auffinden der Ursache.<\/p>\n<\/div><\/div><figure class=\"wp-block-media-text__media\"><img loading=\"lazy\" decoding=\"async\" width=\"636\" height=\"301\" src=\"https:\/\/www.novotek.com\/ch\/wp-content\/uploads\/sites\/3\/MDC-3.png\" alt=\"Mehrere Anlagen in Manufacturing Data Cloud\" class=\"wp-image-8728 size-full\" srcset=\"https:\/\/www.novotek.com\/ch\/wp-content\/uploads\/sites\/3\/MDC-3.png 636w, https:\/\/www.novotek.com\/ch\/wp-content\/uploads\/sites\/3\/MDC-3-300x142.png 300w\" sizes=\"auto, (max-width: 636px) 100vw, 636px\" \/><\/figure><\/div>\n<\/div>\n\n<div class=\"container-md spacer  \">\n<div style=\"height:30px\" aria-hidden=\"true\" class=\"wp-block-spacer\"><\/div>\n<\/div>\n\n<div class=\"container-md heading  \">\n<h3 class=\"wp-block-heading\" id=\"h-mit-proficy-manufacturing-data-cloud-konnen-sie\">Mit Proficy Manufacturing Data Cloud k\u00f6nnen Sie:<\/h3>\n<\/div>\n\n<div class=\"container-md list  \">\n<ul class=\"wp-block-list\"><div class=\"container-md list-item  \">\n<li>Die Produktionsdaten von mehreren Standorten zusammenf\u00fchren.<\/li>\n<\/div>\n\n<div class=\"container-md list-item  \">\n<li>Die Leistung von mehreren Anlagen miteinander vergleichen.<\/li>\n<\/div>\n\n<div class=\"container-md list-item  \">\n<li>Probleme schneller analysieren und l\u00f6sen, da mehr Daten verf\u00fcgbar sind.<\/li>\n<\/div>\n\n<div class=\"container-md list-item  \">\n<li>Einen Echtzeit-\u00dcberblick \u00fcber die aktuelle Performance aller Standorte auf einer Karte erstellen.<\/li>\n<\/div>\n\n<div class=\"container-md list-item  \">\n<li>Aus einer \u00dcbersicht herauszoomen auf eine bestimmte Seite, um detaillierte Informationen zu erhalten.<\/li>\n<\/div>\n\n<div class=\"container-md list-item  \">\n<li>Vollst\u00e4ndig webbasierte Benutzeroberfl\u00e4che f\u00fcr Browser, Tablet oder Smartphone.<\/li>\n<\/div><\/ul>\n<\/div>\n\n<div class=\"container-md spacer  \">\n<div style=\"height:50px\" aria-hidden=\"true\" class=\"wp-block-spacer\"><\/div>\n<\/div>","protected":false},"excerpt":{"rendered":"<p>Mit Proficy Manufacturing Data Cloud (Proficy MDC), Teil der Manufacturing Execution Systems Suite von GE Vernova, k\u00f6nnen Sie einfach und schnell die eigene Wertsch\u00f6pfung steigern, indem Sie unternehmensweite Fertigungsdaten zuverl\u00e4ssig in die Cloud bringen und in einen strukturierten Datensatz umwandeln. Proficy MDC erm\u00f6glicht die Konsolidierung der drei Datens\u00e4tzen, die f\u00fcr die Prozessoptimierung und analytische Anwendungen [&hellip;]<\/p>\n","protected":false},"author":15,"featured_media":0,"parent":8241,"menu_order":4,"comment_status":"closed","ping_status":"closed","template":"","meta":{"_acf_changed":false,"_relevanssi_hide_post":"","_relevanssi_pin_for_all":"","_relevanssi_pin_keywords":"","_relevanssi_unpin_keywords":"","_relevanssi_related_keywords":"","_relevanssi_related_include_ids":"","_relevanssi_related_exclude_ids":"","_relevanssi_related_no_append":"","_relevanssi_related_not_related":"","_relevanssi_related_posts":"3208,6214,3216,3200,6182,3195","_relevanssi_noindex_reason":"","content-type":"","footnotes":""},"class_list":["post-8266","page","type-page","status-publish","hentry"],"acf":[],"yoast_head":"<!-- This site is optimized with the Yoast SEO plugin v27.4 - https:\/\/yoast.com\/product\/yoast-seo-wordpress\/ -->\n<title>Proficy Manufacturing Data Cloud - Novotek Switzerland<\/title>\n<meta name=\"description\" content=\"Konsolidieren und transformieren Sie Ihre Produktionsdaten werks\u00fcbergreifend f\u00fcr die Speicherung, Auswertung und Analyse in der Cloud.\" \/>\n<meta name=\"robots\" content=\"index, follow, max-snippet:-1, max-image-preview:large, max-video-preview:-1\" \/>\n<link rel=\"canonical\" href=\"https:\/\/www.novotek.com\/ch\/smart-factory-mes\/proficy-manufactoring-data-cloud\/\" \/>\n<meta property=\"og:locale\" content=\"de_DE\" \/>\n<meta property=\"og:type\" content=\"article\" \/>\n<meta property=\"og:title\" content=\"Proficy Manufacturing Data Cloud - Novotek Switzerland\" \/>\n<meta property=\"og:description\" content=\"Konsolidieren und transformieren Sie Ihre Produktionsdaten werks\u00fcbergreifend f\u00fcr die Speicherung, Auswertung und Analyse in der Cloud.\" \/>\n<meta property=\"og:url\" content=\"https:\/\/www.novotek.com\/ch\/smart-factory-mes\/proficy-manufactoring-data-cloud\/\" \/>\n<meta property=\"og:site_name\" content=\"Novotek CH\" \/>\n<meta property=\"article:modified_time\" content=\"2025-10-28T13:25:28+00:00\" \/>\n<meta property=\"og:image\" content=\"https:\/\/www.novotek.com\/ch\/wp-content\/uploads\/sites\/3\/Novotek_Proficy_MDC-Illustration_NEW-1024x507-1.png\" \/>\n<meta name=\"twitter:card\" content=\"summary_large_image\" \/>\n<meta name=\"twitter:label1\" content=\"Gesch\u00e4tzte Lesezeit\" \/>\n\t<meta name=\"twitter:data1\" content=\"2\u00a0Minuten\" \/>\n<script type=\"application\/ld+json\" class=\"yoast-schema-graph\">{\"@context\":\"https:\\\/\\\/schema.org\",\"@graph\":[{\"@type\":\"WebPage\",\"@id\":\"https:\\\/\\\/www.novotek.com\\\/ch\\\/smart-factory-mes\\\/proficy-manufactoring-data-cloud\\\/\",\"url\":\"https:\\\/\\\/www.novotek.com\\\/ch\\\/smart-factory-mes\\\/proficy-manufactoring-data-cloud\\\/\",\"name\":\"Proficy Manufacturing Data Cloud - Novotek Switzerland\",\"isPartOf\":{\"@id\":\"https:\\\/\\\/www.novotek.com\\\/ch\\\/#website\"},\"primaryImageOfPage\":{\"@id\":\"https:\\\/\\\/www.novotek.com\\\/ch\\\/smart-factory-mes\\\/proficy-manufactoring-data-cloud\\\/#primaryimage\"},\"image\":{\"@id\":\"https:\\\/\\\/www.novotek.com\\\/ch\\\/smart-factory-mes\\\/proficy-manufactoring-data-cloud\\\/#primaryimage\"},\"thumbnailUrl\":\"https:\\\/\\\/www.novotek.com\\\/ch\\\/wp-content\\\/uploads\\\/sites\\\/3\\\/Novotek_Proficy_MDC-Illustration_NEW-1024x507-1.png\",\"datePublished\":\"2022-07-15T09:12:26+00:00\",\"dateModified\":\"2025-10-28T13:25:28+00:00\",\"description\":\"Konsolidieren und transformieren Sie Ihre Produktionsdaten werks\u00fcbergreifend f\u00fcr die Speicherung, Auswertung und Analyse in der Cloud.\",\"breadcrumb\":{\"@id\":\"https:\\\/\\\/www.novotek.com\\\/ch\\\/smart-factory-mes\\\/proficy-manufactoring-data-cloud\\\/#breadcrumb\"},\"inLanguage\":\"de-CH\",\"potentialAction\":[{\"@type\":\"ReadAction\",\"target\":[\"https:\\\/\\\/www.novotek.com\\\/ch\\\/smart-factory-mes\\\/proficy-manufactoring-data-cloud\\\/\"]}]},{\"@type\":\"ImageObject\",\"inLanguage\":\"de-CH\",\"@id\":\"https:\\\/\\\/www.novotek.com\\\/ch\\\/smart-factory-mes\\\/proficy-manufactoring-data-cloud\\\/#primaryimage\",\"url\":\"https:\\\/\\\/www.novotek.com\\\/ch\\\/wp-content\\\/uploads\\\/sites\\\/3\\\/Novotek_Proficy_MDC-Illustration_NEW-1024x507-1.png.webp\",\"contentUrl\":\"https:\\\/\\\/www.novotek.com\\\/ch\\\/wp-content\\\/uploads\\\/sites\\\/3\\\/Novotek_Proficy_MDC-Illustration_NEW-1024x507-1.png.webp\",\"width\":1024,\"height\":507,\"caption\":\"\u00dcbersichtsgrafik Proficy Manufacturing Data Cloud\"},{\"@type\":\"BreadcrumbList\",\"@id\":\"https:\\\/\\\/www.novotek.com\\\/ch\\\/smart-factory-mes\\\/proficy-manufactoring-data-cloud\\\/#breadcrumb\",\"itemListElement\":[{\"@type\":\"ListItem\",\"position\":1,\"name\":\"Home\",\"item\":\"https:\\\/\\\/www.novotek.com\\\/ch\\\/\"},{\"@type\":\"ListItem\",\"position\":2,\"name\":\"Smart Factory \\\/ MES Systeme\",\"item\":\"https:\\\/\\\/www.novotek.com\\\/ch\\\/smart-factory-mes\\\/\"},{\"@type\":\"ListItem\",\"position\":3,\"name\":\"Proficy Manufacturing Data Cloud\"}]},{\"@type\":\"WebSite\",\"@id\":\"https:\\\/\\\/www.novotek.com\\\/ch\\\/#website\",\"url\":\"https:\\\/\\\/www.novotek.com\\\/ch\\\/\",\"name\":\"Novotek Switzerland AG\",\"description\":\"Connect - Digitalize - Optimize\",\"publisher\":{\"@id\":\"https:\\\/\\\/www.novotek.com\\\/ch\\\/#organization\"},\"potentialAction\":[{\"@type\":\"SearchAction\",\"target\":{\"@type\":\"EntryPoint\",\"urlTemplate\":\"https:\\\/\\\/www.novotek.com\\\/ch\\\/?s={search_term_string}\"},\"query-input\":{\"@type\":\"PropertyValueSpecification\",\"valueRequired\":true,\"valueName\":\"search_term_string\"}}],\"inLanguage\":\"de-CH\"},{\"@type\":\"Organization\",\"@id\":\"https:\\\/\\\/www.novotek.com\\\/ch\\\/#organization\",\"name\":\"Novotek Switzerland AG\",\"url\":\"https:\\\/\\\/www.novotek.com\\\/ch\\\/\",\"logo\":{\"@type\":\"ImageObject\",\"inLanguage\":\"de-CH\",\"@id\":\"https:\\\/\\\/www.novotek.com\\\/ch\\\/#\\\/schema\\\/logo\\\/image\\\/\",\"url\":\"https:\\\/\\\/www.novotek.com\\\/ch\\\/wp-content\\\/uploads\\\/sites\\\/3\\\/novotek-symbol-rgb-pos-white-border-512x512-1.png\",\"contentUrl\":\"https:\\\/\\\/www.novotek.com\\\/ch\\\/wp-content\\\/uploads\\\/sites\\\/3\\\/novotek-symbol-rgb-pos-white-border-512x512-1.png\",\"width\":512,\"height\":512,\"caption\":\"Novotek Switzerland AG\"},\"image\":{\"@id\":\"https:\\\/\\\/www.novotek.com\\\/ch\\\/#\\\/schema\\\/logo\\\/image\\\/\"}}]}<\/script>\n<!-- \/ Yoast SEO plugin. -->","yoast_head_json":{"title":"Proficy Manufacturing Data Cloud - Novotek Switzerland","description":"Konsolidieren und transformieren Sie Ihre Produktionsdaten werks\u00fcbergreifend f\u00fcr die Speicherung, Auswertung und Analyse in der Cloud.","robots":{"index":"index","follow":"follow","max-snippet":"max-snippet:-1","max-image-preview":"max-image-preview:large","max-video-preview":"max-video-preview:-1"},"canonical":"https:\/\/www.novotek.com\/ch\/smart-factory-mes\/proficy-manufactoring-data-cloud\/","og_locale":"de_DE","og_type":"article","og_title":"Proficy Manufacturing Data Cloud - Novotek Switzerland","og_description":"Konsolidieren und transformieren Sie Ihre Produktionsdaten werks\u00fcbergreifend f\u00fcr die Speicherung, Auswertung und Analyse in der Cloud.","og_url":"https:\/\/www.novotek.com\/ch\/smart-factory-mes\/proficy-manufactoring-data-cloud\/","og_site_name":"Novotek CH","article_modified_time":"2025-10-28T13:25:28+00:00","og_image":[{"url":"https:\/\/www.novotek.com\/ch\/wp-content\/uploads\/sites\/3\/Novotek_Proficy_MDC-Illustration_NEW-1024x507-1.png","type":"","width":"","height":""}],"twitter_card":"summary_large_image","twitter_misc":{"Gesch\u00e4tzte Lesezeit":"2\u00a0Minuten"},"schema":{"@context":"https:\/\/schema.org","@graph":[{"@type":"WebPage","@id":"https:\/\/www.novotek.com\/ch\/smart-factory-mes\/proficy-manufactoring-data-cloud\/","url":"https:\/\/www.novotek.com\/ch\/smart-factory-mes\/proficy-manufactoring-data-cloud\/","name":"Proficy Manufacturing Data Cloud - Novotek Switzerland","isPartOf":{"@id":"https:\/\/www.novotek.com\/ch\/#website"},"primaryImageOfPage":{"@id":"https:\/\/www.novotek.com\/ch\/smart-factory-mes\/proficy-manufactoring-data-cloud\/#primaryimage"},"image":{"@id":"https:\/\/www.novotek.com\/ch\/smart-factory-mes\/proficy-manufactoring-data-cloud\/#primaryimage"},"thumbnailUrl":"https:\/\/www.novotek.com\/ch\/wp-content\/uploads\/sites\/3\/Novotek_Proficy_MDC-Illustration_NEW-1024x507-1.png","datePublished":"2022-07-15T09:12:26+00:00","dateModified":"2025-10-28T13:25:28+00:00","description":"Konsolidieren und transformieren Sie Ihre Produktionsdaten werks\u00fcbergreifend f\u00fcr die Speicherung, Auswertung und Analyse in der Cloud.","breadcrumb":{"@id":"https:\/\/www.novotek.com\/ch\/smart-factory-mes\/proficy-manufactoring-data-cloud\/#breadcrumb"},"inLanguage":"de-CH","potentialAction":[{"@type":"ReadAction","target":["https:\/\/www.novotek.com\/ch\/smart-factory-mes\/proficy-manufactoring-data-cloud\/"]}]},{"@type":"ImageObject","inLanguage":"de-CH","@id":"https:\/\/www.novotek.com\/ch\/smart-factory-mes\/proficy-manufactoring-data-cloud\/#primaryimage","url":"https:\/\/www.novotek.com\/ch\/wp-content\/uploads\/sites\/3\/Novotek_Proficy_MDC-Illustration_NEW-1024x507-1.png.webp","contentUrl":"https:\/\/www.novotek.com\/ch\/wp-content\/uploads\/sites\/3\/Novotek_Proficy_MDC-Illustration_NEW-1024x507-1.png.webp","width":1024,"height":507,"caption":"\u00dcbersichtsgrafik Proficy Manufacturing Data Cloud"},{"@type":"BreadcrumbList","@id":"https:\/\/www.novotek.com\/ch\/smart-factory-mes\/proficy-manufactoring-data-cloud\/#breadcrumb","itemListElement":[{"@type":"ListItem","position":1,"name":"Home","item":"https:\/\/www.novotek.com\/ch\/"},{"@type":"ListItem","position":2,"name":"Smart Factory \/ MES Systeme","item":"https:\/\/www.novotek.com\/ch\/smart-factory-mes\/"},{"@type":"ListItem","position":3,"name":"Proficy Manufacturing Data Cloud"}]},{"@type":"WebSite","@id":"https:\/\/www.novotek.com\/ch\/#website","url":"https:\/\/www.novotek.com\/ch\/","name":"Novotek Switzerland AG","description":"Connect - Digitalize - Optimize","publisher":{"@id":"https:\/\/www.novotek.com\/ch\/#organization"},"potentialAction":[{"@type":"SearchAction","target":{"@type":"EntryPoint","urlTemplate":"https:\/\/www.novotek.com\/ch\/?s={search_term_string}"},"query-input":{"@type":"PropertyValueSpecification","valueRequired":true,"valueName":"search_term_string"}}],"inLanguage":"de-CH"},{"@type":"Organization","@id":"https:\/\/www.novotek.com\/ch\/#organization","name":"Novotek Switzerland AG","url":"https:\/\/www.novotek.com\/ch\/","logo":{"@type":"ImageObject","inLanguage":"de-CH","@id":"https:\/\/www.novotek.com\/ch\/#\/schema\/logo\/image\/","url":"https:\/\/www.novotek.com\/ch\/wp-content\/uploads\/sites\/3\/novotek-symbol-rgb-pos-white-border-512x512-1.png","contentUrl":"https:\/\/www.novotek.com\/ch\/wp-content\/uploads\/sites\/3\/novotek-symbol-rgb-pos-white-border-512x512-1.png","width":512,"height":512,"caption":"Novotek Switzerland AG"},"image":{"@id":"https:\/\/www.novotek.com\/ch\/#\/schema\/logo\/image\/"}}]}},"_links":{"self":[{"href":"https:\/\/www.novotek.com\/ch\/wp-json\/wp\/v2\/pages\/8266","targetHints":{"allow":["GET"]}}],"collection":[{"href":"https:\/\/www.novotek.com\/ch\/wp-json\/wp\/v2\/pages"}],"about":[{"href":"https:\/\/www.novotek.com\/ch\/wp-json\/wp\/v2\/types\/page"}],"author":[{"embeddable":true,"href":"https:\/\/www.novotek.com\/ch\/wp-json\/wp\/v2\/users\/15"}],"replies":[{"embeddable":true,"href":"https:\/\/www.novotek.com\/ch\/wp-json\/wp\/v2\/comments?post=8266"}],"version-history":[{"count":11,"href":"https:\/\/www.novotek.com\/ch\/wp-json\/wp\/v2\/pages\/8266\/revisions"}],"predecessor-version":[{"id":28332,"href":"https:\/\/www.novotek.com\/ch\/wp-json\/wp\/v2\/pages\/8266\/revisions\/28332"}],"up":[{"embeddable":true,"href":"https:\/\/www.novotek.com\/ch\/wp-json\/wp\/v2\/pages\/8241"}],"wp:attachment":[{"href":"https:\/\/www.novotek.com\/ch\/wp-json\/wp\/v2\/media?parent=8266"}],"curies":[{"name":"wp","href":"https:\/\/api.w.org\/{rel}","templated":true}]}}