{"id":8269,"date":"2022-07-15T09:12:29","date_gmt":"2022-07-15T09:12:29","guid":{"rendered":"http:\/\/ch.novotek-multi.dev4.mildmedia-dev.eu\/?page_id=8269"},"modified":"2025-10-28T13:32:06","modified_gmt":"2025-10-28T13:32:06","slug":"hmi-scada","status":"publish","type":"page","link":"https:\/\/www.novotek.com\/ch\/hmi-scada\/","title":{"rendered":"HMI \/ SCADA"},"content":{"rendered":"  <div class=\"hero\">\n    <div class=\"carousel hero-slider small\" data-flickity data-flickity-options='{\"prevNextButtons\": false}'>\n              <div class=\"carousel-cell\">\n          <div class=\"container\">\n            <div class=\"hero-content\">\n                              <h1>Alles unter Kontrolle mit HMI \/ SCADA<\/h1>\n<p>Ein HMI\/SCADA System verschafft Ihnen den \u00dcberblick und die Kontrolle \u00fcber die gesamten Produktionsanlagen und Prozesse.<\/p>\n              \n                          <\/div>\n          <\/div>\n\n          <img decoding=\"async\" width=\"1024\" height=\"427\" src=\"https:\/\/www.novotek.com\/ch\/wp-content\/uploads\/sites\/3\/Proficy-Operations-Analytics-header1920x800px-1-1024x427.jpg.webp\" class=\"hero-bg\" alt=\"Hero Img\" fetchpriority=\"high\" srcset=\"https:\/\/www.novotek.com\/ch\/wp-content\/uploads\/sites\/3\/Proficy-Operations-Analytics-header1920x800px-1-1024x427.jpg.webp 1024w, https:\/\/www.novotek.com\/ch\/wp-content\/uploads\/sites\/3\/Proficy-Operations-Analytics-header1920x800px-1-300x125.jpg.webp 300w, https:\/\/www.novotek.com\/ch\/wp-content\/uploads\/sites\/3\/Proficy-Operations-Analytics-header1920x800px-1-768x320.jpg.webp 768w, https:\/\/www.novotek.com\/ch\/wp-content\/uploads\/sites\/3\/Proficy-Operations-Analytics-header1920x800px-1-1536x640.jpg.webp 1536w, https:\/\/www.novotek.com\/ch\/wp-content\/uploads\/sites\/3\/Proficy-Operations-Analytics-header1920x800px-1-86x36.jpg.webp 86w, https:\/\/www.novotek.com\/ch\/wp-content\/uploads\/sites\/3\/Proficy-Operations-Analytics-header1920x800px-1-306x128.jpg.webp 306w, https:\/\/www.novotek.com\/ch\/wp-content\/uploads\/sites\/3\/Proficy-Operations-Analytics-header1920x800px-1-636x265.jpg.webp 636w, https:\/\/www.novotek.com\/ch\/wp-content\/uploads\/sites\/3\/Proficy-Operations-Analytics-header1920x800px-1-1632x680.jpg.webp 1632w, https:\/\/www.novotek.com\/ch\/wp-content\/uploads\/sites\/3\/Proficy-Operations-Analytics-header1920x800px-1.jpg.webp 1920w\" sizes=\"(max-width: 1024px) 100vw, 1024px\" \/>                  <\/div>\n          <\/div>\n\n      <\/div>\n\n   \n\n\n<div class=\"container-md paragraph  \">\n<p><\/p>\n<\/div>\n\n<div class=\"container-md paragraph  \">\n<p>\u00dcberwachen, steuern und visualisieren Sie Ihre Produktionsabl\u00e4ufe mit Proficy Software. Mit einem kurzen Blick wissen die Bediener, was wichtig ist und welches die richtigen Massnahmen sind, um die Produktionsanlagen wirtschaftlich und effizient zu betreiben.<\/p>\n<\/div>\n\n<div class=\"container media-text  alignwide\">\n<div class=\"wp-block-media-text alignwide has-media-on-the-right is-stacked-on-mobile\" style=\"grid-template-columns:auto 35%\"><div class=\"wp-block-media-text__content\"><div class=\"container-md heading  \">\n<h2 class=\"wp-block-heading\" id=\"h-was-ist-ein-hmi\">Was ist ein HMI?<\/h2>\n<\/div>\n\n<div class=\"container-md paragraph  \">\n<p>HMI steht f\u00fcr &#171;<strong>H<\/strong>uman <strong>M<\/strong>achine <strong>I<\/strong>nterface&#187; und bezeichnet die Benutzerschnittstelle zwischen Mensch und Maschine.&nbsp;In der Praxis ist dies in der Regel ein PC-Monitor mit Maus, ein Touchpanel oder ein Tablet, welche die Informationen f\u00fcr den Anwender grafisch darstellen.<\/p>\n<\/div>\n\n<div class=\"container-md paragraph  \">\n<p>Mensch Maschinen Interfaces (HMI) ist ein \u00dcberbegriff f\u00fcr eine grafische Bedieneroberfl\u00e4che. Diese erm\u00f6glicht nicht nur die Darstellung, sondern bietet die M\u00f6glichkeit, Befehle wie Sollwerte oder ein\/aus Kommandos in die Anlage zu senden.<\/p>\n<\/div>\n\n<div class=\"container-md paragraph  \">\n<p><\/p>\n<\/div><\/div><figure class=\"wp-block-media-text__media\"><img loading=\"lazy\" decoding=\"async\" width=\"300\" height=\"300\" src=\"https:\/\/www.novotek.com\/ch\/wp-content\/uploads\/sites\/3\/HMI-SCADA_vor_dem_operator_Novotek-300x300-1.jpg\" alt=\"\" class=\"wp-image-8526 size-full\" srcset=\"https:\/\/www.novotek.com\/ch\/wp-content\/uploads\/sites\/3\/HMI-SCADA_vor_dem_operator_Novotek-300x300-1.jpg 300w, https:\/\/www.novotek.com\/ch\/wp-content\/uploads\/sites\/3\/HMI-SCADA_vor_dem_operator_Novotek-300x300-1-150x150.jpg 150w\" sizes=\"auto, (max-width: 300px) 100vw, 300px\" \/><\/figure><\/div>\n<\/div>\n\n<div class=\"container-md heading  \">\n<h2 class=\"wp-block-heading\" id=\"h-was-ist-ein-scada\">Was ist ein SCADA?<\/h2>\n<\/div>\n\n<div class=\"container-md paragraph  \">\n<p>SCADA steht f\u00fcr &#171;<strong>S<\/strong>upervisory <strong>C<\/strong>ontrol <strong>A<\/strong>nd <strong>D<\/strong>ata <strong>A<\/strong>cquisition&#187;. Es ist ein Automatisierungssystem zur Visualisierung, Steuerung und Verwaltung von Produktionsanlagen und Prozessen. SCADAs beinhalten immer eine grafische Bedienoberfl\u00e4che und werden daher in der Regel HMI \/ SCADA genannt.<\/p>\n<\/div>\n\n<div class=\"container-md paragraph  \">\n<p>HMI \/ SCADA&#8217;s sind heute in automatisierten Anlagen nicht mehr wegzudenken. Sie \u00fcberwachen den Prozess, zeichnen relevante Daten und Ereignisse auf und generieren Alarme, welche vom Bediener quittiert werden m\u00fcssen. Weitere Funktionen von SCADAs sind Benutzerverwaltung, Rezept-Management, Trending (Kurvendiagramme) oder auch spezielle Funktionalit\u00e4ten, welche in der Regel im Skripting-Modul des SCADA Servers ausprogrammiert werden k\u00f6nnen.<\/p>\n<\/div>\n\n<div class=\"container-md paragraph  \">\n<p>Mit einem SCADA-System erhalten Sie den n\u00f6tigen \u00dcberblick, um Entscheidungen zu treffen, die die Produktion optimieren. Ein effizientes System kann f\u00fcr erhebliche Zeit- und Kosteneinsparungen sorgen, unter anderem durch die Reduzierung des Energieverbrauchs und die sofortige Erkennung von Fehlern an Maschinen und Anlagen.<\/p>\n<\/div>\n\n<div class=\"container-md spacer  \">\n<div style=\"height:12px\" aria-hidden=\"true\" class=\"wp-block-spacer\"><\/div>\n<\/div>\n\n<div class=\"container-md heading  \">\n<h2 class=\"wp-block-heading\" id=\"h-einsatz-in-allen-industrien\">Einsatz in allen Industrien<\/h2>\n<\/div>\n\n<div class=\"container-md paragraph  \">\n<p>Heutzutage sind SCADA-Systeme in den meisten Anlagen und Produktionen zu finden.&nbsp;Sei werden in allen Branchen eingesetzt, darunter:<\/p>\n<\/div>\n\n<div class=\"container-md list  \">\n<ul class=\"wp-block-list\"><div class=\"container-md list-item  \">\n<li>Geb\u00e4udeautomation<\/li>\n<\/div>\n\n<div class=\"container-md list-item  \">\n<li>Infrastruktur<\/li>\n<\/div>\n\n<div class=\"container-md list-item  \">\n<li>Chemie<\/li>\n<\/div>\n\n<div class=\"container-md list-item  \">\n<li>Energieerzeugung &amp; -verteilung<\/li>\n<\/div>\n\n<div class=\"container-md list-item  \">\n<li>Pharma &amp; Biotech <\/li>\n<\/div>\n\n<div class=\"container-md list-item  \">\n<li>Lebensmittel und Getr\u00e4nke<\/li>\n<\/div>\n\n<div class=\"container-md list-item  \">\n<li>Papier und Zellstoff<\/li>\n<\/div>\n\n<div class=\"container-md list-item  \">\n<li>Prozess- und St\u00fcckfertigung<\/li>\n<\/div>\n\n<div class=\"container-md list-item  \">\n<li>Wasser und Abwasser<\/li>\n<\/div><\/ul>\n<\/div>\n\n<div class=\"container-md paragraph  \">\n<p>Ein SCADA-System wird an die branchenspezifischen Anforderungen sowie an die individuellen Bed\u00fcrfnisse von Unternehmen angepasst und variiert von einfachen Standalone L\u00f6sungen bis hin zu grossen komplexen Systemen mit mehreren redundanten Serverpaaren und unz\u00e4hligen Clients.&nbsp;<\/p>\n<\/div>\n\n<div class=\"container-md paragraph  \">\n<p>T\u00e4glich \u00fcberwachen und steuern die L\u00f6sungen von Novotek Tausende von Anlagen. Unsere SCADA-Systeme sind &#171;Commercial-Of-The-Shelf&#187; (COTS) Produkte von&nbsp;<strong><a href=\"https:\/\/www.gevernova.com\/software\/\" target=\"_blank\" rel=\"noreferrer noopener\">GE Vernova<\/a><\/strong>, welche ohne Programmierung auf Ihre Anforderungen angepasst werden k\u00f6nnen.&nbsp;<\/p>\n<\/div>\n\n<div class=\"container-md spacer  \">\n<div style=\"height:24px\" aria-hidden=\"true\" class=\"wp-block-spacer\"><\/div>\n<\/div>\n\n  <div class=\"slider-column-parent\">\n    <div class=\"container\">\n      <div class=\"slider-column-title\">Unsere HMI \/ SCADA -Produkte<\/div>\n\n      <div class=\"slider-column\">\n        <div class=\"slider-cell carousel-cell large\"><div class=\"column-box\">\n  \n      <div class=\"title\">\n      Proficy iFIX<\/br>von GE Vernova    <\/div>\n  \n      <div class=\"text\">\n      <p>iFIX nutzt die neuesten Technologien, welche den Benutzern schnellere Einblicke und eine verbesserte Effizienz bieten und gleichzeitig eine schnelle Anwendungsentwicklung f\u00fcr Systemintegratoren erm\u00f6glichen.<\/p>\n    <\/div>\n  \n      <a class=\"link\"  href=\"https:\/\/www.novotek.com\/ch\/hmi-scada\/proficy-ifix\/\" target=\"\">\n      Proficy iFIX    <\/a>\n  \n  <\/div>\n\n<\/div><div class=\"slider-cell carousel-cell large\"><div class=\"column-box\">\n  \n      <div class=\"title\">\n      Proficy Cimplicity<\/br>von GE Vernova    <\/div>\n  \n      <div class=\"text\">\n      <p>Als bew\u00e4hrtes und skalierbare HMI\/SCADA System bietet CIMPLICITY eine echte Client-Server-Visualisierung und -Steuerung von einzelnen Maschinen bis hin zu Fabrikstandorten auf der ganzen Welt.<\/p>\n    <\/div>\n  \n      <a class=\"link\"  href=\"https:\/\/www.novotek.com\/ch\/hmi-scada\/proficy-cimplicity\/\" target=\"\">\n      Proficy Cimplicity    <\/a>\n  \n  <\/div>\n\n<\/div><div class=\"slider-cell carousel-cell large\"><div class=\"column-box\">\n  \n      <div class=\"title\">\n      Proficy Operations Hub<\/br>von GE Vernova    <\/div>\n  \n      <div class=\"text\">\n      <p>Webbasiertes &#171;no-code&#187; Visualisierungs- und Dashboardportal f\u00fcr OT-Daten und Frontend f\u00fcr die gesamte Proficy Softwarefamilie. Das zentrale System f\u00fcr die gesamte Visualisierung und Bedienung verschiedenster Anwendungen.<\/p>\n    <\/div>\n  \n      <a class=\"link\"  href=\"https:\/\/www.novotek.com\/ch\/hmi-scada\/proficy-operations-hub\/\" target=\"\">\n      Proficy Operations Hub    <\/a>\n  \n  <\/div>\n\n<\/div><div class=\"slider-cell carousel-cell large\"><div class=\"column-box\">\n  \n      <div class=\"title\">\n      Proficy Batch Execution<\/br>von GE Vernova    <\/div>\n  \n      <div class=\"text\">\n      <p>F\u00fcr flexible und rezeptgesteuerte Produktionsabl\u00e4ufe ohne Programmierung. F\u00fcr Industrien wie Lebensmittel, Pharma und Chemie.<\/p>\n    <\/div>\n  \n      <a class=\"link\"  href=\"https:\/\/www.novotek.com\/ch\/hmi-scada\/proficy-batch-execution\/\" target=\"\">\n      Proficy Batch Execution    <\/a>\n  \n  <\/div>\n\n<\/div>      <\/div>\n    <\/div>\n  <\/div>\n\n\n<div class=\"container-md spacer  \">\n<div style=\"height:20px\" aria-hidden=\"true\" class=\"wp-block-spacer\"><\/div>\n<\/div>","protected":false},"excerpt":{"rendered":"<p>Alles unter Kontrolle!<br \/>\nEin HMI\/SCADA System verschafft Ihnen den \u00dcberblick und die Kontrolle \u00fcber die gesamten Produktionsanlagen und Prozesse.<\/p>\n","protected":false},"author":14,"featured_media":0,"parent":0,"menu_order":4,"comment_status":"closed","ping_status":"closed","template":"","meta":{"_acf_changed":false,"_relevanssi_hide_post":"","_relevanssi_pin_for_all":"","_relevanssi_pin_keywords":"","_relevanssi_unpin_keywords":"","_relevanssi_related_keywords":"","_relevanssi_related_include_ids":"","_relevanssi_related_exclude_ids":"","_relevanssi_related_no_append":"","_relevanssi_related_not_related":"","_relevanssi_related_posts":"3220,3216,3200,3208,3195","_relevanssi_noindex_reason":"","content-type":"","footnotes":""},"class_list":["post-8269","page","type-page","status-publish","hentry"],"acf":[],"yoast_head":"<!-- This site is optimized with the Yoast SEO plugin v27.4 - https:\/\/yoast.com\/product\/yoast-seo-wordpress\/ -->\n<title>HMI \/ SCADA - L\u00f6sungen f\u00fcr alle Branchen<\/title>\n<meta name=\"description\" content=\"Behalten Sie den \u00dcberblick \u00fcber Ihre Anlagen \u2013 lokal oder in der Cloud \u2013 mit den skalierbaren Visualisierungs-L\u00f6sungen von Novotek!\" \/>\n<meta name=\"robots\" content=\"index, follow, max-snippet:-1, max-image-preview:large, max-video-preview:-1\" \/>\n<link rel=\"canonical\" href=\"https:\/\/www.novotek.com\/ch\/hmi-scada\/\" \/>\n<meta property=\"og:locale\" content=\"de_DE\" \/>\n<meta property=\"og:type\" content=\"article\" \/>\n<meta property=\"og:title\" content=\"HMI \/ SCADA - L\u00f6sungen f\u00fcr alle Branchen\" \/>\n<meta property=\"og:description\" content=\"Behalten Sie den \u00dcberblick \u00fcber Ihre Anlagen \u2013 lokal oder in der Cloud \u2013 mit den skalierbaren Visualisierungs-L\u00f6sungen von Novotek!\" \/>\n<meta property=\"og:url\" content=\"https:\/\/www.novotek.com\/ch\/hmi-scada\/\" \/>\n<meta property=\"og:site_name\" content=\"Novotek CH\" \/>\n<meta property=\"article:modified_time\" content=\"2025-10-28T13:32:06+00:00\" \/>\n<meta property=\"og:image\" content=\"https:\/\/www.novotek.com\/ch\/wp-content\/uploads\/sites\/3\/HMI-SCADA_vor_dem_operator_Novotek-300x300-1.jpg\" \/>\n<meta name=\"twitter:card\" content=\"summary_large_image\" \/>\n<meta name=\"twitter:label1\" content=\"Gesch\u00e4tzte Lesezeit\" \/>\n\t<meta name=\"twitter:data1\" content=\"3\u00a0Minuten\" \/>\n<script type=\"application\/ld+json\" class=\"yoast-schema-graph\">{\"@context\":\"https:\\\/\\\/schema.org\",\"@graph\":[{\"@type\":\"WebPage\",\"@id\":\"https:\\\/\\\/www.novotek.com\\\/ch\\\/hmi-scada\\\/\",\"url\":\"https:\\\/\\\/www.novotek.com\\\/ch\\\/hmi-scada\\\/\",\"name\":\"HMI \\\/ SCADA - L\u00f6sungen f\u00fcr alle Branchen\",\"isPartOf\":{\"@id\":\"https:\\\/\\\/www.novotek.com\\\/ch\\\/#website\"},\"primaryImageOfPage\":{\"@id\":\"https:\\\/\\\/www.novotek.com\\\/ch\\\/hmi-scada\\\/#primaryimage\"},\"image\":{\"@id\":\"https:\\\/\\\/www.novotek.com\\\/ch\\\/hmi-scada\\\/#primaryimage\"},\"thumbnailUrl\":\"https:\\\/\\\/www.novotek.com\\\/ch\\\/wp-content\\\/uploads\\\/sites\\\/3\\\/HMI-SCADA_vor_dem_operator_Novotek-300x300-1.jpg\",\"datePublished\":\"2022-07-15T09:12:29+00:00\",\"dateModified\":\"2025-10-28T13:32:06+00:00\",\"description\":\"Behalten Sie den \u00dcberblick \u00fcber Ihre Anlagen \u2013 lokal oder in der Cloud \u2013 mit den skalierbaren Visualisierungs-L\u00f6sungen von Novotek!\",\"breadcrumb\":{\"@id\":\"https:\\\/\\\/www.novotek.com\\\/ch\\\/hmi-scada\\\/#breadcrumb\"},\"inLanguage\":\"de-CH\",\"potentialAction\":[{\"@type\":\"ReadAction\",\"target\":[\"https:\\\/\\\/www.novotek.com\\\/ch\\\/hmi-scada\\\/\"]}]},{\"@type\":\"ImageObject\",\"inLanguage\":\"de-CH\",\"@id\":\"https:\\\/\\\/www.novotek.com\\\/ch\\\/hmi-scada\\\/#primaryimage\",\"url\":\"https:\\\/\\\/www.novotek.com\\\/ch\\\/wp-content\\\/uploads\\\/sites\\\/3\\\/HMI-SCADA_vor_dem_operator_Novotek-300x300-1.jpg.webp\",\"contentUrl\":\"https:\\\/\\\/www.novotek.com\\\/ch\\\/wp-content\\\/uploads\\\/sites\\\/3\\\/HMI-SCADA_vor_dem_operator_Novotek-300x300-1.jpg.webp\",\"width\":300,\"height\":300},{\"@type\":\"BreadcrumbList\",\"@id\":\"https:\\\/\\\/www.novotek.com\\\/ch\\\/hmi-scada\\\/#breadcrumb\",\"itemListElement\":[{\"@type\":\"ListItem\",\"position\":1,\"name\":\"Home\",\"item\":\"https:\\\/\\\/www.novotek.com\\\/ch\\\/\"},{\"@type\":\"ListItem\",\"position\":2,\"name\":\"HMI \\\/ SCADA\"}]},{\"@type\":\"WebSite\",\"@id\":\"https:\\\/\\\/www.novotek.com\\\/ch\\\/#website\",\"url\":\"https:\\\/\\\/www.novotek.com\\\/ch\\\/\",\"name\":\"Novotek Switzerland AG\",\"description\":\"Connect - Digitalize - Optimize\",\"publisher\":{\"@id\":\"https:\\\/\\\/www.novotek.com\\\/ch\\\/#organization\"},\"potentialAction\":[{\"@type\":\"SearchAction\",\"target\":{\"@type\":\"EntryPoint\",\"urlTemplate\":\"https:\\\/\\\/www.novotek.com\\\/ch\\\/?s={search_term_string}\"},\"query-input\":{\"@type\":\"PropertyValueSpecification\",\"valueRequired\":true,\"valueName\":\"search_term_string\"}}],\"inLanguage\":\"de-CH\"},{\"@type\":\"Organization\",\"@id\":\"https:\\\/\\\/www.novotek.com\\\/ch\\\/#organization\",\"name\":\"Novotek Switzerland AG\",\"url\":\"https:\\\/\\\/www.novotek.com\\\/ch\\\/\",\"logo\":{\"@type\":\"ImageObject\",\"inLanguage\":\"de-CH\",\"@id\":\"https:\\\/\\\/www.novotek.com\\\/ch\\\/#\\\/schema\\\/logo\\\/image\\\/\",\"url\":\"https:\\\/\\\/www.novotek.com\\\/ch\\\/wp-content\\\/uploads\\\/sites\\\/3\\\/novotek-symbol-rgb-pos-white-border-512x512-1.png\",\"contentUrl\":\"https:\\\/\\\/www.novotek.com\\\/ch\\\/wp-content\\\/uploads\\\/sites\\\/3\\\/novotek-symbol-rgb-pos-white-border-512x512-1.png\",\"width\":512,\"height\":512,\"caption\":\"Novotek Switzerland AG\"},\"image\":{\"@id\":\"https:\\\/\\\/www.novotek.com\\\/ch\\\/#\\\/schema\\\/logo\\\/image\\\/\"}}]}<\/script>\n<!-- \/ Yoast SEO plugin. -->","yoast_head_json":{"title":"HMI \/ SCADA - L\u00f6sungen f\u00fcr alle Branchen","description":"Behalten Sie den \u00dcberblick \u00fcber Ihre Anlagen \u2013 lokal oder in der Cloud \u2013 mit den skalierbaren Visualisierungs-L\u00f6sungen von Novotek!","robots":{"index":"index","follow":"follow","max-snippet":"max-snippet:-1","max-image-preview":"max-image-preview:large","max-video-preview":"max-video-preview:-1"},"canonical":"https:\/\/www.novotek.com\/ch\/hmi-scada\/","og_locale":"de_DE","og_type":"article","og_title":"HMI \/ SCADA - L\u00f6sungen f\u00fcr alle Branchen","og_description":"Behalten Sie den \u00dcberblick \u00fcber Ihre Anlagen \u2013 lokal oder in der Cloud \u2013 mit den skalierbaren Visualisierungs-L\u00f6sungen von Novotek!","og_url":"https:\/\/www.novotek.com\/ch\/hmi-scada\/","og_site_name":"Novotek CH","article_modified_time":"2025-10-28T13:32:06+00:00","og_image":[{"url":"https:\/\/www.novotek.com\/ch\/wp-content\/uploads\/sites\/3\/HMI-SCADA_vor_dem_operator_Novotek-300x300-1.jpg","type":"","width":"","height":""}],"twitter_card":"summary_large_image","twitter_misc":{"Gesch\u00e4tzte Lesezeit":"3\u00a0Minuten"},"schema":{"@context":"https:\/\/schema.org","@graph":[{"@type":"WebPage","@id":"https:\/\/www.novotek.com\/ch\/hmi-scada\/","url":"https:\/\/www.novotek.com\/ch\/hmi-scada\/","name":"HMI \/ SCADA - L\u00f6sungen f\u00fcr alle Branchen","isPartOf":{"@id":"https:\/\/www.novotek.com\/ch\/#website"},"primaryImageOfPage":{"@id":"https:\/\/www.novotek.com\/ch\/hmi-scada\/#primaryimage"},"image":{"@id":"https:\/\/www.novotek.com\/ch\/hmi-scada\/#primaryimage"},"thumbnailUrl":"https:\/\/www.novotek.com\/ch\/wp-content\/uploads\/sites\/3\/HMI-SCADA_vor_dem_operator_Novotek-300x300-1.jpg","datePublished":"2022-07-15T09:12:29+00:00","dateModified":"2025-10-28T13:32:06+00:00","description":"Behalten Sie den \u00dcberblick \u00fcber Ihre Anlagen \u2013 lokal oder in der Cloud \u2013 mit den skalierbaren Visualisierungs-L\u00f6sungen von Novotek!","breadcrumb":{"@id":"https:\/\/www.novotek.com\/ch\/hmi-scada\/#breadcrumb"},"inLanguage":"de-CH","potentialAction":[{"@type":"ReadAction","target":["https:\/\/www.novotek.com\/ch\/hmi-scada\/"]}]},{"@type":"ImageObject","inLanguage":"de-CH","@id":"https:\/\/www.novotek.com\/ch\/hmi-scada\/#primaryimage","url":"https:\/\/www.novotek.com\/ch\/wp-content\/uploads\/sites\/3\/HMI-SCADA_vor_dem_operator_Novotek-300x300-1.jpg.webp","contentUrl":"https:\/\/www.novotek.com\/ch\/wp-content\/uploads\/sites\/3\/HMI-SCADA_vor_dem_operator_Novotek-300x300-1.jpg.webp","width":300,"height":300},{"@type":"BreadcrumbList","@id":"https:\/\/www.novotek.com\/ch\/hmi-scada\/#breadcrumb","itemListElement":[{"@type":"ListItem","position":1,"name":"Home","item":"https:\/\/www.novotek.com\/ch\/"},{"@type":"ListItem","position":2,"name":"HMI \/ SCADA"}]},{"@type":"WebSite","@id":"https:\/\/www.novotek.com\/ch\/#website","url":"https:\/\/www.novotek.com\/ch\/","name":"Novotek Switzerland AG","description":"Connect - Digitalize - Optimize","publisher":{"@id":"https:\/\/www.novotek.com\/ch\/#organization"},"potentialAction":[{"@type":"SearchAction","target":{"@type":"EntryPoint","urlTemplate":"https:\/\/www.novotek.com\/ch\/?s={search_term_string}"},"query-input":{"@type":"PropertyValueSpecification","valueRequired":true,"valueName":"search_term_string"}}],"inLanguage":"de-CH"},{"@type":"Organization","@id":"https:\/\/www.novotek.com\/ch\/#organization","name":"Novotek Switzerland AG","url":"https:\/\/www.novotek.com\/ch\/","logo":{"@type":"ImageObject","inLanguage":"de-CH","@id":"https:\/\/www.novotek.com\/ch\/#\/schema\/logo\/image\/","url":"https:\/\/www.novotek.com\/ch\/wp-content\/uploads\/sites\/3\/novotek-symbol-rgb-pos-white-border-512x512-1.png","contentUrl":"https:\/\/www.novotek.com\/ch\/wp-content\/uploads\/sites\/3\/novotek-symbol-rgb-pos-white-border-512x512-1.png","width":512,"height":512,"caption":"Novotek Switzerland AG"},"image":{"@id":"https:\/\/www.novotek.com\/ch\/#\/schema\/logo\/image\/"}}]}},"_links":{"self":[{"href":"https:\/\/www.novotek.com\/ch\/wp-json\/wp\/v2\/pages\/8269","targetHints":{"allow":["GET"]}}],"collection":[{"href":"https:\/\/www.novotek.com\/ch\/wp-json\/wp\/v2\/pages"}],"about":[{"href":"https:\/\/www.novotek.com\/ch\/wp-json\/wp\/v2\/types\/page"}],"author":[{"embeddable":true,"href":"https:\/\/www.novotek.com\/ch\/wp-json\/wp\/v2\/users\/14"}],"replies":[{"embeddable":true,"href":"https:\/\/www.novotek.com\/ch\/wp-json\/wp\/v2\/comments?post=8269"}],"version-history":[{"count":72,"href":"https:\/\/www.novotek.com\/ch\/wp-json\/wp\/v2\/pages\/8269\/revisions"}],"predecessor-version":[{"id":28337,"href":"https:\/\/www.novotek.com\/ch\/wp-json\/wp\/v2\/pages\/8269\/revisions\/28337"}],"wp:attachment":[{"href":"https:\/\/www.novotek.com\/ch\/wp-json\/wp\/v2\/media?parent=8269"}],"curies":[{"name":"wp","href":"https:\/\/api.w.org\/{rel}","templated":true}]}}