{"id":8270,"date":"2022-07-15T09:12:30","date_gmt":"2022-07-15T09:12:30","guid":{"rendered":"http:\/\/ch.novotek-multi.dev4.mildmedia-dev.eu\/?page_id=8270"},"modified":"2025-05-23T13:07:43","modified_gmt":"2025-05-23T13:07:43","slug":"hardware-industrieprozesse","status":"publish","type":"page","link":"https:\/\/www.novotek.com\/ch\/hardware-industrieprozesse\/","title":{"rendered":"Industriehardware"},"content":{"rendered":"  <div class=\"hero\">\n    <div class=\"carousel hero-slider small\" data-flickity data-flickity-options='{\"prevNextButtons\": false}'>\n              <div class=\"carousel-cell\">\n          <div class=\"container\">\n            <div class=\"hero-content\">\n                              <h1>Hardware f\u00fcr Industrieprozesse<\/h1>\n<p><strong>Robuste Automationsl\u00f6sungen\u00a0<\/strong><br \/>\nEgal wo Sie in Ihrem Digitalisierungsprozess stehen, die Wahl der geeigneten Hardware ist dabei immer von zentraler Bedeutung. Sie muss sich einerseits perfekt in die bestehende Infrastruktur einf\u00fcgen lassen, andererseits muss sie in der Lage sein, mit den k\u00fcnftigen Aktivit\u00e4ten der Firma mitzuwachsen.<\/p>\n              \n                          <\/div>\n          <\/div>\n\n          <img decoding=\"async\" width=\"1024\" height=\"427\" src=\"https:\/\/www.novotek.com\/ch\/wp-content\/uploads\/sites\/3\/Novotek_industriehardware_duotone_1920x800-1-1024x427.jpg.webp\" class=\"hero-bg\" alt=\"Hero Img\" fetchpriority=\"high\" srcset=\"https:\/\/www.novotek.com\/ch\/wp-content\/uploads\/sites\/3\/Novotek_industriehardware_duotone_1920x800-1-1024x427.jpg.webp 1024w, https:\/\/www.novotek.com\/ch\/wp-content\/uploads\/sites\/3\/Novotek_industriehardware_duotone_1920x800-1-300x125.jpg.webp 300w, https:\/\/www.novotek.com\/ch\/wp-content\/uploads\/sites\/3\/Novotek_industriehardware_duotone_1920x800-1-768x320.jpg.webp 768w, https:\/\/www.novotek.com\/ch\/wp-content\/uploads\/sites\/3\/Novotek_industriehardware_duotone_1920x800-1.jpg.webp 1440w\" sizes=\"(max-width: 1024px) 100vw, 1024px\" \/>                  <\/div>\n          <\/div>\n\n      <\/div>\n\n   \n\n\n<div class=\"container-md paragraph  \">\n<p>Heutige Industrieanlagen fordern von ihren Maschinen und Komponenten eine hohe Zuverl\u00e4ssigkeit und eine durchgehende Datenkommunikation.&nbsp;Die fortschrittliche Automatisierungsl\u00f6sung muss in der Lage sein, maximale Verf\u00fcgbarkeit und Performance zu gew\u00e4hrleisten sowie Ausf\u00e4lle g\u00e4nzlich zu vermeiden &#8211; auch in rauer Industrieumgebungen. Bei der modernen Automatisierung ist es zudem wichtig, ein Steuerungssystem zu w\u00e4hlen, das nahtlos in die vorhandene Infrastruktur passt und sich entsprechend den aktuellen und zuk\u00fcnftigen Anforderungen skaliert l\u00e4sst.&nbsp;<\/p>\n<\/div>\n\n<div class=\"container-md spacer  \">\n<div style=\"height:100px\" aria-hidden=\"true\" class=\"wp-block-spacer\"><\/div>\n<\/div>\n\n<div class=\"container media-text  alignwide\">\n<div class=\"wp-block-media-text alignwide has-media-on-the-right is-stacked-on-mobile\" style=\"grid-template-columns:auto 40%\"><div class=\"wp-block-media-text__content\"><div class=\"container-md heading  \">\n<h2 class=\"wp-block-heading\">Edge Devices<\/h2>\n<\/div>\n\n<div class=\"container-md paragraph  \">\n<p>Analysieren Sie Probleme und l\u00f6sen Sie sie dort, wo sie auftreten: Direkt an Ihrer Maschine.<\/p>\n<\/div>\n\n<div class=\"container-md paragraph  \">\n<p>Edge-Ger\u00e4te von Exor und Emerson wandeln wertvolle und komplexe Big Data in kosteneffektive und handhabbare \u201eLittle Data\u201c um. Jedes Problem wird sofort sichtbar. Was Sie einfacher erkennen, k\u00f6nnen Sie auch einfacher l\u00f6sen.<\/p>\n<\/div>\n\n<div class=\"container-md spacer  \">\n<div style=\"height:25px\" aria-hidden=\"true\" class=\"wp-block-spacer\"><\/div>\n<\/div>\n\n<div class=\"container-md buttons  \">\n<div class=\"wp-block-buttons is-layout-flex wp-block-buttons-is-layout-flex\"><div class=\"container-md button  \">\n<div class=\"wp-block-button\"><a class=\"wp-block-button__link has-novotek-white-color has-text-color has-background has-link-color wp-element-button\" href=\"https:\/\/www.novotek.com\/ch\/hardware-industrieprozesse\/webpanel-displays\/\" style=\"background-color:#e70029\" target=\"_blank\" rel=\"noreferrer noopener\">Edge Devices<\/a><\/div>\n<\/div><\/div>\n<\/div><\/div><figure class=\"wp-block-media-text__media\"><img loading=\"lazy\" decoding=\"async\" width=\"599\" height=\"661\" src=\"https:\/\/www.novotek.com\/ch\/wp-content\/uploads\/sites\/3\/eXware.png.webp\" alt=\"\" class=\"wp-image-26059 size-full\" srcset=\"https:\/\/www.novotek.com\/ch\/wp-content\/uploads\/sites\/3\/eXware.png 599w, https:\/\/www.novotek.com\/ch\/wp-content\/uploads\/sites\/3\/eXware-272x300.png 272w, https:\/\/www.novotek.com\/ch\/wp-content\/uploads\/sites\/3\/eXware-78x86.png 78w, https:\/\/www.novotek.com\/ch\/wp-content\/uploads\/sites\/3\/eXware-306x338.png 306w\" sizes=\"auto, (max-width: 599px) 100vw, 599px\" \/><\/figure><\/div>\n<\/div>\n\n<div class=\"container-md spacer  \">\n<div style=\"height:150px\" aria-hidden=\"true\" class=\"wp-block-spacer\"><\/div>\n<\/div>\n\n<div class=\"container media-text  alignwide\">\n<div class=\"wp-block-media-text alignwide is-stacked-on-mobile\" style=\"grid-template-columns:40% auto\"><figure class=\"wp-block-media-text__media\"><img loading=\"lazy\" decoding=\"async\" width=\"422\" height=\"222\" src=\"https:\/\/www.novotek.com\/ch\/wp-content\/uploads\/sites\/3\/Icon-Rxi2-BP-1.png\" alt=\"\" class=\"wp-image-26064 size-full\" srcset=\"https:\/\/www.novotek.com\/ch\/wp-content\/uploads\/sites\/3\/Icon-Rxi2-BP-1.png 422w, https:\/\/www.novotek.com\/ch\/wp-content\/uploads\/sites\/3\/Icon-Rxi2-BP-1-300x158.png 300w, https:\/\/www.novotek.com\/ch\/wp-content\/uploads\/sites\/3\/Icon-Rxi2-BP-1-86x45.png 86w, https:\/\/www.novotek.com\/ch\/wp-content\/uploads\/sites\/3\/Icon-Rxi2-BP-1-306x161.png 306w\" sizes=\"auto, (max-width: 422px) 100vw, 422px\" \/><\/figure><div class=\"wp-block-media-text__content\"><div class=\"container-md heading  \">\n<h2 class=\"wp-block-heading\">Industrie PCs<\/h2>\n<\/div>\n\n<div class=\"container-md paragraph  \">\n<p>Die heutige Industrie erfordert hochwertige Technologie, die in der Lage ist, alle Arten von Produktionsumgebungen und leistungsstarken Anwendungen zu bew\u00e4ltigen. Die Industrie-PCs von Exor und Emerson wurden speziell daf\u00fcr entwickelt.<\/p>\n<\/div>\n\n<div class=\"container-md spacer  \">\n<div style=\"height:25px\" aria-hidden=\"true\" class=\"wp-block-spacer\"><\/div>\n<\/div>\n\n<div class=\"container-md buttons  \">\n<div class=\"wp-block-buttons is-layout-flex wp-block-buttons-is-layout-flex\"><div class=\"container-md button  \">\n<div class=\"wp-block-button\"><a class=\"wp-block-button__link has-novotek-white-color has-text-color has-background has-link-color wp-element-button\" href=\"https:\/\/www.novotek.com\/ch\/hardware-industrieprozesse\/webpanel-displays\/\" style=\"background-color:#e70029\" target=\"_blank\" rel=\"noreferrer noopener\">Industrie PCs<\/a><\/div>\n<\/div><\/div>\n<\/div><\/div><\/div>\n<\/div>\n\n<div class=\"container-md spacer  \">\n<div style=\"height:100px\" aria-hidden=\"true\" class=\"wp-block-spacer\"><\/div>\n<\/div>\n\n<div class=\"container media-text  alignwide\">\n<div class=\"wp-block-media-text alignwide has-media-on-the-right is-stacked-on-mobile\" style=\"grid-template-columns:auto 35%\"><div class=\"wp-block-media-text__content\"><div class=\"container-md heading  \">\n<h2 class=\"wp-block-heading\">Industrial I\/O<\/h2>\n<\/div>\n\n<div class=\"container-md paragraph  \">\n<p>Die industriellen I\/O-Systeme von Emerson sind darauf ausgelegt, Menschen, Maschinen und Daten kontinuierlich \u00fcber industrielles Ethernet zu vernetzen. Prozessoperatoren erhalten mit industrieller I\/O nahtlose Einblicke, indem Daten \u00fcber PROFINET bereitgestellt und gezielt eingegriffen wird. Falls eine Anpassung der I\/O erforderlich ist, kann diese problemlos vorgenommen werden \u2013 eine flexible und zuverl\u00e4ssige L\u00f6sung.<\/p>\n<\/div>\n\n<div class=\"container-md spacer  \">\n<div style=\"height:25px\" aria-hidden=\"true\" class=\"wp-block-spacer\"><\/div>\n<\/div>\n\n<div class=\"container-md buttons  \">\n<div class=\"wp-block-buttons is-layout-flex wp-block-buttons-is-layout-flex\"><div class=\"container-md button  \">\n<div class=\"wp-block-button\"><a class=\"wp-block-button__link has-novotek-white-color has-text-color has-background has-link-color wp-element-button\" href=\"https:\/\/www.novotek.com\/ch\/hardware-industrieprozesse\/steuerungen-io-rsti\/\" style=\"background-color:#e70029\" target=\"_blank\" rel=\"noreferrer noopener\">Industrial I\/O<\/a><\/div>\n<\/div><\/div>\n<\/div><\/div><figure class=\"wp-block-media-text__media\"><img loading=\"lazy\" decoding=\"async\" width=\"720\" height=\"650\" src=\"https:\/\/www.novotek.com\/ch\/wp-content\/uploads\/sites\/3\/RSTi-EP.png\" alt=\"\" class=\"wp-image-26068 size-full\" srcset=\"https:\/\/www.novotek.com\/ch\/wp-content\/uploads\/sites\/3\/RSTi-EP.png 720w, https:\/\/www.novotek.com\/ch\/wp-content\/uploads\/sites\/3\/RSTi-EP-300x271.png 300w, https:\/\/www.novotek.com\/ch\/wp-content\/uploads\/sites\/3\/RSTi-EP-86x78.png 86w, https:\/\/www.novotek.com\/ch\/wp-content\/uploads\/sites\/3\/RSTi-EP-306x276.png 306w, https:\/\/www.novotek.com\/ch\/wp-content\/uploads\/sites\/3\/RSTi-EP-636x574.png 636w\" sizes=\"auto, (max-width: 720px) 100vw, 720px\" \/><\/figure><\/div>\n<\/div>\n\n<div class=\"container-md spacer  \">\n<div style=\"height:100px\" aria-hidden=\"true\" class=\"wp-block-spacer\"><\/div>\n<\/div>\n\n<div class=\"container media-text  alignwide\">\n<div class=\"wp-block-media-text alignwide is-stacked-on-mobile\" style=\"grid-template-columns:30% auto\"><figure class=\"wp-block-media-text__media\"><img loading=\"lazy\" decoding=\"async\" width=\"636\" height=\"730\" src=\"https:\/\/www.novotek.com\/ch\/wp-content\/uploads\/sites\/3\/Cpe200-636x730-1.png.webp\" alt=\"\" class=\"wp-image-26072 size-full\" srcset=\"https:\/\/www.novotek.com\/ch\/wp-content\/uploads\/sites\/3\/Cpe200-636x730-1.png 636w, https:\/\/www.novotek.com\/ch\/wp-content\/uploads\/sites\/3\/Cpe200-636x730-1-261x300.png 261w, https:\/\/www.novotek.com\/ch\/wp-content\/uploads\/sites\/3\/Cpe200-636x730-1-75x86.png 75w, https:\/\/www.novotek.com\/ch\/wp-content\/uploads\/sites\/3\/Cpe200-636x730-1-306x351.png 306w\" sizes=\"auto, (max-width: 636px) 100vw, 636px\" \/><\/figure><div class=\"wp-block-media-text__content\"><div class=\"container-md heading  \">\n<h2 class=\"wp-block-heading\">SPS-Systeme<\/h2>\n<\/div>\n\n<div class=\"container-md paragraph  \">\n<p>SPS ist nicht gleich SPS. Besonders in den letzten Jahren haben sich die Anforderungen stark ge\u00e4ndert \u2013 vor allem in Richtung Digitalisierungsfunktionen, Schnittstellen und Cyber Security. Hier gibt\u2019s einen \u00dcberblick \u00fcber Standalone-, Rack- und Digitalisierungssteuerungen.<\/p>\n<\/div>\n\n<div class=\"container-md spacer  \">\n<div style=\"height:25px\" aria-hidden=\"true\" class=\"wp-block-spacer\"><\/div>\n<\/div>\n\n<div class=\"container-md buttons  \">\n<div class=\"wp-block-buttons is-layout-flex wp-block-buttons-is-layout-flex\"><div class=\"container-md button  \">\n<div class=\"wp-block-button\"><a class=\"wp-block-button__link has-novotek-white-color has-text-color has-background has-link-color wp-element-button\" href=\"https:\/\/www.novotek.com\/ch\/hardware-industrieprozesse\/pacsystems-sps\/\" style=\"background-color:#e70029\" target=\"_blank\" rel=\"noreferrer noopener\">SPS-Systeme<\/a><\/div>\n<\/div><\/div>\n<\/div><\/div><\/div>\n<\/div>\n\n<div class=\"container-md spacer  \">\n<div style=\"height:100px\" aria-hidden=\"true\" class=\"wp-block-spacer\"><\/div>\n<\/div>\n\n<div class=\"container-md heading  \">\n<h2 class=\"wp-block-heading\" id=\"h-von-der-produktionshalle-bis-in-den-kontrollraum\">Von der Produktionshalle bis in den Kontrollraum<\/h2>\n<\/div>\n\n<div class=\"container-md paragraph  \">\n<p>Wir unterst\u00fctzten Sie mit einer umfassenden Palette an industriellen L\u00f6sungen f\u00fcr einen garantiert hohen Automatisierungsgrad. Dank unserer langj\u00e4hrigen Erfahrung finden wir die L\u00f6sung, die zu Ihrem Unternehmen passt.&nbsp;<\/p>\n<\/div>\n\n<div class=\"container-md spacer  \">\n<div style=\"height:150px\" aria-hidden=\"true\" class=\"wp-block-spacer\"><\/div>\n<\/div>","protected":false},"excerpt":{"rendered":"<p>Egal wo Sie in Ihrem Digitalisierungsprozess stehen, die Wahl der geeigneten Hardware ist dabei immer von zentraler Bedeutung. Sie muss sich einerseits perfekt in die bestehende Infrastruktur einf\u00fcgen lassen, andererseits muss sie in der Lage sein, mit den k\u00fcnftigen Aktivit\u00e4ten der Firma mitzuwachsen.<\/p>\n","protected":false},"author":15,"featured_media":0,"parent":0,"menu_order":9,"comment_status":"closed","ping_status":"closed","template":"","meta":{"_acf_changed":false,"_relevanssi_hide_post":"","_relevanssi_pin_for_all":"","_relevanssi_pin_keywords":"","_relevanssi_unpin_keywords":"","_relevanssi_related_keywords":"","_relevanssi_related_include_ids":"","_relevanssi_related_exclude_ids":"","_relevanssi_related_no_append":"","_relevanssi_related_not_related":"","_relevanssi_related_posts":"3200,3220,3208,3195,3216,3216","_relevanssi_noindex_reason":"","content-type":"","footnotes":""},"class_list":["post-8270","page","type-page","status-publish","hentry"],"acf":[],"yoast_head":"<!-- This site is optimized with the Yoast SEO plugin v27.4 - https:\/\/yoast.com\/product\/yoast-seo-wordpress\/ -->\n<title>Industriehardware - Novotek Switzerland<\/title>\n<meta name=\"description\" content=\"Egal wo Sie in Ihrem Digitalisierungsprozess stehen, die Wahl der geeigneten Hardware ist dabei immer von zentraler Bedeutung.\" \/>\n<meta name=\"robots\" content=\"index, follow, max-snippet:-1, max-image-preview:large, max-video-preview:-1\" \/>\n<link rel=\"canonical\" href=\"https:\/\/www.novotek.com\/ch\/hardware-industrieprozesse\/\" \/>\n<meta property=\"og:locale\" content=\"de_DE\" \/>\n<meta property=\"og:type\" content=\"article\" \/>\n<meta property=\"og:title\" content=\"Industriehardware - Novotek Switzerland\" \/>\n<meta property=\"og:description\" content=\"Egal wo Sie in Ihrem Digitalisierungsprozess stehen, die Wahl der geeigneten Hardware ist dabei immer von zentraler Bedeutung.\" \/>\n<meta property=\"og:url\" content=\"https:\/\/www.novotek.com\/ch\/hardware-industrieprozesse\/\" \/>\n<meta property=\"og:site_name\" content=\"Novotek CH\" \/>\n<meta property=\"article:modified_time\" content=\"2025-05-23T13:07:43+00:00\" \/>\n<meta property=\"og:image\" content=\"https:\/\/www.novotek.com\/ch\/wp-content\/uploads\/sites\/3\/eXware.png.webp\" \/>\n<meta name=\"twitter:card\" content=\"summary_large_image\" \/>\n<meta name=\"twitter:label1\" content=\"Gesch\u00e4tzte Lesezeit\" \/>\n\t<meta name=\"twitter:data1\" content=\"3\u00a0Minuten\" \/>\n<script type=\"application\/ld+json\" class=\"yoast-schema-graph\">{\"@context\":\"https:\\\/\\\/schema.org\",\"@graph\":[{\"@type\":\"WebPage\",\"@id\":\"https:\\\/\\\/www.novotek.com\\\/ch\\\/hardware-industrieprozesse\\\/\",\"url\":\"https:\\\/\\\/www.novotek.com\\\/ch\\\/hardware-industrieprozesse\\\/\",\"name\":\"Industriehardware - Novotek Switzerland\",\"isPartOf\":{\"@id\":\"https:\\\/\\\/www.novotek.com\\\/ch\\\/#website\"},\"primaryImageOfPage\":{\"@id\":\"https:\\\/\\\/www.novotek.com\\\/ch\\\/hardware-industrieprozesse\\\/#primaryimage\"},\"image\":{\"@id\":\"https:\\\/\\\/www.novotek.com\\\/ch\\\/hardware-industrieprozesse\\\/#primaryimage\"},\"thumbnailUrl\":\"https:\\\/\\\/www.novotek.com\\\/ch\\\/wp-content\\\/uploads\\\/sites\\\/3\\\/eXware.png.webp\",\"datePublished\":\"2022-07-15T09:12:30+00:00\",\"dateModified\":\"2025-05-23T13:07:43+00:00\",\"description\":\"Egal wo Sie in Ihrem Digitalisierungsprozess stehen, die Wahl der geeigneten Hardware ist dabei immer von zentraler Bedeutung.\",\"breadcrumb\":{\"@id\":\"https:\\\/\\\/www.novotek.com\\\/ch\\\/hardware-industrieprozesse\\\/#breadcrumb\"},\"inLanguage\":\"de-CH\",\"potentialAction\":[{\"@type\":\"ReadAction\",\"target\":[\"https:\\\/\\\/www.novotek.com\\\/ch\\\/hardware-industrieprozesse\\\/\"]}]},{\"@type\":\"ImageObject\",\"inLanguage\":\"de-CH\",\"@id\":\"https:\\\/\\\/www.novotek.com\\\/ch\\\/hardware-industrieprozesse\\\/#primaryimage\",\"url\":\"https:\\\/\\\/www.novotek.com\\\/ch\\\/wp-content\\\/uploads\\\/sites\\\/3\\\/eXware.png.webp\",\"contentUrl\":\"https:\\\/\\\/www.novotek.com\\\/ch\\\/wp-content\\\/uploads\\\/sites\\\/3\\\/eXware.png.webp\",\"width\":599,\"height\":661},{\"@type\":\"BreadcrumbList\",\"@id\":\"https:\\\/\\\/www.novotek.com\\\/ch\\\/hardware-industrieprozesse\\\/#breadcrumb\",\"itemListElement\":[{\"@type\":\"ListItem\",\"position\":1,\"name\":\"Home\",\"item\":\"https:\\\/\\\/www.novotek.com\\\/ch\\\/\"},{\"@type\":\"ListItem\",\"position\":2,\"name\":\"Industriehardware\"}]},{\"@type\":\"WebSite\",\"@id\":\"https:\\\/\\\/www.novotek.com\\\/ch\\\/#website\",\"url\":\"https:\\\/\\\/www.novotek.com\\\/ch\\\/\",\"name\":\"Novotek Switzerland AG\",\"description\":\"Connect - Digitalize - Optimize\",\"publisher\":{\"@id\":\"https:\\\/\\\/www.novotek.com\\\/ch\\\/#organization\"},\"potentialAction\":[{\"@type\":\"SearchAction\",\"target\":{\"@type\":\"EntryPoint\",\"urlTemplate\":\"https:\\\/\\\/www.novotek.com\\\/ch\\\/?s={search_term_string}\"},\"query-input\":{\"@type\":\"PropertyValueSpecification\",\"valueRequired\":true,\"valueName\":\"search_term_string\"}}],\"inLanguage\":\"de-CH\"},{\"@type\":\"Organization\",\"@id\":\"https:\\\/\\\/www.novotek.com\\\/ch\\\/#organization\",\"name\":\"Novotek Switzerland AG\",\"url\":\"https:\\\/\\\/www.novotek.com\\\/ch\\\/\",\"logo\":{\"@type\":\"ImageObject\",\"inLanguage\":\"de-CH\",\"@id\":\"https:\\\/\\\/www.novotek.com\\\/ch\\\/#\\\/schema\\\/logo\\\/image\\\/\",\"url\":\"https:\\\/\\\/www.novotek.com\\\/ch\\\/wp-content\\\/uploads\\\/sites\\\/3\\\/novotek-symbol-rgb-pos-white-border-512x512-1.png\",\"contentUrl\":\"https:\\\/\\\/www.novotek.com\\\/ch\\\/wp-content\\\/uploads\\\/sites\\\/3\\\/novotek-symbol-rgb-pos-white-border-512x512-1.png\",\"width\":512,\"height\":512,\"caption\":\"Novotek Switzerland AG\"},\"image\":{\"@id\":\"https:\\\/\\\/www.novotek.com\\\/ch\\\/#\\\/schema\\\/logo\\\/image\\\/\"}}]}<\/script>\n<!-- \/ Yoast SEO plugin. -->","yoast_head_json":{"title":"Industriehardware - Novotek Switzerland","description":"Egal wo Sie in Ihrem Digitalisierungsprozess stehen, die Wahl der geeigneten Hardware ist dabei immer von zentraler Bedeutung.","robots":{"index":"index","follow":"follow","max-snippet":"max-snippet:-1","max-image-preview":"max-image-preview:large","max-video-preview":"max-video-preview:-1"},"canonical":"https:\/\/www.novotek.com\/ch\/hardware-industrieprozesse\/","og_locale":"de_DE","og_type":"article","og_title":"Industriehardware - Novotek Switzerland","og_description":"Egal wo Sie in Ihrem Digitalisierungsprozess stehen, die Wahl der geeigneten Hardware ist dabei immer von zentraler Bedeutung.","og_url":"https:\/\/www.novotek.com\/ch\/hardware-industrieprozesse\/","og_site_name":"Novotek CH","article_modified_time":"2025-05-23T13:07:43+00:00","og_image":[{"url":"https:\/\/www.novotek.com\/ch\/wp-content\/uploads\/sites\/3\/eXware.png.webp","type":"","width":"","height":""}],"twitter_card":"summary_large_image","twitter_misc":{"Gesch\u00e4tzte Lesezeit":"3\u00a0Minuten"},"schema":{"@context":"https:\/\/schema.org","@graph":[{"@type":"WebPage","@id":"https:\/\/www.novotek.com\/ch\/hardware-industrieprozesse\/","url":"https:\/\/www.novotek.com\/ch\/hardware-industrieprozesse\/","name":"Industriehardware - Novotek Switzerland","isPartOf":{"@id":"https:\/\/www.novotek.com\/ch\/#website"},"primaryImageOfPage":{"@id":"https:\/\/www.novotek.com\/ch\/hardware-industrieprozesse\/#primaryimage"},"image":{"@id":"https:\/\/www.novotek.com\/ch\/hardware-industrieprozesse\/#primaryimage"},"thumbnailUrl":"https:\/\/www.novotek.com\/ch\/wp-content\/uploads\/sites\/3\/eXware.png.webp","datePublished":"2022-07-15T09:12:30+00:00","dateModified":"2025-05-23T13:07:43+00:00","description":"Egal wo Sie in Ihrem Digitalisierungsprozess stehen, die Wahl der geeigneten Hardware ist dabei immer von zentraler Bedeutung.","breadcrumb":{"@id":"https:\/\/www.novotek.com\/ch\/hardware-industrieprozesse\/#breadcrumb"},"inLanguage":"de-CH","potentialAction":[{"@type":"ReadAction","target":["https:\/\/www.novotek.com\/ch\/hardware-industrieprozesse\/"]}]},{"@type":"ImageObject","inLanguage":"de-CH","@id":"https:\/\/www.novotek.com\/ch\/hardware-industrieprozesse\/#primaryimage","url":"https:\/\/www.novotek.com\/ch\/wp-content\/uploads\/sites\/3\/eXware.png.webp","contentUrl":"https:\/\/www.novotek.com\/ch\/wp-content\/uploads\/sites\/3\/eXware.png.webp","width":599,"height":661},{"@type":"BreadcrumbList","@id":"https:\/\/www.novotek.com\/ch\/hardware-industrieprozesse\/#breadcrumb","itemListElement":[{"@type":"ListItem","position":1,"name":"Home","item":"https:\/\/www.novotek.com\/ch\/"},{"@type":"ListItem","position":2,"name":"Industriehardware"}]},{"@type":"WebSite","@id":"https:\/\/www.novotek.com\/ch\/#website","url":"https:\/\/www.novotek.com\/ch\/","name":"Novotek Switzerland AG","description":"Connect - Digitalize - Optimize","publisher":{"@id":"https:\/\/www.novotek.com\/ch\/#organization"},"potentialAction":[{"@type":"SearchAction","target":{"@type":"EntryPoint","urlTemplate":"https:\/\/www.novotek.com\/ch\/?s={search_term_string}"},"query-input":{"@type":"PropertyValueSpecification","valueRequired":true,"valueName":"search_term_string"}}],"inLanguage":"de-CH"},{"@type":"Organization","@id":"https:\/\/www.novotek.com\/ch\/#organization","name":"Novotek Switzerland AG","url":"https:\/\/www.novotek.com\/ch\/","logo":{"@type":"ImageObject","inLanguage":"de-CH","@id":"https:\/\/www.novotek.com\/ch\/#\/schema\/logo\/image\/","url":"https:\/\/www.novotek.com\/ch\/wp-content\/uploads\/sites\/3\/novotek-symbol-rgb-pos-white-border-512x512-1.png","contentUrl":"https:\/\/www.novotek.com\/ch\/wp-content\/uploads\/sites\/3\/novotek-symbol-rgb-pos-white-border-512x512-1.png","width":512,"height":512,"caption":"Novotek Switzerland AG"},"image":{"@id":"https:\/\/www.novotek.com\/ch\/#\/schema\/logo\/image\/"}}]}},"_links":{"self":[{"href":"https:\/\/www.novotek.com\/ch\/wp-json\/wp\/v2\/pages\/8270","targetHints":{"allow":["GET"]}}],"collection":[{"href":"https:\/\/www.novotek.com\/ch\/wp-json\/wp\/v2\/pages"}],"about":[{"href":"https:\/\/www.novotek.com\/ch\/wp-json\/wp\/v2\/types\/page"}],"author":[{"embeddable":true,"href":"https:\/\/www.novotek.com\/ch\/wp-json\/wp\/v2\/users\/15"}],"replies":[{"embeddable":true,"href":"https:\/\/www.novotek.com\/ch\/wp-json\/wp\/v2\/comments?post=8270"}],"version-history":[{"count":86,"href":"https:\/\/www.novotek.com\/ch\/wp-json\/wp\/v2\/pages\/8270\/revisions"}],"predecessor-version":[{"id":26145,"href":"https:\/\/www.novotek.com\/ch\/wp-json\/wp\/v2\/pages\/8270\/revisions\/26145"}],"wp:attachment":[{"href":"https:\/\/www.novotek.com\/ch\/wp-json\/wp\/v2\/media?parent=8270"}],"curies":[{"name":"wp","href":"https:\/\/api.w.org\/{rel}","templated":true}]}}