{"id":8280,"date":"2022-07-15T09:20:50","date_gmt":"2022-07-15T09:20:50","guid":{"rendered":"http:\/\/ch.novotek-multi.dev4.mildmedia-dev.eu\/?page_id=8280"},"modified":"2025-07-14T13:19:59","modified_gmt":"2025-07-14T13:19:59","slug":"acron","status":"publish","type":"page","link":"https:\/\/www.novotek.com\/ch\/effiziente-produktionsdatenerfassung\/acron\/","title":{"rendered":"ACRON"},"content":{"rendered":"  <div class=\"hero\">\n    <div class=\"carousel hero-slider small\" data-flickity data-flickity-options='{\"prevNextButtons\": false}'>\n              <div class=\"carousel-cell\">\n          <div class=\"container\">\n            <div class=\"hero-content\">\n                              <h1>ACRON &#8211; aus Daten werden Informationen<\/h1>\n<p class=\"elementor-heading-title elementor-size-default\">Effizientes Erfassen, Archivieren und Auswerten von Betriebs- und Energiedaten.<\/p>\n              \n                          <\/div>\n          <\/div>\n\n          <img decoding=\"async\" width=\"1024\" height=\"427\" src=\"https:\/\/www.novotek.com\/ch\/wp-content\/uploads\/sites\/3\/Idus_Uddevalla_Energi_NEW-1024x427.jpg.webp\" class=\"hero-bg\" alt=\"Hero Img\" fetchpriority=\"high\" srcset=\"https:\/\/www.novotek.com\/ch\/wp-content\/uploads\/sites\/3\/Idus_Uddevalla_Energi_NEW-1024x427.jpg.webp 1024w, https:\/\/www.novotek.com\/ch\/wp-content\/uploads\/sites\/3\/Idus_Uddevalla_Energi_NEW-300x125.jpg.webp 300w, https:\/\/www.novotek.com\/ch\/wp-content\/uploads\/sites\/3\/Idus_Uddevalla_Energi_NEW-768x320.jpg.webp 768w, https:\/\/www.novotek.com\/ch\/wp-content\/uploads\/sites\/3\/Idus_Uddevalla_Energi_NEW-1536x640.jpg.webp 1536w, https:\/\/www.novotek.com\/ch\/wp-content\/uploads\/sites\/3\/Idus_Uddevalla_Energi_NEW.jpg.webp 1920w\" sizes=\"(max-width: 1024px) 100vw, 1024px\" \/>                  <\/div>\n          <\/div>\n\n      <\/div>\n\n   \n\n\n<div class=\"container-md heading  \">\n<h2 class=\"wp-block-heading\" id=\"h-die-archivierungs-auswertungs-reportinglosung\">Die Archivierungs-, Auswertungs- &amp; Reportingl\u00f6sung<\/h2>\n<\/div>\n\n<div class=\"container-md paragraph  \">\n<p>Mit ACRON f\u00fchren Sie alle Daten und Informationen aus Ihren Anlagen effizient zusammen und schaffen so die Grundlage f\u00fcr fundierte Auswertungs- und Analyseprozesse. Mit dem umfangreichen Funktionsumfang analysieren und optimieren Sie Ihre Anlagen und Betriebsabl\u00e4ufe pr\u00e4zise, sicher und genau. Dar\u00fcber hinaus k\u00f6nnen Sie mit ACRON s\u00e4mtliche Auswertungen und Berichte erstellen.<\/p>\n<\/div>\n\n<div class=\"container-md heading  \">\n<h3 class=\"wp-block-heading\" id=\"h-die-anwendungsmoglichkeiten\">Die Anwendungsm\u00f6glichkeiten<\/h3>\n<\/div>\n\n<div class=\"container-md paragraph  \">\n<p>ACRON ist ein herstellerneutrales Produkt, das durch seine Konzeption in fast allen Branchen einsetzbar ist. Es lassen sich nahezu alle Auswertungen und Berichte mit ACRON erstellen, sodass ein breites Einsatzgebiet f\u00fcr das Produkt besteht. Durch die Skalierbarkeit, die Client\/Server-Architektur und die Datensicherheit erf\u00fcllt ACRON die meisten Anforderungen in diesem Produktsegment.<\/p>\n<\/div>\n\n<div class=\"container media-text  alignwide\">\n<div class=\"wp-block-media-text alignwide has-media-on-the-right is-stacked-on-mobile is-vertically-aligned-center\"><div class=\"wp-block-media-text__content\"><div class=\"container-md heading  \">\n<h3 class=\"wp-block-heading\" id=\"h-die-philosophie\">Die Philosophie<\/h3>\n<\/div>\n\n<div class=\"container-md paragraph  \">\n<p>ACRON zeichnet sich durch seine intuitive Bedienung, Flexibilit\u00e4t und die schnelle Projektierung aus. Weitere Vorteile liegen in der Client\/Server-Architektur, der hohen Datensicherheit und Betriebssicherheit sowie der Skalierbarkeit. Damit einher geht eine hohe Verf\u00fcgbarkeit bei einem sehr guten Preis-Leistungs-Verh\u00e4ltnis. Als herstellerunabh\u00e4ngiges Produkt und dank seiner universellen Auslegung ist ACRON in nahezu allen Branchen einsetzbar. Anbindungen an verschiedene SCADA-Systeme sowie eine Vielzahl von Schnittstellen sind vorhanden.<\/p>\n<\/div><\/div><figure class=\"wp-block-media-text__media\"><img loading=\"lazy\" decoding=\"async\" width=\"850\" height=\"583\" src=\"https:\/\/www.novotek.com\/ch\/wp-content\/uploads\/sites\/3\/Uebersicht-Acron.jpg\" alt=\"\" class=\"wp-image-11184 size-full\" srcset=\"https:\/\/www.novotek.com\/ch\/wp-content\/uploads\/sites\/3\/Uebersicht-Acron.jpg 850w, https:\/\/www.novotek.com\/ch\/wp-content\/uploads\/sites\/3\/Uebersicht-Acron-300x206.jpg 300w, https:\/\/www.novotek.com\/ch\/wp-content\/uploads\/sites\/3\/Uebersicht-Acron-768x527.jpg 768w\" sizes=\"auto, (max-width: 850px) 100vw, 850px\" \/><\/figure><\/div>\n<\/div>\n\n<div class=\"container-md heading  \">\n<h3 class=\"wp-block-heading\" id=\"h-offenen-kommunikations-interfaces\">Offenen Kommunikations Interfaces<\/h3>\n<\/div>\n\n<div class=\"container-md paragraph  \">\n<p>Umfassende Leitsystemanbindungen, OPC, ODBC, CSV und viele herstellerspezifische SPS Protokolle stehen f\u00fcr die Datenerfassung zur Verf\u00fcgung. Auf ACRON Daten selbst kann \u00fcber die Standards ODBC und OPC UA HDA zugegriffen werden.<\/p>\n<\/div>\n\n<div class=\"container-md heading  \">\n<h3 class=\"wp-block-heading\" id=\"h-zertifizierte-daten-provider\">Zertifizierte Daten Provider<\/h3>\n<\/div>\n\n<div class=\"container-md paragraph  \">\n<p>\u00dcber 20 direkte Anbindungen an HMI\/SCADA und Leitsysteme werden zunehmend \u00fcber zertifizierte Schnittstellen realisiert (z. B. iFIX, WinCC\/PCS7, Zenon, InTouch sowie weitere).<\/p>\n<\/div>\n\n<div class=\"container-md spacer  \">\n<div style=\"height:22px\" aria-hidden=\"true\" class=\"wp-block-spacer\"><\/div>\n<\/div>\n\n<div class=\"container-md heading  \">\n<h3 class=\"wp-block-heading\" id=\"h-vorteile\">Vorteile<\/h3>\n<\/div>\n\n<div class=\"container-md list  \">\n<ul class=\"wp-block-list\"><div class=\"container-md list-item  \">\n<li>&#171;All-in-One&#187; L\u00f6sung: Aufzeichnen, Aggregieren, Analysieren und Reportieren in einem System<\/li>\n<\/div>\n\n<div class=\"container-md list-item  \">\n<li>Einfach zu erlernen und zu betreiben<\/li>\n<\/div>\n\n<div class=\"container-md list-item  \">\n<li>Offene Schnittstellen<\/li>\n<\/div>\n\n<div class=\"container-md list-item  \">\n<li>Store &amp; Forward Funktionalit\u00e4t in allen Datenprovidern zur Verhinderung von Datenverlusten<\/li>\n<\/div>\n\n<div class=\"container-md list-item  \">\n<li>Wirtschaftliche Redundanzm\u00f6glichkeit (Spiegelung der Daten)<\/li>\n<\/div>\n\n<div class=\"container-md list-item  \">\n<li>Datenaggregationen in konfigurierbare Zeitintervalle (z. B. Stunden, Tage, Monate etc.)<\/li>\n<\/div>\n\n<div class=\"container-md list-item  \">\n<li>Komplexe Rechenoperationen m\u00f6glich<\/li>\n<\/div>\n\n<div class=\"container-md list-item  \">\n<li>Ausgefeiltes Z\u00e4hlerhandling (Bei Z\u00e4hlerwechsel, \u00dcberlauf etc.)<\/li>\n<\/div>\n\n<div class=\"container-md list-item  \">\n<li>Erh\u00e4ltlich als Pharma Edition<\/li>\n<\/div>\n\n<div class=\"container-md list-item  \">\n<li>Erf\u00fcllung von gesetzlichen Vorgaben f\u00fcr verschiedenste Branchen<br>(z. B. DIN EN ISO 50001, DWA M260, A216, <strong>21 CFR Part 11<\/strong>, TA Abfall, EKVO etc.)<\/li>\n<\/div><\/ul>\n<\/div>\n\n<div class=\"container-md spacer  \">\n<div style=\"height:21px\" aria-hidden=\"true\" class=\"wp-block-spacer\"><\/div>\n<\/div>\n\n  <div class=\"slider-column-parent\">\n    <div class=\"container\">\n      <div class=\"slider-column-title\">Mehr \u00fcber ACRON<\/div>\n\n      <div class=\"slider-column\">\n        <div class=\"slider-cell carousel-cell large\"><div class=\"column-box\">\n      <div class=\"icon \">\n      <img loading=\"lazy\" decoding=\"async\" width=\"150\" height=\"150\" src=\"https:\/\/www.novotek.com\/ch\/wp-content\/uploads\/sites\/3\/Icon_DataSheet-150x150.png.webp\" class=\"attachment-thumbnail size-thumbnail\" alt=\"\" srcset=\"https:\/\/www.novotek.com\/ch\/wp-content\/uploads\/sites\/3\/Icon_DataSheet-150x150.png.webp 150w, https:\/\/www.novotek.com\/ch\/wp-content\/uploads\/sites\/3\/Icon_DataSheet-300x300.png.webp 300w, https:\/\/www.novotek.com\/ch\/wp-content\/uploads\/sites\/3\/Icon_DataSheet.png 500w\" sizes=\"auto, (max-width: 150px) 100vw, 150px\" \/>    <\/div>\n  \n      <div class=\"title\">\n      Datasheet    <\/div>\n  \n      <div class=\"text\">\n      <p><strong>Historian, Analyse, Berichte<\/strong><br \/>\nAus Daten werden Informationen<\/p>\n    <\/div>\n  \n      <a class=\"link\"  href=\"https:\/\/www.novotek.com\/ch\/wp-content\/uploads\/sites\/3\/acron-de-1.pdf\" target=\"_blank\">\n      Datasheet ACRON    <\/a>\n  \n  <\/div>\n\n<\/div>      <\/div>\n    <\/div>\n  <\/div>\n\n\n<div class=\"cta-block\">\n  <div class=\"container\">\n          <h2><\/br>Haben Sie Fragen?<\/h2>\n    \n          <div><p>Wir erz\u00e4hlen Ihnen gerne mehr \u00fcber ACRON<br \/>\nund wie sie die clevere L\u00f6sung erfolgreich<br \/>\nin Ihrer Anlage einsetzen k\u00f6nnen.<\/p>\n<\/div>\n    \n          <a class=\"btn btn-primary\" href=\"https:\/\/www.novotek.com\/ch\/kontakt\/\">Kontaktieren Sie uns<\/a>\n      <\/div>\n<\/div>\n\n\n<div class=\"container-md spacer  \">\n<div style=\"height:20px\" aria-hidden=\"true\" class=\"wp-block-spacer\"><\/div>\n<\/div>","protected":false},"excerpt":{"rendered":"<p>Eine L\u00f6sung zur Archivierung und Auswertung verdichteter Betriebsdaten \u2013 geeignet f\u00fcr Berichte, Nachweise und die langfristige Dokumentation im Produktionsumfeld.<\/p>\n","protected":false},"author":35,"featured_media":0,"parent":8190,"menu_order":3,"comment_status":"closed","ping_status":"closed","template":"","meta":{"_acf_changed":false,"_relevanssi_hide_post":"","_relevanssi_pin_for_all":"","_relevanssi_pin_keywords":"","_relevanssi_unpin_keywords":"","_relevanssi_related_keywords":"","_relevanssi_related_include_ids":"","_relevanssi_related_exclude_ids":"","_relevanssi_related_no_append":"","_relevanssi_related_not_related":"","_relevanssi_related_posts":"3208,4907,3216,3200,3195,3220","_relevanssi_noindex_reason":"","content-type":"","footnotes":""},"class_list":["post-8280","page","type-page","status-publish","hentry"],"acf":[],"yoast_head":"<!-- This site is optimized with the Yoast SEO plugin v27.4 - https:\/\/yoast.com\/product\/yoast-seo-wordpress\/ -->\n<title>ACRON - Novotek CH<\/title>\n<meta name=\"description\" content=\"Effizientes Erfassen, Archivieren und Auswerten von Betriebs- und Energiedaten.\" \/>\n<meta name=\"robots\" content=\"index, follow, max-snippet:-1, max-image-preview:large, max-video-preview:-1\" \/>\n<link rel=\"canonical\" href=\"https:\/\/www.novotek.com\/ch\/effiziente-produktionsdatenerfassung\/acron\/\" \/>\n<meta property=\"og:locale\" content=\"de_DE\" \/>\n<meta property=\"og:type\" content=\"article\" \/>\n<meta property=\"og:title\" content=\"ACRON - Novotek CH\" \/>\n<meta property=\"og:description\" content=\"Effizientes Erfassen, Archivieren und Auswerten von Betriebs- und Energiedaten.\" \/>\n<meta property=\"og:url\" content=\"https:\/\/www.novotek.com\/ch\/effiziente-produktionsdatenerfassung\/acron\/\" \/>\n<meta property=\"og:site_name\" content=\"Novotek CH\" \/>\n<meta property=\"article:modified_time\" content=\"2025-07-14T13:19:59+00:00\" \/>\n<meta property=\"og:image\" content=\"https:\/\/www.novotek.com\/ch\/wp-content\/uploads\/sites\/3\/Uebersicht-Acron.jpg\" \/>\n<meta name=\"twitter:card\" content=\"summary_large_image\" \/>\n<meta name=\"twitter:label1\" content=\"Gesch\u00e4tzte Lesezeit\" \/>\n\t<meta name=\"twitter:data1\" content=\"2\u00a0Minuten\" \/>\n<script type=\"application\/ld+json\" class=\"yoast-schema-graph\">{\"@context\":\"https:\\\/\\\/schema.org\",\"@graph\":[{\"@type\":\"WebPage\",\"@id\":\"https:\\\/\\\/www.novotek.com\\\/ch\\\/effiziente-produktionsdatenerfassung\\\/acron\\\/\",\"url\":\"https:\\\/\\\/www.novotek.com\\\/ch\\\/effiziente-produktionsdatenerfassung\\\/acron\\\/\",\"name\":\"ACRON - Novotek CH\",\"isPartOf\":{\"@id\":\"https:\\\/\\\/www.novotek.com\\\/ch\\\/#website\"},\"primaryImageOfPage\":{\"@id\":\"https:\\\/\\\/www.novotek.com\\\/ch\\\/effiziente-produktionsdatenerfassung\\\/acron\\\/#primaryimage\"},\"image\":{\"@id\":\"https:\\\/\\\/www.novotek.com\\\/ch\\\/effiziente-produktionsdatenerfassung\\\/acron\\\/#primaryimage\"},\"thumbnailUrl\":\"https:\\\/\\\/www.novotek.com\\\/ch\\\/wp-content\\\/uploads\\\/sites\\\/3\\\/Uebersicht-Acron.jpg\",\"datePublished\":\"2022-07-15T09:20:50+00:00\",\"dateModified\":\"2025-07-14T13:19:59+00:00\",\"description\":\"Effizientes Erfassen, Archivieren und Auswerten von Betriebs- und Energiedaten.\",\"breadcrumb\":{\"@id\":\"https:\\\/\\\/www.novotek.com\\\/ch\\\/effiziente-produktionsdatenerfassung\\\/acron\\\/#breadcrumb\"},\"inLanguage\":\"de-CH\",\"potentialAction\":[{\"@type\":\"ReadAction\",\"target\":[\"https:\\\/\\\/www.novotek.com\\\/ch\\\/effiziente-produktionsdatenerfassung\\\/acron\\\/\"]}]},{\"@type\":\"ImageObject\",\"inLanguage\":\"de-CH\",\"@id\":\"https:\\\/\\\/www.novotek.com\\\/ch\\\/effiziente-produktionsdatenerfassung\\\/acron\\\/#primaryimage\",\"url\":\"https:\\\/\\\/www.novotek.com\\\/ch\\\/wp-content\\\/uploads\\\/sites\\\/3\\\/Uebersicht-Acron.jpg.webp\",\"contentUrl\":\"https:\\\/\\\/www.novotek.com\\\/ch\\\/wp-content\\\/uploads\\\/sites\\\/3\\\/Uebersicht-Acron.jpg.webp\",\"width\":850,\"height\":583},{\"@type\":\"BreadcrumbList\",\"@id\":\"https:\\\/\\\/www.novotek.com\\\/ch\\\/effiziente-produktionsdatenerfassung\\\/acron\\\/#breadcrumb\",\"itemListElement\":[{\"@type\":\"ListItem\",\"position\":1,\"name\":\"Home\",\"item\":\"https:\\\/\\\/www.novotek.com\\\/ch\\\/\"},{\"@type\":\"ListItem\",\"position\":2,\"name\":\"Datenerfassung\",\"item\":\"https:\\\/\\\/www.novotek.com\\\/ch\\\/effiziente-produktionsdatenerfassung\\\/\"},{\"@type\":\"ListItem\",\"position\":3,\"name\":\"ACRON\"}]},{\"@type\":\"WebSite\",\"@id\":\"https:\\\/\\\/www.novotek.com\\\/ch\\\/#website\",\"url\":\"https:\\\/\\\/www.novotek.com\\\/ch\\\/\",\"name\":\"Novotek Switzerland AG\",\"description\":\"Connect - Digitalize - Optimize\",\"publisher\":{\"@id\":\"https:\\\/\\\/www.novotek.com\\\/ch\\\/#organization\"},\"potentialAction\":[{\"@type\":\"SearchAction\",\"target\":{\"@type\":\"EntryPoint\",\"urlTemplate\":\"https:\\\/\\\/www.novotek.com\\\/ch\\\/?s={search_term_string}\"},\"query-input\":{\"@type\":\"PropertyValueSpecification\",\"valueRequired\":true,\"valueName\":\"search_term_string\"}}],\"inLanguage\":\"de-CH\"},{\"@type\":\"Organization\",\"@id\":\"https:\\\/\\\/www.novotek.com\\\/ch\\\/#organization\",\"name\":\"Novotek Switzerland AG\",\"url\":\"https:\\\/\\\/www.novotek.com\\\/ch\\\/\",\"logo\":{\"@type\":\"ImageObject\",\"inLanguage\":\"de-CH\",\"@id\":\"https:\\\/\\\/www.novotek.com\\\/ch\\\/#\\\/schema\\\/logo\\\/image\\\/\",\"url\":\"https:\\\/\\\/www.novotek.com\\\/ch\\\/wp-content\\\/uploads\\\/sites\\\/3\\\/novotek-symbol-rgb-pos-white-border-512x512-1.png\",\"contentUrl\":\"https:\\\/\\\/www.novotek.com\\\/ch\\\/wp-content\\\/uploads\\\/sites\\\/3\\\/novotek-symbol-rgb-pos-white-border-512x512-1.png\",\"width\":512,\"height\":512,\"caption\":\"Novotek Switzerland AG\"},\"image\":{\"@id\":\"https:\\\/\\\/www.novotek.com\\\/ch\\\/#\\\/schema\\\/logo\\\/image\\\/\"}}]}<\/script>\n<!-- \/ Yoast SEO plugin. -->","yoast_head_json":{"title":"ACRON - Novotek CH","description":"Effizientes Erfassen, Archivieren und Auswerten von Betriebs- und Energiedaten.","robots":{"index":"index","follow":"follow","max-snippet":"max-snippet:-1","max-image-preview":"max-image-preview:large","max-video-preview":"max-video-preview:-1"},"canonical":"https:\/\/www.novotek.com\/ch\/effiziente-produktionsdatenerfassung\/acron\/","og_locale":"de_DE","og_type":"article","og_title":"ACRON - Novotek CH","og_description":"Effizientes Erfassen, Archivieren und Auswerten von Betriebs- und Energiedaten.","og_url":"https:\/\/www.novotek.com\/ch\/effiziente-produktionsdatenerfassung\/acron\/","og_site_name":"Novotek CH","article_modified_time":"2025-07-14T13:19:59+00:00","og_image":[{"url":"https:\/\/www.novotek.com\/ch\/wp-content\/uploads\/sites\/3\/Uebersicht-Acron.jpg","type":"","width":"","height":""}],"twitter_card":"summary_large_image","twitter_misc":{"Gesch\u00e4tzte Lesezeit":"2\u00a0Minuten"},"schema":{"@context":"https:\/\/schema.org","@graph":[{"@type":"WebPage","@id":"https:\/\/www.novotek.com\/ch\/effiziente-produktionsdatenerfassung\/acron\/","url":"https:\/\/www.novotek.com\/ch\/effiziente-produktionsdatenerfassung\/acron\/","name":"ACRON - Novotek CH","isPartOf":{"@id":"https:\/\/www.novotek.com\/ch\/#website"},"primaryImageOfPage":{"@id":"https:\/\/www.novotek.com\/ch\/effiziente-produktionsdatenerfassung\/acron\/#primaryimage"},"image":{"@id":"https:\/\/www.novotek.com\/ch\/effiziente-produktionsdatenerfassung\/acron\/#primaryimage"},"thumbnailUrl":"https:\/\/www.novotek.com\/ch\/wp-content\/uploads\/sites\/3\/Uebersicht-Acron.jpg","datePublished":"2022-07-15T09:20:50+00:00","dateModified":"2025-07-14T13:19:59+00:00","description":"Effizientes Erfassen, Archivieren und Auswerten von Betriebs- und Energiedaten.","breadcrumb":{"@id":"https:\/\/www.novotek.com\/ch\/effiziente-produktionsdatenerfassung\/acron\/#breadcrumb"},"inLanguage":"de-CH","potentialAction":[{"@type":"ReadAction","target":["https:\/\/www.novotek.com\/ch\/effiziente-produktionsdatenerfassung\/acron\/"]}]},{"@type":"ImageObject","inLanguage":"de-CH","@id":"https:\/\/www.novotek.com\/ch\/effiziente-produktionsdatenerfassung\/acron\/#primaryimage","url":"https:\/\/www.novotek.com\/ch\/wp-content\/uploads\/sites\/3\/Uebersicht-Acron.jpg.webp","contentUrl":"https:\/\/www.novotek.com\/ch\/wp-content\/uploads\/sites\/3\/Uebersicht-Acron.jpg.webp","width":850,"height":583},{"@type":"BreadcrumbList","@id":"https:\/\/www.novotek.com\/ch\/effiziente-produktionsdatenerfassung\/acron\/#breadcrumb","itemListElement":[{"@type":"ListItem","position":1,"name":"Home","item":"https:\/\/www.novotek.com\/ch\/"},{"@type":"ListItem","position":2,"name":"Datenerfassung","item":"https:\/\/www.novotek.com\/ch\/effiziente-produktionsdatenerfassung\/"},{"@type":"ListItem","position":3,"name":"ACRON"}]},{"@type":"WebSite","@id":"https:\/\/www.novotek.com\/ch\/#website","url":"https:\/\/www.novotek.com\/ch\/","name":"Novotek Switzerland AG","description":"Connect - Digitalize - Optimize","publisher":{"@id":"https:\/\/www.novotek.com\/ch\/#organization"},"potentialAction":[{"@type":"SearchAction","target":{"@type":"EntryPoint","urlTemplate":"https:\/\/www.novotek.com\/ch\/?s={search_term_string}"},"query-input":{"@type":"PropertyValueSpecification","valueRequired":true,"valueName":"search_term_string"}}],"inLanguage":"de-CH"},{"@type":"Organization","@id":"https:\/\/www.novotek.com\/ch\/#organization","name":"Novotek Switzerland AG","url":"https:\/\/www.novotek.com\/ch\/","logo":{"@type":"ImageObject","inLanguage":"de-CH","@id":"https:\/\/www.novotek.com\/ch\/#\/schema\/logo\/image\/","url":"https:\/\/www.novotek.com\/ch\/wp-content\/uploads\/sites\/3\/novotek-symbol-rgb-pos-white-border-512x512-1.png","contentUrl":"https:\/\/www.novotek.com\/ch\/wp-content\/uploads\/sites\/3\/novotek-symbol-rgb-pos-white-border-512x512-1.png","width":512,"height":512,"caption":"Novotek Switzerland AG"},"image":{"@id":"https:\/\/www.novotek.com\/ch\/#\/schema\/logo\/image\/"}}]}},"_links":{"self":[{"href":"https:\/\/www.novotek.com\/ch\/wp-json\/wp\/v2\/pages\/8280","targetHints":{"allow":["GET"]}}],"collection":[{"href":"https:\/\/www.novotek.com\/ch\/wp-json\/wp\/v2\/pages"}],"about":[{"href":"https:\/\/www.novotek.com\/ch\/wp-json\/wp\/v2\/types\/page"}],"author":[{"embeddable":true,"href":"https:\/\/www.novotek.com\/ch\/wp-json\/wp\/v2\/users\/35"}],"replies":[{"embeddable":true,"href":"https:\/\/www.novotek.com\/ch\/wp-json\/wp\/v2\/comments?post=8280"}],"version-history":[{"count":40,"href":"https:\/\/www.novotek.com\/ch\/wp-json\/wp\/v2\/pages\/8280\/revisions"}],"predecessor-version":[{"id":27077,"href":"https:\/\/www.novotek.com\/ch\/wp-json\/wp\/v2\/pages\/8280\/revisions\/27077"}],"up":[{"embeddable":true,"href":"https:\/\/www.novotek.com\/ch\/wp-json\/wp\/v2\/pages\/8190"}],"wp:attachment":[{"href":"https:\/\/www.novotek.com\/ch\/wp-json\/wp\/v2\/media?parent=8280"}],"curies":[{"name":"wp","href":"https:\/\/api.w.org\/{rel}","templated":true}]}}