{"id":8364,"date":"2022-07-15T11:19:36","date_gmt":"2022-07-15T11:19:36","guid":{"rendered":"http:\/\/ch.novotek-multi.dev4.mildmedia-dev.eu\/?page_id=8364"},"modified":"2025-10-21T12:03:58","modified_gmt":"2025-10-21T12:03:58","slug":"loesungen-produkte2","status":"publish","type":"page","link":"https:\/\/www.novotek.com\/ch\/loesungen-produkte2\/","title":{"rendered":"L&ouml;sungen und Produkte"},"content":{"rendered":"  <div class=\"hero\">\n    <div class=\"carousel hero-slider small\" data-flickity data-flickity-options='{\"prevNextButtons\": false}'>\n              <div class=\"carousel-cell\">\n          <div class=\"container\">\n            <div class=\"hero-content\">\n                              <h1>L\u00f6sungen und Produkte<\/h1>\n<p>Ein komplettes L\u00f6sungsangebot basierend auf mehrfach erprobten Standardprodukten zur Visualisierung, Steuerung, Digitalisierung und Optimierung Ihres Produktionsprozesses.<\/p>\n              \n                          <\/div>\n          <\/div>\n\n          <img decoding=\"async\" width=\"1024\" height=\"427\" src=\"https:\/\/www.novotek.com\/ch\/wp-content\/uploads\/sites\/3\/Novotek_solutions_and_products_header_1920x800px_NEW-1024x427.jpg.webp\" class=\"hero-bg\" alt=\"Hero Img\" fetchpriority=\"high\" srcset=\"https:\/\/www.novotek.com\/ch\/wp-content\/uploads\/sites\/3\/Novotek_solutions_and_products_header_1920x800px_NEW-1024x427.jpg.webp 1024w, https:\/\/www.novotek.com\/ch\/wp-content\/uploads\/sites\/3\/Novotek_solutions_and_products_header_1920x800px_NEW-300x125.jpg.webp 300w, https:\/\/www.novotek.com\/ch\/wp-content\/uploads\/sites\/3\/Novotek_solutions_and_products_header_1920x800px_NEW-768x320.jpg.webp 768w, https:\/\/www.novotek.com\/ch\/wp-content\/uploads\/sites\/3\/Novotek_solutions_and_products_header_1920x800px_NEW-1536x640.jpg.webp 1536w, https:\/\/www.novotek.com\/ch\/wp-content\/uploads\/sites\/3\/Novotek_solutions_and_products_header_1920x800px_NEW.jpg.webp 1920w\" sizes=\"(max-width: 1024px) 100vw, 1024px\" \/>                  <\/div>\n          <\/div>\n\n      <\/div>\n\n   \n\n\n<div class=\"container-md spacer  \">\n<div style=\"height:30px\" aria-hidden=\"true\" class=\"wp-block-spacer\"><\/div>\n<\/div>\n\n<div class=\"posts-columns \">\n  <div class=\"container\">\n  <div class=\"row\">\n    <div class=\"col-12 col-md-4\">\n<article class=\"basic \">\n    <div class=\"image\">\n      <a href=\"https:\/\/www.novotek.com\/ch\/ot-it-cloud-konnektivitaet-dataops\/\">\n                  <img loading=\"lazy\" decoding=\"async\" width=\"306\" height=\"128\" src=\"https:\/\/www.novotek.com\/ch\/wp-content\/uploads\/sites\/3\/Novotek_Industrial_IoT_header_1920x800px_NEW.jpg.webp\" class=\"attachment-sm size-sm\" alt=\"Konnektivit\u00e4t\" srcset=\"https:\/\/www.novotek.com\/ch\/wp-content\/uploads\/sites\/3\/Novotek_Industrial_IoT_header_1920x800px_NEW.jpg.webp 1920w, https:\/\/www.novotek.com\/ch\/wp-content\/uploads\/sites\/3\/Novotek_Industrial_IoT_header_1920x800px_NEW-300x125.jpg.webp 300w, https:\/\/www.novotek.com\/ch\/wp-content\/uploads\/sites\/3\/Novotek_Industrial_IoT_header_1920x800px_NEW-1024x427.jpg.webp 1024w, https:\/\/www.novotek.com\/ch\/wp-content\/uploads\/sites\/3\/Novotek_Industrial_IoT_header_1920x800px_NEW-768x320.jpg.webp 768w, https:\/\/www.novotek.com\/ch\/wp-content\/uploads\/sites\/3\/Novotek_Industrial_IoT_header_1920x800px_NEW-1536x640.jpg.webp 1536w\" sizes=\"auto, (max-width: 306px) 100vw, 306px\" \/>              <\/a>\n    <\/div>\n\n    <div>\n              <h4>Konnektivit\u00e4t<\/h4>\n      \n              <p>Korrekte Daten und robuste Verbindungen sind die Grundlage jeder erfolgreichen Digitalisierung. Mit unseren Standardprodukten verbinden wir OT &#8211; IT und Cloud Systeme.<\/p>\n      \n      <div>\n        <a href=\"https:\/\/www.novotek.com\/ch\/ot-it-cloud-konnektivitaet-dataops\/\">\n          weiterlesen        <\/a>\n      <\/div>\n    <\/div>\n<\/article>\n<\/div><div class=\"col-12 col-md-4\">\n<article class=\"basic \">\n    <div class=\"image\">\n      <a href=\"https:\/\/www.novotek.com\/ch\/effiziente-produktionsdatenerfassung\/\">\n                  <img loading=\"lazy\" decoding=\"async\" width=\"306\" height=\"128\" src=\"https:\/\/www.novotek.com\/ch\/wp-content\/uploads\/sites\/3\/Produktionsdatenerfassung_1920x800px.jpg.webp\" class=\"attachment-sm size-sm\" alt=\"Datenerfassung\" srcset=\"https:\/\/www.novotek.com\/ch\/wp-content\/uploads\/sites\/3\/Produktionsdatenerfassung_1920x800px.jpg.webp 1920w, https:\/\/www.novotek.com\/ch\/wp-content\/uploads\/sites\/3\/Produktionsdatenerfassung_1920x800px-300x125.jpg.webp 300w, https:\/\/www.novotek.com\/ch\/wp-content\/uploads\/sites\/3\/Produktionsdatenerfassung_1920x800px-1024x427.jpg.webp 1024w, https:\/\/www.novotek.com\/ch\/wp-content\/uploads\/sites\/3\/Produktionsdatenerfassung_1920x800px-768x320.jpg.webp 768w, https:\/\/www.novotek.com\/ch\/wp-content\/uploads\/sites\/3\/Produktionsdatenerfassung_1920x800px-1536x640.jpg.webp 1536w\" sizes=\"auto, (max-width: 306px) 100vw, 306px\" \/>              <\/a>\n    <\/div>\n\n    <div>\n              <h4>Datenerfassung<\/h4>\n      \n              <p>Gewinnen Sie Wissen aus Ihren Daten! Aufgezeichnete Prozessdaten bilden die Basis f\u00fcr Qualit\u00e4tsnachweise, Auswertungen und fundierte Analysen.<\/p>\n      \n      <div>\n        <a href=\"https:\/\/www.novotek.com\/ch\/effiziente-produktionsdatenerfassung\/\">\n          weiterlesen        <\/a>\n      <\/div>\n    <\/div>\n<\/article>\n<\/div><div class=\"col-12 col-md-4\">\n<article class=\"basic \">\n    <div class=\"image\">\n      <a href=\"https:\/\/www.novotek.com\/ch\/hmi-scada\/\">\n                  <img loading=\"lazy\" decoding=\"async\" width=\"306\" height=\"234\" src=\"https:\/\/www.novotek.com\/ch\/wp-content\/uploads\/sites\/3\/effizienter-produzieren-Produktionsplanung-392x300-1-306x234.jpg.webp\" class=\"attachment-sm size-sm\" alt=\"\" srcset=\"https:\/\/www.novotek.com\/ch\/wp-content\/uploads\/sites\/3\/effizienter-produzieren-Produktionsplanung-392x300-1-306x234.jpg.webp 306w, https:\/\/www.novotek.com\/ch\/wp-content\/uploads\/sites\/3\/effizienter-produzieren-Produktionsplanung-392x300-1-300x230.jpg.webp 300w, https:\/\/www.novotek.com\/ch\/wp-content\/uploads\/sites\/3\/effizienter-produzieren-Produktionsplanung-392x300-1-768x588.jpg.webp 768w, https:\/\/www.novotek.com\/ch\/wp-content\/uploads\/sites\/3\/effizienter-produzieren-Produktionsplanung-392x300-1-86x66.jpg.webp 86w, https:\/\/www.novotek.com\/ch\/wp-content\/uploads\/sites\/3\/effizienter-produzieren-Produktionsplanung-392x300-1-636x487.jpg.webp 636w, https:\/\/www.novotek.com\/ch\/wp-content\/uploads\/sites\/3\/effizienter-produzieren-Produktionsplanung-392x300-1.jpg.webp 784w\" sizes=\"auto, (max-width: 306px) 100vw, 306px\" \/>              <\/a>\n    <\/div>\n\n    <div>\n              <h4>HMI \/ SCADA<\/h4>\n      \n              <p>Alles unter Kontrolle! Ein HMI\/SCADA System verschafft Ihnen den \u00dcberblick und die Kontrolle \u00fcber die gesamten Produktionsanlagen und Prozesse.<\/p>\n      \n      <div>\n        <a href=\"https:\/\/www.novotek.com\/ch\/hmi-scada\/\">\n          weiterlesen        <\/a>\n      <\/div>\n    <\/div>\n<\/article>\n<\/div><div class=\"col-12 col-md-4\">\n<article class=\"basic \">\n    <div class=\"image\">\n      <a href=\"https:\/\/www.novotek.com\/ch\/produktionsreporting\/\">\n                  <img loading=\"lazy\" decoding=\"async\" width=\"306\" height=\"204\" src=\"https:\/\/www.novotek.com\/ch\/wp-content\/uploads\/sites\/3\/Data_collection_duotone_1200x800-1024x684-1.jpg.webp\" class=\"attachment-sm size-sm\" alt=\"Dashboard Reporting\" srcset=\"https:\/\/www.novotek.com\/ch\/wp-content\/uploads\/sites\/3\/Data_collection_duotone_1200x800-1024x684-1.jpg.webp 1024w, https:\/\/www.novotek.com\/ch\/wp-content\/uploads\/sites\/3\/Data_collection_duotone_1200x800-1024x684-1-300x200.jpg.webp 300w, https:\/\/www.novotek.com\/ch\/wp-content\/uploads\/sites\/3\/Data_collection_duotone_1200x800-1024x684-1-768x513.jpg.webp 768w\" sizes=\"auto, (max-width: 306px) 100vw, 306px\" \/>              <\/a>\n    <\/div>\n\n    <div>\n              <h4>Dashboard Reporting<\/h4>\n      \n              <p>Business Intelligence &#8211; Informationen und Analysen unterst\u00fctzen Sie bei der Dokumentierung und Optimierung Ihrer Prozesse. Mit aussagekr\u00e4ftigen Informationen zum richtigen Zeitpunkt treffen Sie wichtige Entscheidungen effizient und zielgerichtet.<\/p>\n      \n      <div>\n        <a href=\"https:\/\/www.novotek.com\/ch\/produktionsreporting\/\">\n          weiterlesen        <\/a>\n      <\/div>\n    <\/div>\n<\/article>\n<\/div><div class=\"col-12 col-md-4\">\n<article class=\"basic \">\n    <div class=\"image\">\n      <a href=\"https:\/\/www.novotek.com\/ch\/ot-security-sicherheit-fuer-industrielle-unternehmen\/\">\n                  <img loading=\"lazy\" decoding=\"async\" width=\"817\" height=\"625\" src=\"https:\/\/www.novotek.com\/ch\/wp-content\/uploads\/sites\/3\/website-protect-ot-security-392x300-1.jpg.webp\" class=\"attachment-post-thumbnail size-post-thumbnail wp-post-image\" alt=\"\" srcset=\"https:\/\/www.novotek.com\/ch\/wp-content\/uploads\/sites\/3\/website-protect-ot-security-392x300-1.jpg.webp 817w, https:\/\/www.novotek.com\/ch\/wp-content\/uploads\/sites\/3\/website-protect-ot-security-392x300-1-300x229.jpg.webp 300w, https:\/\/www.novotek.com\/ch\/wp-content\/uploads\/sites\/3\/website-protect-ot-security-392x300-1-768x588.jpg.webp 768w, https:\/\/www.novotek.com\/ch\/wp-content\/uploads\/sites\/3\/website-protect-ot-security-392x300-1-86x66.jpg.webp 86w, https:\/\/www.novotek.com\/ch\/wp-content\/uploads\/sites\/3\/website-protect-ot-security-392x300-1-306x234.jpg.webp 306w, https:\/\/www.novotek.com\/ch\/wp-content\/uploads\/sites\/3\/website-protect-ot-security-392x300-1-636x487.jpg.webp 636w\" sizes=\"auto, (max-width: 817px) 100vw, 817px\" \/>              <\/a>\n    <\/div>\n\n    <div>\n              <h4>OT Security &#8211; Sicherheit f\u00fcr industrielle Unternehmen<\/h4>\n      \n              <p>Was genau ist OT-Sicherheit und warum ist sie f\u00fcr Ihr Unternehmen unverzichtbar? Erfahren Sie, wie diese spezielle Form der Cybersecurity Ihre produktionskritischen Systeme vor einer Vielzahl an Bedrohungen sch\u00fctzt und gleichzeitig die Effizienz und Zuverl\u00e4ssigkeit Ihrer operativen Technologien steigert.<\/p>\n      \n      <div>\n        <a href=\"https:\/\/www.novotek.com\/ch\/ot-security-sicherheit-fuer-industrielle-unternehmen\/\">\n          weiterlesen        <\/a>\n      <\/div>\n    <\/div>\n<\/article>\n<\/div><div class=\"col-12 col-md-4\">\n<article class=\"basic \">\n    <div class=\"image\">\n      <a href=\"https:\/\/www.novotek.com\/ch\/versionskontrolle\/\">\n                  <img loading=\"lazy\" decoding=\"async\" width=\"306\" height=\"128\" src=\"https:\/\/www.novotek.com\/ch\/wp-content\/uploads\/sites\/3\/Wiring_header_1920x800.jpg.webp\" class=\"attachment-sm size-sm\" alt=\"Versionierung\" srcset=\"https:\/\/www.novotek.com\/ch\/wp-content\/uploads\/sites\/3\/Wiring_header_1920x800.jpg.webp 1920w, https:\/\/www.novotek.com\/ch\/wp-content\/uploads\/sites\/3\/Wiring_header_1920x800-300x125.jpg.webp 300w, https:\/\/www.novotek.com\/ch\/wp-content\/uploads\/sites\/3\/Wiring_header_1920x800-1024x427.jpg.webp 1024w, https:\/\/www.novotek.com\/ch\/wp-content\/uploads\/sites\/3\/Wiring_header_1920x800-768x320.jpg.webp 768w, https:\/\/www.novotek.com\/ch\/wp-content\/uploads\/sites\/3\/Wiring_header_1920x800-1536x640.jpg.webp 1536w\" sizes=\"auto, (max-width: 306px) 100vw, 306px\" \/>              <\/a>\n    <\/div>\n\n    <div>\n              <h4>Versionierung<\/h4>\n      \n              <p>Volle Transparenz in der Produktion!\u00a0 Mit einer optimalen Versionskontrolle habe Sie die Ver\u00e4nderungen und Risiken Ihrer Steuerungssysteme immer im Blick und vermeiden so teure Ausfallzeiten.<\/p>\n      \n      <div>\n        <a href=\"https:\/\/www.novotek.com\/ch\/versionskontrolle\/\">\n          weiterlesen        <\/a>\n      <\/div>\n    <\/div>\n<\/article>\n<\/div><div class=\"col-12 col-md-4\">\n<article class=\"basic \">\n    <div class=\"image\">\n      <a href=\"https:\/\/www.novotek.com\/ch\/smart-factory-mes\/\">\n                  <img loading=\"lazy\" decoding=\"async\" width=\"306\" height=\"128\" src=\"https:\/\/www.novotek.com\/ch\/wp-content\/uploads\/sites\/3\/Novotek_MES_tank_duotone_1920x800.jpg.webp\" class=\"attachment-sm size-sm\" alt=\"Smart Factory\" srcset=\"https:\/\/www.novotek.com\/ch\/wp-content\/uploads\/sites\/3\/Novotek_MES_tank_duotone_1920x800.jpg.webp 1920w, https:\/\/www.novotek.com\/ch\/wp-content\/uploads\/sites\/3\/Novotek_MES_tank_duotone_1920x800-300x125.jpg.webp 300w, https:\/\/www.novotek.com\/ch\/wp-content\/uploads\/sites\/3\/Novotek_MES_tank_duotone_1920x800-1024x427.jpg.webp 1024w, https:\/\/www.novotek.com\/ch\/wp-content\/uploads\/sites\/3\/Novotek_MES_tank_duotone_1920x800-768x320.jpg.webp 768w, https:\/\/www.novotek.com\/ch\/wp-content\/uploads\/sites\/3\/Novotek_MES_tank_duotone_1920x800-1536x640.jpg.webp 1536w\" sizes=\"auto, (max-width: 306px) 100vw, 306px\" \/>              <\/a>\n    <\/div>\n\n    <div>\n              <h4>Smart Factory \/ MES Systeme<\/h4>\n      \n              <p>Das Produktionsleitsystem f\u00fcr vernetzte Unternehmen. MES-L\u00f6sungen verschaffen Ihnen einen vollst\u00e4ndigen \u00dcberblick und eine bessere Kontrolle \u00fcber die gesamte Produktion.<\/p>\n      \n      <div>\n        <a href=\"https:\/\/www.novotek.com\/ch\/smart-factory-mes\/\">\n          weiterlesen        <\/a>\n      <\/div>\n    <\/div>\n<\/article>\n<\/div><div class=\"col-12 col-md-4\">\n<article class=\"basic \">\n    <div class=\"image\">\n      <a href=\"https:\/\/www.novotek.com\/ch\/anlagen-prozessoptimierung\/\">\n                  <img loading=\"lazy\" decoding=\"async\" width=\"300\" height=\"125\" src=\"https:\/\/www.novotek.com\/ch\/wp-content\/uploads\/sites\/3\/Industrial-IoT-Novotek-.jpg.webp\" class=\"attachment-sm size-sm\" alt=\"Industrie Analytics\" \/>              <\/a>\n    <\/div>\n\n    <div>\n              <h4>Industrie Analytics<\/h4>\n      \n              <p>Analytics ist einer der wichtigsten Beschleuniger der Digitalisierung. Das Erkennen von Mustern und Trends in historischen Daten, kombiniert mit den richtigen Algorithmen, erm\u00f6glicht Prognosen f\u00fcr die Verbesserung von Prozessen und die Optimierung von Industrieanlagen.<\/p>\n      \n      <div>\n        <a href=\"https:\/\/www.novotek.com\/ch\/anlagen-prozessoptimierung\/\">\n          weiterlesen        <\/a>\n      <\/div>\n    <\/div>\n<\/article>\n<\/div><div class=\"col-12 col-md-4\">\n<article class=\"basic \">\n    <div class=\"image\">\n      <a href=\"https:\/\/www.novotek.com\/ch\/hardware-industrieprozesse\/\">\n                  <img loading=\"lazy\" decoding=\"async\" width=\"306\" height=\"128\" src=\"https:\/\/www.novotek.com\/ch\/wp-content\/uploads\/sites\/3\/Novotek_industriehardware_duotone_1920x800.jpg.webp\" class=\"attachment-sm size-sm\" alt=\"Industriehardware\" srcset=\"https:\/\/www.novotek.com\/ch\/wp-content\/uploads\/sites\/3\/Novotek_industriehardware_duotone_1920x800.jpg.webp 1920w, https:\/\/www.novotek.com\/ch\/wp-content\/uploads\/sites\/3\/Novotek_industriehardware_duotone_1920x800-300x125.jpg.webp 300w, https:\/\/www.novotek.com\/ch\/wp-content\/uploads\/sites\/3\/Novotek_industriehardware_duotone_1920x800-1024x427.jpg.webp 1024w, https:\/\/www.novotek.com\/ch\/wp-content\/uploads\/sites\/3\/Novotek_industriehardware_duotone_1920x800-768x320.jpg.webp 768w, https:\/\/www.novotek.com\/ch\/wp-content\/uploads\/sites\/3\/Novotek_industriehardware_duotone_1920x800-1536x640.jpg.webp 1536w\" sizes=\"auto, (max-width: 306px) 100vw, 306px\" \/>              <\/a>\n    <\/div>\n\n    <div>\n              <h4>Industriehardware<\/h4>\n      \n              <p>Egal wo Sie in Ihrem Digitalisierungsprozess stehen, die Wahl der geeigneten Hardware ist dabei immer von zentraler Bedeutung. Sie muss sich einerseits perfekt in die bestehende Infrastruktur einf\u00fcgen lassen, andererseits muss sie in der Lage sein, mit den k\u00fcnftigen Aktivit\u00e4ten der Firma mitzuwachsen.<\/p>\n      \n      <div>\n        <a href=\"https:\/\/www.novotek.com\/ch\/hardware-industrieprozesse\/\">\n          weiterlesen        <\/a>\n      <\/div>\n    <\/div>\n<\/article>\n<\/div>  <\/div>\n\n  <\/div><\/div>\n\n\n<div class=\"container-md spacer  \">\n<div style=\"height:50px\" aria-hidden=\"true\" class=\"wp-block-spacer\"><\/div>\n<\/div>\n\n<div class=\"cta-block\">\n  <div class=\"container\">\n          <h2>Wir erz\u00e4hlen Ihnen gerne mehr!<\/h2>\n    \n          <div><p>Profitieren Sie von unserem Fachwissen und holen Sie sich bei uns mehr Informationen<br \/>\n\u00fcber die digitale Transformation, die Automatisierung oder die industrielle IT.<\/p>\n<\/div>\n    \n          <a class=\"btn btn-primary\" href=\"https:\/\/www.novotek.com\/ch\/kontakt\/\">Kontaktieren Sie uns<\/a>\n      <\/div>\n<\/div>\n\n\n<div class=\"container-md spacer  \">\n<div style=\"height:20px\" aria-hidden=\"true\" class=\"wp-block-spacer\"><\/div>\n<\/div>","protected":false},"excerpt":{"rendered":"<p>Ein komplettes L\u00f6sungsangebot auf Basis von Standardprodukten zur Steuerung, Digitalisierung und Optimierung Ihres Produktionsprozesses.<\/p>\n","protected":false},"author":35,"featured_media":0,"parent":0,"menu_order":2,"comment_status":"closed","ping_status":"closed","template":"","meta":{"_acf_changed":false,"_relevanssi_hide_post":"","_relevanssi_pin_for_all":"","_relevanssi_pin_keywords":"","_relevanssi_unpin_keywords":"","_relevanssi_related_keywords":"","_relevanssi_related_include_ids":"","_relevanssi_related_exclude_ids":"","_relevanssi_related_no_append":"","_relevanssi_related_not_related":"","_relevanssi_related_posts":"3200,3220,3208,3195,3216,3216","_relevanssi_noindex_reason":"","content-type":"","footnotes":""},"class_list":["post-8364","page","type-page","status-publish","hentry"],"acf":[],"yoast_head":"<!-- This site is optimized with the Yoast SEO plugin v27.5 - https:\/\/yoast.com\/product\/yoast-seo-wordpress\/ -->\n<title>L&ouml;sungen und Produkte - Novotek Switzerland<\/title>\n<meta name=\"description\" content=\"Unser L\u00f6sungsangebot basiert auf erprobten Standardprodukten zur Visualisierung, Steuerung, Digitalisierung und Optimierung Ihrer Prozesse.\" \/>\n<meta name=\"robots\" content=\"index, follow, max-snippet:-1, max-image-preview:large, max-video-preview:-1\" \/>\n<link rel=\"canonical\" href=\"https:\/\/www.novotek.com\/ch\/loesungen-produkte2\/\" \/>\n<meta property=\"og:locale\" content=\"de_DE\" \/>\n<meta property=\"og:type\" content=\"article\" \/>\n<meta property=\"og:title\" content=\"L&ouml;sungen und Produkte - Novotek Switzerland\" \/>\n<meta property=\"og:description\" content=\"Unser L\u00f6sungsangebot basiert auf erprobten Standardprodukten zur Visualisierung, Steuerung, Digitalisierung und Optimierung Ihrer Prozesse.\" \/>\n<meta property=\"og:url\" content=\"https:\/\/www.novotek.com\/ch\/loesungen-produkte2\/\" \/>\n<meta property=\"og:site_name\" content=\"Novotek CH\" \/>\n<meta property=\"article:modified_time\" content=\"2025-10-21T12:03:58+00:00\" \/>\n<meta name=\"twitter:card\" content=\"summary_large_image\" \/>\n<script type=\"application\/ld+json\" class=\"yoast-schema-graph\">{\"@context\":\"https:\\\/\\\/schema.org\",\"@graph\":[{\"@type\":\"WebPage\",\"@id\":\"https:\\\/\\\/www.novotek.com\\\/ch\\\/loesungen-produkte2\\\/\",\"url\":\"https:\\\/\\\/www.novotek.com\\\/ch\\\/loesungen-produkte2\\\/\",\"name\":\"L&ouml;sungen und Produkte - Novotek Switzerland\",\"isPartOf\":{\"@id\":\"https:\\\/\\\/www.novotek.com\\\/ch\\\/#website\"},\"datePublished\":\"2022-07-15T11:19:36+00:00\",\"dateModified\":\"2025-10-21T12:03:58+00:00\",\"description\":\"Unser L\u00f6sungsangebot basiert auf erprobten Standardprodukten zur Visualisierung, Steuerung, Digitalisierung und Optimierung Ihrer Prozesse.\",\"breadcrumb\":{\"@id\":\"https:\\\/\\\/www.novotek.com\\\/ch\\\/loesungen-produkte2\\\/#breadcrumb\"},\"inLanguage\":\"de-CH\",\"potentialAction\":[{\"@type\":\"ReadAction\",\"target\":[\"https:\\\/\\\/www.novotek.com\\\/ch\\\/loesungen-produkte2\\\/\"]}]},{\"@type\":\"BreadcrumbList\",\"@id\":\"https:\\\/\\\/www.novotek.com\\\/ch\\\/loesungen-produkte2\\\/#breadcrumb\",\"itemListElement\":[{\"@type\":\"ListItem\",\"position\":1,\"name\":\"Home\",\"item\":\"https:\\\/\\\/www.novotek.com\\\/ch\\\/\"},{\"@type\":\"ListItem\",\"position\":2,\"name\":\"L&ouml;sungen und Produkte\"}]},{\"@type\":\"WebSite\",\"@id\":\"https:\\\/\\\/www.novotek.com\\\/ch\\\/#website\",\"url\":\"https:\\\/\\\/www.novotek.com\\\/ch\\\/\",\"name\":\"Novotek Switzerland AG\",\"description\":\"Connect - Digitalize - Optimize\",\"publisher\":{\"@id\":\"https:\\\/\\\/www.novotek.com\\\/ch\\\/#organization\"},\"potentialAction\":[{\"@type\":\"SearchAction\",\"target\":{\"@type\":\"EntryPoint\",\"urlTemplate\":\"https:\\\/\\\/www.novotek.com\\\/ch\\\/?s={search_term_string}\"},\"query-input\":{\"@type\":\"PropertyValueSpecification\",\"valueRequired\":true,\"valueName\":\"search_term_string\"}}],\"inLanguage\":\"de-CH\"},{\"@type\":\"Organization\",\"@id\":\"https:\\\/\\\/www.novotek.com\\\/ch\\\/#organization\",\"name\":\"Novotek Switzerland AG\",\"url\":\"https:\\\/\\\/www.novotek.com\\\/ch\\\/\",\"logo\":{\"@type\":\"ImageObject\",\"inLanguage\":\"de-CH\",\"@id\":\"https:\\\/\\\/www.novotek.com\\\/ch\\\/#\\\/schema\\\/logo\\\/image\\\/\",\"url\":\"https:\\\/\\\/www.novotek.com\\\/ch\\\/wp-content\\\/uploads\\\/sites\\\/3\\\/novotek-symbol-rgb-pos-white-border-512x512-1.png\",\"contentUrl\":\"https:\\\/\\\/www.novotek.com\\\/ch\\\/wp-content\\\/uploads\\\/sites\\\/3\\\/novotek-symbol-rgb-pos-white-border-512x512-1.png\",\"width\":512,\"height\":512,\"caption\":\"Novotek Switzerland AG\"},\"image\":{\"@id\":\"https:\\\/\\\/www.novotek.com\\\/ch\\\/#\\\/schema\\\/logo\\\/image\\\/\"}}]}<\/script>\n<!-- \/ Yoast SEO plugin. -->","yoast_head_json":{"title":"L&ouml;sungen und Produkte - Novotek Switzerland","description":"Unser L\u00f6sungsangebot basiert auf erprobten Standardprodukten zur Visualisierung, Steuerung, Digitalisierung und Optimierung Ihrer Prozesse.","robots":{"index":"index","follow":"follow","max-snippet":"max-snippet:-1","max-image-preview":"max-image-preview:large","max-video-preview":"max-video-preview:-1"},"canonical":"https:\/\/www.novotek.com\/ch\/loesungen-produkte2\/","og_locale":"de_DE","og_type":"article","og_title":"L&ouml;sungen und Produkte - Novotek Switzerland","og_description":"Unser L\u00f6sungsangebot basiert auf erprobten Standardprodukten zur Visualisierung, Steuerung, Digitalisierung und Optimierung Ihrer Prozesse.","og_url":"https:\/\/www.novotek.com\/ch\/loesungen-produkte2\/","og_site_name":"Novotek CH","article_modified_time":"2025-10-21T12:03:58+00:00","twitter_card":"summary_large_image","schema":{"@context":"https:\/\/schema.org","@graph":[{"@type":"WebPage","@id":"https:\/\/www.novotek.com\/ch\/loesungen-produkte2\/","url":"https:\/\/www.novotek.com\/ch\/loesungen-produkte2\/","name":"L&ouml;sungen und Produkte - Novotek Switzerland","isPartOf":{"@id":"https:\/\/www.novotek.com\/ch\/#website"},"datePublished":"2022-07-15T11:19:36+00:00","dateModified":"2025-10-21T12:03:58+00:00","description":"Unser L\u00f6sungsangebot basiert auf erprobten Standardprodukten zur Visualisierung, Steuerung, Digitalisierung und Optimierung Ihrer Prozesse.","breadcrumb":{"@id":"https:\/\/www.novotek.com\/ch\/loesungen-produkte2\/#breadcrumb"},"inLanguage":"de-CH","potentialAction":[{"@type":"ReadAction","target":["https:\/\/www.novotek.com\/ch\/loesungen-produkte2\/"]}]},{"@type":"BreadcrumbList","@id":"https:\/\/www.novotek.com\/ch\/loesungen-produkte2\/#breadcrumb","itemListElement":[{"@type":"ListItem","position":1,"name":"Home","item":"https:\/\/www.novotek.com\/ch\/"},{"@type":"ListItem","position":2,"name":"L&ouml;sungen und Produkte"}]},{"@type":"WebSite","@id":"https:\/\/www.novotek.com\/ch\/#website","url":"https:\/\/www.novotek.com\/ch\/","name":"Novotek Switzerland AG","description":"Connect - Digitalize - Optimize","publisher":{"@id":"https:\/\/www.novotek.com\/ch\/#organization"},"potentialAction":[{"@type":"SearchAction","target":{"@type":"EntryPoint","urlTemplate":"https:\/\/www.novotek.com\/ch\/?s={search_term_string}"},"query-input":{"@type":"PropertyValueSpecification","valueRequired":true,"valueName":"search_term_string"}}],"inLanguage":"de-CH"},{"@type":"Organization","@id":"https:\/\/www.novotek.com\/ch\/#organization","name":"Novotek Switzerland AG","url":"https:\/\/www.novotek.com\/ch\/","logo":{"@type":"ImageObject","inLanguage":"de-CH","@id":"https:\/\/www.novotek.com\/ch\/#\/schema\/logo\/image\/","url":"https:\/\/www.novotek.com\/ch\/wp-content\/uploads\/sites\/3\/novotek-symbol-rgb-pos-white-border-512x512-1.png","contentUrl":"https:\/\/www.novotek.com\/ch\/wp-content\/uploads\/sites\/3\/novotek-symbol-rgb-pos-white-border-512x512-1.png","width":512,"height":512,"caption":"Novotek Switzerland AG"},"image":{"@id":"https:\/\/www.novotek.com\/ch\/#\/schema\/logo\/image\/"}}]}},"_links":{"self":[{"href":"https:\/\/www.novotek.com\/ch\/wp-json\/wp\/v2\/pages\/8364","targetHints":{"allow":["GET"]}}],"collection":[{"href":"https:\/\/www.novotek.com\/ch\/wp-json\/wp\/v2\/pages"}],"about":[{"href":"https:\/\/www.novotek.com\/ch\/wp-json\/wp\/v2\/types\/page"}],"author":[{"embeddable":true,"href":"https:\/\/www.novotek.com\/ch\/wp-json\/wp\/v2\/users\/35"}],"replies":[{"embeddable":true,"href":"https:\/\/www.novotek.com\/ch\/wp-json\/wp\/v2\/comments?post=8364"}],"version-history":[{"count":95,"href":"https:\/\/www.novotek.com\/ch\/wp-json\/wp\/v2\/pages\/8364\/revisions"}],"predecessor-version":[{"id":21552,"href":"https:\/\/www.novotek.com\/ch\/wp-json\/wp\/v2\/pages\/8364\/revisions\/21552"}],"wp:attachment":[{"href":"https:\/\/www.novotek.com\/ch\/wp-json\/wp\/v2\/media?parent=8364"}],"curies":[{"name":"wp","href":"https:\/\/api.w.org\/{rel}","templated":true}]}}