{"id":9343,"date":"2022-07-26T10:18:39","date_gmt":"2022-07-26T10:18:39","guid":{"rendered":"http:\/\/ch.novotek-multi.dev4.mildmedia-dev.eu\/?page_id=9343"},"modified":"2022-08-26T15:18:51","modified_gmt":"2022-08-26T15:18:51","slug":"weitere-branchen","status":"publish","type":"page","link":"https:\/\/www.novotek.com\/ch\/industrie\/weitere-branchen\/","title":{"rendered":"Weitere Branchen"},"content":{"rendered":"  <div class=\"hero\">\n    <div class=\"carousel hero-slider small\" data-flickity data-flickity-options='{\"prevNextButtons\": false}'>\n              <div class=\"carousel-cell\">\n          <div class=\"container\">\n            <div class=\"hero-content\">\n                              <h1>Weitere Branchen<\/h1>\n<p>Im Laufe von 35 Jahren haben wir bei Novotek L\u00f6sungen entwickelt, die speziell auf eine Vielzahl unterschiedlicher Branchen abgestimmt sind. Wir haben die Expertise, die f\u00fcr die Planung, Umsetzung und Integration digitaler Projekte zur Operational Excellence den entscheidenden Input liefern kann.<\/p>\n              \n                          <\/div>\n          <\/div>\n\n          <img decoding=\"async\" width=\"1024\" height=\"655\" src=\"https:\/\/www.novotek.com\/ch\/wp-content\/uploads\/sites\/3\/2021\/Novotek_UK\/Industries\/Manufacturing\/Novotek_manufacturing_duplex_cyan-e1629983469674-1024x655.jpg\" class=\"hero-bg\" alt=\"Hero Img\" fetchpriority=\"high\" srcset=\"https:\/\/www.novotek.com\/ch\/wp-content\/uploads\/sites\/3\/2021\/Novotek_UK\/Industries\/Manufacturing\/Novotek_manufacturing_duplex_cyan-e1629983469674-1024x655.jpg 1024w, https:\/\/www.novotek.com\/ch\/wp-content\/uploads\/sites\/3\/2021\/Novotek_UK\/Industries\/Manufacturing\/Novotek_manufacturing_duplex_cyan-e1629983469674-300x192.jpg 300w, https:\/\/www.novotek.com\/ch\/wp-content\/uploads\/sites\/3\/2021\/Novotek_UK\/Industries\/Manufacturing\/Novotek_manufacturing_duplex_cyan-e1629983469674-768x491.jpg 768w, https:\/\/www.novotek.com\/ch\/wp-content\/uploads\/sites\/3\/2021\/Novotek_UK\/Industries\/Manufacturing\/Novotek_manufacturing_duplex_cyan-e1629983469674.jpg 1247w\" sizes=\"(max-width: 1024px) 100vw, 1024px\" \/>                  <\/div>\n          <\/div>\n\n      <\/div>\n\n   \n\n\n<div class=\"container-md paragraph  \">\n<p>Unser Ziel ist es, L\u00f6sungen zu liefern, die den Anforderungen Ihrer Branche entsprechen. Daf\u00fcr bieten wir sowohl L\u00f6sungen f\u00fcr das Daten-Management, die \u00dcberwachung von Prozessen oder deren Optimierung. Aber auch grundlegenden Dienstleistungen wie Schulung und Support geh\u00f6ren zu unseren Erfolgspacket.<\/p>\n<\/div>\n\n<div class=\"container-md paragraph  \">\n<p>Dank unseren L\u00f6sungen erhalten Sie die Gewissheit, jederzeit den n\u00f6tigen \u00dcberblick \u00fcber Produktion, Anlage und\/oder Einrichtungen zu haben um Entscheidungen basierend auf den richtigen Informationen zu treffen.<\/p>\n<\/div>\n\n<div class=\"container-md spacer  \">\n<div style=\"height:20px\" aria-hidden=\"true\" class=\"wp-block-spacer\"><\/div>\n<\/div>\n\n<div class=\"container media-text  \">\n<div class=\"wp-block-media-text alignwide is-stacked-on-mobile is-vertically-aligned-center\" style=\"grid-template-columns:40% auto\"><figure class=\"wp-block-media-text__media\"><img loading=\"lazy\" decoding=\"async\" width=\"800\" height=\"600\" src=\"https:\/\/www.novotek.com\/ch\/wp-content\/uploads\/sites\/3\/Novotek_infrastructure_1920x600px_NEW-2.jpg\" alt=\"\" class=\"wp-image-9352 size-full\" srcset=\"https:\/\/www.novotek.com\/ch\/wp-content\/uploads\/sites\/3\/Novotek_infrastructure_1920x600px_NEW-2.jpg 800w, https:\/\/www.novotek.com\/ch\/wp-content\/uploads\/sites\/3\/Novotek_infrastructure_1920x600px_NEW-2-300x225.jpg 300w, https:\/\/www.novotek.com\/ch\/wp-content\/uploads\/sites\/3\/Novotek_infrastructure_1920x600px_NEW-2-768x576.jpg 768w\" sizes=\"auto, (max-width: 800px) 100vw, 800px\" \/><\/figure><div class=\"wp-block-media-text__content\"><div class=\"container-md heading  \">\n<h2 class=\"wp-block-heading\">Infrastruktur<\/h2>\n<\/div>\n\n<div class=\"container-md paragraph  \">\n<p>F\u00fcr die Digitalisierung von Infrastrukturen liefern wir Systeme, die Tunnel, Br\u00fccken, Strassenverkehr und Eisenbahnen steuern und \u00fcberwachen. Unsere Erfahrung in der Digitalisierung gepaart mit dem Branchen Wissen unserer Partner garantieren wir :<\/p>\n<\/div>\n\n<div class=\"container-md list  \">\n<ul class=\"wp-block-list\"><li>Steigenden Durchsatz und Effizienz<\/li><li>Minimierte Materialkosten<\/li><li>Hohe Zuverl\u00e4ssigkeit innerhalb k\u00fcrzester Fristen<\/li><\/ul>\n<\/div>\n\n<div class=\"container-md paragraph  \">\n<p>Unsere Steuerungs- und Automatisierungsl\u00f6sungen basieren auf der bew\u00e4hrten Zuverl\u00e4ssigkeit markterprobter System und branchenspezifisch erweiterten Funktionen, die gleichzeitig die Ferndiagnose maximieren und eine vorausschauende Wartung Ihre Anlagen erm\u00f6glicht.<\/p>\n<\/div>\n\n<div class=\"container-md paragraph  \">\n<p>Kurz gesagt, Novotek bringt seine Applikations- und Prozesskompetenz ein, um Steuerungsl\u00f6sungen zu entwickeln, die Ihnen dabei helfen, die Wartungs-, Material- und Arbeitskosten zu senken.&nbsp;<\/p>\n<\/div><\/div><\/div>\n<\/div>\n\n<div class=\"container-md spacer  \">\n<div style=\"height:20px\" aria-hidden=\"true\" class=\"wp-block-spacer\"><\/div>\n<\/div>\n\n<div class=\"container media-text  \">\n<div class=\"wp-block-media-text alignwide has-media-on-the-right is-stacked-on-mobile\" style=\"grid-template-columns:auto 40%\"><figure class=\"wp-block-media-text__media\"><img loading=\"lazy\" decoding=\"async\" width=\"800\" height=\"600\" src=\"https:\/\/www.novotek.com\/ch\/wp-content\/uploads\/sites\/3\/Milling.jpg\" alt=\"\" class=\"wp-image-9018 size-full\" srcset=\"https:\/\/www.novotek.com\/ch\/wp-content\/uploads\/sites\/3\/Milling.jpg 800w, https:\/\/www.novotek.com\/ch\/wp-content\/uploads\/sites\/3\/Milling-300x225.jpg 300w, https:\/\/www.novotek.com\/ch\/wp-content\/uploads\/sites\/3\/Milling-768x576.jpg 768w\" sizes=\"auto, (max-width: 800px) 100vw, 800px\" \/><\/figure><div class=\"wp-block-media-text__content\"><div class=\"container-md heading  \">\n<h2 class=\"wp-block-heading\">Diskrete Fertigung<\/h2>\n<\/div>\n\n<div class=\"container-md paragraph  \">\n<p>Die Automatisierung und Digitalisierung der diskreten Fertigung umfasst durchg\u00e4ngige Herstellungsprozesse aus Branchen wie z.B. Automobilindustrie, Kunststofffertigung oder Elektronikbauteilen.\u00a0In unz\u00e4hligen Projekten konnten wir unserer L\u00f6sungen optimieren, darunter die Digitalisierung von Produktionsprozessen, das Routing f\u00fcr die Montage aber auch MES-Funktionalit\u00e4t, die eine vollst\u00e4ndige R\u00fcckverfolgbarkeit und Nachverfolgung der Produktion gew\u00e4hrleisten.<\/p>\n<\/div>\n\n<div class=\"container-md paragraph  \">\n<p>Feinplanungssoftware wie der <strong><a href=\"https:\/\/www.novotek.com\/ch\/smart-factory-mes\/rob-ex-scheduler\/\">ROB-EX Scheduler<\/a><\/strong> helfen Ihnen zudem Termine fristgerecht einzuhalten, Fertigungsabl\u00e4ufe effizienter zu planen und schnell auf sich \u00e4ndernde Gegebenheiten von Aussen reagieren zu k\u00f6nnen. <\/p>\n<\/div><\/div><\/div>\n<\/div>\n\n<div class=\"container-md spacer  \">\n<div style=\"height:20px\" aria-hidden=\"true\" class=\"wp-block-spacer\"><\/div>\n<\/div>\n\n<div class=\"container media-text  \">\n<div class=\"wp-block-media-text alignwide is-stacked-on-mobile is-vertically-aligned-top\" style=\"grid-template-columns:40% auto\"><figure class=\"wp-block-media-text__media\"><img loading=\"lazy\" decoding=\"async\" width=\"800\" height=\"600\" src=\"https:\/\/www.novotek.com\/ch\/wp-content\/uploads\/sites\/3\/Manufacturing_1.jpg\" alt=\"\" class=\"wp-image-9022 size-full\" srcset=\"https:\/\/www.novotek.com\/ch\/wp-content\/uploads\/sites\/3\/Manufacturing_1.jpg 800w, https:\/\/www.novotek.com\/ch\/wp-content\/uploads\/sites\/3\/Manufacturing_1-300x225.jpg 300w, https:\/\/www.novotek.com\/ch\/wp-content\/uploads\/sites\/3\/Manufacturing_1-768x576.jpg 768w\" sizes=\"auto, (max-width: 800px) 100vw, 800px\" \/><\/figure><div class=\"wp-block-media-text__content\"><div class=\"container-md heading  \">\n<h2 class=\"wp-block-heading\">Maschinenbau<\/h2>\n<\/div>\n\n<div class=\"container-md paragraph  \">\n<p>Novotek unterst\u00fctzt Maschinenbauer und Erstausr\u00fcster dabei, sich durch Produktdifferenzierung einen echten Wettbewerbsvorteil zu erzielen.<\/p>\n<\/div>\n\n<div class=\"container-md paragraph  \">\n<p><strong>Wir helfen Ihnen, Ihren Vorteil zu nutzen:<\/strong><\/p>\n<\/div>\n\n<div class=\"container-md list  \">\n<ul class=\"wp-block-list\"><li>Seien Sie der Technologie immer einen Schritt voraus und verbessern Sie so Ihre Zuverl\u00e4ssigkeit und Leistung.<\/li><li>Bauen Sie Maschinen, die einen geringeren Energieverbrauch und damit geringere Gesamtbetriebskosten (TCO) haben.<\/li><li>\u00dcberwachen Sie Ihre Anlagen aus der Ferne, um zu erkennen, wenn die Anlagen ausserhalb ihrer Betriebsparameter laufen.<\/li><\/ul>\n<\/div><\/div><\/div>\n<\/div>\n\n<div class=\"container-md spacer  \">\n<div style=\"height:50px\" aria-hidden=\"true\" class=\"wp-block-spacer\"><\/div>\n<\/div>","protected":false},"excerpt":{"rendered":"<p>Im Laufe von 35 Jahren haben wir bei Novotek L\u00f6sungen entwickelt, die speziell auf eine Vielzahl unterschiedlicher Branchen abgestimmt sind. Wir haben die Expertise, die f\u00fcr Ihr Unternehmen besonders wichtig ist.<\/p>\n","protected":false},"author":15,"featured_media":3135,"parent":2902,"menu_order":10,"comment_status":"closed","ping_status":"closed","template":"","meta":{"_acf_changed":false,"_relevanssi_hide_post":"","_relevanssi_pin_for_all":"","_relevanssi_pin_keywords":"","_relevanssi_unpin_keywords":"","_relevanssi_related_keywords":"","_relevanssi_related_include_ids":"","_relevanssi_related_exclude_ids":"","_relevanssi_related_no_append":"","_relevanssi_related_not_related":"","_relevanssi_related_posts":"3200,3220,3208,3195,3216,3208","_relevanssi_noindex_reason":"","content-type":"","footnotes":""},"class_list":["post-9343","page","type-page","status-publish","has-post-thumbnail","hentry"],"acf":[],"yoast_head":"<!-- This site is optimized with the Yoast SEO plugin v27.4 - https:\/\/yoast.com\/product\/yoast-seo-wordpress\/ -->\n<title>Weitere Branchen - Novotek CH<\/title>\n<meta name=\"description\" content=\"Im Laufe von 35 Jahren haben wir bei Novotek L\u00f6sungen entwickelt, die wir speziell auf eine Vielzahl an Branchen abgestimmt haben.\" \/>\n<meta name=\"robots\" content=\"index, follow, max-snippet:-1, max-image-preview:large, max-video-preview:-1\" \/>\n<link rel=\"canonical\" href=\"https:\/\/www.novotek.com\/ch\/industrie\/weitere-branchen\/\" \/>\n<meta property=\"og:locale\" content=\"de_DE\" \/>\n<meta property=\"og:type\" content=\"article\" \/>\n<meta property=\"og:title\" content=\"Weitere Branchen - Novotek CH\" \/>\n<meta property=\"og:description\" content=\"Im Laufe von 35 Jahren haben wir bei Novotek L\u00f6sungen entwickelt, die wir speziell auf eine Vielzahl an Branchen abgestimmt haben.\" \/>\n<meta property=\"og:url\" content=\"https:\/\/www.novotek.com\/ch\/industrie\/weitere-branchen\/\" \/>\n<meta property=\"og:site_name\" content=\"Novotek CH\" \/>\n<meta property=\"article:modified_time\" content=\"2022-08-26T15:18:51+00:00\" \/>\n<meta property=\"og:image\" content=\"https:\/\/www.novotek.com\/ch\/wp-content\/uploads\/sites\/3\/2021\/Novotek_UK\/Industries\/Manufacturing\/Novotek_manufacturing_duplex_cyan-e1629983469674.jpg\" \/>\n\t<meta property=\"og:image:width\" content=\"1247\" \/>\n\t<meta property=\"og:image:height\" content=\"798\" \/>\n\t<meta property=\"og:image:type\" content=\"image\/jpeg\" \/>\n<meta name=\"twitter:card\" content=\"summary_large_image\" \/>\n<meta name=\"twitter:label1\" content=\"Gesch\u00e4tzte Lesezeit\" \/>\n\t<meta name=\"twitter:data1\" content=\"2\u00a0Minuten\" \/>\n<script type=\"application\/ld+json\" class=\"yoast-schema-graph\">{\"@context\":\"https:\\\/\\\/schema.org\",\"@graph\":[{\"@type\":\"WebPage\",\"@id\":\"https:\\\/\\\/www.novotek.com\\\/ch\\\/industrie\\\/weitere-branchen\\\/\",\"url\":\"https:\\\/\\\/www.novotek.com\\\/ch\\\/industrie\\\/weitere-branchen\\\/\",\"name\":\"Weitere Branchen - Novotek CH\",\"isPartOf\":{\"@id\":\"https:\\\/\\\/www.novotek.com\\\/ch\\\/#website\"},\"primaryImageOfPage\":{\"@id\":\"https:\\\/\\\/www.novotek.com\\\/ch\\\/industrie\\\/weitere-branchen\\\/#primaryimage\"},\"image\":{\"@id\":\"https:\\\/\\\/www.novotek.com\\\/ch\\\/industrie\\\/weitere-branchen\\\/#primaryimage\"},\"thumbnailUrl\":\"https:\\\/\\\/www.novotek.com\\\/ch\\\/wp-content\\\/uploads\\\/sites\\\/3\\\/2021\\\/Novotek_UK\\\/Industries\\\/Manufacturing\\\/Novotek_manufacturing_duplex_cyan-e1629983469674.jpg\",\"datePublished\":\"2022-07-26T10:18:39+00:00\",\"dateModified\":\"2022-08-26T15:18:51+00:00\",\"description\":\"Im Laufe von 35 Jahren haben wir bei Novotek L\u00f6sungen entwickelt, die wir speziell auf eine Vielzahl an Branchen abgestimmt haben.\",\"breadcrumb\":{\"@id\":\"https:\\\/\\\/www.novotek.com\\\/ch\\\/industrie\\\/weitere-branchen\\\/#breadcrumb\"},\"inLanguage\":\"de-CH\",\"potentialAction\":[{\"@type\":\"ReadAction\",\"target\":[\"https:\\\/\\\/www.novotek.com\\\/ch\\\/industrie\\\/weitere-branchen\\\/\"]}]},{\"@type\":\"ImageObject\",\"inLanguage\":\"de-CH\",\"@id\":\"https:\\\/\\\/www.novotek.com\\\/ch\\\/industrie\\\/weitere-branchen\\\/#primaryimage\",\"url\":\"https:\\\/\\\/www.novotek.com\\\/ch\\\/wp-content\\\/uploads\\\/sites\\\/3\\\/2021\\\/Novotek_UK\\\/Industries\\\/Manufacturing\\\/Novotek_manufacturing_duplex_cyan-e1629983469674.jpg\",\"contentUrl\":\"https:\\\/\\\/www.novotek.com\\\/ch\\\/wp-content\\\/uploads\\\/sites\\\/3\\\/2021\\\/Novotek_UK\\\/Industries\\\/Manufacturing\\\/Novotek_manufacturing_duplex_cyan-e1629983469674.jpg\",\"width\":1247,\"height\":798,\"caption\":\"Montage und diskrete Fertigung\"},{\"@type\":\"BreadcrumbList\",\"@id\":\"https:\\\/\\\/www.novotek.com\\\/ch\\\/industrie\\\/weitere-branchen\\\/#breadcrumb\",\"itemListElement\":[{\"@type\":\"ListItem\",\"position\":1,\"name\":\"Home\",\"item\":\"https:\\\/\\\/www.novotek.com\\\/ch\\\/\"},{\"@type\":\"ListItem\",\"position\":2,\"name\":\"Industrie\",\"item\":\"https:\\\/\\\/www.novotek.com\\\/ch\\\/industrie\\\/\"},{\"@type\":\"ListItem\",\"position\":3,\"name\":\"Weitere Branchen\"}]},{\"@type\":\"WebSite\",\"@id\":\"https:\\\/\\\/www.novotek.com\\\/ch\\\/#website\",\"url\":\"https:\\\/\\\/www.novotek.com\\\/ch\\\/\",\"name\":\"Novotek Switzerland AG\",\"description\":\"Connect - Digitalize - Optimize\",\"publisher\":{\"@id\":\"https:\\\/\\\/www.novotek.com\\\/ch\\\/#organization\"},\"potentialAction\":[{\"@type\":\"SearchAction\",\"target\":{\"@type\":\"EntryPoint\",\"urlTemplate\":\"https:\\\/\\\/www.novotek.com\\\/ch\\\/?s={search_term_string}\"},\"query-input\":{\"@type\":\"PropertyValueSpecification\",\"valueRequired\":true,\"valueName\":\"search_term_string\"}}],\"inLanguage\":\"de-CH\"},{\"@type\":\"Organization\",\"@id\":\"https:\\\/\\\/www.novotek.com\\\/ch\\\/#organization\",\"name\":\"Novotek Switzerland AG\",\"url\":\"https:\\\/\\\/www.novotek.com\\\/ch\\\/\",\"logo\":{\"@type\":\"ImageObject\",\"inLanguage\":\"de-CH\",\"@id\":\"https:\\\/\\\/www.novotek.com\\\/ch\\\/#\\\/schema\\\/logo\\\/image\\\/\",\"url\":\"https:\\\/\\\/www.novotek.com\\\/ch\\\/wp-content\\\/uploads\\\/sites\\\/3\\\/novotek-symbol-rgb-pos-white-border-512x512-1.png\",\"contentUrl\":\"https:\\\/\\\/www.novotek.com\\\/ch\\\/wp-content\\\/uploads\\\/sites\\\/3\\\/novotek-symbol-rgb-pos-white-border-512x512-1.png\",\"width\":512,\"height\":512,\"caption\":\"Novotek Switzerland AG\"},\"image\":{\"@id\":\"https:\\\/\\\/www.novotek.com\\\/ch\\\/#\\\/schema\\\/logo\\\/image\\\/\"}}]}<\/script>\n<!-- \/ Yoast SEO plugin. -->","yoast_head_json":{"title":"Weitere Branchen - Novotek CH","description":"Im Laufe von 35 Jahren haben wir bei Novotek L\u00f6sungen entwickelt, die wir speziell auf eine Vielzahl an Branchen abgestimmt haben.","robots":{"index":"index","follow":"follow","max-snippet":"max-snippet:-1","max-image-preview":"max-image-preview:large","max-video-preview":"max-video-preview:-1"},"canonical":"https:\/\/www.novotek.com\/ch\/industrie\/weitere-branchen\/","og_locale":"de_DE","og_type":"article","og_title":"Weitere Branchen - Novotek CH","og_description":"Im Laufe von 35 Jahren haben wir bei Novotek L\u00f6sungen entwickelt, die wir speziell auf eine Vielzahl an Branchen abgestimmt haben.","og_url":"https:\/\/www.novotek.com\/ch\/industrie\/weitere-branchen\/","og_site_name":"Novotek CH","article_modified_time":"2022-08-26T15:18:51+00:00","og_image":[{"width":1247,"height":798,"url":"https:\/\/www.novotek.com\/ch\/wp-content\/uploads\/sites\/3\/2021\/Novotek_UK\/Industries\/Manufacturing\/Novotek_manufacturing_duplex_cyan-e1629983469674.jpg","type":"image\/jpeg"}],"twitter_card":"summary_large_image","twitter_misc":{"Gesch\u00e4tzte Lesezeit":"2\u00a0Minuten"},"schema":{"@context":"https:\/\/schema.org","@graph":[{"@type":"WebPage","@id":"https:\/\/www.novotek.com\/ch\/industrie\/weitere-branchen\/","url":"https:\/\/www.novotek.com\/ch\/industrie\/weitere-branchen\/","name":"Weitere Branchen - Novotek CH","isPartOf":{"@id":"https:\/\/www.novotek.com\/ch\/#website"},"primaryImageOfPage":{"@id":"https:\/\/www.novotek.com\/ch\/industrie\/weitere-branchen\/#primaryimage"},"image":{"@id":"https:\/\/www.novotek.com\/ch\/industrie\/weitere-branchen\/#primaryimage"},"thumbnailUrl":"https:\/\/www.novotek.com\/ch\/wp-content\/uploads\/sites\/3\/2021\/Novotek_UK\/Industries\/Manufacturing\/Novotek_manufacturing_duplex_cyan-e1629983469674.jpg","datePublished":"2022-07-26T10:18:39+00:00","dateModified":"2022-08-26T15:18:51+00:00","description":"Im Laufe von 35 Jahren haben wir bei Novotek L\u00f6sungen entwickelt, die wir speziell auf eine Vielzahl an Branchen abgestimmt haben.","breadcrumb":{"@id":"https:\/\/www.novotek.com\/ch\/industrie\/weitere-branchen\/#breadcrumb"},"inLanguage":"de-CH","potentialAction":[{"@type":"ReadAction","target":["https:\/\/www.novotek.com\/ch\/industrie\/weitere-branchen\/"]}]},{"@type":"ImageObject","inLanguage":"de-CH","@id":"https:\/\/www.novotek.com\/ch\/industrie\/weitere-branchen\/#primaryimage","url":"https:\/\/www.novotek.com\/ch\/wp-content\/uploads\/sites\/3\/2021\/Novotek_UK\/Industries\/Manufacturing\/Novotek_manufacturing_duplex_cyan-e1629983469674.jpg","contentUrl":"https:\/\/www.novotek.com\/ch\/wp-content\/uploads\/sites\/3\/2021\/Novotek_UK\/Industries\/Manufacturing\/Novotek_manufacturing_duplex_cyan-e1629983469674.jpg","width":1247,"height":798,"caption":"Montage und diskrete Fertigung"},{"@type":"BreadcrumbList","@id":"https:\/\/www.novotek.com\/ch\/industrie\/weitere-branchen\/#breadcrumb","itemListElement":[{"@type":"ListItem","position":1,"name":"Home","item":"https:\/\/www.novotek.com\/ch\/"},{"@type":"ListItem","position":2,"name":"Industrie","item":"https:\/\/www.novotek.com\/ch\/industrie\/"},{"@type":"ListItem","position":3,"name":"Weitere Branchen"}]},{"@type":"WebSite","@id":"https:\/\/www.novotek.com\/ch\/#website","url":"https:\/\/www.novotek.com\/ch\/","name":"Novotek Switzerland AG","description":"Connect - Digitalize - Optimize","publisher":{"@id":"https:\/\/www.novotek.com\/ch\/#organization"},"potentialAction":[{"@type":"SearchAction","target":{"@type":"EntryPoint","urlTemplate":"https:\/\/www.novotek.com\/ch\/?s={search_term_string}"},"query-input":{"@type":"PropertyValueSpecification","valueRequired":true,"valueName":"search_term_string"}}],"inLanguage":"de-CH"},{"@type":"Organization","@id":"https:\/\/www.novotek.com\/ch\/#organization","name":"Novotek Switzerland AG","url":"https:\/\/www.novotek.com\/ch\/","logo":{"@type":"ImageObject","inLanguage":"de-CH","@id":"https:\/\/www.novotek.com\/ch\/#\/schema\/logo\/image\/","url":"https:\/\/www.novotek.com\/ch\/wp-content\/uploads\/sites\/3\/novotek-symbol-rgb-pos-white-border-512x512-1.png","contentUrl":"https:\/\/www.novotek.com\/ch\/wp-content\/uploads\/sites\/3\/novotek-symbol-rgb-pos-white-border-512x512-1.png","width":512,"height":512,"caption":"Novotek Switzerland AG"},"image":{"@id":"https:\/\/www.novotek.com\/ch\/#\/schema\/logo\/image\/"}}]}},"_links":{"self":[{"href":"https:\/\/www.novotek.com\/ch\/wp-json\/wp\/v2\/pages\/9343","targetHints":{"allow":["GET"]}}],"collection":[{"href":"https:\/\/www.novotek.com\/ch\/wp-json\/wp\/v2\/pages"}],"about":[{"href":"https:\/\/www.novotek.com\/ch\/wp-json\/wp\/v2\/types\/page"}],"author":[{"embeddable":true,"href":"https:\/\/www.novotek.com\/ch\/wp-json\/wp\/v2\/users\/15"}],"replies":[{"embeddable":true,"href":"https:\/\/www.novotek.com\/ch\/wp-json\/wp\/v2\/comments?post=9343"}],"version-history":[{"count":24,"href":"https:\/\/www.novotek.com\/ch\/wp-json\/wp\/v2\/pages\/9343\/revisions"}],"predecessor-version":[{"id":11353,"href":"https:\/\/www.novotek.com\/ch\/wp-json\/wp\/v2\/pages\/9343\/revisions\/11353"}],"up":[{"embeddable":true,"href":"https:\/\/www.novotek.com\/ch\/wp-json\/wp\/v2\/pages\/2902"}],"wp:featuredmedia":[{"embeddable":true,"href":"https:\/\/www.novotek.com\/ch\/wp-json\/wp\/v2\/media\/3135"}],"wp:attachment":[{"href":"https:\/\/www.novotek.com\/ch\/wp-json\/wp\/v2\/media?parent=9343"}],"curies":[{"name":"wp","href":"https:\/\/api.w.org\/{rel}","templated":true}]}}