{"id":26413,"date":"2026-03-19T10:22:49","date_gmt":"2026-03-19T10:22:49","guid":{"rendered":"https:\/\/www.novotek.com\/de\/?page_id=26413"},"modified":"2026-03-31T14:29:23","modified_gmt":"2026-03-31T14:29:23","slug":"ueber-uns","status":"publish","type":"page","link":"https:\/\/www.novotek.com\/de\/ueber-uns\/","title":{"rendered":"\u00dcber uns"},"content":{"rendered":"  <div class=\"hero\">\n    <div class=\"carousel hero-slider small\" data-flickity data-flickity-options='{\"prevNextButtons\": false}'>\n              <div class=\"carousel-cell\">\n          <div class=\"container\">\n            <div class=\"hero-content\">\n                              <h5><span class=\"TextRun SCXW216257503 BCX8\" lang=\"SV-SE\" xml:lang=\"SV-SE\" data-contrast=\"auto\"><span class=\"NormalTextRun SpellingErrorV2Themed SCXW216257503 BCX8\" data-ccp-parastyle=\"Normal (Web)\">Unsere<\/span><span class=\"NormalTextRun SCXW216257503 BCX8\" data-ccp-parastyle=\"Normal (Web)\"> Mission<\/span><\/span><\/h5>\n<h2><span class=\"TextRun SCXW66882135 BCX8\" lang=\"SV-SE\" xml:lang=\"SV-SE\" data-contrast=\"auto\"><span class=\"NormalTextRun SCXW66882135 BCX8\" data-ccp-parastyle=\"Normal (Web)\">\u201e<\/span><span class=\"NormalTextRun SpellingErrorV2Themed SCXW66882135 BCX8\" data-ccp-parastyle=\"Normal (Web)\">Unterst\u00fctzung<\/span><span class=\"NormalTextRun SCXW66882135 BCX8\" data-ccp-parastyle=\"Normal (Web)\"> von <\/span><span class=\"NormalTextRun SpellingErrorV2Themed SCXW66882135 BCX8\" data-ccp-parastyle=\"Normal (Web)\">Industrieunternehmen<\/span> <span class=\"NormalTextRun SpellingErrorV2Themed SCXW66882135 BCX8\" data-ccp-parastyle=\"Normal (Web)\">bei<\/span><span class=\"NormalTextRun SCXW66882135 BCX8\" data-ccp-parastyle=\"Normal (Web)\"> der <\/span><span class=\"NormalTextRun SpellingErrorV2Themed SCXW66882135 BCX8\" data-ccp-parastyle=\"Normal (Web)\">Beschleunigung<\/span><span class=\"NormalTextRun SCXW66882135 BCX8\" data-ccp-parastyle=\"Normal (Web)\"> der <\/span><span class=\"NormalTextRun SpellingErrorV2Themed SCXW66882135 BCX8\" data-ccp-parastyle=\"Normal (Web)\">digitalen<\/span><span class=\"NormalTextRun SCXW66882135 BCX8\" data-ccp-parastyle=\"Normal (Web)\"> Transformation <\/span><span class=\"NormalTextRun SpellingErrorV2Themed SCXW66882135 BCX8\" data-ccp-parastyle=\"Normal (Web)\">ihrer<\/span> <span class=\"NormalTextRun SpellingErrorV2Themed SCXW66882135 BCX8\" data-ccp-parastyle=\"Normal (Web)\">Betriebe<\/span><span class=\"NormalTextRun SCXW66882135 BCX8\" data-ccp-parastyle=\"Normal (Web)\">\u201c<\/span><span class=\"NormalTextRun SCXW66882135 BCX8\" data-ccp-parastyle=\"Normal (Web)\">.<\/span><\/span><\/h2>\n              \n                          <\/div>\n          <\/div>\n\n          <img decoding=\"async\" width=\"1024\" height=\"293\" src=\"https:\/\/www.novotek.com\/de\/wp-content\/uploads\/sites\/22\/muenchen-Novotek-Germany-Industrial-Data-1-1024x293.jpg.webp\" class=\"hero-bg\" alt=\"Hero Img\" fetchpriority=\"high\" srcset=\"https:\/\/www.novotek.com\/de\/wp-content\/uploads\/sites\/22\/muenchen-Novotek-Germany-Industrial-Data-1-1024x293.jpg.webp 1024w, https:\/\/www.novotek.com\/de\/wp-content\/uploads\/sites\/22\/muenchen-Novotek-Germany-Industrial-Data-1-300x86.jpg.webp 300w, https:\/\/www.novotek.com\/de\/wp-content\/uploads\/sites\/22\/muenchen-Novotek-Germany-Industrial-Data-1-768x220.jpg.webp 768w, https:\/\/www.novotek.com\/de\/wp-content\/uploads\/sites\/22\/muenchen-Novotek-Germany-Industrial-Data-1-1536x440.jpg.webp 1536w, https:\/\/www.novotek.com\/de\/wp-content\/uploads\/sites\/22\/muenchen-Novotek-Germany-Industrial-Data-1-86x25.jpg.webp 86w, https:\/\/www.novotek.com\/de\/wp-content\/uploads\/sites\/22\/muenchen-Novotek-Germany-Industrial-Data-1-306x88.jpg.webp 306w, https:\/\/www.novotek.com\/de\/wp-content\/uploads\/sites\/22\/muenchen-Novotek-Germany-Industrial-Data-1-636x182.jpg.webp 636w, https:\/\/www.novotek.com\/de\/wp-content\/uploads\/sites\/22\/muenchen-Novotek-Germany-Industrial-Data-1-1632x468.jpg.webp 1632w, https:\/\/www.novotek.com\/de\/wp-content\/uploads\/sites\/22\/muenchen-Novotek-Germany-Industrial-Data-1.jpg.webp 1920w\" sizes=\"(max-width: 1024px) 100vw, 1024px\" \/>                  <\/div>\n          <\/div>\n\n      <\/div>\n\n   \n\n\n<div class=\"container media-text  align\">\n<div class=\"wp-block-media-text has-media-on-the-right is-stacked-on-mobile is-vertically-aligned-top\" style=\"grid-template-columns:auto 27%\"><div class=\"wp-block-media-text__content\"><div class=\"container-md group  \">\n<div class=\"wp-block-group\"><div class=\"wp-block-group__inner-container is-layout-constrained wp-block-group-is-layout-constrained\"><div class=\"container-md heading  \">\n<h2 class=\"wp-block-heading has-large-font-size\">Unser Ansatz<\/h2>\n<\/div>\n\n<div class=\"container-md paragraph  \">\n<p>Wir bieten Software, Beratung und L\u00f6sungen f\u00fcr die Digitalisierung der Produktion auf dem europ\u00e4ischen Markt an. Damit helfen wir unseren Kunden, ihre Produktivit\u00e4t und Umweltvertr\u00e4glichkeit zu optimieren, und legen gleichzeitig den Grundstein f\u00fcr ihre laufende und zuk\u00fcnftige digitale Transformation.<\/p>\n<\/div>\n\n<div class=\"container-md spacer  \">\n<div style=\"height:30px\" aria-hidden=\"true\" class=\"wp-block-spacer\"><\/div>\n<\/div>\n\n<div class=\"container-md paragraph  \">\n<p>Wir bieten Ihnen eine umfassende Palette an Softwareprodukten, die sich an Ihre aktuelle digitale Reife, Ihre industrielle Strategie und Ihr Industrie 4.0-Transformationsprogramm anpassen lassen.<br>Unser Ansatz zielt sowohl auf die Fabriken als auch auf das gesamte Datenmanagement auf Unternehmensebene ab, um die Nutzung Ihrer Industriedaten mit der Entwicklung von Cloud-Tools und K\u00fcnstlicher Intelligenz zu optimieren und zu beschleunigen.<\/p>\n<\/div><\/div>\n<\/div><\/div><\/div><figure class=\"wp-block-media-text__media\"><\/figure><\/div>\n<\/div>\n\n<div class=\"container media-text  align\">\n<div class=\"wp-block-media-text has-media-on-the-right is-stacked-on-mobile is-vertically-aligned-top\" style=\"grid-template-columns:auto 27%\"><div class=\"wp-block-media-text__content\"><div class=\"container-md group  \">\n<div class=\"wp-block-group\"><div class=\"wp-block-group__inner-container is-layout-constrained wp-block-group-is-layout-constrained\"><div class=\"container-md heading  \">\n<h2 class=\"wp-block-heading has-large-font-size\">Unsere Philosophie: We CARE<\/h2>\n<\/div>\n\n<div class=\"container-md list  \">\n<ul class=\"wp-block-list\"><div class=\"container-md list-item  \">\n<li><strong>Competent (Kompetenz):<\/strong> Wir sind stolz auf das hohe Niveau der Fachkenntnisse unserer Teams in den Bereichen Industrieinformatik und Digitalisierung.&nbsp;<\/li>\n<\/div>\n\n<div class=\"container-md list-item  \">\n<li><strong>Agile (Agilit\u00e4t):<\/strong> Wir sind agil und flexibel, sowohl intern in unserer Strategie und unseren Abl\u00e4ufen als auch gegen\u00fcber unseren Kunden.&nbsp;<\/li>\n<\/div>\n\n<div class=\"container-md list-item  \">\n<li><strong>Zuverl\u00e4ssig (Robustheit\/Zuverl\u00e4ssigkeit):<\/strong> Wir arbeiten mit Vertrauen und Gelassenheit, und unsere Kunden k\u00f6nnen uns vertrauen. Wir stehen unter allen Umst\u00e4nden zusammen.&nbsp;<\/li>\n<\/div>\n\n<div class=\"container-md list-item  \">\n<li><strong>Enthusiastisch (Enthusiastic):<\/strong> Wir sind begeistert von dem, was wir t\u00e4glich tun, und bauen f\u00fcr die Zukunft.&nbsp;<\/li>\n<\/div><\/ul>\n<\/div><\/div>\n<\/div><\/div><\/div><figure class=\"wp-block-media-text__media\"><img loading=\"lazy\" decoding=\"async\" width=\"1024\" height=\"372\" src=\"https:\/\/www.novotek.com\/de\/wp-content\/uploads\/sites\/22\/CARE-horizontally-1024x372.png\" alt=\"\" class=\"wp-image-24963 size-full\" srcset=\"https:\/\/www.novotek.com\/de\/wp-content\/uploads\/sites\/22\/CARE-horizontally-1024x372.png 1024w, https:\/\/www.novotek.com\/de\/wp-content\/uploads\/sites\/22\/CARE-horizontally-300x109.png 300w, https:\/\/www.novotek.com\/de\/wp-content\/uploads\/sites\/22\/CARE-horizontally-768x279.png 768w, https:\/\/www.novotek.com\/de\/wp-content\/uploads\/sites\/22\/CARE-horizontally-1536x558.png 1536w, https:\/\/www.novotek.com\/de\/wp-content\/uploads\/sites\/22\/CARE-horizontally-86x31.png 86w, https:\/\/www.novotek.com\/de\/wp-content\/uploads\/sites\/22\/CARE-horizontally-306x111.png 306w, https:\/\/www.novotek.com\/de\/wp-content\/uploads\/sites\/22\/CARE-horizontally-636x231.png 636w, https:\/\/www.novotek.com\/de\/wp-content\/uploads\/sites\/22\/CARE-horizontally-1632x593.png 1632w, https:\/\/www.novotek.com\/de\/wp-content\/uploads\/sites\/22\/CARE-horizontally.png 1844w\" sizes=\"auto, (max-width: 1024px) 100vw, 1024px\" \/><\/figure><\/div>\n<\/div>\n\n<div class=\"container-md cover  alignfull\">\n<div class=\"wp-block-cover alignfull has-black-color has-text-color wp-elements-38033113f8f3c5c74e5d0af00b77c4fc wp-duotone-grayscale\" style=\"margin-top:0;padding-top:4vw;padding-right:4vw;padding-bottom:4vw;padding-left:4vw;min-height:265px;aspect-ratio:unset;\"><img loading=\"lazy\" decoding=\"async\" width=\"1920\" height=\"768\" class=\"wp-block-cover__image-background wp-image-25170\" alt=\"\" src=\"https:\/\/www.novotek.com\/de\/wp-content\/uploads\/sites\/22\/Europe-duotone.jpg\" data-object-fit=\"cover\" srcset=\"https:\/\/www.novotek.com\/de\/wp-content\/uploads\/sites\/22\/Europe-duotone.jpg 1920w, https:\/\/www.novotek.com\/de\/wp-content\/uploads\/sites\/22\/Europe-duotone-300x120.jpg 300w, https:\/\/www.novotek.com\/de\/wp-content\/uploads\/sites\/22\/Europe-duotone-1024x410.jpg 1024w, https:\/\/www.novotek.com\/de\/wp-content\/uploads\/sites\/22\/Europe-duotone-768x307.jpg 768w, https:\/\/www.novotek.com\/de\/wp-content\/uploads\/sites\/22\/Europe-duotone-1536x614.jpg 1536w, https:\/\/www.novotek.com\/de\/wp-content\/uploads\/sites\/22\/Europe-duotone-86x34.jpg 86w, https:\/\/www.novotek.com\/de\/wp-content\/uploads\/sites\/22\/Europe-duotone-306x122.jpg 306w, https:\/\/www.novotek.com\/de\/wp-content\/uploads\/sites\/22\/Europe-duotone-636x254.jpg 636w, https:\/\/www.novotek.com\/de\/wp-content\/uploads\/sites\/22\/Europe-duotone-1632x653.jpg 1632w\" sizes=\"auto, (max-width: 1920px) 100vw, 1920px\" \/><span aria-hidden=\"true\" class=\"wp-block-cover__background has-background-dim-90 has-background-dim\" style=\"background-color:#1e2f39\"><\/span><div class=\"wp-block-cover__inner-container is-layout-flow wp-block-cover-is-layout-flow\"><div class=\"container media-text  \">\n<div class=\"wp-block-media-text is-stacked-on-mobile\" style=\"grid-template-columns:36% auto\"><figure class=\"wp-block-media-text__media\"><img loading=\"lazy\" decoding=\"async\" width=\"779\" height=\"1000\" src=\"https:\/\/www.novotek.com\/de\/wp-content\/uploads\/sites\/22\/2025-map-europe-red-grey.png\" alt=\"\" class=\"wp-image-24967 size-full\" srcset=\"https:\/\/www.novotek.com\/de\/wp-content\/uploads\/sites\/22\/2025-map-europe-red-grey.png 779w, https:\/\/www.novotek.com\/de\/wp-content\/uploads\/sites\/22\/2025-map-europe-red-grey-234x300.png 234w, https:\/\/www.novotek.com\/de\/wp-content\/uploads\/sites\/22\/2025-map-europe-red-grey-768x986.png 768w, https:\/\/www.novotek.com\/de\/wp-content\/uploads\/sites\/22\/2025-map-europe-red-grey-67x86.png 67w, https:\/\/www.novotek.com\/de\/wp-content\/uploads\/sites\/22\/2025-map-europe-red-grey-279x358.png 279w, https:\/\/www.novotek.com\/de\/wp-content\/uploads\/sites\/22\/2025-map-europe-red-grey-576x740.png 576w\" sizes=\"auto, (max-width: 779px) 100vw, 779px\" \/><\/figure><div class=\"wp-block-media-text__content\"><div class=\"container-md heading  \">\n<h2 class=\"wp-block-heading has-white-color has-text-color has-link-color wp-elements-0d6bb33cd9017c279034d458bc483ee7\">Unsere Geschichte<\/h2>\n<\/div>\n\n<div class=\"container-md heading  \">\n<h3 class=\"wp-block-heading has-white-color has-text-color has-link-color has-medium-font-size wp-elements-abc9ce2811b2508d2234b2e4169a6078\">Von 1986 bis heute<\/h3>\n<\/div>\n\n<div class=\"container-md list  \">\n<ul class=\"wp-block-list\"><div class=\"container-md list-item  \">\n<li class=\"has-white-color has-text-color has-link-color wp-elements-4a287e1b0e3a22a979229c6c51fcfa44\">Novotek wurde 1986 von G\u00f6ran gegr\u00fcndet, einem innovativen Unternehmer, der eine Gesch\u00e4ftsm\u00f6glichkeit mit einem der ersten HMIs aus \u00dcbersee erkannte, einem Produkt, das heute unter dem Namen Proficy iFIX von GE Vernova bekannt ist&#8230;<\/li>\n<\/div><\/ul>\n<\/div>\n\n<div class=\"container-md spacer  \">\n<div style=\"height:10px\" aria-hidden=\"true\" class=\"wp-block-spacer\"><\/div>\n<\/div>\n\n<div class=\"container-md list  \">\n<ul class=\"wp-block-list\"><div class=\"container-md list-item  \">\n<li class=\"has-white-color has-text-color has-link-color wp-elements-ec0ed704616b1d1cf8a8440ba62574fa\">Im Laufe der Jahre hat sich unser Produktportfolio schrittweise mit unseren Kunden und ihren Bed\u00fcrfnissen entwickelt. Daher arbeiten wir heute sowohl mit lokalen KMUs als auch mit internationalen Gro\u00dfkonzernen in allen Branchen zusammen.<\/li>\n<\/div><\/ul>\n<\/div>\n\n<div class=\"container-md spacer  \">\n<div style=\"height:10px\" aria-hidden=\"true\" class=\"wp-block-spacer\"><\/div>\n<\/div>\n\n<div class=\"container-md list  \">\n<ul class=\"wp-block-list\"><div class=\"container-md list-item  \">\n<li class=\"has-white-color has-text-color has-link-color wp-elements-d9479f08e187d85b5e612f711d379f8f\">Parallel dazu haben wir unsere geografische Abdeckung ausgebaut und so Gruppensynergien und eine umfassendere Betreuung unserer Kunden geschaffen.<\/li>\n<\/div><\/ul>\n<\/div><\/div><\/div>\n<\/div><\/div><\/div>\n<\/div>\n\n<div class=\"container-md spacer  \">\n<div style=\"height:100px\" aria-hidden=\"true\" class=\"wp-block-spacer\"><\/div>\n<\/div>\n\n<div class=\"container-md columns  alignwide\">\n<div class=\"wp-block-columns alignwide is-layout-flex wp-container-core-columns-is-layout-9d6595d7 wp-block-columns-is-layout-flex\"><div class=\"container-md column  \">\n<div class=\"wp-block-column is-layout-flow wp-block-column-is-layout-flow\" style=\"flex-basis:66.66%\"><div class=\"container-md heading  \">\n<h2 class=\"wp-block-heading\">Unsere Lieferanten<\/h2>\n<\/div>\n\n<div class=\"container-md heading  \">\n<h3 class=\"wp-block-heading\" style=\"font-size:16px\">inray und HighByte in Deutschland<\/h3>\n<\/div>\n\n<div class=\"container-md paragraph  \">\n<p>Seit seiner Gr\u00fcndung vertreibt das Unternehmen Novotek unter anderem die Software von HighByte, inray, AMDT, PTC Kepware\/Thingworx, Inray, Emerson und anderen lokalen Partnern.&nbsp;<\/p>\n<\/div>\n\n<div class=\"container-md spacer  \">\n<div style=\"height:25px\" aria-hidden=\"true\" class=\"wp-block-spacer\"><\/div>\n<\/div>\n\n<div class=\"container-md paragraph  \">\n<p>In Deutschland vertreibt Novotek die Produkte von inray und HighByte und st\u00fctzt sich dabei auf lokale, bei Bedarf aber auch auf internationale Ressourcen.&nbsp;<\/p>\n<\/div>\n\n<div class=\"container-md spacer  \">\n<div style=\"height:50px\" aria-hidden=\"true\" class=\"wp-block-spacer\"><\/div>\n<\/div>\n\n<div class=\"container-md paragraph  \">\n<p class=\"has-novotek-red-color has-text-color has-link-color wp-elements-f1f86ecc3a00bd57f8dfb590201fec69\"><a href=\"https:\/\/www.inray.de\/\">www.inray.de<\/a> | <a href=\"https:\/\/www.highbyte.com\/\">www.highbyte.com<\/a><\/p>\n<\/div><\/div>\n<\/div>\n\n<div class=\"container-md column  \">\n<div class=\"wp-block-column is-layout-flow wp-block-column-is-layout-flow\" style=\"flex-basis:33.33%\"><div class=\"container-md image  \">\n<figure class=\"wp-block-image size-full\"><img loading=\"lazy\" decoding=\"async\" width=\"234\" height=\"121\" src=\"https:\/\/www.novotek.com\/de\/wp-content\/uploads\/sites\/22\/inray-grau.png\" alt=\"\" class=\"wp-image-26679\" srcset=\"https:\/\/www.novotek.com\/de\/wp-content\/uploads\/sites\/22\/inray-grau.png 234w, https:\/\/www.novotek.com\/de\/wp-content\/uploads\/sites\/22\/inray-grau-86x44.png 86w\" sizes=\"auto, (max-width: 234px) 100vw, 234px\" \/><\/figure>\n<\/div>\n\n<div class=\"container-md image  \">\n<figure class=\"wp-block-image size-full\"><img loading=\"lazy\" decoding=\"async\" width=\"250\" height=\"137\" src=\"https:\/\/www.novotek.com\/de\/wp-content\/uploads\/sites\/22\/HighByte-Logo_sw.png\" alt=\"\" class=\"wp-image-9981\" \/><\/figure>\n<\/div><\/div>\n<\/div><\/div>\n<\/div>","protected":false},"excerpt":{"rendered":"<p>Novotek Industrial Data bietet Software, Beratung und L\u00f6sungen f\u00fcr die Digitalisierung der Produktion auf dem europ\u00e4ischen Markt an. <\/p>\n","protected":false},"author":35,"featured_media":0,"parent":0,"menu_order":5,"comment_status":"closed","ping_status":"closed","template":"","meta":{"_acf_changed":false,"_relevanssi_hide_post":"","_relevanssi_pin_for_all":"","_relevanssi_pin_keywords":"","_relevanssi_unpin_keywords":"","_relevanssi_related_keywords":"","_relevanssi_related_include_ids":"","_relevanssi_related_exclude_ids":"","_relevanssi_related_no_append":"","_relevanssi_related_not_related":"","_relevanssi_related_posts":"21848,21868,22383,20572,22101,19772","_relevanssi_noindex_reason":"","content-type":"","footnotes":""},"class_list":["post-26413","page","type-page","status-publish","hentry"],"acf":[],"yoast_head":"<!-- This site is optimized with the Yoast SEO plugin v27.5 - https:\/\/yoast.com\/product\/yoast-seo-wordpress\/ -->\n<title>\u00dcber uns - Novotek Industrial Data<\/title>\n<meta name=\"description\" content=\"Novotek Industrial Data bietet Software, Beratung und L\u00f6sungen f\u00fcr die Digitalisierung der Produktion auf dem europ\u00e4ischen Markt an.\" \/>\n<meta name=\"robots\" content=\"index, follow, max-snippet:-1, max-image-preview:large, max-video-preview:-1\" \/>\n<link rel=\"canonical\" href=\"https:\/\/www.novotek.com\/de\/ueber-uns\/\" \/>\n<meta property=\"og:locale\" content=\"de_DE\" \/>\n<meta property=\"og:type\" content=\"article\" \/>\n<meta property=\"og:title\" content=\"\u00dcber uns - Novotek Industrial Data\" \/>\n<meta property=\"og:description\" content=\"Novotek Industrial Data bietet Software, Beratung und L\u00f6sungen f\u00fcr die Digitalisierung der Produktion auf dem europ\u00e4ischen Markt an.\" \/>\n<meta property=\"og:url\" content=\"https:\/\/www.novotek.com\/de\/ueber-uns\/\" \/>\n<meta property=\"og:site_name\" content=\"Novotek Industrial Data\" \/>\n<meta property=\"article:modified_time\" content=\"2026-03-31T14:29:23+00:00\" \/>\n<meta property=\"og:image\" content=\"https:\/\/www.novotek.com\/de\/wp-content\/uploads\/sites\/22\/CARE-horizontally-1024x372.png\" \/>\n<meta name=\"twitter:card\" content=\"summary_large_image\" \/>\n<meta name=\"twitter:label1\" content=\"Gesch\u00e4tzte Lesezeit\" \/>\n\t<meta name=\"twitter:data1\" content=\"3\u00a0Minuten\" \/>\n<script type=\"application\/ld+json\" class=\"yoast-schema-graph\">{\"@context\":\"https:\\\/\\\/schema.org\",\"@graph\":[{\"@type\":\"WebPage\",\"@id\":\"https:\\\/\\\/www.novotek.com\\\/de\\\/ueber-uns\\\/\",\"url\":\"https:\\\/\\\/www.novotek.com\\\/de\\\/ueber-uns\\\/\",\"name\":\"\u00dcber uns - Novotek Industrial Data\",\"isPartOf\":{\"@id\":\"https:\\\/\\\/www.novotek.com\\\/de\\\/#website\"},\"primaryImageOfPage\":{\"@id\":\"https:\\\/\\\/www.novotek.com\\\/de\\\/ueber-uns\\\/#primaryimage\"},\"image\":{\"@id\":\"https:\\\/\\\/www.novotek.com\\\/de\\\/ueber-uns\\\/#primaryimage\"},\"thumbnailUrl\":\"https:\\\/\\\/www.novotek.com\\\/de\\\/wp-content\\\/uploads\\\/sites\\\/22\\\/CARE-horizontally-1024x372.png\",\"datePublished\":\"2026-03-19T10:22:49+00:00\",\"dateModified\":\"2026-03-31T14:29:23+00:00\",\"description\":\"Novotek Industrial Data bietet Software, Beratung und L\u00f6sungen f\u00fcr die Digitalisierung der Produktion auf dem europ\u00e4ischen Markt an.\",\"breadcrumb\":{\"@id\":\"https:\\\/\\\/www.novotek.com\\\/de\\\/ueber-uns\\\/#breadcrumb\"},\"inLanguage\":\"de-CH\",\"potentialAction\":[{\"@type\":\"ReadAction\",\"target\":[\"https:\\\/\\\/www.novotek.com\\\/de\\\/ueber-uns\\\/\"]}]},{\"@type\":\"ImageObject\",\"inLanguage\":\"de-CH\",\"@id\":\"https:\\\/\\\/www.novotek.com\\\/de\\\/ueber-uns\\\/#primaryimage\",\"url\":\"https:\\\/\\\/www.novotek.com\\\/de\\\/wp-content\\\/uploads\\\/sites\\\/22\\\/CARE-horizontally.png.webp\",\"contentUrl\":\"https:\\\/\\\/www.novotek.com\\\/de\\\/wp-content\\\/uploads\\\/sites\\\/22\\\/CARE-horizontally.png.webp\",\"width\":1844,\"height\":670},{\"@type\":\"BreadcrumbList\",\"@id\":\"https:\\\/\\\/www.novotek.com\\\/de\\\/ueber-uns\\\/#breadcrumb\",\"itemListElement\":[{\"@type\":\"ListItem\",\"position\":1,\"name\":\"Home\",\"item\":\"https:\\\/\\\/www.novotek.com\\\/de\\\/\"},{\"@type\":\"ListItem\",\"position\":2,\"name\":\"\u00dcber uns\"}]},{\"@type\":\"WebSite\",\"@id\":\"https:\\\/\\\/www.novotek.com\\\/de\\\/#website\",\"url\":\"https:\\\/\\\/www.novotek.com\\\/de\\\/\",\"name\":\"Novotek Switzerland\",\"description\":\"Connect - Digitalize - Optimize\",\"potentialAction\":[{\"@type\":\"SearchAction\",\"target\":{\"@type\":\"EntryPoint\",\"urlTemplate\":\"https:\\\/\\\/www.novotek.com\\\/de\\\/?s={search_term_string}\"},\"query-input\":{\"@type\":\"PropertyValueSpecification\",\"valueRequired\":true,\"valueName\":\"search_term_string\"}}],\"inLanguage\":\"de-CH\"}]}<\/script>\n<!-- \/ Yoast SEO plugin. -->","yoast_head_json":{"title":"\u00dcber uns - Novotek Industrial Data","description":"Novotek Industrial Data bietet Software, Beratung und L\u00f6sungen f\u00fcr die Digitalisierung der Produktion auf dem europ\u00e4ischen Markt an.","robots":{"index":"index","follow":"follow","max-snippet":"max-snippet:-1","max-image-preview":"max-image-preview:large","max-video-preview":"max-video-preview:-1"},"canonical":"https:\/\/www.novotek.com\/de\/ueber-uns\/","og_locale":"de_DE","og_type":"article","og_title":"\u00dcber uns - Novotek Industrial Data","og_description":"Novotek Industrial Data bietet Software, Beratung und L\u00f6sungen f\u00fcr die Digitalisierung der Produktion auf dem europ\u00e4ischen Markt an.","og_url":"https:\/\/www.novotek.com\/de\/ueber-uns\/","og_site_name":"Novotek Industrial Data","article_modified_time":"2026-03-31T14:29:23+00:00","og_image":[{"url":"https:\/\/www.novotek.com\/de\/wp-content\/uploads\/sites\/22\/CARE-horizontally-1024x372.png","type":"","width":"","height":""}],"twitter_card":"summary_large_image","twitter_misc":{"Gesch\u00e4tzte Lesezeit":"3\u00a0Minuten"},"schema":{"@context":"https:\/\/schema.org","@graph":[{"@type":"WebPage","@id":"https:\/\/www.novotek.com\/de\/ueber-uns\/","url":"https:\/\/www.novotek.com\/de\/ueber-uns\/","name":"\u00dcber uns - Novotek Industrial Data","isPartOf":{"@id":"https:\/\/www.novotek.com\/de\/#website"},"primaryImageOfPage":{"@id":"https:\/\/www.novotek.com\/de\/ueber-uns\/#primaryimage"},"image":{"@id":"https:\/\/www.novotek.com\/de\/ueber-uns\/#primaryimage"},"thumbnailUrl":"https:\/\/www.novotek.com\/de\/wp-content\/uploads\/sites\/22\/CARE-horizontally-1024x372.png","datePublished":"2026-03-19T10:22:49+00:00","dateModified":"2026-03-31T14:29:23+00:00","description":"Novotek Industrial Data bietet Software, Beratung und L\u00f6sungen f\u00fcr die Digitalisierung der Produktion auf dem europ\u00e4ischen Markt an.","breadcrumb":{"@id":"https:\/\/www.novotek.com\/de\/ueber-uns\/#breadcrumb"},"inLanguage":"de-CH","potentialAction":[{"@type":"ReadAction","target":["https:\/\/www.novotek.com\/de\/ueber-uns\/"]}]},{"@type":"ImageObject","inLanguage":"de-CH","@id":"https:\/\/www.novotek.com\/de\/ueber-uns\/#primaryimage","url":"https:\/\/www.novotek.com\/de\/wp-content\/uploads\/sites\/22\/CARE-horizontally.png.webp","contentUrl":"https:\/\/www.novotek.com\/de\/wp-content\/uploads\/sites\/22\/CARE-horizontally.png.webp","width":1844,"height":670},{"@type":"BreadcrumbList","@id":"https:\/\/www.novotek.com\/de\/ueber-uns\/#breadcrumb","itemListElement":[{"@type":"ListItem","position":1,"name":"Home","item":"https:\/\/www.novotek.com\/de\/"},{"@type":"ListItem","position":2,"name":"\u00dcber uns"}]},{"@type":"WebSite","@id":"https:\/\/www.novotek.com\/de\/#website","url":"https:\/\/www.novotek.com\/de\/","name":"Novotek Switzerland","description":"Connect - Digitalize - Optimize","potentialAction":[{"@type":"SearchAction","target":{"@type":"EntryPoint","urlTemplate":"https:\/\/www.novotek.com\/de\/?s={search_term_string}"},"query-input":{"@type":"PropertyValueSpecification","valueRequired":true,"valueName":"search_term_string"}}],"inLanguage":"de-CH"}]}},"_links":{"self":[{"href":"https:\/\/www.novotek.com\/de\/wp-json\/wp\/v2\/pages\/26413","targetHints":{"allow":["GET"]}}],"collection":[{"href":"https:\/\/www.novotek.com\/de\/wp-json\/wp\/v2\/pages"}],"about":[{"href":"https:\/\/www.novotek.com\/de\/wp-json\/wp\/v2\/types\/page"}],"author":[{"embeddable":true,"href":"https:\/\/www.novotek.com\/de\/wp-json\/wp\/v2\/users\/35"}],"replies":[{"embeddable":true,"href":"https:\/\/www.novotek.com\/de\/wp-json\/wp\/v2\/comments?post=26413"}],"version-history":[{"count":16,"href":"https:\/\/www.novotek.com\/de\/wp-json\/wp\/v2\/pages\/26413\/revisions"}],"predecessor-version":[{"id":27376,"href":"https:\/\/www.novotek.com\/de\/wp-json\/wp\/v2\/pages\/26413\/revisions\/27376"}],"wp:attachment":[{"href":"https:\/\/www.novotek.com\/de\/wp-json\/wp\/v2\/media?parent=26413"}],"curies":[{"name":"wp","href":"https:\/\/api.w.org\/{rel}","templated":true}]}}