{"id":26450,"date":"2026-03-19T11:53:27","date_gmt":"2026-03-19T11:53:27","guid":{"rendered":"https:\/\/www.novotek.com\/de\/?page_id=26450"},"modified":"2026-03-30T08:21:58","modified_gmt":"2026-03-30T08:21:58","slug":"impressum","status":"publish","type":"page","link":"https:\/\/www.novotek.com\/de\/impressum\/","title":{"rendered":"Impressum"},"content":{"rendered":"<div class=\"container-md spacer  \">\n<div style=\"height:50px\" aria-hidden=\"true\" class=\"wp-block-spacer\"><\/div>\n<\/div>\n\n<div class=\"container-md heading  \">\n<h1 class=\"wp-block-heading\">Impressum<\/h1>\n<\/div>\n\n<div class=\"container-md spacer  \">\n<div style=\"height:30px\" aria-hidden=\"true\" class=\"wp-block-spacer\"><\/div>\n<\/div>\n\n<div class=\"container-md html  \">\n<p><strong><i>Kontakt-Adresse<\/i><\/strong><\/p><p>Novotek Industrial Data GmbH<br \/>Theatinerstra\u00dfe 8, c\/o ARQIS Partnerschaftsgesellschaft mbB<br \/>80333 M\u00fcnchen<br \/>Deutschland<\/p><p>E-Mail:<br \/>info.germany@novotek.com<\/p><p>Telefon:<br \/>+46 736 79 17 47<\/p><br \/><p><strong><i>Vertretungsberechtigte Person(en)<\/i><\/strong><\/p>Veronika Grozdanovska<br \/><br \/><p><strong><i>Handelsregister-Eintrag<\/i><\/strong><\/p>Eingetragener Firmenname:<br \/><strong>Novotek Industrial Data GmbH<\/strong><br \/><br \/>Umsatzsteuer-ID:<br \/><strong>DE460762247<\/strong><br \/><br \/>TAX Nr:<br \/><strong>143\/167\/01133<\/strong><br \/><br \/>Amtsgericht M\u00fcnchen<br \/><strong>HRB 309945<\/strong><br \/><br \/><br \/><p><strong><i>Haftung f\u00fcr Inhalte<\/i><\/strong><\/p><p>Die Inhalte unserer Seiten wurden mit gr\u00f6\u00dfter Sorgfalt erstellt. F\u00fcr die Richtigkeit,\nVollst\u00e4ndigkeit und Aktualit\u00e4t der Inhalte k\u00f6nnen wir jedoch keine Gew\u00e4hr \u00fcbernehmen.<\/p><br \/><p><strong><i>Urheberrechte<\/i><\/strong><\/p><p>Die Urheber- und alle anderen Rechte an Inhalten, Bildern, Fotos oder anderen Dateien auf dieser Website, geh&ouml;ren ausschlie\u00dflich <strong>der Firma Novotek Industrial Data GmbH<\/strong> oder den speziell genannten Rechteinhabern. F&uuml;r die Reproduktion jeglicher Elemente ist die schriftliche Zustimmung des Urheberrechtstr&auml;gers im Voraus einzuholen.<\/p>\n<\/div>\n\n<div class=\"container-md spacer  \">\n<div style=\"height:50px\" aria-hidden=\"true\" class=\"wp-block-spacer\"><\/div>\n<\/div>","protected":false},"excerpt":{"rendered":"<p>Impressum Kontakt-Adresse Novotek Industrial Data GmbHTheatinerstra\u00dfe 8, c\/o ARQIS Partnerschaftsgesellschaft mbB80333 M\u00fcnchenDeutschland E-Mail:info.germany@novotek.com Telefon:+46 736 79 17 47 Vertretungsberechtigte Person(en) Veronika Grozdanovska Handelsregister-Eintrag Eingetragener Firmenname:Novotek Industrial Data GmbH Umsatzsteuer-ID:DE460762247 TAX Nr:143\/167\/01133 Amtsgericht M\u00fcnchenHRB 309945 Haftung f\u00fcr Inhalte Die Inhalte unserer Seiten wurden mit gr\u00f6\u00dfter Sorgfalt erstellt. F\u00fcr die Richtigkeit, Vollst\u00e4ndigkeit und Aktualit\u00e4t der Inhalte k\u00f6nnen [&hellip;]<\/p>\n","protected":false},"author":35,"featured_media":0,"parent":0,"menu_order":6,"comment_status":"closed","ping_status":"closed","template":"","meta":{"_acf_changed":false,"_relevanssi_hide_post":"","_relevanssi_pin_for_all":"","_relevanssi_pin_keywords":"","_relevanssi_unpin_keywords":"","_relevanssi_related_keywords":"","_relevanssi_related_include_ids":"","_relevanssi_related_exclude_ids":"","_relevanssi_related_no_append":"","_relevanssi_related_not_related":"","_relevanssi_related_posts":"21848","_relevanssi_noindex_reason":"","content-type":"","footnotes":""},"class_list":["post-26450","page","type-page","status-publish","hentry"],"acf":[],"yoast_head":"<!-- This site is optimized with the Yoast SEO plugin v27.5 - https:\/\/yoast.com\/product\/yoast-seo-wordpress\/ -->\n<title>Impressum - Novotek Industrial Data<\/title>\n<meta name=\"robots\" content=\"index, follow, max-snippet:-1, max-image-preview:large, max-video-preview:-1\" \/>\n<link rel=\"canonical\" href=\"https:\/\/www.novotek.com\/de\/impressum\/\" \/>\n<meta property=\"og:locale\" content=\"de_DE\" \/>\n<meta property=\"og:type\" content=\"article\" \/>\n<meta property=\"og:title\" content=\"Impressum - Novotek Industrial Data\" \/>\n<meta property=\"og:description\" content=\"Impressum Kontakt-Adresse Novotek Industrial Data GmbHTheatinerstra\u00dfe 8, c\/o ARQIS Partnerschaftsgesellschaft mbB80333 M\u00fcnchenDeutschland E-Mail:info.germany@novotek.com Telefon:+46 736 79 17 47 Vertretungsberechtigte Person(en) Veronika Grozdanovska Handelsregister-Eintrag Eingetragener Firmenname:Novotek Industrial Data GmbH Umsatzsteuer-ID:DE460762247 TAX Nr:143\/167\/01133 Amtsgericht M\u00fcnchenHRB 309945 Haftung f\u00fcr Inhalte Die Inhalte unserer Seiten wurden mit gr\u00f6\u00dfter Sorgfalt erstellt. F\u00fcr die Richtigkeit, Vollst\u00e4ndigkeit und Aktualit\u00e4t der Inhalte k\u00f6nnen [&hellip;]\" \/>\n<meta property=\"og:url\" content=\"https:\/\/www.novotek.com\/de\/impressum\/\" \/>\n<meta property=\"og:site_name\" content=\"Novotek Industrial Data\" \/>\n<meta property=\"article:modified_time\" content=\"2026-03-30T08:21:58+00:00\" \/>\n<meta name=\"twitter:card\" content=\"summary_large_image\" \/>\n<meta name=\"twitter:label1\" content=\"Gesch\u00e4tzte Lesezeit\" \/>\n\t<meta name=\"twitter:data1\" content=\"1\u00a0Minute\" \/>\n<script type=\"application\/ld+json\" class=\"yoast-schema-graph\">{\"@context\":\"https:\\\/\\\/schema.org\",\"@graph\":[{\"@type\":\"WebPage\",\"@id\":\"https:\\\/\\\/www.novotek.com\\\/de\\\/impressum\\\/\",\"url\":\"https:\\\/\\\/www.novotek.com\\\/de\\\/impressum\\\/\",\"name\":\"Impressum - Novotek Industrial Data\",\"isPartOf\":{\"@id\":\"https:\\\/\\\/www.novotek.com\\\/de\\\/#website\"},\"datePublished\":\"2026-03-19T11:53:27+00:00\",\"dateModified\":\"2026-03-30T08:21:58+00:00\",\"breadcrumb\":{\"@id\":\"https:\\\/\\\/www.novotek.com\\\/de\\\/impressum\\\/#breadcrumb\"},\"inLanguage\":\"de-CH\",\"potentialAction\":[{\"@type\":\"ReadAction\",\"target\":[\"https:\\\/\\\/www.novotek.com\\\/de\\\/impressum\\\/\"]}]},{\"@type\":\"BreadcrumbList\",\"@id\":\"https:\\\/\\\/www.novotek.com\\\/de\\\/impressum\\\/#breadcrumb\",\"itemListElement\":[{\"@type\":\"ListItem\",\"position\":1,\"name\":\"Home\",\"item\":\"https:\\\/\\\/www.novotek.com\\\/de\\\/\"},{\"@type\":\"ListItem\",\"position\":2,\"name\":\"Impressum\"}]},{\"@type\":\"WebSite\",\"@id\":\"https:\\\/\\\/www.novotek.com\\\/de\\\/#website\",\"url\":\"https:\\\/\\\/www.novotek.com\\\/de\\\/\",\"name\":\"Novotek Switzerland\",\"description\":\"Connect - Digitalize - Optimize\",\"potentialAction\":[{\"@type\":\"SearchAction\",\"target\":{\"@type\":\"EntryPoint\",\"urlTemplate\":\"https:\\\/\\\/www.novotek.com\\\/de\\\/?s={search_term_string}\"},\"query-input\":{\"@type\":\"PropertyValueSpecification\",\"valueRequired\":true,\"valueName\":\"search_term_string\"}}],\"inLanguage\":\"de-CH\"}]}<\/script>\n<!-- \/ Yoast SEO plugin. -->","yoast_head_json":{"title":"Impressum - Novotek Industrial Data","robots":{"index":"index","follow":"follow","max-snippet":"max-snippet:-1","max-image-preview":"max-image-preview:large","max-video-preview":"max-video-preview:-1"},"canonical":"https:\/\/www.novotek.com\/de\/impressum\/","og_locale":"de_DE","og_type":"article","og_title":"Impressum - Novotek Industrial Data","og_description":"Impressum Kontakt-Adresse Novotek Industrial Data GmbHTheatinerstra\u00dfe 8, c\/o ARQIS Partnerschaftsgesellschaft mbB80333 M\u00fcnchenDeutschland E-Mail:info.germany@novotek.com Telefon:+46 736 79 17 47 Vertretungsberechtigte Person(en) Veronika Grozdanovska Handelsregister-Eintrag Eingetragener Firmenname:Novotek Industrial Data GmbH Umsatzsteuer-ID:DE460762247 TAX Nr:143\/167\/01133 Amtsgericht M\u00fcnchenHRB 309945 Haftung f\u00fcr Inhalte Die Inhalte unserer Seiten wurden mit gr\u00f6\u00dfter Sorgfalt erstellt. F\u00fcr die Richtigkeit, Vollst\u00e4ndigkeit und Aktualit\u00e4t der Inhalte k\u00f6nnen [&hellip;]","og_url":"https:\/\/www.novotek.com\/de\/impressum\/","og_site_name":"Novotek Industrial Data","article_modified_time":"2026-03-30T08:21:58+00:00","twitter_card":"summary_large_image","twitter_misc":{"Gesch\u00e4tzte Lesezeit":"1\u00a0Minute"},"schema":{"@context":"https:\/\/schema.org","@graph":[{"@type":"WebPage","@id":"https:\/\/www.novotek.com\/de\/impressum\/","url":"https:\/\/www.novotek.com\/de\/impressum\/","name":"Impressum - Novotek Industrial Data","isPartOf":{"@id":"https:\/\/www.novotek.com\/de\/#website"},"datePublished":"2026-03-19T11:53:27+00:00","dateModified":"2026-03-30T08:21:58+00:00","breadcrumb":{"@id":"https:\/\/www.novotek.com\/de\/impressum\/#breadcrumb"},"inLanguage":"de-CH","potentialAction":[{"@type":"ReadAction","target":["https:\/\/www.novotek.com\/de\/impressum\/"]}]},{"@type":"BreadcrumbList","@id":"https:\/\/www.novotek.com\/de\/impressum\/#breadcrumb","itemListElement":[{"@type":"ListItem","position":1,"name":"Home","item":"https:\/\/www.novotek.com\/de\/"},{"@type":"ListItem","position":2,"name":"Impressum"}]},{"@type":"WebSite","@id":"https:\/\/www.novotek.com\/de\/#website","url":"https:\/\/www.novotek.com\/de\/","name":"Novotek Switzerland","description":"Connect - Digitalize - Optimize","potentialAction":[{"@type":"SearchAction","target":{"@type":"EntryPoint","urlTemplate":"https:\/\/www.novotek.com\/de\/?s={search_term_string}"},"query-input":{"@type":"PropertyValueSpecification","valueRequired":true,"valueName":"search_term_string"}}],"inLanguage":"de-CH"}]}},"_links":{"self":[{"href":"https:\/\/www.novotek.com\/de\/wp-json\/wp\/v2\/pages\/26450","targetHints":{"allow":["GET"]}}],"collection":[{"href":"https:\/\/www.novotek.com\/de\/wp-json\/wp\/v2\/pages"}],"about":[{"href":"https:\/\/www.novotek.com\/de\/wp-json\/wp\/v2\/types\/page"}],"author":[{"embeddable":true,"href":"https:\/\/www.novotek.com\/de\/wp-json\/wp\/v2\/users\/35"}],"replies":[{"embeddable":true,"href":"https:\/\/www.novotek.com\/de\/wp-json\/wp\/v2\/comments?post=26450"}],"version-history":[{"count":19,"href":"https:\/\/www.novotek.com\/de\/wp-json\/wp\/v2\/pages\/26450\/revisions"}],"predecessor-version":[{"id":27216,"href":"https:\/\/www.novotek.com\/de\/wp-json\/wp\/v2\/pages\/26450\/revisions\/27216"}],"wp:attachment":[{"href":"https:\/\/www.novotek.com\/de\/wp-json\/wp\/v2\/media?parent=26450"}],"curies":[{"name":"wp","href":"https:\/\/api.w.org\/{rel}","templated":true}]}}