{"id":26870,"date":"2026-03-26T10:28:48","date_gmt":"2026-03-26T10:28:48","guid":{"rendered":"https:\/\/www.novotek.com\/de\/?page_id=26870"},"modified":"2026-03-31T14:02:14","modified_gmt":"2026-03-31T14:02:14","slug":"insights","status":"publish","type":"page","link":"https:\/\/www.novotek.com\/de\/insights\/","title":{"rendered":"Insights"},"content":{"rendered":"  <div class=\"hero\">\n    <div class=\"carousel hero-slider small\" data-flickity data-flickity-options='{\"prevNextButtons\": false}'>\n              <div class=\"carousel-cell\">\n          <div class=\"container\">\n            <div class=\"hero-content\">\n                              <h1>Wissen und Insights aus der industriellen Digitalisierung<\/h1>\n<p>Industrie, Technologie, Daten und Menschen: Verschaffen Sie sich einen besseren Einblick in die industrielle Digitalisierung und erfahren Sie mehr \u00fcber verschiedene L\u00f6sungen. Wenn Sie \u00fcber eine neue Ver\u00f6ffentlichung informiert werden m\u00f6chten, abonnieren Sie unsere Insights.<\/p>\n              \n                          <\/div>\n          <\/div>\n\n          <img decoding=\"async\" width=\"1024\" height=\"293\" src=\"https:\/\/www.novotek.com\/de\/wp-content\/uploads\/sites\/22\/Insight_Hero-1024x293.png.webp\" class=\"hero-bg\" alt=\"Hero Img\" fetchpriority=\"high\" srcset=\"https:\/\/www.novotek.com\/de\/wp-content\/uploads\/sites\/22\/Insight_Hero-1024x293.png.webp 1024w, https:\/\/www.novotek.com\/de\/wp-content\/uploads\/sites\/22\/Insight_Hero-300x86.png.webp 300w, https:\/\/www.novotek.com\/de\/wp-content\/uploads\/sites\/22\/Insight_Hero-768x220.png.webp 768w, https:\/\/www.novotek.com\/de\/wp-content\/uploads\/sites\/22\/Insight_Hero-1536x440.png.webp 1536w, https:\/\/www.novotek.com\/de\/wp-content\/uploads\/sites\/22\/Insight_Hero-86x25.png.webp 86w, https:\/\/www.novotek.com\/de\/wp-content\/uploads\/sites\/22\/Insight_Hero-306x88.png.webp 306w, https:\/\/www.novotek.com\/de\/wp-content\/uploads\/sites\/22\/Insight_Hero-636x182.png.webp 636w, https:\/\/www.novotek.com\/de\/wp-content\/uploads\/sites\/22\/Insight_Hero-1632x468.png.webp 1632w, https:\/\/www.novotek.com\/de\/wp-content\/uploads\/sites\/22\/Insight_Hero.png.webp 1920w\" sizes=\"(max-width: 1024px) 100vw, 1024px\" \/>                  <\/div>\n          <\/div>\n\n      <\/div>\n\n   \n\n\n<div class=\"posts-columns \">\n  <div class=\"container\">\n  <div class=\"row\">\n    <div class=\"col-12 col-md-4\">\n<article class=\"basic \">\n    <div class=\"image\">\n      <a href=\"https:\/\/www.novotek.com\/de\/insight\/i3x-erklaert-die-neue-api-schicht-fuer-den-industriellen-datenzugang\/\">\n                  <img loading=\"lazy\" decoding=\"async\" width=\"306\" height=\"136\" src=\"https:\/\/www.novotek.com\/de\/wp-content\/uploads\/sites\/22\/i3X-header-1024x455-1-306x136.jpg.webp\" class=\"attachment-sm size-sm\" alt=\"\" srcset=\"https:\/\/www.novotek.com\/de\/wp-content\/uploads\/sites\/22\/i3X-header-1024x455-1-306x136.jpg.webp 306w, https:\/\/www.novotek.com\/de\/wp-content\/uploads\/sites\/22\/i3X-header-1024x455-1-300x133.jpg.webp 300w, https:\/\/www.novotek.com\/de\/wp-content\/uploads\/sites\/22\/i3X-header-1024x455-1-768x341.jpg.webp 768w, https:\/\/www.novotek.com\/de\/wp-content\/uploads\/sites\/22\/i3X-header-1024x455-1-86x38.jpg.webp 86w, https:\/\/www.novotek.com\/de\/wp-content\/uploads\/sites\/22\/i3X-header-1024x455-1-636x283.jpg.webp 636w, https:\/\/www.novotek.com\/de\/wp-content\/uploads\/sites\/22\/i3X-header-1024x455-1.jpg.webp 1024w\" sizes=\"auto, (max-width: 306px) 100vw, 306px\" \/>              <\/a>\n    <\/div>\n\n    <div>\n              <h4>i3X erkl\u00e4rt: Die neue API-Schicht f\u00fcr den industriellen Datenzugang<\/h4>\n      \n              <p>i3X ist ein offenes, herstellerunabh\u00e4ngiges API-Framework f\u00fcr den standardisierten Zugriff auf kontextualisierte Industriedaten.<\/p>\n      \n      <div>\n        <a href=\"https:\/\/www.novotek.com\/de\/insight\/i3x-erklaert-die-neue-api-schicht-fuer-den-industriellen-datenzugang\/\">\n          weiterlesen        <\/a>\n      <\/div>\n    <\/div>\n<\/article>\n<\/div><div class=\"col-12 col-md-4\">\n<article class=\"basic \">\n    <div class=\"image\">\n      <a href=\"https:\/\/www.novotek.com\/de\/insight\/model-context-protocol-mcp-im-industriellen-umfeld\/\">\n                  <img loading=\"lazy\" decoding=\"async\" width=\"306\" height=\"204\" src=\"https:\/\/www.novotek.com\/de\/wp-content\/uploads\/sites\/22\/mcp-insight_EN-306x204.jpg.webp\" class=\"attachment-sm size-sm\" alt=\"\" srcset=\"https:\/\/www.novotek.com\/de\/wp-content\/uploads\/sites\/22\/mcp-insight_EN-306x204.jpg.webp 306w, https:\/\/www.novotek.com\/de\/wp-content\/uploads\/sites\/22\/mcp-insight_EN-300x200.jpg.webp 300w, https:\/\/www.novotek.com\/de\/wp-content\/uploads\/sites\/22\/mcp-insight_EN-1024x683.jpg.webp 1024w, https:\/\/www.novotek.com\/de\/wp-content\/uploads\/sites\/22\/mcp-insight_EN-768x512.jpg.webp 768w, https:\/\/www.novotek.com\/de\/wp-content\/uploads\/sites\/22\/mcp-insight_EN-1536x1024.jpg.webp 1536w, https:\/\/www.novotek.com\/de\/wp-content\/uploads\/sites\/22\/mcp-insight_EN-2048x1365.jpg.webp 2048w, https:\/\/www.novotek.com\/de\/wp-content\/uploads\/sites\/22\/mcp-insight_EN-86x57.jpg.webp 86w, https:\/\/www.novotek.com\/de\/wp-content\/uploads\/sites\/22\/mcp-insight_EN-636x424.jpg.webp 636w, https:\/\/www.novotek.com\/de\/wp-content\/uploads\/sites\/22\/mcp-insight_EN-1632x1088.jpg.webp 1632w\" sizes=\"auto, (max-width: 306px) 100vw, 306px\" \/>              <\/a>\n    <\/div>\n\n    <div>\n              <h4>Model Context Protocol (MCP) im industriellen Umfeld<\/h4>\n      \n              <p>MCP erm\u00f6glicht einen sicheren, standardisierten Zugriff auf industrielle Daten und bildet die Grundlage f\u00fcr skalierbare KI-Anwendungen. Erfahren Sie, wie das Model Context Protocol zusammen mit HighByte Intelligence Hub OT- und IT-Daten f\u00fcr KI im industriellen Umfeld gezielt nutzbar macht.<\/p>\n      \n      <div>\n        <a href=\"https:\/\/www.novotek.com\/de\/insight\/model-context-protocol-mcp-im-industriellen-umfeld\/\">\n          weiterlesen        <\/a>\n      <\/div>\n    <\/div>\n<\/article>\n<\/div><div class=\"col-12 col-md-4\">\n<article class=\"basic \">\n    <div class=\"image\">\n      <a href=\"https:\/\/www.novotek.com\/de\/insight\/leitfaden-sind-ihre-industriedaten-bereit-fuer-ki\/\">\n                  <img loading=\"lazy\" decoding=\"async\" width=\"306\" height=\"234\" src=\"https:\/\/www.novotek.com\/de\/wp-content\/uploads\/sites\/22\/Preview-Insightsize-768x588-1-306x234.jpg.webp\" class=\"attachment-sm size-sm\" alt=\"\" srcset=\"https:\/\/www.novotek.com\/de\/wp-content\/uploads\/sites\/22\/Preview-Insightsize-768x588-1-306x234.jpg.webp 306w, https:\/\/www.novotek.com\/de\/wp-content\/uploads\/sites\/22\/Preview-Insightsize-768x588-1-300x230.jpg.webp 300w, https:\/\/www.novotek.com\/de\/wp-content\/uploads\/sites\/22\/Preview-Insightsize-768x588-1-86x66.jpg.webp 86w, https:\/\/www.novotek.com\/de\/wp-content\/uploads\/sites\/22\/Preview-Insightsize-768x588-1.jpg.webp 392w\" sizes=\"auto, (max-width: 306px) 100vw, 306px\" \/>              <\/a>\n    <\/div>\n\n    <div>\n              <h4>Leitfaden: Sind Ihre Industriedaten bereit f\u00fcr KI?<\/h4>\n      \n              <p>Pr\u00fcfen Sie die Qualit\u00e4t Ihrer Industriedaten gezielt mit unserem Guide f\u00fcr valide, KI-taugliche Daten &amp; robuste Machine-Learning-Anwendungen.<\/p>\n      \n      <div>\n        <a href=\"https:\/\/www.novotek.com\/de\/insight\/leitfaden-sind-ihre-industriedaten-bereit-fuer-ki\/\">\n          weiterlesen        <\/a>\n      <\/div>\n    <\/div>\n<\/article>\n<\/div><div class=\"col-12 col-md-4\">\n<article class=\"basic \">\n    <div class=\"image\">\n      <a href=\"https:\/\/www.novotek.com\/de\/insight\/unified-namespace-uns\/\">\n                  <img loading=\"lazy\" decoding=\"async\" width=\"306\" height=\"234\" src=\"https:\/\/www.novotek.com\/de\/wp-content\/uploads\/sites\/22\/UNS_insight_frontpage_preview-2-306x234.jpg.webp\" class=\"attachment-sm size-sm\" alt=\"\" srcset=\"https:\/\/www.novotek.com\/de\/wp-content\/uploads\/sites\/22\/UNS_insight_frontpage_preview-2-306x234.jpg.webp 306w, https:\/\/www.novotek.com\/de\/wp-content\/uploads\/sites\/22\/UNS_insight_frontpage_preview-2-300x230.jpg.webp 300w, https:\/\/www.novotek.com\/de\/wp-content\/uploads\/sites\/22\/UNS_insight_frontpage_preview-2-86x66.jpg.webp 86w, https:\/\/www.novotek.com\/de\/wp-content\/uploads\/sites\/22\/UNS_insight_frontpage_preview-2.jpg.webp 392w\" sizes=\"auto, (max-width: 306px) 100vw, 306px\" \/>              <\/a>\n    <\/div>\n\n    <div>\n              <h4>Unified Namespace erkl\u00e4rt &#8211; Funktionsweise &amp; Vorteile f\u00fcr die Industrie<\/h4>\n      \n              <p>Der Unified Namespace (UNS) schafft eine zentrale Datenstruktur f\u00fcr nahtlose Kommunikation und Echtzeit-Datenverarbeitung. So k\u00f6nnen Produktionsprozesse optimiert und moderne Technologien besser integriert werden.<\/p>\n      \n      <div>\n        <a href=\"https:\/\/www.novotek.com\/de\/insight\/unified-namespace-uns\/\">\n          weiterlesen        <\/a>\n      <\/div>\n    <\/div>\n<\/article>\n<\/div><div class=\"col-12 col-md-4\">\n<article class=\"basic \">\n    <div class=\"image\">\n      <a href=\"https:\/\/www.novotek.com\/de\/insight\/skalierbare-industrielle-datenarchitektur\/\">\n                  <img loading=\"lazy\" decoding=\"async\" width=\"306\" height=\"172\" src=\"https:\/\/www.novotek.com\/de\/wp-content\/uploads\/sites\/22\/industrielle-datenarchitektur-intelligence-hub.jpg\" class=\"attachment-sm size-sm\" alt=\"\" srcset=\"https:\/\/www.novotek.com\/de\/wp-content\/uploads\/sites\/22\/industrielle-datenarchitektur-intelligence-hub.jpg 392w, https:\/\/www.novotek.com\/de\/wp-content\/uploads\/sites\/22\/industrielle-datenarchitektur-intelligence-hub-300x168.jpg 300w\" sizes=\"auto, (max-width: 306px) 100vw, 306px\" \/>              <\/a>\n    <\/div>\n\n    <div>\n              <h4>Industrielle Datenarchitektur: In 10 Schritten zu einer skalierbaren L\u00f6sung<\/h4>\n      \n              <p>Die industrielle Datenarchitektur erfordert die Koordination von Personen, Prozessen und Technologien weltweit. Lesen Sie, wie es geht!<\/p>\n      \n      <div>\n        <a href=\"https:\/\/www.novotek.com\/de\/insight\/skalierbare-industrielle-datenarchitektur\/\">\n          weiterlesen        <\/a>\n      <\/div>\n    <\/div>\n<\/article>\n<\/div><div class=\"col-12 col-md-4\">\n<article class=\"basic \">\n    <div class=\"image\">\n      <a href=\"https:\/\/www.novotek.com\/de\/insight\/mqtt-leichtgewichtiges-publish-subscribe-messaging-protokoll\/\">\n                  <img loading=\"lazy\" decoding=\"async\" width=\"306\" height=\"161\" src=\"https:\/\/www.novotek.com\/de\/wp-content\/uploads\/sites\/22\/mqtt-logo_mitte.jpg\" class=\"attachment-sm size-sm\" alt=\"\" srcset=\"https:\/\/www.novotek.com\/de\/wp-content\/uploads\/sites\/22\/mqtt-logo_mitte.jpg 1000w, https:\/\/www.novotek.com\/de\/wp-content\/uploads\/sites\/22\/mqtt-logo_mitte-300x158.jpg 300w, https:\/\/www.novotek.com\/de\/wp-content\/uploads\/sites\/22\/mqtt-logo_mitte-768x405.jpg 768w\" sizes=\"auto, (max-width: 306px) 100vw, 306px\" \/>              <\/a>\n    <\/div>\n\n    <div>\n              <h4>MQTT \u2013 leichtgewichtiges Publish\/Subscribe-Messaging-Protokoll<\/h4>\n      \n              <p>Das beliebte Protokoll eignet sich insbesondere f\u00fcr die \u00dcbertragung von Daten aus physischen Ger\u00e4ten in die Cloud.<\/p>\n      \n      <div>\n        <a href=\"https:\/\/www.novotek.com\/de\/insight\/mqtt-leichtgewichtiges-publish-subscribe-messaging-protokoll\/\">\n          weiterlesen        <\/a>\n      <\/div>\n    <\/div>\n<\/article>\n<\/div><div class=\"col-12 col-md-4\">\n<article class=\"basic \">\n    <div class=\"image\">\n      <a href=\"https:\/\/www.novotek.com\/de\/insight\/der-industrielle-kommunikationsstandard\/\">\n                  <img loading=\"lazy\" decoding=\"async\" width=\"306\" height=\"234\" src=\"https:\/\/www.novotek.com\/de\/wp-content\/uploads\/sites\/22\/OPC_OPCUA_forside_392x300_.jpg\" class=\"attachment-sm size-sm\" alt=\"\" srcset=\"https:\/\/www.novotek.com\/de\/wp-content\/uploads\/sites\/22\/OPC_OPCUA_forside_392x300_.jpg 392w, https:\/\/www.novotek.com\/de\/wp-content\/uploads\/sites\/22\/OPC_OPCUA_forside_392x300_-300x230.jpg 300w\" sizes=\"auto, (max-width: 306px) 100vw, 306px\" \/>              <\/a>\n    <\/div>\n\n    <div>\n              <h4>OPC &#8211; Der industrielle Kommunikationsstandard<\/h4>\n      \n              <p>Der OPC Standard vereinheitlicht und optimiert den Kommunikationsfluss zwischen Ger\u00e4ten, Systemen und Steuerungen verschiedener Anbieter.<\/p>\n      \n      <div>\n        <a href=\"https:\/\/www.novotek.com\/de\/insight\/der-industrielle-kommunikationsstandard\/\">\n          weiterlesen        <\/a>\n      <\/div>\n    <\/div>\n<\/article>\n<\/div>  <\/div>\n\n  <\/div><\/div>\n","protected":false},"excerpt":{"rendered":"","protected":false},"author":35,"featured_media":0,"parent":0,"menu_order":4,"comment_status":"closed","ping_status":"closed","template":"","meta":{"_acf_changed":false,"_relevanssi_hide_post":"","_relevanssi_pin_for_all":"","_relevanssi_pin_keywords":"","_relevanssi_unpin_keywords":"","_relevanssi_related_keywords":"","_relevanssi_related_include_ids":"","_relevanssi_related_exclude_ids":"","_relevanssi_related_no_append":"","_relevanssi_related_not_related":"","_relevanssi_related_posts":"21848,22101,20697,20572,22383,21868","_relevanssi_noindex_reason":"","content-type":"","footnotes":""},"class_list":["post-26870","page","type-page","status-publish","hentry"],"acf":[],"yoast_head":"<!-- This site is optimized with the Yoast SEO plugin v27.5 - https:\/\/yoast.com\/product\/yoast-seo-wordpress\/ -->\n<title>Insights zu Industrial Data, DataOps &amp; Produktion<\/title>\n<meta name=\"description\" content=\"Entdecken Sie Insights zu Industrial Data &amp; DataOps. Erhalten Sie Einblicke in Datenarchitektur, KI &amp; digitale Produktion in der Industrie.\" \/>\n<meta name=\"robots\" content=\"index, follow, max-snippet:-1, max-image-preview:large, max-video-preview:-1\" \/>\n<link rel=\"canonical\" href=\"https:\/\/www.novotek.com\/de\/insights\/\" \/>\n<meta property=\"og:locale\" content=\"de_DE\" \/>\n<meta property=\"og:type\" content=\"article\" \/>\n<meta property=\"og:title\" content=\"Insights zu Industrial Data, DataOps &amp; Produktion\" \/>\n<meta property=\"og:description\" content=\"Entdecken Sie Insights zu Industrial Data &amp; DataOps. Erhalten Sie Einblicke in Datenarchitektur, KI &amp; digitale Produktion in der Industrie.\" \/>\n<meta property=\"og:url\" content=\"https:\/\/www.novotek.com\/de\/insights\/\" \/>\n<meta property=\"og:site_name\" content=\"Novotek Industrial Data\" \/>\n<meta property=\"article:modified_time\" content=\"2026-03-31T14:02:14+00:00\" \/>\n<meta name=\"twitter:card\" content=\"summary_large_image\" \/>\n<script type=\"application\/ld+json\" class=\"yoast-schema-graph\">{\"@context\":\"https:\\\/\\\/schema.org\",\"@graph\":[{\"@type\":\"WebPage\",\"@id\":\"https:\\\/\\\/www.novotek.com\\\/de\\\/insights\\\/\",\"url\":\"https:\\\/\\\/www.novotek.com\\\/de\\\/insights\\\/\",\"name\":\"Insights zu Industrial Data, DataOps & Produktion\",\"isPartOf\":{\"@id\":\"https:\\\/\\\/www.novotek.com\\\/de\\\/#website\"},\"datePublished\":\"2026-03-26T10:28:48+00:00\",\"dateModified\":\"2026-03-31T14:02:14+00:00\",\"description\":\"Entdecken Sie Insights zu Industrial Data & DataOps. Erhalten Sie Einblicke in Datenarchitektur, KI & digitale Produktion in der Industrie.\",\"breadcrumb\":{\"@id\":\"https:\\\/\\\/www.novotek.com\\\/de\\\/insights\\\/#breadcrumb\"},\"inLanguage\":\"de-CH\",\"potentialAction\":[{\"@type\":\"ReadAction\",\"target\":[\"https:\\\/\\\/www.novotek.com\\\/de\\\/insights\\\/\"]}]},{\"@type\":\"BreadcrumbList\",\"@id\":\"https:\\\/\\\/www.novotek.com\\\/de\\\/insights\\\/#breadcrumb\",\"itemListElement\":[{\"@type\":\"ListItem\",\"position\":1,\"name\":\"Home\",\"item\":\"https:\\\/\\\/www.novotek.com\\\/de\\\/\"},{\"@type\":\"ListItem\",\"position\":2,\"name\":\"Insights\"}]},{\"@type\":\"WebSite\",\"@id\":\"https:\\\/\\\/www.novotek.com\\\/de\\\/#website\",\"url\":\"https:\\\/\\\/www.novotek.com\\\/de\\\/\",\"name\":\"Novotek Switzerland\",\"description\":\"Connect - Digitalize - Optimize\",\"potentialAction\":[{\"@type\":\"SearchAction\",\"target\":{\"@type\":\"EntryPoint\",\"urlTemplate\":\"https:\\\/\\\/www.novotek.com\\\/de\\\/?s={search_term_string}\"},\"query-input\":{\"@type\":\"PropertyValueSpecification\",\"valueRequired\":true,\"valueName\":\"search_term_string\"}}],\"inLanguage\":\"de-CH\"}]}<\/script>\n<!-- \/ Yoast SEO plugin. -->","yoast_head_json":{"title":"Insights zu Industrial Data, DataOps & Produktion","description":"Entdecken Sie Insights zu Industrial Data & DataOps. Erhalten Sie Einblicke in Datenarchitektur, KI & digitale Produktion in der Industrie.","robots":{"index":"index","follow":"follow","max-snippet":"max-snippet:-1","max-image-preview":"max-image-preview:large","max-video-preview":"max-video-preview:-1"},"canonical":"https:\/\/www.novotek.com\/de\/insights\/","og_locale":"de_DE","og_type":"article","og_title":"Insights zu Industrial Data, DataOps & Produktion","og_description":"Entdecken Sie Insights zu Industrial Data & DataOps. Erhalten Sie Einblicke in Datenarchitektur, KI & digitale Produktion in der Industrie.","og_url":"https:\/\/www.novotek.com\/de\/insights\/","og_site_name":"Novotek Industrial Data","article_modified_time":"2026-03-31T14:02:14+00:00","twitter_card":"summary_large_image","schema":{"@context":"https:\/\/schema.org","@graph":[{"@type":"WebPage","@id":"https:\/\/www.novotek.com\/de\/insights\/","url":"https:\/\/www.novotek.com\/de\/insights\/","name":"Insights zu Industrial Data, DataOps & Produktion","isPartOf":{"@id":"https:\/\/www.novotek.com\/de\/#website"},"datePublished":"2026-03-26T10:28:48+00:00","dateModified":"2026-03-31T14:02:14+00:00","description":"Entdecken Sie Insights zu Industrial Data & DataOps. Erhalten Sie Einblicke in Datenarchitektur, KI & digitale Produktion in der Industrie.","breadcrumb":{"@id":"https:\/\/www.novotek.com\/de\/insights\/#breadcrumb"},"inLanguage":"de-CH","potentialAction":[{"@type":"ReadAction","target":["https:\/\/www.novotek.com\/de\/insights\/"]}]},{"@type":"BreadcrumbList","@id":"https:\/\/www.novotek.com\/de\/insights\/#breadcrumb","itemListElement":[{"@type":"ListItem","position":1,"name":"Home","item":"https:\/\/www.novotek.com\/de\/"},{"@type":"ListItem","position":2,"name":"Insights"}]},{"@type":"WebSite","@id":"https:\/\/www.novotek.com\/de\/#website","url":"https:\/\/www.novotek.com\/de\/","name":"Novotek Switzerland","description":"Connect - Digitalize - Optimize","potentialAction":[{"@type":"SearchAction","target":{"@type":"EntryPoint","urlTemplate":"https:\/\/www.novotek.com\/de\/?s={search_term_string}"},"query-input":{"@type":"PropertyValueSpecification","valueRequired":true,"valueName":"search_term_string"}}],"inLanguage":"de-CH"}]}},"_links":{"self":[{"href":"https:\/\/www.novotek.com\/de\/wp-json\/wp\/v2\/pages\/26870","targetHints":{"allow":["GET"]}}],"collection":[{"href":"https:\/\/www.novotek.com\/de\/wp-json\/wp\/v2\/pages"}],"about":[{"href":"https:\/\/www.novotek.com\/de\/wp-json\/wp\/v2\/types\/page"}],"author":[{"embeddable":true,"href":"https:\/\/www.novotek.com\/de\/wp-json\/wp\/v2\/users\/35"}],"replies":[{"embeddable":true,"href":"https:\/\/www.novotek.com\/de\/wp-json\/wp\/v2\/comments?post=26870"}],"version-history":[{"count":1,"href":"https:\/\/www.novotek.com\/de\/wp-json\/wp\/v2\/pages\/26870\/revisions"}],"predecessor-version":[{"id":26871,"href":"https:\/\/www.novotek.com\/de\/wp-json\/wp\/v2\/pages\/26870\/revisions\/26871"}],"wp:attachment":[{"href":"https:\/\/www.novotek.com\/de\/wp-json\/wp\/v2\/media?parent=26870"}],"curies":[{"name":"wp","href":"https:\/\/api.w.org\/{rel}","templated":true}]}}