{"id":1068,"date":"2021-08-11T13:54:27","date_gmt":"2021-08-11T13:54:27","guid":{"rendered":"https:\/\/www.novotek.com\/dk\/?page_id=1068"},"modified":"2025-09-22T12:53:25","modified_gmt":"2025-09-22T12:53:25","slug":"novotek-report-plus","status":"publish","type":"page","link":"https:\/\/www.novotek.com\/dk\/automation\/hmi-scada\/novotek-report-plus\/","title":{"rendered":"Novotek Report Plus"},"content":{"rendered":"  <div class=\"hero\">\n    <div class=\"carousel hero-slider large\" data-flickity data-flickity-options='{\"prevNextButtons\": false}'>\n              <div class=\"carousel-cell\">\n          <div class=\"container\">\n            <div class=\"hero-content\">\n                              <h1>Novotek Report Plus<\/h1>\n<p><a>Et rapporteringsv\u00e6rkt\u00f8j til Proficy iFix og Proficy Historian.<\/a><\/p>\n              \n                          <\/div>\n          <\/div>\n\n          <img decoding=\"async\" width=\"1024\" height=\"427\" src=\"https:\/\/www.novotek.com\/dk\/wp-content\/uploads\/sites\/4\/reportplus-min-1024x427.jpg\" class=\"hero-bg\" alt=\"Hero Img\" fetchpriority=\"high\" srcset=\"https:\/\/www.novotek.com\/dk\/wp-content\/uploads\/sites\/4\/reportplus-min-1024x427.jpg 1024w, https:\/\/www.novotek.com\/dk\/wp-content\/uploads\/sites\/4\/reportplus-min-300x125.jpg 300w, https:\/\/www.novotek.com\/dk\/wp-content\/uploads\/sites\/4\/reportplus-min-768x320.jpg 768w, https:\/\/www.novotek.com\/dk\/wp-content\/uploads\/sites\/4\/reportplus-min-1536x640.jpg 1536w, https:\/\/www.novotek.com\/dk\/wp-content\/uploads\/sites\/4\/reportplus-min.jpg 1920w\" sizes=\"(max-width: 1024px) 100vw, 1024px\" \/>                  <\/div>\n          <\/div>\n\n      <\/div>\n\n   <div class=\"floating-breadcrumb\"><div class=\"container\"><span><span><a href=\"https:\/\/www.novotek.com\/dk\/\" class=\"breadcrumb-frontpage\">Home<\/a><\/span><\/span><\/div><\/div>\n\n\n\n\n<div class=\"container-md paragraph  \">\n<p>Produktionsvirksomheder skal kunne levere korrekte og opdaterede proces- og produktionsrapporter p\u00e5 alle niveauer: Til myndigheder, produktionsledelse og driftspersonale. Med Novotek Report Plus f\u00e5r du adgang til et stort udvalg af standardrapporter tilpasset forskellige brancher, samt mulighed for at tilpasse rapporterne efter behov.<\/p>\n<\/div>\n\n<div class=\"container-md paragraph  \">\n<p>Novotek Report Plus bruger GE Vernovas datalagre og kan hente oplysninger fra HMI\/SCADA-l\u00f8sningen <a href=\"https:\/\/www.novotek.com\/dk\/automation\/hmi-scada\/proficy-hmi-scada-ifix\/\" target=\"_blank\" rel=\"noreferrer noopener\">Proficy iFIX<\/a> og Proficy Historian-databasen. Som et plug-in til Microsoft SQL-server kan data tilg\u00e5s af v\u00e6rkt\u00f8jer, der kan SQL. Data hentes via OPC eller andre kommunikationsplatforme.<\/p>\n<\/div>\n\n<div class=\"container media-text  alignwide\">\n<div class=\"wp-block-media-text alignwide is-stacked-on-mobile\"><figure class=\"wp-block-media-text__media\"><img loading=\"lazy\" decoding=\"async\" width=\"691\" height=\"506\" src=\"https:\/\/www.novotek.com\/dk\/wp-content\/uploads\/sites\/4\/digitalisering\/Novotek_Report_Plus.png\" alt=\"Novotek Report Plus\" class=\"wp-image-4683 size-full\" srcset=\"https:\/\/www.novotek.com\/dk\/wp-content\/uploads\/sites\/4\/digitalisering\/Novotek_Report_Plus.png 691w, https:\/\/www.novotek.com\/dk\/wp-content\/uploads\/sites\/4\/digitalisering\/Novotek_Report_Plus-300x220.png 300w\" sizes=\"auto, (max-width: 691px) 100vw, 691px\" \/><\/figure><div class=\"wp-block-media-text__content\"><div class=\"container-md heading  \">\n<h2 class=\"wp-block-heading\" id=\"h-adgang-til-korrekte-rapporter-i-realtid\">Adgang til korrekte rapporter i realtid<\/h2>\n<\/div>\n\n<div class=\"container-md paragraph  \">\n<p>Novotek Report Plus har links i realtid til alle sine datakilder. Indsamlede data aggregeres hurtigt og forberedes til rapportering. Det betyder, at rapporter altid genereres mod de nyeste tilg\u00e6ngelige data, og giver dig adgang til opdaterede rapporter i realtid.<\/p>\n<\/div>\n\n<div class=\"container-md paragraph  \">\n<p>Forkerte data er en f\u00e6lles udfordring i procesrapportering. \u00c5rsager kan v\u00e6re kalibreringsfejl, sensorfejl eller kommunikationsfejl. Novotek Report Plus h\u00e5ndterer dette ved at markere og ekskludere d\u00e5rlige data og giver brugeren mulighed for at rette r\u00e5-data. Korrektionen kan spores og pr\u00e6senteres i rapporterne. L\u00f8sningen g\u00f8r det ogs\u00e5 muligt at registrere manuelle data.<\/p>\n<\/div><\/div><\/div>\n<\/div>\n\n<div class=\"container-md heading  \">\n<h3 class=\"wp-block-heading\" id=\"h-funktioner-i-novotek-report-plus\">Funktioner i Novotek Report Plus<\/h3>\n<\/div>\n\n<div class=\"container-md list  \">\n<ul class=\"wp-block-list\"><div class=\"container-md list-item  \">\n<li>Standardrapporter tilpasset forskellige brancher, samt mulighed for at oprette dine egne, tilpassede rapporter.<\/li>\n<\/div>\n\n<div class=\"container-md list-item  \">\n<li>Markering og udelukkelse af d\u00e5rlige data og evnen til at rette r\u00e5-data.<\/li>\n<\/div>\n\n<div class=\"container-md list-item  \">\n<li>Henter oplysninger fra HMI\/SCADA-l\u00f8sningen <a href=\"https:\/\/www.novotek.com\/dk\/automation\/hmi-scada\/proficy-hmi-scada-ifix\/\" target=\"_blank\" rel=\"noreferrer noopener\"><strong>Proficy iFIX<\/strong><\/a> og <a href=\"https:\/\/www.novotek.com\/dk\/digitalisering\/dataopsamling-og-rapportering\/proficy-historian\/\"><strong>Proficy Historian<\/strong><\/a>-databasen.<\/li>\n<\/div>\n\n<div class=\"container-md list-item  \">\n<li>Report Plus er et plugin i Microsoft SQL Server. Det betyder, at proces- og produktionsdata kan tilg\u00e5s af v\u00e6rkt\u00f8jer, der kan SQL. Disse kan v\u00e6re BI -v\u00e6rkt\u00f8jer som Qlikview, Power BI, MatLab og mere.<\/li>\n<\/div>\n\n<div class=\"container-md list-item  \">\n<li>Data kan hentes via<a href=\"https:\/\/www.novotek.com\/dk\/automation\/opc\/\"> <strong>OPC<\/strong><\/a> eller andre kommunikationsl\u00f8sninger.<\/li>\n<\/div>\n\n<div class=\"container-md list-item  \">\n<li>Mulighed for at registrere manuelle data og l\u00e6se data manuelt ved hj\u00e6lp af appen med stregkodel\u00f8sning.<\/li>\n<\/div>\n\n<div class=\"container-md list-item  \">\n<li>Fremtidssikker, \u00e5ben l\u00f8sning p\u00e5 flere niveauer.<\/li>\n<\/div><\/ul>\n<\/div>\n\n<div class=\"container-md spacer  \">\n<div style=\"height:10px\" aria-hidden=\"true\" class=\"wp-block-spacer\"><\/div>\n<\/div>\n\n<div class=\"container-md heading  \">\n<h2 class=\"wp-block-heading\" id=\"h-en-rapporteringslosning-der-er-skraeddersyet-til-din-branche\">En rapporteringsl\u00f8sning, der er skr\u00e6ddersyet til din branche<\/h2>\n<\/div>\n\n<div class=\"container-md paragraph  \">\n<p>Novotek Report Plus er en \u00e5ben og fleksibel l\u00f8sning og leveres med standardrapporter tilpasset forskellige brancher.<\/p>\n<\/div>\n\n<div class=\"container-md spacer  \">\n<div style=\"height:10px\" aria-hidden=\"true\" class=\"wp-block-spacer\"><\/div>\n<\/div>\n\n<div class=\"container-md heading  \">\n<h4 class=\"wp-block-heading\" id=\"h-vand-og-spildevand\">Vand og spildevand<\/h4>\n<\/div>\n\n<div class=\"container-md list  \">\n<ul class=\"wp-block-list\"><div class=\"container-md list-item  \">\n<li>Behandle rapporter fra vand- og kloaksystemer, herunder energiberegning.<\/li>\n<\/div>\n\n<div class=\"container-md list-item  \">\n<li>Balancerapporter for indg\u00e5ende og udg\u00e5ende rent vand og procesvand.<\/li>\n<\/div>\n\n<div class=\"container-md list-item  \">\n<li>Rapporter for laboratoriedata kombineret med procesdata.<\/li>\n<\/div>\n\n<div class=\"container-md list-item  \">\n<li>Pumpestationsrapporter inklusive driftstid.<\/li>\n<\/div>\n\n<div class=\"container-md list-item  \">\n<li>Nedb\u00f8rsrapporter.<\/li>\n<\/div><\/ul>\n<\/div>\n\n<div class=\"container-md spacer  \">\n<div style=\"height:10px\" aria-hidden=\"true\" class=\"wp-block-spacer\"><\/div>\n<\/div>\n\n<div class=\"container-md heading  \">\n<h4 class=\"wp-block-heading\" id=\"h-energianlaeg\">Energianl\u00e6g<\/h4>\n<\/div>\n\n<div class=\"container-md list  \">\n<ul class=\"wp-block-list\"><div class=\"container-md list-item  \">\n<li>Produktionsrapporter med energiberegning.<\/li>\n<\/div>\n\n<div class=\"container-md list-item  \">\n<li>Alarmrapporter i henhold til EEMUA 191 og ISA 18.2.<\/li>\n<\/div><\/ul>\n<\/div>\n\n<div class=\"container-md spacer  \">\n<div style=\"height:10px\" aria-hidden=\"true\" class=\"wp-block-spacer\"><\/div>\n<\/div>\n\n<div class=\"container-md heading  \">\n<h4 class=\"wp-block-heading\" id=\"h-fodevare\">F\u00f8devare<\/h4>\n<\/div>\n\n<div class=\"container-md list  \">\n<ul class=\"wp-block-list\"><div class=\"container-md list-item  \">\n<li>Balancerapporter for energi, vand, damp og trykluft. Fuld support til h\u00e5ndtering af m\u00e5lere\/meter.<\/li>\n<\/div>\n\n<div class=\"container-md list-item  \">\n<li>Normaliser for\u00e6ldrenes produktion, f.eks. Energiforbrug pr. Ton produceret m\u00e6ngde.<\/li>\n<\/div>\n\n<div class=\"container-md list-item  \">\n<li>Batchrapporter med integration af procesvariabler, energiforbrug og alarmer, herunder sammenligning mellem batches.<\/li>\n<\/div>\n\n<div class=\"container-md list-item  \">\n<li>Produktionscertifikat for partier.<\/li>\n<\/div>\n\n<div class=\"container-md list-item  \">\n<li>Tank rapporterer.<\/li>\n<\/div>\n\n<div class=\"container-md list-item  \">\n<li>OEE rapportering.<\/li>\n<\/div><\/ul>\n<\/div>\n\n<div class=\"container-md spacer  \">\n<div style=\"height:10px\" aria-hidden=\"true\" class=\"wp-block-spacer\"><\/div>\n<\/div>\n\n<div class=\"container-md heading  \">\n<h4 class=\"wp-block-heading\" id=\"h-papir-og-papirmasse\">Papir og papirmasse<\/h4>\n<\/div>\n\n<div class=\"container-md list  \">\n<ul class=\"wp-block-list\"><div class=\"container-md list-item  \">\n<li>Produktionsrapporter med energiforbrug pr. ton produceret papir.<\/li>\n<\/div>\n\n<div class=\"container-md list-item  \">\n<li>Anl\u00e6gsudnyttelse til produktionsenheder.<\/li>\n<\/div><\/ul>\n<\/div>\n\n<div class=\"container-md spacer  \">\n<div style=\"height:10px\" aria-hidden=\"true\" class=\"wp-block-spacer\"><\/div>\n<\/div>\n\n<div class=\"container-md heading  \">\n<h2 class=\"wp-block-heading\" id=\"h-novotek-report-plus-et-novotek-produkt\">Novotek Report Plus &#8211; et Novotek-produkt<\/h2>\n<\/div>\n\n<div class=\"container-md paragraph  \">\n<p>Novotek Report Plus er et produkt omhyggeligt udviklet af Novotek og kan give din virksomhed det rapporteringsv\u00e6rkt\u00f8j, du har brug for. L\u00f8sningen integreres problemfrit med HMI\/SCADA-systemet Proficy iFIX og dataopsamling- og rapporteringsl\u00f8sningen Proficy Historian.<\/p>\n<\/div>\n\n<div class=\"container-md paragraph  \">\n<p>Vores konsulenter hj\u00e6lper dig med at finde den rigtige m\u00e5de at implementere Novotek Report Plus i din virksomhed.<\/p>\n<\/div>\n\n<div class=\"container-md spacer  \">\n<div style=\"height:50px\" aria-hidden=\"true\" class=\"wp-block-spacer\"><\/div>\n<\/div>\n\n  <div class=\"slider-column-parent\">\n    <div class=\"container\">\n      <div class=\"slider-column-title\">Brug Novotek Report Plus med<\/div>\n\n      <div class=\"row\">\n        <div class=\"col-12 col-md-4\"><div class=\"column-box\">\n  \n      <div class=\"title\">\n      Proficy iFIX    <\/div>\n  \n      <div class=\"text\">\n      <p>Den mest komplette HMI\/SCADA-l\u00f8sningen p\u00e5 markedet.<\/p>\n    <\/div>\n  \n      <a class=\"link\"  href=\"https:\/\/www.novotek.com\/dk\/automation\/hmi-scada\/proficy-hmi-scada-ifix\/\" target=\"\">\n      L\u00e6s mere    <\/a>\n  \n  <\/div>\n\n<\/div><div class=\"col-12 col-md-4\"><div class=\"column-box\">\n  \n      <div class=\"title\">\n      Proficy Historian    <\/div>\n  \n      <div class=\"text\">\n      <p>Markedets mest kraftfulde procesdatabase.<\/p>\n    <\/div>\n  \n      <a class=\"link\"  href=\"https:\/\/www.novotek.com\/dk\/digitalisering\/dataopsamling-og-rapportering\/proficy-historian\/\" target=\"\">\n      L\u00e6s mere    <\/a>\n  \n  <\/div>\n\n<\/div>      <\/div>\n    <\/div>\n  <\/div>\n","protected":false},"excerpt":{"rendered":"<p>Produktionsvirksomheder skal kunne levere korrekte og opdaterede proces- og produktionsrapporter p\u00e5 alle niveauer: Til myndigheder, produktionsledelse og driftspersonale. Med Novotek Report Plus f\u00e5r du adgang til et stort udvalg af standardrapporter tilpasset forskellige brancher, samt mulighed for at tilpasse rapporterne efter behov. Novotek Report Plus bruger GE Vernovas datalagre og kan hente oplysninger fra HMI\/SCADA-l\u00f8sningen [&hellip;]<\/p>\n","protected":false},"author":6,"featured_media":0,"parent":1045,"menu_order":4,"comment_status":"closed","ping_status":"closed","template":"","meta":{"_acf_changed":false,"_relevanssi_hide_post":"","_relevanssi_pin_for_all":"","_relevanssi_pin_keywords":"","_relevanssi_unpin_keywords":"","_relevanssi_related_keywords":"","_relevanssi_related_include_ids":"","_relevanssi_related_exclude_ids":"","_relevanssi_related_no_append":"","_relevanssi_related_not_related":"","_relevanssi_related_posts":"1","_relevanssi_noindex_reason":"","footnotes":""},"class_list":["post-1068","page","type-page","status-publish","hentry"],"acf":[],"yoast_head":"<!-- This site is optimized with the Yoast SEO plugin v27.3 - https:\/\/yoast.com\/product\/yoast-seo-wordpress\/ -->\n<title>Novotek Report Plus | Rapporteringsv\u00e6rkt\u00f8j | Novotek<\/title>\n<meta name=\"description\" content=\"Novotek Report Plus har et stort udvalg af standardrapporter med mulighed for at tilpasse rapporterne efter behov.\" \/>\n<meta name=\"robots\" content=\"index, follow, max-snippet:-1, max-image-preview:large, max-video-preview:-1\" \/>\n<link rel=\"canonical\" href=\"https:\/\/www.novotek.com\/dk\/automation\/hmi-scada\/novotek-report-plus\/\" \/>\n<meta property=\"og:locale\" content=\"da_DK\" \/>\n<meta property=\"og:type\" content=\"article\" \/>\n<meta property=\"og:title\" content=\"Novotek Report Plus | Rapporteringsv\u00e6rkt\u00f8j | Novotek\" \/>\n<meta property=\"og:description\" content=\"Novotek Report Plus har et stort udvalg af standardrapporter med mulighed for at tilpasse rapporterne efter behov.\" \/>\n<meta property=\"og:url\" content=\"https:\/\/www.novotek.com\/dk\/automation\/hmi-scada\/novotek-report-plus\/\" \/>\n<meta property=\"og:site_name\" content=\"Novotek Danmark\" \/>\n<meta property=\"article:modified_time\" content=\"2025-09-22T12:53:25+00:00\" \/>\n<meta property=\"og:image\" content=\"https:\/\/www.novotek.com\/dk\/wp-content\/uploads\/sites\/4\/digitalisering\/Novotek_Report_Plus.png\" \/>\n<meta name=\"twitter:card\" content=\"summary_large_image\" \/>\n<meta name=\"twitter:label1\" content=\"Estimeret l\u00e6setid\" \/>\n\t<meta name=\"twitter:data1\" content=\"3 minutter\" \/>\n<script type=\"application\/ld+json\" class=\"yoast-schema-graph\">{\"@context\":\"https:\\\/\\\/schema.org\",\"@graph\":[{\"@type\":\"WebPage\",\"@id\":\"https:\\\/\\\/www.novotek.com\\\/dk\\\/automation\\\/hmi-scada\\\/novotek-report-plus\\\/\",\"url\":\"https:\\\/\\\/www.novotek.com\\\/dk\\\/automation\\\/hmi-scada\\\/novotek-report-plus\\\/\",\"name\":\"Novotek Report Plus | Rapporteringsv\u00e6rkt\u00f8j | Novotek\",\"isPartOf\":{\"@id\":\"https:\\\/\\\/www.novotek.com\\\/dk\\\/#website\"},\"primaryImageOfPage\":{\"@id\":\"https:\\\/\\\/www.novotek.com\\\/dk\\\/automation\\\/hmi-scada\\\/novotek-report-plus\\\/#primaryimage\"},\"image\":{\"@id\":\"https:\\\/\\\/www.novotek.com\\\/dk\\\/automation\\\/hmi-scada\\\/novotek-report-plus\\\/#primaryimage\"},\"thumbnailUrl\":\"https:\\\/\\\/www.novotek.com\\\/dk\\\/wp-content\\\/uploads\\\/sites\\\/4\\\/digitalisering\\\/Novotek_Report_Plus.png\",\"datePublished\":\"2021-08-11T13:54:27+00:00\",\"dateModified\":\"2025-09-22T12:53:25+00:00\",\"description\":\"Novotek Report Plus har et stort udvalg af standardrapporter med mulighed for at tilpasse rapporterne efter behov.\",\"breadcrumb\":{\"@id\":\"https:\\\/\\\/www.novotek.com\\\/dk\\\/automation\\\/hmi-scada\\\/novotek-report-plus\\\/#breadcrumb\"},\"inLanguage\":\"da-DK\",\"potentialAction\":[{\"@type\":\"ReadAction\",\"target\":[\"https:\\\/\\\/www.novotek.com\\\/dk\\\/automation\\\/hmi-scada\\\/novotek-report-plus\\\/\"]}]},{\"@type\":\"ImageObject\",\"inLanguage\":\"da-DK\",\"@id\":\"https:\\\/\\\/www.novotek.com\\\/dk\\\/automation\\\/hmi-scada\\\/novotek-report-plus\\\/#primaryimage\",\"url\":\"https:\\\/\\\/www.novotek.com\\\/dk\\\/wp-content\\\/uploads\\\/sites\\\/4\\\/digitalisering\\\/Novotek_Report_Plus.png\",\"contentUrl\":\"https:\\\/\\\/www.novotek.com\\\/dk\\\/wp-content\\\/uploads\\\/sites\\\/4\\\/digitalisering\\\/Novotek_Report_Plus.png\",\"width\":691,\"height\":506,\"caption\":\"Novotek Report Plus\"},{\"@type\":\"BreadcrumbList\",\"@id\":\"https:\\\/\\\/www.novotek.com\\\/dk\\\/automation\\\/hmi-scada\\\/novotek-report-plus\\\/#breadcrumb\",\"itemListElement\":[{\"@type\":\"ListItem\",\"position\":1,\"name\":\"Home\",\"item\":\"https:\\\/\\\/www.novotek.com\\\/dk\\\/\"},{\"@type\":\"ListItem\",\"position\":2,\"name\":\"Automation\",\"item\":\"https:\\\/\\\/www.novotek.com\\\/dk\\\/automation\\\/\"},{\"@type\":\"ListItem\",\"position\":3,\"name\":\"SCADA\",\"item\":\"https:\\\/\\\/www.novotek.com\\\/dk\\\/automation\\\/hmi-scada\\\/\"},{\"@type\":\"ListItem\",\"position\":4,\"name\":\"Novotek Report Plus\"}]},{\"@type\":\"WebSite\",\"@id\":\"https:\\\/\\\/www.novotek.com\\\/dk\\\/#website\",\"url\":\"https:\\\/\\\/www.novotek.com\\\/dk\\\/\",\"name\":\"Novotek Danmark\",\"description\":\"Automation, digitalisering og analyse\",\"publisher\":{\"@id\":\"https:\\\/\\\/www.novotek.com\\\/dk\\\/#organization\"},\"potentialAction\":[{\"@type\":\"SearchAction\",\"target\":{\"@type\":\"EntryPoint\",\"urlTemplate\":\"https:\\\/\\\/www.novotek.com\\\/dk\\\/?s={search_term_string}\"},\"query-input\":{\"@type\":\"PropertyValueSpecification\",\"valueRequired\":true,\"valueName\":\"search_term_string\"}}],\"inLanguage\":\"da-DK\"},{\"@type\":\"Organization\",\"@id\":\"https:\\\/\\\/www.novotek.com\\\/dk\\\/#organization\",\"name\":\"Novotek Danmark\",\"url\":\"https:\\\/\\\/www.novotek.com\\\/dk\\\/\",\"logo\":{\"@type\":\"ImageObject\",\"inLanguage\":\"da-DK\",\"@id\":\"https:\\\/\\\/www.novotek.com\\\/dk\\\/#\\\/schema\\\/logo\\\/image\\\/\",\"url\":\"https:\\\/\\\/www.novotek.com\\\/dk\\\/wp-content\\\/uploads\\\/sites\\\/4\\\/Denmark_files\\\/novotek-logotyp-rgb-pos.png\",\"contentUrl\":\"https:\\\/\\\/www.novotek.com\\\/dk\\\/wp-content\\\/uploads\\\/sites\\\/4\\\/Denmark_files\\\/novotek-logotyp-rgb-pos.png\",\"width\":1794,\"height\":520,\"caption\":\"Novotek Danmark\"},\"image\":{\"@id\":\"https:\\\/\\\/www.novotek.com\\\/dk\\\/#\\\/schema\\\/logo\\\/image\\\/\"},\"sameAs\":[\"https:\\\/\\\/www.linkedin.com\\\/company\\\/novotek-denmark\",\"https:\\\/\\\/www.youtube.com\\\/user\\\/NovotekCorp\"]}]}<\/script>\n<!-- \/ Yoast SEO plugin. -->","yoast_head_json":{"title":"Novotek Report Plus | Rapporteringsv\u00e6rkt\u00f8j | Novotek","description":"Novotek Report Plus har et stort udvalg af standardrapporter med mulighed for at tilpasse rapporterne efter behov.","robots":{"index":"index","follow":"follow","max-snippet":"max-snippet:-1","max-image-preview":"max-image-preview:large","max-video-preview":"max-video-preview:-1"},"canonical":"https:\/\/www.novotek.com\/dk\/automation\/hmi-scada\/novotek-report-plus\/","og_locale":"da_DK","og_type":"article","og_title":"Novotek Report Plus | Rapporteringsv\u00e6rkt\u00f8j | Novotek","og_description":"Novotek Report Plus har et stort udvalg af standardrapporter med mulighed for at tilpasse rapporterne efter behov.","og_url":"https:\/\/www.novotek.com\/dk\/automation\/hmi-scada\/novotek-report-plus\/","og_site_name":"Novotek Danmark","article_modified_time":"2025-09-22T12:53:25+00:00","og_image":[{"url":"https:\/\/www.novotek.com\/dk\/wp-content\/uploads\/sites\/4\/digitalisering\/Novotek_Report_Plus.png","type":"","width":"","height":""}],"twitter_card":"summary_large_image","twitter_misc":{"Estimeret l\u00e6setid":"3 minutter"},"schema":{"@context":"https:\/\/schema.org","@graph":[{"@type":"WebPage","@id":"https:\/\/www.novotek.com\/dk\/automation\/hmi-scada\/novotek-report-plus\/","url":"https:\/\/www.novotek.com\/dk\/automation\/hmi-scada\/novotek-report-plus\/","name":"Novotek Report Plus | Rapporteringsv\u00e6rkt\u00f8j | Novotek","isPartOf":{"@id":"https:\/\/www.novotek.com\/dk\/#website"},"primaryImageOfPage":{"@id":"https:\/\/www.novotek.com\/dk\/automation\/hmi-scada\/novotek-report-plus\/#primaryimage"},"image":{"@id":"https:\/\/www.novotek.com\/dk\/automation\/hmi-scada\/novotek-report-plus\/#primaryimage"},"thumbnailUrl":"https:\/\/www.novotek.com\/dk\/wp-content\/uploads\/sites\/4\/digitalisering\/Novotek_Report_Plus.png","datePublished":"2021-08-11T13:54:27+00:00","dateModified":"2025-09-22T12:53:25+00:00","description":"Novotek Report Plus har et stort udvalg af standardrapporter med mulighed for at tilpasse rapporterne efter behov.","breadcrumb":{"@id":"https:\/\/www.novotek.com\/dk\/automation\/hmi-scada\/novotek-report-plus\/#breadcrumb"},"inLanguage":"da-DK","potentialAction":[{"@type":"ReadAction","target":["https:\/\/www.novotek.com\/dk\/automation\/hmi-scada\/novotek-report-plus\/"]}]},{"@type":"ImageObject","inLanguage":"da-DK","@id":"https:\/\/www.novotek.com\/dk\/automation\/hmi-scada\/novotek-report-plus\/#primaryimage","url":"https:\/\/www.novotek.com\/dk\/wp-content\/uploads\/sites\/4\/digitalisering\/Novotek_Report_Plus.png","contentUrl":"https:\/\/www.novotek.com\/dk\/wp-content\/uploads\/sites\/4\/digitalisering\/Novotek_Report_Plus.png","width":691,"height":506,"caption":"Novotek Report Plus"},{"@type":"BreadcrumbList","@id":"https:\/\/www.novotek.com\/dk\/automation\/hmi-scada\/novotek-report-plus\/#breadcrumb","itemListElement":[{"@type":"ListItem","position":1,"name":"Home","item":"https:\/\/www.novotek.com\/dk\/"},{"@type":"ListItem","position":2,"name":"Automation","item":"https:\/\/www.novotek.com\/dk\/automation\/"},{"@type":"ListItem","position":3,"name":"SCADA","item":"https:\/\/www.novotek.com\/dk\/automation\/hmi-scada\/"},{"@type":"ListItem","position":4,"name":"Novotek Report Plus"}]},{"@type":"WebSite","@id":"https:\/\/www.novotek.com\/dk\/#website","url":"https:\/\/www.novotek.com\/dk\/","name":"Novotek Danmark","description":"Automation, digitalisering og analyse","publisher":{"@id":"https:\/\/www.novotek.com\/dk\/#organization"},"potentialAction":[{"@type":"SearchAction","target":{"@type":"EntryPoint","urlTemplate":"https:\/\/www.novotek.com\/dk\/?s={search_term_string}"},"query-input":{"@type":"PropertyValueSpecification","valueRequired":true,"valueName":"search_term_string"}}],"inLanguage":"da-DK"},{"@type":"Organization","@id":"https:\/\/www.novotek.com\/dk\/#organization","name":"Novotek Danmark","url":"https:\/\/www.novotek.com\/dk\/","logo":{"@type":"ImageObject","inLanguage":"da-DK","@id":"https:\/\/www.novotek.com\/dk\/#\/schema\/logo\/image\/","url":"https:\/\/www.novotek.com\/dk\/wp-content\/uploads\/sites\/4\/Denmark_files\/novotek-logotyp-rgb-pos.png","contentUrl":"https:\/\/www.novotek.com\/dk\/wp-content\/uploads\/sites\/4\/Denmark_files\/novotek-logotyp-rgb-pos.png","width":1794,"height":520,"caption":"Novotek Danmark"},"image":{"@id":"https:\/\/www.novotek.com\/dk\/#\/schema\/logo\/image\/"},"sameAs":["https:\/\/www.linkedin.com\/company\/novotek-denmark","https:\/\/www.youtube.com\/user\/NovotekCorp"]}]}},"_links":{"self":[{"href":"https:\/\/www.novotek.com\/dk\/wp-json\/wp\/v2\/pages\/1068","targetHints":{"allow":["GET"]}}],"collection":[{"href":"https:\/\/www.novotek.com\/dk\/wp-json\/wp\/v2\/pages"}],"about":[{"href":"https:\/\/www.novotek.com\/dk\/wp-json\/wp\/v2\/types\/page"}],"author":[{"embeddable":true,"href":"https:\/\/www.novotek.com\/dk\/wp-json\/wp\/v2\/users\/6"}],"replies":[{"embeddable":true,"href":"https:\/\/www.novotek.com\/dk\/wp-json\/wp\/v2\/comments?post=1068"}],"version-history":[{"count":24,"href":"https:\/\/www.novotek.com\/dk\/wp-json\/wp\/v2\/pages\/1068\/revisions"}],"predecessor-version":[{"id":11097,"href":"https:\/\/www.novotek.com\/dk\/wp-json\/wp\/v2\/pages\/1068\/revisions\/11097"}],"up":[{"embeddable":true,"href":"https:\/\/www.novotek.com\/dk\/wp-json\/wp\/v2\/pages\/1045"}],"wp:attachment":[{"href":"https:\/\/www.novotek.com\/dk\/wp-json\/wp\/v2\/media?parent=1068"}],"curies":[{"name":"wp","href":"https:\/\/api.w.org\/{rel}","templated":true}]}}