{"id":1078,"date":"2021-08-12T07:29:08","date_gmt":"2021-08-12T07:29:08","guid":{"rendered":"https:\/\/www.novotek.com\/dk\/?page_id=1078"},"modified":"2025-09-22T12:58:11","modified_gmt":"2025-09-22T12:58:11","slug":"high-performance-hmi","status":"publish","type":"page","link":"https:\/\/www.novotek.com\/dk\/automation\/high-performance-hmi\/","title":{"rendered":"High Performance HMI"},"content":{"rendered":"  <div class=\"hero\">\n    <div class=\"carousel hero-slider large\" data-flickity data-flickity-options='{\"prevNextButtons\": false}'>\n              <div class=\"carousel-cell\">\n          <div class=\"container\">\n            <div class=\"hero-content\">\n                              <h1>High Performance HMI<\/h1>\n<p><a>En moderne brugergr\u00e6nseflade designet til operat\u00f8ren.<\/a><\/p>\n              \n                          <\/div>\n          <\/div>\n\n          <img decoding=\"async\" width=\"1024\" height=\"707\" src=\"https:\/\/www.novotek.com\/dk\/wp-content\/uploads\/sites\/4\/Proficy_iFIX_mockup-1024x707-1-min.png\" class=\"hero-bg\" alt=\"Hero Img\" fetchpriority=\"high\" srcset=\"https:\/\/www.novotek.com\/dk\/wp-content\/uploads\/sites\/4\/Proficy_iFIX_mockup-1024x707-1-min.png 1024w, https:\/\/www.novotek.com\/dk\/wp-content\/uploads\/sites\/4\/Proficy_iFIX_mockup-1024x707-1-min-300x207.png 300w, https:\/\/www.novotek.com\/dk\/wp-content\/uploads\/sites\/4\/Proficy_iFIX_mockup-1024x707-1-min-768x530.png 768w\" sizes=\"(max-width: 1024px) 100vw, 1024px\" \/>                  <\/div>\n          <\/div>\n\n      <\/div>\n\n   <div class=\"floating-breadcrumb\"><div class=\"container\"><span><span><a href=\"https:\/\/www.novotek.com\/dk\/\" class=\"breadcrumb-frontpage\">Home<\/a><\/span><\/span><\/div><\/div>\n\n\n\n\n<div class=\"container-md paragraph  \">\n<p>Udviklingen af \u200b\u200bHigh Performance HMI: I l\u00f8bet af de sidste 30 \u00e5r har <a href=\"https:\/\/www.novotek.com\/dk\/automation\/hmi-scada\/\">HMI\/SCADA<\/a> udviklet sig fra mekaniske v\u00e6gge til sk\u00e6rme med h\u00f8j opl\u00f8sning, kontrast og st\u00e6rke farver. Inspireret af spilindustrien, kom kraftfulde HMI-designv\u00e6rkt\u00f8jer p\u00e5 markedet, og effekter som 3D, animation og skygge blev brugt til at illustrere udstyr og produktion.<\/p>\n<\/div>\n\n<div class=\"container-md paragraph  \">\n<p>Udfordringen er, at computerspil-grafik ikke skaber et milj\u00f8 for hurtig reaktion p\u00e5 \u00e6ndringer i processen. Dette er baggrunden for udviklingen af \u200b\u200bHigh Performance HMI design. Brugergr\u00e6nsefladen bev\u00e6ger sig v\u00e6k fra tilf\u00f8jede effekter og pr\u00e6senterer i stedet en enkel, minimalistisk brugergr\u00e6nseflade, designet til operat\u00f8ren.<\/p>\n<\/div>\n\n<div class=\"container media-text  align\">\n<div class=\"wp-block-media-text is-stacked-on-mobile\"><figure class=\"wp-block-media-text__media\"><img loading=\"lazy\" decoding=\"async\" width=\"541\" height=\"364\" src=\"https:\/\/www.novotek.com\/dk\/wp-content\/uploads\/sites\/4\/hmi-scada\/HMI_before_after.png\" alt=\"HMI f\u00f8r og efter\" class=\"wp-image-4662 size-full\" srcset=\"https:\/\/www.novotek.com\/dk\/wp-content\/uploads\/sites\/4\/hmi-scada\/HMI_before_after.png 541w, https:\/\/www.novotek.com\/dk\/wp-content\/uploads\/sites\/4\/hmi-scada\/HMI_before_after-300x202.png 300w\" sizes=\"auto, (max-width: 541px) 100vw, 541px\" \/><\/figure><div class=\"wp-block-media-text__content\"><div class=\"container-md heading  \">\n<h2 class=\"wp-block-heading\" id=\"h-for-og-efter-high-performance-hmi\">F\u00f8r og efter High Performance HMI<\/h2>\n<\/div>\n\n<div class=\"container-md paragraph  \">\n<p>P\u00e5 billedet kan du se forskellen mellem et &#8220;almindeligt&#8221; HMI (Human Machine Interface) og et h\u00f8jtydende HMI. Hovedprincippet er, at alt, der k\u00f8rer, som det skal, ikke skiller sig ud. Bl\u00f8de farver viser status uden at tiltr\u00e6kke opm\u00e6rksomhed.<\/p>\n<\/div>\n\n<div class=\"container-md paragraph  \">\n<p>Operat\u00f8rsk\u00e6rmene er designet til operat\u00f8ren, ikke til andre, der er interesserede i at forst\u00e5 processen. Det er grunden til, at blandt andet illustrationer, der viser forbindelsen mellem maskiner og udstyr, er blevet fjernet, da det i mange tilf\u00e6lde er baseret p\u00e5 en ingeni\u00f8rs perspektiv.<\/p>\n<\/div>\n\n<div class=\"container-md paragraph  \">\n<p>Det er almindeligt at bruge tekst og tal til at vise data med forklaringer. Grafiske objekter, der er enkle og effektive at l\u00e6se, bruges hovedsageligt her. <\/p>\n<\/div><\/div><\/div>\n<\/div>\n\n<div class=\"container media-text  align\">\n<div class=\"wp-block-media-text has-media-on-the-right is-stacked-on-mobile\"><div class=\"wp-block-media-text__content\"><div class=\"container-md heading  \">\n<h2 class=\"wp-block-heading\" id=\"h-se-vaerdier-og-tensender-med-struktur-og-hierarki\">Se v\u00e6rdier og tensender med struktur og hierarki<\/h2>\n<\/div>\n\n<div class=\"container-md paragraph  \">\n<p>V\u00e6rdien af \u200b\u200bforskellige parametre er en af \u200b\u200bde vigtigste dele af et HMI\/<a href=\"https:\/\/www.novotek.com\/dk\/automation\/hmi-scada\/\">SCADA-system<\/a>. De fort\u00e6ller os, hvor vi har v\u00e6ret, hvor vi skal hen, og hvor hurtigt vi \u00e6ndrer os. Sammen med konteksten om, hvilke v\u00e6rdier der er gode og d\u00e5rlige, f\u00e5r alle et \u00f8jeblikkeligt overblik. Med denne indsigt kan operat\u00f8ren tr\u00e6ffe beslutninger s\u00e5 hurtigt som muligt.<\/p>\n<\/div>\n\n<div class=\"container-md paragraph  \">\n<p>Et struktureret, gennemt\u00e6nkt hierarki er vigtigt i et HMI\/SCADA-system. En f\u00e6lles navigationsstrategi, der er let at forst\u00e5, er et godt udgangspunkt. Antallet af niveauer kan \u00e6ndre sig, men indholdet p\u00e5 vores niveau b\u00f8r v\u00e6re af samme type og med den samme detaljegrad.<\/p>\n<\/div><\/div><figure class=\"wp-block-media-text__media\"><img loading=\"lazy\" decoding=\"async\" width=\"709\" height=\"462\" src=\"https:\/\/www.novotek.com\/dk\/wp-content\/uploads\/sites\/4\/hmi-scada\/HMI_screen.png\" alt=\"HMI sk\u00e6rm\" class=\"wp-image-4661 size-full\" srcset=\"https:\/\/www.novotek.com\/dk\/wp-content\/uploads\/sites\/4\/hmi-scada\/HMI_screen.png 709w, https:\/\/www.novotek.com\/dk\/wp-content\/uploads\/sites\/4\/hmi-scada\/HMI_screen-300x195.png 300w\" sizes=\"auto, (max-width: 709px) 100vw, 709px\" \/><\/figure><\/div>\n<\/div>\n\n<div class=\"container-md heading  \">\n<h2 class=\"wp-block-heading\" id=\"h-evaluer-dit-hmi\">Evaluer dit HMI<\/h2>\n<\/div>\n\n<div class=\"container-md paragraph  \">\n<p>Hvor moderne er dit HMI\/ SCADA-system? N\u00e5r man implementerer principperne bag High Performance HMI, m\u00e5ler man det eksisterende system med karakterer fra A (h\u00f8jeste) til F (laveste). Kriterierne for at opn\u00e5 en h\u00f8j karakter er omfattende, og mange n\u00e5r ikke engang E.<\/p>\n<\/div>\n\n<div class=\"container-md paragraph  \">\n<p>Karakter E (best\u00e5et) har f\u00f8lgende kriterier:<\/p>\n<\/div>\n\n<div class=\"container-md spacer  \">\n<div style=\"height:10px\" aria-hidden=\"true\" class=\"wp-block-spacer\"><\/div>\n<\/div>\n\n<div class=\"container-md list  \">\n<ul class=\"wp-block-list\"><div class=\"container-md list-item  \">\n<li>Det er let for operat\u00f8ren at holde styr p\u00e5 processen under normale forhold.<\/li>\n<\/div>\n\n<div class=\"container-md list-item  \">\n<li>Operat\u00f8rer skal have tillid til, at de effektivt kan overv\u00e5ge afvigelser og u\u00f8nskede forhold for processen..&nbsp;<\/li>\n<\/div>\n\n<div class=\"container-md list-item  \">\n<li>I tilf\u00e6lde af afvigelser eller u\u00f8nskede forhold skal operat\u00f8ren kun have overblik over processen, n\u00e5r systemet bruges. Du skal ikke skulle kigge p\u00e5 flere sk\u00e6rme, se logb\u00f8ger, l\u00e6se proceduremanualer eller lignende.<\/li>\n<\/div><\/ul>\n<\/div>\n\n<div class=\"container-md paragraph  \">\n<p>N\u00e5r du bruger High Performance HMI, som er baseret p\u00e5 <a href=\"https:\/\/www.isa.org\/standards-and-publications\/isa-standards\/isa-standards-committees\/isa101\">ISA 101-standarderne<\/a>, vil du opfylde disse krav og f\u00e5 resultater.<\/p>\n<\/div>\n\n<div class=\"container-md spacer  \">\n<div style=\"height:10px\" aria-hidden=\"true\" class=\"wp-block-spacer\"><\/div>\n<\/div>\n\n<div class=\"container-md heading  \">\n<h2 class=\"wp-block-heading\" id=\"h-resultater-af-high-performance-hmi\">Resultater af High Performance HMI<\/h2>\n<\/div>\n\n<div class=\"container-md paragraph  \">\n<p>Med High Performance HMI har vores kunder oplevet en betydelig forbedring i produktionsprocessen med kortere responstid og hurtigere l\u00f8sning p\u00e5 problemet:<\/p>\n<\/div>\n\n<div class=\"container-md list  \">\n<ul class=\"wp-block-list\"><div class=\"container-md list-item  \">\n<li>En femdobling i opdagelsen af \u200b\u200bunormale situationer, f\u00f8r alarmer udl\u00f8ses.<\/li>\n<\/div>\n\n<div class=\"container-md list-item  \">\n<li>37% h\u00f8jere succesrate i h\u00e5ndteringen af \u200b\u200bunormale situationer.<\/li>\n<\/div>\n\n<div class=\"container-md list-item  \">\n<li>41% mindre tid brugt p\u00e5 at fuldf\u00f8re opgaver i unormale situationer.<\/li>\n<\/div><\/ul>\n<\/div>\n\n<div class=\"container-md paragraph  \">\n<p>Ofte er der procedurer, der skal f\u00f8lges i opstarts- og stop-situationer samt i u\u00f8nskede situationer. Med de nye v\u00e6rkt\u00f8jer til procedurer og arbejdsgang kan disse integreres direkte i HMI\/SCADA-systemet og underst\u00f8tte handlinger til vejledning af operat\u00f8rer. Resultatet er et fuldt integreret milj\u00f8.<\/p>\n<\/div>\n\n<div class=\"container-md spacer  \">\n<div style=\"height:50px\" aria-hidden=\"true\" class=\"wp-block-spacer\"><\/div>\n<\/div>\n\n  <div class=\"slider-column-parent\">\n    <div class=\"container\">\n      <div class=\"slider-column-title\">Vores HMI\/SCADA-l\u00f8sninger<\/div>\n\n      <div class=\"row\">\n        <div class=\"col-12 col-md-4\"><div class=\"column-box\">\n  \n      <div class=\"title\">\n      Proficy iFIX    <\/div>\n  \n      <div class=\"text\">\n      <p>Den mest komplette HMI\/SCADA-l\u00f8sningen p\u00e5 markedet.<\/p>\n    <\/div>\n  \n      <a class=\"link\"  href=\"https:\/\/www.novotek.com\/dk\/automation\/hmi-scada\/proficy-hmi-scada-ifix\/\" target=\"\">\n      L\u00e6s mere om iFIX    <\/a>\n  \n  <\/div>\n\n<\/div><div class=\"col-12 col-md-4\"><div class=\"column-box\">\n  \n      <div class=\"title\">\n      Proficy Batch Execution    <\/div>\n  \n      <div class=\"text\">\n      <p>Funktionel automatiseringsl\u00f8sning specielt udviklet til batchproduktion.<\/p>\n    <\/div>\n  \n      <a class=\"link\"  href=\"https:\/\/www.novotek.com\/dk\/automation\/hmi-scada\/proficy-batch-execution\/\" target=\"\">\n      L\u00e6s mere om Proficy Batch Execution    <\/a>\n  \n  <\/div>\n\n<\/div>      <\/div>\n    <\/div>\n  <\/div>\n","protected":false},"excerpt":{"rendered":"<p>Udviklingen af \u200b\u200bHigh Performance HMI: I l\u00f8bet af de sidste 30 \u00e5r har HMI\/SCADA udviklet sig fra mekaniske v\u00e6gge til sk\u00e6rme med h\u00f8j opl\u00f8sning, kontrast og st\u00e6rke farver. Inspireret af spilindustrien, kom kraftfulde HMI-designv\u00e6rkt\u00f8jer p\u00e5 markedet, og effekter som 3D, animation og skygge blev brugt til at illustrere udstyr og produktion. Udfordringen er, at computerspil-grafik [&hellip;]<\/p>\n","protected":false},"author":6,"featured_media":0,"parent":977,"menu_order":5,"comment_status":"closed","ping_status":"closed","template":"","meta":{"_acf_changed":false,"_relevanssi_hide_post":"","_relevanssi_pin_for_all":"","_relevanssi_pin_keywords":"","_relevanssi_unpin_keywords":"","_relevanssi_related_keywords":"","_relevanssi_related_include_ids":"","_relevanssi_related_exclude_ids":"","_relevanssi_related_no_append":"","_relevanssi_related_not_related":"","_relevanssi_related_posts":"1","_relevanssi_noindex_reason":"","footnotes":""},"class_list":["post-1078","page","type-page","status-publish","hentry"],"acf":[],"yoast_head":"<!-- This site is optimized with the Yoast SEO plugin v27.3 - https:\/\/yoast.com\/product\/yoast-seo-wordpress\/ -->\n<title>High Performance HMI - High Performance Scada | Novotek<\/title>\n<meta name=\"description\" content=\"Udviklingen af High Performance HMI\/Scada bunder i et behov for en enkel, minimalistisk brugergr\u00e6nseflade, designet til operat\u00f8ren.\" \/>\n<meta name=\"robots\" content=\"index, follow, max-snippet:-1, max-image-preview:large, max-video-preview:-1\" \/>\n<link rel=\"canonical\" href=\"https:\/\/www.novotek.com\/dk\/automation\/high-performance-hmi\/\" \/>\n<meta property=\"og:locale\" content=\"da_DK\" \/>\n<meta property=\"og:type\" content=\"article\" \/>\n<meta property=\"og:title\" content=\"High Performance HMI - High Performance Scada | Novotek\" \/>\n<meta property=\"og:description\" content=\"Udviklingen af High Performance HMI\/Scada bunder i et behov for en enkel, minimalistisk brugergr\u00e6nseflade, designet til operat\u00f8ren.\" \/>\n<meta property=\"og:url\" content=\"https:\/\/www.novotek.com\/dk\/automation\/high-performance-hmi\/\" \/>\n<meta property=\"og:site_name\" content=\"Novotek Danmark\" \/>\n<meta property=\"article:modified_time\" content=\"2025-09-22T12:58:11+00:00\" \/>\n<meta property=\"og:image\" content=\"https:\/\/www.novotek.com\/dk\/wp-content\/uploads\/sites\/4\/hmi-scada\/HMI_before_after.png\" \/>\n<meta name=\"twitter:card\" content=\"summary_large_image\" \/>\n<meta name=\"twitter:label1\" content=\"Estimeret l\u00e6setid\" \/>\n\t<meta name=\"twitter:data1\" content=\"4 minutter\" \/>\n<script type=\"application\/ld+json\" class=\"yoast-schema-graph\">{\"@context\":\"https:\\\/\\\/schema.org\",\"@graph\":[{\"@type\":\"WebPage\",\"@id\":\"https:\\\/\\\/www.novotek.com\\\/dk\\\/automation\\\/high-performance-hmi\\\/\",\"url\":\"https:\\\/\\\/www.novotek.com\\\/dk\\\/automation\\\/high-performance-hmi\\\/\",\"name\":\"High Performance HMI - High Performance Scada | Novotek\",\"isPartOf\":{\"@id\":\"https:\\\/\\\/www.novotek.com\\\/dk\\\/#website\"},\"primaryImageOfPage\":{\"@id\":\"https:\\\/\\\/www.novotek.com\\\/dk\\\/automation\\\/high-performance-hmi\\\/#primaryimage\"},\"image\":{\"@id\":\"https:\\\/\\\/www.novotek.com\\\/dk\\\/automation\\\/high-performance-hmi\\\/#primaryimage\"},\"thumbnailUrl\":\"https:\\\/\\\/www.novotek.com\\\/dk\\\/wp-content\\\/uploads\\\/sites\\\/4\\\/hmi-scada\\\/HMI_before_after.png\",\"datePublished\":\"2021-08-12T07:29:08+00:00\",\"dateModified\":\"2025-09-22T12:58:11+00:00\",\"description\":\"Udviklingen af High Performance HMI\\\/Scada bunder i et behov for en enkel, minimalistisk brugergr\u00e6nseflade, designet til operat\u00f8ren.\",\"breadcrumb\":{\"@id\":\"https:\\\/\\\/www.novotek.com\\\/dk\\\/automation\\\/high-performance-hmi\\\/#breadcrumb\"},\"inLanguage\":\"da-DK\",\"potentialAction\":[{\"@type\":\"ReadAction\",\"target\":[\"https:\\\/\\\/www.novotek.com\\\/dk\\\/automation\\\/high-performance-hmi\\\/\"]}]},{\"@type\":\"ImageObject\",\"inLanguage\":\"da-DK\",\"@id\":\"https:\\\/\\\/www.novotek.com\\\/dk\\\/automation\\\/high-performance-hmi\\\/#primaryimage\",\"url\":\"https:\\\/\\\/www.novotek.com\\\/dk\\\/wp-content\\\/uploads\\\/sites\\\/4\\\/hmi-scada\\\/HMI_before_after.png\",\"contentUrl\":\"https:\\\/\\\/www.novotek.com\\\/dk\\\/wp-content\\\/uploads\\\/sites\\\/4\\\/hmi-scada\\\/HMI_before_after.png\",\"width\":541,\"height\":364,\"caption\":\"HMI f\u00f8r og efter\"},{\"@type\":\"BreadcrumbList\",\"@id\":\"https:\\\/\\\/www.novotek.com\\\/dk\\\/automation\\\/high-performance-hmi\\\/#breadcrumb\",\"itemListElement\":[{\"@type\":\"ListItem\",\"position\":1,\"name\":\"Home\",\"item\":\"https:\\\/\\\/www.novotek.com\\\/dk\\\/\"},{\"@type\":\"ListItem\",\"position\":2,\"name\":\"Automation\",\"item\":\"https:\\\/\\\/www.novotek.com\\\/dk\\\/automation\\\/\"},{\"@type\":\"ListItem\",\"position\":3,\"name\":\"High Performance HMI\"}]},{\"@type\":\"WebSite\",\"@id\":\"https:\\\/\\\/www.novotek.com\\\/dk\\\/#website\",\"url\":\"https:\\\/\\\/www.novotek.com\\\/dk\\\/\",\"name\":\"Novotek Danmark\",\"description\":\"Automation, digitalisering og analyse\",\"publisher\":{\"@id\":\"https:\\\/\\\/www.novotek.com\\\/dk\\\/#organization\"},\"potentialAction\":[{\"@type\":\"SearchAction\",\"target\":{\"@type\":\"EntryPoint\",\"urlTemplate\":\"https:\\\/\\\/www.novotek.com\\\/dk\\\/?s={search_term_string}\"},\"query-input\":{\"@type\":\"PropertyValueSpecification\",\"valueRequired\":true,\"valueName\":\"search_term_string\"}}],\"inLanguage\":\"da-DK\"},{\"@type\":\"Organization\",\"@id\":\"https:\\\/\\\/www.novotek.com\\\/dk\\\/#organization\",\"name\":\"Novotek Danmark\",\"url\":\"https:\\\/\\\/www.novotek.com\\\/dk\\\/\",\"logo\":{\"@type\":\"ImageObject\",\"inLanguage\":\"da-DK\",\"@id\":\"https:\\\/\\\/www.novotek.com\\\/dk\\\/#\\\/schema\\\/logo\\\/image\\\/\",\"url\":\"https:\\\/\\\/www.novotek.com\\\/dk\\\/wp-content\\\/uploads\\\/sites\\\/4\\\/Denmark_files\\\/novotek-logotyp-rgb-pos.png\",\"contentUrl\":\"https:\\\/\\\/www.novotek.com\\\/dk\\\/wp-content\\\/uploads\\\/sites\\\/4\\\/Denmark_files\\\/novotek-logotyp-rgb-pos.png\",\"width\":1794,\"height\":520,\"caption\":\"Novotek Danmark\"},\"image\":{\"@id\":\"https:\\\/\\\/www.novotek.com\\\/dk\\\/#\\\/schema\\\/logo\\\/image\\\/\"},\"sameAs\":[\"https:\\\/\\\/www.linkedin.com\\\/company\\\/novotek-denmark\",\"https:\\\/\\\/www.youtube.com\\\/user\\\/NovotekCorp\"]}]}<\/script>\n<!-- \/ Yoast SEO plugin. -->","yoast_head_json":{"title":"High Performance HMI - High Performance Scada | Novotek","description":"Udviklingen af High Performance HMI\/Scada bunder i et behov for en enkel, minimalistisk brugergr\u00e6nseflade, designet til operat\u00f8ren.","robots":{"index":"index","follow":"follow","max-snippet":"max-snippet:-1","max-image-preview":"max-image-preview:large","max-video-preview":"max-video-preview:-1"},"canonical":"https:\/\/www.novotek.com\/dk\/automation\/high-performance-hmi\/","og_locale":"da_DK","og_type":"article","og_title":"High Performance HMI - High Performance Scada | Novotek","og_description":"Udviklingen af High Performance HMI\/Scada bunder i et behov for en enkel, minimalistisk brugergr\u00e6nseflade, designet til operat\u00f8ren.","og_url":"https:\/\/www.novotek.com\/dk\/automation\/high-performance-hmi\/","og_site_name":"Novotek Danmark","article_modified_time":"2025-09-22T12:58:11+00:00","og_image":[{"url":"https:\/\/www.novotek.com\/dk\/wp-content\/uploads\/sites\/4\/hmi-scada\/HMI_before_after.png","type":"","width":"","height":""}],"twitter_card":"summary_large_image","twitter_misc":{"Estimeret l\u00e6setid":"4 minutter"},"schema":{"@context":"https:\/\/schema.org","@graph":[{"@type":"WebPage","@id":"https:\/\/www.novotek.com\/dk\/automation\/high-performance-hmi\/","url":"https:\/\/www.novotek.com\/dk\/automation\/high-performance-hmi\/","name":"High Performance HMI - High Performance Scada | Novotek","isPartOf":{"@id":"https:\/\/www.novotek.com\/dk\/#website"},"primaryImageOfPage":{"@id":"https:\/\/www.novotek.com\/dk\/automation\/high-performance-hmi\/#primaryimage"},"image":{"@id":"https:\/\/www.novotek.com\/dk\/automation\/high-performance-hmi\/#primaryimage"},"thumbnailUrl":"https:\/\/www.novotek.com\/dk\/wp-content\/uploads\/sites\/4\/hmi-scada\/HMI_before_after.png","datePublished":"2021-08-12T07:29:08+00:00","dateModified":"2025-09-22T12:58:11+00:00","description":"Udviklingen af High Performance HMI\/Scada bunder i et behov for en enkel, minimalistisk brugergr\u00e6nseflade, designet til operat\u00f8ren.","breadcrumb":{"@id":"https:\/\/www.novotek.com\/dk\/automation\/high-performance-hmi\/#breadcrumb"},"inLanguage":"da-DK","potentialAction":[{"@type":"ReadAction","target":["https:\/\/www.novotek.com\/dk\/automation\/high-performance-hmi\/"]}]},{"@type":"ImageObject","inLanguage":"da-DK","@id":"https:\/\/www.novotek.com\/dk\/automation\/high-performance-hmi\/#primaryimage","url":"https:\/\/www.novotek.com\/dk\/wp-content\/uploads\/sites\/4\/hmi-scada\/HMI_before_after.png","contentUrl":"https:\/\/www.novotek.com\/dk\/wp-content\/uploads\/sites\/4\/hmi-scada\/HMI_before_after.png","width":541,"height":364,"caption":"HMI f\u00f8r og efter"},{"@type":"BreadcrumbList","@id":"https:\/\/www.novotek.com\/dk\/automation\/high-performance-hmi\/#breadcrumb","itemListElement":[{"@type":"ListItem","position":1,"name":"Home","item":"https:\/\/www.novotek.com\/dk\/"},{"@type":"ListItem","position":2,"name":"Automation","item":"https:\/\/www.novotek.com\/dk\/automation\/"},{"@type":"ListItem","position":3,"name":"High Performance HMI"}]},{"@type":"WebSite","@id":"https:\/\/www.novotek.com\/dk\/#website","url":"https:\/\/www.novotek.com\/dk\/","name":"Novotek Danmark","description":"Automation, digitalisering og analyse","publisher":{"@id":"https:\/\/www.novotek.com\/dk\/#organization"},"potentialAction":[{"@type":"SearchAction","target":{"@type":"EntryPoint","urlTemplate":"https:\/\/www.novotek.com\/dk\/?s={search_term_string}"},"query-input":{"@type":"PropertyValueSpecification","valueRequired":true,"valueName":"search_term_string"}}],"inLanguage":"da-DK"},{"@type":"Organization","@id":"https:\/\/www.novotek.com\/dk\/#organization","name":"Novotek Danmark","url":"https:\/\/www.novotek.com\/dk\/","logo":{"@type":"ImageObject","inLanguage":"da-DK","@id":"https:\/\/www.novotek.com\/dk\/#\/schema\/logo\/image\/","url":"https:\/\/www.novotek.com\/dk\/wp-content\/uploads\/sites\/4\/Denmark_files\/novotek-logotyp-rgb-pos.png","contentUrl":"https:\/\/www.novotek.com\/dk\/wp-content\/uploads\/sites\/4\/Denmark_files\/novotek-logotyp-rgb-pos.png","width":1794,"height":520,"caption":"Novotek Danmark"},"image":{"@id":"https:\/\/www.novotek.com\/dk\/#\/schema\/logo\/image\/"},"sameAs":["https:\/\/www.linkedin.com\/company\/novotek-denmark","https:\/\/www.youtube.com\/user\/NovotekCorp"]}]}},"_links":{"self":[{"href":"https:\/\/www.novotek.com\/dk\/wp-json\/wp\/v2\/pages\/1078","targetHints":{"allow":["GET"]}}],"collection":[{"href":"https:\/\/www.novotek.com\/dk\/wp-json\/wp\/v2\/pages"}],"about":[{"href":"https:\/\/www.novotek.com\/dk\/wp-json\/wp\/v2\/types\/page"}],"author":[{"embeddable":true,"href":"https:\/\/www.novotek.com\/dk\/wp-json\/wp\/v2\/users\/6"}],"replies":[{"embeddable":true,"href":"https:\/\/www.novotek.com\/dk\/wp-json\/wp\/v2\/comments?post=1078"}],"version-history":[{"count":24,"href":"https:\/\/www.novotek.com\/dk\/wp-json\/wp\/v2\/pages\/1078\/revisions"}],"predecessor-version":[{"id":11105,"href":"https:\/\/www.novotek.com\/dk\/wp-json\/wp\/v2\/pages\/1078\/revisions\/11105"}],"up":[{"embeddable":true,"href":"https:\/\/www.novotek.com\/dk\/wp-json\/wp\/v2\/pages\/977"}],"wp:attachment":[{"href":"https:\/\/www.novotek.com\/dk\/wp-json\/wp\/v2\/media?parent=1078"}],"curies":[{"name":"wp","href":"https:\/\/api.w.org\/{rel}","templated":true}]}}