{"id":10898,"date":"2025-08-26T12:09:15","date_gmt":"2025-08-26T12:09:15","guid":{"rendered":"https:\/\/www.novotek.com\/dk\/?page_id=10898"},"modified":"2025-11-11T14:33:06","modified_gmt":"2025-11-11T14:33:06","slug":"thank-you-for-signing-up-for-our-newsletter","status":"publish","type":"page","link":"https:\/\/www.novotek.com\/dk\/thank-you-for-signing-up-for-our-newsletter\/","title":{"rendered":"Tak fordi du har tilmeldt dig vores nyhedsbrev!"},"content":{"rendered":"<div class=\"container-md heading  \">\n<h1 class=\"wp-block-heading has-medium-font-size\">Tak fordi du har tilmeldt dig vores nyhedsbrev!<\/h1>\n<\/div>\n\n<div class=\"container-md paragraph  \">\n<p><br>Vi s\u00e6tter stor pris p\u00e5 din interesse. Du er nu p\u00e5 vores liste og vil begynde at modtage de seneste opdateringer, nyheder og indsigter fra os.<\/p>\n<\/div>\n\n<div class=\"container-md paragraph  \">\n<p>I mellemtiden er du velkommen til at udforske vores hjemmeside for at l\u00e6re mere om vores ydelser og indsigter.<\/p>\n<\/div>\n\n<div class=\"container-md spacer  \">\n<div style=\"height:50px\" aria-hidden=\"true\" class=\"wp-block-spacer\"><\/div>\n<\/div>","protected":false},"excerpt":{"rendered":"<p>Tak fordi du har tilmeldt dig vores nyhedsbrev! Vi s\u00e6tter stor pris p\u00e5 din interesse. Du er nu p\u00e5 vores liste og vil begynde at modtage de seneste opdateringer, nyheder og indsigter fra os. I mellemtiden er du velkommen til at udforske vores hjemmeside for at l\u00e6re mere om vores ydelser og indsigter.<\/p>\n","protected":false},"author":56,"featured_media":0,"parent":0,"menu_order":0,"comment_status":"closed","ping_status":"closed","template":"","meta":{"_acf_changed":false,"_relevanssi_hide_post":"","_relevanssi_pin_for_all":"","_relevanssi_pin_keywords":"","_relevanssi_unpin_keywords":"","_relevanssi_related_keywords":"","_relevanssi_related_include_ids":"","_relevanssi_related_exclude_ids":"","_relevanssi_related_no_append":"","_relevanssi_related_not_related":"","_relevanssi_related_posts":"5527,8250,7376,10010,1995,1668","_relevanssi_noindex_reason":"","footnotes":""},"class_list":["post-10898","page","type-page","status-publish","hentry"],"acf":[],"yoast_head":"<!-- This site is optimized with the Yoast SEO plugin v27.4 - https:\/\/yoast.com\/product\/yoast-seo-wordpress\/ -->\n<title>Tak fordi du har tilmeldt dig vores nyhedsbrev! - Novotek Danmark<\/title>\n<meta name=\"description\" content=\"Vi s\u00e6tter stor pris p\u00e5 din interesse. Du er nu p\u00e5 vores liste og vil begynde at modtage de seneste opdateringer, nyheder og indsigter fra os.\" \/>\n<meta name=\"robots\" content=\"index, follow, max-snippet:-1, max-image-preview:large, max-video-preview:-1\" \/>\n<link rel=\"canonical\" href=\"https:\/\/www.novotek.com\/dk\/thank-you-for-signing-up-for-our-newsletter\/\" \/>\n<meta property=\"og:locale\" content=\"da_DK\" \/>\n<meta property=\"og:type\" content=\"article\" \/>\n<meta property=\"og:title\" content=\"Tak fordi du har tilmeldt dig vores nyhedsbrev! - Novotek Danmark\" \/>\n<meta property=\"og:description\" content=\"Vi s\u00e6tter stor pris p\u00e5 din interesse. Du er nu p\u00e5 vores liste og vil begynde at modtage de seneste opdateringer, nyheder og indsigter fra os.\" \/>\n<meta property=\"og:url\" content=\"https:\/\/www.novotek.com\/dk\/thank-you-for-signing-up-for-our-newsletter\/\" \/>\n<meta property=\"og:site_name\" content=\"Novotek Danmark\" \/>\n<meta property=\"article:modified_time\" content=\"2025-11-11T14:33:06+00:00\" \/>\n<meta name=\"twitter:card\" content=\"summary_large_image\" \/>\n<meta name=\"twitter:label1\" content=\"Estimeret l\u00e6setid\" \/>\n\t<meta name=\"twitter:data1\" content=\"1 minut\" \/>\n<script type=\"application\/ld+json\" class=\"yoast-schema-graph\">{\"@context\":\"https:\\\/\\\/schema.org\",\"@graph\":[{\"@type\":\"WebPage\",\"@id\":\"https:\\\/\\\/www.novotek.com\\\/dk\\\/thank-you-for-signing-up-for-our-newsletter\\\/\",\"url\":\"https:\\\/\\\/www.novotek.com\\\/dk\\\/thank-you-for-signing-up-for-our-newsletter\\\/\",\"name\":\"Tak fordi du har tilmeldt dig vores nyhedsbrev! - Novotek Danmark\",\"isPartOf\":{\"@id\":\"https:\\\/\\\/www.novotek.com\\\/dk\\\/#website\"},\"datePublished\":\"2025-08-26T12:09:15+00:00\",\"dateModified\":\"2025-11-11T14:33:06+00:00\",\"description\":\"Vi s\u00e6tter stor pris p\u00e5 din interesse. Du er nu p\u00e5 vores liste og vil begynde at modtage de seneste opdateringer, nyheder og indsigter fra os.\",\"breadcrumb\":{\"@id\":\"https:\\\/\\\/www.novotek.com\\\/dk\\\/thank-you-for-signing-up-for-our-newsletter\\\/#breadcrumb\"},\"inLanguage\":\"da-DK\",\"potentialAction\":[{\"@type\":\"ReadAction\",\"target\":[\"https:\\\/\\\/www.novotek.com\\\/dk\\\/thank-you-for-signing-up-for-our-newsletter\\\/\"]}]},{\"@type\":\"BreadcrumbList\",\"@id\":\"https:\\\/\\\/www.novotek.com\\\/dk\\\/thank-you-for-signing-up-for-our-newsletter\\\/#breadcrumb\",\"itemListElement\":[{\"@type\":\"ListItem\",\"position\":1,\"name\":\"Home\",\"item\":\"https:\\\/\\\/www.novotek.com\\\/dk\\\/\"},{\"@type\":\"ListItem\",\"position\":2,\"name\":\"Tak fordi du har tilmeldt dig vores nyhedsbrev!\"}]},{\"@type\":\"WebSite\",\"@id\":\"https:\\\/\\\/www.novotek.com\\\/dk\\\/#website\",\"url\":\"https:\\\/\\\/www.novotek.com\\\/dk\\\/\",\"name\":\"Novotek Danmark\",\"description\":\"Automation, digitalisering og analyse\",\"publisher\":{\"@id\":\"https:\\\/\\\/www.novotek.com\\\/dk\\\/#organization\"},\"potentialAction\":[{\"@type\":\"SearchAction\",\"target\":{\"@type\":\"EntryPoint\",\"urlTemplate\":\"https:\\\/\\\/www.novotek.com\\\/dk\\\/?s={search_term_string}\"},\"query-input\":{\"@type\":\"PropertyValueSpecification\",\"valueRequired\":true,\"valueName\":\"search_term_string\"}}],\"inLanguage\":\"da-DK\"},{\"@type\":\"Organization\",\"@id\":\"https:\\\/\\\/www.novotek.com\\\/dk\\\/#organization\",\"name\":\"Novotek Danmark\",\"url\":\"https:\\\/\\\/www.novotek.com\\\/dk\\\/\",\"logo\":{\"@type\":\"ImageObject\",\"inLanguage\":\"da-DK\",\"@id\":\"https:\\\/\\\/www.novotek.com\\\/dk\\\/#\\\/schema\\\/logo\\\/image\\\/\",\"url\":\"https:\\\/\\\/www.novotek.com\\\/dk\\\/wp-content\\\/uploads\\\/sites\\\/4\\\/Denmark_files\\\/novotek-logotyp-rgb-pos.png\",\"contentUrl\":\"https:\\\/\\\/www.novotek.com\\\/dk\\\/wp-content\\\/uploads\\\/sites\\\/4\\\/Denmark_files\\\/novotek-logotyp-rgb-pos.png\",\"width\":1794,\"height\":520,\"caption\":\"Novotek Danmark\"},\"image\":{\"@id\":\"https:\\\/\\\/www.novotek.com\\\/dk\\\/#\\\/schema\\\/logo\\\/image\\\/\"},\"sameAs\":[\"https:\\\/\\\/www.linkedin.com\\\/company\\\/novotek-denmark\",\"https:\\\/\\\/www.youtube.com\\\/user\\\/NovotekCorp\"]}]}<\/script>\n<!-- \/ Yoast SEO plugin. -->","yoast_head_json":{"title":"Tak fordi du har tilmeldt dig vores nyhedsbrev! - Novotek Danmark","description":"Vi s\u00e6tter stor pris p\u00e5 din interesse. Du er nu p\u00e5 vores liste og vil begynde at modtage de seneste opdateringer, nyheder og indsigter fra os.","robots":{"index":"index","follow":"follow","max-snippet":"max-snippet:-1","max-image-preview":"max-image-preview:large","max-video-preview":"max-video-preview:-1"},"canonical":"https:\/\/www.novotek.com\/dk\/thank-you-for-signing-up-for-our-newsletter\/","og_locale":"da_DK","og_type":"article","og_title":"Tak fordi du har tilmeldt dig vores nyhedsbrev! - Novotek Danmark","og_description":"Vi s\u00e6tter stor pris p\u00e5 din interesse. Du er nu p\u00e5 vores liste og vil begynde at modtage de seneste opdateringer, nyheder og indsigter fra os.","og_url":"https:\/\/www.novotek.com\/dk\/thank-you-for-signing-up-for-our-newsletter\/","og_site_name":"Novotek Danmark","article_modified_time":"2025-11-11T14:33:06+00:00","twitter_card":"summary_large_image","twitter_misc":{"Estimeret l\u00e6setid":"1 minut"},"schema":{"@context":"https:\/\/schema.org","@graph":[{"@type":"WebPage","@id":"https:\/\/www.novotek.com\/dk\/thank-you-for-signing-up-for-our-newsletter\/","url":"https:\/\/www.novotek.com\/dk\/thank-you-for-signing-up-for-our-newsletter\/","name":"Tak fordi du har tilmeldt dig vores nyhedsbrev! - Novotek Danmark","isPartOf":{"@id":"https:\/\/www.novotek.com\/dk\/#website"},"datePublished":"2025-08-26T12:09:15+00:00","dateModified":"2025-11-11T14:33:06+00:00","description":"Vi s\u00e6tter stor pris p\u00e5 din interesse. Du er nu p\u00e5 vores liste og vil begynde at modtage de seneste opdateringer, nyheder og indsigter fra os.","breadcrumb":{"@id":"https:\/\/www.novotek.com\/dk\/thank-you-for-signing-up-for-our-newsletter\/#breadcrumb"},"inLanguage":"da-DK","potentialAction":[{"@type":"ReadAction","target":["https:\/\/www.novotek.com\/dk\/thank-you-for-signing-up-for-our-newsletter\/"]}]},{"@type":"BreadcrumbList","@id":"https:\/\/www.novotek.com\/dk\/thank-you-for-signing-up-for-our-newsletter\/#breadcrumb","itemListElement":[{"@type":"ListItem","position":1,"name":"Home","item":"https:\/\/www.novotek.com\/dk\/"},{"@type":"ListItem","position":2,"name":"Tak fordi du har tilmeldt dig vores nyhedsbrev!"}]},{"@type":"WebSite","@id":"https:\/\/www.novotek.com\/dk\/#website","url":"https:\/\/www.novotek.com\/dk\/","name":"Novotek Danmark","description":"Automation, digitalisering og analyse","publisher":{"@id":"https:\/\/www.novotek.com\/dk\/#organization"},"potentialAction":[{"@type":"SearchAction","target":{"@type":"EntryPoint","urlTemplate":"https:\/\/www.novotek.com\/dk\/?s={search_term_string}"},"query-input":{"@type":"PropertyValueSpecification","valueRequired":true,"valueName":"search_term_string"}}],"inLanguage":"da-DK"},{"@type":"Organization","@id":"https:\/\/www.novotek.com\/dk\/#organization","name":"Novotek Danmark","url":"https:\/\/www.novotek.com\/dk\/","logo":{"@type":"ImageObject","inLanguage":"da-DK","@id":"https:\/\/www.novotek.com\/dk\/#\/schema\/logo\/image\/","url":"https:\/\/www.novotek.com\/dk\/wp-content\/uploads\/sites\/4\/Denmark_files\/novotek-logotyp-rgb-pos.png","contentUrl":"https:\/\/www.novotek.com\/dk\/wp-content\/uploads\/sites\/4\/Denmark_files\/novotek-logotyp-rgb-pos.png","width":1794,"height":520,"caption":"Novotek Danmark"},"image":{"@id":"https:\/\/www.novotek.com\/dk\/#\/schema\/logo\/image\/"},"sameAs":["https:\/\/www.linkedin.com\/company\/novotek-denmark","https:\/\/www.youtube.com\/user\/NovotekCorp"]}]}},"_links":{"self":[{"href":"https:\/\/www.novotek.com\/dk\/wp-json\/wp\/v2\/pages\/10898","targetHints":{"allow":["GET"]}}],"collection":[{"href":"https:\/\/www.novotek.com\/dk\/wp-json\/wp\/v2\/pages"}],"about":[{"href":"https:\/\/www.novotek.com\/dk\/wp-json\/wp\/v2\/types\/page"}],"author":[{"embeddable":true,"href":"https:\/\/www.novotek.com\/dk\/wp-json\/wp\/v2\/users\/56"}],"replies":[{"embeddable":true,"href":"https:\/\/www.novotek.com\/dk\/wp-json\/wp\/v2\/comments?post=10898"}],"version-history":[{"count":3,"href":"https:\/\/www.novotek.com\/dk\/wp-json\/wp\/v2\/pages\/10898\/revisions"}],"predecessor-version":[{"id":11675,"href":"https:\/\/www.novotek.com\/dk\/wp-json\/wp\/v2\/pages\/10898\/revisions\/11675"}],"wp:attachment":[{"href":"https:\/\/www.novotek.com\/dk\/wp-json\/wp\/v2\/media?parent=10898"}],"curies":[{"name":"wp","href":"https:\/\/api.w.org\/{rel}","templated":true}]}}