{"id":11068,"date":"2025-09-22T13:18:08","date_gmt":"2025-09-22T13:18:08","guid":{"rendered":"https:\/\/www.novotek.com\/dk\/?page_id=11068"},"modified":"2025-09-24T07:47:36","modified_gmt":"2025-09-24T07:47:36","slug":"implementer-vedligholdelsessytem-7-skridt","status":"publish","type":"page","link":"https:\/\/www.novotek.com\/dk\/digitalisering\/vedligeholdelsessystem\/implementer-vedligholdelsessytem-7-skridt\/","title":{"rendered":"Guide: Implementer et vedligeholdelsessystem med 7 enkle skridt"},"content":{"rendered":"<div class=\"container-md spacer  \">\n<div style=\"height:30px\" aria-hidden=\"true\" class=\"wp-block-spacer\"><\/div>\n<\/div>\n\n<div class=\"container-md columns  alignwide\">\n<div class=\"wp-block-columns alignwide is-layout-flex wp-container-core-columns-is-layout-9d6595d7 wp-block-columns-is-layout-flex\"><div class=\"container-md column  \">\n<div class=\"wp-block-column is-layout-flow wp-block-column-is-layout-flow\"><div class=\"container-md heading  alignfull\">\n<h1 class=\"wp-block-heading alignfull has-text-align-center\">Implementer et vedligeholdelsessystem med 7 enkle skridt<\/h1>\n<\/div><\/div>\n<\/div><\/div>\n<\/div>\n\n<div class=\"container-md columns  \">\n<div class=\"wp-block-columns is-layout-flex wp-container-core-columns-is-layout-9d6595d7 wp-block-columns-is-layout-flex\"><div class=\"container-md column  \">\n<div class=\"wp-block-column is-layout-flow wp-block-column-is-layout-flow\"><div class=\"container-md form  \"><script type=\"text\/javascript\">\n\/* <![CDATA[ *\/\nvar gform;gform||(document.addEventListener(\"gform_main_scripts_loaded\",function(){gform.scriptsLoaded=!0}),document.addEventListener(\"gform\/theme\/scripts_loaded\",function(){gform.themeScriptsLoaded=!0}),window.addEventListener(\"DOMContentLoaded\",function(){gform.domLoaded=!0}),gform={domLoaded:!1,scriptsLoaded:!1,themeScriptsLoaded:!1,isFormEditor:()=>\"function\"==typeof InitializeEditor,callIfLoaded:function(o){return!(!gform.domLoaded||!gform.scriptsLoaded||!gform.themeScriptsLoaded&&!gform.isFormEditor()||(gform.isFormEditor()&&console.warn(\"The use of gform.initializeOnLoaded() is deprecated in the form editor context and will be removed in Gravity Forms 3.1.\"),o(),0))},initializeOnLoaded:function(o){gform.callIfLoaded(o)||(document.addEventListener(\"gform_main_scripts_loaded\",()=>{gform.scriptsLoaded=!0,gform.callIfLoaded(o)}),document.addEventListener(\"gform\/theme\/scripts_loaded\",()=>{gform.themeScriptsLoaded=!0,gform.callIfLoaded(o)}),window.addEventListener(\"DOMContentLoaded\",()=>{gform.domLoaded=!0,gform.callIfLoaded(o)}))},hooks:{action:{},filter:{}},addAction:function(o,r,e,t){gform.addHook(\"action\",o,r,e,t)},addFilter:function(o,r,e,t){gform.addHook(\"filter\",o,r,e,t)},doAction:function(o){gform.doHook(\"action\",o,arguments)},applyFilters:function(o){return gform.doHook(\"filter\",o,arguments)},removeAction:function(o,r){gform.removeHook(\"action\",o,r)},removeFilter:function(o,r,e){gform.removeHook(\"filter\",o,r,e)},addHook:function(o,r,e,t,n){null==gform.hooks[o][r]&&(gform.hooks[o][r]=[]);var d=gform.hooks[o][r];null==n&&(n=r+\"_\"+d.length),gform.hooks[o][r].push({tag:n,callable:e,priority:t=null==t?10:t})},doHook:function(r,o,e){var t;if(e=Array.prototype.slice.call(e,1),null!=gform.hooks[r][o]&&((o=gform.hooks[r][o]).sort(function(o,r){return o.priority-r.priority}),o.forEach(function(o){\"function\"!=typeof(t=o.callable)&&(t=window[t]),\"action\"==r?t.apply(null,e):e[0]=t.apply(null,e)})),\"filter\"==r)return e[0]},removeHook:function(o,r,t,n){var e;null!=gform.hooks[o][r]&&(e=(e=gform.hooks[o][r]).filter(function(o,r,e){return!!(null!=n&&n!=o.tag||null!=t&&t!=o.priority)}),gform.hooks[o][r]=e)}});\n\/* ]]> *\/\n<\/script>\n\n                <div class='gf_browser_gecko gform_wrapper gravity-theme gform-theme--no-framework' data-form-theme='gravity-theme' data-form-index='0' id='gform_wrapper_48' >\n                        <div class='gform_heading'>\n                            <p class='gform_description'><\/p>\n                        <\/div><form method='post' enctype='multipart\/form-data'  id='gform_48'  action='\/dk\/wp-json\/wp\/v2\/pages\/11068' data-formid='48' novalidate>\n                        <div class='gform-body gform_body'><div id='gform_fields_48' class='gform_fields top_label form_sublabel_below description_below validation_below'><div id=\"field_48_1\" class=\"gfield gfield--type-email gfield--input-type-email gfield_contains_required field_sublabel_below gfield--has-description field_description_above field_validation_below gfield_visibility_visible\"  ><label class='gfield_label gform-field-label' for='input_48_1'>E-mail<span class=\"gfield_required\"><span class=\"gfield_required gfield_required_text\">(P\u00e5kr\u00e6vet)<\/span><\/span><\/label><div class='gfield_description' id='gfield_description_48_1'>Udfyld din e-mail nedenfor og modtag whitepaperet med det samme.<\/div><div class='ginput_container ginput_container_email'>\n                            <input name='input_1' id='input_48_1' type='email' value='' class='large'    aria-required=\"true\" aria-invalid=\"false\" aria-describedby=\"gfield_description_48_1\" \/>\n                        <\/div><\/div><\/div><\/div>\n        <div class='gform-footer gform_footer top_label'> <input type='submit' id='gform_submit_button_48' class='gform_button button' onclick='gform.submission.handleButtonClick(this);' data-submission-type='submit' value='Download whitepaper'  \/> \n            <input type='hidden' class='gform_hidden' name='gform_submission_method' data-js='gform_submission_method_48' value='postback' \/>\n            <input type='hidden' class='gform_hidden' name='gform_theme' data-js='gform_theme_48' id='gform_theme_48' value='gravity-theme' \/>\n            <input type='hidden' class='gform_hidden' name='gform_style_settings' data-js='gform_style_settings_48' id='gform_style_settings_48' value='{&quot;inputPrimaryColor&quot;:&quot;#204ce5&quot;}' \/>\n            <input type='hidden' class='gform_hidden' name='is_submit_48' value='1' \/>\n            <input type='hidden' class='gform_hidden' name='gform_submit' value='48' \/>\n            \n            <input type='hidden' class='gform_hidden' name='gform_currency' data-currency='DKK' value='fmao8SmiJFpiftlv7JumTmpKf1XBXnTzMFnwQhD8gfyge\/cr3PZj0Sgyid272VTMg5Yzkt0Xd5FVF15Gj9yvc5mq\/GlBqNW7Q0Gv2N\/\/CUiWDr8=' \/>\n            <input type='hidden' class='gform_hidden' name='gform_unique_id' value='' \/>\n            <input type='hidden' class='gform_hidden' name='state_48' value='WyJbXSIsIjVkYzMwMGZkNDZiMzQ2YzQ2NzY5Y2NjZjQyMmNkZGY2Il0=' \/>\n            <input type='hidden' autocomplete='off' class='gform_hidden' name='gform_target_page_number_48' id='gform_target_page_number_48' value='0' \/>\n            <input type='hidden' autocomplete='off' class='gform_hidden' name='gform_source_page_number_48' id='gform_source_page_number_48' value='1' \/>\n            <input type='hidden' name='gform_field_values' value='' \/>\n            \n        <\/div>\n                        <\/form>\n                        <\/div><script type=\"text\/javascript\">\n\/* <![CDATA[ *\/\ndocument.addEventListener( \"DOMContentLoaded\", function() {  gform.initializeOnLoaded( function() {gformInitSpinner( 48, 'https:\/\/www.novotek.com\/dk\/wp-content\/plugins\/gravityforms\/images\/spinner.svg', true );jQuery('#gform_ajax_frame_48').on('load',function(){var contents = jQuery(this).contents().find('*').html();var is_postback = contents.indexOf('GF_AJAX_POSTBACK') >= 0;if(!is_postback){return;}var form_content = jQuery(this).contents().find('#gform_wrapper_48');var is_confirmation = jQuery(this).contents().find('#gform_confirmation_wrapper_48').length > 0;var is_redirect = contents.indexOf('gformRedirect(){') >= 0;var is_form = form_content.length > 0 && ! is_redirect && ! is_confirmation;var mt = parseInt(jQuery('html').css('margin-top'), 10) + parseInt(jQuery('body').css('margin-top'), 10) + 100;if(is_form){jQuery('#gform_wrapper_48').html(form_content.html());if(form_content.hasClass('gform_validation_error')){jQuery('#gform_wrapper_48').addClass('gform_validation_error');} else {jQuery('#gform_wrapper_48').removeClass('gform_validation_error');}setTimeout( function() { \/* delay the scroll by 50 milliseconds to fix a bug in chrome *\/  }, 50 );if(window['gformInitDatepicker']) {gformInitDatepicker();}if(window['gformInitPriceFields']) {gformInitPriceFields();}var current_page = jQuery('#gform_source_page_number_48').val();gformInitSpinner( 48, 'https:\/\/www.novotek.com\/dk\/wp-content\/plugins\/gravityforms\/images\/spinner.svg', true );jQuery(document).trigger('gform_page_loaded', [48, current_page]);window['gf_submitting_48'] = false;}else if(!is_redirect){var confirmation_content = jQuery(this).contents().find('.GF_AJAX_POSTBACK').html();if(!confirmation_content){confirmation_content = contents;}jQuery('#gform_wrapper_48').replaceWith(confirmation_content);jQuery(document).trigger('gform_confirmation_loaded', [48]);window['gf_submitting_48'] = false;wp.a11y.speak(jQuery('#gform_confirmation_message_48').text());}else{jQuery('#gform_48').append(contents);if(window['gformRedirect']) {gformRedirect();}}jQuery(document).trigger(\"gform_pre_post_render\", [{ formId: \"48\", currentPage: \"current_page\", abort: function() { this.preventDefault(); } }]);        if (event && event.defaultPrevented) {                return;        }        const gformWrapperDiv = document.getElementById( \"gform_wrapper_48\" );        if ( gformWrapperDiv ) {            const visibilitySpan = document.createElement( \"span\" );            visibilitySpan.id = \"gform_visibility_test_48\";            gformWrapperDiv.insertAdjacentElement( \"afterend\", visibilitySpan );        }        const visibilityTestDiv = document.getElementById( \"gform_visibility_test_48\" );        let postRenderFired = false;        function triggerPostRender() {            if ( postRenderFired ) {                return;            }            postRenderFired = true;            gform.core.triggerPostRenderEvents( 48, current_page );            if ( visibilityTestDiv ) {                visibilityTestDiv.parentNode.removeChild( visibilityTestDiv );            }        }        function debounce( func, wait, immediate ) {            var timeout;            return function() {                var context = this, args = arguments;                var later = function() {                    timeout = null;                    if ( !immediate ) func.apply( context, args );                };                var callNow = immediate && !timeout;                clearTimeout( timeout );                timeout = setTimeout( later, wait );                if ( callNow ) func.apply( context, args );            };        }        const debouncedTriggerPostRender = debounce( function() {            triggerPostRender();        }, 200 );        if ( visibilityTestDiv && visibilityTestDiv.offsetParent === null ) {            const observer = new MutationObserver( ( mutations ) => {                mutations.forEach( ( mutation ) => {                    if ( mutation.type === 'attributes' && visibilityTestDiv.offsetParent !== null ) {                        debouncedTriggerPostRender();                        observer.disconnect();                    }                });            });            observer.observe( document.body, {                attributes: true,                childList: false,                subtree: true,                attributeFilter: [ 'style', 'class' ],            });        } else {            triggerPostRender();        }    } );} );  }, false );\n\/* ]]> *\/\n<\/script>\n<\/div><\/div>\n<\/div><\/div>\n<\/div>\n\n  <div class=\"slider-column-parent\">\n    <div class=\"container\">\n      <div class=\"slider-column-title\">L\u00e6s mere om vedligeholdelse<\/div>\n\n      <div class=\"row\">\n        <div class=\"col-12 col-md-4\"><div class=\"column-box\">\n  \n      <div class=\"title\">\n      Idus Online    <\/div>\n  \n      <div class=\"text\">\n      <p>Et komplet CMMS<\/p>\n    <\/div>\n  \n      <a class=\"link\"  href=\"https:\/\/www.novotek.com\/dk\/digitalisering\/vedligeholdelsessystem\/idus\/\" target=\"\">\n      L\u00e6s mere    <\/a>\n  \n  <\/div>\n\n<\/div><div class=\"col-12 col-md-4\"><div class=\"column-box\">\n  \n      <div class=\"title\">\n      Vedligeholdelsesstrategier    <\/div>\n  \n      <div class=\"text\">\n      <p>F\u00e5 et overblik over de forskellige strategier<\/p>\n    <\/div>\n  \n      <a class=\"link\"  href=\"https:\/\/www.novotek.com\/dk\/insight\/saadan-vaelger-du-den-rigtige-vedligeholdelsesstrategi\/\" target=\"\">\n      L\u00e6s mere    <\/a>\n  \n  <\/div>\n\n<\/div><div class=\"col-12 col-md-4\"><div class=\"column-box\">\n  \n      <div class=\"title\">\n      CMMS    <\/div>\n  \n      <div class=\"text\">\n      <p>L\u00e6r alt om CMMS systemets funktioner, fordele og implementering<\/p>\n    <\/div>\n  \n      <a class=\"link\"  href=\"https:\/\/www.novotek.com\/dk\/digitalisering\/vedligeholdelsessystem\/idus\/cmms\/\" target=\"\">\n      L\u00e6s mere     <\/a>\n  \n  <\/div>\n\n<\/div>      <\/div>\n    <\/div>\n  <\/div>\n","protected":false},"excerpt":{"rendered":"<p>At implementere et vedligeholdssystem beh\u00f8ver ikke v\u00e6re s\u00e5 kompliceret som man forestiller sig. Tankerne retter sig hurtigt mod store forretningssystemer med deres lige s\u00e5 store og altomfattende projekter.<\/p>\n","protected":false},"author":46,"featured_media":0,"parent":1377,"menu_order":0,"comment_status":"closed","ping_status":"closed","template":"","meta":{"_acf_changed":false,"_relevanssi_hide_post":"","_relevanssi_pin_for_all":"","_relevanssi_pin_keywords":"","_relevanssi_unpin_keywords":"","_relevanssi_related_keywords":"","_relevanssi_related_include_ids":"","_relevanssi_related_exclude_ids":"","_relevanssi_related_no_append":"","_relevanssi_related_not_related":"","_relevanssi_related_posts":"1","_relevanssi_noindex_reason":"","footnotes":""},"class_list":["post-11068","page","type-page","status-publish","hentry"],"acf":[],"yoast_head":"<!-- This site is optimized with the Yoast SEO plugin v27.3 - https:\/\/yoast.com\/product\/yoast-seo-wordpress\/ -->\n<title>Guide: Implementer et vedligeholdelsessystem med 7 enkle skridt<\/title>\n<meta name=\"description\" content=\"At implementere et vedligeholdssystem beh\u00f8ver ikke v\u00e6re s\u00e5 kompliceret som man forestiller sig. Download vores whitepaper h\u00f8r mere.\" \/>\n<meta name=\"robots\" content=\"index, follow, max-snippet:-1, max-image-preview:large, max-video-preview:-1\" \/>\n<link rel=\"canonical\" href=\"https:\/\/www.novotek.com\/dk\/digitalisering\/vedligeholdelsessystem\/implementer-vedligholdelsessytem-7-skridt\/\" \/>\n<meta property=\"og:locale\" content=\"da_DK\" \/>\n<meta property=\"og:type\" content=\"article\" \/>\n<meta property=\"og:title\" content=\"Guide: Implementer et vedligeholdelsessystem med 7 enkle skridt\" \/>\n<meta property=\"og:description\" content=\"At implementere et vedligeholdssystem beh\u00f8ver ikke v\u00e6re s\u00e5 kompliceret som man forestiller sig. Download vores whitepaper h\u00f8r mere.\" \/>\n<meta property=\"og:url\" content=\"https:\/\/www.novotek.com\/dk\/digitalisering\/vedligeholdelsessystem\/implementer-vedligholdelsessytem-7-skridt\/\" \/>\n<meta property=\"og:site_name\" content=\"Novotek Danmark\" \/>\n<meta property=\"article:modified_time\" content=\"2025-09-24T07:47:36+00:00\" \/>\n<meta name=\"twitter:card\" content=\"summary_large_image\" \/>\n<meta name=\"twitter:label1\" content=\"Estimeret l\u00e6setid\" \/>\n\t<meta name=\"twitter:data1\" content=\"1 minut\" \/>\n<script type=\"application\/ld+json\" class=\"yoast-schema-graph\">{\"@context\":\"https:\\\/\\\/schema.org\",\"@graph\":[{\"@type\":\"WebPage\",\"@id\":\"https:\\\/\\\/www.novotek.com\\\/dk\\\/digitalisering\\\/vedligeholdelsessystem\\\/implementer-vedligholdelsessytem-7-skridt\\\/\",\"url\":\"https:\\\/\\\/www.novotek.com\\\/dk\\\/digitalisering\\\/vedligeholdelsessystem\\\/implementer-vedligholdelsessytem-7-skridt\\\/\",\"name\":\"Guide: Implementer et vedligeholdelsessystem med 7 enkle skridt\",\"isPartOf\":{\"@id\":\"https:\\\/\\\/www.novotek.com\\\/dk\\\/#website\"},\"datePublished\":\"2025-09-22T13:18:08+00:00\",\"dateModified\":\"2025-09-24T07:47:36+00:00\",\"description\":\"At implementere et vedligeholdssystem beh\u00f8ver ikke v\u00e6re s\u00e5 kompliceret som man forestiller sig. Download vores whitepaper h\u00f8r mere.\",\"breadcrumb\":{\"@id\":\"https:\\\/\\\/www.novotek.com\\\/dk\\\/digitalisering\\\/vedligeholdelsessystem\\\/implementer-vedligholdelsessytem-7-skridt\\\/#breadcrumb\"},\"inLanguage\":\"da-DK\",\"potentialAction\":[{\"@type\":\"ReadAction\",\"target\":[\"https:\\\/\\\/www.novotek.com\\\/dk\\\/digitalisering\\\/vedligeholdelsessystem\\\/implementer-vedligholdelsessytem-7-skridt\\\/\"]}]},{\"@type\":\"BreadcrumbList\",\"@id\":\"https:\\\/\\\/www.novotek.com\\\/dk\\\/digitalisering\\\/vedligeholdelsessystem\\\/implementer-vedligholdelsessytem-7-skridt\\\/#breadcrumb\",\"itemListElement\":[{\"@type\":\"ListItem\",\"position\":1,\"name\":\"Home\",\"item\":\"https:\\\/\\\/www.novotek.com\\\/dk\\\/\"},{\"@type\":\"ListItem\",\"position\":2,\"name\":\"Digitalisering\",\"item\":\"https:\\\/\\\/www.novotek.com\\\/dk\\\/digitalisering\\\/\"},{\"@type\":\"ListItem\",\"position\":3,\"name\":\"Vedligeholdelsessystem\",\"item\":\"https:\\\/\\\/www.novotek.com\\\/dk\\\/digitalisering\\\/vedligeholdelsessystem\\\/\"},{\"@type\":\"ListItem\",\"position\":4,\"name\":\"Guide: Implementer et vedligeholdelsessystem med 7 enkle skridt\"}]},{\"@type\":\"WebSite\",\"@id\":\"https:\\\/\\\/www.novotek.com\\\/dk\\\/#website\",\"url\":\"https:\\\/\\\/www.novotek.com\\\/dk\\\/\",\"name\":\"Novotek Danmark\",\"description\":\"Automation, digitalisering og analyse\",\"publisher\":{\"@id\":\"https:\\\/\\\/www.novotek.com\\\/dk\\\/#organization\"},\"potentialAction\":[{\"@type\":\"SearchAction\",\"target\":{\"@type\":\"EntryPoint\",\"urlTemplate\":\"https:\\\/\\\/www.novotek.com\\\/dk\\\/?s={search_term_string}\"},\"query-input\":{\"@type\":\"PropertyValueSpecification\",\"valueRequired\":true,\"valueName\":\"search_term_string\"}}],\"inLanguage\":\"da-DK\"},{\"@type\":\"Organization\",\"@id\":\"https:\\\/\\\/www.novotek.com\\\/dk\\\/#organization\",\"name\":\"Novotek Danmark\",\"url\":\"https:\\\/\\\/www.novotek.com\\\/dk\\\/\",\"logo\":{\"@type\":\"ImageObject\",\"inLanguage\":\"da-DK\",\"@id\":\"https:\\\/\\\/www.novotek.com\\\/dk\\\/#\\\/schema\\\/logo\\\/image\\\/\",\"url\":\"https:\\\/\\\/www.novotek.com\\\/dk\\\/wp-content\\\/uploads\\\/sites\\\/4\\\/Denmark_files\\\/novotek-logotyp-rgb-pos.png\",\"contentUrl\":\"https:\\\/\\\/www.novotek.com\\\/dk\\\/wp-content\\\/uploads\\\/sites\\\/4\\\/Denmark_files\\\/novotek-logotyp-rgb-pos.png\",\"width\":1794,\"height\":520,\"caption\":\"Novotek Danmark\"},\"image\":{\"@id\":\"https:\\\/\\\/www.novotek.com\\\/dk\\\/#\\\/schema\\\/logo\\\/image\\\/\"},\"sameAs\":[\"https:\\\/\\\/www.linkedin.com\\\/company\\\/novotek-denmark\",\"https:\\\/\\\/www.youtube.com\\\/user\\\/NovotekCorp\"]}]}<\/script>\n<!-- \/ Yoast SEO plugin. -->","yoast_head_json":{"title":"Guide: Implementer et vedligeholdelsessystem med 7 enkle skridt","description":"At implementere et vedligeholdssystem beh\u00f8ver ikke v\u00e6re s\u00e5 kompliceret som man forestiller sig. Download vores whitepaper h\u00f8r mere.","robots":{"index":"index","follow":"follow","max-snippet":"max-snippet:-1","max-image-preview":"max-image-preview:large","max-video-preview":"max-video-preview:-1"},"canonical":"https:\/\/www.novotek.com\/dk\/digitalisering\/vedligeholdelsessystem\/implementer-vedligholdelsessytem-7-skridt\/","og_locale":"da_DK","og_type":"article","og_title":"Guide: Implementer et vedligeholdelsessystem med 7 enkle skridt","og_description":"At implementere et vedligeholdssystem beh\u00f8ver ikke v\u00e6re s\u00e5 kompliceret som man forestiller sig. Download vores whitepaper h\u00f8r mere.","og_url":"https:\/\/www.novotek.com\/dk\/digitalisering\/vedligeholdelsessystem\/implementer-vedligholdelsessytem-7-skridt\/","og_site_name":"Novotek Danmark","article_modified_time":"2025-09-24T07:47:36+00:00","twitter_card":"summary_large_image","twitter_misc":{"Estimeret l\u00e6setid":"1 minut"},"schema":{"@context":"https:\/\/schema.org","@graph":[{"@type":"WebPage","@id":"https:\/\/www.novotek.com\/dk\/digitalisering\/vedligeholdelsessystem\/implementer-vedligholdelsessytem-7-skridt\/","url":"https:\/\/www.novotek.com\/dk\/digitalisering\/vedligeholdelsessystem\/implementer-vedligholdelsessytem-7-skridt\/","name":"Guide: Implementer et vedligeholdelsessystem med 7 enkle skridt","isPartOf":{"@id":"https:\/\/www.novotek.com\/dk\/#website"},"datePublished":"2025-09-22T13:18:08+00:00","dateModified":"2025-09-24T07:47:36+00:00","description":"At implementere et vedligeholdssystem beh\u00f8ver ikke v\u00e6re s\u00e5 kompliceret som man forestiller sig. Download vores whitepaper h\u00f8r mere.","breadcrumb":{"@id":"https:\/\/www.novotek.com\/dk\/digitalisering\/vedligeholdelsessystem\/implementer-vedligholdelsessytem-7-skridt\/#breadcrumb"},"inLanguage":"da-DK","potentialAction":[{"@type":"ReadAction","target":["https:\/\/www.novotek.com\/dk\/digitalisering\/vedligeholdelsessystem\/implementer-vedligholdelsessytem-7-skridt\/"]}]},{"@type":"BreadcrumbList","@id":"https:\/\/www.novotek.com\/dk\/digitalisering\/vedligeholdelsessystem\/implementer-vedligholdelsessytem-7-skridt\/#breadcrumb","itemListElement":[{"@type":"ListItem","position":1,"name":"Home","item":"https:\/\/www.novotek.com\/dk\/"},{"@type":"ListItem","position":2,"name":"Digitalisering","item":"https:\/\/www.novotek.com\/dk\/digitalisering\/"},{"@type":"ListItem","position":3,"name":"Vedligeholdelsessystem","item":"https:\/\/www.novotek.com\/dk\/digitalisering\/vedligeholdelsessystem\/"},{"@type":"ListItem","position":4,"name":"Guide: Implementer et vedligeholdelsessystem med 7 enkle skridt"}]},{"@type":"WebSite","@id":"https:\/\/www.novotek.com\/dk\/#website","url":"https:\/\/www.novotek.com\/dk\/","name":"Novotek Danmark","description":"Automation, digitalisering og analyse","publisher":{"@id":"https:\/\/www.novotek.com\/dk\/#organization"},"potentialAction":[{"@type":"SearchAction","target":{"@type":"EntryPoint","urlTemplate":"https:\/\/www.novotek.com\/dk\/?s={search_term_string}"},"query-input":{"@type":"PropertyValueSpecification","valueRequired":true,"valueName":"search_term_string"}}],"inLanguage":"da-DK"},{"@type":"Organization","@id":"https:\/\/www.novotek.com\/dk\/#organization","name":"Novotek Danmark","url":"https:\/\/www.novotek.com\/dk\/","logo":{"@type":"ImageObject","inLanguage":"da-DK","@id":"https:\/\/www.novotek.com\/dk\/#\/schema\/logo\/image\/","url":"https:\/\/www.novotek.com\/dk\/wp-content\/uploads\/sites\/4\/Denmark_files\/novotek-logotyp-rgb-pos.png","contentUrl":"https:\/\/www.novotek.com\/dk\/wp-content\/uploads\/sites\/4\/Denmark_files\/novotek-logotyp-rgb-pos.png","width":1794,"height":520,"caption":"Novotek Danmark"},"image":{"@id":"https:\/\/www.novotek.com\/dk\/#\/schema\/logo\/image\/"},"sameAs":["https:\/\/www.linkedin.com\/company\/novotek-denmark","https:\/\/www.youtube.com\/user\/NovotekCorp"]}]}},"_links":{"self":[{"href":"https:\/\/www.novotek.com\/dk\/wp-json\/wp\/v2\/pages\/11068","targetHints":{"allow":["GET"]}}],"collection":[{"href":"https:\/\/www.novotek.com\/dk\/wp-json\/wp\/v2\/pages"}],"about":[{"href":"https:\/\/www.novotek.com\/dk\/wp-json\/wp\/v2\/types\/page"}],"author":[{"embeddable":true,"href":"https:\/\/www.novotek.com\/dk\/wp-json\/wp\/v2\/users\/46"}],"replies":[{"embeddable":true,"href":"https:\/\/www.novotek.com\/dk\/wp-json\/wp\/v2\/comments?post=11068"}],"version-history":[{"count":28,"href":"https:\/\/www.novotek.com\/dk\/wp-json\/wp\/v2\/pages\/11068\/revisions"}],"predecessor-version":[{"id":11145,"href":"https:\/\/www.novotek.com\/dk\/wp-json\/wp\/v2\/pages\/11068\/revisions\/11145"}],"up":[{"embeddable":true,"href":"https:\/\/www.novotek.com\/dk\/wp-json\/wp\/v2\/pages\/1377"}],"wp:attachment":[{"href":"https:\/\/www.novotek.com\/dk\/wp-json\/wp\/v2\/media?parent=11068"}],"curies":[{"name":"wp","href":"https:\/\/api.w.org\/{rel}","templated":true}]}}