{"id":1114,"date":"2021-08-12T08:36:25","date_gmt":"2021-08-12T08:36:25","guid":{"rendered":"https:\/\/www.novotek.com\/dk\/?page_id=1114"},"modified":"2025-09-22T12:40:28","modified_gmt":"2025-09-22T12:40:28","slug":"dataopsamling-og-rapportering","status":"publish","type":"page","link":"https:\/\/www.novotek.com\/dk\/digitalisering\/dataopsamling-og-rapportering\/","title":{"rendered":"Dataopsamling og rapportering"},"content":{"rendered":"  <div class=\"hero\">\n    <div class=\"carousel hero-slider large\" data-flickity data-flickity-options='{\"prevNextButtons\": false}'>\n              <div class=\"carousel-cell\">\n          <div class=\"container\">\n            <div class=\"hero-content\">\n                              <h1>Dataopsamling og rapportering<\/h1>\n<p><a>F\u00e5 hurtig og nem adgang til produktionsdata med et system til dataopsamling, lagring, distribution og rapportering.<\/a><\/p>\n              \n                          <\/div>\n          <\/div>\n\n          <img decoding=\"async\" width=\"1024\" height=\"427\" src=\"https:\/\/www.novotek.com\/dk\/wp-content\/uploads\/sites\/4\/digitalisering\/Manufacturing_data_header_1920x800-1024x427.jpg.webp\" class=\"hero-bg\" alt=\"Hero Img\" fetchpriority=\"high\" srcset=\"https:\/\/www.novotek.com\/dk\/wp-content\/uploads\/sites\/4\/digitalisering\/Manufacturing_data_header_1920x800-1024x427.jpg.webp 1024w, https:\/\/www.novotek.com\/dk\/wp-content\/uploads\/sites\/4\/digitalisering\/Manufacturing_data_header_1920x800-300x125.jpg.webp 300w, https:\/\/www.novotek.com\/dk\/wp-content\/uploads\/sites\/4\/digitalisering\/Manufacturing_data_header_1920x800-768x320.jpg.webp 768w, https:\/\/www.novotek.com\/dk\/wp-content\/uploads\/sites\/4\/digitalisering\/Manufacturing_data_header_1920x800-1536x640.jpg.webp 1536w, https:\/\/www.novotek.com\/dk\/wp-content\/uploads\/sites\/4\/digitalisering\/Manufacturing_data_header_1920x800.jpg.webp 1920w\" sizes=\"(max-width: 1024px) 100vw, 1024px\" \/>                  <\/div>\n          <\/div>\n\n      <\/div>\n\n   <div class=\"floating-breadcrumb\"><div class=\"container\"><span><span><a href=\"https:\/\/www.novotek.com\/dk\/\" class=\"breadcrumb-frontpage\">Home<\/a><\/span><\/span><\/div><\/div>\n\n\n<div class=\"container-md paragraph  \">\n<p>Digitalisering starter med data og <strong>dataopsamling<\/strong>. For at kunne tr\u00e6ffe de rigtige beslutninger og optimere produktionsprocessen har du brug for indsigt i dine proces- og produktionsdata. V\u00e6rkt\u00f8jet hertil er en <strong><a href=\"https:\/\/www.novotek.com\/dk\/insight\/historian-database-vs-relationsdatabase\/\" target=\"_blank\" rel=\"noreferrer noopener\">procesdatabase<\/a><\/strong>, som samler, lagrer og distribuerer h\u00f8jopl\u00f8selige data fra produktionsprocessen. Data kan derefter hentes ind i andre v\u00e6rkt\u00f8jer til visualisering, analyse og rapportering.<\/p>\n<\/div>\n\n<div class=\"container-md paragraph  \">\n<p>En procesdatabase giver dig adgang til vigtig information i form af b\u00e5de historiske data og realtidsdata. Det l\u00e6gger grundlaget for at kunne tr\u00e6ffe de rigtige beslutninger hurtigere, \u00f8ge produktiviteten og reducere omkostningerne.<\/p>\n<\/div>\n\n<div class=\"container-md heading  \">\n<h2 class=\"wp-block-heading\" id=\"h-hvordan-bruges-dataopsamling-og-rapportering\">Hvordan bruges dataopsamling og rapportering?<\/h2>\n<\/div>\n\n<div class=\"container-md paragraph  \">\n<p>Et dataopsamlings- og rapporteringssystem er et vigtigt v\u00e6rkt\u00f8j for alle produktionsvirksomheder. Gennem systemet f\u00e5r du adgang til nyttig information om produktionen, helt automatisk. Systemet henter data fra PLC&#8217;er, HMI\/SCADA, MES og BI-l\u00f8sninger via OPC-servere.<\/p>\n<\/div>\n\n<div class=\"container-md paragraph  \">\n<p>Med denne indsigt kan nedetid reduceres, og ydeevne og kvalitet \u00f8ges. Ved at undg\u00e5 manuel registrering sparer du tid og reducerer mulige menneskelige fejl. Resultatet er optimeret og mere omkostningseffektiv drift.<\/p>\n<\/div>\n\n<div class=\"container media-text  align\">\n<div class=\"wp-block-media-text is-stacked-on-mobile\"><figure class=\"wp-block-media-text__media\"><img loading=\"lazy\" decoding=\"async\" width=\"1024\" height=\"684\" src=\"https:\/\/www.novotek.com\/dk\/wp-content\/uploads\/sites\/4\/Data_collection_duotone_1200x800-1024x684-1.jpg\" alt=\"dataopsamling\" class=\"wp-image-1116 size-full\" srcset=\"https:\/\/www.novotek.com\/dk\/wp-content\/uploads\/sites\/4\/Data_collection_duotone_1200x800-1024x684-1.jpg 1024w, https:\/\/www.novotek.com\/dk\/wp-content\/uploads\/sites\/4\/Data_collection_duotone_1200x800-1024x684-1-300x200.jpg 300w, https:\/\/www.novotek.com\/dk\/wp-content\/uploads\/sites\/4\/Data_collection_duotone_1200x800-1024x684-1-768x513.jpg 768w\" sizes=\"auto, (max-width: 1024px) 100vw, 1024px\" \/><\/figure><div class=\"wp-block-media-text__content\"><div class=\"container-md heading  \">\n<h2 class=\"wp-block-heading\" id=\"h-dataopsamling\">Dataopsamling<\/h2>\n<\/div>\n\n<div class=\"container-md paragraph  \">\n<p>En procesdatabase er designet til indsamling, lagring og distribution af store m\u00e6ngder produktionsdata. Her logges alle procesdata samt alarmer og h\u00e6ndelser fra forskellige servere som historik. Vores database er skalerbar og kan vokse med virksomheden. Redundans kan opn\u00e5s for bedre sikkerhed omkring kritiske data.<\/p>\n<\/div>\n\n<div class=\"container-md paragraph  \">\n<p>Vi tilbyder markedets mest kraftfulde procesdatabase: <a href=\"https:\/\/www.novotek.com\/dk\/digitalisering\/dataopsamling-og-rapportering\/proficy-historian\/\" target=\"_blank\" rel=\"noreferrer noopener\">Proficy Historian<\/a>, ud over <a href=\"https:\/\/www.novotek.com\/dk\/digitalisering\/dataopsamling-og-rapportering\/industrial-data-provider\/\">Industrial Data Provider<\/a>, der er specielt udviklet til Business Intelligence, Big Data og Data Mining.<\/p>\n<\/div><\/div><\/div>\n<\/div>\n\n<div class=\"container media-text  align\">\n<div class=\"wp-block-media-text has-media-on-the-right is-stacked-on-mobile\"><div class=\"wp-block-media-text__content\"><div class=\"container-md heading  \">\n<h2 class=\"wp-block-heading\" id=\"h-rapportering\">Rapportering<\/h2>\n<\/div>\n\n<div class=\"container-md paragraph  \">\n<p>Rapportering giver dig hurtig og nem adgang til rapporter baseret p\u00e5 dataopsamling. Vores l\u00f8sning er webbaseret. Du kan hente opdaterede rapporter om forskellige data for den valgte tidsperiode, n\u00e5r som helst og hvor som helst. L\u00f8sningen underst\u00f8tter ogs\u00e5 manuel registrering.<\/p>\n<\/div>\n\n<div class=\"container-md paragraph  \">\n<p>Vores rapporteringsv\u00e6rkt\u00f8j, <a href=\"https:\/\/www.novotek.com\/dk\/automation\/hmi-scada\/novotek-report-plus\/\" target=\"_blank\" rel=\"noreferrer noopener\">Novotek Report Plus<\/a>, giver dig adgang til n\u00f8jagtige rapporter i realtid.<\/p>\n<\/div><\/div><figure class=\"wp-block-media-text__media\"><img loading=\"lazy\" decoding=\"async\" width=\"1024\" height=\"683\" src=\"https:\/\/www.novotek.com\/dk\/wp-content\/uploads\/sites\/4\/Report_data_collection-1024x683-3.jpg\" alt=\"rapportering\" class=\"wp-image-1118 size-full\" srcset=\"https:\/\/www.novotek.com\/dk\/wp-content\/uploads\/sites\/4\/Report_data_collection-1024x683-3.jpg 1024w, https:\/\/www.novotek.com\/dk\/wp-content\/uploads\/sites\/4\/Report_data_collection-1024x683-3-300x200.jpg 300w, https:\/\/www.novotek.com\/dk\/wp-content\/uploads\/sites\/4\/Report_data_collection-1024x683-3-768x512.jpg 768w\" sizes=\"auto, (max-width: 1024px) 100vw, 1024px\" \/><\/figure><\/div>\n<\/div>\n\n<div class=\"container-md heading  \">\n<h2 class=\"wp-block-heading has-text-align-left\" id=\"h-noglen-til-optimal-produktion\">N\u00f8glen til optimal produktion<\/h2>\n<\/div>\n\n<div class=\"container-md paragraph  alignleft\">\n<p class=\"has-text-align-left\">Novotek er leverand\u00f8r af forskellige l\u00f8sninger til dataopsamling og rapportering. Vi hj\u00e6lper dig med at finde den l\u00f8sning, der passer til din virksomhed.<\/p>\n<\/div>\n\n<div class=\"container-md paragraph  alignleft\">\n<p class=\"has-text-align-left\">Vores dataopsamlings- og rapporteringssystemer er bygget med komponenter fra verdensf\u00f8rende akt\u00f8rer som GE Vernova. L\u00f8sningerne er skalerbare og velegnede til b\u00e5de sm\u00e5 og store virksomheder i alle brancher.<\/p>\n<\/div>\n\n<div class=\"container-md paragraph  alignleft\">\n<p class=\"has-text-align-left\">Se alle vores dataopsamlings- og rapporteringsl\u00f8sninger herunder.<\/p>\n<\/div>\n\n  <div class=\"slider-column-parent\">\n    <div class=\"container\">\n      <div class=\"slider-column-title\">Vores dataopsamlings- og rapporteringsl\u00f8sninger<\/div>\n\n      <div class=\"row\">\n        <div class=\"col-12 col-md-4\"><div class=\"column-box\">\n  \n      <div class=\"title\">\n      Proficy Historian     <\/div>\n  \n      <div class=\"text\">\n      <p>Markedets mest kraftfulde procesdatabase.<\/p>\n    <\/div>\n  \n      <a class=\"link\"  href=\"https:\/\/www.novotek.com\/dk\/digitalisering\/dataopsamling-og-rapportering\/proficy-historian\/\" target=\"\">\n      Mere om Proficy Historian     <\/a>\n  \n  <\/div>\n\n<\/div><div class=\"col-12 col-md-4\"><div class=\"column-box\">\n  \n      <div class=\"title\">\n      Industrial Data Provider    <\/div>\n  \n      <div class=\"text\">\n      <p>G\u00f8r data tilg\u00e6ngelige for Business Intelligence, Big Data og Data Mining.<\/p>\n    <\/div>\n  \n      <a class=\"link\"  href=\"https:\/\/www.novotek.com\/dk\/digitalisering\/dataopsamling-og-rapportering\/industrial-data-provider\/\" target=\"\">\n      Mere om Industrial Data Provider    <\/a>\n  \n  <\/div>\n\n<\/div><div class=\"col-12 col-md-4\"><div class=\"column-box\">\n  \n      <div class=\"title\">\n      Proficy Operations Hub    <\/div>\n  \n      <div class=\"text\">\n      <p>F\u00e5 bedre visualisering af data med Proficy Operations Hub.<\/p>\n    <\/div>\n  \n      <a class=\"link\"  href=\"https:\/\/www.novotek.com\/dk\/automation\/hmi-scada\/proficy-operations-hub\/\" target=\"\">\n      Mere om Proficy Operations Hub    <\/a>\n  \n  <\/div>\n\n<\/div><div class=\"col-12 col-md-4\"><div class=\"column-box\">\n  \n      <div class=\"title\">\n      Novotek Report Plus     <\/div>\n  \n      <div class=\"text\">\n      <p>F\u00e5 pr\u00e6cise rapporter i realtid.<\/p>\n    <\/div>\n  \n      <a class=\"link\"  href=\"https:\/\/www.novotek.com\/dk\/automation\/hmi-scada\/novotek-report-plus\/\" target=\"\">\n      M&gt;ere om Novotek Report Plus     <\/a>\n  \n  <\/div>\n\n<\/div>      <\/div>\n    <\/div>\n  <\/div>\n","protected":false},"excerpt":{"rendered":"<p>Amet minim mollit non deserunt ullamco est sit aliqua dolor do amet sint elit officia consequat duis<\/p>\n","protected":false},"author":6,"featured_media":0,"parent":1109,"menu_order":1,"comment_status":"closed","ping_status":"closed","template":"","meta":{"_acf_changed":false,"_relevanssi_hide_post":"","_relevanssi_pin_for_all":"","_relevanssi_pin_keywords":"","_relevanssi_unpin_keywords":"","_relevanssi_related_keywords":"","_relevanssi_related_include_ids":"","_relevanssi_related_exclude_ids":"","_relevanssi_related_no_append":"","_relevanssi_related_not_related":"","_relevanssi_related_posts":"1","_relevanssi_noindex_reason":"","footnotes":""},"class_list":["post-1114","page","type-page","status-publish","hentry"],"acf":[],"yoast_head":"<!-- This site is optimized with the Yoast SEO plugin v27.3 - https:\/\/yoast.com\/product\/yoast-seo-wordpress\/ -->\n<title>Dataopsamling og rapportering - Procesdatabase | Novotek<\/title>\n<meta name=\"description\" content=\"En procesdatabase er et system til dataopsamling og rapportering, som giver hurtig og nem adgang til produktionsdata, helt automatisk.\" \/>\n<meta name=\"robots\" content=\"index, follow, max-snippet:-1, max-image-preview:large, max-video-preview:-1\" \/>\n<link rel=\"canonical\" href=\"https:\/\/www.novotek.com\/dk\/digitalisering\/dataopsamling-og-rapportering\/\" \/>\n<meta property=\"og:locale\" content=\"da_DK\" \/>\n<meta property=\"og:type\" content=\"article\" \/>\n<meta property=\"og:title\" content=\"Dataopsamling og rapportering - Procesdatabase | Novotek\" \/>\n<meta property=\"og:description\" content=\"En procesdatabase er et system til dataopsamling og rapportering, som giver hurtig og nem adgang til produktionsdata, helt automatisk.\" \/>\n<meta property=\"og:url\" content=\"https:\/\/www.novotek.com\/dk\/digitalisering\/dataopsamling-og-rapportering\/\" \/>\n<meta property=\"og:site_name\" content=\"Novotek Danmark\" \/>\n<meta property=\"article:modified_time\" content=\"2025-09-22T12:40:28+00:00\" \/>\n<meta property=\"og:image\" content=\"https:\/\/www.novotek.com\/dk\/wp-content\/uploads\/sites\/4\/Data_collection_duotone_1200x800-1024x684-1.jpg\" \/>\n<meta name=\"twitter:card\" content=\"summary_large_image\" \/>\n<meta name=\"twitter:label1\" content=\"Estimeret l\u00e6setid\" \/>\n\t<meta name=\"twitter:data1\" content=\"3 minutter\" \/>\n<script type=\"application\/ld+json\" class=\"yoast-schema-graph\">{\"@context\":\"https:\\\/\\\/schema.org\",\"@graph\":[{\"@type\":\"WebPage\",\"@id\":\"https:\\\/\\\/www.novotek.com\\\/dk\\\/digitalisering\\\/dataopsamling-og-rapportering\\\/\",\"url\":\"https:\\\/\\\/www.novotek.com\\\/dk\\\/digitalisering\\\/dataopsamling-og-rapportering\\\/\",\"name\":\"Dataopsamling og rapportering - Procesdatabase | Novotek\",\"isPartOf\":{\"@id\":\"https:\\\/\\\/www.novotek.com\\\/dk\\\/#website\"},\"primaryImageOfPage\":{\"@id\":\"https:\\\/\\\/www.novotek.com\\\/dk\\\/digitalisering\\\/dataopsamling-og-rapportering\\\/#primaryimage\"},\"image\":{\"@id\":\"https:\\\/\\\/www.novotek.com\\\/dk\\\/digitalisering\\\/dataopsamling-og-rapportering\\\/#primaryimage\"},\"thumbnailUrl\":\"https:\\\/\\\/www.novotek.com\\\/dk\\\/wp-content\\\/uploads\\\/sites\\\/4\\\/Data_collection_duotone_1200x800-1024x684-1.jpg\",\"datePublished\":\"2021-08-12T08:36:25+00:00\",\"dateModified\":\"2025-09-22T12:40:28+00:00\",\"description\":\"En procesdatabase er et system til dataopsamling og rapportering, som giver hurtig og nem adgang til produktionsdata, helt automatisk.\",\"breadcrumb\":{\"@id\":\"https:\\\/\\\/www.novotek.com\\\/dk\\\/digitalisering\\\/dataopsamling-og-rapportering\\\/#breadcrumb\"},\"inLanguage\":\"da-DK\",\"potentialAction\":[{\"@type\":\"ReadAction\",\"target\":[\"https:\\\/\\\/www.novotek.com\\\/dk\\\/digitalisering\\\/dataopsamling-og-rapportering\\\/\"]}]},{\"@type\":\"ImageObject\",\"inLanguage\":\"da-DK\",\"@id\":\"https:\\\/\\\/www.novotek.com\\\/dk\\\/digitalisering\\\/dataopsamling-og-rapportering\\\/#primaryimage\",\"url\":\"https:\\\/\\\/www.novotek.com\\\/dk\\\/wp-content\\\/uploads\\\/sites\\\/4\\\/Data_collection_duotone_1200x800-1024x684-1.jpg\",\"contentUrl\":\"https:\\\/\\\/www.novotek.com\\\/dk\\\/wp-content\\\/uploads\\\/sites\\\/4\\\/Data_collection_duotone_1200x800-1024x684-1.jpg\",\"width\":1024,\"height\":684,\"caption\":\"Dataopsamling\"},{\"@type\":\"BreadcrumbList\",\"@id\":\"https:\\\/\\\/www.novotek.com\\\/dk\\\/digitalisering\\\/dataopsamling-og-rapportering\\\/#breadcrumb\",\"itemListElement\":[{\"@type\":\"ListItem\",\"position\":1,\"name\":\"Home\",\"item\":\"https:\\\/\\\/www.novotek.com\\\/dk\\\/\"},{\"@type\":\"ListItem\",\"position\":2,\"name\":\"Digitalisering\",\"item\":\"https:\\\/\\\/www.novotek.com\\\/dk\\\/digitalisering\\\/\"},{\"@type\":\"ListItem\",\"position\":3,\"name\":\"Dataopsamling og rapportering\"}]},{\"@type\":\"WebSite\",\"@id\":\"https:\\\/\\\/www.novotek.com\\\/dk\\\/#website\",\"url\":\"https:\\\/\\\/www.novotek.com\\\/dk\\\/\",\"name\":\"Novotek Danmark\",\"description\":\"Automation, digitalisering og analyse\",\"publisher\":{\"@id\":\"https:\\\/\\\/www.novotek.com\\\/dk\\\/#organization\"},\"potentialAction\":[{\"@type\":\"SearchAction\",\"target\":{\"@type\":\"EntryPoint\",\"urlTemplate\":\"https:\\\/\\\/www.novotek.com\\\/dk\\\/?s={search_term_string}\"},\"query-input\":{\"@type\":\"PropertyValueSpecification\",\"valueRequired\":true,\"valueName\":\"search_term_string\"}}],\"inLanguage\":\"da-DK\"},{\"@type\":\"Organization\",\"@id\":\"https:\\\/\\\/www.novotek.com\\\/dk\\\/#organization\",\"name\":\"Novotek Danmark\",\"url\":\"https:\\\/\\\/www.novotek.com\\\/dk\\\/\",\"logo\":{\"@type\":\"ImageObject\",\"inLanguage\":\"da-DK\",\"@id\":\"https:\\\/\\\/www.novotek.com\\\/dk\\\/#\\\/schema\\\/logo\\\/image\\\/\",\"url\":\"https:\\\/\\\/www.novotek.com\\\/dk\\\/wp-content\\\/uploads\\\/sites\\\/4\\\/Denmark_files\\\/novotek-logotyp-rgb-pos.png\",\"contentUrl\":\"https:\\\/\\\/www.novotek.com\\\/dk\\\/wp-content\\\/uploads\\\/sites\\\/4\\\/Denmark_files\\\/novotek-logotyp-rgb-pos.png\",\"width\":1794,\"height\":520,\"caption\":\"Novotek Danmark\"},\"image\":{\"@id\":\"https:\\\/\\\/www.novotek.com\\\/dk\\\/#\\\/schema\\\/logo\\\/image\\\/\"},\"sameAs\":[\"https:\\\/\\\/www.linkedin.com\\\/company\\\/novotek-denmark\",\"https:\\\/\\\/www.youtube.com\\\/user\\\/NovotekCorp\"]}]}<\/script>\n<!-- \/ Yoast SEO plugin. -->","yoast_head_json":{"title":"Dataopsamling og rapportering - Procesdatabase | Novotek","description":"En procesdatabase er et system til dataopsamling og rapportering, som giver hurtig og nem adgang til produktionsdata, helt automatisk.","robots":{"index":"index","follow":"follow","max-snippet":"max-snippet:-1","max-image-preview":"max-image-preview:large","max-video-preview":"max-video-preview:-1"},"canonical":"https:\/\/www.novotek.com\/dk\/digitalisering\/dataopsamling-og-rapportering\/","og_locale":"da_DK","og_type":"article","og_title":"Dataopsamling og rapportering - Procesdatabase | Novotek","og_description":"En procesdatabase er et system til dataopsamling og rapportering, som giver hurtig og nem adgang til produktionsdata, helt automatisk.","og_url":"https:\/\/www.novotek.com\/dk\/digitalisering\/dataopsamling-og-rapportering\/","og_site_name":"Novotek Danmark","article_modified_time":"2025-09-22T12:40:28+00:00","og_image":[{"url":"https:\/\/www.novotek.com\/dk\/wp-content\/uploads\/sites\/4\/Data_collection_duotone_1200x800-1024x684-1.jpg","type":"","width":"","height":""}],"twitter_card":"summary_large_image","twitter_misc":{"Estimeret l\u00e6setid":"3 minutter"},"schema":{"@context":"https:\/\/schema.org","@graph":[{"@type":"WebPage","@id":"https:\/\/www.novotek.com\/dk\/digitalisering\/dataopsamling-og-rapportering\/","url":"https:\/\/www.novotek.com\/dk\/digitalisering\/dataopsamling-og-rapportering\/","name":"Dataopsamling og rapportering - Procesdatabase | Novotek","isPartOf":{"@id":"https:\/\/www.novotek.com\/dk\/#website"},"primaryImageOfPage":{"@id":"https:\/\/www.novotek.com\/dk\/digitalisering\/dataopsamling-og-rapportering\/#primaryimage"},"image":{"@id":"https:\/\/www.novotek.com\/dk\/digitalisering\/dataopsamling-og-rapportering\/#primaryimage"},"thumbnailUrl":"https:\/\/www.novotek.com\/dk\/wp-content\/uploads\/sites\/4\/Data_collection_duotone_1200x800-1024x684-1.jpg","datePublished":"2021-08-12T08:36:25+00:00","dateModified":"2025-09-22T12:40:28+00:00","description":"En procesdatabase er et system til dataopsamling og rapportering, som giver hurtig og nem adgang til produktionsdata, helt automatisk.","breadcrumb":{"@id":"https:\/\/www.novotek.com\/dk\/digitalisering\/dataopsamling-og-rapportering\/#breadcrumb"},"inLanguage":"da-DK","potentialAction":[{"@type":"ReadAction","target":["https:\/\/www.novotek.com\/dk\/digitalisering\/dataopsamling-og-rapportering\/"]}]},{"@type":"ImageObject","inLanguage":"da-DK","@id":"https:\/\/www.novotek.com\/dk\/digitalisering\/dataopsamling-og-rapportering\/#primaryimage","url":"https:\/\/www.novotek.com\/dk\/wp-content\/uploads\/sites\/4\/Data_collection_duotone_1200x800-1024x684-1.jpg","contentUrl":"https:\/\/www.novotek.com\/dk\/wp-content\/uploads\/sites\/4\/Data_collection_duotone_1200x800-1024x684-1.jpg","width":1024,"height":684,"caption":"Dataopsamling"},{"@type":"BreadcrumbList","@id":"https:\/\/www.novotek.com\/dk\/digitalisering\/dataopsamling-og-rapportering\/#breadcrumb","itemListElement":[{"@type":"ListItem","position":1,"name":"Home","item":"https:\/\/www.novotek.com\/dk\/"},{"@type":"ListItem","position":2,"name":"Digitalisering","item":"https:\/\/www.novotek.com\/dk\/digitalisering\/"},{"@type":"ListItem","position":3,"name":"Dataopsamling og rapportering"}]},{"@type":"WebSite","@id":"https:\/\/www.novotek.com\/dk\/#website","url":"https:\/\/www.novotek.com\/dk\/","name":"Novotek Danmark","description":"Automation, digitalisering og analyse","publisher":{"@id":"https:\/\/www.novotek.com\/dk\/#organization"},"potentialAction":[{"@type":"SearchAction","target":{"@type":"EntryPoint","urlTemplate":"https:\/\/www.novotek.com\/dk\/?s={search_term_string}"},"query-input":{"@type":"PropertyValueSpecification","valueRequired":true,"valueName":"search_term_string"}}],"inLanguage":"da-DK"},{"@type":"Organization","@id":"https:\/\/www.novotek.com\/dk\/#organization","name":"Novotek Danmark","url":"https:\/\/www.novotek.com\/dk\/","logo":{"@type":"ImageObject","inLanguage":"da-DK","@id":"https:\/\/www.novotek.com\/dk\/#\/schema\/logo\/image\/","url":"https:\/\/www.novotek.com\/dk\/wp-content\/uploads\/sites\/4\/Denmark_files\/novotek-logotyp-rgb-pos.png","contentUrl":"https:\/\/www.novotek.com\/dk\/wp-content\/uploads\/sites\/4\/Denmark_files\/novotek-logotyp-rgb-pos.png","width":1794,"height":520,"caption":"Novotek Danmark"},"image":{"@id":"https:\/\/www.novotek.com\/dk\/#\/schema\/logo\/image\/"},"sameAs":["https:\/\/www.linkedin.com\/company\/novotek-denmark","https:\/\/www.youtube.com\/user\/NovotekCorp"]}]}},"_links":{"self":[{"href":"https:\/\/www.novotek.com\/dk\/wp-json\/wp\/v2\/pages\/1114","targetHints":{"allow":["GET"]}}],"collection":[{"href":"https:\/\/www.novotek.com\/dk\/wp-json\/wp\/v2\/pages"}],"about":[{"href":"https:\/\/www.novotek.com\/dk\/wp-json\/wp\/v2\/types\/page"}],"author":[{"embeddable":true,"href":"https:\/\/www.novotek.com\/dk\/wp-json\/wp\/v2\/users\/6"}],"replies":[{"embeddable":true,"href":"https:\/\/www.novotek.com\/dk\/wp-json\/wp\/v2\/comments?post=1114"}],"version-history":[{"count":29,"href":"https:\/\/www.novotek.com\/dk\/wp-json\/wp\/v2\/pages\/1114\/revisions"}],"predecessor-version":[{"id":11087,"href":"https:\/\/www.novotek.com\/dk\/wp-json\/wp\/v2\/pages\/1114\/revisions\/11087"}],"up":[{"embeddable":true,"href":"https:\/\/www.novotek.com\/dk\/wp-json\/wp\/v2\/pages\/1109"}],"wp:attachment":[{"href":"https:\/\/www.novotek.com\/dk\/wp-json\/wp\/v2\/media?parent=1114"}],"curies":[{"name":"wp","href":"https:\/\/api.w.org\/{rel}","templated":true}]}}